{"id":69060,"date":"2025-01-03T14:04:41","date_gmt":"2025-01-03T13:04:41","guid":{"rendered":"https:\/\/maisonroca.ad\/?post_type=product&#038;p=69060"},"modified":"2025-01-14T18:04:24","modified_gmt":"2025-01-14T17:04:24","slug":"chanel-premiere-iconique-26-10mm-steel-and-leather-watch","status":"publish","type":"product","link":"https:\/\/maisonroca.ad\/en\/shop\/chanel-premiere-iconique-26-10mm-steel-and-leather-watch\/","title":{"rendered":"CHANEL PREMI\u00c8RE CHA\u00ceNE ICONIQUE 26.10MM STEEL AND LEATHER WATCH"},"content":{"rendered":"<div class=\"flex-shrink-0 flex flex-col relative items-end\">\n<div>\n<div class=\"pt-0\">\n<div class=\"gizmo-bot-avatar flex h-8 w-8 items-center justify-center overflow-hidden rounded-full\">\n<div class=\"relative p-1 rounded-sm flex items-center justify-center bg-token-main-surface-primary text-token-text-primary h-8 w-8\">Chanel Premi\u00e8re Cha\u00eene Iconique Watch with a 26.1 mm diameter, quartz movement, steel case, and water resistance up to 30 meters. The dial is black, and the steel and leather bracelet features a deployant clasp.<\/div>\n<\/div>\n<\/div>\n<\/div>\n<\/div>\n<div class=\"group\/conversation-turn relative flex w-full min-w-0 flex-col agent-turn\">\n<div class=\"flex-col gap-1 md:gap-3\">\n<div class=\"flex max-w-full flex-col flex-grow\">\n<div class=\"min-h-8 text-message flex w-full flex-col items-end gap-2 whitespace-normal break-words text-start [.text-message+&amp;]:mt-5\" dir=\"auto\" data-message-author-role=\"assistant\" data-message-id=\"ae3bae29-9e72-4892-bb12-b9762e6940e5\" data-message-model-slug=\"gpt-4o-mini\">\n<div class=\"flex w-full flex-col gap-1 empty:hidden first:pt-[3px]\">\n<div class=\"markdown prose w-full break-words dark:prose-invert light\">\n<p>Chanel watches undergo rigorous testing at the CHANEL Manufacture laboratory in Switzerland to meet the highest standards of watchmaking excellence. Regular maintenance is essential for the watch&#8217;s performance and aesthetics.<\/p>\n<p>Details:<\/p>\n<ul>\n<li>Steel case<\/li>\n<li>Steel link bracelet with a woven black leather strip<\/li>\n<li>High-precision quartz movement<\/li>\n<li>26.1 mm diameter<\/li>\n<li>Lacquered black dial<\/li>\n<li>Water resistance up to 30 meters<\/li>\n<li>Steel crown set with an onyx cabochon<\/li>\n<li>Functions: hours and minutes<\/li>\n<\/ul>\n<\/div>\n<\/div>\n<\/div>\n<\/div>\n<\/div>\n<\/div>\n","protected":false},"excerpt":{"rendered":"<div class=\"flex-1 overflow-hidden @container\/thread\">\n<div class=\"h-full\">\n<div class=\"react-scroll-to-bottom--css-vshvr-79elbk h-full\">\n<div class=\"react-scroll-to-bottom--css-vshvr-1n7m0yu\">\n<div class=\"flex flex-col text-sm md:pb-9\">\n<article class=\"w-full scroll-mb-[var(--thread-trailing-height,150px)] text-token-text-primary focus-visible:outline-2 focus-visible:outline-offset-[-4px]\" dir=\"auto\" data-testid=\"conversation-turn-55\" data-scroll-anchor=\"true\">\n<div class=\"m-auto text-base py-[18px] px-3 md:px-4 w-full md:px-5 lg:px-4 xl:px-5\">\n<div class=\"mx-auto flex flex-1 gap-4 text-base md:gap-5 lg:gap-6 md:max-w-3xl\">\n<div class=\"group\/conversation-turn relative flex w-full min-w-0 flex-col agent-turn\">\n<div class=\"flex-col gap-1 md:gap-3\">\n<div class=\"flex max-w-full flex-col flex-grow\">\n<div class=\"min-h-8 text-message flex w-full flex-col items-end gap-2 whitespace-normal break-words text-start [.text-message+&amp;]:mt-5\" dir=\"auto\" data-message-author-role=\"assistant\" data-message-id=\"e21d53ab-a6f1-47cb-ac8a-b24a77b707a2\" data-message-model-slug=\"gpt-4o-mini\">\n<div class=\"flex w-full flex-col gap-1 empty:hidden first:pt-[3px]\">\n<div class=\"markdown prose w-full break-words dark:prose-invert light\">\n<p>Chanel Premi\u00e8re Cha\u00eene Iconique Watch with a 26.1 mm diameter, quartz movement, steel case, and water resistance up to 30 meters. Black dial and bracelet combining steel and leather with a deployant clasp.<\/p>\n<\/div>\n<\/div>\n<\/div>\n<\/div>\n<div class=\"mb-2 flex gap-3 empty:hidden -ml-2\">\n<div class=\"items-center justify-start rounded-xl p-1 flex\">\n<div class=\"flex items-center\"><\/div>\n<\/div>\n<\/div>\n<div class=\"pr-2 lg:pr-0\"><\/div>\n<div class=\"mt-3 w-full empty:hidden\">\n<div class=\"text-center\"><\/div>\n<\/div>\n<\/div>\n<div class=\"absolute\">\n<div class=\"flex items-center justify-center\"><\/div>\n<\/div>\n<\/div>\n<\/div>\n<\/div>\n<\/article>\n<\/div>\n<\/div>\n<\/div>\n<\/div>\n<\/div>\n<div class=\"md:pt-0 dark:border-white\/20 md:border-transparent md:dark:border-transparent w-full\">\n<div>\n<div class=\"m-auto text-base px-3 md:px-4 w-full md:px-5 lg:px-4 xl:px-5\">\n<div class=\"mx-auto flex flex-1 gap-4 text-base md:gap-5 lg:gap-6 md:max-w-3xl\">\n<div class=\"flex justify-center\"><\/div>\n<\/div>\n<\/div>\n<\/div>\n<\/div>\n","protected":false},"featured_media":69051,"comment_status":"open","ping_status":"closed","template":"","meta":{"_acf_changed":false,"_monsterinsights_skip_tracking":false,"_monsterinsights_sitenote_active":false,"_monsterinsights_sitenote_note":"","_monsterinsights_sitenote_category":0},"product_brand":[],"product_cat":[2612,1191],"product_tag":[2610,2648,2559,2639,2514,2511,2638],"class_list":{"0":"post-69060","1":"product","2":"type-product","3":"status-publish","4":"has-post-thumbnail","6":"product_cat-chanel-en","7":"product_cat-watches","8":"product_tag-26-10mm-en","9":"product_tag-acer-en","10":"product_tag-chanel-en","11":"product_tag-dona-en","12":"product_tag-less-than-100-meters-en","13":"product_tag-quartz-en","14":"product_tag-rellotges-en","16":"first","17":"instock","18":"shipping-taxable","19":"purchasable","20":"product-type-simple"},"acf":[],"yoast_head":"<!-- This site is optimized with the Yoast SEO Premium plugin v26.8 (Yoast SEO v27.4) - https:\/\/yoast.com\/product\/yoast-seo-premium-wordpress\/ -->\n<title>CHANEL PREMI\u00c8RE CHA\u00ceNE ICONIQUE WATCH<\/title>\n<meta name=\"description\" content=\"Discover the Chanel Premi\u00e8re Cha\u00eene Iconique Watch, an exclusive 26.1 mm model with a steel and leather case, black dial, and quartz movement.\" \/>\n<meta name=\"robots\" content=\"index, follow, max-snippet:-1, max-image-preview:large, max-video-preview:-1\" \/>\n<link rel=\"canonical\" href=\"https:\/\/maisonroca.ad\/en\/shop\/chanel-premiere-iconique-26-10mm-steel-and-leather-watch\/\" \/>\n<meta property=\"og:locale\" content=\"en_US\" \/>\n<meta property=\"og:type\" content=\"article\" \/>\n<meta property=\"og:title\" content=\"CHANEL PREMI\u00c8RE CHA\u00ceNE ICONIQUE 26.10MM STEEL AND LEATHER WATCH\" \/>\n<meta property=\"og:description\" content=\"Discover the Chanel Premi\u00e8re Cha\u00eene Iconique Watch, an exclusive 26.1 mm model with a steel and leather case, black dial, and quartz movement.\" \/>\n<meta property=\"og:url\" content=\"https:\/\/maisonroca.ad\/en\/shop\/chanel-premiere-iconique-26-10mm-steel-and-leather-watch\/\" \/>\n<meta property=\"og:site_name\" content=\"Maison Roca\" \/>\n<meta property=\"article:publisher\" content=\"https:\/\/www.facebook.com\/maisonroca\" \/>\n<meta property=\"article:modified_time\" content=\"2025-01-14T17:04:24+00:00\" \/>\n<meta property=\"og:image\" content=\"https:\/\/maisonroca.ad\/wp-content\/uploads\/2025\/01\/h7022.jpg\" \/>\n\t<meta property=\"og:image:width\" content=\"800\" \/>\n\t<meta property=\"og:image:height\" content=\"800\" \/>\n\t<meta property=\"og:image:type\" content=\"image\/jpeg\" \/>\n<meta name=\"twitter:card\" content=\"summary_large_image\" \/>\n<meta name=\"twitter:label1\" content=\"Price\" \/>\n\t<meta name=\"twitter:data1\" content=\"4.725,00&nbsp;&euro;\" \/>\n\t<meta name=\"twitter:label2\" content=\"Availability\" \/>\n\t<meta name=\"twitter:data2\" content=\"In stock\" \/>\n<script type=\"application\/ld+json\" class=\"yoast-schema-graph\">{\"@context\":\"https:\\\/\\\/schema.org\",\"@graph\":[{\"@type\":\"WebPage\",\"@id\":\"https:\\\/\\\/maisonroca.ad\\\/en\\\/shop\\\/chanel-premiere-iconique-26-10mm-steel-and-leather-watch\\\/\",\"url\":\"https:\\\/\\\/maisonroca.ad\\\/en\\\/shop\\\/chanel-premiere-iconique-26-10mm-steel-and-leather-watch\\\/\",\"name\":\"CHANEL PREMI\u00c8RE CHA\u00ceNE ICONIQUE WATCH\",\"isPartOf\":{\"@id\":\"https:\\\/\\\/maisonroca.ad\\\/en\\\/#website\"},\"primaryImageOfPage\":{\"@id\":\"https:\\\/\\\/maisonroca.ad\\\/en\\\/shop\\\/chanel-premiere-iconique-26-10mm-steel-and-leather-watch\\\/#primaryimage\"},\"image\":{\"@id\":\"https:\\\/\\\/maisonroca.ad\\\/en\\\/shop\\\/chanel-premiere-iconique-26-10mm-steel-and-leather-watch\\\/#primaryimage\"},\"thumbnailUrl\":\"https:\\\/\\\/maisonroca.ad\\\/wp-content\\\/uploads\\\/2025\\\/01\\\/h7022.jpg\",\"datePublished\":\"2025-01-03T13:04:41+00:00\",\"dateModified\":\"2025-01-14T17:04:24+00:00\",\"description\":\"Discover the Chanel Premi\u00e8re Cha\u00eene Iconique Watch, an exclusive 26.1 mm model with a steel and leather case, black dial, and quartz movement.\",\"breadcrumb\":{\"@id\":\"https:\\\/\\\/maisonroca.ad\\\/en\\\/shop\\\/chanel-premiere-iconique-26-10mm-steel-and-leather-watch\\\/#breadcrumb\"},\"inLanguage\":\"en-US\",\"potentialAction\":[{\"@type\":\"ReadAction\",\"target\":[\"https:\\\/\\\/maisonroca.ad\\\/en\\\/shop\\\/chanel-premiere-iconique-26-10mm-steel-and-leather-watch\\\/\"]}]},{\"@type\":\"ImageObject\",\"inLanguage\":\"en-US\",\"@id\":\"https:\\\/\\\/maisonroca.ad\\\/en\\\/shop\\\/chanel-premiere-iconique-26-10mm-steel-and-leather-watch\\\/#primaryimage\",\"url\":\"https:\\\/\\\/maisonroca.ad\\\/wp-content\\\/uploads\\\/2025\\\/01\\\/h7022.jpg\",\"contentUrl\":\"https:\\\/\\\/maisonroca.ad\\\/wp-content\\\/uploads\\\/2025\\\/01\\\/h7022.jpg\",\"width\":800,\"height\":800,\"caption\":\"maison-roca-andorra-chanel-rellotges-premiere-iconique-quars-26,10-mm-acer-negra-acer-cuir\"},{\"@type\":\"BreadcrumbList\",\"@id\":\"https:\\\/\\\/maisonroca.ad\\\/en\\\/shop\\\/chanel-premiere-iconique-26-10mm-steel-and-leather-watch\\\/#breadcrumb\",\"itemListElement\":[{\"@type\":\"ListItem\",\"position\":1,\"name\":\"Portada\",\"item\":\"https:\\\/\\\/maisonroca.ad\\\/en\\\/\"},{\"@type\":\"ListItem\",\"position\":2,\"name\":\"Shop\",\"item\":\"https:\\\/\\\/maisonroca.ad\\\/en\\\/botiga\\\/\"},{\"@type\":\"ListItem\",\"position\":3,\"name\":\"CHANEL PREMI\u00c8RE CHA\u00ceNE ICONIQUE 26.10MM STEEL AND LEATHER WATCH\"}]},{\"@type\":\"WebSite\",\"@id\":\"https:\\\/\\\/maisonroca.ad\\\/en\\\/#website\",\"url\":\"https:\\\/\\\/maisonroca.ad\\\/en\\\/\",\"name\":\"Maison Roca\",\"description\":\"Bold Luxury Life - joieria d&#039;autor - Andorra\",\"publisher\":{\"@id\":\"https:\\\/\\\/maisonroca.ad\\\/en\\\/#organization\"},\"potentialAction\":[{\"@type\":\"SearchAction\",\"target\":{\"@type\":\"EntryPoint\",\"urlTemplate\":\"https:\\\/\\\/maisonroca.ad\\\/en\\\/?s={search_term_string}\"},\"query-input\":{\"@type\":\"PropertyValueSpecification\",\"valueRequired\":true,\"valueName\":\"search_term_string\"}}],\"inLanguage\":\"en-US\"},{\"@type\":\"Organization\",\"@id\":\"https:\\\/\\\/maisonroca.ad\\\/en\\\/#organization\",\"name\":\"Maison Roca\",\"url\":\"https:\\\/\\\/maisonroca.ad\\\/en\\\/\",\"logo\":{\"@type\":\"ImageObject\",\"inLanguage\":\"en-US\",\"@id\":\"https:\\\/\\\/maisonroca.ad\\\/en\\\/#\\\/schema\\\/logo\\\/image\\\/\",\"url\":\"https:\\\/\\\/maisonroca.ad\\\/wp-content\\\/uploads\\\/2023\\\/10\\\/icono.png\",\"contentUrl\":\"https:\\\/\\\/maisonroca.ad\\\/wp-content\\\/uploads\\\/2023\\\/10\\\/icono.png\",\"width\":512,\"height\":512,\"caption\":\"Maison Roca\"},\"image\":{\"@id\":\"https:\\\/\\\/maisonroca.ad\\\/en\\\/#\\\/schema\\\/logo\\\/image\\\/\"},\"sameAs\":[\"https:\\\/\\\/www.facebook.com\\\/maisonroca\",\"https:\\\/\\\/www.instagram.com\\\/maisonroca\\\/\"]}]}<\/script>\n<meta property=\"product:price:amount\" content=\"4725.00\" \/>\n<meta property=\"product:price:currency\" content=\"EUR\" \/>\n<meta property=\"og:availability\" content=\"instock\" \/>\n<meta property=\"product:availability\" content=\"instock\" \/>\n<meta property=\"product:retailer_item_id\" content=\"H7022\" \/>\n<meta property=\"product:condition\" content=\"new\" \/>\n<!-- \/ Yoast SEO Premium plugin. -->","yoast_head_json":{"title":"CHANEL PREMI\u00c8RE CHA\u00ceNE ICONIQUE WATCH","description":"Discover the Chanel Premi\u00e8re Cha\u00eene Iconique Watch, an exclusive 26.1 mm model with a steel and leather case, black dial, and quartz movement.","robots":{"index":"index","follow":"follow","max-snippet":"max-snippet:-1","max-image-preview":"max-image-preview:large","max-video-preview":"max-video-preview:-1"},"canonical":"https:\/\/maisonroca.ad\/en\/shop\/chanel-premiere-iconique-26-10mm-steel-and-leather-watch\/","og_locale":"en_US","og_type":"article","og_title":"CHANEL PREMI\u00c8RE CHA\u00ceNE ICONIQUE 26.10MM STEEL AND LEATHER WATCH","og_description":"Discover the Chanel Premi\u00e8re Cha\u00eene Iconique Watch, an exclusive 26.1 mm model with a steel and leather case, black dial, and quartz movement.","og_url":"https:\/\/maisonroca.ad\/en\/shop\/chanel-premiere-iconique-26-10mm-steel-and-leather-watch\/","og_site_name":"Maison Roca","article_publisher":"https:\/\/www.facebook.com\/maisonroca","article_modified_time":"2025-01-14T17:04:24+00:00","og_image":[{"width":800,"height":800,"url":"https:\/\/maisonroca.ad\/wp-content\/uploads\/2025\/01\/h7022.jpg","type":"image\/jpeg"}],"twitter_card":"summary_large_image","twitter_misc":{"Price":"4.725,00&nbsp;&euro;","Availability":"In stock"},"schema":{"@context":"https:\/\/schema.org","@graph":[{"@type":"WebPage","@id":"https:\/\/maisonroca.ad\/en\/shop\/chanel-premiere-iconique-26-10mm-steel-and-leather-watch\/","url":"https:\/\/maisonroca.ad\/en\/shop\/chanel-premiere-iconique-26-10mm-steel-and-leather-watch\/","name":"CHANEL PREMI\u00c8RE CHA\u00ceNE ICONIQUE WATCH","isPartOf":{"@id":"https:\/\/maisonroca.ad\/en\/#website"},"primaryImageOfPage":{"@id":"https:\/\/maisonroca.ad\/en\/shop\/chanel-premiere-iconique-26-10mm-steel-and-leather-watch\/#primaryimage"},"image":{"@id":"https:\/\/maisonroca.ad\/en\/shop\/chanel-premiere-iconique-26-10mm-steel-and-leather-watch\/#primaryimage"},"thumbnailUrl":"https:\/\/maisonroca.ad\/wp-content\/uploads\/2025\/01\/h7022.jpg","datePublished":"2025-01-03T13:04:41+00:00","dateModified":"2025-01-14T17:04:24+00:00","description":"Discover the Chanel Premi\u00e8re Cha\u00eene Iconique Watch, an exclusive 26.1 mm model with a steel and leather case, black dial, and quartz movement.","breadcrumb":{"@id":"https:\/\/maisonroca.ad\/en\/shop\/chanel-premiere-iconique-26-10mm-steel-and-leather-watch\/#breadcrumb"},"inLanguage":"en-US","potentialAction":[{"@type":"ReadAction","target":["https:\/\/maisonroca.ad\/en\/shop\/chanel-premiere-iconique-26-10mm-steel-and-leather-watch\/"]}]},{"@type":"ImageObject","inLanguage":"en-US","@id":"https:\/\/maisonroca.ad\/en\/shop\/chanel-premiere-iconique-26-10mm-steel-and-leather-watch\/#primaryimage","url":"https:\/\/maisonroca.ad\/wp-content\/uploads\/2025\/01\/h7022.jpg","contentUrl":"https:\/\/maisonroca.ad\/wp-content\/uploads\/2025\/01\/h7022.jpg","width":800,"height":800,"caption":"maison-roca-andorra-chanel-rellotges-premiere-iconique-quars-26,10-mm-acer-negra-acer-cuir"},{"@type":"BreadcrumbList","@id":"https:\/\/maisonroca.ad\/en\/shop\/chanel-premiere-iconique-26-10mm-steel-and-leather-watch\/#breadcrumb","itemListElement":[{"@type":"ListItem","position":1,"name":"Portada","item":"https:\/\/maisonroca.ad\/en\/"},{"@type":"ListItem","position":2,"name":"Shop","item":"https:\/\/maisonroca.ad\/en\/botiga\/"},{"@type":"ListItem","position":3,"name":"CHANEL PREMI\u00c8RE CHA\u00ceNE ICONIQUE 26.10MM STEEL AND LEATHER WATCH"}]},{"@type":"WebSite","@id":"https:\/\/maisonroca.ad\/en\/#website","url":"https:\/\/maisonroca.ad\/en\/","name":"Maison Roca","description":"Bold Luxury Life - joieria d&#039;autor - Andorra","publisher":{"@id":"https:\/\/maisonroca.ad\/en\/#organization"},"potentialAction":[{"@type":"SearchAction","target":{"@type":"EntryPoint","urlTemplate":"https:\/\/maisonroca.ad\/en\/?s={search_term_string}"},"query-input":{"@type":"PropertyValueSpecification","valueRequired":true,"valueName":"search_term_string"}}],"inLanguage":"en-US"},{"@type":"Organization","@id":"https:\/\/maisonroca.ad\/en\/#organization","name":"Maison Roca","url":"https:\/\/maisonroca.ad\/en\/","logo":{"@type":"ImageObject","inLanguage":"en-US","@id":"https:\/\/maisonroca.ad\/en\/#\/schema\/logo\/image\/","url":"https:\/\/maisonroca.ad\/wp-content\/uploads\/2023\/10\/icono.png","contentUrl":"https:\/\/maisonroca.ad\/wp-content\/uploads\/2023\/10\/icono.png","width":512,"height":512,"caption":"Maison Roca"},"image":{"@id":"https:\/\/maisonroca.ad\/en\/#\/schema\/logo\/image\/"},"sameAs":["https:\/\/www.facebook.com\/maisonroca","https:\/\/www.instagram.com\/maisonroca\/"]}]},"product_price_amount":"4725.00","product_price_currency":"EUR","og_availability":"instock","product_availability":"instock","product_retailer_item_id":"H7022","product_condition":"new"},"_links":{"self":[{"href":"https:\/\/maisonroca.ad\/en\/wp-json\/wp\/v2\/product\/69060","targetHints":{"allow":["GET"]}}],"collection":[{"href":"https:\/\/maisonroca.ad\/en\/wp-json\/wp\/v2\/product"}],"about":[{"href":"https:\/\/maisonroca.ad\/en\/wp-json\/wp\/v2\/types\/product"}],"replies":[{"embeddable":true,"href":"https:\/\/maisonroca.ad\/en\/wp-json\/wp\/v2\/comments?post=69060"}],"version-history":[{"count":2,"href":"https:\/\/maisonroca.ad\/en\/wp-json\/wp\/v2\/product\/69060\/revisions"}],"predecessor-version":[{"id":69171,"href":"https:\/\/maisonroca.ad\/en\/wp-json\/wp\/v2\/product\/69060\/revisions\/69171"}],"wp:featuredmedia":[{"embeddable":true,"href":"https:\/\/maisonroca.ad\/en\/wp-json\/wp\/v2\/media\/69051"}],"wp:attachment":[{"href":"https:\/\/maisonroca.ad\/en\/wp-json\/wp\/v2\/media?parent=69060"}],"wp:term":[{"taxonomy":"product_brand","embeddable":true,"href":"https:\/\/maisonroca.ad\/en\/wp-json\/wp\/v2\/product_brand?post=69060"},{"taxonomy":"product_cat","embeddable":true,"href":"https:\/\/maisonroca.ad\/en\/wp-json\/wp\/v2\/product_cat?post=69060"},{"taxonomy":"product_tag","embeddable":true,"href":"https:\/\/maisonroca.ad\/en\/wp-json\/wp\/v2\/product_tag?post=69060"}],"curies":[{"name":"wp","href":"https:\/\/api.w.org\/{rel}","templated":true}]}}