{"id":69072,"date":"2025-01-03T14:22:42","date_gmt":"2025-01-03T13:22:42","guid":{"rendered":"https:\/\/maisonroca.ad\/?post_type=product&#038;p=69072"},"modified":"2025-01-14T17:48:11","modified_gmt":"2025-01-14T16:48:11","slug":"chanel-premiere-original-edition-steel-watch-with-yellow-gold-coating-and-leather","status":"publish","type":"product","link":"https:\/\/maisonroca.ad\/en\/shop\/chanel-premiere-original-edition-steel-watch-with-yellow-gold-coating-and-leather\/","title":{"rendered":"CHANEL PREMI\u00c8RE ORIGINAL EDITION STEEL WATCH WITH YELLOW GOLD COATING AND LEATHER"},"content":{"rendered":"<p>Chanel Premi\u00e8re \u00c9dition Originale Watch with quartz movement, steel and yellow gold case measuring 26.1 mm in diameter and water resistance up to 30 meters. The dial is black, and the bracelet combines steel, yellow gold, and leather with a deployant clasp.<\/p>\n<p>Chanel watches undergo rigorous testing at the CHANEL Manufacture laboratory in Switzerland to meet the highest standards of watchmaking excellence. Regular maintenance is essential for the proper performance and aesthetics of the watch.<\/p>\n<p>Details:<\/p>\n<ul>\n<li>Steel case with an 18-carat yellow gold coating (0.1 microns)<\/li>\n<li>Steel chain bracelet with an 18-carat yellow gold coating (0.1 microns) woven with a black leather strip<\/li>\n<li>High-precision quartz movement<\/li>\n<li>26.1 mm diameter<\/li>\n<li>Lacquered black dial<\/li>\n<li>Water resistance up to 30 meters<\/li>\n<li>Steel crown with an 18-carat yellow gold coating (0.1 microns) and onyx cabochon<\/li>\n<li>Functions: hours and minutes<\/li>\n<\/ul>\n","protected":false},"excerpt":{"rendered":"<div class=\"flex-shrink-0 flex flex-col relative items-end\">\n<div>\n<div class=\"pt-0\">\n<div class=\"gizmo-bot-avatar flex h-8 w-8 items-center justify-center overflow-hidden rounded-full\">\n<div class=\"relative p-1 rounded-sm flex items-center justify-center bg-token-main-surface-primary text-token-text-primary h-8 w-8\"><\/div>\n<\/div>\n<\/div>\n<\/div>\n<\/div>\n<div class=\"group\/conversation-turn relative flex w-full min-w-0 flex-col agent-turn\">\n<div class=\"flex-col gap-1 md:gap-3\">\n<div class=\"flex max-w-full flex-col flex-grow\">\n<div class=\"min-h-8 text-message flex w-full flex-col items-end gap-2 whitespace-normal break-words text-start [.text-message+&amp;]:mt-5\" dir=\"auto\" data-message-author-role=\"assistant\" data-message-id=\"d9343f31-257e-4120-9f67-53a19d5f0ca3\" data-message-model-slug=\"gpt-4o-mini\">\n<div class=\"flex w-full flex-col gap-1 empty:hidden first:pt-[3px]\">\n<div class=\"markdown prose w-full break-words dark:prose-invert light\">\n<p>Chanel Premi\u00e8re \u00c9dition Originale Watch with quartz movement, 26.1 mm steel and yellow gold case, and water resistance up to 30 m. Black dial and bracelet combining steel, yellow gold, and leather with a deployant clasp.<\/p>\n<\/div>\n<\/div>\n<\/div>\n<\/div>\n<\/div>\n<\/div>\n","protected":false},"featured_media":69064,"comment_status":"open","ping_status":"closed","template":"","meta":{"_acf_changed":false,"_monsterinsights_skip_tracking":false,"_monsterinsights_sitenote_active":false,"_monsterinsights_sitenote_note":"","_monsterinsights_sitenote_category":0},"product_brand":[],"product_cat":[2612,1191],"product_tag":[2559],"class_list":{"0":"post-69072","1":"product","2":"type-product","3":"status-publish","4":"has-post-thumbnail","6":"product_cat-chanel-en","7":"product_cat-watches","8":"product_tag-chanel-en","10":"first","11":"instock","12":"shipping-taxable","13":"purchasable","14":"product-type-simple"},"acf":[],"yoast_head":"<!-- This site is optimized with the Yoast SEO Premium plugin v26.8 (Yoast SEO v27.4) - https:\/\/yoast.com\/product\/yoast-seo-premium-wordpress\/ -->\n<title>CHANEL PREMI\u00c8RE \u00c9DITION ORIGINALE WATCH<\/title>\n<meta name=\"description\" content=\"Discover the Chanel Premi\u00e8re \u00c9dition Originale Watch, a unique piece with a steel and yellow gold case, black dial, and a leather and steel bracelet.\" \/>\n<meta name=\"robots\" content=\"index, follow, max-snippet:-1, max-image-preview:large, max-video-preview:-1\" \/>\n<link rel=\"canonical\" href=\"https:\/\/maisonroca.ad\/en\/shop\/chanel-premiere-original-edition-steel-watch-with-yellow-gold-coating-and-leather\/\" \/>\n<meta property=\"og:locale\" content=\"en_US\" \/>\n<meta property=\"og:type\" content=\"article\" \/>\n<meta property=\"og:title\" content=\"CHANEL PREMI\u00c8RE ORIGINAL EDITION STEEL WATCH WITH YELLOW GOLD COATING AND LEATHER\" \/>\n<meta property=\"og:description\" content=\"Discover the Chanel Premi\u00e8re \u00c9dition Originale Watch, a unique piece with a steel and yellow gold case, black dial, and a leather and steel bracelet.\" \/>\n<meta property=\"og:url\" content=\"https:\/\/maisonroca.ad\/en\/shop\/chanel-premiere-original-edition-steel-watch-with-yellow-gold-coating-and-leather\/\" \/>\n<meta property=\"og:site_name\" content=\"Maison Roca\" \/>\n<meta property=\"article:publisher\" content=\"https:\/\/www.facebook.com\/maisonroca\" \/>\n<meta property=\"article:modified_time\" content=\"2025-01-14T16:48:11+00:00\" \/>\n<meta property=\"og:image\" content=\"https:\/\/maisonroca.ad\/wp-content\/uploads\/2025\/01\/h6951.jpg\" \/>\n\t<meta property=\"og:image:width\" content=\"800\" \/>\n\t<meta property=\"og:image:height\" content=\"800\" \/>\n\t<meta property=\"og:image:type\" content=\"image\/jpeg\" \/>\n<meta name=\"twitter:card\" content=\"summary_large_image\" \/>\n<meta name=\"twitter:label1\" content=\"Price\" \/>\n\t<meta name=\"twitter:data1\" content=\"5.085,00&nbsp;&euro;\" \/>\n\t<meta name=\"twitter:label2\" content=\"Availability\" \/>\n\t<meta name=\"twitter:data2\" content=\"In stock\" \/>\n<script type=\"application\/ld+json\" class=\"yoast-schema-graph\">{\"@context\":\"https:\\\/\\\/schema.org\",\"@graph\":[{\"@type\":\"WebPage\",\"@id\":\"https:\\\/\\\/maisonroca.ad\\\/en\\\/shop\\\/chanel-premiere-original-edition-steel-watch-with-yellow-gold-coating-and-leather\\\/\",\"url\":\"https:\\\/\\\/maisonroca.ad\\\/en\\\/shop\\\/chanel-premiere-original-edition-steel-watch-with-yellow-gold-coating-and-leather\\\/\",\"name\":\"CHANEL PREMI\u00c8RE \u00c9DITION ORIGINALE WATCH\",\"isPartOf\":{\"@id\":\"https:\\\/\\\/maisonroca.ad\\\/en\\\/#website\"},\"primaryImageOfPage\":{\"@id\":\"https:\\\/\\\/maisonroca.ad\\\/en\\\/shop\\\/chanel-premiere-original-edition-steel-watch-with-yellow-gold-coating-and-leather\\\/#primaryimage\"},\"image\":{\"@id\":\"https:\\\/\\\/maisonroca.ad\\\/en\\\/shop\\\/chanel-premiere-original-edition-steel-watch-with-yellow-gold-coating-and-leather\\\/#primaryimage\"},\"thumbnailUrl\":\"https:\\\/\\\/maisonroca.ad\\\/wp-content\\\/uploads\\\/2025\\\/01\\\/h6951.jpg\",\"datePublished\":\"2025-01-03T13:22:42+00:00\",\"dateModified\":\"2025-01-14T16:48:11+00:00\",\"description\":\"Discover the Chanel Premi\u00e8re \u00c9dition Originale Watch, a unique piece with a steel and yellow gold case, black dial, and a leather and steel bracelet.\",\"breadcrumb\":{\"@id\":\"https:\\\/\\\/maisonroca.ad\\\/en\\\/shop\\\/chanel-premiere-original-edition-steel-watch-with-yellow-gold-coating-and-leather\\\/#breadcrumb\"},\"inLanguage\":\"en-US\",\"potentialAction\":[{\"@type\":\"ReadAction\",\"target\":[\"https:\\\/\\\/maisonroca.ad\\\/en\\\/shop\\\/chanel-premiere-original-edition-steel-watch-with-yellow-gold-coating-and-leather\\\/\"]}]},{\"@type\":\"ImageObject\",\"inLanguage\":\"en-US\",\"@id\":\"https:\\\/\\\/maisonroca.ad\\\/en\\\/shop\\\/chanel-premiere-original-edition-steel-watch-with-yellow-gold-coating-and-leather\\\/#primaryimage\",\"url\":\"https:\\\/\\\/maisonroca.ad\\\/wp-content\\\/uploads\\\/2025\\\/01\\\/h6951.jpg\",\"contentUrl\":\"https:\\\/\\\/maisonroca.ad\\\/wp-content\\\/uploads\\\/2025\\\/01\\\/h6951.jpg\",\"width\":800,\"height\":800,\"caption\":\"maison-roca-andorra-chanel-rellotges-premiere-edicio-original-acer-amb-revestiment-or-groc-negra-cuir\"},{\"@type\":\"BreadcrumbList\",\"@id\":\"https:\\\/\\\/maisonroca.ad\\\/en\\\/shop\\\/chanel-premiere-original-edition-steel-watch-with-yellow-gold-coating-and-leather\\\/#breadcrumb\",\"itemListElement\":[{\"@type\":\"ListItem\",\"position\":1,\"name\":\"Portada\",\"item\":\"https:\\\/\\\/maisonroca.ad\\\/en\\\/\"},{\"@type\":\"ListItem\",\"position\":2,\"name\":\"Shop\",\"item\":\"https:\\\/\\\/maisonroca.ad\\\/en\\\/botiga\\\/\"},{\"@type\":\"ListItem\",\"position\":3,\"name\":\"CHANEL PREMI\u00c8RE ORIGINAL EDITION STEEL WATCH WITH YELLOW GOLD COATING AND LEATHER\"}]},{\"@type\":\"WebSite\",\"@id\":\"https:\\\/\\\/maisonroca.ad\\\/en\\\/#website\",\"url\":\"https:\\\/\\\/maisonroca.ad\\\/en\\\/\",\"name\":\"Maison Roca\",\"description\":\"Bold Luxury Life - joieria d&#039;autor - Andorra\",\"publisher\":{\"@id\":\"https:\\\/\\\/maisonroca.ad\\\/en\\\/#organization\"},\"potentialAction\":[{\"@type\":\"SearchAction\",\"target\":{\"@type\":\"EntryPoint\",\"urlTemplate\":\"https:\\\/\\\/maisonroca.ad\\\/en\\\/?s={search_term_string}\"},\"query-input\":{\"@type\":\"PropertyValueSpecification\",\"valueRequired\":true,\"valueName\":\"search_term_string\"}}],\"inLanguage\":\"en-US\"},{\"@type\":\"Organization\",\"@id\":\"https:\\\/\\\/maisonroca.ad\\\/en\\\/#organization\",\"name\":\"Maison Roca\",\"url\":\"https:\\\/\\\/maisonroca.ad\\\/en\\\/\",\"logo\":{\"@type\":\"ImageObject\",\"inLanguage\":\"en-US\",\"@id\":\"https:\\\/\\\/maisonroca.ad\\\/en\\\/#\\\/schema\\\/logo\\\/image\\\/\",\"url\":\"https:\\\/\\\/maisonroca.ad\\\/wp-content\\\/uploads\\\/2023\\\/10\\\/icono.png\",\"contentUrl\":\"https:\\\/\\\/maisonroca.ad\\\/wp-content\\\/uploads\\\/2023\\\/10\\\/icono.png\",\"width\":512,\"height\":512,\"caption\":\"Maison Roca\"},\"image\":{\"@id\":\"https:\\\/\\\/maisonroca.ad\\\/en\\\/#\\\/schema\\\/logo\\\/image\\\/\"},\"sameAs\":[\"https:\\\/\\\/www.facebook.com\\\/maisonroca\",\"https:\\\/\\\/www.instagram.com\\\/maisonroca\\\/\"]}]}<\/script>\n<meta property=\"product:price:amount\" content=\"5085.00\" \/>\n<meta property=\"product:price:currency\" content=\"EUR\" \/>\n<meta property=\"og:availability\" content=\"instock\" \/>\n<meta property=\"product:availability\" content=\"instock\" \/>\n<meta property=\"product:retailer_item_id\" content=\"H6951\" \/>\n<meta property=\"product:condition\" content=\"new\" \/>\n<!-- \/ Yoast SEO Premium plugin. -->","yoast_head_json":{"title":"CHANEL PREMI\u00c8RE \u00c9DITION ORIGINALE WATCH","description":"Discover the Chanel Premi\u00e8re \u00c9dition Originale Watch, a unique piece with a steel and yellow gold case, black dial, and a leather and steel bracelet.","robots":{"index":"index","follow":"follow","max-snippet":"max-snippet:-1","max-image-preview":"max-image-preview:large","max-video-preview":"max-video-preview:-1"},"canonical":"https:\/\/maisonroca.ad\/en\/shop\/chanel-premiere-original-edition-steel-watch-with-yellow-gold-coating-and-leather\/","og_locale":"en_US","og_type":"article","og_title":"CHANEL PREMI\u00c8RE ORIGINAL EDITION STEEL WATCH WITH YELLOW GOLD COATING AND LEATHER","og_description":"Discover the Chanel Premi\u00e8re \u00c9dition Originale Watch, a unique piece with a steel and yellow gold case, black dial, and a leather and steel bracelet.","og_url":"https:\/\/maisonroca.ad\/en\/shop\/chanel-premiere-original-edition-steel-watch-with-yellow-gold-coating-and-leather\/","og_site_name":"Maison Roca","article_publisher":"https:\/\/www.facebook.com\/maisonroca","article_modified_time":"2025-01-14T16:48:11+00:00","og_image":[{"width":800,"height":800,"url":"https:\/\/maisonroca.ad\/wp-content\/uploads\/2025\/01\/h6951.jpg","type":"image\/jpeg"}],"twitter_card":"summary_large_image","twitter_misc":{"Price":"5.085,00&nbsp;&euro;","Availability":"In stock"},"schema":{"@context":"https:\/\/schema.org","@graph":[{"@type":"WebPage","@id":"https:\/\/maisonroca.ad\/en\/shop\/chanel-premiere-original-edition-steel-watch-with-yellow-gold-coating-and-leather\/","url":"https:\/\/maisonroca.ad\/en\/shop\/chanel-premiere-original-edition-steel-watch-with-yellow-gold-coating-and-leather\/","name":"CHANEL PREMI\u00c8RE \u00c9DITION ORIGINALE WATCH","isPartOf":{"@id":"https:\/\/maisonroca.ad\/en\/#website"},"primaryImageOfPage":{"@id":"https:\/\/maisonroca.ad\/en\/shop\/chanel-premiere-original-edition-steel-watch-with-yellow-gold-coating-and-leather\/#primaryimage"},"image":{"@id":"https:\/\/maisonroca.ad\/en\/shop\/chanel-premiere-original-edition-steel-watch-with-yellow-gold-coating-and-leather\/#primaryimage"},"thumbnailUrl":"https:\/\/maisonroca.ad\/wp-content\/uploads\/2025\/01\/h6951.jpg","datePublished":"2025-01-03T13:22:42+00:00","dateModified":"2025-01-14T16:48:11+00:00","description":"Discover the Chanel Premi\u00e8re \u00c9dition Originale Watch, a unique piece with a steel and yellow gold case, black dial, and a leather and steel bracelet.","breadcrumb":{"@id":"https:\/\/maisonroca.ad\/en\/shop\/chanel-premiere-original-edition-steel-watch-with-yellow-gold-coating-and-leather\/#breadcrumb"},"inLanguage":"en-US","potentialAction":[{"@type":"ReadAction","target":["https:\/\/maisonroca.ad\/en\/shop\/chanel-premiere-original-edition-steel-watch-with-yellow-gold-coating-and-leather\/"]}]},{"@type":"ImageObject","inLanguage":"en-US","@id":"https:\/\/maisonroca.ad\/en\/shop\/chanel-premiere-original-edition-steel-watch-with-yellow-gold-coating-and-leather\/#primaryimage","url":"https:\/\/maisonroca.ad\/wp-content\/uploads\/2025\/01\/h6951.jpg","contentUrl":"https:\/\/maisonroca.ad\/wp-content\/uploads\/2025\/01\/h6951.jpg","width":800,"height":800,"caption":"maison-roca-andorra-chanel-rellotges-premiere-edicio-original-acer-amb-revestiment-or-groc-negra-cuir"},{"@type":"BreadcrumbList","@id":"https:\/\/maisonroca.ad\/en\/shop\/chanel-premiere-original-edition-steel-watch-with-yellow-gold-coating-and-leather\/#breadcrumb","itemListElement":[{"@type":"ListItem","position":1,"name":"Portada","item":"https:\/\/maisonroca.ad\/en\/"},{"@type":"ListItem","position":2,"name":"Shop","item":"https:\/\/maisonroca.ad\/en\/botiga\/"},{"@type":"ListItem","position":3,"name":"CHANEL PREMI\u00c8RE ORIGINAL EDITION STEEL WATCH WITH YELLOW GOLD COATING AND LEATHER"}]},{"@type":"WebSite","@id":"https:\/\/maisonroca.ad\/en\/#website","url":"https:\/\/maisonroca.ad\/en\/","name":"Maison Roca","description":"Bold Luxury Life - joieria d&#039;autor - Andorra","publisher":{"@id":"https:\/\/maisonroca.ad\/en\/#organization"},"potentialAction":[{"@type":"SearchAction","target":{"@type":"EntryPoint","urlTemplate":"https:\/\/maisonroca.ad\/en\/?s={search_term_string}"},"query-input":{"@type":"PropertyValueSpecification","valueRequired":true,"valueName":"search_term_string"}}],"inLanguage":"en-US"},{"@type":"Organization","@id":"https:\/\/maisonroca.ad\/en\/#organization","name":"Maison Roca","url":"https:\/\/maisonroca.ad\/en\/","logo":{"@type":"ImageObject","inLanguage":"en-US","@id":"https:\/\/maisonroca.ad\/en\/#\/schema\/logo\/image\/","url":"https:\/\/maisonroca.ad\/wp-content\/uploads\/2023\/10\/icono.png","contentUrl":"https:\/\/maisonroca.ad\/wp-content\/uploads\/2023\/10\/icono.png","width":512,"height":512,"caption":"Maison Roca"},"image":{"@id":"https:\/\/maisonroca.ad\/en\/#\/schema\/logo\/image\/"},"sameAs":["https:\/\/www.facebook.com\/maisonroca","https:\/\/www.instagram.com\/maisonroca\/"]}]},"product_price_amount":"5085.00","product_price_currency":"EUR","og_availability":"instock","product_availability":"instock","product_retailer_item_id":"H6951","product_condition":"new"},"_links":{"self":[{"href":"https:\/\/maisonroca.ad\/en\/wp-json\/wp\/v2\/product\/69072","targetHints":{"allow":["GET"]}}],"collection":[{"href":"https:\/\/maisonroca.ad\/en\/wp-json\/wp\/v2\/product"}],"about":[{"href":"https:\/\/maisonroca.ad\/en\/wp-json\/wp\/v2\/types\/product"}],"replies":[{"embeddable":true,"href":"https:\/\/maisonroca.ad\/en\/wp-json\/wp\/v2\/comments?post=69072"}],"version-history":[{"count":3,"href":"https:\/\/maisonroca.ad\/en\/wp-json\/wp\/v2\/product\/69072\/revisions"}],"predecessor-version":[{"id":69166,"href":"https:\/\/maisonroca.ad\/en\/wp-json\/wp\/v2\/product\/69072\/revisions\/69166"}],"wp:featuredmedia":[{"embeddable":true,"href":"https:\/\/maisonroca.ad\/en\/wp-json\/wp\/v2\/media\/69064"}],"wp:attachment":[{"href":"https:\/\/maisonroca.ad\/en\/wp-json\/wp\/v2\/media?parent=69072"}],"wp:term":[{"taxonomy":"product_brand","embeddable":true,"href":"https:\/\/maisonroca.ad\/en\/wp-json\/wp\/v2\/product_brand?post=69072"},{"taxonomy":"product_cat","embeddable":true,"href":"https:\/\/maisonroca.ad\/en\/wp-json\/wp\/v2\/product_cat?post=69072"},{"taxonomy":"product_tag","embeddable":true,"href":"https:\/\/maisonroca.ad\/en\/wp-json\/wp\/v2\/product_tag?post=69072"}],"curies":[{"name":"wp","href":"https:\/\/api.w.org\/{rel}","templated":true}]}}