{"id":75251,"date":"2025-05-27T15:49:44","date_gmt":"2025-05-27T13:49:44","guid":{"rendered":"https:\/\/maisonroca.ad\/?post_type=product&#038;p=75251"},"modified":"2025-05-30T11:55:27","modified_gmt":"2025-05-30T09:55:27","slug":"rellotge-baume-mercier-hampton-rectangular-de-35x22-mm-dacer-i-cuir","status":"publish","type":"product","link":"https:\/\/maisonroca.ad\/en\/shop\/rellotge-baume-mercier-hampton-rectangular-de-35x22-mm-dacer-i-cuir\/","title":{"rendered":"RELLOTGE BAUME &#038; MERCIER HAMPTON RECTANGULAR DE 35X22 MM D&#8217;ACER I CUIR"},"content":{"rendered":"<p>El rellotge Baume &#038; Mercier Hampton 10760 destaca per la seva caixa rectangular<br \/>\n d&#8217;acer inoxidable polida, amb unes dimensions de 35 x 22 mm. Est\u00e0 impulsat per un moviment de quars, fet que garanteix una precisi\u00f3 excepcional. La seva esfera negra amb agulles de color gris, combina sofisticaci\u00f3 i funcionalitat. La corretja de cuir negra \u00e9s intercanviable amb un sistema que permet canviar-lo f\u00e0cilment sense eines.<\/p>\n<p> Aquest model de Baume &#038; Mercier transmet eleg\u00e0ncia atemporal i versatilitat, ideal per a qualsevol ocasi\u00f3. El seu disseny refinat i elegant, combinat amb la qualitat de la marca, fa que sigui una elecci\u00f3 perfecta per a aquells que busquen una pe\u00e7a \u00fanica, amb la promesa d&#8217;estil i confian\u00e7a en cada mirada, l&#8217;equilibri perfecte entre disseny atemporal i precisi\u00f3.<\/p>\n<p>Detalls:<\/p>\n<p> \u2022 Moviment de quars<br \/>\n \u2022 Vidre de safir<br \/>\n \u2022 Hermeticitat: 50 metres<br \/>\n \u2022 Hores i minuts<\/p>\n","protected":false},"excerpt":{"rendered":"<p>El rellotge Baume &#038; Mercier Hampton 10760 destaca per la seva caixa rectangular<br \/>\n d&#8217;acer inoxidable polida, amb unes dimensions de 35 x 22 mm. Est\u00e0 impulsat per un moviment de quars, fet que garanteix una precisi\u00f3 excepcional. La seva esfera negra amb agulles de color gris, combina sofisticaci\u00f3 i funcionalitat. La corretja de cuir negra \u00e9s intercanviable amb un sistema que permet canviar-lo f\u00e0cilment sense eines.<\/p>\n<p> Aquest model de Baume &#038; Mercier transmet eleg\u00e0ncia atemporal i versatilitat, ideal per a qualsevol ocasi\u00f3. El seu disseny refinat i elegant, combinat amb la qualitat de la marca, fa que sigui una elecci\u00f3 perfecta per a aquells que busquen una pe\u00e7a \u00fanica, amb la promesa d&#8217;estil i confian\u00e7a en cada mirada, l&#8217;equilibri perfecte entre disseny atemporal i precisi\u00f3.<\/p>\n","protected":false},"featured_media":74631,"comment_status":"closed","ping_status":"closed","template":"","meta":{"_acf_changed":false,"_monsterinsights_skip_tracking":false,"_monsterinsights_sitenote_active":false,"_monsterinsights_sitenote_note":"","_monsterinsights_sitenote_category":0},"product_brand":[],"product_cat":[2895,1191],"product_tag":[2937,2910,2537,2930,2639,2912,2340,2933,2511,2638],"class_list":{"0":"post-75251","1":"product","2":"type-product","3":"status-publish","4":"has-post-thumbnail","6":"product_cat-baume-mercier-5-en","7":"product_cat-watches","8":"product_tag-35x22-mm-en","9":"product_tag-baumemercier-en","10":"product_tag-black-en","11":"product_tag-clasic-en","12":"product_tag-dona-en","13":"product_tag-menys-de-100-metros-en","14":"product_tag-oro-rosa-2","15":"product_tag-pell-en","16":"product_tag-quartz-en","17":"product_tag-rellotges-en","19":"first","20":"outofstock","21":"shipping-taxable","22":"purchasable","23":"product-type-simple"},"acf":[],"yoast_head":"<!-- This site is optimized with the Yoast SEO Premium plugin v26.8 (Yoast SEO v27.3) - https:\/\/yoast.com\/product\/yoast-seo-premium-wordpress\/ -->\n<title>RELLOTGE BAUME &amp; MERCIER HAMPTON RECTANGULAR DE 35X22 MM D&#039;ACER I CUIR - Maison Roca<\/title>\n<meta name=\"robots\" content=\"index, follow, max-snippet:-1, max-image-preview:large, max-video-preview:-1\" \/>\n<link rel=\"canonical\" href=\"https:\/\/maisonroca.ad\/en\/shop\/rellotge-baume-mercier-hampton-rectangular-de-35x22-mm-dacer-i-cuir\/\" \/>\n<meta property=\"og:locale\" content=\"en_US\" \/>\n<meta property=\"og:type\" content=\"article\" \/>\n<meta property=\"og:title\" content=\"RELLOTGE BAUME &amp; MERCIER HAMPTON RECTANGULAR DE 35X22 MM D&#039;ACER I CUIR\" \/>\n<meta property=\"og:description\" content=\"El rellotge Baume &amp; Mercier Hampton 10760 destaca per la seva caixa rectangular  d&#039;acer inoxidable polida, amb unes dimensions de 35 x 22 mm. Est\u00e0 impulsat per un moviment de quars, fet que garanteix una precisi\u00f3 excepcional. La seva esfera negra amb agulles de color gris, combina sofisticaci\u00f3 i funcionalitat. La corretja de cuir negra \u00e9s intercanviable amb un sistema que permet canviar-lo f\u00e0cilment sense eines.  Aquest model de Baume &amp; Mercier transmet eleg\u00e0ncia atemporal i versatilitat, ideal per a qualsevol ocasi\u00f3. El seu disseny refinat i elegant, combinat amb la qualitat de la marca, fa que sigui una elecci\u00f3 perfecta per a aquells que busquen una pe\u00e7a \u00fanica, amb la promesa d&#039;estil i confian\u00e7a en cada mirada, l&#039;equilibri perfecte entre disseny atemporal i precisi\u00f3.\" \/>\n<meta property=\"og:url\" content=\"https:\/\/maisonroca.ad\/en\/shop\/rellotge-baume-mercier-hampton-rectangular-de-35x22-mm-dacer-i-cuir\/\" \/>\n<meta property=\"og:site_name\" content=\"Maison Roca\" \/>\n<meta property=\"article:publisher\" content=\"https:\/\/www.facebook.com\/maisonroca\" \/>\n<meta property=\"article:modified_time\" content=\"2025-05-30T09:55:27+00:00\" \/>\n<meta property=\"og:image\" content=\"https:\/\/maisonroca.ad\/wp-content\/uploads\/2025\/05\/m0a10760.jpg\" \/>\n\t<meta property=\"og:image:width\" content=\"1080\" \/>\n\t<meta property=\"og:image:height\" content=\"1080\" \/>\n\t<meta property=\"og:image:type\" content=\"image\/jpeg\" \/>\n<meta name=\"twitter:card\" content=\"summary_large_image\" \/>\n<meta name=\"twitter:label1\" content=\"Price\" \/>\n\t<meta name=\"twitter:data1\" content=\"1.620,00&nbsp;&euro;\" \/>\n\t<meta name=\"twitter:label2\" content=\"Availability\" \/>\n\t<meta name=\"twitter:data2\" content=\"Out of stock\" \/>\n<script type=\"application\/ld+json\" class=\"yoast-schema-graph\">{\"@context\":\"https:\\\/\\\/schema.org\",\"@graph\":[{\"@type\":\"WebPage\",\"@id\":\"https:\\\/\\\/maisonroca.ad\\\/en\\\/shop\\\/rellotge-baume-mercier-hampton-rectangular-de-35x22-mm-dacer-i-cuir\\\/\",\"url\":\"https:\\\/\\\/maisonroca.ad\\\/en\\\/shop\\\/rellotge-baume-mercier-hampton-rectangular-de-35x22-mm-dacer-i-cuir\\\/\",\"name\":\"RELLOTGE BAUME & MERCIER HAMPTON RECTANGULAR DE 35X22 MM D'ACER I CUIR - Maison Roca\",\"isPartOf\":{\"@id\":\"https:\\\/\\\/maisonroca.ad\\\/en\\\/#website\"},\"primaryImageOfPage\":{\"@id\":\"https:\\\/\\\/maisonroca.ad\\\/en\\\/shop\\\/rellotge-baume-mercier-hampton-rectangular-de-35x22-mm-dacer-i-cuir\\\/#primaryimage\"},\"image\":{\"@id\":\"https:\\\/\\\/maisonroca.ad\\\/en\\\/shop\\\/rellotge-baume-mercier-hampton-rectangular-de-35x22-mm-dacer-i-cuir\\\/#primaryimage\"},\"thumbnailUrl\":\"https:\\\/\\\/maisonroca.ad\\\/wp-content\\\/uploads\\\/2025\\\/05\\\/m0a10760.jpg\",\"datePublished\":\"2025-05-27T13:49:44+00:00\",\"dateModified\":\"2025-05-30T09:55:27+00:00\",\"breadcrumb\":{\"@id\":\"https:\\\/\\\/maisonroca.ad\\\/en\\\/shop\\\/rellotge-baume-mercier-hampton-rectangular-de-35x22-mm-dacer-i-cuir\\\/#breadcrumb\"},\"inLanguage\":\"en-US\",\"potentialAction\":[{\"@type\":\"ReadAction\",\"target\":[\"https:\\\/\\\/maisonroca.ad\\\/en\\\/shop\\\/rellotge-baume-mercier-hampton-rectangular-de-35x22-mm-dacer-i-cuir\\\/\"]}]},{\"@type\":\"ImageObject\",\"inLanguage\":\"en-US\",\"@id\":\"https:\\\/\\\/maisonroca.ad\\\/en\\\/shop\\\/rellotge-baume-mercier-hampton-rectangular-de-35x22-mm-dacer-i-cuir\\\/#primaryimage\",\"url\":\"https:\\\/\\\/maisonroca.ad\\\/wp-content\\\/uploads\\\/2025\\\/05\\\/m0a10760.jpg\",\"contentUrl\":\"https:\\\/\\\/maisonroca.ad\\\/wp-content\\\/uploads\\\/2025\\\/05\\\/m0a10760.jpg\",\"width\":1080,\"height\":1080},{\"@type\":\"BreadcrumbList\",\"@id\":\"https:\\\/\\\/maisonroca.ad\\\/en\\\/shop\\\/rellotge-baume-mercier-hampton-rectangular-de-35x22-mm-dacer-i-cuir\\\/#breadcrumb\",\"itemListElement\":[{\"@type\":\"ListItem\",\"position\":1,\"name\":\"Portada\",\"item\":\"https:\\\/\\\/maisonroca.ad\\\/en\\\/\"},{\"@type\":\"ListItem\",\"position\":2,\"name\":\"Shop\",\"item\":\"https:\\\/\\\/maisonroca.ad\\\/en\\\/botiga\\\/\"},{\"@type\":\"ListItem\",\"position\":3,\"name\":\"RELLOTGE BAUME &#038; MERCIER HAMPTON RECTANGULAR DE 35X22 MM D&#8217;ACER I CUIR\"}]},{\"@type\":\"WebSite\",\"@id\":\"https:\\\/\\\/maisonroca.ad\\\/en\\\/#website\",\"url\":\"https:\\\/\\\/maisonroca.ad\\\/en\\\/\",\"name\":\"Maison Roca\",\"description\":\"Bold Luxury Life - joieria d&#039;autor - Andorra\",\"publisher\":{\"@id\":\"https:\\\/\\\/maisonroca.ad\\\/en\\\/#organization\"},\"potentialAction\":[{\"@type\":\"SearchAction\",\"target\":{\"@type\":\"EntryPoint\",\"urlTemplate\":\"https:\\\/\\\/maisonroca.ad\\\/en\\\/?s={search_term_string}\"},\"query-input\":{\"@type\":\"PropertyValueSpecification\",\"valueRequired\":true,\"valueName\":\"search_term_string\"}}],\"inLanguage\":\"en-US\"},{\"@type\":\"Organization\",\"@id\":\"https:\\\/\\\/maisonroca.ad\\\/en\\\/#organization\",\"name\":\"Maison Roca\",\"url\":\"https:\\\/\\\/maisonroca.ad\\\/en\\\/\",\"logo\":{\"@type\":\"ImageObject\",\"inLanguage\":\"en-US\",\"@id\":\"https:\\\/\\\/maisonroca.ad\\\/en\\\/#\\\/schema\\\/logo\\\/image\\\/\",\"url\":\"https:\\\/\\\/maisonroca.ad\\\/wp-content\\\/uploads\\\/2023\\\/10\\\/icono.png\",\"contentUrl\":\"https:\\\/\\\/maisonroca.ad\\\/wp-content\\\/uploads\\\/2023\\\/10\\\/icono.png\",\"width\":512,\"height\":512,\"caption\":\"Maison Roca\"},\"image\":{\"@id\":\"https:\\\/\\\/maisonroca.ad\\\/en\\\/#\\\/schema\\\/logo\\\/image\\\/\"},\"sameAs\":[\"https:\\\/\\\/www.facebook.com\\\/maisonroca\",\"https:\\\/\\\/www.instagram.com\\\/maisonroca\\\/\"]}]}<\/script>\n<meta property=\"product:price:amount\" content=\"1620.00\" \/>\n<meta property=\"product:price:currency\" content=\"EUR\" \/>\n<meta property=\"og:availability\" content=\"out of stock\" \/>\n<meta property=\"product:availability\" content=\"out of stock\" \/>\n<meta property=\"product:retailer_item_id\" content=\"M0A10760\" \/>\n<meta property=\"product:condition\" content=\"new\" \/>\n<!-- \/ Yoast SEO Premium plugin. -->","yoast_head_json":{"title":"RELLOTGE BAUME & MERCIER HAMPTON RECTANGULAR DE 35X22 MM D'ACER I CUIR - Maison Roca","robots":{"index":"index","follow":"follow","max-snippet":"max-snippet:-1","max-image-preview":"max-image-preview:large","max-video-preview":"max-video-preview:-1"},"canonical":"https:\/\/maisonroca.ad\/en\/shop\/rellotge-baume-mercier-hampton-rectangular-de-35x22-mm-dacer-i-cuir\/","og_locale":"en_US","og_type":"article","og_title":"RELLOTGE BAUME & MERCIER HAMPTON RECTANGULAR DE 35X22 MM D'ACER I CUIR","og_description":"El rellotge Baume & Mercier Hampton 10760 destaca per la seva caixa rectangular  d'acer inoxidable polida, amb unes dimensions de 35 x 22 mm. Est\u00e0 impulsat per un moviment de quars, fet que garanteix una precisi\u00f3 excepcional. La seva esfera negra amb agulles de color gris, combina sofisticaci\u00f3 i funcionalitat. La corretja de cuir negra \u00e9s intercanviable amb un sistema que permet canviar-lo f\u00e0cilment sense eines.  Aquest model de Baume & Mercier transmet eleg\u00e0ncia atemporal i versatilitat, ideal per a qualsevol ocasi\u00f3. El seu disseny refinat i elegant, combinat amb la qualitat de la marca, fa que sigui una elecci\u00f3 perfecta per a aquells que busquen una pe\u00e7a \u00fanica, amb la promesa d'estil i confian\u00e7a en cada mirada, l'equilibri perfecte entre disseny atemporal i precisi\u00f3.","og_url":"https:\/\/maisonroca.ad\/en\/shop\/rellotge-baume-mercier-hampton-rectangular-de-35x22-mm-dacer-i-cuir\/","og_site_name":"Maison Roca","article_publisher":"https:\/\/www.facebook.com\/maisonroca","article_modified_time":"2025-05-30T09:55:27+00:00","og_image":[{"width":1080,"height":1080,"url":"https:\/\/maisonroca.ad\/wp-content\/uploads\/2025\/05\/m0a10760.jpg","type":"image\/jpeg"}],"twitter_card":"summary_large_image","twitter_misc":{"Price":"1.620,00&nbsp;&euro;","Availability":"Out of stock"},"schema":{"@context":"https:\/\/schema.org","@graph":[{"@type":"WebPage","@id":"https:\/\/maisonroca.ad\/en\/shop\/rellotge-baume-mercier-hampton-rectangular-de-35x22-mm-dacer-i-cuir\/","url":"https:\/\/maisonroca.ad\/en\/shop\/rellotge-baume-mercier-hampton-rectangular-de-35x22-mm-dacer-i-cuir\/","name":"RELLOTGE BAUME & MERCIER HAMPTON RECTANGULAR DE 35X22 MM D'ACER I CUIR - Maison Roca","isPartOf":{"@id":"https:\/\/maisonroca.ad\/en\/#website"},"primaryImageOfPage":{"@id":"https:\/\/maisonroca.ad\/en\/shop\/rellotge-baume-mercier-hampton-rectangular-de-35x22-mm-dacer-i-cuir\/#primaryimage"},"image":{"@id":"https:\/\/maisonroca.ad\/en\/shop\/rellotge-baume-mercier-hampton-rectangular-de-35x22-mm-dacer-i-cuir\/#primaryimage"},"thumbnailUrl":"https:\/\/maisonroca.ad\/wp-content\/uploads\/2025\/05\/m0a10760.jpg","datePublished":"2025-05-27T13:49:44+00:00","dateModified":"2025-05-30T09:55:27+00:00","breadcrumb":{"@id":"https:\/\/maisonroca.ad\/en\/shop\/rellotge-baume-mercier-hampton-rectangular-de-35x22-mm-dacer-i-cuir\/#breadcrumb"},"inLanguage":"en-US","potentialAction":[{"@type":"ReadAction","target":["https:\/\/maisonroca.ad\/en\/shop\/rellotge-baume-mercier-hampton-rectangular-de-35x22-mm-dacer-i-cuir\/"]}]},{"@type":"ImageObject","inLanguage":"en-US","@id":"https:\/\/maisonroca.ad\/en\/shop\/rellotge-baume-mercier-hampton-rectangular-de-35x22-mm-dacer-i-cuir\/#primaryimage","url":"https:\/\/maisonroca.ad\/wp-content\/uploads\/2025\/05\/m0a10760.jpg","contentUrl":"https:\/\/maisonroca.ad\/wp-content\/uploads\/2025\/05\/m0a10760.jpg","width":1080,"height":1080},{"@type":"BreadcrumbList","@id":"https:\/\/maisonroca.ad\/en\/shop\/rellotge-baume-mercier-hampton-rectangular-de-35x22-mm-dacer-i-cuir\/#breadcrumb","itemListElement":[{"@type":"ListItem","position":1,"name":"Portada","item":"https:\/\/maisonroca.ad\/en\/"},{"@type":"ListItem","position":2,"name":"Shop","item":"https:\/\/maisonroca.ad\/en\/botiga\/"},{"@type":"ListItem","position":3,"name":"RELLOTGE BAUME &#038; MERCIER HAMPTON RECTANGULAR DE 35X22 MM D&#8217;ACER I CUIR"}]},{"@type":"WebSite","@id":"https:\/\/maisonroca.ad\/en\/#website","url":"https:\/\/maisonroca.ad\/en\/","name":"Maison Roca","description":"Bold Luxury Life - joieria d&#039;autor - Andorra","publisher":{"@id":"https:\/\/maisonroca.ad\/en\/#organization"},"potentialAction":[{"@type":"SearchAction","target":{"@type":"EntryPoint","urlTemplate":"https:\/\/maisonroca.ad\/en\/?s={search_term_string}"},"query-input":{"@type":"PropertyValueSpecification","valueRequired":true,"valueName":"search_term_string"}}],"inLanguage":"en-US"},{"@type":"Organization","@id":"https:\/\/maisonroca.ad\/en\/#organization","name":"Maison Roca","url":"https:\/\/maisonroca.ad\/en\/","logo":{"@type":"ImageObject","inLanguage":"en-US","@id":"https:\/\/maisonroca.ad\/en\/#\/schema\/logo\/image\/","url":"https:\/\/maisonroca.ad\/wp-content\/uploads\/2023\/10\/icono.png","contentUrl":"https:\/\/maisonroca.ad\/wp-content\/uploads\/2023\/10\/icono.png","width":512,"height":512,"caption":"Maison Roca"},"image":{"@id":"https:\/\/maisonroca.ad\/en\/#\/schema\/logo\/image\/"},"sameAs":["https:\/\/www.facebook.com\/maisonroca","https:\/\/www.instagram.com\/maisonroca\/"]}]},"product_price_amount":"1620.00","product_price_currency":"EUR","og_availability":"out of stock","product_availability":"out of stock","product_retailer_item_id":"M0A10760","product_condition":"new"},"_links":{"self":[{"href":"https:\/\/maisonroca.ad\/en\/wp-json\/wp\/v2\/product\/75251","targetHints":{"allow":["GET"]}}],"collection":[{"href":"https:\/\/maisonroca.ad\/en\/wp-json\/wp\/v2\/product"}],"about":[{"href":"https:\/\/maisonroca.ad\/en\/wp-json\/wp\/v2\/types\/product"}],"replies":[{"embeddable":true,"href":"https:\/\/maisonroca.ad\/en\/wp-json\/wp\/v2\/comments?post=75251"}],"version-history":[{"count":4,"href":"https:\/\/maisonroca.ad\/en\/wp-json\/wp\/v2\/product\/75251\/revisions"}],"predecessor-version":[{"id":76111,"href":"https:\/\/maisonroca.ad\/en\/wp-json\/wp\/v2\/product\/75251\/revisions\/76111"}],"wp:featuredmedia":[{"embeddable":true,"href":"https:\/\/maisonroca.ad\/en\/wp-json\/wp\/v2\/media\/74631"}],"wp:attachment":[{"href":"https:\/\/maisonroca.ad\/en\/wp-json\/wp\/v2\/media?parent=75251"}],"wp:term":[{"taxonomy":"product_brand","embeddable":true,"href":"https:\/\/maisonroca.ad\/en\/wp-json\/wp\/v2\/product_brand?post=75251"},{"taxonomy":"product_cat","embeddable":true,"href":"https:\/\/maisonroca.ad\/en\/wp-json\/wp\/v2\/product_cat?post=75251"},{"taxonomy":"product_tag","embeddable":true,"href":"https:\/\/maisonroca.ad\/en\/wp-json\/wp\/v2\/product_tag?post=75251"}],"curies":[{"name":"wp","href":"https:\/\/api.w.org\/{rel}","templated":true}]}}