{"id":75254,"date":"2025-05-27T15:49:44","date_gmt":"2025-05-27T13:49:44","guid":{"rendered":"https:\/\/maisonroca.ad\/?post_type=product&#038;p=75254"},"modified":"2026-03-12T10:19:49","modified_gmt":"2026-03-12T09:19:49","slug":"rellotge-baume-mercier-hampton-pm-de-35x22-mm-dor-rosa-titani-i-coco","status":"publish","type":"product","link":"https:\/\/maisonroca.ad\/en\/shop\/rellotge-baume-mercier-hampton-pm-de-35x22-mm-dor-rosa-titani-i-coco\/","title":{"rendered":"RELLOTGE BAUME &#038; MERCIER HAMPTON PM DE 35X22 MM D&#8217;OR ROSA, TITANI I COCO"},"content":{"rendered":"<p>El rellotge Baume &amp; Mercier Hampton 10752 destaca per la seva caixa rectangular<br \/>\nd&#8217;acer inoxidable polida en or rosa de 18 quirats i titani, amb unes dimensions<br \/>\nde 35 x 22 mm. La seva esfera opalina amb n\u00fameros \u00e0rabs daurats i agulles combina sofisticaci\u00f3 i funcionalitat. Impulsat per un moviment de quars, garanteix una precisi\u00f3 excepcional. A m\u00e9s, el seu bra\u00e7alet \u00e9s de pell d\u2019al\u00b7lig\u00e0tor negra intercanviable amb un sistema que permet canviar-lo f\u00e0cilment sense eines.<\/p>\n<p>Aquest model de Baume &amp; Mercier transmet eleg\u00e0ncia atemporal i versatilitat, fet que el converteix en una pe\u00e7a ideal per a qualsevol ocasi\u00f3. El seu disseny refinat i elegant, combinat amb la qualitat de la marca, fa que sigui una elecci\u00f3 perfecta per a aquells que busquen una pe\u00e7a \u00fanica, amb la promesa d&#8217;estil i confian\u00e7a en cada mirada, l&#8217;equilibri perfecte entre disseny atemporal i precisi\u00f3.<\/p>\n<p>Detalls:<\/p>\n<p>\u2022 Moviment de quars<br \/>\n\u2022 Vidre de safir<br \/>\n\u2022 Hermeticitat: 50 metres<br \/>\n\u2022 Hores i minuts<\/p>\n","protected":false},"excerpt":{"rendered":"<p>El rellotge Baume &amp; Mercier Hampton 10752 destaca per la seva caixa rectangular<br \/>\nd&#8217;acer inoxidable polida en or rosa de 18 quirats i titani, amb unes dimensions<br \/>\nde 35 x 22 mm. La seva esfera opalina amb n\u00fameros \u00e0rabs daurats i agulles combina sofisticaci\u00f3 i funcionalitat. Impulsat per un moviment de quars, garanteix una precisi\u00f3 excepcional. A m\u00e9s, el seu bra\u00e7alet \u00e9s de pell d\u2019al\u00b7lig\u00e0tor negra intercanviable amb un sistema que permet canviar-lo f\u00e0cilment sense eines.<\/p>\n<p>Aquest model de Baume &amp; Mercier transmet eleg\u00e0ncia atemporal i versatilitat, fet que el converteix en una pe\u00e7a ideal per a qualsevol ocasi\u00f3. El seu disseny refinat i elegant, combinat amb la qualitat de la marca, fa que sigui una elecci\u00f3 perfecta per a aquells que busquen una pe\u00e7a \u00fanica, amb la promesa d&#8217;estil i confian\u00e7a en cada mirada, l&#8217;equilibri perfecte entre disseny atemporal i precisi\u00f3.<\/p>\n","protected":false},"featured_media":74623,"comment_status":"closed","ping_status":"closed","template":"","meta":{"_acf_changed":false,"_monsterinsights_skip_tracking":false,"_monsterinsights_sitenote_active":false,"_monsterinsights_sitenote_note":"","_monsterinsights_sitenote_category":0},"product_brand":[],"product_cat":[2541],"product_tag":[2937,4064,2280,2323,2639,2514,1989,2340,2933,2511,4069,2536],"class_list":{"0":"post-75254","1":"product","2":"type-product","3":"status-publish","4":"has-post-thumbnail","6":"product_cat-sense-categoria-en","7":"product_tag-35x22-mm-en","8":"product_tag-aligator","9":"product_tag-baume-mercier-4","10":"product_tag-classic-4","11":"product_tag-dona-en","12":"product_tag-less-than-100-meters-en","13":"product_tag-mother-of-pearl","14":"product_tag-oro-rosa-2","15":"product_tag-pell-en","16":"product_tag-quartz-en","17":"product_tag-rellotge","18":"product_tag-titanium-en","20":"first","21":"instock","22":"shipping-taxable","23":"purchasable","24":"product-type-simple"},"acf":[],"yoast_head":"<!-- This site is optimized with the Yoast SEO Premium plugin v26.8 (Yoast SEO v27.4) - https:\/\/yoast.com\/product\/yoast-seo-premium-wordpress\/ -->\n<title>RELLOTGE BAUME &amp; MERCIER HAMPTON PM DE 35X22 MM D&#039;OR ROSA, TITANI I COCO - Maison Roca<\/title>\n<meta name=\"robots\" content=\"index, follow, max-snippet:-1, max-image-preview:large, max-video-preview:-1\" \/>\n<link rel=\"canonical\" href=\"https:\/\/maisonroca.ad\/en\/shop\/rellotge-baume-mercier-hampton-pm-de-35x22-mm-dor-rosa-titani-i-coco\/\" \/>\n<meta property=\"og:locale\" content=\"en_US\" \/>\n<meta property=\"og:type\" content=\"article\" \/>\n<meta property=\"og:title\" content=\"RELLOTGE BAUME &amp; MERCIER HAMPTON PM DE 35X22 MM D&#039;OR ROSA, TITANI I COCO\" \/>\n<meta property=\"og:description\" content=\"El rellotge Baume &amp; Mercier Hampton 10752 destaca per la seva caixa rectangular d&#039;acer inoxidable polida en or rosa de 18 quirats i titani, amb unes dimensions de 35 x 22 mm. La seva esfera opalina amb n\u00fameros \u00e0rabs daurats i agulles combina sofisticaci\u00f3 i funcionalitat. Impulsat per un moviment de quars, garanteix una precisi\u00f3 excepcional. A m\u00e9s, el seu bra\u00e7alet \u00e9s de pell d\u2019al\u00b7lig\u00e0tor negra intercanviable amb un sistema que permet canviar-lo f\u00e0cilment sense eines.  Aquest model de Baume &amp; Mercier transmet eleg\u00e0ncia atemporal i versatilitat, fet que el converteix en una pe\u00e7a ideal per a qualsevol ocasi\u00f3. El seu disseny refinat i elegant, combinat amb la qualitat de la marca, fa que sigui una elecci\u00f3 perfecta per a aquells que busquen una pe\u00e7a \u00fanica, amb la promesa d&#039;estil i confian\u00e7a en cada mirada, l&#039;equilibri perfecte entre disseny atemporal i precisi\u00f3.\" \/>\n<meta property=\"og:url\" content=\"https:\/\/maisonroca.ad\/en\/shop\/rellotge-baume-mercier-hampton-pm-de-35x22-mm-dor-rosa-titani-i-coco\/\" \/>\n<meta property=\"og:site_name\" content=\"Maison Roca\" \/>\n<meta property=\"article:publisher\" content=\"https:\/\/www.facebook.com\/maisonroca\" \/>\n<meta property=\"article:modified_time\" content=\"2026-03-12T09:19:49+00:00\" \/>\n<meta property=\"og:image\" content=\"https:\/\/maisonroca.ad\/wp-content\/uploads\/2025\/05\/m0a10752.jpg\" \/>\n\t<meta property=\"og:image:width\" content=\"1080\" \/>\n\t<meta property=\"og:image:height\" content=\"1080\" \/>\n\t<meta property=\"og:image:type\" content=\"image\/jpeg\" \/>\n<meta name=\"twitter:card\" content=\"summary_large_image\" \/>\n<meta name=\"twitter:label1\" content=\"Price\" \/>\n\t<meta name=\"twitter:data1\" content=\"4.300,00&nbsp;&euro;\" \/>\n\t<meta name=\"twitter:label2\" content=\"Availability\" \/>\n\t<meta name=\"twitter:data2\" content=\"In stock\" \/>\n<script type=\"application\/ld+json\" class=\"yoast-schema-graph\">{\"@context\":\"https:\\\/\\\/schema.org\",\"@graph\":[{\"@type\":\"WebPage\",\"@id\":\"https:\\\/\\\/maisonroca.ad\\\/en\\\/shop\\\/rellotge-baume-mercier-hampton-pm-de-35x22-mm-dor-rosa-titani-i-coco\\\/\",\"url\":\"https:\\\/\\\/maisonroca.ad\\\/en\\\/shop\\\/rellotge-baume-mercier-hampton-pm-de-35x22-mm-dor-rosa-titani-i-coco\\\/\",\"name\":\"RELLOTGE BAUME & MERCIER HAMPTON PM DE 35X22 MM D'OR ROSA, TITANI I COCO - Maison Roca\",\"isPartOf\":{\"@id\":\"https:\\\/\\\/maisonroca.ad\\\/en\\\/#website\"},\"primaryImageOfPage\":{\"@id\":\"https:\\\/\\\/maisonroca.ad\\\/en\\\/shop\\\/rellotge-baume-mercier-hampton-pm-de-35x22-mm-dor-rosa-titani-i-coco\\\/#primaryimage\"},\"image\":{\"@id\":\"https:\\\/\\\/maisonroca.ad\\\/en\\\/shop\\\/rellotge-baume-mercier-hampton-pm-de-35x22-mm-dor-rosa-titani-i-coco\\\/#primaryimage\"},\"thumbnailUrl\":\"https:\\\/\\\/maisonroca.ad\\\/wp-content\\\/uploads\\\/2025\\\/05\\\/m0a10752.jpg\",\"datePublished\":\"2025-05-27T13:49:44+00:00\",\"dateModified\":\"2026-03-12T09:19:49+00:00\",\"breadcrumb\":{\"@id\":\"https:\\\/\\\/maisonroca.ad\\\/en\\\/shop\\\/rellotge-baume-mercier-hampton-pm-de-35x22-mm-dor-rosa-titani-i-coco\\\/#breadcrumb\"},\"inLanguage\":\"en-US\",\"potentialAction\":[{\"@type\":\"ReadAction\",\"target\":[\"https:\\\/\\\/maisonroca.ad\\\/en\\\/shop\\\/rellotge-baume-mercier-hampton-pm-de-35x22-mm-dor-rosa-titani-i-coco\\\/\"]}]},{\"@type\":\"ImageObject\",\"inLanguage\":\"en-US\",\"@id\":\"https:\\\/\\\/maisonroca.ad\\\/en\\\/shop\\\/rellotge-baume-mercier-hampton-pm-de-35x22-mm-dor-rosa-titani-i-coco\\\/#primaryimage\",\"url\":\"https:\\\/\\\/maisonroca.ad\\\/wp-content\\\/uploads\\\/2025\\\/05\\\/m0a10752.jpg\",\"contentUrl\":\"https:\\\/\\\/maisonroca.ad\\\/wp-content\\\/uploads\\\/2025\\\/05\\\/m0a10752.jpg\",\"width\":1080,\"height\":1080},{\"@type\":\"BreadcrumbList\",\"@id\":\"https:\\\/\\\/maisonroca.ad\\\/en\\\/shop\\\/rellotge-baume-mercier-hampton-pm-de-35x22-mm-dor-rosa-titani-i-coco\\\/#breadcrumb\",\"itemListElement\":[{\"@type\":\"ListItem\",\"position\":1,\"name\":\"Portada\",\"item\":\"https:\\\/\\\/maisonroca.ad\\\/en\\\/\"},{\"@type\":\"ListItem\",\"position\":2,\"name\":\"Shop\",\"item\":\"https:\\\/\\\/maisonroca.ad\\\/en\\\/botiga\\\/\"},{\"@type\":\"ListItem\",\"position\":3,\"name\":\"RELLOTGE BAUME &#038; MERCIER HAMPTON PM DE 35X22 MM D&#8217;OR ROSA, TITANI I COCO\"}]},{\"@type\":\"WebSite\",\"@id\":\"https:\\\/\\\/maisonroca.ad\\\/en\\\/#website\",\"url\":\"https:\\\/\\\/maisonroca.ad\\\/en\\\/\",\"name\":\"Maison Roca\",\"description\":\"Bold Luxury Life - joieria d&#039;autor - Andorra\",\"publisher\":{\"@id\":\"https:\\\/\\\/maisonroca.ad\\\/en\\\/#organization\"},\"potentialAction\":[{\"@type\":\"SearchAction\",\"target\":{\"@type\":\"EntryPoint\",\"urlTemplate\":\"https:\\\/\\\/maisonroca.ad\\\/en\\\/?s={search_term_string}\"},\"query-input\":{\"@type\":\"PropertyValueSpecification\",\"valueRequired\":true,\"valueName\":\"search_term_string\"}}],\"inLanguage\":\"en-US\"},{\"@type\":\"Organization\",\"@id\":\"https:\\\/\\\/maisonroca.ad\\\/en\\\/#organization\",\"name\":\"Maison Roca\",\"url\":\"https:\\\/\\\/maisonroca.ad\\\/en\\\/\",\"logo\":{\"@type\":\"ImageObject\",\"inLanguage\":\"en-US\",\"@id\":\"https:\\\/\\\/maisonroca.ad\\\/en\\\/#\\\/schema\\\/logo\\\/image\\\/\",\"url\":\"https:\\\/\\\/maisonroca.ad\\\/wp-content\\\/uploads\\\/2023\\\/10\\\/icono.png\",\"contentUrl\":\"https:\\\/\\\/maisonroca.ad\\\/wp-content\\\/uploads\\\/2023\\\/10\\\/icono.png\",\"width\":512,\"height\":512,\"caption\":\"Maison Roca\"},\"image\":{\"@id\":\"https:\\\/\\\/maisonroca.ad\\\/en\\\/#\\\/schema\\\/logo\\\/image\\\/\"},\"sameAs\":[\"https:\\\/\\\/www.facebook.com\\\/maisonroca\",\"https:\\\/\\\/www.instagram.com\\\/maisonroca\\\/\"]}]}<\/script>\n<meta property=\"product:price:amount\" content=\"4300.00\" \/>\n<meta property=\"product:price:currency\" content=\"EUR\" \/>\n<meta property=\"og:availability\" content=\"instock\" \/>\n<meta property=\"product:availability\" content=\"instock\" \/>\n<meta property=\"product:retailer_item_id\" content=\"M0A10752\" \/>\n<meta property=\"product:condition\" content=\"new\" \/>\n<!-- \/ Yoast SEO Premium plugin. -->","yoast_head_json":{"title":"RELLOTGE BAUME & MERCIER HAMPTON PM DE 35X22 MM D'OR ROSA, TITANI I COCO - Maison Roca","robots":{"index":"index","follow":"follow","max-snippet":"max-snippet:-1","max-image-preview":"max-image-preview:large","max-video-preview":"max-video-preview:-1"},"canonical":"https:\/\/maisonroca.ad\/en\/shop\/rellotge-baume-mercier-hampton-pm-de-35x22-mm-dor-rosa-titani-i-coco\/","og_locale":"en_US","og_type":"article","og_title":"RELLOTGE BAUME & MERCIER HAMPTON PM DE 35X22 MM D'OR ROSA, TITANI I COCO","og_description":"El rellotge Baume &amp; Mercier Hampton 10752 destaca per la seva caixa rectangular d'acer inoxidable polida en or rosa de 18 quirats i titani, amb unes dimensions de 35 x 22 mm. La seva esfera opalina amb n\u00fameros \u00e0rabs daurats i agulles combina sofisticaci\u00f3 i funcionalitat. Impulsat per un moviment de quars, garanteix una precisi\u00f3 excepcional. A m\u00e9s, el seu bra\u00e7alet \u00e9s de pell d\u2019al\u00b7lig\u00e0tor negra intercanviable amb un sistema que permet canviar-lo f\u00e0cilment sense eines.  Aquest model de Baume &amp; Mercier transmet eleg\u00e0ncia atemporal i versatilitat, fet que el converteix en una pe\u00e7a ideal per a qualsevol ocasi\u00f3. El seu disseny refinat i elegant, combinat amb la qualitat de la marca, fa que sigui una elecci\u00f3 perfecta per a aquells que busquen una pe\u00e7a \u00fanica, amb la promesa d'estil i confian\u00e7a en cada mirada, l'equilibri perfecte entre disseny atemporal i precisi\u00f3.","og_url":"https:\/\/maisonroca.ad\/en\/shop\/rellotge-baume-mercier-hampton-pm-de-35x22-mm-dor-rosa-titani-i-coco\/","og_site_name":"Maison Roca","article_publisher":"https:\/\/www.facebook.com\/maisonroca","article_modified_time":"2026-03-12T09:19:49+00:00","og_image":[{"width":1080,"height":1080,"url":"https:\/\/maisonroca.ad\/wp-content\/uploads\/2025\/05\/m0a10752.jpg","type":"image\/jpeg"}],"twitter_card":"summary_large_image","twitter_misc":{"Price":"4.300,00&nbsp;&euro;","Availability":"In stock"},"schema":{"@context":"https:\/\/schema.org","@graph":[{"@type":"WebPage","@id":"https:\/\/maisonroca.ad\/en\/shop\/rellotge-baume-mercier-hampton-pm-de-35x22-mm-dor-rosa-titani-i-coco\/","url":"https:\/\/maisonroca.ad\/en\/shop\/rellotge-baume-mercier-hampton-pm-de-35x22-mm-dor-rosa-titani-i-coco\/","name":"RELLOTGE BAUME & MERCIER HAMPTON PM DE 35X22 MM D'OR ROSA, TITANI I COCO - Maison Roca","isPartOf":{"@id":"https:\/\/maisonroca.ad\/en\/#website"},"primaryImageOfPage":{"@id":"https:\/\/maisonroca.ad\/en\/shop\/rellotge-baume-mercier-hampton-pm-de-35x22-mm-dor-rosa-titani-i-coco\/#primaryimage"},"image":{"@id":"https:\/\/maisonroca.ad\/en\/shop\/rellotge-baume-mercier-hampton-pm-de-35x22-mm-dor-rosa-titani-i-coco\/#primaryimage"},"thumbnailUrl":"https:\/\/maisonroca.ad\/wp-content\/uploads\/2025\/05\/m0a10752.jpg","datePublished":"2025-05-27T13:49:44+00:00","dateModified":"2026-03-12T09:19:49+00:00","breadcrumb":{"@id":"https:\/\/maisonroca.ad\/en\/shop\/rellotge-baume-mercier-hampton-pm-de-35x22-mm-dor-rosa-titani-i-coco\/#breadcrumb"},"inLanguage":"en-US","potentialAction":[{"@type":"ReadAction","target":["https:\/\/maisonroca.ad\/en\/shop\/rellotge-baume-mercier-hampton-pm-de-35x22-mm-dor-rosa-titani-i-coco\/"]}]},{"@type":"ImageObject","inLanguage":"en-US","@id":"https:\/\/maisonroca.ad\/en\/shop\/rellotge-baume-mercier-hampton-pm-de-35x22-mm-dor-rosa-titani-i-coco\/#primaryimage","url":"https:\/\/maisonroca.ad\/wp-content\/uploads\/2025\/05\/m0a10752.jpg","contentUrl":"https:\/\/maisonroca.ad\/wp-content\/uploads\/2025\/05\/m0a10752.jpg","width":1080,"height":1080},{"@type":"BreadcrumbList","@id":"https:\/\/maisonroca.ad\/en\/shop\/rellotge-baume-mercier-hampton-pm-de-35x22-mm-dor-rosa-titani-i-coco\/#breadcrumb","itemListElement":[{"@type":"ListItem","position":1,"name":"Portada","item":"https:\/\/maisonroca.ad\/en\/"},{"@type":"ListItem","position":2,"name":"Shop","item":"https:\/\/maisonroca.ad\/en\/botiga\/"},{"@type":"ListItem","position":3,"name":"RELLOTGE BAUME &#038; MERCIER HAMPTON PM DE 35X22 MM D&#8217;OR ROSA, TITANI I COCO"}]},{"@type":"WebSite","@id":"https:\/\/maisonroca.ad\/en\/#website","url":"https:\/\/maisonroca.ad\/en\/","name":"Maison Roca","description":"Bold Luxury Life - joieria d&#039;autor - Andorra","publisher":{"@id":"https:\/\/maisonroca.ad\/en\/#organization"},"potentialAction":[{"@type":"SearchAction","target":{"@type":"EntryPoint","urlTemplate":"https:\/\/maisonroca.ad\/en\/?s={search_term_string}"},"query-input":{"@type":"PropertyValueSpecification","valueRequired":true,"valueName":"search_term_string"}}],"inLanguage":"en-US"},{"@type":"Organization","@id":"https:\/\/maisonroca.ad\/en\/#organization","name":"Maison Roca","url":"https:\/\/maisonroca.ad\/en\/","logo":{"@type":"ImageObject","inLanguage":"en-US","@id":"https:\/\/maisonroca.ad\/en\/#\/schema\/logo\/image\/","url":"https:\/\/maisonroca.ad\/wp-content\/uploads\/2023\/10\/icono.png","contentUrl":"https:\/\/maisonroca.ad\/wp-content\/uploads\/2023\/10\/icono.png","width":512,"height":512,"caption":"Maison Roca"},"image":{"@id":"https:\/\/maisonroca.ad\/en\/#\/schema\/logo\/image\/"},"sameAs":["https:\/\/www.facebook.com\/maisonroca","https:\/\/www.instagram.com\/maisonroca\/"]}]},"product_price_amount":"4300.00","product_price_currency":"EUR","og_availability":"instock","product_availability":"instock","product_retailer_item_id":"M0A10752","product_condition":"new"},"_links":{"self":[{"href":"https:\/\/maisonroca.ad\/en\/wp-json\/wp\/v2\/product\/75254","targetHints":{"allow":["GET"]}}],"collection":[{"href":"https:\/\/maisonroca.ad\/en\/wp-json\/wp\/v2\/product"}],"about":[{"href":"https:\/\/maisonroca.ad\/en\/wp-json\/wp\/v2\/types\/product"}],"replies":[{"embeddable":true,"href":"https:\/\/maisonroca.ad\/en\/wp-json\/wp\/v2\/comments?post=75254"}],"version-history":[{"count":5,"href":"https:\/\/maisonroca.ad\/en\/wp-json\/wp\/v2\/product\/75254\/revisions"}],"predecessor-version":[{"id":79842,"href":"https:\/\/maisonroca.ad\/en\/wp-json\/wp\/v2\/product\/75254\/revisions\/79842"}],"wp:featuredmedia":[{"embeddable":true,"href":"https:\/\/maisonroca.ad\/en\/wp-json\/wp\/v2\/media\/74623"}],"wp:attachment":[{"href":"https:\/\/maisonroca.ad\/en\/wp-json\/wp\/v2\/media?parent=75254"}],"wp:term":[{"taxonomy":"product_brand","embeddable":true,"href":"https:\/\/maisonroca.ad\/en\/wp-json\/wp\/v2\/product_brand?post=75254"},{"taxonomy":"product_cat","embeddable":true,"href":"https:\/\/maisonroca.ad\/en\/wp-json\/wp\/v2\/product_cat?post=75254"},{"taxonomy":"product_tag","embeddable":true,"href":"https:\/\/maisonroca.ad\/en\/wp-json\/wp\/v2\/product_tag?post=75254"}],"curies":[{"name":"wp","href":"https:\/\/api.w.org\/{rel}","templated":true}]}}