{"id":43976,"date":"2024-07-28T23:56:55","date_gmt":"2024-07-28T21:56:55","guid":{"rendered":"https:\/\/maisonroca.ad\/product\/reloj-bell-ross-br05a-cronografo-a523-alpine-de-42mm-de-cuero\/"},"modified":"2026-02-20T15:52:29","modified_gmt":"2026-02-20T14:52:29","slug":"reloj-bell-ross-br05a-cronografo-a523-alpine-de-42mm-de-cuero","status":"publish","type":"product","link":"https:\/\/maisonroca.ad\/es\/tienda\/reloj-bell-ross-br05a-cronografo-a523-alpine-de-42mm-de-cuero\/","title":{"rendered":"RELOJ BELL &#038; ROSS BR05A CRON\u00d3GRAFO A523 ALPINE DE 42MM DE CUERO"},"content":{"rendered":"<p>El reloj Bell &amp; Ross BR 05 Chrono A523 de 42 mm, inspirado en la colaboraci\u00f3n con el mundo de la F\u00f3rmula 1, presenta una robusta caja de acero pulido-satinado y correa de caucho negro.<\/p>\n<p>La esfera negra, con detalles en blanco y rojo, recuerda los colores ic\u00f3nicos del equipo Alpine F1 Team. Los dos contadores del cron\u00f3grafo ofrecen una lectura clara y funcional, mientras que las agujas e \u00edndices recubiertos de Super LumiNova garantizan una visibilidad \u00f3ptima en cualquier condici\u00f3n de luz. El cristal de zafiro con tratamiento antirreflectante protege la esfera con total claridad.<br \/>\nEste modelo incorpora el movimiento autom\u00e1tico BR-CAL.326, que impulsa las funciones de horas, minutos, peque\u00f1os segundos, fecha y cron\u00f3grafo con alta precisi\u00f3n y fiabilidad. Con una hermeticidad de 100 metros, el BR 05 Chrono A523 representa la fusi\u00f3n perfecta entre deporte de \u00e9lite, dise\u00f1o t\u00e9cnico y estilo contempor\u00e1neo.<\/p>\n<p>Detalles:<\/p>\n<ul>\n<li>Caja de acero pulido-satinado de 42 mm<\/li>\n<li>Esfera negra con detalles Alpine F1<\/li>\n<li>Contadores de cron\u00f3grafo<\/li>\n<li>\u00cdndices y agujas con Super LumiNova<\/li>\n<li>Cristal de zafiro con tratamiento antirreflectante<\/li>\n<li>Movimiento autom\u00e1tico BR-CAL.326<\/li>\n<li>Funciones: horas, minutos, peque\u00f1os segundos, fecha y cron\u00f3grafo<\/li>\n<li>Correa de caucho negro<\/li>\n<li>Hermeticidad: 100 m<\/li>\n<\/ul>\n","protected":false},"excerpt":{"rendered":"<p>El reloj Bell &amp; Ross BR 05 Chrono A523 de 42 mm, inspirado en la colaboraci\u00f3n con el mundo de la F\u00f3rmula 1, presenta una robusta caja de acero pulido-satinado y correa de caucho negro. La esfera negra, con detalles en blanco y rojo, recuerda los colores ic\u00f3nicos del equipo Alpine F1 Team. Los dos [&hellip;]<\/p>\n","protected":false},"featured_media":68426,"comment_status":"closed","ping_status":"closed","template":"","meta":{"_acf_changed":false,"_monsterinsights_skip_tracking":false,"_monsterinsights_sitenote_active":false,"_monsterinsights_sitenote_note":"","_monsterinsights_sitenote_category":0},"product_brand":[],"product_cat":[1222,1218],"product_tag":[1595,2221,2353,2883,2637,2188,2587,2530],"class_list":{"0":"post-43976","1":"product","2":"type-product","3":"status-publish","4":"has-post-thumbnail","6":"product_cat-bell-ross-es","7":"product_cat-relojes","8":"product_tag-acero","9":"product_tag-automatic-2-2","10":"product_tag-bell-ross-2","11":"product_tag-cronograf-es","12":"product_tag-de-100-a-300-metres-es","13":"product_tag-negra-2","14":"product_tag-rellotges-es","15":"product_tag-senor","17":"first","18":"instock","19":"sold-individually","20":"purchasable","21":"product-type-simple"},"acf":[],"yoast_head":"<!-- This site is optimized with the Yoast SEO Premium plugin v26.8 (Yoast SEO v27.4) - https:\/\/yoast.com\/product\/yoast-seo-premium-wordpress\/ -->\n<title>RELOJ BELL &amp; ROSS BR05A CRON\u00d3GRAFO A523 ALPINE DE 42MM DE CUERO - Maison Roca<\/title>\n<meta name=\"robots\" content=\"index, follow, max-snippet:-1, max-image-preview:large, max-video-preview:-1\" \/>\n<link rel=\"canonical\" href=\"https:\/\/maisonroca.ad\/es\/tienda\/reloj-bell-ross-br05a-cronografo-a523-alpine-de-42mm-de-cuero\/\" \/>\n<meta property=\"og:locale\" content=\"es_ES\" \/>\n<meta property=\"og:type\" content=\"article\" \/>\n<meta property=\"og:title\" content=\"RELOJ BELL &amp; ROSS BR05A CRON\u00d3GRAFO A523 ALPINE DE 42MM DE CUERO\" \/>\n<meta property=\"og:description\" content=\"El reloj Bell &amp; Ross BR 05 Chrono A523 de 42 mm, inspirado en la colaboraci\u00f3n con el mundo de la F\u00f3rmula 1, presenta una robusta caja de acero pulido-satinado y correa de caucho negro. La esfera negra, con detalles en blanco y rojo, recuerda los colores ic\u00f3nicos del equipo Alpine F1 Team. Los dos [&hellip;]\" \/>\n<meta property=\"og:url\" content=\"https:\/\/maisonroca.ad\/es\/tienda\/reloj-bell-ross-br05a-cronografo-a523-alpine-de-42mm-de-cuero\/\" \/>\n<meta property=\"og:site_name\" content=\"Maison Roca\" \/>\n<meta property=\"article:publisher\" content=\"https:\/\/www.facebook.com\/maisonroca\" \/>\n<meta property=\"article:modified_time\" content=\"2026-02-20T14:52:29+00:00\" \/>\n<meta property=\"og:image\" content=\"https:\/\/maisonroca.ad\/wp-content\/uploads\/2024\/07\/br05c-a523-st-sca-2.jpg\" \/>\n\t<meta property=\"og:image:width\" content=\"800\" \/>\n\t<meta property=\"og:image:height\" content=\"800\" \/>\n\t<meta property=\"og:image:type\" content=\"image\/jpeg\" \/>\n<meta name=\"twitter:card\" content=\"summary_large_image\" \/>\n<meta name=\"twitter:label1\" content=\"Precio\" \/>\n\t<meta name=\"twitter:data1\" content=\"5.942,00&nbsp;&euro;\" \/>\n\t<meta name=\"twitter:label2\" content=\"Disponibilidad\" \/>\n\t<meta name=\"twitter:data2\" content=\"Disponible\" \/>\n<script type=\"application\/ld+json\" class=\"yoast-schema-graph\">{\"@context\":\"https:\\\/\\\/schema.org\",\"@graph\":[{\"@type\":\"WebPage\",\"@id\":\"https:\\\/\\\/maisonroca.ad\\\/es\\\/tienda\\\/reloj-bell-ross-br05a-cronografo-a523-alpine-de-42mm-de-cuero\\\/\",\"url\":\"https:\\\/\\\/maisonroca.ad\\\/es\\\/tienda\\\/reloj-bell-ross-br05a-cronografo-a523-alpine-de-42mm-de-cuero\\\/\",\"name\":\"RELOJ BELL & ROSS BR05A CRON\u00d3GRAFO A523 ALPINE DE 42MM DE CUERO - Maison Roca\",\"isPartOf\":{\"@id\":\"https:\\\/\\\/maisonroca.ad\\\/es\\\/#website\"},\"primaryImageOfPage\":{\"@id\":\"https:\\\/\\\/maisonroca.ad\\\/es\\\/tienda\\\/reloj-bell-ross-br05a-cronografo-a523-alpine-de-42mm-de-cuero\\\/#primaryimage\"},\"image\":{\"@id\":\"https:\\\/\\\/maisonroca.ad\\\/es\\\/tienda\\\/reloj-bell-ross-br05a-cronografo-a523-alpine-de-42mm-de-cuero\\\/#primaryimage\"},\"thumbnailUrl\":\"https:\\\/\\\/maisonroca.ad\\\/wp-content\\\/uploads\\\/2024\\\/07\\\/br05c-a523-st-sca-2.jpg\",\"datePublished\":\"2024-07-28T21:56:55+00:00\",\"dateModified\":\"2026-02-20T14:52:29+00:00\",\"breadcrumb\":{\"@id\":\"https:\\\/\\\/maisonroca.ad\\\/es\\\/tienda\\\/reloj-bell-ross-br05a-cronografo-a523-alpine-de-42mm-de-cuero\\\/#breadcrumb\"},\"inLanguage\":\"es\",\"potentialAction\":[{\"@type\":\"ReadAction\",\"target\":[\"https:\\\/\\\/maisonroca.ad\\\/es\\\/tienda\\\/reloj-bell-ross-br05a-cronografo-a523-alpine-de-42mm-de-cuero\\\/\"]}]},{\"@type\":\"ImageObject\",\"inLanguage\":\"es\",\"@id\":\"https:\\\/\\\/maisonroca.ad\\\/es\\\/tienda\\\/reloj-bell-ross-br05a-cronografo-a523-alpine-de-42mm-de-cuero\\\/#primaryimage\",\"url\":\"https:\\\/\\\/maisonroca.ad\\\/wp-content\\\/uploads\\\/2024\\\/07\\\/br05c-a523-st-sca-2.jpg\",\"contentUrl\":\"https:\\\/\\\/maisonroca.ad\\\/wp-content\\\/uploads\\\/2024\\\/07\\\/br05c-a523-st-sca-2.jpg\",\"width\":800,\"height\":800,\"caption\":\"maison-roca-andorra-bell-i-ross-rellotge-br05a-cronograf-a523-alpine-42-mm-cuir\"},{\"@type\":\"BreadcrumbList\",\"@id\":\"https:\\\/\\\/maisonroca.ad\\\/es\\\/tienda\\\/reloj-bell-ross-br05a-cronografo-a523-alpine-de-42mm-de-cuero\\\/#breadcrumb\",\"itemListElement\":[{\"@type\":\"ListItem\",\"position\":1,\"name\":\"Portada\",\"item\":\"https:\\\/\\\/maisonroca.ad\\\/es\\\/\"},{\"@type\":\"ListItem\",\"position\":2,\"name\":\"Botiga\",\"item\":\"https:\\\/\\\/maisonroca.ad\\\/botiga\\\/\"},{\"@type\":\"ListItem\",\"position\":3,\"name\":\"RELOJ BELL &#038; ROSS BR05A CRON\u00d3GRAFO A523 ALPINE DE 42MM DE CUERO\"}]},{\"@type\":\"WebSite\",\"@id\":\"https:\\\/\\\/maisonroca.ad\\\/es\\\/#website\",\"url\":\"https:\\\/\\\/maisonroca.ad\\\/es\\\/\",\"name\":\"Maison Roca\",\"description\":\"Bold Luxury Life - joieria d&#039;autor - Andorra\",\"publisher\":{\"@id\":\"https:\\\/\\\/maisonroca.ad\\\/es\\\/#organization\"},\"potentialAction\":[{\"@type\":\"SearchAction\",\"target\":{\"@type\":\"EntryPoint\",\"urlTemplate\":\"https:\\\/\\\/maisonroca.ad\\\/es\\\/?s={search_term_string}\"},\"query-input\":{\"@type\":\"PropertyValueSpecification\",\"valueRequired\":true,\"valueName\":\"search_term_string\"}}],\"inLanguage\":\"es\"},{\"@type\":\"Organization\",\"@id\":\"https:\\\/\\\/maisonroca.ad\\\/es\\\/#organization\",\"name\":\"Maison Roca\",\"url\":\"https:\\\/\\\/maisonroca.ad\\\/es\\\/\",\"logo\":{\"@type\":\"ImageObject\",\"inLanguage\":\"es\",\"@id\":\"https:\\\/\\\/maisonroca.ad\\\/es\\\/#\\\/schema\\\/logo\\\/image\\\/\",\"url\":\"https:\\\/\\\/maisonroca.ad\\\/wp-content\\\/uploads\\\/2023\\\/10\\\/icono.png\",\"contentUrl\":\"https:\\\/\\\/maisonroca.ad\\\/wp-content\\\/uploads\\\/2023\\\/10\\\/icono.png\",\"width\":512,\"height\":512,\"caption\":\"Maison Roca\"},\"image\":{\"@id\":\"https:\\\/\\\/maisonroca.ad\\\/es\\\/#\\\/schema\\\/logo\\\/image\\\/\"},\"sameAs\":[\"https:\\\/\\\/www.facebook.com\\\/maisonroca\",\"https:\\\/\\\/www.instagram.com\\\/maisonroca\\\/\"]}]}<\/script>\n<meta property=\"product:price:amount\" content=\"5942.00\" \/>\n<meta property=\"product:price:currency\" content=\"EUR\" \/>\n<meta property=\"og:availability\" content=\"instock\" \/>\n<meta property=\"product:availability\" content=\"instock\" \/>\n<meta property=\"product:retailer_item_id\" content=\"BR05C-A523-ST\/SCA\" \/>\n<meta property=\"product:condition\" content=\"new\" \/>\n<!-- \/ Yoast SEO Premium plugin. -->","yoast_head_json":{"title":"RELOJ BELL & ROSS BR05A CRON\u00d3GRAFO A523 ALPINE DE 42MM DE CUERO - Maison Roca","robots":{"index":"index","follow":"follow","max-snippet":"max-snippet:-1","max-image-preview":"max-image-preview:large","max-video-preview":"max-video-preview:-1"},"canonical":"https:\/\/maisonroca.ad\/es\/tienda\/reloj-bell-ross-br05a-cronografo-a523-alpine-de-42mm-de-cuero\/","og_locale":"es_ES","og_type":"article","og_title":"RELOJ BELL & ROSS BR05A CRON\u00d3GRAFO A523 ALPINE DE 42MM DE CUERO","og_description":"El reloj Bell &amp; Ross BR 05 Chrono A523 de 42 mm, inspirado en la colaboraci\u00f3n con el mundo de la F\u00f3rmula 1, presenta una robusta caja de acero pulido-satinado y correa de caucho negro. La esfera negra, con detalles en blanco y rojo, recuerda los colores ic\u00f3nicos del equipo Alpine F1 Team. Los dos [&hellip;]","og_url":"https:\/\/maisonroca.ad\/es\/tienda\/reloj-bell-ross-br05a-cronografo-a523-alpine-de-42mm-de-cuero\/","og_site_name":"Maison Roca","article_publisher":"https:\/\/www.facebook.com\/maisonroca","article_modified_time":"2026-02-20T14:52:29+00:00","og_image":[{"width":800,"height":800,"url":"https:\/\/maisonroca.ad\/wp-content\/uploads\/2024\/07\/br05c-a523-st-sca-2.jpg","type":"image\/jpeg"}],"twitter_card":"summary_large_image","twitter_misc":{"Precio":"5.942,00&nbsp;&euro;","Disponibilidad":"Disponible"},"schema":{"@context":"https:\/\/schema.org","@graph":[{"@type":"WebPage","@id":"https:\/\/maisonroca.ad\/es\/tienda\/reloj-bell-ross-br05a-cronografo-a523-alpine-de-42mm-de-cuero\/","url":"https:\/\/maisonroca.ad\/es\/tienda\/reloj-bell-ross-br05a-cronografo-a523-alpine-de-42mm-de-cuero\/","name":"RELOJ BELL & ROSS BR05A CRON\u00d3GRAFO A523 ALPINE DE 42MM DE CUERO - Maison Roca","isPartOf":{"@id":"https:\/\/maisonroca.ad\/es\/#website"},"primaryImageOfPage":{"@id":"https:\/\/maisonroca.ad\/es\/tienda\/reloj-bell-ross-br05a-cronografo-a523-alpine-de-42mm-de-cuero\/#primaryimage"},"image":{"@id":"https:\/\/maisonroca.ad\/es\/tienda\/reloj-bell-ross-br05a-cronografo-a523-alpine-de-42mm-de-cuero\/#primaryimage"},"thumbnailUrl":"https:\/\/maisonroca.ad\/wp-content\/uploads\/2024\/07\/br05c-a523-st-sca-2.jpg","datePublished":"2024-07-28T21:56:55+00:00","dateModified":"2026-02-20T14:52:29+00:00","breadcrumb":{"@id":"https:\/\/maisonroca.ad\/es\/tienda\/reloj-bell-ross-br05a-cronografo-a523-alpine-de-42mm-de-cuero\/#breadcrumb"},"inLanguage":"es","potentialAction":[{"@type":"ReadAction","target":["https:\/\/maisonroca.ad\/es\/tienda\/reloj-bell-ross-br05a-cronografo-a523-alpine-de-42mm-de-cuero\/"]}]},{"@type":"ImageObject","inLanguage":"es","@id":"https:\/\/maisonroca.ad\/es\/tienda\/reloj-bell-ross-br05a-cronografo-a523-alpine-de-42mm-de-cuero\/#primaryimage","url":"https:\/\/maisonroca.ad\/wp-content\/uploads\/2024\/07\/br05c-a523-st-sca-2.jpg","contentUrl":"https:\/\/maisonroca.ad\/wp-content\/uploads\/2024\/07\/br05c-a523-st-sca-2.jpg","width":800,"height":800,"caption":"maison-roca-andorra-bell-i-ross-rellotge-br05a-cronograf-a523-alpine-42-mm-cuir"},{"@type":"BreadcrumbList","@id":"https:\/\/maisonroca.ad\/es\/tienda\/reloj-bell-ross-br05a-cronografo-a523-alpine-de-42mm-de-cuero\/#breadcrumb","itemListElement":[{"@type":"ListItem","position":1,"name":"Portada","item":"https:\/\/maisonroca.ad\/es\/"},{"@type":"ListItem","position":2,"name":"Botiga","item":"https:\/\/maisonroca.ad\/botiga\/"},{"@type":"ListItem","position":3,"name":"RELOJ BELL &#038; ROSS BR05A CRON\u00d3GRAFO A523 ALPINE DE 42MM DE CUERO"}]},{"@type":"WebSite","@id":"https:\/\/maisonroca.ad\/es\/#website","url":"https:\/\/maisonroca.ad\/es\/","name":"Maison Roca","description":"Bold Luxury Life - joieria d&#039;autor - Andorra","publisher":{"@id":"https:\/\/maisonroca.ad\/es\/#organization"},"potentialAction":[{"@type":"SearchAction","target":{"@type":"EntryPoint","urlTemplate":"https:\/\/maisonroca.ad\/es\/?s={search_term_string}"},"query-input":{"@type":"PropertyValueSpecification","valueRequired":true,"valueName":"search_term_string"}}],"inLanguage":"es"},{"@type":"Organization","@id":"https:\/\/maisonroca.ad\/es\/#organization","name":"Maison Roca","url":"https:\/\/maisonroca.ad\/es\/","logo":{"@type":"ImageObject","inLanguage":"es","@id":"https:\/\/maisonroca.ad\/es\/#\/schema\/logo\/image\/","url":"https:\/\/maisonroca.ad\/wp-content\/uploads\/2023\/10\/icono.png","contentUrl":"https:\/\/maisonroca.ad\/wp-content\/uploads\/2023\/10\/icono.png","width":512,"height":512,"caption":"Maison Roca"},"image":{"@id":"https:\/\/maisonroca.ad\/es\/#\/schema\/logo\/image\/"},"sameAs":["https:\/\/www.facebook.com\/maisonroca","https:\/\/www.instagram.com\/maisonroca\/"]}]},"product_price_amount":"5942.00","product_price_currency":"EUR","og_availability":"instock","product_availability":"instock","product_retailer_item_id":"BR05C-A523-ST\/SCA","product_condition":"new"},"_links":{"self":[{"href":"https:\/\/maisonroca.ad\/es\/wp-json\/wp\/v2\/product\/43976","targetHints":{"allow":["GET"]}}],"collection":[{"href":"https:\/\/maisonroca.ad\/es\/wp-json\/wp\/v2\/product"}],"about":[{"href":"https:\/\/maisonroca.ad\/es\/wp-json\/wp\/v2\/types\/product"}],"replies":[{"embeddable":true,"href":"https:\/\/maisonroca.ad\/es\/wp-json\/wp\/v2\/comments?post=43976"}],"version-history":[{"count":1,"href":"https:\/\/maisonroca.ad\/es\/wp-json\/wp\/v2\/product\/43976\/revisions"}],"predecessor-version":[{"id":84185,"href":"https:\/\/maisonroca.ad\/es\/wp-json\/wp\/v2\/product\/43976\/revisions\/84185"}],"wp:featuredmedia":[{"embeddable":true,"href":"https:\/\/maisonroca.ad\/es\/wp-json\/wp\/v2\/media\/68426"}],"wp:attachment":[{"href":"https:\/\/maisonroca.ad\/es\/wp-json\/wp\/v2\/media?parent=43976"}],"wp:term":[{"taxonomy":"product_brand","embeddable":true,"href":"https:\/\/maisonroca.ad\/es\/wp-json\/wp\/v2\/product_brand?post=43976"},{"taxonomy":"product_cat","embeddable":true,"href":"https:\/\/maisonroca.ad\/es\/wp-json\/wp\/v2\/product_cat?post=43976"},{"taxonomy":"product_tag","embeddable":true,"href":"https:\/\/maisonroca.ad\/es\/wp-json\/wp\/v2\/product_tag?post=43976"}],"curies":[{"name":"wp","href":"https:\/\/api.w.org\/{rel}","templated":true}]}}