{"id":43979,"date":"2024-07-28T23:56:55","date_gmt":"2024-07-28T21:56:55","guid":{"rendered":"https:\/\/maisonroca.ad\/product\/reloj-bell-ross-brx5-automatico-de-41-mm-de-titanio-y-caucho\/"},"modified":"2025-12-30T08:58:18","modified_gmt":"2025-12-30T07:58:18","slug":"reloj-bell-ross-brx5-automatico-de-41-mm-de-carbon-titanio-y-caucho","status":"publish","type":"product","link":"https:\/\/maisonroca.ad\/es\/tienda\/reloj-bell-ross-brx5-automatico-de-41-mm-de-carbon-titanio-y-caucho\/","title":{"rendered":"RELOJ BELL &#038; ROSS BRX5 AUTOM\u00c1TICO DE 41 MM DE CARB\u00d3N, TITANIO Y CAUCHO"},"content":{"rendered":"<p>Reloj Bell &amp; Ross BR-X5 carb\u00f3n naranja edici\u00f3n limitada de 500 piezas de 41 mm de di\u00e1metro, caja de titanio y pulsera de caucho, esfera negra mate y movimiento mec\u00e1nico autom\u00e1tico.<\/p>\n<p>Detalles:<\/p>\n<p>Cristal de zafiro<\/p>\n","protected":false},"excerpt":{"rendered":"<p>Reloj Bell &amp; Ross BR-X5 carb\u00f3n naranja edici\u00f3n limitada de 500 piezas de 41 mm de di\u00e1metro, caja de titanio y pulsera de caucho, esfera negra mate y movimiento mec\u00e1nico autom\u00e1tico. Detalles: Cristal de zafiro<\/p>\n","protected":false},"featured_media":54423,"comment_status":"closed","ping_status":"closed","template":"","meta":{"_acf_changed":false,"_monsterinsights_skip_tracking":false,"_monsterinsights_sitenote_active":false,"_monsterinsights_sitenote_note":"","_monsterinsights_sitenote_category":0},"product_brand":[],"product_cat":[1222,1218],"product_tag":[2357,2221,2353,2532,2637,1577,2587,2530,1614],"class_list":{"0":"post-43979","1":"product","2":"type-product","3":"status-publish","4":"has-post-thumbnail","6":"product_cat-bell-ross-es","7":"product_cat-relojes","8":"product_tag-41-mm-3","9":"product_tag-automatic-2-2","10":"product_tag-bell-ross-2","11":"product_tag-caucho-es","12":"product_tag-de-100-a-300-metres-es","13":"product_tag-naranja","14":"product_tag-rellotges-es","15":"product_tag-senor","16":"product_tag-titanio","18":"first","19":"instock","20":"sold-individually","21":"product-type-simple"},"acf":[],"yoast_head":"<!-- This site is optimized with the Yoast SEO Premium plugin v26.8 (Yoast SEO v27.3) - https:\/\/yoast.com\/product\/yoast-seo-premium-wordpress\/ -->\n<title>RELOJ BELL &amp; ROSS BRX5 AUTOM\u00c1TICO DE 41 MM DE CARB\u00d3N, TITANIO Y CAUCHO - Maison Roca<\/title>\n<meta name=\"robots\" content=\"index, follow, max-snippet:-1, max-image-preview:large, max-video-preview:-1\" \/>\n<link rel=\"canonical\" href=\"https:\/\/maisonroca.ad\/es\/tienda\/reloj-bell-ross-brx5-automatico-de-41-mm-de-carbon-titanio-y-caucho\/\" \/>\n<meta property=\"og:locale\" content=\"es_ES\" \/>\n<meta property=\"og:type\" content=\"article\" \/>\n<meta property=\"og:title\" content=\"RELOJ BELL &amp; ROSS BRX5 AUTOM\u00c1TICO DE 41 MM DE CARB\u00d3N, TITANIO Y CAUCHO\" \/>\n<meta property=\"og:description\" content=\"Reloj Bell &amp; Ross BR-X5 carb\u00f3n naranja edici\u00f3n limitada de 500 piezas de 41 mm de di\u00e1metro, caja de titanio y pulsera de caucho, esfera negra mate y movimiento mec\u00e1nico autom\u00e1tico. Detalles: Cristal de zafiro\" \/>\n<meta property=\"og:url\" content=\"https:\/\/maisonroca.ad\/es\/tienda\/reloj-bell-ross-brx5-automatico-de-41-mm-de-carbon-titanio-y-caucho\/\" \/>\n<meta property=\"og:site_name\" content=\"Maison Roca\" \/>\n<meta property=\"article:publisher\" content=\"https:\/\/www.facebook.com\/maisonroca\" \/>\n<meta property=\"article:modified_time\" content=\"2025-12-30T07:58:18+00:00\" \/>\n<meta property=\"og:image\" content=\"https:\/\/maisonroca.ad\/wp-content\/uploads\/2024\/07\/BRX5R-BO-TC-SRB-1.jpg\" \/>\n\t<meta property=\"og:image:width\" content=\"1080\" \/>\n\t<meta property=\"og:image:height\" content=\"1080\" \/>\n\t<meta property=\"og:image:type\" content=\"image\/jpeg\" \/>\n<meta name=\"twitter:card\" content=\"summary_large_image\" \/>\n<meta name=\"twitter:label1\" content=\"Precio\" \/>\n\t<meta name=\"twitter:data1\" content=\"\" \/>\n\t<meta name=\"twitter:label2\" content=\"Disponibilidad\" \/>\n\t<meta name=\"twitter:data2\" content=\"Disponible\" \/>\n<script type=\"application\/ld+json\" class=\"yoast-schema-graph\">{\"@context\":\"https:\\\/\\\/schema.org\",\"@graph\":[{\"@type\":\"WebPage\",\"@id\":\"https:\\\/\\\/maisonroca.ad\\\/es\\\/tienda\\\/reloj-bell-ross-brx5-automatico-de-41-mm-de-carbon-titanio-y-caucho\\\/\",\"url\":\"https:\\\/\\\/maisonroca.ad\\\/es\\\/tienda\\\/reloj-bell-ross-brx5-automatico-de-41-mm-de-carbon-titanio-y-caucho\\\/\",\"name\":\"RELOJ BELL & ROSS BRX5 AUTOM\u00c1TICO DE 41 MM DE CARB\u00d3N, TITANIO Y CAUCHO - Maison Roca\",\"isPartOf\":{\"@id\":\"https:\\\/\\\/maisonroca.ad\\\/es\\\/#website\"},\"primaryImageOfPage\":{\"@id\":\"https:\\\/\\\/maisonroca.ad\\\/es\\\/tienda\\\/reloj-bell-ross-brx5-automatico-de-41-mm-de-carbon-titanio-y-caucho\\\/#primaryimage\"},\"image\":{\"@id\":\"https:\\\/\\\/maisonroca.ad\\\/es\\\/tienda\\\/reloj-bell-ross-brx5-automatico-de-41-mm-de-carbon-titanio-y-caucho\\\/#primaryimage\"},\"thumbnailUrl\":\"https:\\\/\\\/maisonroca.ad\\\/wp-content\\\/uploads\\\/2024\\\/07\\\/BRX5R-BO-TC-SRB-1.jpg\",\"datePublished\":\"2024-07-28T21:56:55+00:00\",\"dateModified\":\"2025-12-30T07:58:18+00:00\",\"breadcrumb\":{\"@id\":\"https:\\\/\\\/maisonroca.ad\\\/es\\\/tienda\\\/reloj-bell-ross-brx5-automatico-de-41-mm-de-carbon-titanio-y-caucho\\\/#breadcrumb\"},\"inLanguage\":\"es\",\"potentialAction\":[{\"@type\":\"ReadAction\",\"target\":[\"https:\\\/\\\/maisonroca.ad\\\/es\\\/tienda\\\/reloj-bell-ross-brx5-automatico-de-41-mm-de-carbon-titanio-y-caucho\\\/\"]}]},{\"@type\":\"ImageObject\",\"inLanguage\":\"es\",\"@id\":\"https:\\\/\\\/maisonroca.ad\\\/es\\\/tienda\\\/reloj-bell-ross-brx5-automatico-de-41-mm-de-carbon-titanio-y-caucho\\\/#primaryimage\",\"url\":\"https:\\\/\\\/maisonroca.ad\\\/wp-content\\\/uploads\\\/2024\\\/07\\\/BRX5R-BO-TC-SRB-1.jpg\",\"contentUrl\":\"https:\\\/\\\/maisonroca.ad\\\/wp-content\\\/uploads\\\/2024\\\/07\\\/BRX5R-BO-TC-SRB-1.jpg\",\"width\":1080,\"height\":1080},{\"@type\":\"BreadcrumbList\",\"@id\":\"https:\\\/\\\/maisonroca.ad\\\/es\\\/tienda\\\/reloj-bell-ross-brx5-automatico-de-41-mm-de-carbon-titanio-y-caucho\\\/#breadcrumb\",\"itemListElement\":[{\"@type\":\"ListItem\",\"position\":1,\"name\":\"Portada\",\"item\":\"https:\\\/\\\/maisonroca.ad\\\/es\\\/\"},{\"@type\":\"ListItem\",\"position\":2,\"name\":\"Botiga\",\"item\":\"https:\\\/\\\/maisonroca.ad\\\/botiga\\\/\"},{\"@type\":\"ListItem\",\"position\":3,\"name\":\"RELOJ BELL &#038; ROSS BRX5 AUTOM\u00c1TICO DE 41 MM DE CARB\u00d3N, TITANIO Y CAUCHO\"}]},{\"@type\":\"WebSite\",\"@id\":\"https:\\\/\\\/maisonroca.ad\\\/es\\\/#website\",\"url\":\"https:\\\/\\\/maisonroca.ad\\\/es\\\/\",\"name\":\"Maison Roca\",\"description\":\"Bold Luxury Life - joieria d&#039;autor - Andorra\",\"publisher\":{\"@id\":\"https:\\\/\\\/maisonroca.ad\\\/es\\\/#organization\"},\"potentialAction\":[{\"@type\":\"SearchAction\",\"target\":{\"@type\":\"EntryPoint\",\"urlTemplate\":\"https:\\\/\\\/maisonroca.ad\\\/es\\\/?s={search_term_string}\"},\"query-input\":{\"@type\":\"PropertyValueSpecification\",\"valueRequired\":true,\"valueName\":\"search_term_string\"}}],\"inLanguage\":\"es\"},{\"@type\":\"Organization\",\"@id\":\"https:\\\/\\\/maisonroca.ad\\\/es\\\/#organization\",\"name\":\"Maison Roca\",\"url\":\"https:\\\/\\\/maisonroca.ad\\\/es\\\/\",\"logo\":{\"@type\":\"ImageObject\",\"inLanguage\":\"es\",\"@id\":\"https:\\\/\\\/maisonroca.ad\\\/es\\\/#\\\/schema\\\/logo\\\/image\\\/\",\"url\":\"https:\\\/\\\/maisonroca.ad\\\/wp-content\\\/uploads\\\/2023\\\/10\\\/icono.png\",\"contentUrl\":\"https:\\\/\\\/maisonroca.ad\\\/wp-content\\\/uploads\\\/2023\\\/10\\\/icono.png\",\"width\":512,\"height\":512,\"caption\":\"Maison Roca\"},\"image\":{\"@id\":\"https:\\\/\\\/maisonroca.ad\\\/es\\\/#\\\/schema\\\/logo\\\/image\\\/\"},\"sameAs\":[\"https:\\\/\\\/www.facebook.com\\\/maisonroca\",\"https:\\\/\\\/www.instagram.com\\\/maisonroca\\\/\"]}]}<\/script>\n<meta property=\"product:price:currency\" content=\"EUR\" \/>\n<meta property=\"og:availability\" content=\"instock\" \/>\n<meta property=\"product:availability\" content=\"instock\" \/>\n<meta property=\"product:retailer_item_id\" content=\"BRX5R-BO-TC\/SRB\" \/>\n<meta property=\"product:condition\" content=\"new\" \/>\n<!-- \/ Yoast SEO Premium plugin. -->","yoast_head_json":{"title":"RELOJ BELL & ROSS BRX5 AUTOM\u00c1TICO DE 41 MM DE CARB\u00d3N, TITANIO Y CAUCHO - Maison Roca","robots":{"index":"index","follow":"follow","max-snippet":"max-snippet:-1","max-image-preview":"max-image-preview:large","max-video-preview":"max-video-preview:-1"},"canonical":"https:\/\/maisonroca.ad\/es\/tienda\/reloj-bell-ross-brx5-automatico-de-41-mm-de-carbon-titanio-y-caucho\/","og_locale":"es_ES","og_type":"article","og_title":"RELOJ BELL & ROSS BRX5 AUTOM\u00c1TICO DE 41 MM DE CARB\u00d3N, TITANIO Y CAUCHO","og_description":"Reloj Bell &amp; Ross BR-X5 carb\u00f3n naranja edici\u00f3n limitada de 500 piezas de 41 mm de di\u00e1metro, caja de titanio y pulsera de caucho, esfera negra mate y movimiento mec\u00e1nico autom\u00e1tico. Detalles: Cristal de zafiro","og_url":"https:\/\/maisonroca.ad\/es\/tienda\/reloj-bell-ross-brx5-automatico-de-41-mm-de-carbon-titanio-y-caucho\/","og_site_name":"Maison Roca","article_publisher":"https:\/\/www.facebook.com\/maisonroca","article_modified_time":"2025-12-30T07:58:18+00:00","og_image":[{"width":1080,"height":1080,"url":"https:\/\/maisonroca.ad\/wp-content\/uploads\/2024\/07\/BRX5R-BO-TC-SRB-1.jpg","type":"image\/jpeg"}],"twitter_card":"summary_large_image","twitter_misc":{"Precio":"","Disponibilidad":"Disponible"},"schema":{"@context":"https:\/\/schema.org","@graph":[{"@type":"WebPage","@id":"https:\/\/maisonroca.ad\/es\/tienda\/reloj-bell-ross-brx5-automatico-de-41-mm-de-carbon-titanio-y-caucho\/","url":"https:\/\/maisonroca.ad\/es\/tienda\/reloj-bell-ross-brx5-automatico-de-41-mm-de-carbon-titanio-y-caucho\/","name":"RELOJ BELL & ROSS BRX5 AUTOM\u00c1TICO DE 41 MM DE CARB\u00d3N, TITANIO Y CAUCHO - Maison Roca","isPartOf":{"@id":"https:\/\/maisonroca.ad\/es\/#website"},"primaryImageOfPage":{"@id":"https:\/\/maisonroca.ad\/es\/tienda\/reloj-bell-ross-brx5-automatico-de-41-mm-de-carbon-titanio-y-caucho\/#primaryimage"},"image":{"@id":"https:\/\/maisonroca.ad\/es\/tienda\/reloj-bell-ross-brx5-automatico-de-41-mm-de-carbon-titanio-y-caucho\/#primaryimage"},"thumbnailUrl":"https:\/\/maisonroca.ad\/wp-content\/uploads\/2024\/07\/BRX5R-BO-TC-SRB-1.jpg","datePublished":"2024-07-28T21:56:55+00:00","dateModified":"2025-12-30T07:58:18+00:00","breadcrumb":{"@id":"https:\/\/maisonroca.ad\/es\/tienda\/reloj-bell-ross-brx5-automatico-de-41-mm-de-carbon-titanio-y-caucho\/#breadcrumb"},"inLanguage":"es","potentialAction":[{"@type":"ReadAction","target":["https:\/\/maisonroca.ad\/es\/tienda\/reloj-bell-ross-brx5-automatico-de-41-mm-de-carbon-titanio-y-caucho\/"]}]},{"@type":"ImageObject","inLanguage":"es","@id":"https:\/\/maisonroca.ad\/es\/tienda\/reloj-bell-ross-brx5-automatico-de-41-mm-de-carbon-titanio-y-caucho\/#primaryimage","url":"https:\/\/maisonroca.ad\/wp-content\/uploads\/2024\/07\/BRX5R-BO-TC-SRB-1.jpg","contentUrl":"https:\/\/maisonroca.ad\/wp-content\/uploads\/2024\/07\/BRX5R-BO-TC-SRB-1.jpg","width":1080,"height":1080},{"@type":"BreadcrumbList","@id":"https:\/\/maisonroca.ad\/es\/tienda\/reloj-bell-ross-brx5-automatico-de-41-mm-de-carbon-titanio-y-caucho\/#breadcrumb","itemListElement":[{"@type":"ListItem","position":1,"name":"Portada","item":"https:\/\/maisonroca.ad\/es\/"},{"@type":"ListItem","position":2,"name":"Botiga","item":"https:\/\/maisonroca.ad\/botiga\/"},{"@type":"ListItem","position":3,"name":"RELOJ BELL &#038; ROSS BRX5 AUTOM\u00c1TICO DE 41 MM DE CARB\u00d3N, TITANIO Y CAUCHO"}]},{"@type":"WebSite","@id":"https:\/\/maisonroca.ad\/es\/#website","url":"https:\/\/maisonroca.ad\/es\/","name":"Maison Roca","description":"Bold Luxury Life - joieria d&#039;autor - Andorra","publisher":{"@id":"https:\/\/maisonroca.ad\/es\/#organization"},"potentialAction":[{"@type":"SearchAction","target":{"@type":"EntryPoint","urlTemplate":"https:\/\/maisonroca.ad\/es\/?s={search_term_string}"},"query-input":{"@type":"PropertyValueSpecification","valueRequired":true,"valueName":"search_term_string"}}],"inLanguage":"es"},{"@type":"Organization","@id":"https:\/\/maisonroca.ad\/es\/#organization","name":"Maison Roca","url":"https:\/\/maisonroca.ad\/es\/","logo":{"@type":"ImageObject","inLanguage":"es","@id":"https:\/\/maisonroca.ad\/es\/#\/schema\/logo\/image\/","url":"https:\/\/maisonroca.ad\/wp-content\/uploads\/2023\/10\/icono.png","contentUrl":"https:\/\/maisonroca.ad\/wp-content\/uploads\/2023\/10\/icono.png","width":512,"height":512,"caption":"Maison Roca"},"image":{"@id":"https:\/\/maisonroca.ad\/es\/#\/schema\/logo\/image\/"},"sameAs":["https:\/\/www.facebook.com\/maisonroca","https:\/\/www.instagram.com\/maisonroca\/"]}]},"product_price_currency":"EUR","og_availability":"instock","product_availability":"instock","product_retailer_item_id":"BRX5R-BO-TC\/SRB","product_condition":"new"},"_links":{"self":[{"href":"https:\/\/maisonroca.ad\/es\/wp-json\/wp\/v2\/product\/43979","targetHints":{"allow":["GET"]}}],"collection":[{"href":"https:\/\/maisonroca.ad\/es\/wp-json\/wp\/v2\/product"}],"about":[{"href":"https:\/\/maisonroca.ad\/es\/wp-json\/wp\/v2\/types\/product"}],"replies":[{"embeddable":true,"href":"https:\/\/maisonroca.ad\/es\/wp-json\/wp\/v2\/comments?post=43979"}],"version-history":[{"count":1,"href":"https:\/\/maisonroca.ad\/es\/wp-json\/wp\/v2\/product\/43979\/revisions"}],"predecessor-version":[{"id":82289,"href":"https:\/\/maisonroca.ad\/es\/wp-json\/wp\/v2\/product\/43979\/revisions\/82289"}],"wp:featuredmedia":[{"embeddable":true,"href":"https:\/\/maisonroca.ad\/es\/wp-json\/wp\/v2\/media\/54423"}],"wp:attachment":[{"href":"https:\/\/maisonroca.ad\/es\/wp-json\/wp\/v2\/media?parent=43979"}],"wp:term":[{"taxonomy":"product_brand","embeddable":true,"href":"https:\/\/maisonroca.ad\/es\/wp-json\/wp\/v2\/product_brand?post=43979"},{"taxonomy":"product_cat","embeddable":true,"href":"https:\/\/maisonroca.ad\/es\/wp-json\/wp\/v2\/product_cat?post=43979"},{"taxonomy":"product_tag","embeddable":true,"href":"https:\/\/maisonroca.ad\/es\/wp-json\/wp\/v2\/product_tag?post=43979"}],"curies":[{"name":"wp","href":"https:\/\/api.w.org\/{rel}","templated":true}]}}