{"id":44815,"date":"2024-07-29T00:01:55","date_gmt":"2024-07-28T22:01:55","guid":{"rendered":"https:\/\/maisonroca.ad\/product\/collar-pasquale-bruni-bon-ton-de-oro-rojo-diamante-y-cuarzo-blanco-nacar\/"},"modified":"2024-11-14T17:32:25","modified_gmt":"2024-11-14T16:32:25","slug":"collar-pasquale-bruni-bon-ton-de-oro-rojo-diamantes-y-cuarzo-blanco-nacar","status":"publish","type":"product","link":"https:\/\/maisonroca.ad\/es\/tienda\/collar-pasquale-bruni-bon-ton-de-oro-rojo-diamantes-y-cuarzo-blanco-nacar\/","title":{"rendered":"COLLAR PASQUALE BRUNI BON TON DE ORO ROJO, DIAMANTES Y CUARZO BLANCO N\u00c1CAR"},"content":{"rendered":"<p>Collar Pasquale Bruni Bon Ton de oro rojo, diamantes y cuarzo blanco n\u00e1car.<\/p>\n<p>Detalles:<\/p>\n<p>Oro rojo 18k<br \/>\nDiamantes 0,14 ct<br \/>\nCuarzo blanco<br \/>\nN\u00e1car<\/p>\n","protected":false},"excerpt":{"rendered":"<p>Collar Pasquale Bruni Bon Ton de oro rojo, diamantes y cuarzo blanco n\u00e1car. Detalles: Oro rojo 18k Diamantes 0,14 ct Cuarzo blanco N\u00e1car<\/p>\n","protected":false},"featured_media":7642,"comment_status":"closed","ping_status":"closed","template":"","meta":{"_acf_changed":false,"_monsterinsights_skip_tracking":false,"_monsterinsights_sitenote_active":false,"_monsterinsights_sitenote_note":"","_monsterinsights_sitenote_category":0},"product_brand":[],"product_cat":[1217,1235],"product_tag":[2588,1637,1592,1571,2475,1643,2257],"class_list":{"0":"post-44815","1":"product","2":"type-product","3":"status-publish","4":"has-post-thumbnail","6":"product_cat-joyas","7":"product_cat-pasquale-bruni-es","8":"product_tag-blanc-es","9":"product_tag-collares","10":"product_tag-cuarzo","11":"product_tag-diamantes","12":"product_tag-nacre-2-2","13":"product_tag-oro-rojo","14":"product_tag-pasquale-bruni-3","16":"first","17":"instock","18":"sold-individually","19":"purchasable","20":"product-type-simple"},"acf":[],"yoast_head":"<!-- This site is optimized with the Yoast SEO Premium plugin v26.8 (Yoast SEO v27.4) - https:\/\/yoast.com\/product\/yoast-seo-premium-wordpress\/ -->\n<title>COLLAR PASQUALE BRUNI BON TON DE ORO ROJO, DIAMANTES Y CUARZO BLANCO N\u00c1CAR - Maison Roca<\/title>\n<meta name=\"robots\" content=\"index, follow, max-snippet:-1, max-image-preview:large, max-video-preview:-1\" \/>\n<link rel=\"canonical\" href=\"https:\/\/maisonroca.ad\/es\/tienda\/collar-pasquale-bruni-bon-ton-de-oro-rojo-diamantes-y-cuarzo-blanco-nacar\/\" \/>\n<meta property=\"og:locale\" content=\"es_ES\" \/>\n<meta property=\"og:type\" content=\"article\" \/>\n<meta property=\"og:title\" content=\"COLLAR PASQUALE BRUNI BON TON DE ORO ROJO, DIAMANTES Y CUARZO BLANCO N\u00c1CAR\" \/>\n<meta property=\"og:description\" content=\"Collar Pasquale Bruni Bon Ton de oro rojo, diamantes y cuarzo blanco n\u00e1car. Detalles: Oro rojo 18k Diamantes 0,14 ct Cuarzo blanco N\u00e1car\" \/>\n<meta property=\"og:url\" content=\"https:\/\/maisonroca.ad\/es\/tienda\/collar-pasquale-bruni-bon-ton-de-oro-rojo-diamantes-y-cuarzo-blanco-nacar\/\" \/>\n<meta property=\"og:site_name\" content=\"Maison Roca\" \/>\n<meta property=\"article:publisher\" content=\"https:\/\/www.facebook.com\/maisonroca\" \/>\n<meta property=\"article:modified_time\" content=\"2024-11-14T16:32:25+00:00\" \/>\n<meta property=\"og:image\" content=\"https:\/\/maisonroca.ad\/wp-content\/uploads\/2024\/07\/14879r.JPG\" \/>\n\t<meta property=\"og:image:width\" content=\"1320\" \/>\n\t<meta property=\"og:image:height\" content=\"1200\" \/>\n\t<meta property=\"og:image:type\" content=\"image\/jpeg\" \/>\n<meta name=\"twitter:card\" content=\"summary_large_image\" \/>\n<meta name=\"twitter:label1\" content=\"Precio\" \/>\n\t<meta name=\"twitter:data1\" content=\"5.170,00&nbsp;&euro;\" \/>\n\t<meta name=\"twitter:label2\" content=\"Disponibilidad\" \/>\n\t<meta name=\"twitter:data2\" content=\"Disponible\" \/>\n<script type=\"application\/ld+json\" class=\"yoast-schema-graph\">{\"@context\":\"https:\\\/\\\/schema.org\",\"@graph\":[{\"@type\":\"WebPage\",\"@id\":\"https:\\\/\\\/maisonroca.ad\\\/es\\\/tienda\\\/collar-pasquale-bruni-bon-ton-de-oro-rojo-diamantes-y-cuarzo-blanco-nacar\\\/\",\"url\":\"https:\\\/\\\/maisonroca.ad\\\/es\\\/tienda\\\/collar-pasquale-bruni-bon-ton-de-oro-rojo-diamantes-y-cuarzo-blanco-nacar\\\/\",\"name\":\"COLLAR PASQUALE BRUNI BON TON DE ORO ROJO, DIAMANTES Y CUARZO BLANCO N\u00c1CAR - Maison Roca\",\"isPartOf\":{\"@id\":\"https:\\\/\\\/maisonroca.ad\\\/es\\\/#website\"},\"primaryImageOfPage\":{\"@id\":\"https:\\\/\\\/maisonroca.ad\\\/es\\\/tienda\\\/collar-pasquale-bruni-bon-ton-de-oro-rojo-diamantes-y-cuarzo-blanco-nacar\\\/#primaryimage\"},\"image\":{\"@id\":\"https:\\\/\\\/maisonroca.ad\\\/es\\\/tienda\\\/collar-pasquale-bruni-bon-ton-de-oro-rojo-diamantes-y-cuarzo-blanco-nacar\\\/#primaryimage\"},\"thumbnailUrl\":\"https:\\\/\\\/maisonroca.ad\\\/wp-content\\\/uploads\\\/2024\\\/07\\\/14879r.JPG\",\"datePublished\":\"2024-07-28T22:01:55+00:00\",\"dateModified\":\"2024-11-14T16:32:25+00:00\",\"breadcrumb\":{\"@id\":\"https:\\\/\\\/maisonroca.ad\\\/es\\\/tienda\\\/collar-pasquale-bruni-bon-ton-de-oro-rojo-diamantes-y-cuarzo-blanco-nacar\\\/#breadcrumb\"},\"inLanguage\":\"es\",\"potentialAction\":[{\"@type\":\"ReadAction\",\"target\":[\"https:\\\/\\\/maisonroca.ad\\\/es\\\/tienda\\\/collar-pasquale-bruni-bon-ton-de-oro-rojo-diamantes-y-cuarzo-blanco-nacar\\\/\"]}]},{\"@type\":\"ImageObject\",\"inLanguage\":\"es\",\"@id\":\"https:\\\/\\\/maisonroca.ad\\\/es\\\/tienda\\\/collar-pasquale-bruni-bon-ton-de-oro-rojo-diamantes-y-cuarzo-blanco-nacar\\\/#primaryimage\",\"url\":\"https:\\\/\\\/maisonroca.ad\\\/wp-content\\\/uploads\\\/2024\\\/07\\\/14879r.JPG\",\"contentUrl\":\"https:\\\/\\\/maisonroca.ad\\\/wp-content\\\/uploads\\\/2024\\\/07\\\/14879r.JPG\",\"width\":1320,\"height\":1200,\"caption\":\"maison-roca-andorra-pasquale-bruni-collar-bon-ton-or-vermell-diamants-quars-blanc-nacre\"},{\"@type\":\"BreadcrumbList\",\"@id\":\"https:\\\/\\\/maisonroca.ad\\\/es\\\/tienda\\\/collar-pasquale-bruni-bon-ton-de-oro-rojo-diamantes-y-cuarzo-blanco-nacar\\\/#breadcrumb\",\"itemListElement\":[{\"@type\":\"ListItem\",\"position\":1,\"name\":\"Portada\",\"item\":\"https:\\\/\\\/maisonroca.ad\\\/es\\\/\"},{\"@type\":\"ListItem\",\"position\":2,\"name\":\"Botiga\",\"item\":\"https:\\\/\\\/maisonroca.ad\\\/botiga\\\/\"},{\"@type\":\"ListItem\",\"position\":3,\"name\":\"COLLAR PASQUALE BRUNI BON TON DE ORO ROJO, DIAMANTES Y CUARZO BLANCO N\u00c1CAR\"}]},{\"@type\":\"WebSite\",\"@id\":\"https:\\\/\\\/maisonroca.ad\\\/es\\\/#website\",\"url\":\"https:\\\/\\\/maisonroca.ad\\\/es\\\/\",\"name\":\"Maison Roca\",\"description\":\"Bold Luxury Life - joieria d&#039;autor - Andorra\",\"publisher\":{\"@id\":\"https:\\\/\\\/maisonroca.ad\\\/es\\\/#organization\"},\"potentialAction\":[{\"@type\":\"SearchAction\",\"target\":{\"@type\":\"EntryPoint\",\"urlTemplate\":\"https:\\\/\\\/maisonroca.ad\\\/es\\\/?s={search_term_string}\"},\"query-input\":{\"@type\":\"PropertyValueSpecification\",\"valueRequired\":true,\"valueName\":\"search_term_string\"}}],\"inLanguage\":\"es\"},{\"@type\":\"Organization\",\"@id\":\"https:\\\/\\\/maisonroca.ad\\\/es\\\/#organization\",\"name\":\"Maison Roca\",\"url\":\"https:\\\/\\\/maisonroca.ad\\\/es\\\/\",\"logo\":{\"@type\":\"ImageObject\",\"inLanguage\":\"es\",\"@id\":\"https:\\\/\\\/maisonroca.ad\\\/es\\\/#\\\/schema\\\/logo\\\/image\\\/\",\"url\":\"https:\\\/\\\/maisonroca.ad\\\/wp-content\\\/uploads\\\/2023\\\/10\\\/icono.png\",\"contentUrl\":\"https:\\\/\\\/maisonroca.ad\\\/wp-content\\\/uploads\\\/2023\\\/10\\\/icono.png\",\"width\":512,\"height\":512,\"caption\":\"Maison Roca\"},\"image\":{\"@id\":\"https:\\\/\\\/maisonroca.ad\\\/es\\\/#\\\/schema\\\/logo\\\/image\\\/\"},\"sameAs\":[\"https:\\\/\\\/www.facebook.com\\\/maisonroca\",\"https:\\\/\\\/www.instagram.com\\\/maisonroca\\\/\"]}]}<\/script>\n<meta property=\"product:price:amount\" content=\"5170.00\" \/>\n<meta property=\"product:price:currency\" content=\"EUR\" \/>\n<meta property=\"og:availability\" content=\"instock\" \/>\n<meta property=\"product:availability\" content=\"instock\" \/>\n<meta property=\"product:retailer_item_id\" content=\"14879R\" \/>\n<meta property=\"product:condition\" content=\"new\" \/>\n<!-- \/ Yoast SEO Premium plugin. -->","yoast_head_json":{"title":"COLLAR PASQUALE BRUNI BON TON DE ORO ROJO, DIAMANTES Y CUARZO BLANCO N\u00c1CAR - Maison Roca","robots":{"index":"index","follow":"follow","max-snippet":"max-snippet:-1","max-image-preview":"max-image-preview:large","max-video-preview":"max-video-preview:-1"},"canonical":"https:\/\/maisonroca.ad\/es\/tienda\/collar-pasquale-bruni-bon-ton-de-oro-rojo-diamantes-y-cuarzo-blanco-nacar\/","og_locale":"es_ES","og_type":"article","og_title":"COLLAR PASQUALE BRUNI BON TON DE ORO ROJO, DIAMANTES Y CUARZO BLANCO N\u00c1CAR","og_description":"Collar Pasquale Bruni Bon Ton de oro rojo, diamantes y cuarzo blanco n\u00e1car. Detalles: Oro rojo 18k Diamantes 0,14 ct Cuarzo blanco N\u00e1car","og_url":"https:\/\/maisonroca.ad\/es\/tienda\/collar-pasquale-bruni-bon-ton-de-oro-rojo-diamantes-y-cuarzo-blanco-nacar\/","og_site_name":"Maison Roca","article_publisher":"https:\/\/www.facebook.com\/maisonroca","article_modified_time":"2024-11-14T16:32:25+00:00","og_image":[{"width":1320,"height":1200,"url":"https:\/\/maisonroca.ad\/wp-content\/uploads\/2024\/07\/14879r.JPG","type":"image\/jpeg"}],"twitter_card":"summary_large_image","twitter_misc":{"Precio":"5.170,00&nbsp;&euro;","Disponibilidad":"Disponible"},"schema":{"@context":"https:\/\/schema.org","@graph":[{"@type":"WebPage","@id":"https:\/\/maisonroca.ad\/es\/tienda\/collar-pasquale-bruni-bon-ton-de-oro-rojo-diamantes-y-cuarzo-blanco-nacar\/","url":"https:\/\/maisonroca.ad\/es\/tienda\/collar-pasquale-bruni-bon-ton-de-oro-rojo-diamantes-y-cuarzo-blanco-nacar\/","name":"COLLAR PASQUALE BRUNI BON TON DE ORO ROJO, DIAMANTES Y CUARZO BLANCO N\u00c1CAR - Maison Roca","isPartOf":{"@id":"https:\/\/maisonroca.ad\/es\/#website"},"primaryImageOfPage":{"@id":"https:\/\/maisonroca.ad\/es\/tienda\/collar-pasquale-bruni-bon-ton-de-oro-rojo-diamantes-y-cuarzo-blanco-nacar\/#primaryimage"},"image":{"@id":"https:\/\/maisonroca.ad\/es\/tienda\/collar-pasquale-bruni-bon-ton-de-oro-rojo-diamantes-y-cuarzo-blanco-nacar\/#primaryimage"},"thumbnailUrl":"https:\/\/maisonroca.ad\/wp-content\/uploads\/2024\/07\/14879r.JPG","datePublished":"2024-07-28T22:01:55+00:00","dateModified":"2024-11-14T16:32:25+00:00","breadcrumb":{"@id":"https:\/\/maisonroca.ad\/es\/tienda\/collar-pasquale-bruni-bon-ton-de-oro-rojo-diamantes-y-cuarzo-blanco-nacar\/#breadcrumb"},"inLanguage":"es","potentialAction":[{"@type":"ReadAction","target":["https:\/\/maisonroca.ad\/es\/tienda\/collar-pasquale-bruni-bon-ton-de-oro-rojo-diamantes-y-cuarzo-blanco-nacar\/"]}]},{"@type":"ImageObject","inLanguage":"es","@id":"https:\/\/maisonroca.ad\/es\/tienda\/collar-pasquale-bruni-bon-ton-de-oro-rojo-diamantes-y-cuarzo-blanco-nacar\/#primaryimage","url":"https:\/\/maisonroca.ad\/wp-content\/uploads\/2024\/07\/14879r.JPG","contentUrl":"https:\/\/maisonroca.ad\/wp-content\/uploads\/2024\/07\/14879r.JPG","width":1320,"height":1200,"caption":"maison-roca-andorra-pasquale-bruni-collar-bon-ton-or-vermell-diamants-quars-blanc-nacre"},{"@type":"BreadcrumbList","@id":"https:\/\/maisonroca.ad\/es\/tienda\/collar-pasquale-bruni-bon-ton-de-oro-rojo-diamantes-y-cuarzo-blanco-nacar\/#breadcrumb","itemListElement":[{"@type":"ListItem","position":1,"name":"Portada","item":"https:\/\/maisonroca.ad\/es\/"},{"@type":"ListItem","position":2,"name":"Botiga","item":"https:\/\/maisonroca.ad\/botiga\/"},{"@type":"ListItem","position":3,"name":"COLLAR PASQUALE BRUNI BON TON DE ORO ROJO, DIAMANTES Y CUARZO BLANCO N\u00c1CAR"}]},{"@type":"WebSite","@id":"https:\/\/maisonroca.ad\/es\/#website","url":"https:\/\/maisonroca.ad\/es\/","name":"Maison Roca","description":"Bold Luxury Life - joieria d&#039;autor - Andorra","publisher":{"@id":"https:\/\/maisonroca.ad\/es\/#organization"},"potentialAction":[{"@type":"SearchAction","target":{"@type":"EntryPoint","urlTemplate":"https:\/\/maisonroca.ad\/es\/?s={search_term_string}"},"query-input":{"@type":"PropertyValueSpecification","valueRequired":true,"valueName":"search_term_string"}}],"inLanguage":"es"},{"@type":"Organization","@id":"https:\/\/maisonroca.ad\/es\/#organization","name":"Maison Roca","url":"https:\/\/maisonroca.ad\/es\/","logo":{"@type":"ImageObject","inLanguage":"es","@id":"https:\/\/maisonroca.ad\/es\/#\/schema\/logo\/image\/","url":"https:\/\/maisonroca.ad\/wp-content\/uploads\/2023\/10\/icono.png","contentUrl":"https:\/\/maisonroca.ad\/wp-content\/uploads\/2023\/10\/icono.png","width":512,"height":512,"caption":"Maison Roca"},"image":{"@id":"https:\/\/maisonroca.ad\/es\/#\/schema\/logo\/image\/"},"sameAs":["https:\/\/www.facebook.com\/maisonroca","https:\/\/www.instagram.com\/maisonroca\/"]}]},"product_price_amount":"5170.00","product_price_currency":"EUR","og_availability":"instock","product_availability":"instock","product_retailer_item_id":"14879R","product_condition":"new"},"_links":{"self":[{"href":"https:\/\/maisonroca.ad\/es\/wp-json\/wp\/v2\/product\/44815","targetHints":{"allow":["GET"]}}],"collection":[{"href":"https:\/\/maisonroca.ad\/es\/wp-json\/wp\/v2\/product"}],"about":[{"href":"https:\/\/maisonroca.ad\/es\/wp-json\/wp\/v2\/types\/product"}],"replies":[{"embeddable":true,"href":"https:\/\/maisonroca.ad\/es\/wp-json\/wp\/v2\/comments?post=44815"}],"version-history":[{"count":2,"href":"https:\/\/maisonroca.ad\/es\/wp-json\/wp\/v2\/product\/44815\/revisions"}],"predecessor-version":[{"id":62400,"href":"https:\/\/maisonroca.ad\/es\/wp-json\/wp\/v2\/product\/44815\/revisions\/62400"}],"wp:featuredmedia":[{"embeddable":true,"href":"https:\/\/maisonroca.ad\/es\/wp-json\/wp\/v2\/media\/7642"}],"wp:attachment":[{"href":"https:\/\/maisonroca.ad\/es\/wp-json\/wp\/v2\/media?parent=44815"}],"wp:term":[{"taxonomy":"product_brand","embeddable":true,"href":"https:\/\/maisonroca.ad\/es\/wp-json\/wp\/v2\/product_brand?post=44815"},{"taxonomy":"product_cat","embeddable":true,"href":"https:\/\/maisonroca.ad\/es\/wp-json\/wp\/v2\/product_cat?post=44815"},{"taxonomy":"product_tag","embeddable":true,"href":"https:\/\/maisonroca.ad\/es\/wp-json\/wp\/v2\/product_tag?post=44815"}],"curies":[{"name":"wp","href":"https:\/\/api.w.org\/{rel}","templated":true}]}}