{"id":44923,"date":"2024-07-29T00:02:33","date_gmt":"2024-07-28T22:02:33","guid":{"rendered":"https:\/\/maisonroca.ad\/product\/pendientes-pomellato-iconica-fancy-de-oro-rosa-y-granate-piropio\/"},"modified":"2024-12-13T15:33:09","modified_gmt":"2024-12-13T14:33:09","slug":"pendientes-pomellato-iconica-fancy-de-oro-rosa-y-granate-piropio","status":"publish","type":"product","link":"https:\/\/maisonroca.ad\/es\/tienda\/pendientes-pomellato-iconica-fancy-de-oro-rosa-y-granate-piropio\/","title":{"rendered":"PENDIENTES POMELLATO ICONICA FANCY DE ORO ROSA Y GRANATE PIROPIO"},"content":{"rendered":"<p>Pendientes Pomellato Iconica Fancy de oro rosa y granate piropio<\/p>\n<p>Los inconfundibles dise\u00f1os de Iconica destacan por su uso vibrante del color, rindiendo homenaje a la rica tradici\u00f3n joyera de Mil\u00e1n. Inspirada en las primeras colecciones bizantinas de Pomellato, la silueta escult\u00f3rica de Iconica se fusiona con la elegancia de la \u00e9poca bizantina para ofrecer una reinterpretaci\u00f3n contempor\u00e1nea de un estilo de joyer\u00eda cl\u00e1sico. El oro pulido a la perfecci\u00f3n se complementa con gemas de colores intensos, resultado de la excepcional maestr\u00eda de Pomellato tanto en dise\u00f1o como en artesan\u00eda.<\/p>\n<p>Detalles:<\/p>\n<p>Oro rosa 18k<br \/>\n6 granates piropio 4,00 ct<\/p>\n","protected":false},"excerpt":{"rendered":"<p>Pendientes Pomellato Iconica Fancy de oro rosa y granate piropio Los inconfundibles dise\u00f1os de Iconica destacan por su uso vibrante del color, rindiendo homenaje a la rica tradici\u00f3n joyera de Mil\u00e1n. Inspirada en las primeras colecciones bizantinas de Pomellato, la silueta escult\u00f3rica de Iconica se fusiona con la elegancia de la \u00e9poca bizantina para ofrecer [&hellip;]<\/p>\n","protected":false},"featured_media":8191,"comment_status":"closed","ping_status":"closed","template":"","meta":{"_acf_changed":false,"_monsterinsights_skip_tracking":false,"_monsterinsights_sitenote_active":false,"_monsterinsights_sitenote_note":"","_monsterinsights_sitenote_category":0},"product_brand":[],"product_cat":[1217,1236],"product_tag":[3326,1632,1572,2335],"class_list":{"0":"post-44923","1":"product","2":"type-product","3":"status-publish","4":"has-post-thumbnail","6":"product_cat-joyas","7":"product_cat-pomellato-es","8":"product_tag-arracades-es","9":"product_tag-granate","10":"product_tag-oro-rosa","11":"product_tag-pomellato-3-2","13":"first","14":"instock","15":"sold-individually","16":"purchasable","17":"product-type-simple"},"acf":[],"yoast_head":"<!-- This site is optimized with the Yoast SEO Premium plugin v26.8 (Yoast SEO v27.4) - https:\/\/yoast.com\/product\/yoast-seo-premium-wordpress\/ -->\n<title>PENDIENTES POMELLATO ICONICA FANCY DE ORO ROSA Y GRANATE PIROPIO - Maison Roca<\/title>\n<meta name=\"robots\" content=\"index, follow, max-snippet:-1, max-image-preview:large, max-video-preview:-1\" \/>\n<link rel=\"canonical\" href=\"https:\/\/maisonroca.ad\/es\/tienda\/pendientes-pomellato-iconica-fancy-de-oro-rosa-y-granate-piropio\/\" \/>\n<meta property=\"og:locale\" content=\"es_ES\" \/>\n<meta property=\"og:type\" content=\"article\" \/>\n<meta property=\"og:title\" content=\"PENDIENTES POMELLATO ICONICA FANCY DE ORO ROSA Y GRANATE PIROPIO\" \/>\n<meta property=\"og:description\" content=\"Pendientes Pomellato Iconica Fancy de oro rosa y granate piropio Los inconfundibles dise\u00f1os de Iconica destacan por su uso vibrante del color, rindiendo homenaje a la rica tradici\u00f3n joyera de Mil\u00e1n. Inspirada en las primeras colecciones bizantinas de Pomellato, la silueta escult\u00f3rica de Iconica se fusiona con la elegancia de la \u00e9poca bizantina para ofrecer [&hellip;]\" \/>\n<meta property=\"og:url\" content=\"https:\/\/maisonroca.ad\/es\/tienda\/pendientes-pomellato-iconica-fancy-de-oro-rosa-y-granate-piropio\/\" \/>\n<meta property=\"og:site_name\" content=\"Maison Roca\" \/>\n<meta property=\"article:publisher\" content=\"https:\/\/www.facebook.com\/maisonroca\" \/>\n<meta property=\"article:modified_time\" content=\"2024-12-13T14:33:09+00:00\" \/>\n<meta property=\"og:image\" content=\"https:\/\/maisonroca.ad\/wp-content\/uploads\/2024\/07\/poc3020o7000000gp.JPG\" \/>\n\t<meta property=\"og:image:width\" content=\"1000\" \/>\n\t<meta property=\"og:image:height\" content=\"1335\" \/>\n\t<meta property=\"og:image:type\" content=\"image\/webp\" \/>\n<meta name=\"twitter:card\" content=\"summary_large_image\" \/>\n<meta name=\"twitter:label1\" content=\"Precio\" \/>\n\t<meta name=\"twitter:data1\" content=\"7.650,00&nbsp;&euro;\" \/>\n\t<meta name=\"twitter:label2\" content=\"Disponibilidad\" \/>\n\t<meta name=\"twitter:data2\" content=\"Disponible\" \/>\n<script type=\"application\/ld+json\" class=\"yoast-schema-graph\">{\"@context\":\"https:\\\/\\\/schema.org\",\"@graph\":[{\"@type\":\"WebPage\",\"@id\":\"https:\\\/\\\/maisonroca.ad\\\/es\\\/tienda\\\/pendientes-pomellato-iconica-fancy-de-oro-rosa-y-granate-piropio\\\/\",\"url\":\"https:\\\/\\\/maisonroca.ad\\\/es\\\/tienda\\\/pendientes-pomellato-iconica-fancy-de-oro-rosa-y-granate-piropio\\\/\",\"name\":\"PENDIENTES POMELLATO ICONICA FANCY DE ORO ROSA Y GRANATE PIROPIO - Maison Roca\",\"isPartOf\":{\"@id\":\"https:\\\/\\\/maisonroca.ad\\\/es\\\/#website\"},\"primaryImageOfPage\":{\"@id\":\"https:\\\/\\\/maisonroca.ad\\\/es\\\/tienda\\\/pendientes-pomellato-iconica-fancy-de-oro-rosa-y-granate-piropio\\\/#primaryimage\"},\"image\":{\"@id\":\"https:\\\/\\\/maisonroca.ad\\\/es\\\/tienda\\\/pendientes-pomellato-iconica-fancy-de-oro-rosa-y-granate-piropio\\\/#primaryimage\"},\"thumbnailUrl\":\"https:\\\/\\\/maisonroca.ad\\\/wp-content\\\/uploads\\\/2024\\\/07\\\/poc3020o7000000gp.JPG\",\"datePublished\":\"2024-07-28T22:02:33+00:00\",\"dateModified\":\"2024-12-13T14:33:09+00:00\",\"breadcrumb\":{\"@id\":\"https:\\\/\\\/maisonroca.ad\\\/es\\\/tienda\\\/pendientes-pomellato-iconica-fancy-de-oro-rosa-y-granate-piropio\\\/#breadcrumb\"},\"inLanguage\":\"es\",\"potentialAction\":[{\"@type\":\"ReadAction\",\"target\":[\"https:\\\/\\\/maisonroca.ad\\\/es\\\/tienda\\\/pendientes-pomellato-iconica-fancy-de-oro-rosa-y-granate-piropio\\\/\"]}]},{\"@type\":\"ImageObject\",\"inLanguage\":\"es\",\"@id\":\"https:\\\/\\\/maisonroca.ad\\\/es\\\/tienda\\\/pendientes-pomellato-iconica-fancy-de-oro-rosa-y-granate-piropio\\\/#primaryimage\",\"url\":\"https:\\\/\\\/maisonroca.ad\\\/wp-content\\\/uploads\\\/2024\\\/07\\\/poc3020o7000000gp.JPG\",\"contentUrl\":\"https:\\\/\\\/maisonroca.ad\\\/wp-content\\\/uploads\\\/2024\\\/07\\\/poc3020o7000000gp.JPG\",\"width\":1000,\"height\":1335,\"caption\":\"maison-roca-andorra-pomellato-arracades-iconica-fancy-or-rosa-grenat-piropio\"},{\"@type\":\"BreadcrumbList\",\"@id\":\"https:\\\/\\\/maisonroca.ad\\\/es\\\/tienda\\\/pendientes-pomellato-iconica-fancy-de-oro-rosa-y-granate-piropio\\\/#breadcrumb\",\"itemListElement\":[{\"@type\":\"ListItem\",\"position\":1,\"name\":\"Portada\",\"item\":\"https:\\\/\\\/maisonroca.ad\\\/es\\\/\"},{\"@type\":\"ListItem\",\"position\":2,\"name\":\"Botiga\",\"item\":\"https:\\\/\\\/maisonroca.ad\\\/botiga\\\/\"},{\"@type\":\"ListItem\",\"position\":3,\"name\":\"PENDIENTES POMELLATO ICONICA FANCY DE ORO ROSA Y GRANATE PIROPIO\"}]},{\"@type\":\"WebSite\",\"@id\":\"https:\\\/\\\/maisonroca.ad\\\/es\\\/#website\",\"url\":\"https:\\\/\\\/maisonroca.ad\\\/es\\\/\",\"name\":\"Maison Roca\",\"description\":\"Bold Luxury Life - joieria d&#039;autor - Andorra\",\"publisher\":{\"@id\":\"https:\\\/\\\/maisonroca.ad\\\/es\\\/#organization\"},\"potentialAction\":[{\"@type\":\"SearchAction\",\"target\":{\"@type\":\"EntryPoint\",\"urlTemplate\":\"https:\\\/\\\/maisonroca.ad\\\/es\\\/?s={search_term_string}\"},\"query-input\":{\"@type\":\"PropertyValueSpecification\",\"valueRequired\":true,\"valueName\":\"search_term_string\"}}],\"inLanguage\":\"es\"},{\"@type\":\"Organization\",\"@id\":\"https:\\\/\\\/maisonroca.ad\\\/es\\\/#organization\",\"name\":\"Maison Roca\",\"url\":\"https:\\\/\\\/maisonroca.ad\\\/es\\\/\",\"logo\":{\"@type\":\"ImageObject\",\"inLanguage\":\"es\",\"@id\":\"https:\\\/\\\/maisonroca.ad\\\/es\\\/#\\\/schema\\\/logo\\\/image\\\/\",\"url\":\"https:\\\/\\\/maisonroca.ad\\\/wp-content\\\/uploads\\\/2023\\\/10\\\/icono.png\",\"contentUrl\":\"https:\\\/\\\/maisonroca.ad\\\/wp-content\\\/uploads\\\/2023\\\/10\\\/icono.png\",\"width\":512,\"height\":512,\"caption\":\"Maison Roca\"},\"image\":{\"@id\":\"https:\\\/\\\/maisonroca.ad\\\/es\\\/#\\\/schema\\\/logo\\\/image\\\/\"},\"sameAs\":[\"https:\\\/\\\/www.facebook.com\\\/maisonroca\",\"https:\\\/\\\/www.instagram.com\\\/maisonroca\\\/\"]}]}<\/script>\n<meta property=\"product:price:amount\" content=\"7650.00\" \/>\n<meta property=\"product:price:currency\" content=\"EUR\" \/>\n<meta property=\"og:availability\" content=\"instock\" \/>\n<meta property=\"product:availability\" content=\"instock\" \/>\n<meta property=\"product:retailer_item_id\" content=\"POC3020O7000000GP\" \/>\n<meta property=\"product:condition\" content=\"new\" \/>\n<!-- \/ Yoast SEO Premium plugin. -->","yoast_head_json":{"title":"PENDIENTES POMELLATO ICONICA FANCY DE ORO ROSA Y GRANATE PIROPIO - Maison Roca","robots":{"index":"index","follow":"follow","max-snippet":"max-snippet:-1","max-image-preview":"max-image-preview:large","max-video-preview":"max-video-preview:-1"},"canonical":"https:\/\/maisonroca.ad\/es\/tienda\/pendientes-pomellato-iconica-fancy-de-oro-rosa-y-granate-piropio\/","og_locale":"es_ES","og_type":"article","og_title":"PENDIENTES POMELLATO ICONICA FANCY DE ORO ROSA Y GRANATE PIROPIO","og_description":"Pendientes Pomellato Iconica Fancy de oro rosa y granate piropio Los inconfundibles dise\u00f1os de Iconica destacan por su uso vibrante del color, rindiendo homenaje a la rica tradici\u00f3n joyera de Mil\u00e1n. Inspirada en las primeras colecciones bizantinas de Pomellato, la silueta escult\u00f3rica de Iconica se fusiona con la elegancia de la \u00e9poca bizantina para ofrecer [&hellip;]","og_url":"https:\/\/maisonroca.ad\/es\/tienda\/pendientes-pomellato-iconica-fancy-de-oro-rosa-y-granate-piropio\/","og_site_name":"Maison Roca","article_publisher":"https:\/\/www.facebook.com\/maisonroca","article_modified_time":"2024-12-13T14:33:09+00:00","og_image":[{"width":1000,"height":1335,"url":"https:\/\/maisonroca.ad\/wp-content\/uploads\/2024\/07\/poc3020o7000000gp.JPG","type":"image\/webp"}],"twitter_card":"summary_large_image","twitter_misc":{"Precio":"7.650,00&nbsp;&euro;","Disponibilidad":"Disponible"},"schema":{"@context":"https:\/\/schema.org","@graph":[{"@type":"WebPage","@id":"https:\/\/maisonroca.ad\/es\/tienda\/pendientes-pomellato-iconica-fancy-de-oro-rosa-y-granate-piropio\/","url":"https:\/\/maisonroca.ad\/es\/tienda\/pendientes-pomellato-iconica-fancy-de-oro-rosa-y-granate-piropio\/","name":"PENDIENTES POMELLATO ICONICA FANCY DE ORO ROSA Y GRANATE PIROPIO - Maison Roca","isPartOf":{"@id":"https:\/\/maisonroca.ad\/es\/#website"},"primaryImageOfPage":{"@id":"https:\/\/maisonroca.ad\/es\/tienda\/pendientes-pomellato-iconica-fancy-de-oro-rosa-y-granate-piropio\/#primaryimage"},"image":{"@id":"https:\/\/maisonroca.ad\/es\/tienda\/pendientes-pomellato-iconica-fancy-de-oro-rosa-y-granate-piropio\/#primaryimage"},"thumbnailUrl":"https:\/\/maisonroca.ad\/wp-content\/uploads\/2024\/07\/poc3020o7000000gp.JPG","datePublished":"2024-07-28T22:02:33+00:00","dateModified":"2024-12-13T14:33:09+00:00","breadcrumb":{"@id":"https:\/\/maisonroca.ad\/es\/tienda\/pendientes-pomellato-iconica-fancy-de-oro-rosa-y-granate-piropio\/#breadcrumb"},"inLanguage":"es","potentialAction":[{"@type":"ReadAction","target":["https:\/\/maisonroca.ad\/es\/tienda\/pendientes-pomellato-iconica-fancy-de-oro-rosa-y-granate-piropio\/"]}]},{"@type":"ImageObject","inLanguage":"es","@id":"https:\/\/maisonroca.ad\/es\/tienda\/pendientes-pomellato-iconica-fancy-de-oro-rosa-y-granate-piropio\/#primaryimage","url":"https:\/\/maisonroca.ad\/wp-content\/uploads\/2024\/07\/poc3020o7000000gp.JPG","contentUrl":"https:\/\/maisonroca.ad\/wp-content\/uploads\/2024\/07\/poc3020o7000000gp.JPG","width":1000,"height":1335,"caption":"maison-roca-andorra-pomellato-arracades-iconica-fancy-or-rosa-grenat-piropio"},{"@type":"BreadcrumbList","@id":"https:\/\/maisonroca.ad\/es\/tienda\/pendientes-pomellato-iconica-fancy-de-oro-rosa-y-granate-piropio\/#breadcrumb","itemListElement":[{"@type":"ListItem","position":1,"name":"Portada","item":"https:\/\/maisonroca.ad\/es\/"},{"@type":"ListItem","position":2,"name":"Botiga","item":"https:\/\/maisonroca.ad\/botiga\/"},{"@type":"ListItem","position":3,"name":"PENDIENTES POMELLATO ICONICA FANCY DE ORO ROSA Y GRANATE PIROPIO"}]},{"@type":"WebSite","@id":"https:\/\/maisonroca.ad\/es\/#website","url":"https:\/\/maisonroca.ad\/es\/","name":"Maison Roca","description":"Bold Luxury Life - joieria d&#039;autor - Andorra","publisher":{"@id":"https:\/\/maisonroca.ad\/es\/#organization"},"potentialAction":[{"@type":"SearchAction","target":{"@type":"EntryPoint","urlTemplate":"https:\/\/maisonroca.ad\/es\/?s={search_term_string}"},"query-input":{"@type":"PropertyValueSpecification","valueRequired":true,"valueName":"search_term_string"}}],"inLanguage":"es"},{"@type":"Organization","@id":"https:\/\/maisonroca.ad\/es\/#organization","name":"Maison Roca","url":"https:\/\/maisonroca.ad\/es\/","logo":{"@type":"ImageObject","inLanguage":"es","@id":"https:\/\/maisonroca.ad\/es\/#\/schema\/logo\/image\/","url":"https:\/\/maisonroca.ad\/wp-content\/uploads\/2023\/10\/icono.png","contentUrl":"https:\/\/maisonroca.ad\/wp-content\/uploads\/2023\/10\/icono.png","width":512,"height":512,"caption":"Maison Roca"},"image":{"@id":"https:\/\/maisonroca.ad\/es\/#\/schema\/logo\/image\/"},"sameAs":["https:\/\/www.facebook.com\/maisonroca","https:\/\/www.instagram.com\/maisonroca\/"]}]},"product_price_amount":"7650.00","product_price_currency":"EUR","og_availability":"instock","product_availability":"instock","product_retailer_item_id":"POC3020O7000000GP","product_condition":"new"},"_links":{"self":[{"href":"https:\/\/maisonroca.ad\/es\/wp-json\/wp\/v2\/product\/44923","targetHints":{"allow":["GET"]}}],"collection":[{"href":"https:\/\/maisonroca.ad\/es\/wp-json\/wp\/v2\/product"}],"about":[{"href":"https:\/\/maisonroca.ad\/es\/wp-json\/wp\/v2\/types\/product"}],"replies":[{"embeddable":true,"href":"https:\/\/maisonroca.ad\/es\/wp-json\/wp\/v2\/comments?post=44923"}],"version-history":[{"count":1,"href":"https:\/\/maisonroca.ad\/es\/wp-json\/wp\/v2\/product\/44923\/revisions"}],"predecessor-version":[{"id":67686,"href":"https:\/\/maisonroca.ad\/es\/wp-json\/wp\/v2\/product\/44923\/revisions\/67686"}],"wp:featuredmedia":[{"embeddable":true,"href":"https:\/\/maisonroca.ad\/es\/wp-json\/wp\/v2\/media\/8191"}],"wp:attachment":[{"href":"https:\/\/maisonroca.ad\/es\/wp-json\/wp\/v2\/media?parent=44923"}],"wp:term":[{"taxonomy":"product_brand","embeddable":true,"href":"https:\/\/maisonroca.ad\/es\/wp-json\/wp\/v2\/product_brand?post=44923"},{"taxonomy":"product_cat","embeddable":true,"href":"https:\/\/maisonroca.ad\/es\/wp-json\/wp\/v2\/product_cat?post=44923"},{"taxonomy":"product_tag","embeddable":true,"href":"https:\/\/maisonroca.ad\/es\/wp-json\/wp\/v2\/product_tag?post=44923"}],"curies":[{"name":"wp","href":"https:\/\/api.w.org\/{rel}","templated":true}]}}