{"id":45038,"date":"2024-07-29T00:03:17","date_gmt":"2024-07-28T22:03:17","guid":{"rendered":"https:\/\/maisonroca.ad\/product\/anillo-serafino-consoli-multitalla-3-rangs-hoja-2-p-de-oro-amarillo-y-diamantes\/"},"modified":"2026-02-24T18:08:32","modified_gmt":"2026-02-24T17:08:32","slug":"anillo-serafino-consoli-multitalla-3-rangs-hoja-2-p-de-oro-amarillo-y-diamantes","status":"publish","type":"product","link":"https:\/\/maisonroca.ad\/es\/tienda\/anillo-serafino-consoli-multitalla-3-rangs-hoja-2-p-de-oro-amarillo-y-diamantes\/","title":{"rendered":"ANILLO SERAFINO CONSOLI MULTITALLA 3 RANGS HOJA 2 P DE ORO AMARILLO Y DIAMANTES"},"content":{"rendered":"<p>Este anillo de tama\u00f1os m\u00faltiples de 3 filas de diamantes es el \u00fanico anillo del mundo que puede cambiar de tama\u00f1o con una simple presi\u00f3n, lo que permite adaptarlo a cualquier dedo.<br \/>\nEsta joya innovadora est\u00e1 protegida por una patente global y se cre\u00f3 despu\u00e9s de m\u00e1s de una d\u00e9cada de investigaci\u00f3n y experimentaci\u00f3n con piedras preciosas.<\/p>\n<p>Detalles:<\/p>\n<p>\u2022 Multitalla 3 vueltas hoja 2 points<br \/>\n\u2022 Oro amarillo 18k<br \/>\n\u2022 66 diamantes blancos 1,17 ct<\/p>\n","protected":false},"excerpt":{"rendered":"<p>Este anillo de tama\u00f1os m\u00faltiples de 3 filas de diamantes es el \u00fanico anillo del mundo que puede cambiar de tama\u00f1o con una simple presi\u00f3n, lo que permite adaptarlo a cualquier dedo. Esta joya innovadora est\u00e1 protegida por una patente global y se cre\u00f3 despu\u00e9s de m\u00e1s de una d\u00e9cada de investigaci\u00f3n y experimentaci\u00f3n con [&hellip;]<\/p>\n","protected":false},"featured_media":8362,"comment_status":"closed","ping_status":"closed","template":"","meta":{"_acf_changed":false,"_monsterinsights_skip_tracking":false,"_monsterinsights_sitenote_active":false,"_monsterinsights_sitenote_note":"","_monsterinsights_sitenote_category":0},"product_brand":[],"product_cat":[1217,1239],"product_tag":[1569,1571,1579,2278],"class_list":{"0":"post-45038","1":"product","2":"type-product","3":"status-publish","4":"has-post-thumbnail","6":"product_cat-joyas","7":"product_cat-serafino-consoli-es","8":"product_tag-anillos","9":"product_tag-diamantes","10":"product_tag-oro-amarillo","11":"product_tag-serafino-consoli-3","13":"first","14":"instock","15":"sold-individually","16":"purchasable","17":"product-type-simple"},"acf":[],"yoast_head":"<!-- This site is optimized with the Yoast SEO Premium plugin v26.8 (Yoast SEO v27.3) - https:\/\/yoast.com\/product\/yoast-seo-premium-wordpress\/ -->\n<title>ANILLO SERAFINO CONSOLI MULTITALLA 3 RANGS HOJA 2 P DE ORO AMARILLO Y DIAMANTES - Maison Roca<\/title>\n<meta name=\"robots\" content=\"index, follow, max-snippet:-1, max-image-preview:large, max-video-preview:-1\" \/>\n<link rel=\"canonical\" href=\"https:\/\/maisonroca.ad\/es\/tienda\/anillo-serafino-consoli-multitalla-3-rangs-hoja-2-p-de-oro-amarillo-y-diamantes\/\" \/>\n<meta property=\"og:locale\" content=\"es_ES\" \/>\n<meta property=\"og:type\" content=\"article\" \/>\n<meta property=\"og:title\" content=\"ANILLO SERAFINO CONSOLI MULTITALLA 3 RANGS HOJA 2 P DE ORO AMARILLO Y DIAMANTES\" \/>\n<meta property=\"og:description\" content=\"Este anillo de tama\u00f1os m\u00faltiples de 3 filas de diamantes es el \u00fanico anillo del mundo que puede cambiar de tama\u00f1o con una simple presi\u00f3n, lo que permite adaptarlo a cualquier dedo. Esta joya innovadora est\u00e1 protegida por una patente global y se cre\u00f3 despu\u00e9s de m\u00e1s de una d\u00e9cada de investigaci\u00f3n y experimentaci\u00f3n con [&hellip;]\" \/>\n<meta property=\"og:url\" content=\"https:\/\/maisonroca.ad\/es\/tienda\/anillo-serafino-consoli-multitalla-3-rangs-hoja-2-p-de-oro-amarillo-y-diamantes\/\" \/>\n<meta property=\"og:site_name\" content=\"Maison Roca\" \/>\n<meta property=\"article:publisher\" content=\"https:\/\/www.facebook.com\/maisonroca\" \/>\n<meta property=\"article:modified_time\" content=\"2026-02-24T17:08:32+00:00\" \/>\n<meta property=\"og:image\" content=\"https:\/\/maisonroca.ad\/wp-content\/uploads\/2024\/07\/rms3f2ygwd.jpg\" \/>\n\t<meta property=\"og:image:width\" content=\"2000\" \/>\n\t<meta property=\"og:image:height\" content=\"2000\" \/>\n\t<meta property=\"og:image:type\" content=\"image\/jpeg\" \/>\n<meta name=\"twitter:card\" content=\"summary_large_image\" \/>\n<meta name=\"twitter:label1\" content=\"Precio\" \/>\n\t<meta name=\"twitter:data1\" content=\"6.975,00&nbsp;&euro;\" \/>\n\t<meta name=\"twitter:label2\" content=\"Disponibilidad\" \/>\n\t<meta name=\"twitter:data2\" content=\"Disponible\" \/>\n<script type=\"application\/ld+json\" class=\"yoast-schema-graph\">{\"@context\":\"https:\\\/\\\/schema.org\",\"@graph\":[{\"@type\":\"WebPage\",\"@id\":\"https:\\\/\\\/maisonroca.ad\\\/es\\\/tienda\\\/anillo-serafino-consoli-multitalla-3-rangs-hoja-2-p-de-oro-amarillo-y-diamantes\\\/\",\"url\":\"https:\\\/\\\/maisonroca.ad\\\/es\\\/tienda\\\/anillo-serafino-consoli-multitalla-3-rangs-hoja-2-p-de-oro-amarillo-y-diamantes\\\/\",\"name\":\"ANILLO SERAFINO CONSOLI MULTITALLA 3 RANGS HOJA 2 P DE ORO AMARILLO Y DIAMANTES - Maison Roca\",\"isPartOf\":{\"@id\":\"https:\\\/\\\/maisonroca.ad\\\/es\\\/#website\"},\"primaryImageOfPage\":{\"@id\":\"https:\\\/\\\/maisonroca.ad\\\/es\\\/tienda\\\/anillo-serafino-consoli-multitalla-3-rangs-hoja-2-p-de-oro-amarillo-y-diamantes\\\/#primaryimage\"},\"image\":{\"@id\":\"https:\\\/\\\/maisonroca.ad\\\/es\\\/tienda\\\/anillo-serafino-consoli-multitalla-3-rangs-hoja-2-p-de-oro-amarillo-y-diamantes\\\/#primaryimage\"},\"thumbnailUrl\":\"https:\\\/\\\/maisonroca.ad\\\/wp-content\\\/uploads\\\/2024\\\/07\\\/rms3f2ygwd.jpg\",\"datePublished\":\"2024-07-28T22:03:17+00:00\",\"dateModified\":\"2026-02-24T17:08:32+00:00\",\"breadcrumb\":{\"@id\":\"https:\\\/\\\/maisonroca.ad\\\/es\\\/tienda\\\/anillo-serafino-consoli-multitalla-3-rangs-hoja-2-p-de-oro-amarillo-y-diamantes\\\/#breadcrumb\"},\"inLanguage\":\"es\",\"potentialAction\":[{\"@type\":\"ReadAction\",\"target\":[\"https:\\\/\\\/maisonroca.ad\\\/es\\\/tienda\\\/anillo-serafino-consoli-multitalla-3-rangs-hoja-2-p-de-oro-amarillo-y-diamantes\\\/\"]}]},{\"@type\":\"ImageObject\",\"inLanguage\":\"es\",\"@id\":\"https:\\\/\\\/maisonroca.ad\\\/es\\\/tienda\\\/anillo-serafino-consoli-multitalla-3-rangs-hoja-2-p-de-oro-amarillo-y-diamantes\\\/#primaryimage\",\"url\":\"https:\\\/\\\/maisonroca.ad\\\/wp-content\\\/uploads\\\/2024\\\/07\\\/rms3f2ygwd.jpg\",\"contentUrl\":\"https:\\\/\\\/maisonroca.ad\\\/wp-content\\\/uploads\\\/2024\\\/07\\\/rms3f2ygwd.jpg\",\"width\":2000,\"height\":2000,\"caption\":\"maison-roca-andorra-serafino-consoli-anell-multi-talles-3-rangs-full-2-p-or-groc-diamant\"},{\"@type\":\"BreadcrumbList\",\"@id\":\"https:\\\/\\\/maisonroca.ad\\\/es\\\/tienda\\\/anillo-serafino-consoli-multitalla-3-rangs-hoja-2-p-de-oro-amarillo-y-diamantes\\\/#breadcrumb\",\"itemListElement\":[{\"@type\":\"ListItem\",\"position\":1,\"name\":\"Portada\",\"item\":\"https:\\\/\\\/maisonroca.ad\\\/es\\\/\"},{\"@type\":\"ListItem\",\"position\":2,\"name\":\"Botiga\",\"item\":\"https:\\\/\\\/maisonroca.ad\\\/botiga\\\/\"},{\"@type\":\"ListItem\",\"position\":3,\"name\":\"ANILLO SERAFINO CONSOLI MULTITALLA 3 RANGS HOJA 2 P DE ORO AMARILLO Y DIAMANTES\"}]},{\"@type\":\"WebSite\",\"@id\":\"https:\\\/\\\/maisonroca.ad\\\/es\\\/#website\",\"url\":\"https:\\\/\\\/maisonroca.ad\\\/es\\\/\",\"name\":\"Maison Roca\",\"description\":\"Bold Luxury Life - joieria d&#039;autor - Andorra\",\"publisher\":{\"@id\":\"https:\\\/\\\/maisonroca.ad\\\/es\\\/#organization\"},\"potentialAction\":[{\"@type\":\"SearchAction\",\"target\":{\"@type\":\"EntryPoint\",\"urlTemplate\":\"https:\\\/\\\/maisonroca.ad\\\/es\\\/?s={search_term_string}\"},\"query-input\":{\"@type\":\"PropertyValueSpecification\",\"valueRequired\":true,\"valueName\":\"search_term_string\"}}],\"inLanguage\":\"es\"},{\"@type\":\"Organization\",\"@id\":\"https:\\\/\\\/maisonroca.ad\\\/es\\\/#organization\",\"name\":\"Maison Roca\",\"url\":\"https:\\\/\\\/maisonroca.ad\\\/es\\\/\",\"logo\":{\"@type\":\"ImageObject\",\"inLanguage\":\"es\",\"@id\":\"https:\\\/\\\/maisonroca.ad\\\/es\\\/#\\\/schema\\\/logo\\\/image\\\/\",\"url\":\"https:\\\/\\\/maisonroca.ad\\\/wp-content\\\/uploads\\\/2023\\\/10\\\/icono.png\",\"contentUrl\":\"https:\\\/\\\/maisonroca.ad\\\/wp-content\\\/uploads\\\/2023\\\/10\\\/icono.png\",\"width\":512,\"height\":512,\"caption\":\"Maison Roca\"},\"image\":{\"@id\":\"https:\\\/\\\/maisonroca.ad\\\/es\\\/#\\\/schema\\\/logo\\\/image\\\/\"},\"sameAs\":[\"https:\\\/\\\/www.facebook.com\\\/maisonroca\",\"https:\\\/\\\/www.instagram.com\\\/maisonroca\\\/\"]}]}<\/script>\n<meta property=\"product:price:amount\" content=\"6975.00\" \/>\n<meta property=\"product:price:currency\" content=\"EUR\" \/>\n<meta property=\"og:availability\" content=\"instock\" \/>\n<meta property=\"product:availability\" content=\"instock\" \/>\n<meta property=\"product:retailer_item_id\" content=\"RMS3F2YGWD\" \/>\n<meta property=\"product:condition\" content=\"new\" \/>\n<!-- \/ Yoast SEO Premium plugin. -->","yoast_head_json":{"title":"ANILLO SERAFINO CONSOLI MULTITALLA 3 RANGS HOJA 2 P DE ORO AMARILLO Y DIAMANTES - Maison Roca","robots":{"index":"index","follow":"follow","max-snippet":"max-snippet:-1","max-image-preview":"max-image-preview:large","max-video-preview":"max-video-preview:-1"},"canonical":"https:\/\/maisonroca.ad\/es\/tienda\/anillo-serafino-consoli-multitalla-3-rangs-hoja-2-p-de-oro-amarillo-y-diamantes\/","og_locale":"es_ES","og_type":"article","og_title":"ANILLO SERAFINO CONSOLI MULTITALLA 3 RANGS HOJA 2 P DE ORO AMARILLO Y DIAMANTES","og_description":"Este anillo de tama\u00f1os m\u00faltiples de 3 filas de diamantes es el \u00fanico anillo del mundo que puede cambiar de tama\u00f1o con una simple presi\u00f3n, lo que permite adaptarlo a cualquier dedo. Esta joya innovadora est\u00e1 protegida por una patente global y se cre\u00f3 despu\u00e9s de m\u00e1s de una d\u00e9cada de investigaci\u00f3n y experimentaci\u00f3n con [&hellip;]","og_url":"https:\/\/maisonroca.ad\/es\/tienda\/anillo-serafino-consoli-multitalla-3-rangs-hoja-2-p-de-oro-amarillo-y-diamantes\/","og_site_name":"Maison Roca","article_publisher":"https:\/\/www.facebook.com\/maisonroca","article_modified_time":"2026-02-24T17:08:32+00:00","og_image":[{"width":2000,"height":2000,"url":"https:\/\/maisonroca.ad\/wp-content\/uploads\/2024\/07\/rms3f2ygwd.jpg","type":"image\/jpeg"}],"twitter_card":"summary_large_image","twitter_misc":{"Precio":"6.975,00&nbsp;&euro;","Disponibilidad":"Disponible"},"schema":{"@context":"https:\/\/schema.org","@graph":[{"@type":"WebPage","@id":"https:\/\/maisonroca.ad\/es\/tienda\/anillo-serafino-consoli-multitalla-3-rangs-hoja-2-p-de-oro-amarillo-y-diamantes\/","url":"https:\/\/maisonroca.ad\/es\/tienda\/anillo-serafino-consoli-multitalla-3-rangs-hoja-2-p-de-oro-amarillo-y-diamantes\/","name":"ANILLO SERAFINO CONSOLI MULTITALLA 3 RANGS HOJA 2 P DE ORO AMARILLO Y DIAMANTES - Maison Roca","isPartOf":{"@id":"https:\/\/maisonroca.ad\/es\/#website"},"primaryImageOfPage":{"@id":"https:\/\/maisonroca.ad\/es\/tienda\/anillo-serafino-consoli-multitalla-3-rangs-hoja-2-p-de-oro-amarillo-y-diamantes\/#primaryimage"},"image":{"@id":"https:\/\/maisonroca.ad\/es\/tienda\/anillo-serafino-consoli-multitalla-3-rangs-hoja-2-p-de-oro-amarillo-y-diamantes\/#primaryimage"},"thumbnailUrl":"https:\/\/maisonroca.ad\/wp-content\/uploads\/2024\/07\/rms3f2ygwd.jpg","datePublished":"2024-07-28T22:03:17+00:00","dateModified":"2026-02-24T17:08:32+00:00","breadcrumb":{"@id":"https:\/\/maisonroca.ad\/es\/tienda\/anillo-serafino-consoli-multitalla-3-rangs-hoja-2-p-de-oro-amarillo-y-diamantes\/#breadcrumb"},"inLanguage":"es","potentialAction":[{"@type":"ReadAction","target":["https:\/\/maisonroca.ad\/es\/tienda\/anillo-serafino-consoli-multitalla-3-rangs-hoja-2-p-de-oro-amarillo-y-diamantes\/"]}]},{"@type":"ImageObject","inLanguage":"es","@id":"https:\/\/maisonroca.ad\/es\/tienda\/anillo-serafino-consoli-multitalla-3-rangs-hoja-2-p-de-oro-amarillo-y-diamantes\/#primaryimage","url":"https:\/\/maisonroca.ad\/wp-content\/uploads\/2024\/07\/rms3f2ygwd.jpg","contentUrl":"https:\/\/maisonroca.ad\/wp-content\/uploads\/2024\/07\/rms3f2ygwd.jpg","width":2000,"height":2000,"caption":"maison-roca-andorra-serafino-consoli-anell-multi-talles-3-rangs-full-2-p-or-groc-diamant"},{"@type":"BreadcrumbList","@id":"https:\/\/maisonroca.ad\/es\/tienda\/anillo-serafino-consoli-multitalla-3-rangs-hoja-2-p-de-oro-amarillo-y-diamantes\/#breadcrumb","itemListElement":[{"@type":"ListItem","position":1,"name":"Portada","item":"https:\/\/maisonroca.ad\/es\/"},{"@type":"ListItem","position":2,"name":"Botiga","item":"https:\/\/maisonroca.ad\/botiga\/"},{"@type":"ListItem","position":3,"name":"ANILLO SERAFINO CONSOLI MULTITALLA 3 RANGS HOJA 2 P DE ORO AMARILLO Y DIAMANTES"}]},{"@type":"WebSite","@id":"https:\/\/maisonroca.ad\/es\/#website","url":"https:\/\/maisonroca.ad\/es\/","name":"Maison Roca","description":"Bold Luxury Life - joieria d&#039;autor - Andorra","publisher":{"@id":"https:\/\/maisonroca.ad\/es\/#organization"},"potentialAction":[{"@type":"SearchAction","target":{"@type":"EntryPoint","urlTemplate":"https:\/\/maisonroca.ad\/es\/?s={search_term_string}"},"query-input":{"@type":"PropertyValueSpecification","valueRequired":true,"valueName":"search_term_string"}}],"inLanguage":"es"},{"@type":"Organization","@id":"https:\/\/maisonroca.ad\/es\/#organization","name":"Maison Roca","url":"https:\/\/maisonroca.ad\/es\/","logo":{"@type":"ImageObject","inLanguage":"es","@id":"https:\/\/maisonroca.ad\/es\/#\/schema\/logo\/image\/","url":"https:\/\/maisonroca.ad\/wp-content\/uploads\/2023\/10\/icono.png","contentUrl":"https:\/\/maisonroca.ad\/wp-content\/uploads\/2023\/10\/icono.png","width":512,"height":512,"caption":"Maison Roca"},"image":{"@id":"https:\/\/maisonroca.ad\/es\/#\/schema\/logo\/image\/"},"sameAs":["https:\/\/www.facebook.com\/maisonroca","https:\/\/www.instagram.com\/maisonroca\/"]}]},"product_price_amount":"6975.00","product_price_currency":"EUR","og_availability":"instock","product_availability":"instock","product_retailer_item_id":"RMS3F2YGWD","product_condition":"new"},"_links":{"self":[{"href":"https:\/\/maisonroca.ad\/es\/wp-json\/wp\/v2\/product\/45038","targetHints":{"allow":["GET"]}}],"collection":[{"href":"https:\/\/maisonroca.ad\/es\/wp-json\/wp\/v2\/product"}],"about":[{"href":"https:\/\/maisonroca.ad\/es\/wp-json\/wp\/v2\/types\/product"}],"replies":[{"embeddable":true,"href":"https:\/\/maisonroca.ad\/es\/wp-json\/wp\/v2\/comments?post=45038"}],"version-history":[{"count":3,"href":"https:\/\/maisonroca.ad\/es\/wp-json\/wp\/v2\/product\/45038\/revisions"}],"predecessor-version":[{"id":84421,"href":"https:\/\/maisonroca.ad\/es\/wp-json\/wp\/v2\/product\/45038\/revisions\/84421"}],"wp:featuredmedia":[{"embeddable":true,"href":"https:\/\/maisonroca.ad\/es\/wp-json\/wp\/v2\/media\/8362"}],"wp:attachment":[{"href":"https:\/\/maisonroca.ad\/es\/wp-json\/wp\/v2\/media?parent=45038"}],"wp:term":[{"taxonomy":"product_brand","embeddable":true,"href":"https:\/\/maisonroca.ad\/es\/wp-json\/wp\/v2\/product_brand?post=45038"},{"taxonomy":"product_cat","embeddable":true,"href":"https:\/\/maisonroca.ad\/es\/wp-json\/wp\/v2\/product_cat?post=45038"},{"taxonomy":"product_tag","embeddable":true,"href":"https:\/\/maisonroca.ad\/es\/wp-json\/wp\/v2\/product_tag?post=45038"}],"curies":[{"name":"wp","href":"https:\/\/api.w.org\/{rel}","templated":true}]}}