{"id":45209,"date":"2024-07-29T00:04:22","date_gmt":"2024-07-28T22:04:22","guid":{"rendered":"https:\/\/maisonroca.ad\/product\/colgante-dodo-30-aniversario-dado-de-oro-rosa-y-diamante-marron\/"},"modified":"2024-11-28T10:44:54","modified_gmt":"2024-11-28T09:44:54","slug":"colgante-dodo-30-aniversario-dado-de-oro-rosa-y-diamante-marron","status":"publish","type":"product","link":"https:\/\/maisonroca.ad\/es\/tienda\/colgante-dodo-30-aniversario-dado-de-oro-rosa-y-diamante-marron\/","title":{"rendered":"COLGANTE DODO 30 ANIVERSARIO DADO DE ORO ROSA Y DIAMANTE MARR\u00d3N"},"content":{"rendered":"<p>Colgante DoDo 30 aniversario dado de oro rosa y diamante marr\u00f3n.<\/p>\n<p>Detalles:<\/p>\n<p>Oro rosa 9k<br \/>\nDiamante marr\u00f3n<\/p>\n","protected":false},"excerpt":{"rendered":"<p>Colgante DoDo 30 aniversario dado de oro rosa y diamante marr\u00f3n. Detalles: Oro rosa 9k Diamante marr\u00f3n<\/p>\n","protected":false},"featured_media":65008,"comment_status":"closed","ping_status":"closed","template":"","meta":{"_acf_changed":false,"_monsterinsights_skip_tracking":false,"_monsterinsights_sitenote_active":false,"_monsterinsights_sitenote_note":"","_monsterinsights_sitenote_category":0},"product_brand":[],"product_cat":[1242,1217],"product_tag":[1571,2166,1674,1572],"class_list":{"0":"post-45209","1":"product","2":"type-product","3":"status-publish","4":"has-post-thumbnail","6":"product_cat-dodo-es","7":"product_cat-joyas","8":"product_tag-diamantes","9":"product_tag-dodo-2","10":"product_tag-marron","11":"product_tag-oro-rosa","13":"first","14":"instock","15":"sold-individually","16":"purchasable","17":"product-type-simple"},"acf":[],"yoast_head":"<!-- This site is optimized with the Yoast SEO Premium plugin v26.8 (Yoast SEO v27.4) - https:\/\/yoast.com\/product\/yoast-seo-premium-wordpress\/ -->\n<title>COLGANTE DODO 30 ANIVERSARIO DADO DE ORO ROSA Y DIAMANTE MARR\u00d3N - Maison Roca<\/title>\n<meta name=\"robots\" content=\"index, follow, max-snippet:-1, max-image-preview:large, max-video-preview:-1\" \/>\n<link rel=\"canonical\" href=\"https:\/\/maisonroca.ad\/es\/tienda\/colgante-dodo-30-aniversario-dado-de-oro-rosa-y-diamante-marron\/\" \/>\n<meta property=\"og:locale\" content=\"es_ES\" \/>\n<meta property=\"og:type\" content=\"article\" \/>\n<meta property=\"og:title\" content=\"COLGANTE DODO 30 ANIVERSARIO DADO DE ORO ROSA Y DIAMANTE MARR\u00d3N\" \/>\n<meta property=\"og:description\" content=\"Colgante DoDo 30 aniversario dado de oro rosa y diamante marr\u00f3n. Detalles: Oro rosa 9k Diamante marr\u00f3n\" \/>\n<meta property=\"og:url\" content=\"https:\/\/maisonroca.ad\/es\/tienda\/colgante-dodo-30-aniversario-dado-de-oro-rosa-y-diamante-marron\/\" \/>\n<meta property=\"og:site_name\" content=\"Maison Roca\" \/>\n<meta property=\"article:publisher\" content=\"https:\/\/www.facebook.com\/maisonroca\" \/>\n<meta property=\"article:modified_time\" content=\"2024-11-28T09:44:54+00:00\" \/>\n<meta property=\"og:image\" content=\"https:\/\/maisonroca.ad\/wp-content\/uploads\/2024\/07\/dmc4003-dices-br09r-1.jpg\" \/>\n\t<meta property=\"og:image:width\" content=\"1164\" \/>\n\t<meta property=\"og:image:height\" content=\"1164\" \/>\n\t<meta property=\"og:image:type\" content=\"image\/jpeg\" \/>\n<meta name=\"twitter:card\" content=\"summary_large_image\" \/>\n<meta name=\"twitter:label1\" content=\"Precio\" \/>\n\t<meta name=\"twitter:data1\" content=\"315,00&nbsp;&euro;\" \/>\n\t<meta name=\"twitter:label2\" content=\"Disponibilidad\" \/>\n\t<meta name=\"twitter:data2\" content=\"Disponible\" \/>\n<script type=\"application\/ld+json\" class=\"yoast-schema-graph\">{\"@context\":\"https:\\\/\\\/schema.org\",\"@graph\":[{\"@type\":\"WebPage\",\"@id\":\"https:\\\/\\\/maisonroca.ad\\\/es\\\/tienda\\\/colgante-dodo-30-aniversario-dado-de-oro-rosa-y-diamante-marron\\\/\",\"url\":\"https:\\\/\\\/maisonroca.ad\\\/es\\\/tienda\\\/colgante-dodo-30-aniversario-dado-de-oro-rosa-y-diamante-marron\\\/\",\"name\":\"COLGANTE DODO 30 ANIVERSARIO DADO DE ORO ROSA Y DIAMANTE MARR\u00d3N - Maison Roca\",\"isPartOf\":{\"@id\":\"https:\\\/\\\/maisonroca.ad\\\/es\\\/#website\"},\"primaryImageOfPage\":{\"@id\":\"https:\\\/\\\/maisonroca.ad\\\/es\\\/tienda\\\/colgante-dodo-30-aniversario-dado-de-oro-rosa-y-diamante-marron\\\/#primaryimage\"},\"image\":{\"@id\":\"https:\\\/\\\/maisonroca.ad\\\/es\\\/tienda\\\/colgante-dodo-30-aniversario-dado-de-oro-rosa-y-diamante-marron\\\/#primaryimage\"},\"thumbnailUrl\":\"https:\\\/\\\/maisonroca.ad\\\/wp-content\\\/uploads\\\/2024\\\/07\\\/dmc4003-dices-br09r-1.jpg\",\"datePublished\":\"2024-07-28T22:04:22+00:00\",\"dateModified\":\"2024-11-28T09:44:54+00:00\",\"breadcrumb\":{\"@id\":\"https:\\\/\\\/maisonroca.ad\\\/es\\\/tienda\\\/colgante-dodo-30-aniversario-dado-de-oro-rosa-y-diamante-marron\\\/#breadcrumb\"},\"inLanguage\":\"es\",\"potentialAction\":[{\"@type\":\"ReadAction\",\"target\":[\"https:\\\/\\\/maisonroca.ad\\\/es\\\/tienda\\\/colgante-dodo-30-aniversario-dado-de-oro-rosa-y-diamante-marron\\\/\"]}]},{\"@type\":\"ImageObject\",\"inLanguage\":\"es\",\"@id\":\"https:\\\/\\\/maisonroca.ad\\\/es\\\/tienda\\\/colgante-dodo-30-aniversario-dado-de-oro-rosa-y-diamante-marron\\\/#primaryimage\",\"url\":\"https:\\\/\\\/maisonroca.ad\\\/wp-content\\\/uploads\\\/2024\\\/07\\\/dmc4003-dices-br09r-1.jpg\",\"contentUrl\":\"https:\\\/\\\/maisonroca.ad\\\/wp-content\\\/uploads\\\/2024\\\/07\\\/dmc4003-dices-br09r-1.jpg\",\"width\":1164,\"height\":1164},{\"@type\":\"BreadcrumbList\",\"@id\":\"https:\\\/\\\/maisonroca.ad\\\/es\\\/tienda\\\/colgante-dodo-30-aniversario-dado-de-oro-rosa-y-diamante-marron\\\/#breadcrumb\",\"itemListElement\":[{\"@type\":\"ListItem\",\"position\":1,\"name\":\"Portada\",\"item\":\"https:\\\/\\\/maisonroca.ad\\\/es\\\/\"},{\"@type\":\"ListItem\",\"position\":2,\"name\":\"Botiga\",\"item\":\"https:\\\/\\\/maisonroca.ad\\\/botiga\\\/\"},{\"@type\":\"ListItem\",\"position\":3,\"name\":\"COLGANTE DODO 30 ANIVERSARIO DADO DE ORO ROSA Y DIAMANTE MARR\u00d3N\"}]},{\"@type\":\"WebSite\",\"@id\":\"https:\\\/\\\/maisonroca.ad\\\/es\\\/#website\",\"url\":\"https:\\\/\\\/maisonroca.ad\\\/es\\\/\",\"name\":\"Maison Roca\",\"description\":\"Bold Luxury Life - joieria d&#039;autor - Andorra\",\"publisher\":{\"@id\":\"https:\\\/\\\/maisonroca.ad\\\/es\\\/#organization\"},\"potentialAction\":[{\"@type\":\"SearchAction\",\"target\":{\"@type\":\"EntryPoint\",\"urlTemplate\":\"https:\\\/\\\/maisonroca.ad\\\/es\\\/?s={search_term_string}\"},\"query-input\":{\"@type\":\"PropertyValueSpecification\",\"valueRequired\":true,\"valueName\":\"search_term_string\"}}],\"inLanguage\":\"es\"},{\"@type\":\"Organization\",\"@id\":\"https:\\\/\\\/maisonroca.ad\\\/es\\\/#organization\",\"name\":\"Maison Roca\",\"url\":\"https:\\\/\\\/maisonroca.ad\\\/es\\\/\",\"logo\":{\"@type\":\"ImageObject\",\"inLanguage\":\"es\",\"@id\":\"https:\\\/\\\/maisonroca.ad\\\/es\\\/#\\\/schema\\\/logo\\\/image\\\/\",\"url\":\"https:\\\/\\\/maisonroca.ad\\\/wp-content\\\/uploads\\\/2023\\\/10\\\/icono.png\",\"contentUrl\":\"https:\\\/\\\/maisonroca.ad\\\/wp-content\\\/uploads\\\/2023\\\/10\\\/icono.png\",\"width\":512,\"height\":512,\"caption\":\"Maison Roca\"},\"image\":{\"@id\":\"https:\\\/\\\/maisonroca.ad\\\/es\\\/#\\\/schema\\\/logo\\\/image\\\/\"},\"sameAs\":[\"https:\\\/\\\/www.facebook.com\\\/maisonroca\",\"https:\\\/\\\/www.instagram.com\\\/maisonroca\\\/\"]}]}<\/script>\n<meta property=\"product:price:amount\" content=\"315.00\" \/>\n<meta property=\"product:price:currency\" content=\"EUR\" \/>\n<meta property=\"og:availability\" content=\"instock\" \/>\n<meta property=\"product:availability\" content=\"instock\" \/>\n<meta property=\"product:retailer_item_id\" content=\"DMC4003-DICES-BR09R\" \/>\n<meta property=\"product:condition\" content=\"new\" \/>\n<!-- \/ Yoast SEO Premium plugin. -->","yoast_head_json":{"title":"COLGANTE DODO 30 ANIVERSARIO DADO DE ORO ROSA Y DIAMANTE MARR\u00d3N - Maison Roca","robots":{"index":"index","follow":"follow","max-snippet":"max-snippet:-1","max-image-preview":"max-image-preview:large","max-video-preview":"max-video-preview:-1"},"canonical":"https:\/\/maisonroca.ad\/es\/tienda\/colgante-dodo-30-aniversario-dado-de-oro-rosa-y-diamante-marron\/","og_locale":"es_ES","og_type":"article","og_title":"COLGANTE DODO 30 ANIVERSARIO DADO DE ORO ROSA Y DIAMANTE MARR\u00d3N","og_description":"Colgante DoDo 30 aniversario dado de oro rosa y diamante marr\u00f3n. Detalles: Oro rosa 9k Diamante marr\u00f3n","og_url":"https:\/\/maisonroca.ad\/es\/tienda\/colgante-dodo-30-aniversario-dado-de-oro-rosa-y-diamante-marron\/","og_site_name":"Maison Roca","article_publisher":"https:\/\/www.facebook.com\/maisonroca","article_modified_time":"2024-11-28T09:44:54+00:00","og_image":[{"width":1164,"height":1164,"url":"https:\/\/maisonroca.ad\/wp-content\/uploads\/2024\/07\/dmc4003-dices-br09r-1.jpg","type":"image\/jpeg"}],"twitter_card":"summary_large_image","twitter_misc":{"Precio":"315,00&nbsp;&euro;","Disponibilidad":"Disponible"},"schema":{"@context":"https:\/\/schema.org","@graph":[{"@type":"WebPage","@id":"https:\/\/maisonroca.ad\/es\/tienda\/colgante-dodo-30-aniversario-dado-de-oro-rosa-y-diamante-marron\/","url":"https:\/\/maisonroca.ad\/es\/tienda\/colgante-dodo-30-aniversario-dado-de-oro-rosa-y-diamante-marron\/","name":"COLGANTE DODO 30 ANIVERSARIO DADO DE ORO ROSA Y DIAMANTE MARR\u00d3N - Maison Roca","isPartOf":{"@id":"https:\/\/maisonroca.ad\/es\/#website"},"primaryImageOfPage":{"@id":"https:\/\/maisonroca.ad\/es\/tienda\/colgante-dodo-30-aniversario-dado-de-oro-rosa-y-diamante-marron\/#primaryimage"},"image":{"@id":"https:\/\/maisonroca.ad\/es\/tienda\/colgante-dodo-30-aniversario-dado-de-oro-rosa-y-diamante-marron\/#primaryimage"},"thumbnailUrl":"https:\/\/maisonroca.ad\/wp-content\/uploads\/2024\/07\/dmc4003-dices-br09r-1.jpg","datePublished":"2024-07-28T22:04:22+00:00","dateModified":"2024-11-28T09:44:54+00:00","breadcrumb":{"@id":"https:\/\/maisonroca.ad\/es\/tienda\/colgante-dodo-30-aniversario-dado-de-oro-rosa-y-diamante-marron\/#breadcrumb"},"inLanguage":"es","potentialAction":[{"@type":"ReadAction","target":["https:\/\/maisonroca.ad\/es\/tienda\/colgante-dodo-30-aniversario-dado-de-oro-rosa-y-diamante-marron\/"]}]},{"@type":"ImageObject","inLanguage":"es","@id":"https:\/\/maisonroca.ad\/es\/tienda\/colgante-dodo-30-aniversario-dado-de-oro-rosa-y-diamante-marron\/#primaryimage","url":"https:\/\/maisonroca.ad\/wp-content\/uploads\/2024\/07\/dmc4003-dices-br09r-1.jpg","contentUrl":"https:\/\/maisonroca.ad\/wp-content\/uploads\/2024\/07\/dmc4003-dices-br09r-1.jpg","width":1164,"height":1164},{"@type":"BreadcrumbList","@id":"https:\/\/maisonroca.ad\/es\/tienda\/colgante-dodo-30-aniversario-dado-de-oro-rosa-y-diamante-marron\/#breadcrumb","itemListElement":[{"@type":"ListItem","position":1,"name":"Portada","item":"https:\/\/maisonroca.ad\/es\/"},{"@type":"ListItem","position":2,"name":"Botiga","item":"https:\/\/maisonroca.ad\/botiga\/"},{"@type":"ListItem","position":3,"name":"COLGANTE DODO 30 ANIVERSARIO DADO DE ORO ROSA Y DIAMANTE MARR\u00d3N"}]},{"@type":"WebSite","@id":"https:\/\/maisonroca.ad\/es\/#website","url":"https:\/\/maisonroca.ad\/es\/","name":"Maison Roca","description":"Bold Luxury Life - joieria d&#039;autor - Andorra","publisher":{"@id":"https:\/\/maisonroca.ad\/es\/#organization"},"potentialAction":[{"@type":"SearchAction","target":{"@type":"EntryPoint","urlTemplate":"https:\/\/maisonroca.ad\/es\/?s={search_term_string}"},"query-input":{"@type":"PropertyValueSpecification","valueRequired":true,"valueName":"search_term_string"}}],"inLanguage":"es"},{"@type":"Organization","@id":"https:\/\/maisonroca.ad\/es\/#organization","name":"Maison Roca","url":"https:\/\/maisonroca.ad\/es\/","logo":{"@type":"ImageObject","inLanguage":"es","@id":"https:\/\/maisonroca.ad\/es\/#\/schema\/logo\/image\/","url":"https:\/\/maisonroca.ad\/wp-content\/uploads\/2023\/10\/icono.png","contentUrl":"https:\/\/maisonroca.ad\/wp-content\/uploads\/2023\/10\/icono.png","width":512,"height":512,"caption":"Maison Roca"},"image":{"@id":"https:\/\/maisonroca.ad\/es\/#\/schema\/logo\/image\/"},"sameAs":["https:\/\/www.facebook.com\/maisonroca","https:\/\/www.instagram.com\/maisonroca\/"]}]},"product_price_amount":"315.00","product_price_currency":"EUR","og_availability":"instock","product_availability":"instock","product_retailer_item_id":"DMC4003-DICES-BR09R","product_condition":"new"},"_links":{"self":[{"href":"https:\/\/maisonroca.ad\/es\/wp-json\/wp\/v2\/product\/45209","targetHints":{"allow":["GET"]}}],"collection":[{"href":"https:\/\/maisonroca.ad\/es\/wp-json\/wp\/v2\/product"}],"about":[{"href":"https:\/\/maisonroca.ad\/es\/wp-json\/wp\/v2\/types\/product"}],"replies":[{"embeddable":true,"href":"https:\/\/maisonroca.ad\/es\/wp-json\/wp\/v2\/comments?post=45209"}],"version-history":[{"count":1,"href":"https:\/\/maisonroca.ad\/es\/wp-json\/wp\/v2\/product\/45209\/revisions"}],"predecessor-version":[{"id":65014,"href":"https:\/\/maisonroca.ad\/es\/wp-json\/wp\/v2\/product\/45209\/revisions\/65014"}],"wp:featuredmedia":[{"embeddable":true,"href":"https:\/\/maisonroca.ad\/es\/wp-json\/wp\/v2\/media\/65008"}],"wp:attachment":[{"href":"https:\/\/maisonroca.ad\/es\/wp-json\/wp\/v2\/media?parent=45209"}],"wp:term":[{"taxonomy":"product_brand","embeddable":true,"href":"https:\/\/maisonroca.ad\/es\/wp-json\/wp\/v2\/product_brand?post=45209"},{"taxonomy":"product_cat","embeddable":true,"href":"https:\/\/maisonroca.ad\/es\/wp-json\/wp\/v2\/product_cat?post=45209"},{"taxonomy":"product_tag","embeddable":true,"href":"https:\/\/maisonroca.ad\/es\/wp-json\/wp\/v2\/product_tag?post=45209"}],"curies":[{"name":"wp","href":"https:\/\/api.w.org\/{rel}","templated":true}]}}