{"id":45287,"date":"2024-07-29T00:04:49","date_gmt":"2024-07-28T22:04:49","guid":{"rendered":"https:\/\/maisonroca.ad\/product\/anillo-solitario-maison-roca-tracemark-oro-blanco-y-diamante\/"},"modified":"2024-11-11T12:02:00","modified_gmt":"2024-11-11T11:02:00","slug":"anillo-solitario-maison-roca-tracemark-oro-blanco-y-diamante-7","status":"publish","type":"product","link":"https:\/\/maisonroca.ad\/es\/tienda\/anillo-solitario-maison-roca-tracemark-oro-blanco-y-diamante-7\/","title":{"rendered":"ANILLO SOLITARIO MAISON ROCA &#038; Tracemark ORO BLANCO Y DIAMANTE"},"content":{"rendered":"<p>Anillo solitario Maison Roca &amp; Tracemark de oro blanco y diamante talla brillante, con Tracemark y certificado GIA.<br \/>\nEsta joya con Tracemark es \u00fanica porque proporciona la trazabilidad completa e independiente desde el origen de los materiales hasta el consumidor final. Podr\u00e1s verificar desde tu wallet cada paso de la cadena de suministro y fabricaci\u00f3n para comprobar que cumple con los m\u00e1s altos est\u00e1ndares de sostenibilidad y responsabilidad.<br \/>\nGIA certifica la calidad y el origen del diamante<\/p>\n<p>Detalles:<\/p>\n<p>Oro blanco 18 k de 2,60 g<br \/>\nDiamante 0,51 ct gvs2 3ex<br \/>\nCertificado GIA<\/p>\n","protected":false},"excerpt":{"rendered":"<p>Anillo solitario Maison Roca &amp; Tracemark de oro blanco y diamante talla brillante, con Tracemark y certificado GIA. Esta joya con Tracemark es \u00fanica porque proporciona la trazabilidad completa e independiente desde el origen de los materiales hasta el consumidor final. Podr\u00e1s verificar desde tu wallet cada paso de la cadena de suministro y fabricaci\u00f3n [&hellip;]<\/p>\n","protected":false},"featured_media":9103,"comment_status":"closed","ping_status":"closed","template":"","meta":{"_acf_changed":false,"_monsterinsights_skip_tracking":false,"_monsterinsights_sitenote_active":false,"_monsterinsights_sitenote_note":"","_monsterinsights_sitenote_category":0},"product_brand":[],"product_cat":[1217,1243],"product_tag":[1569,1571,2137,1570],"class_list":{"0":"post-45287","1":"product","2":"type-product","3":"status-publish","4":"has-post-thumbnail","6":"product_cat-joyas","7":"product_cat-maison-roca-es","8":"product_tag-anillos","9":"product_tag-diamantes","10":"product_tag-maison-roca-tracemark-2","11":"product_tag-oro-blanco","13":"first","14":"instock","15":"sold-individually","16":"product-type-simple"},"acf":[],"yoast_head":"<!-- This site is optimized with the Yoast SEO Premium plugin v26.8 (Yoast SEO v27.3) - https:\/\/yoast.com\/product\/yoast-seo-premium-wordpress\/ -->\n<title>ANILLO SOLITARIO MAISON ROCA &amp; Tracemark ORO BLANCO Y DIAMANTE - Maison Roca<\/title>\n<meta name=\"robots\" content=\"index, follow, max-snippet:-1, max-image-preview:large, max-video-preview:-1\" \/>\n<link rel=\"canonical\" href=\"https:\/\/maisonroca.ad\/es\/tienda\/anillo-solitario-maison-roca-tracemark-oro-blanco-y-diamante-7\/\" \/>\n<meta property=\"og:locale\" content=\"es_ES\" \/>\n<meta property=\"og:type\" content=\"article\" \/>\n<meta property=\"og:title\" content=\"ANILLO SOLITARIO MAISON ROCA &amp; Tracemark ORO BLANCO Y DIAMANTE\" \/>\n<meta property=\"og:description\" content=\"Anillo solitario Maison Roca &amp; Tracemark de oro blanco y diamante talla brillante, con Tracemark y certificado GIA. Esta joya con Tracemark es \u00fanica porque proporciona la trazabilidad completa e independiente desde el origen de los materiales hasta el consumidor final. Podr\u00e1s verificar desde tu wallet cada paso de la cadena de suministro y fabricaci\u00f3n [&hellip;]\" \/>\n<meta property=\"og:url\" content=\"https:\/\/maisonroca.ad\/es\/tienda\/anillo-solitario-maison-roca-tracemark-oro-blanco-y-diamante-7\/\" \/>\n<meta property=\"og:site_name\" content=\"Maison Roca\" \/>\n<meta property=\"article:publisher\" content=\"https:\/\/www.facebook.com\/maisonroca\" \/>\n<meta property=\"article:modified_time\" content=\"2024-11-11T11:02:00+00:00\" \/>\n<meta property=\"og:image\" content=\"https:\/\/maisonroca.ad\/wp-content\/uploads\/2024\/07\/r1101183nwa.jpg\" \/>\n\t<meta property=\"og:image:width\" content=\"2500\" \/>\n\t<meta property=\"og:image:height\" content=\"2500\" \/>\n\t<meta property=\"og:image:type\" content=\"image\/jpeg\" \/>\n<meta name=\"twitter:card\" content=\"summary_large_image\" \/>\n<meta name=\"twitter:label1\" content=\"Precio\" \/>\n\t<meta name=\"twitter:data1\" content=\"\" \/>\n\t<meta name=\"twitter:label2\" content=\"Disponibilidad\" \/>\n\t<meta name=\"twitter:data2\" content=\"Disponible\" \/>\n<script type=\"application\/ld+json\" class=\"yoast-schema-graph\">{\"@context\":\"https:\\\/\\\/schema.org\",\"@graph\":[{\"@type\":\"WebPage\",\"@id\":\"https:\\\/\\\/maisonroca.ad\\\/es\\\/tienda\\\/anillo-solitario-maison-roca-tracemark-oro-blanco-y-diamante-7\\\/\",\"url\":\"https:\\\/\\\/maisonroca.ad\\\/es\\\/tienda\\\/anillo-solitario-maison-roca-tracemark-oro-blanco-y-diamante-7\\\/\",\"name\":\"ANILLO SOLITARIO MAISON ROCA & Tracemark ORO BLANCO Y DIAMANTE - Maison Roca\",\"isPartOf\":{\"@id\":\"https:\\\/\\\/maisonroca.ad\\\/es\\\/#website\"},\"primaryImageOfPage\":{\"@id\":\"https:\\\/\\\/maisonroca.ad\\\/es\\\/tienda\\\/anillo-solitario-maison-roca-tracemark-oro-blanco-y-diamante-7\\\/#primaryimage\"},\"image\":{\"@id\":\"https:\\\/\\\/maisonroca.ad\\\/es\\\/tienda\\\/anillo-solitario-maison-roca-tracemark-oro-blanco-y-diamante-7\\\/#primaryimage\"},\"thumbnailUrl\":\"https:\\\/\\\/maisonroca.ad\\\/wp-content\\\/uploads\\\/2024\\\/07\\\/r1101183nwa.jpg\",\"datePublished\":\"2024-07-28T22:04:49+00:00\",\"dateModified\":\"2024-11-11T11:02:00+00:00\",\"breadcrumb\":{\"@id\":\"https:\\\/\\\/maisonroca.ad\\\/es\\\/tienda\\\/anillo-solitario-maison-roca-tracemark-oro-blanco-y-diamante-7\\\/#breadcrumb\"},\"inLanguage\":\"es\",\"potentialAction\":[{\"@type\":\"ReadAction\",\"target\":[\"https:\\\/\\\/maisonroca.ad\\\/es\\\/tienda\\\/anillo-solitario-maison-roca-tracemark-oro-blanco-y-diamante-7\\\/\"]}]},{\"@type\":\"ImageObject\",\"inLanguage\":\"es\",\"@id\":\"https:\\\/\\\/maisonroca.ad\\\/es\\\/tienda\\\/anillo-solitario-maison-roca-tracemark-oro-blanco-y-diamante-7\\\/#primaryimage\",\"url\":\"https:\\\/\\\/maisonroca.ad\\\/wp-content\\\/uploads\\\/2024\\\/07\\\/r1101183nwa.jpg\",\"contentUrl\":\"https:\\\/\\\/maisonroca.ad\\\/wp-content\\\/uploads\\\/2024\\\/07\\\/r1101183nwa.jpg\",\"width\":2500,\"height\":2500,\"caption\":\"maison-roca-andorra-maison-roca-tracemark-anell-solitari-or-blanc-diamant-certificat-gia\"},{\"@type\":\"BreadcrumbList\",\"@id\":\"https:\\\/\\\/maisonroca.ad\\\/es\\\/tienda\\\/anillo-solitario-maison-roca-tracemark-oro-blanco-y-diamante-7\\\/#breadcrumb\",\"itemListElement\":[{\"@type\":\"ListItem\",\"position\":1,\"name\":\"Portada\",\"item\":\"https:\\\/\\\/maisonroca.ad\\\/es\\\/\"},{\"@type\":\"ListItem\",\"position\":2,\"name\":\"Botiga\",\"item\":\"https:\\\/\\\/maisonroca.ad\\\/botiga\\\/\"},{\"@type\":\"ListItem\",\"position\":3,\"name\":\"ANILLO SOLITARIO MAISON ROCA &#038; Tracemark ORO BLANCO Y DIAMANTE\"}]},{\"@type\":\"WebSite\",\"@id\":\"https:\\\/\\\/maisonroca.ad\\\/es\\\/#website\",\"url\":\"https:\\\/\\\/maisonroca.ad\\\/es\\\/\",\"name\":\"Maison Roca\",\"description\":\"Bold Luxury Life - joieria d&#039;autor - Andorra\",\"publisher\":{\"@id\":\"https:\\\/\\\/maisonroca.ad\\\/es\\\/#organization\"},\"potentialAction\":[{\"@type\":\"SearchAction\",\"target\":{\"@type\":\"EntryPoint\",\"urlTemplate\":\"https:\\\/\\\/maisonroca.ad\\\/es\\\/?s={search_term_string}\"},\"query-input\":{\"@type\":\"PropertyValueSpecification\",\"valueRequired\":true,\"valueName\":\"search_term_string\"}}],\"inLanguage\":\"es\"},{\"@type\":\"Organization\",\"@id\":\"https:\\\/\\\/maisonroca.ad\\\/es\\\/#organization\",\"name\":\"Maison Roca\",\"url\":\"https:\\\/\\\/maisonroca.ad\\\/es\\\/\",\"logo\":{\"@type\":\"ImageObject\",\"inLanguage\":\"es\",\"@id\":\"https:\\\/\\\/maisonroca.ad\\\/es\\\/#\\\/schema\\\/logo\\\/image\\\/\",\"url\":\"https:\\\/\\\/maisonroca.ad\\\/wp-content\\\/uploads\\\/2023\\\/10\\\/icono.png\",\"contentUrl\":\"https:\\\/\\\/maisonroca.ad\\\/wp-content\\\/uploads\\\/2023\\\/10\\\/icono.png\",\"width\":512,\"height\":512,\"caption\":\"Maison Roca\"},\"image\":{\"@id\":\"https:\\\/\\\/maisonroca.ad\\\/es\\\/#\\\/schema\\\/logo\\\/image\\\/\"},\"sameAs\":[\"https:\\\/\\\/www.facebook.com\\\/maisonroca\",\"https:\\\/\\\/www.instagram.com\\\/maisonroca\\\/\"]}]}<\/script>\n<meta property=\"product:price:currency\" content=\"EUR\" \/>\n<meta property=\"og:availability\" content=\"instock\" \/>\n<meta property=\"product:availability\" content=\"instock\" \/>\n<meta property=\"product:retailer_item_id\" content=\"R1101183NWA\" \/>\n<meta property=\"product:condition\" content=\"new\" \/>\n<!-- \/ Yoast SEO Premium plugin. -->","yoast_head_json":{"title":"ANILLO SOLITARIO MAISON ROCA & Tracemark ORO BLANCO Y DIAMANTE - Maison Roca","robots":{"index":"index","follow":"follow","max-snippet":"max-snippet:-1","max-image-preview":"max-image-preview:large","max-video-preview":"max-video-preview:-1"},"canonical":"https:\/\/maisonroca.ad\/es\/tienda\/anillo-solitario-maison-roca-tracemark-oro-blanco-y-diamante-7\/","og_locale":"es_ES","og_type":"article","og_title":"ANILLO SOLITARIO MAISON ROCA & Tracemark ORO BLANCO Y DIAMANTE","og_description":"Anillo solitario Maison Roca &amp; Tracemark de oro blanco y diamante talla brillante, con Tracemark y certificado GIA. Esta joya con Tracemark es \u00fanica porque proporciona la trazabilidad completa e independiente desde el origen de los materiales hasta el consumidor final. Podr\u00e1s verificar desde tu wallet cada paso de la cadena de suministro y fabricaci\u00f3n [&hellip;]","og_url":"https:\/\/maisonroca.ad\/es\/tienda\/anillo-solitario-maison-roca-tracemark-oro-blanco-y-diamante-7\/","og_site_name":"Maison Roca","article_publisher":"https:\/\/www.facebook.com\/maisonroca","article_modified_time":"2024-11-11T11:02:00+00:00","og_image":[{"width":2500,"height":2500,"url":"https:\/\/maisonroca.ad\/wp-content\/uploads\/2024\/07\/r1101183nwa.jpg","type":"image\/jpeg"}],"twitter_card":"summary_large_image","twitter_misc":{"Precio":"","Disponibilidad":"Disponible"},"schema":{"@context":"https:\/\/schema.org","@graph":[{"@type":"WebPage","@id":"https:\/\/maisonroca.ad\/es\/tienda\/anillo-solitario-maison-roca-tracemark-oro-blanco-y-diamante-7\/","url":"https:\/\/maisonroca.ad\/es\/tienda\/anillo-solitario-maison-roca-tracemark-oro-blanco-y-diamante-7\/","name":"ANILLO SOLITARIO MAISON ROCA & Tracemark ORO BLANCO Y DIAMANTE - Maison Roca","isPartOf":{"@id":"https:\/\/maisonroca.ad\/es\/#website"},"primaryImageOfPage":{"@id":"https:\/\/maisonroca.ad\/es\/tienda\/anillo-solitario-maison-roca-tracemark-oro-blanco-y-diamante-7\/#primaryimage"},"image":{"@id":"https:\/\/maisonroca.ad\/es\/tienda\/anillo-solitario-maison-roca-tracemark-oro-blanco-y-diamante-7\/#primaryimage"},"thumbnailUrl":"https:\/\/maisonroca.ad\/wp-content\/uploads\/2024\/07\/r1101183nwa.jpg","datePublished":"2024-07-28T22:04:49+00:00","dateModified":"2024-11-11T11:02:00+00:00","breadcrumb":{"@id":"https:\/\/maisonroca.ad\/es\/tienda\/anillo-solitario-maison-roca-tracemark-oro-blanco-y-diamante-7\/#breadcrumb"},"inLanguage":"es","potentialAction":[{"@type":"ReadAction","target":["https:\/\/maisonroca.ad\/es\/tienda\/anillo-solitario-maison-roca-tracemark-oro-blanco-y-diamante-7\/"]}]},{"@type":"ImageObject","inLanguage":"es","@id":"https:\/\/maisonroca.ad\/es\/tienda\/anillo-solitario-maison-roca-tracemark-oro-blanco-y-diamante-7\/#primaryimage","url":"https:\/\/maisonroca.ad\/wp-content\/uploads\/2024\/07\/r1101183nwa.jpg","contentUrl":"https:\/\/maisonroca.ad\/wp-content\/uploads\/2024\/07\/r1101183nwa.jpg","width":2500,"height":2500,"caption":"maison-roca-andorra-maison-roca-tracemark-anell-solitari-or-blanc-diamant-certificat-gia"},{"@type":"BreadcrumbList","@id":"https:\/\/maisonroca.ad\/es\/tienda\/anillo-solitario-maison-roca-tracemark-oro-blanco-y-diamante-7\/#breadcrumb","itemListElement":[{"@type":"ListItem","position":1,"name":"Portada","item":"https:\/\/maisonroca.ad\/es\/"},{"@type":"ListItem","position":2,"name":"Botiga","item":"https:\/\/maisonroca.ad\/botiga\/"},{"@type":"ListItem","position":3,"name":"ANILLO SOLITARIO MAISON ROCA &#038; Tracemark ORO BLANCO Y DIAMANTE"}]},{"@type":"WebSite","@id":"https:\/\/maisonroca.ad\/es\/#website","url":"https:\/\/maisonroca.ad\/es\/","name":"Maison Roca","description":"Bold Luxury Life - joieria d&#039;autor - Andorra","publisher":{"@id":"https:\/\/maisonroca.ad\/es\/#organization"},"potentialAction":[{"@type":"SearchAction","target":{"@type":"EntryPoint","urlTemplate":"https:\/\/maisonroca.ad\/es\/?s={search_term_string}"},"query-input":{"@type":"PropertyValueSpecification","valueRequired":true,"valueName":"search_term_string"}}],"inLanguage":"es"},{"@type":"Organization","@id":"https:\/\/maisonroca.ad\/es\/#organization","name":"Maison Roca","url":"https:\/\/maisonroca.ad\/es\/","logo":{"@type":"ImageObject","inLanguage":"es","@id":"https:\/\/maisonroca.ad\/es\/#\/schema\/logo\/image\/","url":"https:\/\/maisonroca.ad\/wp-content\/uploads\/2023\/10\/icono.png","contentUrl":"https:\/\/maisonroca.ad\/wp-content\/uploads\/2023\/10\/icono.png","width":512,"height":512,"caption":"Maison Roca"},"image":{"@id":"https:\/\/maisonroca.ad\/es\/#\/schema\/logo\/image\/"},"sameAs":["https:\/\/www.facebook.com\/maisonroca","https:\/\/www.instagram.com\/maisonroca\/"]}]},"product_price_currency":"EUR","og_availability":"instock","product_availability":"instock","product_retailer_item_id":"R1101183NWA","product_condition":"new"},"_links":{"self":[{"href":"https:\/\/maisonroca.ad\/es\/wp-json\/wp\/v2\/product\/45287","targetHints":{"allow":["GET"]}}],"collection":[{"href":"https:\/\/maisonroca.ad\/es\/wp-json\/wp\/v2\/product"}],"about":[{"href":"https:\/\/maisonroca.ad\/es\/wp-json\/wp\/v2\/types\/product"}],"replies":[{"embeddable":true,"href":"https:\/\/maisonroca.ad\/es\/wp-json\/wp\/v2\/comments?post=45287"}],"version-history":[{"count":1,"href":"https:\/\/maisonroca.ad\/es\/wp-json\/wp\/v2\/product\/45287\/revisions"}],"predecessor-version":[{"id":60764,"href":"https:\/\/maisonroca.ad\/es\/wp-json\/wp\/v2\/product\/45287\/revisions\/60764"}],"wp:featuredmedia":[{"embeddable":true,"href":"https:\/\/maisonroca.ad\/es\/wp-json\/wp\/v2\/media\/9103"}],"wp:attachment":[{"href":"https:\/\/maisonroca.ad\/es\/wp-json\/wp\/v2\/media?parent=45287"}],"wp:term":[{"taxonomy":"product_brand","embeddable":true,"href":"https:\/\/maisonroca.ad\/es\/wp-json\/wp\/v2\/product_brand?post=45287"},{"taxonomy":"product_cat","embeddable":true,"href":"https:\/\/maisonroca.ad\/es\/wp-json\/wp\/v2\/product_cat?post=45287"},{"taxonomy":"product_tag","embeddable":true,"href":"https:\/\/maisonroca.ad\/es\/wp-json\/wp\/v2\/product_tag?post=45287"}],"curies":[{"name":"wp","href":"https:\/\/api.w.org\/{rel}","templated":true}]}}