{"id":68765,"date":"2025-01-02T17:54:58","date_gmt":"2025-01-02T16:54:58","guid":{"rendered":"https:\/\/maisonroca.ad\/?post_type=product&#038;p=68765"},"modified":"2026-02-17T10:12:48","modified_gmt":"2026-02-17T09:12:48","slug":"reloj-chanel-j12-calibre-122-de-33-mm-de-ceramica-blanca-con-diamantes","status":"publish","type":"product","link":"https:\/\/maisonroca.ad\/es\/tienda\/reloj-chanel-j12-calibre-122-de-33-mm-de-ceramica-blanca-con-diamantes\/","title":{"rendered":"RELOJ CHANEL J12 CALIBRE 12.2 DE 33 MM DE CER\u00c1MICA BLANCA CON DIAMANTES"},"content":{"rendered":"<p>Reloj Chanel J12 Calibre 12.2 de 33 mm de di\u00e1metro con movimiento autom\u00e1tico. Este reloj es de cer\u00e1mica blanca con esfera blanca e \u00edndices de diamantes.<\/p>\n<p>Detalles:<\/p>\n<ul>\n<li>Caja de cer\u00e1mica de alta resistencia blanca y acero<\/li>\n<li>Bisel giratorio unidireccional de acero<\/li>\n<li>Pulsera de cer\u00e1mica de alta resistencia blanca con triple cierre desplegable de acero<\/li>\n<li>Movimiento mec\u00e1nico autom\u00e1tico Calibre 12.2<\/li>\n<li>Di\u00e1metro de 33 mm<\/li>\n<li>Esfera lacada en blanco engastada con 12 \u00edndices de diamante<\/li>\n<li>Estanqueidad de 200 m<\/li>\n<li>Funciones: horas, minutos y segundos<\/li>\n<\/ul>\n","protected":false},"excerpt":{"rendered":"<p>Reloj Chanel J12 Calibre 12.2 de 33 mm de di\u00e1metro con movimiento autom\u00e1tico. Este reloj es de cer\u00e1mica blanca con esfera blanca e \u00edndices de diamantes.<\/p>\n","protected":false},"featured_media":68763,"comment_status":"closed","ping_status":"closed","template":"","meta":{"_acf_changed":false,"_monsterinsights_skip_tracking":false,"_monsterinsights_sitenote_active":false,"_monsterinsights_sitenote_note":"","_monsterinsights_sitenote_category":0},"product_brand":[],"product_cat":[1218],"product_tag":[],"class_list":{"0":"post-68765","1":"product","2":"type-product","3":"status-publish","4":"has-post-thumbnail","6":"product_cat-relojes","8":"first","9":"instock","10":"shipping-taxable","11":"purchasable","12":"product-type-simple"},"acf":[],"yoast_head":"<!-- This site is optimized with the Yoast SEO Premium plugin v26.8 (Yoast SEO v27.4) - https:\/\/yoast.com\/product\/yoast-seo-premium-wordpress\/ -->\n<title>RELOJ CHANEL J12 CALIBRE 12.2 CER\u00c1MICA Y DIAMANTES<\/title>\n<meta name=\"description\" content=\"Descubre el Reloj Chanel J12 Calibre 12.2 de 33 mm de di\u00e1metro con movimiento autom\u00e1tico de cer\u00e1mica blanca e \u00edndices de diamantes.\" \/>\n<meta name=\"robots\" content=\"index, follow, max-snippet:-1, max-image-preview:large, max-video-preview:-1\" \/>\n<link rel=\"canonical\" href=\"https:\/\/maisonroca.ad\/es\/tienda\/reloj-chanel-j12-calibre-122-de-33-mm-de-ceramica-blanca-con-diamantes\/\" \/>\n<meta property=\"og:locale\" content=\"es_ES\" \/>\n<meta property=\"og:type\" content=\"article\" \/>\n<meta property=\"og:title\" content=\"RELOJ CHANEL J12 CALIBRE 12.2 DE 33 MM DE CER\u00c1MICA BLANCA CON DIAMANTES\" \/>\n<meta property=\"og:description\" content=\"Descubre el Reloj Chanel J12 Calibre 12.2 de 33 mm de di\u00e1metro con movimiento autom\u00e1tico de cer\u00e1mica blanca e \u00edndices de diamantes.\" \/>\n<meta property=\"og:url\" content=\"https:\/\/maisonroca.ad\/es\/tienda\/reloj-chanel-j12-calibre-122-de-33-mm-de-ceramica-blanca-con-diamantes\/\" \/>\n<meta property=\"og:site_name\" content=\"Maison Roca\" \/>\n<meta property=\"article:publisher\" content=\"https:\/\/www.facebook.com\/maisonroca\" \/>\n<meta property=\"article:modified_time\" content=\"2026-02-17T09:12:48+00:00\" \/>\n<meta property=\"og:image\" content=\"https:\/\/maisonroca.ad\/wp-content\/uploads\/2025\/01\/h9741.jpg\" \/>\n\t<meta property=\"og:image:width\" content=\"800\" \/>\n\t<meta property=\"og:image:height\" content=\"800\" \/>\n\t<meta property=\"og:image:type\" content=\"image\/jpeg\" \/>\n<meta name=\"twitter:card\" content=\"summary_large_image\" \/>\n<meta name=\"twitter:label1\" content=\"Precio\" \/>\n\t<meta name=\"twitter:data1\" content=\"846.000,00&nbsp;&euro;\" \/>\n\t<meta name=\"twitter:label2\" content=\"Disponibilidad\" \/>\n\t<meta name=\"twitter:data2\" content=\"Disponible\" \/>\n<script type=\"application\/ld+json\" class=\"yoast-schema-graph\">{\"@context\":\"https:\\\/\\\/schema.org\",\"@graph\":[{\"@type\":\"WebPage\",\"@id\":\"https:\\\/\\\/maisonroca.ad\\\/es\\\/tienda\\\/reloj-chanel-j12-calibre-122-de-33-mm-de-ceramica-blanca-con-diamantes\\\/\",\"url\":\"https:\\\/\\\/maisonroca.ad\\\/es\\\/tienda\\\/reloj-chanel-j12-calibre-122-de-33-mm-de-ceramica-blanca-con-diamantes\\\/\",\"name\":\"RELOJ CHANEL J12 CALIBRE 12.2 CER\u00c1MICA Y DIAMANTES\",\"isPartOf\":{\"@id\":\"https:\\\/\\\/maisonroca.ad\\\/es\\\/#website\"},\"primaryImageOfPage\":{\"@id\":\"https:\\\/\\\/maisonroca.ad\\\/es\\\/tienda\\\/reloj-chanel-j12-calibre-122-de-33-mm-de-ceramica-blanca-con-diamantes\\\/#primaryimage\"},\"image\":{\"@id\":\"https:\\\/\\\/maisonroca.ad\\\/es\\\/tienda\\\/reloj-chanel-j12-calibre-122-de-33-mm-de-ceramica-blanca-con-diamantes\\\/#primaryimage\"},\"thumbnailUrl\":\"https:\\\/\\\/maisonroca.ad\\\/wp-content\\\/uploads\\\/2025\\\/01\\\/h9741.jpg\",\"datePublished\":\"2025-01-02T16:54:58+00:00\",\"dateModified\":\"2026-02-17T09:12:48+00:00\",\"description\":\"Descubre el Reloj Chanel J12 Calibre 12.2 de 33 mm de di\u00e1metro con movimiento autom\u00e1tico de cer\u00e1mica blanca e \u00edndices de diamantes.\",\"breadcrumb\":{\"@id\":\"https:\\\/\\\/maisonroca.ad\\\/es\\\/tienda\\\/reloj-chanel-j12-calibre-122-de-33-mm-de-ceramica-blanca-con-diamantes\\\/#breadcrumb\"},\"inLanguage\":\"es\",\"potentialAction\":[{\"@type\":\"ReadAction\",\"target\":[\"https:\\\/\\\/maisonroca.ad\\\/es\\\/tienda\\\/reloj-chanel-j12-calibre-122-de-33-mm-de-ceramica-blanca-con-diamantes\\\/\"]}]},{\"@type\":\"ImageObject\",\"inLanguage\":\"es\",\"@id\":\"https:\\\/\\\/maisonroca.ad\\\/es\\\/tienda\\\/reloj-chanel-j12-calibre-122-de-33-mm-de-ceramica-blanca-con-diamantes\\\/#primaryimage\",\"url\":\"https:\\\/\\\/maisonroca.ad\\\/wp-content\\\/uploads\\\/2025\\\/01\\\/h9741.jpg\",\"contentUrl\":\"https:\\\/\\\/maisonroca.ad\\\/wp-content\\\/uploads\\\/2025\\\/01\\\/h9741.jpg\",\"width\":800,\"height\":800,\"caption\":\"maison-roca-andorra-chanel-rellotges-j12-calibre-12.2-automatic-33-mm-ceramica-blanca-index-diamants\"},{\"@type\":\"BreadcrumbList\",\"@id\":\"https:\\\/\\\/maisonroca.ad\\\/es\\\/tienda\\\/reloj-chanel-j12-calibre-122-de-33-mm-de-ceramica-blanca-con-diamantes\\\/#breadcrumb\",\"itemListElement\":[{\"@type\":\"ListItem\",\"position\":1,\"name\":\"Portada\",\"item\":\"https:\\\/\\\/maisonroca.ad\\\/es\\\/\"},{\"@type\":\"ListItem\",\"position\":2,\"name\":\"Botiga\",\"item\":\"https:\\\/\\\/maisonroca.ad\\\/botiga\\\/\"},{\"@type\":\"ListItem\",\"position\":3,\"name\":\"RELOJ CHANEL J12 CALIBRE 12.2 DE 33 MM DE CER\u00c1MICA BLANCA CON DIAMANTES\"}]},{\"@type\":\"WebSite\",\"@id\":\"https:\\\/\\\/maisonroca.ad\\\/es\\\/#website\",\"url\":\"https:\\\/\\\/maisonroca.ad\\\/es\\\/\",\"name\":\"Maison Roca\",\"description\":\"Bold Luxury Life - joieria d&#039;autor - Andorra\",\"publisher\":{\"@id\":\"https:\\\/\\\/maisonroca.ad\\\/es\\\/#organization\"},\"potentialAction\":[{\"@type\":\"SearchAction\",\"target\":{\"@type\":\"EntryPoint\",\"urlTemplate\":\"https:\\\/\\\/maisonroca.ad\\\/es\\\/?s={search_term_string}\"},\"query-input\":{\"@type\":\"PropertyValueSpecification\",\"valueRequired\":true,\"valueName\":\"search_term_string\"}}],\"inLanguage\":\"es\"},{\"@type\":\"Organization\",\"@id\":\"https:\\\/\\\/maisonroca.ad\\\/es\\\/#organization\",\"name\":\"Maison Roca\",\"url\":\"https:\\\/\\\/maisonroca.ad\\\/es\\\/\",\"logo\":{\"@type\":\"ImageObject\",\"inLanguage\":\"es\",\"@id\":\"https:\\\/\\\/maisonroca.ad\\\/es\\\/#\\\/schema\\\/logo\\\/image\\\/\",\"url\":\"https:\\\/\\\/maisonroca.ad\\\/wp-content\\\/uploads\\\/2023\\\/10\\\/icono.png\",\"contentUrl\":\"https:\\\/\\\/maisonroca.ad\\\/wp-content\\\/uploads\\\/2023\\\/10\\\/icono.png\",\"width\":512,\"height\":512,\"caption\":\"Maison Roca\"},\"image\":{\"@id\":\"https:\\\/\\\/maisonroca.ad\\\/es\\\/#\\\/schema\\\/logo\\\/image\\\/\"},\"sameAs\":[\"https:\\\/\\\/www.facebook.com\\\/maisonroca\",\"https:\\\/\\\/www.instagram.com\\\/maisonroca\\\/\"]}]}<\/script>\n<meta property=\"product:price:amount\" content=\"846000.00\" \/>\n<meta property=\"product:price:currency\" content=\"EUR\" \/>\n<meta property=\"og:availability\" content=\"instock\" \/>\n<meta property=\"product:availability\" content=\"instock\" \/>\n<meta property=\"product:retailer_item_id\" content=\"H9741\" \/>\n<meta property=\"product:condition\" content=\"new\" \/>\n<!-- \/ Yoast SEO Premium plugin. -->","yoast_head_json":{"title":"RELOJ CHANEL J12 CALIBRE 12.2 CER\u00c1MICA Y DIAMANTES","description":"Descubre el Reloj Chanel J12 Calibre 12.2 de 33 mm de di\u00e1metro con movimiento autom\u00e1tico de cer\u00e1mica blanca e \u00edndices de diamantes.","robots":{"index":"index","follow":"follow","max-snippet":"max-snippet:-1","max-image-preview":"max-image-preview:large","max-video-preview":"max-video-preview:-1"},"canonical":"https:\/\/maisonroca.ad\/es\/tienda\/reloj-chanel-j12-calibre-122-de-33-mm-de-ceramica-blanca-con-diamantes\/","og_locale":"es_ES","og_type":"article","og_title":"RELOJ CHANEL J12 CALIBRE 12.2 DE 33 MM DE CER\u00c1MICA BLANCA CON DIAMANTES","og_description":"Descubre el Reloj Chanel J12 Calibre 12.2 de 33 mm de di\u00e1metro con movimiento autom\u00e1tico de cer\u00e1mica blanca e \u00edndices de diamantes.","og_url":"https:\/\/maisonroca.ad\/es\/tienda\/reloj-chanel-j12-calibre-122-de-33-mm-de-ceramica-blanca-con-diamantes\/","og_site_name":"Maison Roca","article_publisher":"https:\/\/www.facebook.com\/maisonroca","article_modified_time":"2026-02-17T09:12:48+00:00","og_image":[{"width":800,"height":800,"url":"https:\/\/maisonroca.ad\/wp-content\/uploads\/2025\/01\/h9741.jpg","type":"image\/jpeg"}],"twitter_card":"summary_large_image","twitter_misc":{"Precio":"846.000,00&nbsp;&euro;","Disponibilidad":"Disponible"},"schema":{"@context":"https:\/\/schema.org","@graph":[{"@type":"WebPage","@id":"https:\/\/maisonroca.ad\/es\/tienda\/reloj-chanel-j12-calibre-122-de-33-mm-de-ceramica-blanca-con-diamantes\/","url":"https:\/\/maisonroca.ad\/es\/tienda\/reloj-chanel-j12-calibre-122-de-33-mm-de-ceramica-blanca-con-diamantes\/","name":"RELOJ CHANEL J12 CALIBRE 12.2 CER\u00c1MICA Y DIAMANTES","isPartOf":{"@id":"https:\/\/maisonroca.ad\/es\/#website"},"primaryImageOfPage":{"@id":"https:\/\/maisonroca.ad\/es\/tienda\/reloj-chanel-j12-calibre-122-de-33-mm-de-ceramica-blanca-con-diamantes\/#primaryimage"},"image":{"@id":"https:\/\/maisonroca.ad\/es\/tienda\/reloj-chanel-j12-calibre-122-de-33-mm-de-ceramica-blanca-con-diamantes\/#primaryimage"},"thumbnailUrl":"https:\/\/maisonroca.ad\/wp-content\/uploads\/2025\/01\/h9741.jpg","datePublished":"2025-01-02T16:54:58+00:00","dateModified":"2026-02-17T09:12:48+00:00","description":"Descubre el Reloj Chanel J12 Calibre 12.2 de 33 mm de di\u00e1metro con movimiento autom\u00e1tico de cer\u00e1mica blanca e \u00edndices de diamantes.","breadcrumb":{"@id":"https:\/\/maisonroca.ad\/es\/tienda\/reloj-chanel-j12-calibre-122-de-33-mm-de-ceramica-blanca-con-diamantes\/#breadcrumb"},"inLanguage":"es","potentialAction":[{"@type":"ReadAction","target":["https:\/\/maisonroca.ad\/es\/tienda\/reloj-chanel-j12-calibre-122-de-33-mm-de-ceramica-blanca-con-diamantes\/"]}]},{"@type":"ImageObject","inLanguage":"es","@id":"https:\/\/maisonroca.ad\/es\/tienda\/reloj-chanel-j12-calibre-122-de-33-mm-de-ceramica-blanca-con-diamantes\/#primaryimage","url":"https:\/\/maisonroca.ad\/wp-content\/uploads\/2025\/01\/h9741.jpg","contentUrl":"https:\/\/maisonroca.ad\/wp-content\/uploads\/2025\/01\/h9741.jpg","width":800,"height":800,"caption":"maison-roca-andorra-chanel-rellotges-j12-calibre-12.2-automatic-33-mm-ceramica-blanca-index-diamants"},{"@type":"BreadcrumbList","@id":"https:\/\/maisonroca.ad\/es\/tienda\/reloj-chanel-j12-calibre-122-de-33-mm-de-ceramica-blanca-con-diamantes\/#breadcrumb","itemListElement":[{"@type":"ListItem","position":1,"name":"Portada","item":"https:\/\/maisonroca.ad\/es\/"},{"@type":"ListItem","position":2,"name":"Botiga","item":"https:\/\/maisonroca.ad\/botiga\/"},{"@type":"ListItem","position":3,"name":"RELOJ CHANEL J12 CALIBRE 12.2 DE 33 MM DE CER\u00c1MICA BLANCA CON DIAMANTES"}]},{"@type":"WebSite","@id":"https:\/\/maisonroca.ad\/es\/#website","url":"https:\/\/maisonroca.ad\/es\/","name":"Maison Roca","description":"Bold Luxury Life - joieria d&#039;autor - Andorra","publisher":{"@id":"https:\/\/maisonroca.ad\/es\/#organization"},"potentialAction":[{"@type":"SearchAction","target":{"@type":"EntryPoint","urlTemplate":"https:\/\/maisonroca.ad\/es\/?s={search_term_string}"},"query-input":{"@type":"PropertyValueSpecification","valueRequired":true,"valueName":"search_term_string"}}],"inLanguage":"es"},{"@type":"Organization","@id":"https:\/\/maisonroca.ad\/es\/#organization","name":"Maison Roca","url":"https:\/\/maisonroca.ad\/es\/","logo":{"@type":"ImageObject","inLanguage":"es","@id":"https:\/\/maisonroca.ad\/es\/#\/schema\/logo\/image\/","url":"https:\/\/maisonroca.ad\/wp-content\/uploads\/2023\/10\/icono.png","contentUrl":"https:\/\/maisonroca.ad\/wp-content\/uploads\/2023\/10\/icono.png","width":512,"height":512,"caption":"Maison Roca"},"image":{"@id":"https:\/\/maisonroca.ad\/es\/#\/schema\/logo\/image\/"},"sameAs":["https:\/\/www.facebook.com\/maisonroca","https:\/\/www.instagram.com\/maisonroca\/"]}]},"product_price_amount":"846000.00","product_price_currency":"EUR","og_availability":"instock","product_availability":"instock","product_retailer_item_id":"H9741","product_condition":"new"},"_links":{"self":[{"href":"https:\/\/maisonroca.ad\/es\/wp-json\/wp\/v2\/product\/68765","targetHints":{"allow":["GET"]}}],"collection":[{"href":"https:\/\/maisonroca.ad\/es\/wp-json\/wp\/v2\/product"}],"about":[{"href":"https:\/\/maisonroca.ad\/es\/wp-json\/wp\/v2\/types\/product"}],"replies":[{"embeddable":true,"href":"https:\/\/maisonroca.ad\/es\/wp-json\/wp\/v2\/comments?post=68765"}],"version-history":[{"count":5,"href":"https:\/\/maisonroca.ad\/es\/wp-json\/wp\/v2\/product\/68765\/revisions"}],"predecessor-version":[{"id":83978,"href":"https:\/\/maisonroca.ad\/es\/wp-json\/wp\/v2\/product\/68765\/revisions\/83978"}],"wp:featuredmedia":[{"embeddable":true,"href":"https:\/\/maisonroca.ad\/es\/wp-json\/wp\/v2\/media\/68763"}],"wp:attachment":[{"href":"https:\/\/maisonroca.ad\/es\/wp-json\/wp\/v2\/media?parent=68765"}],"wp:term":[{"taxonomy":"product_brand","embeddable":true,"href":"https:\/\/maisonroca.ad\/es\/wp-json\/wp\/v2\/product_brand?post=68765"},{"taxonomy":"product_cat","embeddable":true,"href":"https:\/\/maisonroca.ad\/es\/wp-json\/wp\/v2\/product_cat?post=68765"},{"taxonomy":"product_tag","embeddable":true,"href":"https:\/\/maisonroca.ad\/es\/wp-json\/wp\/v2\/product_tag?post=68765"}],"curies":[{"name":"wp","href":"https:\/\/api.w.org\/{rel}","templated":true}]}}