{"id":68897,"date":"2025-01-03T09:57:31","date_gmt":"2025-01-03T08:57:31","guid":{"rendered":"https:\/\/maisonroca.ad\/?post_type=product&#038;p=68897"},"modified":"2026-04-01T10:32:55","modified_gmt":"2026-04-01T08:32:55","slug":"rellotge-chanel-j12-gmt-de-38-mm-de-ceramica-blanca","status":"publish","type":"product","link":"https:\/\/maisonroca.ad\/es\/tienda\/rellotge-chanel-j12-gmt-de-38-mm-de-ceramica-blanca\/","title":{"rendered":"Rellotge CHANEL J12 GMT"},"content":{"rendered":"<p>Rellotge CHANEL J12 GMT de cer\u00e0mica blanca, de 38 mm. Moviment autom\u00e0tic.<\/p>\n","protected":false},"excerpt":{"rendered":"<p>Rellotge CHANEL J12 GMT de cer\u00e0mica blanca, de 38 mm. Moviment autom\u00e0tic.<\/p>\n","protected":false},"featured_media":68898,"comment_status":"closed","ping_status":"closed","template":"","meta":{"_acf_changed":false,"_monsterinsights_skip_tracking":false,"_monsterinsights_sitenote_active":false,"_monsterinsights_sitenote_note":"","_monsterinsights_sitenote_category":0},"product_brand":[4098],"product_cat":[1164],"product_tag":[],"class_list":{"0":"post-68897","1":"product","2":"type-product","3":"status-publish","4":"has-post-thumbnail","6":"product_brand-chanel","7":"product_cat-rellotges","9":"first","10":"instock","11":"shipping-taxable","12":"purchasable","13":"product-type-simple"},"acf":[],"yoast_head":"<!-- This site is optimized with the Yoast SEO Premium plugin v26.8 (Yoast SEO v27.4) - https:\/\/yoast.com\/product\/yoast-seo-premium-wordpress\/ -->\n<title>RELOJ CHANEL J12 GMT DE 38 MM Y CER\u00c1MICA BLANCA<\/title>\n<meta name=\"description\" content=\"Descubre el Reloj Chanel J12 GMT, con un dise\u00f1o elegante y funcional, caracterizado por su precisi\u00f3n y movimientos autom\u00e1ticos.\" \/>\n<meta name=\"robots\" content=\"index, follow, max-snippet:-1, max-image-preview:large, max-video-preview:-1\" \/>\n<link rel=\"canonical\" href=\"https:\/\/maisonroca.ad\/es\/tienda\/rellotge-chanel-j12-gmt-de-38-mm-de-ceramica-blanca\/\" \/>\n<meta property=\"og:locale\" content=\"es_ES\" \/>\n<meta property=\"og:type\" content=\"article\" \/>\n<meta property=\"og:title\" content=\"Rellotge CHANEL J12 GMT\" \/>\n<meta property=\"og:description\" content=\"Descubre el Reloj Chanel J12 GMT, con un dise\u00f1o elegante y funcional, caracterizado por su precisi\u00f3n y movimientos autom\u00e1ticos.\" \/>\n<meta property=\"og:url\" content=\"https:\/\/maisonroca.ad\/es\/tienda\/rellotge-chanel-j12-gmt-de-38-mm-de-ceramica-blanca\/\" \/>\n<meta property=\"og:site_name\" content=\"Maison Roca\" \/>\n<meta property=\"article:publisher\" content=\"https:\/\/www.facebook.com\/maisonroca\" \/>\n<meta property=\"article:modified_time\" content=\"2026-04-01T08:32:55+00:00\" \/>\n<meta property=\"og:image\" content=\"https:\/\/maisonroca.ad\/wp-content\/uploads\/2025\/01\/h3103.jpg\" \/>\n\t<meta property=\"og:image:width\" content=\"800\" \/>\n\t<meta property=\"og:image:height\" content=\"800\" \/>\n\t<meta property=\"og:image:type\" content=\"image\/jpeg\" \/>\n<meta name=\"twitter:card\" content=\"summary_large_image\" \/>\n<meta name=\"twitter:label1\" content=\"Precio\" \/>\n\t<meta name=\"twitter:data1\" content=\"724.500,00&nbsp;&euro;\" \/>\n\t<meta name=\"twitter:label2\" content=\"Disponibilidad\" \/>\n\t<meta name=\"twitter:data2\" content=\"Disponible\" \/>\n<script type=\"application\/ld+json\" class=\"yoast-schema-graph\">{\"@context\":\"https:\\\/\\\/schema.org\",\"@graph\":[{\"@type\":\"WebPage\",\"@id\":\"https:\\\/\\\/maisonroca.ad\\\/es\\\/tienda\\\/rellotge-chanel-j12-gmt-de-38-mm-de-ceramica-blanca\\\/\",\"url\":\"https:\\\/\\\/maisonroca.ad\\\/es\\\/tienda\\\/rellotge-chanel-j12-gmt-de-38-mm-de-ceramica-blanca\\\/\",\"name\":\"RELOJ CHANEL J12 GMT DE 38 MM Y CER\u00c1MICA BLANCA\",\"isPartOf\":{\"@id\":\"https:\\\/\\\/maisonroca.ad\\\/es\\\/#website\"},\"primaryImageOfPage\":{\"@id\":\"https:\\\/\\\/maisonroca.ad\\\/es\\\/tienda\\\/rellotge-chanel-j12-gmt-de-38-mm-de-ceramica-blanca\\\/#primaryimage\"},\"image\":{\"@id\":\"https:\\\/\\\/maisonroca.ad\\\/es\\\/tienda\\\/rellotge-chanel-j12-gmt-de-38-mm-de-ceramica-blanca\\\/#primaryimage\"},\"thumbnailUrl\":\"https:\\\/\\\/maisonroca.ad\\\/wp-content\\\/uploads\\\/2025\\\/01\\\/h3103.jpg\",\"datePublished\":\"2025-01-03T08:57:31+00:00\",\"dateModified\":\"2026-04-01T08:32:55+00:00\",\"description\":\"Descubre el Reloj Chanel J12 GMT, con un dise\u00f1o elegante y funcional, caracterizado por su precisi\u00f3n y movimientos autom\u00e1ticos.\",\"breadcrumb\":{\"@id\":\"https:\\\/\\\/maisonroca.ad\\\/es\\\/tienda\\\/rellotge-chanel-j12-gmt-de-38-mm-de-ceramica-blanca\\\/#breadcrumb\"},\"inLanguage\":\"es\",\"potentialAction\":[{\"@type\":\"ReadAction\",\"target\":[\"https:\\\/\\\/maisonroca.ad\\\/es\\\/tienda\\\/rellotge-chanel-j12-gmt-de-38-mm-de-ceramica-blanca\\\/\"]}]},{\"@type\":\"ImageObject\",\"inLanguage\":\"es\",\"@id\":\"https:\\\/\\\/maisonroca.ad\\\/es\\\/tienda\\\/rellotge-chanel-j12-gmt-de-38-mm-de-ceramica-blanca\\\/#primaryimage\",\"url\":\"https:\\\/\\\/maisonroca.ad\\\/wp-content\\\/uploads\\\/2025\\\/01\\\/h3103.jpg\",\"contentUrl\":\"https:\\\/\\\/maisonroca.ad\\\/wp-content\\\/uploads\\\/2025\\\/01\\\/h3103.jpg\",\"width\":800,\"height\":800,\"caption\":\"maison-roca-andorra-chanel-rellotges-j12-gmt-automatic-38-mm-ceramica-blanca\"},{\"@type\":\"BreadcrumbList\",\"@id\":\"https:\\\/\\\/maisonroca.ad\\\/es\\\/tienda\\\/rellotge-chanel-j12-gmt-de-38-mm-de-ceramica-blanca\\\/#breadcrumb\",\"itemListElement\":[{\"@type\":\"ListItem\",\"position\":1,\"name\":\"Portada\",\"item\":\"https:\\\/\\\/maisonroca.ad\\\/es\\\/\"},{\"@type\":\"ListItem\",\"position\":2,\"name\":\"Botiga\",\"item\":\"https:\\\/\\\/maisonroca.ad\\\/botiga\\\/\"},{\"@type\":\"ListItem\",\"position\":3,\"name\":\"Rellotge CHANEL J12 GMT\"}]},{\"@type\":\"WebSite\",\"@id\":\"https:\\\/\\\/maisonroca.ad\\\/es\\\/#website\",\"url\":\"https:\\\/\\\/maisonroca.ad\\\/es\\\/\",\"name\":\"Maison Roca\",\"description\":\"Bold Luxury Life - joieria d&#039;autor - Andorra\",\"publisher\":{\"@id\":\"https:\\\/\\\/maisonroca.ad\\\/es\\\/#organization\"},\"potentialAction\":[{\"@type\":\"SearchAction\",\"target\":{\"@type\":\"EntryPoint\",\"urlTemplate\":\"https:\\\/\\\/maisonroca.ad\\\/es\\\/?s={search_term_string}\"},\"query-input\":{\"@type\":\"PropertyValueSpecification\",\"valueRequired\":true,\"valueName\":\"search_term_string\"}}],\"inLanguage\":\"es\"},{\"@type\":\"Organization\",\"@id\":\"https:\\\/\\\/maisonroca.ad\\\/es\\\/#organization\",\"name\":\"Maison Roca\",\"url\":\"https:\\\/\\\/maisonroca.ad\\\/es\\\/\",\"logo\":{\"@type\":\"ImageObject\",\"inLanguage\":\"es\",\"@id\":\"https:\\\/\\\/maisonroca.ad\\\/es\\\/#\\\/schema\\\/logo\\\/image\\\/\",\"url\":\"https:\\\/\\\/maisonroca.ad\\\/wp-content\\\/uploads\\\/2023\\\/10\\\/icono.png\",\"contentUrl\":\"https:\\\/\\\/maisonroca.ad\\\/wp-content\\\/uploads\\\/2023\\\/10\\\/icono.png\",\"width\":512,\"height\":512,\"caption\":\"Maison Roca\"},\"image\":{\"@id\":\"https:\\\/\\\/maisonroca.ad\\\/es\\\/#\\\/schema\\\/logo\\\/image\\\/\"},\"sameAs\":[\"https:\\\/\\\/www.facebook.com\\\/maisonroca\",\"https:\\\/\\\/www.instagram.com\\\/maisonroca\\\/\"]}]}<\/script>\n<meta property=\"product:price:amount\" content=\"724500.00\" \/>\n<meta property=\"product:price:currency\" content=\"EUR\" \/>\n<meta property=\"og:availability\" content=\"instock\" \/>\n<meta property=\"product:availability\" content=\"instock\" \/>\n<meta property=\"product:retailer_item_id\" content=\"H3103\" \/>\n<meta property=\"product:condition\" content=\"new\" \/>\n<!-- \/ Yoast SEO Premium plugin. -->","yoast_head_json":{"title":"RELOJ CHANEL J12 GMT DE 38 MM Y CER\u00c1MICA BLANCA","description":"Descubre el Reloj Chanel J12 GMT, con un dise\u00f1o elegante y funcional, caracterizado por su precisi\u00f3n y movimientos autom\u00e1ticos.","robots":{"index":"index","follow":"follow","max-snippet":"max-snippet:-1","max-image-preview":"max-image-preview:large","max-video-preview":"max-video-preview:-1"},"canonical":"https:\/\/maisonroca.ad\/es\/tienda\/rellotge-chanel-j12-gmt-de-38-mm-de-ceramica-blanca\/","og_locale":"es_ES","og_type":"article","og_title":"Rellotge CHANEL J12 GMT","og_description":"Descubre el Reloj Chanel J12 GMT, con un dise\u00f1o elegante y funcional, caracterizado por su precisi\u00f3n y movimientos autom\u00e1ticos.","og_url":"https:\/\/maisonroca.ad\/es\/tienda\/rellotge-chanel-j12-gmt-de-38-mm-de-ceramica-blanca\/","og_site_name":"Maison Roca","article_publisher":"https:\/\/www.facebook.com\/maisonroca","article_modified_time":"2026-04-01T08:32:55+00:00","og_image":[{"width":800,"height":800,"url":"https:\/\/maisonroca.ad\/wp-content\/uploads\/2025\/01\/h3103.jpg","type":"image\/jpeg"}],"twitter_card":"summary_large_image","twitter_misc":{"Precio":"724.500,00&nbsp;&euro;","Disponibilidad":"Disponible"},"schema":{"@context":"https:\/\/schema.org","@graph":[{"@type":"WebPage","@id":"https:\/\/maisonroca.ad\/es\/tienda\/rellotge-chanel-j12-gmt-de-38-mm-de-ceramica-blanca\/","url":"https:\/\/maisonroca.ad\/es\/tienda\/rellotge-chanel-j12-gmt-de-38-mm-de-ceramica-blanca\/","name":"RELOJ CHANEL J12 GMT DE 38 MM Y CER\u00c1MICA BLANCA","isPartOf":{"@id":"https:\/\/maisonroca.ad\/es\/#website"},"primaryImageOfPage":{"@id":"https:\/\/maisonroca.ad\/es\/tienda\/rellotge-chanel-j12-gmt-de-38-mm-de-ceramica-blanca\/#primaryimage"},"image":{"@id":"https:\/\/maisonroca.ad\/es\/tienda\/rellotge-chanel-j12-gmt-de-38-mm-de-ceramica-blanca\/#primaryimage"},"thumbnailUrl":"https:\/\/maisonroca.ad\/wp-content\/uploads\/2025\/01\/h3103.jpg","datePublished":"2025-01-03T08:57:31+00:00","dateModified":"2026-04-01T08:32:55+00:00","description":"Descubre el Reloj Chanel J12 GMT, con un dise\u00f1o elegante y funcional, caracterizado por su precisi\u00f3n y movimientos autom\u00e1ticos.","breadcrumb":{"@id":"https:\/\/maisonroca.ad\/es\/tienda\/rellotge-chanel-j12-gmt-de-38-mm-de-ceramica-blanca\/#breadcrumb"},"inLanguage":"es","potentialAction":[{"@type":"ReadAction","target":["https:\/\/maisonroca.ad\/es\/tienda\/rellotge-chanel-j12-gmt-de-38-mm-de-ceramica-blanca\/"]}]},{"@type":"ImageObject","inLanguage":"es","@id":"https:\/\/maisonroca.ad\/es\/tienda\/rellotge-chanel-j12-gmt-de-38-mm-de-ceramica-blanca\/#primaryimage","url":"https:\/\/maisonroca.ad\/wp-content\/uploads\/2025\/01\/h3103.jpg","contentUrl":"https:\/\/maisonroca.ad\/wp-content\/uploads\/2025\/01\/h3103.jpg","width":800,"height":800,"caption":"maison-roca-andorra-chanel-rellotges-j12-gmt-automatic-38-mm-ceramica-blanca"},{"@type":"BreadcrumbList","@id":"https:\/\/maisonroca.ad\/es\/tienda\/rellotge-chanel-j12-gmt-de-38-mm-de-ceramica-blanca\/#breadcrumb","itemListElement":[{"@type":"ListItem","position":1,"name":"Portada","item":"https:\/\/maisonroca.ad\/es\/"},{"@type":"ListItem","position":2,"name":"Botiga","item":"https:\/\/maisonroca.ad\/botiga\/"},{"@type":"ListItem","position":3,"name":"Rellotge CHANEL J12 GMT"}]},{"@type":"WebSite","@id":"https:\/\/maisonroca.ad\/es\/#website","url":"https:\/\/maisonroca.ad\/es\/","name":"Maison Roca","description":"Bold Luxury Life - joieria d&#039;autor - Andorra","publisher":{"@id":"https:\/\/maisonroca.ad\/es\/#organization"},"potentialAction":[{"@type":"SearchAction","target":{"@type":"EntryPoint","urlTemplate":"https:\/\/maisonroca.ad\/es\/?s={search_term_string}"},"query-input":{"@type":"PropertyValueSpecification","valueRequired":true,"valueName":"search_term_string"}}],"inLanguage":"es"},{"@type":"Organization","@id":"https:\/\/maisonroca.ad\/es\/#organization","name":"Maison Roca","url":"https:\/\/maisonroca.ad\/es\/","logo":{"@type":"ImageObject","inLanguage":"es","@id":"https:\/\/maisonroca.ad\/es\/#\/schema\/logo\/image\/","url":"https:\/\/maisonroca.ad\/wp-content\/uploads\/2023\/10\/icono.png","contentUrl":"https:\/\/maisonroca.ad\/wp-content\/uploads\/2023\/10\/icono.png","width":512,"height":512,"caption":"Maison Roca"},"image":{"@id":"https:\/\/maisonroca.ad\/es\/#\/schema\/logo\/image\/"},"sameAs":["https:\/\/www.facebook.com\/maisonroca","https:\/\/www.instagram.com\/maisonroca\/"]}]},"product_price_amount":"724500.00","product_price_currency":"EUR","og_availability":"instock","product_availability":"instock","product_retailer_item_id":"H3103","product_condition":"new"},"_links":{"self":[{"href":"https:\/\/maisonroca.ad\/es\/wp-json\/wp\/v2\/product\/68897","targetHints":{"allow":["GET"]}}],"collection":[{"href":"https:\/\/maisonroca.ad\/es\/wp-json\/wp\/v2\/product"}],"about":[{"href":"https:\/\/maisonroca.ad\/es\/wp-json\/wp\/v2\/types\/product"}],"replies":[{"embeddable":true,"href":"https:\/\/maisonroca.ad\/es\/wp-json\/wp\/v2\/comments?post=68897"}],"version-history":[{"count":6,"href":"https:\/\/maisonroca.ad\/es\/wp-json\/wp\/v2\/product\/68897\/revisions"}],"predecessor-version":[{"id":85187,"href":"https:\/\/maisonroca.ad\/es\/wp-json\/wp\/v2\/product\/68897\/revisions\/85187"}],"wp:featuredmedia":[{"embeddable":true,"href":"https:\/\/maisonroca.ad\/es\/wp-json\/wp\/v2\/media\/68898"}],"wp:attachment":[{"href":"https:\/\/maisonroca.ad\/es\/wp-json\/wp\/v2\/media?parent=68897"}],"wp:term":[{"taxonomy":"product_brand","embeddable":true,"href":"https:\/\/maisonroca.ad\/es\/wp-json\/wp\/v2\/product_brand?post=68897"},{"taxonomy":"product_cat","embeddable":true,"href":"https:\/\/maisonroca.ad\/es\/wp-json\/wp\/v2\/product_cat?post=68897"},{"taxonomy":"product_tag","embeddable":true,"href":"https:\/\/maisonroca.ad\/es\/wp-json\/wp\/v2\/product_tag?post=68897"}],"curies":[{"name":"wp","href":"https:\/\/api.w.org\/{rel}","templated":true}]}}