{"id":68968,"date":"2025-01-03T11:12:11","date_gmt":"2025-01-03T10:12:11","guid":{"rendered":"https:\/\/maisonroca.ad\/?post_type=product&#038;p=68968"},"modified":"2025-01-16T10:49:09","modified_gmt":"2025-01-16T09:49:09","slug":"reloj-chanel-j12-phantom-calibre-12-1-de-38-mm-de-ceramica-negra","status":"publish","type":"product","link":"https:\/\/maisonroca.ad\/es\/tienda\/reloj-chanel-j12-phantom-calibre-12-1-de-38-mm-de-ceramica-negra\/","title":{"rendered":"RELOJ CHANEL J12 PHANTOM CALIBRE 12.1 DE 38 MM DE CER\u00c1MICA NEGRA"},"content":{"rendered":"<p>Reloj Chanel J12 Phantom de 38 mm de di\u00e1metro con movimiento autom\u00e1tico y Calibre 12.1. Este modelo presenta una caja de cer\u00e1mica de alta resistencia con una hermeticidad de hasta 200 metros. La esfera es de color negra y el brazalete de cer\u00e1mica negra con cierre desplegable.<\/p>\n<p>Los relojes Chanel se someten a rigurosas pruebas en el laboratorio de la Manufactura CHANEL en Suiza para cumplir con los m\u00e1s altos est\u00e1ndares de excelencia relojera. Un mantenimiento regular es esencial para el buen rendimiento del reloj y su est\u00e9tica.<\/p>\n<p>Detalles:<\/p>\n<ul>\n<li>Caja de cer\u00e1mica de alta resistencia negra y acero<\/li>\n<li>Brazalete de cer\u00e1mica de alta resistencia negra y cierre desplegable<\/li>\n<li>Movimiento autom\u00e1tico Calibre 12.1<\/li>\n<li>Di\u00e1metro de 38 mm<\/li>\n<li>Esfera negra<\/li>\n<li>Estanqueidad de 200 m<\/li>\n<li>Funciones: horas, minutos y segundos<\/li>\n<\/ul>\n","protected":false},"excerpt":{"rendered":"<p>Reloj Chanel J12 Phantom con movimiento autom\u00e1tico Calibre 12.1, reserva de marcha y caja de cer\u00e1mica de 38 mm con resistencia al agua de hasta 200 m. La esfera es negra y el brazalete de cer\u00e1mica tiene cierre desplegable.<\/p>\n","protected":false},"featured_media":68964,"comment_status":"open","ping_status":"closed","template":"","meta":{"_acf_changed":false,"_monsterinsights_skip_tracking":false,"_monsterinsights_sitenote_active":false,"_monsterinsights_sitenote_note":"","_monsterinsights_sitenote_category":0},"product_brand":[],"product_cat":[2614,1218],"product_tag":[2221,2160,2565,2637,2643,2188,2587],"class_list":{"0":"post-68968","1":"product","2":"type-product","3":"status-publish","4":"has-post-thumbnail","6":"product_cat-chanel-es","7":"product_cat-relojes","8":"product_tag-automatic-2-2","9":"product_tag-ceramica-2","10":"product_tag-chanel-es","11":"product_tag-de-100-a-300-metres-es","12":"product_tag-dona-es","13":"product_tag-negra-2","14":"product_tag-rellotges-es","16":"first","17":"instock","18":"shipping-taxable","19":"purchasable","20":"product-type-simple"},"acf":[],"yoast_head":"<!-- This site is optimized with the Yoast SEO Premium plugin v26.8 (Yoast SEO v27.4) - https:\/\/yoast.com\/product\/yoast-seo-premium-wordpress\/ -->\n<title>RELOJ CHANEL J12 PHANTOM<\/title>\n<meta name=\"description\" content=\"Descubre el Reloj Chanel J12 Phantom con movimiento autom\u00e1tico Calibre 12.1, caja de cer\u00e1mica de 38 mm, esfera negra y brazalete de cer\u00e1mica.\" \/>\n<meta name=\"robots\" content=\"index, follow, max-snippet:-1, max-image-preview:large, max-video-preview:-1\" \/>\n<link rel=\"canonical\" href=\"https:\/\/maisonroca.ad\/es\/tienda\/reloj-chanel-j12-phantom-calibre-12-1-de-38-mm-de-ceramica-negra\/\" \/>\n<meta property=\"og:locale\" content=\"es_ES\" \/>\n<meta property=\"og:type\" content=\"article\" \/>\n<meta property=\"og:title\" content=\"RELOJ CHANEL J12 PHANTOM CALIBRE 12.1 DE 38 MM DE CER\u00c1MICA NEGRA\" \/>\n<meta property=\"og:description\" content=\"Descubre el Reloj Chanel J12 Phantom con movimiento autom\u00e1tico Calibre 12.1, caja de cer\u00e1mica de 38 mm, esfera negra y brazalete de cer\u00e1mica.\" \/>\n<meta property=\"og:url\" content=\"https:\/\/maisonroca.ad\/es\/tienda\/reloj-chanel-j12-phantom-calibre-12-1-de-38-mm-de-ceramica-negra\/\" \/>\n<meta property=\"og:site_name\" content=\"Maison Roca\" \/>\n<meta property=\"article:publisher\" content=\"https:\/\/www.facebook.com\/maisonroca\" \/>\n<meta property=\"article:modified_time\" content=\"2025-01-16T09:49:09+00:00\" \/>\n<meta property=\"og:image\" content=\"https:\/\/maisonroca.ad\/wp-content\/uploads\/2025\/01\/h6185.jpg\" \/>\n\t<meta property=\"og:image:width\" content=\"1280\" \/>\n\t<meta property=\"og:image:height\" content=\"1280\" \/>\n\t<meta property=\"og:image:type\" content=\"image\/jpeg\" \/>\n<meta name=\"twitter:card\" content=\"summary_large_image\" \/>\n<meta name=\"twitter:label1\" content=\"Precio\" \/>\n\t<meta name=\"twitter:data1\" content=\"7.740,00&nbsp;&euro;\" \/>\n\t<meta name=\"twitter:label2\" content=\"Disponibilidad\" \/>\n\t<meta name=\"twitter:data2\" content=\"Disponible\" \/>\n<script type=\"application\/ld+json\" class=\"yoast-schema-graph\">{\"@context\":\"https:\\\/\\\/schema.org\",\"@graph\":[{\"@type\":\"WebPage\",\"@id\":\"https:\\\/\\\/maisonroca.ad\\\/es\\\/tienda\\\/reloj-chanel-j12-phantom-calibre-12-1-de-38-mm-de-ceramica-negra\\\/\",\"url\":\"https:\\\/\\\/maisonroca.ad\\\/es\\\/tienda\\\/reloj-chanel-j12-phantom-calibre-12-1-de-38-mm-de-ceramica-negra\\\/\",\"name\":\"RELOJ CHANEL J12 PHANTOM\",\"isPartOf\":{\"@id\":\"https:\\\/\\\/maisonroca.ad\\\/es\\\/#website\"},\"primaryImageOfPage\":{\"@id\":\"https:\\\/\\\/maisonroca.ad\\\/es\\\/tienda\\\/reloj-chanel-j12-phantom-calibre-12-1-de-38-mm-de-ceramica-negra\\\/#primaryimage\"},\"image\":{\"@id\":\"https:\\\/\\\/maisonroca.ad\\\/es\\\/tienda\\\/reloj-chanel-j12-phantom-calibre-12-1-de-38-mm-de-ceramica-negra\\\/#primaryimage\"},\"thumbnailUrl\":\"https:\\\/\\\/maisonroca.ad\\\/wp-content\\\/uploads\\\/2025\\\/01\\\/h6185.jpg\",\"datePublished\":\"2025-01-03T10:12:11+00:00\",\"dateModified\":\"2025-01-16T09:49:09+00:00\",\"description\":\"Descubre el Reloj Chanel J12 Phantom con movimiento autom\u00e1tico Calibre 12.1, caja de cer\u00e1mica de 38 mm, esfera negra y brazalete de cer\u00e1mica.\",\"breadcrumb\":{\"@id\":\"https:\\\/\\\/maisonroca.ad\\\/es\\\/tienda\\\/reloj-chanel-j12-phantom-calibre-12-1-de-38-mm-de-ceramica-negra\\\/#breadcrumb\"},\"inLanguage\":\"es\",\"potentialAction\":[{\"@type\":\"ReadAction\",\"target\":[\"https:\\\/\\\/maisonroca.ad\\\/es\\\/tienda\\\/reloj-chanel-j12-phantom-calibre-12-1-de-38-mm-de-ceramica-negra\\\/\"]}]},{\"@type\":\"ImageObject\",\"inLanguage\":\"es\",\"@id\":\"https:\\\/\\\/maisonroca.ad\\\/es\\\/tienda\\\/reloj-chanel-j12-phantom-calibre-12-1-de-38-mm-de-ceramica-negra\\\/#primaryimage\",\"url\":\"https:\\\/\\\/maisonroca.ad\\\/wp-content\\\/uploads\\\/2025\\\/01\\\/h6185.jpg\",\"contentUrl\":\"https:\\\/\\\/maisonroca.ad\\\/wp-content\\\/uploads\\\/2025\\\/01\\\/h6185.jpg\",\"width\":1280,\"height\":1280,\"caption\":\"maison-roca-andorra-chanel-rellotges-j12-phantom-calibre-12.1-automatic-38-mm-ceramica-negra\"},{\"@type\":\"BreadcrumbList\",\"@id\":\"https:\\\/\\\/maisonroca.ad\\\/es\\\/tienda\\\/reloj-chanel-j12-phantom-calibre-12-1-de-38-mm-de-ceramica-negra\\\/#breadcrumb\",\"itemListElement\":[{\"@type\":\"ListItem\",\"position\":1,\"name\":\"Portada\",\"item\":\"https:\\\/\\\/maisonroca.ad\\\/es\\\/\"},{\"@type\":\"ListItem\",\"position\":2,\"name\":\"Botiga\",\"item\":\"https:\\\/\\\/maisonroca.ad\\\/botiga\\\/\"},{\"@type\":\"ListItem\",\"position\":3,\"name\":\"RELOJ CHANEL J12 PHANTOM CALIBRE 12.1 DE 38 MM DE CER\u00c1MICA NEGRA\"}]},{\"@type\":\"WebSite\",\"@id\":\"https:\\\/\\\/maisonroca.ad\\\/es\\\/#website\",\"url\":\"https:\\\/\\\/maisonroca.ad\\\/es\\\/\",\"name\":\"Maison Roca\",\"description\":\"Bold Luxury Life - joieria d&#039;autor - Andorra\",\"publisher\":{\"@id\":\"https:\\\/\\\/maisonroca.ad\\\/es\\\/#organization\"},\"potentialAction\":[{\"@type\":\"SearchAction\",\"target\":{\"@type\":\"EntryPoint\",\"urlTemplate\":\"https:\\\/\\\/maisonroca.ad\\\/es\\\/?s={search_term_string}\"},\"query-input\":{\"@type\":\"PropertyValueSpecification\",\"valueRequired\":true,\"valueName\":\"search_term_string\"}}],\"inLanguage\":\"es\"},{\"@type\":\"Organization\",\"@id\":\"https:\\\/\\\/maisonroca.ad\\\/es\\\/#organization\",\"name\":\"Maison Roca\",\"url\":\"https:\\\/\\\/maisonroca.ad\\\/es\\\/\",\"logo\":{\"@type\":\"ImageObject\",\"inLanguage\":\"es\",\"@id\":\"https:\\\/\\\/maisonroca.ad\\\/es\\\/#\\\/schema\\\/logo\\\/image\\\/\",\"url\":\"https:\\\/\\\/maisonroca.ad\\\/wp-content\\\/uploads\\\/2023\\\/10\\\/icono.png\",\"contentUrl\":\"https:\\\/\\\/maisonroca.ad\\\/wp-content\\\/uploads\\\/2023\\\/10\\\/icono.png\",\"width\":512,\"height\":512,\"caption\":\"Maison Roca\"},\"image\":{\"@id\":\"https:\\\/\\\/maisonroca.ad\\\/es\\\/#\\\/schema\\\/logo\\\/image\\\/\"},\"sameAs\":[\"https:\\\/\\\/www.facebook.com\\\/maisonroca\",\"https:\\\/\\\/www.instagram.com\\\/maisonroca\\\/\"]}]}<\/script>\n<meta property=\"product:price:amount\" content=\"7740.00\" \/>\n<meta property=\"product:price:currency\" content=\"EUR\" \/>\n<meta property=\"og:availability\" content=\"instock\" \/>\n<meta property=\"product:availability\" content=\"instock\" \/>\n<meta property=\"product:retailer_item_id\" content=\"H6185\" \/>\n<meta property=\"product:condition\" content=\"new\" \/>\n<!-- \/ Yoast SEO Premium plugin. -->","yoast_head_json":{"title":"RELOJ CHANEL J12 PHANTOM","description":"Descubre el Reloj Chanel J12 Phantom con movimiento autom\u00e1tico Calibre 12.1, caja de cer\u00e1mica de 38 mm, esfera negra y brazalete de cer\u00e1mica.","robots":{"index":"index","follow":"follow","max-snippet":"max-snippet:-1","max-image-preview":"max-image-preview:large","max-video-preview":"max-video-preview:-1"},"canonical":"https:\/\/maisonroca.ad\/es\/tienda\/reloj-chanel-j12-phantom-calibre-12-1-de-38-mm-de-ceramica-negra\/","og_locale":"es_ES","og_type":"article","og_title":"RELOJ CHANEL J12 PHANTOM CALIBRE 12.1 DE 38 MM DE CER\u00c1MICA NEGRA","og_description":"Descubre el Reloj Chanel J12 Phantom con movimiento autom\u00e1tico Calibre 12.1, caja de cer\u00e1mica de 38 mm, esfera negra y brazalete de cer\u00e1mica.","og_url":"https:\/\/maisonroca.ad\/es\/tienda\/reloj-chanel-j12-phantom-calibre-12-1-de-38-mm-de-ceramica-negra\/","og_site_name":"Maison Roca","article_publisher":"https:\/\/www.facebook.com\/maisonroca","article_modified_time":"2025-01-16T09:49:09+00:00","og_image":[{"width":1280,"height":1280,"url":"https:\/\/maisonroca.ad\/wp-content\/uploads\/2025\/01\/h6185.jpg","type":"image\/jpeg"}],"twitter_card":"summary_large_image","twitter_misc":{"Precio":"7.740,00&nbsp;&euro;","Disponibilidad":"Disponible"},"schema":{"@context":"https:\/\/schema.org","@graph":[{"@type":"WebPage","@id":"https:\/\/maisonroca.ad\/es\/tienda\/reloj-chanel-j12-phantom-calibre-12-1-de-38-mm-de-ceramica-negra\/","url":"https:\/\/maisonroca.ad\/es\/tienda\/reloj-chanel-j12-phantom-calibre-12-1-de-38-mm-de-ceramica-negra\/","name":"RELOJ CHANEL J12 PHANTOM","isPartOf":{"@id":"https:\/\/maisonroca.ad\/es\/#website"},"primaryImageOfPage":{"@id":"https:\/\/maisonroca.ad\/es\/tienda\/reloj-chanel-j12-phantom-calibre-12-1-de-38-mm-de-ceramica-negra\/#primaryimage"},"image":{"@id":"https:\/\/maisonroca.ad\/es\/tienda\/reloj-chanel-j12-phantom-calibre-12-1-de-38-mm-de-ceramica-negra\/#primaryimage"},"thumbnailUrl":"https:\/\/maisonroca.ad\/wp-content\/uploads\/2025\/01\/h6185.jpg","datePublished":"2025-01-03T10:12:11+00:00","dateModified":"2025-01-16T09:49:09+00:00","description":"Descubre el Reloj Chanel J12 Phantom con movimiento autom\u00e1tico Calibre 12.1, caja de cer\u00e1mica de 38 mm, esfera negra y brazalete de cer\u00e1mica.","breadcrumb":{"@id":"https:\/\/maisonroca.ad\/es\/tienda\/reloj-chanel-j12-phantom-calibre-12-1-de-38-mm-de-ceramica-negra\/#breadcrumb"},"inLanguage":"es","potentialAction":[{"@type":"ReadAction","target":["https:\/\/maisonroca.ad\/es\/tienda\/reloj-chanel-j12-phantom-calibre-12-1-de-38-mm-de-ceramica-negra\/"]}]},{"@type":"ImageObject","inLanguage":"es","@id":"https:\/\/maisonroca.ad\/es\/tienda\/reloj-chanel-j12-phantom-calibre-12-1-de-38-mm-de-ceramica-negra\/#primaryimage","url":"https:\/\/maisonroca.ad\/wp-content\/uploads\/2025\/01\/h6185.jpg","contentUrl":"https:\/\/maisonroca.ad\/wp-content\/uploads\/2025\/01\/h6185.jpg","width":1280,"height":1280,"caption":"maison-roca-andorra-chanel-rellotges-j12-phantom-calibre-12.1-automatic-38-mm-ceramica-negra"},{"@type":"BreadcrumbList","@id":"https:\/\/maisonroca.ad\/es\/tienda\/reloj-chanel-j12-phantom-calibre-12-1-de-38-mm-de-ceramica-negra\/#breadcrumb","itemListElement":[{"@type":"ListItem","position":1,"name":"Portada","item":"https:\/\/maisonroca.ad\/es\/"},{"@type":"ListItem","position":2,"name":"Botiga","item":"https:\/\/maisonroca.ad\/botiga\/"},{"@type":"ListItem","position":3,"name":"RELOJ CHANEL J12 PHANTOM CALIBRE 12.1 DE 38 MM DE CER\u00c1MICA NEGRA"}]},{"@type":"WebSite","@id":"https:\/\/maisonroca.ad\/es\/#website","url":"https:\/\/maisonroca.ad\/es\/","name":"Maison Roca","description":"Bold Luxury Life - joieria d&#039;autor - Andorra","publisher":{"@id":"https:\/\/maisonroca.ad\/es\/#organization"},"potentialAction":[{"@type":"SearchAction","target":{"@type":"EntryPoint","urlTemplate":"https:\/\/maisonroca.ad\/es\/?s={search_term_string}"},"query-input":{"@type":"PropertyValueSpecification","valueRequired":true,"valueName":"search_term_string"}}],"inLanguage":"es"},{"@type":"Organization","@id":"https:\/\/maisonroca.ad\/es\/#organization","name":"Maison Roca","url":"https:\/\/maisonroca.ad\/es\/","logo":{"@type":"ImageObject","inLanguage":"es","@id":"https:\/\/maisonroca.ad\/es\/#\/schema\/logo\/image\/","url":"https:\/\/maisonroca.ad\/wp-content\/uploads\/2023\/10\/icono.png","contentUrl":"https:\/\/maisonroca.ad\/wp-content\/uploads\/2023\/10\/icono.png","width":512,"height":512,"caption":"Maison Roca"},"image":{"@id":"https:\/\/maisonroca.ad\/es\/#\/schema\/logo\/image\/"},"sameAs":["https:\/\/www.facebook.com\/maisonroca","https:\/\/www.instagram.com\/maisonroca\/"]}]},"product_price_amount":"7740.00","product_price_currency":"EUR","og_availability":"instock","product_availability":"instock","product_retailer_item_id":"H6185","product_condition":"new"},"_links":{"self":[{"href":"https:\/\/maisonroca.ad\/es\/wp-json\/wp\/v2\/product\/68968","targetHints":{"allow":["GET"]}}],"collection":[{"href":"https:\/\/maisonroca.ad\/es\/wp-json\/wp\/v2\/product"}],"about":[{"href":"https:\/\/maisonroca.ad\/es\/wp-json\/wp\/v2\/types\/product"}],"replies":[{"embeddable":true,"href":"https:\/\/maisonroca.ad\/es\/wp-json\/wp\/v2\/comments?post=68968"}],"version-history":[{"count":4,"href":"https:\/\/maisonroca.ad\/es\/wp-json\/wp\/v2\/product\/68968\/revisions"}],"predecessor-version":[{"id":69396,"href":"https:\/\/maisonroca.ad\/es\/wp-json\/wp\/v2\/product\/68968\/revisions\/69396"}],"wp:featuredmedia":[{"embeddable":true,"href":"https:\/\/maisonroca.ad\/es\/wp-json\/wp\/v2\/media\/68964"}],"wp:attachment":[{"href":"https:\/\/maisonroca.ad\/es\/wp-json\/wp\/v2\/media?parent=68968"}],"wp:term":[{"taxonomy":"product_brand","embeddable":true,"href":"https:\/\/maisonroca.ad\/es\/wp-json\/wp\/v2\/product_brand?post=68968"},{"taxonomy":"product_cat","embeddable":true,"href":"https:\/\/maisonroca.ad\/es\/wp-json\/wp\/v2\/product_cat?post=68968"},{"taxonomy":"product_tag","embeddable":true,"href":"https:\/\/maisonroca.ad\/es\/wp-json\/wp\/v2\/product_tag?post=68968"}],"curies":[{"name":"wp","href":"https:\/\/api.w.org\/{rel}","templated":true}]}}