{"id":68984,"date":"2025-01-03T11:32:48","date_gmt":"2025-01-03T10:32:48","guid":{"rendered":"https:\/\/maisonroca.ad\/?post_type=product&#038;p=68984"},"modified":"2026-02-04T14:09:57","modified_gmt":"2026-02-04T13:09:57","slug":"reloj-chanel-j12-calibre-12-1-de-38-mm-de-ceramica-blanca-con-diamantes","status":"publish","type":"product","link":"https:\/\/maisonroca.ad\/es\/tienda\/reloj-chanel-j12-calibre-12-1-de-38-mm-de-ceramica-blanca-con-diamantes\/","title":{"rendered":"RELOJ CHANEL J12 CALIBRE 12.1 DE 38 MM DE CER\u00c1MICA BLANCA CON DIAMANTES"},"content":{"rendered":"<p>Reloj Chanel J12 Calibre 12.1 de 38 mm de di\u00e1metro con movimiento autom\u00e1tico. Este modelo presenta una caja de cer\u00e1mica blanca con bisel e \u00edndice de diamantes, con una hermeticidad de hasta 50 metros. La esfera es de color blanco y la correa tambi\u00e9n es de cer\u00e1mica blanca.<\/p>\n<p>Los relojes Chanel se someten a rigurosas pruebas en el laboratorio de la Manufactura CHANEL en Suiza para cumplir con los m\u00e1s altos est\u00e1ndares de excelencia relojera. Un mantenimiento regular es esencial para el buen rendimiento del reloj y su est\u00e9tica.<\/p>\n<p>Detalles:<\/p>\n<ul>\n<li>Caja de cer\u00e1mica de alta resistencia blanca y 62 diamantes de 1,60 ct<\/li>\n<li>Correa de cer\u00e1mica de alta resistencia blanca<\/li>\n<li>Movimiento autom\u00e1tico<\/li>\n<li>Di\u00e1metro de 38 mm<\/li>\n<li>Esfera blanca<\/li>\n<li>Estanqueidad de 50 m<\/li>\n<li>Funciones: fecha, horas, minutos y segundos<\/li>\n<\/ul>\n","protected":false},"excerpt":{"rendered":"<div class=\"flex-1 overflow-hidden @container\/thread\">\n<div class=\"h-full\">\n<div class=\"react-scroll-to-bottom--css-jhszw-79elbk h-full\">\n<div class=\"react-scroll-to-bottom--css-jhszw-1n7m0yu\">\n<div class=\"flex flex-col text-sm md:pb-9\">\n<article class=\"w-full scroll-mb-[var(--thread-trailing-height,150px)] text-token-text-primary focus-visible:outline-2 focus-visible:outline-offset-[-4px]\" dir=\"auto\" data-testid=\"conversation-turn-15\" data-scroll-anchor=\"true\">\n<div class=\"m-auto text-base py-[18px] px-3 md:px-4 w-full md:px-5 lg:px-4 xl:px-5\">\n<div class=\"mx-auto flex flex-1 gap-4 text-base md:gap-5 lg:gap-6 md:max-w-3xl\">\n<div class=\"group\/conversation-turn relative flex w-full min-w-0 flex-col agent-turn\">\n<div class=\"flex-col gap-1 md:gap-3\">\n<div class=\"flex max-w-full flex-col flex-grow\">\n<div class=\"min-h-8 text-message flex w-full flex-col items-end gap-2 whitespace-normal break-words text-start [.text-message+&amp;]:mt-5\" dir=\"auto\" data-message-author-role=\"assistant\" data-message-id=\"50c35e6c-6280-4698-95d0-badfbe3a6357\" data-message-model-slug=\"gpt-4o-mini\">\n<div class=\"flex w-full flex-col gap-1 empty:hidden first:pt-[3px]\">\n<div class=\"markdown prose w-full break-words dark:prose-invert light\">\n<p>Reloj Chanel J12 Calibre 12.1 de 38 mm con movimiento autom\u00e1tico. Caja de cer\u00e1mica blanca, bisel e \u00edndice de 62 diamantes de 1,60 ct, esfera blanca y correa de cer\u00e1mica. Resistencia al agua de hasta 50 metros.<\/p>\n<\/div>\n<\/div>\n<\/div>\n<\/div>\n<div class=\"mb-2 flex gap-3 empty:hidden -ml-2\">\n<div class=\"items-center justify-start rounded-xl p-1 flex\">\n<div class=\"flex items-center\"><\/div>\n<\/div>\n<\/div>\n<div class=\"pr-2 lg:pr-0\"><\/div>\n<div class=\"mt-3 w-full empty:hidden\">\n<div class=\"text-center\"><\/div>\n<\/div>\n<\/div>\n<div class=\"absolute\">\n<div class=\"flex items-center justify-center\"><\/div>\n<\/div>\n<\/div>\n<\/div>\n<\/div>\n<\/article>\n<\/div>\n<\/div>\n<\/div>\n<\/div>\n<\/div>\n<div class=\"md:pt-0 dark:border-white\/20 md:border-transparent md:dark:border-transparent w-full\">\n<div>\n<div class=\"m-auto text-base px-3 md:px-4 w-full md:px-5 lg:px-4 xl:px-5\">\n<div class=\"mx-auto flex flex-1 gap-4 text-base md:gap-5 lg:gap-6 md:max-w-3xl\">\n<div class=\"flex justify-center\"><\/div>\n<\/div>\n<\/div>\n<\/div>\n<\/div>\n","protected":false},"featured_media":68982,"comment_status":"open","ping_status":"closed","template":"","meta":{"_acf_changed":false,"_monsterinsights_skip_tracking":false,"_monsterinsights_sitenote_active":false,"_monsterinsights_sitenote_note":"","_monsterinsights_sitenote_category":0},"product_brand":[],"product_cat":[2614,1218],"product_tag":[2221,2178,2160,2565,1571,2643,2924,2587],"class_list":{"0":"post-68984","1":"product","2":"type-product","3":"status-publish","4":"has-post-thumbnail","6":"product_cat-chanel-es","7":"product_cat-relojes","8":"product_tag-automatic-2-2","9":"product_tag-blanca-2","10":"product_tag-ceramica-2","11":"product_tag-chanel-es","12":"product_tag-diamantes","13":"product_tag-dona-es","14":"product_tag-menys-de-100-metres-es","15":"product_tag-rellotges-es","17":"first","18":"instock","19":"shipping-taxable","20":"product-type-simple"},"acf":[],"yoast_head":"<!-- This site is optimized with the Yoast SEO Premium plugin v26.8 (Yoast SEO v27.4) - https:\/\/yoast.com\/product\/yoast-seo-premium-wordpress\/ -->\n<title>RELOJ CHANEL J12 CALIBRE 12.1<\/title>\n<meta name=\"description\" content=\"Descubre el Reloj Chanel J12 Calibre 12.1 con movimiento autom\u00e1tico, caja de cer\u00e1mica blanca de 38 mm, bisel e \u00edndice de 62 diamantes.\" \/>\n<meta name=\"robots\" content=\"index, follow, max-snippet:-1, max-image-preview:large, max-video-preview:-1\" \/>\n<link rel=\"canonical\" href=\"https:\/\/maisonroca.ad\/es\/tienda\/reloj-chanel-j12-calibre-12-1-de-38-mm-de-ceramica-blanca-con-diamantes\/\" \/>\n<meta property=\"og:locale\" content=\"es_ES\" \/>\n<meta property=\"og:type\" content=\"article\" \/>\n<meta property=\"og:title\" content=\"RELOJ CHANEL J12 CALIBRE 12.1 DE 38 MM DE CER\u00c1MICA BLANCA CON DIAMANTES\" \/>\n<meta property=\"og:description\" content=\"Descubre el Reloj Chanel J12 Calibre 12.1 con movimiento autom\u00e1tico, caja de cer\u00e1mica blanca de 38 mm, bisel e \u00edndice de 62 diamantes.\" \/>\n<meta property=\"og:url\" content=\"https:\/\/maisonroca.ad\/es\/tienda\/reloj-chanel-j12-calibre-12-1-de-38-mm-de-ceramica-blanca-con-diamantes\/\" \/>\n<meta property=\"og:site_name\" content=\"Maison Roca\" \/>\n<meta property=\"article:publisher\" content=\"https:\/\/www.facebook.com\/maisonroca\" \/>\n<meta property=\"article:modified_time\" content=\"2026-02-04T13:09:57+00:00\" \/>\n<meta property=\"og:image\" content=\"https:\/\/maisonroca.ad\/wp-content\/uploads\/2025\/01\/h7189.jpg\" \/>\n\t<meta property=\"og:image:width\" content=\"800\" \/>\n\t<meta property=\"og:image:height\" content=\"800\" \/>\n\t<meta property=\"og:image:type\" content=\"image\/jpeg\" \/>\n<meta name=\"twitter:card\" content=\"summary_large_image\" \/>\n<meta name=\"twitter:label1\" content=\"Precio\" \/>\n\t<meta name=\"twitter:data1\" content=\"\" \/>\n\t<meta name=\"twitter:label2\" content=\"Disponibilidad\" \/>\n\t<meta name=\"twitter:data2\" content=\"Disponible\" \/>\n<script type=\"application\/ld+json\" class=\"yoast-schema-graph\">{\"@context\":\"https:\\\/\\\/schema.org\",\"@graph\":[{\"@type\":\"WebPage\",\"@id\":\"https:\\\/\\\/maisonroca.ad\\\/es\\\/tienda\\\/reloj-chanel-j12-calibre-12-1-de-38-mm-de-ceramica-blanca-con-diamantes\\\/\",\"url\":\"https:\\\/\\\/maisonroca.ad\\\/es\\\/tienda\\\/reloj-chanel-j12-calibre-12-1-de-38-mm-de-ceramica-blanca-con-diamantes\\\/\",\"name\":\"RELOJ CHANEL J12 CALIBRE 12.1\",\"isPartOf\":{\"@id\":\"https:\\\/\\\/maisonroca.ad\\\/es\\\/#website\"},\"primaryImageOfPage\":{\"@id\":\"https:\\\/\\\/maisonroca.ad\\\/es\\\/tienda\\\/reloj-chanel-j12-calibre-12-1-de-38-mm-de-ceramica-blanca-con-diamantes\\\/#primaryimage\"},\"image\":{\"@id\":\"https:\\\/\\\/maisonroca.ad\\\/es\\\/tienda\\\/reloj-chanel-j12-calibre-12-1-de-38-mm-de-ceramica-blanca-con-diamantes\\\/#primaryimage\"},\"thumbnailUrl\":\"https:\\\/\\\/maisonroca.ad\\\/wp-content\\\/uploads\\\/2025\\\/01\\\/h7189.jpg\",\"datePublished\":\"2025-01-03T10:32:48+00:00\",\"dateModified\":\"2026-02-04T13:09:57+00:00\",\"description\":\"Descubre el Reloj Chanel J12 Calibre 12.1 con movimiento autom\u00e1tico, caja de cer\u00e1mica blanca de 38 mm, bisel e \u00edndice de 62 diamantes.\",\"breadcrumb\":{\"@id\":\"https:\\\/\\\/maisonroca.ad\\\/es\\\/tienda\\\/reloj-chanel-j12-calibre-12-1-de-38-mm-de-ceramica-blanca-con-diamantes\\\/#breadcrumb\"},\"inLanguage\":\"es\",\"potentialAction\":[{\"@type\":\"ReadAction\",\"target\":[\"https:\\\/\\\/maisonroca.ad\\\/es\\\/tienda\\\/reloj-chanel-j12-calibre-12-1-de-38-mm-de-ceramica-blanca-con-diamantes\\\/\"]}]},{\"@type\":\"ImageObject\",\"inLanguage\":\"es\",\"@id\":\"https:\\\/\\\/maisonroca.ad\\\/es\\\/tienda\\\/reloj-chanel-j12-calibre-12-1-de-38-mm-de-ceramica-blanca-con-diamantes\\\/#primaryimage\",\"url\":\"https:\\\/\\\/maisonroca.ad\\\/wp-content\\\/uploads\\\/2025\\\/01\\\/h7189.jpg\",\"contentUrl\":\"https:\\\/\\\/maisonroca.ad\\\/wp-content\\\/uploads\\\/2025\\\/01\\\/h7189.jpg\",\"width\":800,\"height\":800,\"caption\":\"maison-roca-andorra-chanel-rellotges-j12-calibre-12.1-automatic-38-mm-ceramica-blanca-diamants\"},{\"@type\":\"BreadcrumbList\",\"@id\":\"https:\\\/\\\/maisonroca.ad\\\/es\\\/tienda\\\/reloj-chanel-j12-calibre-12-1-de-38-mm-de-ceramica-blanca-con-diamantes\\\/#breadcrumb\",\"itemListElement\":[{\"@type\":\"ListItem\",\"position\":1,\"name\":\"Portada\",\"item\":\"https:\\\/\\\/maisonroca.ad\\\/es\\\/\"},{\"@type\":\"ListItem\",\"position\":2,\"name\":\"Botiga\",\"item\":\"https:\\\/\\\/maisonroca.ad\\\/botiga\\\/\"},{\"@type\":\"ListItem\",\"position\":3,\"name\":\"RELOJ CHANEL J12 CALIBRE 12.1 DE 38 MM DE CER\u00c1MICA BLANCA CON DIAMANTES\"}]},{\"@type\":\"WebSite\",\"@id\":\"https:\\\/\\\/maisonroca.ad\\\/es\\\/#website\",\"url\":\"https:\\\/\\\/maisonroca.ad\\\/es\\\/\",\"name\":\"Maison Roca\",\"description\":\"Bold Luxury Life - joieria d&#039;autor - Andorra\",\"publisher\":{\"@id\":\"https:\\\/\\\/maisonroca.ad\\\/es\\\/#organization\"},\"potentialAction\":[{\"@type\":\"SearchAction\",\"target\":{\"@type\":\"EntryPoint\",\"urlTemplate\":\"https:\\\/\\\/maisonroca.ad\\\/es\\\/?s={search_term_string}\"},\"query-input\":{\"@type\":\"PropertyValueSpecification\",\"valueRequired\":true,\"valueName\":\"search_term_string\"}}],\"inLanguage\":\"es\"},{\"@type\":\"Organization\",\"@id\":\"https:\\\/\\\/maisonroca.ad\\\/es\\\/#organization\",\"name\":\"Maison Roca\",\"url\":\"https:\\\/\\\/maisonroca.ad\\\/es\\\/\",\"logo\":{\"@type\":\"ImageObject\",\"inLanguage\":\"es\",\"@id\":\"https:\\\/\\\/maisonroca.ad\\\/es\\\/#\\\/schema\\\/logo\\\/image\\\/\",\"url\":\"https:\\\/\\\/maisonroca.ad\\\/wp-content\\\/uploads\\\/2023\\\/10\\\/icono.png\",\"contentUrl\":\"https:\\\/\\\/maisonroca.ad\\\/wp-content\\\/uploads\\\/2023\\\/10\\\/icono.png\",\"width\":512,\"height\":512,\"caption\":\"Maison Roca\"},\"image\":{\"@id\":\"https:\\\/\\\/maisonroca.ad\\\/es\\\/#\\\/schema\\\/logo\\\/image\\\/\"},\"sameAs\":[\"https:\\\/\\\/www.facebook.com\\\/maisonroca\",\"https:\\\/\\\/www.instagram.com\\\/maisonroca\\\/\"]}]}<\/script>\n<meta property=\"product:price:currency\" content=\"EUR\" \/>\n<meta property=\"og:availability\" content=\"instock\" \/>\n<meta property=\"product:availability\" content=\"instock\" \/>\n<meta property=\"product:retailer_item_id\" content=\"H7189\" \/>\n<meta property=\"product:condition\" content=\"new\" \/>\n<!-- \/ Yoast SEO Premium plugin. -->","yoast_head_json":{"title":"RELOJ CHANEL J12 CALIBRE 12.1","description":"Descubre el Reloj Chanel J12 Calibre 12.1 con movimiento autom\u00e1tico, caja de cer\u00e1mica blanca de 38 mm, bisel e \u00edndice de 62 diamantes.","robots":{"index":"index","follow":"follow","max-snippet":"max-snippet:-1","max-image-preview":"max-image-preview:large","max-video-preview":"max-video-preview:-1"},"canonical":"https:\/\/maisonroca.ad\/es\/tienda\/reloj-chanel-j12-calibre-12-1-de-38-mm-de-ceramica-blanca-con-diamantes\/","og_locale":"es_ES","og_type":"article","og_title":"RELOJ CHANEL J12 CALIBRE 12.1 DE 38 MM DE CER\u00c1MICA BLANCA CON DIAMANTES","og_description":"Descubre el Reloj Chanel J12 Calibre 12.1 con movimiento autom\u00e1tico, caja de cer\u00e1mica blanca de 38 mm, bisel e \u00edndice de 62 diamantes.","og_url":"https:\/\/maisonroca.ad\/es\/tienda\/reloj-chanel-j12-calibre-12-1-de-38-mm-de-ceramica-blanca-con-diamantes\/","og_site_name":"Maison Roca","article_publisher":"https:\/\/www.facebook.com\/maisonroca","article_modified_time":"2026-02-04T13:09:57+00:00","og_image":[{"width":800,"height":800,"url":"https:\/\/maisonroca.ad\/wp-content\/uploads\/2025\/01\/h7189.jpg","type":"image\/jpeg"}],"twitter_card":"summary_large_image","twitter_misc":{"Precio":"","Disponibilidad":"Disponible"},"schema":{"@context":"https:\/\/schema.org","@graph":[{"@type":"WebPage","@id":"https:\/\/maisonroca.ad\/es\/tienda\/reloj-chanel-j12-calibre-12-1-de-38-mm-de-ceramica-blanca-con-diamantes\/","url":"https:\/\/maisonroca.ad\/es\/tienda\/reloj-chanel-j12-calibre-12-1-de-38-mm-de-ceramica-blanca-con-diamantes\/","name":"RELOJ CHANEL J12 CALIBRE 12.1","isPartOf":{"@id":"https:\/\/maisonroca.ad\/es\/#website"},"primaryImageOfPage":{"@id":"https:\/\/maisonroca.ad\/es\/tienda\/reloj-chanel-j12-calibre-12-1-de-38-mm-de-ceramica-blanca-con-diamantes\/#primaryimage"},"image":{"@id":"https:\/\/maisonroca.ad\/es\/tienda\/reloj-chanel-j12-calibre-12-1-de-38-mm-de-ceramica-blanca-con-diamantes\/#primaryimage"},"thumbnailUrl":"https:\/\/maisonroca.ad\/wp-content\/uploads\/2025\/01\/h7189.jpg","datePublished":"2025-01-03T10:32:48+00:00","dateModified":"2026-02-04T13:09:57+00:00","description":"Descubre el Reloj Chanel J12 Calibre 12.1 con movimiento autom\u00e1tico, caja de cer\u00e1mica blanca de 38 mm, bisel e \u00edndice de 62 diamantes.","breadcrumb":{"@id":"https:\/\/maisonroca.ad\/es\/tienda\/reloj-chanel-j12-calibre-12-1-de-38-mm-de-ceramica-blanca-con-diamantes\/#breadcrumb"},"inLanguage":"es","potentialAction":[{"@type":"ReadAction","target":["https:\/\/maisonroca.ad\/es\/tienda\/reloj-chanel-j12-calibre-12-1-de-38-mm-de-ceramica-blanca-con-diamantes\/"]}]},{"@type":"ImageObject","inLanguage":"es","@id":"https:\/\/maisonroca.ad\/es\/tienda\/reloj-chanel-j12-calibre-12-1-de-38-mm-de-ceramica-blanca-con-diamantes\/#primaryimage","url":"https:\/\/maisonroca.ad\/wp-content\/uploads\/2025\/01\/h7189.jpg","contentUrl":"https:\/\/maisonroca.ad\/wp-content\/uploads\/2025\/01\/h7189.jpg","width":800,"height":800,"caption":"maison-roca-andorra-chanel-rellotges-j12-calibre-12.1-automatic-38-mm-ceramica-blanca-diamants"},{"@type":"BreadcrumbList","@id":"https:\/\/maisonroca.ad\/es\/tienda\/reloj-chanel-j12-calibre-12-1-de-38-mm-de-ceramica-blanca-con-diamantes\/#breadcrumb","itemListElement":[{"@type":"ListItem","position":1,"name":"Portada","item":"https:\/\/maisonroca.ad\/es\/"},{"@type":"ListItem","position":2,"name":"Botiga","item":"https:\/\/maisonroca.ad\/botiga\/"},{"@type":"ListItem","position":3,"name":"RELOJ CHANEL J12 CALIBRE 12.1 DE 38 MM DE CER\u00c1MICA BLANCA CON DIAMANTES"}]},{"@type":"WebSite","@id":"https:\/\/maisonroca.ad\/es\/#website","url":"https:\/\/maisonroca.ad\/es\/","name":"Maison Roca","description":"Bold Luxury Life - joieria d&#039;autor - Andorra","publisher":{"@id":"https:\/\/maisonroca.ad\/es\/#organization"},"potentialAction":[{"@type":"SearchAction","target":{"@type":"EntryPoint","urlTemplate":"https:\/\/maisonroca.ad\/es\/?s={search_term_string}"},"query-input":{"@type":"PropertyValueSpecification","valueRequired":true,"valueName":"search_term_string"}}],"inLanguage":"es"},{"@type":"Organization","@id":"https:\/\/maisonroca.ad\/es\/#organization","name":"Maison Roca","url":"https:\/\/maisonroca.ad\/es\/","logo":{"@type":"ImageObject","inLanguage":"es","@id":"https:\/\/maisonroca.ad\/es\/#\/schema\/logo\/image\/","url":"https:\/\/maisonroca.ad\/wp-content\/uploads\/2023\/10\/icono.png","contentUrl":"https:\/\/maisonroca.ad\/wp-content\/uploads\/2023\/10\/icono.png","width":512,"height":512,"caption":"Maison Roca"},"image":{"@id":"https:\/\/maisonroca.ad\/es\/#\/schema\/logo\/image\/"},"sameAs":["https:\/\/www.facebook.com\/maisonroca","https:\/\/www.instagram.com\/maisonroca\/"]}]},"product_price_currency":"EUR","og_availability":"instock","product_availability":"instock","product_retailer_item_id":"H7189","product_condition":"new"},"_links":{"self":[{"href":"https:\/\/maisonroca.ad\/es\/wp-json\/wp\/v2\/product\/68984","targetHints":{"allow":["GET"]}}],"collection":[{"href":"https:\/\/maisonroca.ad\/es\/wp-json\/wp\/v2\/product"}],"about":[{"href":"https:\/\/maisonroca.ad\/es\/wp-json\/wp\/v2\/types\/product"}],"replies":[{"embeddable":true,"href":"https:\/\/maisonroca.ad\/es\/wp-json\/wp\/v2\/comments?post=68984"}],"version-history":[{"count":4,"href":"https:\/\/maisonroca.ad\/es\/wp-json\/wp\/v2\/product\/68984\/revisions"}],"predecessor-version":[{"id":83797,"href":"https:\/\/maisonroca.ad\/es\/wp-json\/wp\/v2\/product\/68984\/revisions\/83797"}],"wp:featuredmedia":[{"embeddable":true,"href":"https:\/\/maisonroca.ad\/es\/wp-json\/wp\/v2\/media\/68982"}],"wp:attachment":[{"href":"https:\/\/maisonroca.ad\/es\/wp-json\/wp\/v2\/media?parent=68984"}],"wp:term":[{"taxonomy":"product_brand","embeddable":true,"href":"https:\/\/maisonroca.ad\/es\/wp-json\/wp\/v2\/product_brand?post=68984"},{"taxonomy":"product_cat","embeddable":true,"href":"https:\/\/maisonroca.ad\/es\/wp-json\/wp\/v2\/product_cat?post=68984"},{"taxonomy":"product_tag","embeddable":true,"href":"https:\/\/maisonroca.ad\/es\/wp-json\/wp\/v2\/product_tag?post=68984"}],"curies":[{"name":"wp","href":"https:\/\/api.w.org\/{rel}","templated":true}]}}