{"id":69068,"date":"2025-01-03T14:22:42","date_gmt":"2025-01-03T13:22:42","guid":{"rendered":"https:\/\/maisonroca.ad\/?post_type=product&#038;p=69068"},"modified":"2025-01-14T17:38:54","modified_gmt":"2025-01-14T16:38:54","slug":"reloj-chanel-premiere-edicion-original-de-acero-con-recubrimiento-de-oro-amarillo-y-cuero","status":"publish","type":"product","link":"https:\/\/maisonroca.ad\/es\/tienda\/reloj-chanel-premiere-edicion-original-de-acero-con-recubrimiento-de-oro-amarillo-y-cuero\/","title":{"rendered":"RELOJ CHANEL PREMI\u00c8RE \u00c9DITION ORIGINALE DE ACERO CON RECUBRIMIENTO DE ORO AMARILLO Y CUERO"},"content":{"rendered":"<p>Reloj Chanel Premi\u00e8re \u00c9dition Originale con movimiento de cuarzo y caja de acero y oro amarillo de 26,1 mm de di\u00e1metro con una hermeticidad de 30 metros. La esfera es de color negro y el brazalete combinado de acero, oro amarillo y cuero con cierre desplegable.<\/p>\n<p>Los relojes Chanel se someten a rigurosas pruebas en el laboratorio de la Manufactura CHANEL en Suiza para cumplir con los m\u00e1s altos est\u00e1ndares de excelencia relojera. Un mantenimiento regular es esencial para el buen rendimiento del reloj y su est\u00e9tica.<\/p>\n<p>Detalles:<\/p>\n<ul>\n<li>Caja de acero con un revestimiento de oro amarillo de 18 quilates (0,1 micra)<\/li>\n<li>Brazalete de cadena de acero con un revestimiento de oro amarillo de 18 quilates (0,1 micra) trenzado con una cinta de cuero negro<\/li>\n<li>Movimiento de cuarzo de alta precisi\u00f3n<\/li>\n<li>Di\u00e1metro de 26,1 mm<\/li>\n<li>Esfera lacada en negro<\/li>\n<li>Hermeticidad de 30 metros<\/li>\n<li>Corona de acero con un revestimiento de oro amarillo de 18 quilates (0,1 micra) y cabuj\u00f3n en \u00f3nix<\/li>\n<li>Funciones: horas y minutos<\/li>\n<\/ul>\n","protected":false},"excerpt":{"rendered":"<div class=\"flex-shrink-0 flex flex-col relative items-end\">\n<div>\n<div class=\"pt-0\">\n<div class=\"gizmo-bot-avatar flex h-8 w-8 items-center justify-center overflow-hidden rounded-full\">\n<div class=\"relative p-1 rounded-sm flex items-center justify-center bg-token-main-surface-primary text-token-text-primary h-8 w-8\">Reloj Chanel Premi\u00e8re \u00c9dition Originale con movimiento de cuarzo, caja de acero y oro amarillo de 26,1 mm y resistencia al agua de 30 m. Esfera negra y brazalete combinado de acero, oro amarillo y cuero con cierre desplegable.<\/div>\n<\/div>\n<\/div>\n<\/div>\n<\/div>\n","protected":false},"featured_media":69066,"comment_status":"open","ping_status":"closed","template":"","meta":{"_acf_changed":false,"_monsterinsights_skip_tracking":false,"_monsterinsights_sitenote_active":false,"_monsterinsights_sitenote_note":"","_monsterinsights_sitenote_category":0},"product_brand":[],"product_cat":[2614,1218],"product_tag":[1595,2565,2643,2188,1579,2587],"class_list":{"0":"post-69068","1":"product","2":"type-product","3":"status-publish","4":"has-post-thumbnail","6":"product_cat-chanel-es","7":"product_cat-relojes","8":"product_tag-acero","9":"product_tag-chanel-es","10":"product_tag-dona-es","11":"product_tag-negra-2","12":"product_tag-oro-amarillo","13":"product_tag-rellotges-es","15":"first","16":"instock","17":"featured","18":"shipping-taxable","19":"purchasable","20":"product-type-simple"},"acf":[],"yoast_head":"<!-- This site is optimized with the Yoast SEO Premium plugin v26.8 (Yoast SEO v27.4) - https:\/\/yoast.com\/product\/yoast-seo-premium-wordpress\/ -->\n<title>RELOJ CHANEL PREMI\u00c8RE \u00c9DITION ORIGINALE<\/title>\n<meta name=\"description\" content=\"Descubre el Reloj Chanel Premi\u00e8re \u00c9dition Originale, una pieza \u00fanica con caja de acero y oro amarillo, esfera negra y brazalete de cuero y acero.\" \/>\n<meta name=\"robots\" content=\"index, follow, max-snippet:-1, max-image-preview:large, max-video-preview:-1\" \/>\n<link rel=\"canonical\" href=\"https:\/\/maisonroca.ad\/es\/tienda\/reloj-chanel-premiere-edicion-original-de-acero-con-recubrimiento-de-oro-amarillo-y-cuero\/\" \/>\n<meta property=\"og:locale\" content=\"es_ES\" \/>\n<meta property=\"og:type\" content=\"article\" \/>\n<meta property=\"og:title\" content=\"RELOJ CHANEL PREMI\u00c8RE \u00c9DITION ORIGINALE DE ACERO CON RECUBRIMIENTO DE ORO AMARILLO Y CUERO\" \/>\n<meta property=\"og:description\" content=\"Descubre el Reloj Chanel Premi\u00e8re \u00c9dition Originale, una pieza \u00fanica con caja de acero y oro amarillo, esfera negra y brazalete de cuero y acero.\" \/>\n<meta property=\"og:url\" content=\"https:\/\/maisonroca.ad\/es\/tienda\/reloj-chanel-premiere-edicion-original-de-acero-con-recubrimiento-de-oro-amarillo-y-cuero\/\" \/>\n<meta property=\"og:site_name\" content=\"Maison Roca\" \/>\n<meta property=\"article:publisher\" content=\"https:\/\/www.facebook.com\/maisonroca\" \/>\n<meta property=\"article:modified_time\" content=\"2025-01-14T16:38:54+00:00\" \/>\n<meta property=\"og:image\" content=\"https:\/\/maisonroca.ad\/wp-content\/uploads\/2025\/01\/h6951.jpg\" \/>\n\t<meta property=\"og:image:width\" content=\"800\" \/>\n\t<meta property=\"og:image:height\" content=\"800\" \/>\n\t<meta property=\"og:image:type\" content=\"image\/jpeg\" \/>\n<meta name=\"twitter:card\" content=\"summary_large_image\" \/>\n<meta name=\"twitter:label1\" content=\"Precio\" \/>\n\t<meta name=\"twitter:data1\" content=\"5.085,00&nbsp;&euro;\" \/>\n\t<meta name=\"twitter:label2\" content=\"Disponibilidad\" \/>\n\t<meta name=\"twitter:data2\" content=\"Disponible\" \/>\n<script type=\"application\/ld+json\" class=\"yoast-schema-graph\">{\"@context\":\"https:\\\/\\\/schema.org\",\"@graph\":[{\"@type\":\"WebPage\",\"@id\":\"https:\\\/\\\/maisonroca.ad\\\/es\\\/tienda\\\/reloj-chanel-premiere-edicion-original-de-acero-con-recubrimiento-de-oro-amarillo-y-cuero\\\/\",\"url\":\"https:\\\/\\\/maisonroca.ad\\\/es\\\/tienda\\\/reloj-chanel-premiere-edicion-original-de-acero-con-recubrimiento-de-oro-amarillo-y-cuero\\\/\",\"name\":\"RELOJ CHANEL PREMI\u00c8RE \u00c9DITION ORIGINALE\",\"isPartOf\":{\"@id\":\"https:\\\/\\\/maisonroca.ad\\\/es\\\/#website\"},\"primaryImageOfPage\":{\"@id\":\"https:\\\/\\\/maisonroca.ad\\\/es\\\/tienda\\\/reloj-chanel-premiere-edicion-original-de-acero-con-recubrimiento-de-oro-amarillo-y-cuero\\\/#primaryimage\"},\"image\":{\"@id\":\"https:\\\/\\\/maisonroca.ad\\\/es\\\/tienda\\\/reloj-chanel-premiere-edicion-original-de-acero-con-recubrimiento-de-oro-amarillo-y-cuero\\\/#primaryimage\"},\"thumbnailUrl\":\"https:\\\/\\\/maisonroca.ad\\\/wp-content\\\/uploads\\\/2025\\\/01\\\/h6951.jpg\",\"datePublished\":\"2025-01-03T13:22:42+00:00\",\"dateModified\":\"2025-01-14T16:38:54+00:00\",\"description\":\"Descubre el Reloj Chanel Premi\u00e8re \u00c9dition Originale, una pieza \u00fanica con caja de acero y oro amarillo, esfera negra y brazalete de cuero y acero.\",\"breadcrumb\":{\"@id\":\"https:\\\/\\\/maisonroca.ad\\\/es\\\/tienda\\\/reloj-chanel-premiere-edicion-original-de-acero-con-recubrimiento-de-oro-amarillo-y-cuero\\\/#breadcrumb\"},\"inLanguage\":\"es\",\"potentialAction\":[{\"@type\":\"ReadAction\",\"target\":[\"https:\\\/\\\/maisonroca.ad\\\/es\\\/tienda\\\/reloj-chanel-premiere-edicion-original-de-acero-con-recubrimiento-de-oro-amarillo-y-cuero\\\/\"]}]},{\"@type\":\"ImageObject\",\"inLanguage\":\"es\",\"@id\":\"https:\\\/\\\/maisonroca.ad\\\/es\\\/tienda\\\/reloj-chanel-premiere-edicion-original-de-acero-con-recubrimiento-de-oro-amarillo-y-cuero\\\/#primaryimage\",\"url\":\"https:\\\/\\\/maisonroca.ad\\\/wp-content\\\/uploads\\\/2025\\\/01\\\/h6951.jpg\",\"contentUrl\":\"https:\\\/\\\/maisonroca.ad\\\/wp-content\\\/uploads\\\/2025\\\/01\\\/h6951.jpg\",\"width\":800,\"height\":800,\"caption\":\"maison-roca-andorra-chanel-rellotges-premiere-edicio-original-acer-amb-revestiment-or-groc-negra-cuir\"},{\"@type\":\"BreadcrumbList\",\"@id\":\"https:\\\/\\\/maisonroca.ad\\\/es\\\/tienda\\\/reloj-chanel-premiere-edicion-original-de-acero-con-recubrimiento-de-oro-amarillo-y-cuero\\\/#breadcrumb\",\"itemListElement\":[{\"@type\":\"ListItem\",\"position\":1,\"name\":\"Portada\",\"item\":\"https:\\\/\\\/maisonroca.ad\\\/es\\\/\"},{\"@type\":\"ListItem\",\"position\":2,\"name\":\"Botiga\",\"item\":\"https:\\\/\\\/maisonroca.ad\\\/botiga\\\/\"},{\"@type\":\"ListItem\",\"position\":3,\"name\":\"RELOJ CHANEL PREMI\u00c8RE \u00c9DITION ORIGINALE DE ACERO CON RECUBRIMIENTO DE ORO AMARILLO Y CUERO\"}]},{\"@type\":\"WebSite\",\"@id\":\"https:\\\/\\\/maisonroca.ad\\\/es\\\/#website\",\"url\":\"https:\\\/\\\/maisonroca.ad\\\/es\\\/\",\"name\":\"Maison Roca\",\"description\":\"Bold Luxury Life - joieria d&#039;autor - Andorra\",\"publisher\":{\"@id\":\"https:\\\/\\\/maisonroca.ad\\\/es\\\/#organization\"},\"potentialAction\":[{\"@type\":\"SearchAction\",\"target\":{\"@type\":\"EntryPoint\",\"urlTemplate\":\"https:\\\/\\\/maisonroca.ad\\\/es\\\/?s={search_term_string}\"},\"query-input\":{\"@type\":\"PropertyValueSpecification\",\"valueRequired\":true,\"valueName\":\"search_term_string\"}}],\"inLanguage\":\"es\"},{\"@type\":\"Organization\",\"@id\":\"https:\\\/\\\/maisonroca.ad\\\/es\\\/#organization\",\"name\":\"Maison Roca\",\"url\":\"https:\\\/\\\/maisonroca.ad\\\/es\\\/\",\"logo\":{\"@type\":\"ImageObject\",\"inLanguage\":\"es\",\"@id\":\"https:\\\/\\\/maisonroca.ad\\\/es\\\/#\\\/schema\\\/logo\\\/image\\\/\",\"url\":\"https:\\\/\\\/maisonroca.ad\\\/wp-content\\\/uploads\\\/2023\\\/10\\\/icono.png\",\"contentUrl\":\"https:\\\/\\\/maisonroca.ad\\\/wp-content\\\/uploads\\\/2023\\\/10\\\/icono.png\",\"width\":512,\"height\":512,\"caption\":\"Maison Roca\"},\"image\":{\"@id\":\"https:\\\/\\\/maisonroca.ad\\\/es\\\/#\\\/schema\\\/logo\\\/image\\\/\"},\"sameAs\":[\"https:\\\/\\\/www.facebook.com\\\/maisonroca\",\"https:\\\/\\\/www.instagram.com\\\/maisonroca\\\/\"]}]}<\/script>\n<meta property=\"product:price:amount\" content=\"5085.00\" \/>\n<meta property=\"product:price:currency\" content=\"EUR\" \/>\n<meta property=\"og:availability\" content=\"instock\" \/>\n<meta property=\"product:availability\" content=\"instock\" \/>\n<meta property=\"product:retailer_item_id\" content=\"H6951\" \/>\n<meta property=\"product:condition\" content=\"new\" \/>\n<!-- \/ Yoast SEO Premium plugin. -->","yoast_head_json":{"title":"RELOJ CHANEL PREMI\u00c8RE \u00c9DITION ORIGINALE","description":"Descubre el Reloj Chanel Premi\u00e8re \u00c9dition Originale, una pieza \u00fanica con caja de acero y oro amarillo, esfera negra y brazalete de cuero y acero.","robots":{"index":"index","follow":"follow","max-snippet":"max-snippet:-1","max-image-preview":"max-image-preview:large","max-video-preview":"max-video-preview:-1"},"canonical":"https:\/\/maisonroca.ad\/es\/tienda\/reloj-chanel-premiere-edicion-original-de-acero-con-recubrimiento-de-oro-amarillo-y-cuero\/","og_locale":"es_ES","og_type":"article","og_title":"RELOJ CHANEL PREMI\u00c8RE \u00c9DITION ORIGINALE DE ACERO CON RECUBRIMIENTO DE ORO AMARILLO Y CUERO","og_description":"Descubre el Reloj Chanel Premi\u00e8re \u00c9dition Originale, una pieza \u00fanica con caja de acero y oro amarillo, esfera negra y brazalete de cuero y acero.","og_url":"https:\/\/maisonroca.ad\/es\/tienda\/reloj-chanel-premiere-edicion-original-de-acero-con-recubrimiento-de-oro-amarillo-y-cuero\/","og_site_name":"Maison Roca","article_publisher":"https:\/\/www.facebook.com\/maisonroca","article_modified_time":"2025-01-14T16:38:54+00:00","og_image":[{"width":800,"height":800,"url":"https:\/\/maisonroca.ad\/wp-content\/uploads\/2025\/01\/h6951.jpg","type":"image\/jpeg"}],"twitter_card":"summary_large_image","twitter_misc":{"Precio":"5.085,00&nbsp;&euro;","Disponibilidad":"Disponible"},"schema":{"@context":"https:\/\/schema.org","@graph":[{"@type":"WebPage","@id":"https:\/\/maisonroca.ad\/es\/tienda\/reloj-chanel-premiere-edicion-original-de-acero-con-recubrimiento-de-oro-amarillo-y-cuero\/","url":"https:\/\/maisonroca.ad\/es\/tienda\/reloj-chanel-premiere-edicion-original-de-acero-con-recubrimiento-de-oro-amarillo-y-cuero\/","name":"RELOJ CHANEL PREMI\u00c8RE \u00c9DITION ORIGINALE","isPartOf":{"@id":"https:\/\/maisonroca.ad\/es\/#website"},"primaryImageOfPage":{"@id":"https:\/\/maisonroca.ad\/es\/tienda\/reloj-chanel-premiere-edicion-original-de-acero-con-recubrimiento-de-oro-amarillo-y-cuero\/#primaryimage"},"image":{"@id":"https:\/\/maisonroca.ad\/es\/tienda\/reloj-chanel-premiere-edicion-original-de-acero-con-recubrimiento-de-oro-amarillo-y-cuero\/#primaryimage"},"thumbnailUrl":"https:\/\/maisonroca.ad\/wp-content\/uploads\/2025\/01\/h6951.jpg","datePublished":"2025-01-03T13:22:42+00:00","dateModified":"2025-01-14T16:38:54+00:00","description":"Descubre el Reloj Chanel Premi\u00e8re \u00c9dition Originale, una pieza \u00fanica con caja de acero y oro amarillo, esfera negra y brazalete de cuero y acero.","breadcrumb":{"@id":"https:\/\/maisonroca.ad\/es\/tienda\/reloj-chanel-premiere-edicion-original-de-acero-con-recubrimiento-de-oro-amarillo-y-cuero\/#breadcrumb"},"inLanguage":"es","potentialAction":[{"@type":"ReadAction","target":["https:\/\/maisonroca.ad\/es\/tienda\/reloj-chanel-premiere-edicion-original-de-acero-con-recubrimiento-de-oro-amarillo-y-cuero\/"]}]},{"@type":"ImageObject","inLanguage":"es","@id":"https:\/\/maisonroca.ad\/es\/tienda\/reloj-chanel-premiere-edicion-original-de-acero-con-recubrimiento-de-oro-amarillo-y-cuero\/#primaryimage","url":"https:\/\/maisonroca.ad\/wp-content\/uploads\/2025\/01\/h6951.jpg","contentUrl":"https:\/\/maisonroca.ad\/wp-content\/uploads\/2025\/01\/h6951.jpg","width":800,"height":800,"caption":"maison-roca-andorra-chanel-rellotges-premiere-edicio-original-acer-amb-revestiment-or-groc-negra-cuir"},{"@type":"BreadcrumbList","@id":"https:\/\/maisonroca.ad\/es\/tienda\/reloj-chanel-premiere-edicion-original-de-acero-con-recubrimiento-de-oro-amarillo-y-cuero\/#breadcrumb","itemListElement":[{"@type":"ListItem","position":1,"name":"Portada","item":"https:\/\/maisonroca.ad\/es\/"},{"@type":"ListItem","position":2,"name":"Botiga","item":"https:\/\/maisonroca.ad\/botiga\/"},{"@type":"ListItem","position":3,"name":"RELOJ CHANEL PREMI\u00c8RE \u00c9DITION ORIGINALE DE ACERO CON RECUBRIMIENTO DE ORO AMARILLO Y CUERO"}]},{"@type":"WebSite","@id":"https:\/\/maisonroca.ad\/es\/#website","url":"https:\/\/maisonroca.ad\/es\/","name":"Maison Roca","description":"Bold Luxury Life - joieria d&#039;autor - Andorra","publisher":{"@id":"https:\/\/maisonroca.ad\/es\/#organization"},"potentialAction":[{"@type":"SearchAction","target":{"@type":"EntryPoint","urlTemplate":"https:\/\/maisonroca.ad\/es\/?s={search_term_string}"},"query-input":{"@type":"PropertyValueSpecification","valueRequired":true,"valueName":"search_term_string"}}],"inLanguage":"es"},{"@type":"Organization","@id":"https:\/\/maisonroca.ad\/es\/#organization","name":"Maison Roca","url":"https:\/\/maisonroca.ad\/es\/","logo":{"@type":"ImageObject","inLanguage":"es","@id":"https:\/\/maisonroca.ad\/es\/#\/schema\/logo\/image\/","url":"https:\/\/maisonroca.ad\/wp-content\/uploads\/2023\/10\/icono.png","contentUrl":"https:\/\/maisonroca.ad\/wp-content\/uploads\/2023\/10\/icono.png","width":512,"height":512,"caption":"Maison Roca"},"image":{"@id":"https:\/\/maisonroca.ad\/es\/#\/schema\/logo\/image\/"},"sameAs":["https:\/\/www.facebook.com\/maisonroca","https:\/\/www.instagram.com\/maisonroca\/"]}]},"product_price_amount":"5085.00","product_price_currency":"EUR","og_availability":"instock","product_availability":"instock","product_retailer_item_id":"H6951","product_condition":"new"},"_links":{"self":[{"href":"https:\/\/maisonroca.ad\/es\/wp-json\/wp\/v2\/product\/69068","targetHints":{"allow":["GET"]}}],"collection":[{"href":"https:\/\/maisonroca.ad\/es\/wp-json\/wp\/v2\/product"}],"about":[{"href":"https:\/\/maisonroca.ad\/es\/wp-json\/wp\/v2\/types\/product"}],"replies":[{"embeddable":true,"href":"https:\/\/maisonroca.ad\/es\/wp-json\/wp\/v2\/comments?post=69068"}],"version-history":[{"count":4,"href":"https:\/\/maisonroca.ad\/es\/wp-json\/wp\/v2\/product\/69068\/revisions"}],"predecessor-version":[{"id":69162,"href":"https:\/\/maisonroca.ad\/es\/wp-json\/wp\/v2\/product\/69068\/revisions\/69162"}],"wp:featuredmedia":[{"embeddable":true,"href":"https:\/\/maisonroca.ad\/es\/wp-json\/wp\/v2\/media\/69066"}],"wp:attachment":[{"href":"https:\/\/maisonroca.ad\/es\/wp-json\/wp\/v2\/media?parent=69068"}],"wp:term":[{"taxonomy":"product_brand","embeddable":true,"href":"https:\/\/maisonroca.ad\/es\/wp-json\/wp\/v2\/product_brand?post=69068"},{"taxonomy":"product_cat","embeddable":true,"href":"https:\/\/maisonroca.ad\/es\/wp-json\/wp\/v2\/product_cat?post=69068"},{"taxonomy":"product_tag","embeddable":true,"href":"https:\/\/maisonroca.ad\/es\/wp-json\/wp\/v2\/product_tag?post=69068"}],"curies":[{"name":"wp","href":"https:\/\/api.w.org\/{rel}","templated":true}]}}