{"id":69441,"date":"2025-01-20T15:23:09","date_gmt":"2025-01-20T14:23:09","guid":{"rendered":"https:\/\/maisonroca.ad\/?post_type=product&#038;p=69441"},"modified":"2025-01-27T12:38:33","modified_gmt":"2025-01-27T11:38:33","slug":"reloj-oris-propilot-x-miss-piggy-edition-de-34-mm-de-acero","status":"publish","type":"product","link":"https:\/\/maisonroca.ad\/es\/tienda\/reloj-oris-propilot-x-miss-piggy-edition-de-34-mm-de-acero\/","title":{"rendered":"RELOJ ORIS PROPILOT X MISS PIGGY EDITION DE 34 MM DE ACERO"},"content":{"rendered":"<p>Reloj Oris Propilot X Miss Piggy Edition de 34 mm de di\u00e1metro, caja y brazalete de acero, esfera rosa intenso y movimiento autom\u00e1tico.<\/p>\n<p>Esta edici\u00f3n con The Muppets tiene una mirilla con el retrato de Miss Piggy en la parte posterior. Es un reloj que celebra el fabuloso estilo de Miss Piggy, adoptando su persona valiente, segura y preciosa.<\/p>\n<p>&nbsp;<\/p>\n<p>Detalls:<\/p>\n<ul>\n<li>Caja de acero<\/li>\n<li>Esfera de color rosa intenso<\/li>\n<li>Funciones: horas, minutos y segundos<\/li>\n<\/ul>\n","protected":false},"excerpt":{"rendered":"<p>Reloj Oris Propilot X Miss Piggy Edition de 34 mm de di\u00e1metro, caja y brazalete de acero, esfera rosa intenso y movimiento autom\u00e1tico.<\/p>\n","protected":false},"featured_media":69435,"comment_status":"open","ping_status":"closed","template":"","meta":{"_acf_changed":false,"_monsterinsights_skip_tracking":false,"_monsterinsights_sitenote_active":false,"_monsterinsights_sitenote_note":"","_monsterinsights_sitenote_category":0},"product_brand":[],"product_cat":[1234,1218],"product_tag":[1595,2221,2637,2643,2214,2587],"class_list":{"0":"post-69441","1":"product","2":"type-product","3":"status-publish","4":"has-post-thumbnail","6":"product_cat-oris-es","7":"product_cat-relojes","8":"product_tag-acero","9":"product_tag-automatic-2-2","10":"product_tag-de-100-a-300-metres-es","11":"product_tag-dona-es","12":"product_tag-oris-2","13":"product_tag-rellotges-es","15":"first","16":"instock","17":"shipping-taxable","18":"purchasable","19":"product-type-simple"},"acf":[],"yoast_head":"<!-- This site is optimized with the Yoast SEO Premium plugin v26.8 (Yoast SEO v27.4) - https:\/\/yoast.com\/product\/yoast-seo-premium-wordpress\/ -->\n<title>RELOJ ORIS PROPILOT X MISS PIGGY EDITION<\/title>\n<meta name=\"description\" content=\"Descubre el Reloj Oris ProPilot X Miss Piggy Edition: una edici\u00f3n limitada que combina dise\u00f1o innovador y un homenaje \u00fanico a la icona de los Muppets.\" \/>\n<meta name=\"robots\" content=\"index, follow, max-snippet:-1, max-image-preview:large, max-video-preview:-1\" \/>\n<link rel=\"canonical\" href=\"https:\/\/maisonroca.ad\/es\/tienda\/reloj-oris-propilot-x-miss-piggy-edition-de-34-mm-de-acero\/\" \/>\n<meta property=\"og:locale\" content=\"es_ES\" \/>\n<meta property=\"og:type\" content=\"article\" \/>\n<meta property=\"og:title\" content=\"RELOJ ORIS PROPILOT X MISS PIGGY EDITION DE 34 MM DE ACERO\" \/>\n<meta property=\"og:description\" content=\"Descubre el Reloj Oris ProPilot X Miss Piggy Edition: una edici\u00f3n limitada que combina dise\u00f1o innovador y un homenaje \u00fanico a la icona de los Muppets.\" \/>\n<meta property=\"og:url\" content=\"https:\/\/maisonroca.ad\/es\/tienda\/reloj-oris-propilot-x-miss-piggy-edition-de-34-mm-de-acero\/\" \/>\n<meta property=\"og:site_name\" content=\"Maison Roca\" \/>\n<meta property=\"article:publisher\" content=\"https:\/\/www.facebook.com\/maisonroca\" \/>\n<meta property=\"article:modified_time\" content=\"2025-01-27T11:38:33+00:00\" \/>\n<meta property=\"og:image\" content=\"https:\/\/maisonroca.ad\/wp-content\/uploads\/2025\/01\/Oris-Miss-Piggy-1.jpg\" \/>\n\t<meta property=\"og:image:width\" content=\"1080\" \/>\n\t<meta property=\"og:image:height\" content=\"1080\" \/>\n\t<meta property=\"og:image:type\" content=\"image\/jpeg\" \/>\n<meta name=\"twitter:card\" content=\"summary_large_image\" \/>\n<meta name=\"twitter:label1\" content=\"Precio\" \/>\n\t<meta name=\"twitter:data1\" content=\"2.580,00&nbsp;&euro;\" \/>\n\t<meta name=\"twitter:label2\" content=\"Disponibilidad\" \/>\n\t<meta name=\"twitter:data2\" content=\"Disponible\" \/>\n<script type=\"application\/ld+json\" class=\"yoast-schema-graph\">{\"@context\":\"https:\\\/\\\/schema.org\",\"@graph\":[{\"@type\":\"WebPage\",\"@id\":\"https:\\\/\\\/maisonroca.ad\\\/es\\\/tienda\\\/reloj-oris-propilot-x-miss-piggy-edition-de-34-mm-de-acero\\\/\",\"url\":\"https:\\\/\\\/maisonroca.ad\\\/es\\\/tienda\\\/reloj-oris-propilot-x-miss-piggy-edition-de-34-mm-de-acero\\\/\",\"name\":\"RELOJ ORIS PROPILOT X MISS PIGGY EDITION\",\"isPartOf\":{\"@id\":\"https:\\\/\\\/maisonroca.ad\\\/es\\\/#website\"},\"primaryImageOfPage\":{\"@id\":\"https:\\\/\\\/maisonroca.ad\\\/es\\\/tienda\\\/reloj-oris-propilot-x-miss-piggy-edition-de-34-mm-de-acero\\\/#primaryimage\"},\"image\":{\"@id\":\"https:\\\/\\\/maisonroca.ad\\\/es\\\/tienda\\\/reloj-oris-propilot-x-miss-piggy-edition-de-34-mm-de-acero\\\/#primaryimage\"},\"thumbnailUrl\":\"https:\\\/\\\/maisonroca.ad\\\/wp-content\\\/uploads\\\/2025\\\/01\\\/Oris-Miss-Piggy-1.jpg\",\"datePublished\":\"2025-01-20T14:23:09+00:00\",\"dateModified\":\"2025-01-27T11:38:33+00:00\",\"description\":\"Descubre el Reloj Oris ProPilot X Miss Piggy Edition: una edici\u00f3n limitada que combina dise\u00f1o innovador y un homenaje \u00fanico a la icona de los Muppets.\",\"breadcrumb\":{\"@id\":\"https:\\\/\\\/maisonroca.ad\\\/es\\\/tienda\\\/reloj-oris-propilot-x-miss-piggy-edition-de-34-mm-de-acero\\\/#breadcrumb\"},\"inLanguage\":\"es\",\"potentialAction\":[{\"@type\":\"ReadAction\",\"target\":[\"https:\\\/\\\/maisonroca.ad\\\/es\\\/tienda\\\/reloj-oris-propilot-x-miss-piggy-edition-de-34-mm-de-acero\\\/\"]}]},{\"@type\":\"ImageObject\",\"inLanguage\":\"es\",\"@id\":\"https:\\\/\\\/maisonroca.ad\\\/es\\\/tienda\\\/reloj-oris-propilot-x-miss-piggy-edition-de-34-mm-de-acero\\\/#primaryimage\",\"url\":\"https:\\\/\\\/maisonroca.ad\\\/wp-content\\\/uploads\\\/2025\\\/01\\\/Oris-Miss-Piggy-1.jpg\",\"contentUrl\":\"https:\\\/\\\/maisonroca.ad\\\/wp-content\\\/uploads\\\/2025\\\/01\\\/Oris-Miss-Piggy-1.jpg\",\"width\":1080,\"height\":1080,\"caption\":\"maison-roca-andorra-oris-rellotges-propilot-x-miss-piggy-edicio-34-mm-automatic-acer-vermella-acer\"},{\"@type\":\"BreadcrumbList\",\"@id\":\"https:\\\/\\\/maisonroca.ad\\\/es\\\/tienda\\\/reloj-oris-propilot-x-miss-piggy-edition-de-34-mm-de-acero\\\/#breadcrumb\",\"itemListElement\":[{\"@type\":\"ListItem\",\"position\":1,\"name\":\"Portada\",\"item\":\"https:\\\/\\\/maisonroca.ad\\\/es\\\/\"},{\"@type\":\"ListItem\",\"position\":2,\"name\":\"Botiga\",\"item\":\"https:\\\/\\\/maisonroca.ad\\\/botiga\\\/\"},{\"@type\":\"ListItem\",\"position\":3,\"name\":\"RELOJ ORIS PROPILOT X MISS PIGGY EDITION DE 34 MM DE ACERO\"}]},{\"@type\":\"WebSite\",\"@id\":\"https:\\\/\\\/maisonroca.ad\\\/es\\\/#website\",\"url\":\"https:\\\/\\\/maisonroca.ad\\\/es\\\/\",\"name\":\"Maison Roca\",\"description\":\"Bold Luxury Life - joieria d&#039;autor - Andorra\",\"publisher\":{\"@id\":\"https:\\\/\\\/maisonroca.ad\\\/es\\\/#organization\"},\"potentialAction\":[{\"@type\":\"SearchAction\",\"target\":{\"@type\":\"EntryPoint\",\"urlTemplate\":\"https:\\\/\\\/maisonroca.ad\\\/es\\\/?s={search_term_string}\"},\"query-input\":{\"@type\":\"PropertyValueSpecification\",\"valueRequired\":true,\"valueName\":\"search_term_string\"}}],\"inLanguage\":\"es\"},{\"@type\":\"Organization\",\"@id\":\"https:\\\/\\\/maisonroca.ad\\\/es\\\/#organization\",\"name\":\"Maison Roca\",\"url\":\"https:\\\/\\\/maisonroca.ad\\\/es\\\/\",\"logo\":{\"@type\":\"ImageObject\",\"inLanguage\":\"es\",\"@id\":\"https:\\\/\\\/maisonroca.ad\\\/es\\\/#\\\/schema\\\/logo\\\/image\\\/\",\"url\":\"https:\\\/\\\/maisonroca.ad\\\/wp-content\\\/uploads\\\/2023\\\/10\\\/icono.png\",\"contentUrl\":\"https:\\\/\\\/maisonroca.ad\\\/wp-content\\\/uploads\\\/2023\\\/10\\\/icono.png\",\"width\":512,\"height\":512,\"caption\":\"Maison Roca\"},\"image\":{\"@id\":\"https:\\\/\\\/maisonroca.ad\\\/es\\\/#\\\/schema\\\/logo\\\/image\\\/\"},\"sameAs\":[\"https:\\\/\\\/www.facebook.com\\\/maisonroca\",\"https:\\\/\\\/www.instagram.com\\\/maisonroca\\\/\"]}]}<\/script>\n<meta property=\"product:price:amount\" content=\"2580.00\" \/>\n<meta property=\"product:price:currency\" content=\"EUR\" \/>\n<meta property=\"og:availability\" content=\"instock\" \/>\n<meta property=\"product:availability\" content=\"instock\" \/>\n<meta property=\"product:retailer_item_id\" content=\"01 531 7796 4158-07 8 17 05LC\" \/>\n<meta property=\"product:condition\" content=\"new\" \/>\n<!-- \/ Yoast SEO Premium plugin. -->","yoast_head_json":{"title":"RELOJ ORIS PROPILOT X MISS PIGGY EDITION","description":"Descubre el Reloj Oris ProPilot X Miss Piggy Edition: una edici\u00f3n limitada que combina dise\u00f1o innovador y un homenaje \u00fanico a la icona de los Muppets.","robots":{"index":"index","follow":"follow","max-snippet":"max-snippet:-1","max-image-preview":"max-image-preview:large","max-video-preview":"max-video-preview:-1"},"canonical":"https:\/\/maisonroca.ad\/es\/tienda\/reloj-oris-propilot-x-miss-piggy-edition-de-34-mm-de-acero\/","og_locale":"es_ES","og_type":"article","og_title":"RELOJ ORIS PROPILOT X MISS PIGGY EDITION DE 34 MM DE ACERO","og_description":"Descubre el Reloj Oris ProPilot X Miss Piggy Edition: una edici\u00f3n limitada que combina dise\u00f1o innovador y un homenaje \u00fanico a la icona de los Muppets.","og_url":"https:\/\/maisonroca.ad\/es\/tienda\/reloj-oris-propilot-x-miss-piggy-edition-de-34-mm-de-acero\/","og_site_name":"Maison Roca","article_publisher":"https:\/\/www.facebook.com\/maisonroca","article_modified_time":"2025-01-27T11:38:33+00:00","og_image":[{"width":1080,"height":1080,"url":"https:\/\/maisonroca.ad\/wp-content\/uploads\/2025\/01\/Oris-Miss-Piggy-1.jpg","type":"image\/jpeg"}],"twitter_card":"summary_large_image","twitter_misc":{"Precio":"2.580,00&nbsp;&euro;","Disponibilidad":"Disponible"},"schema":{"@context":"https:\/\/schema.org","@graph":[{"@type":"WebPage","@id":"https:\/\/maisonroca.ad\/es\/tienda\/reloj-oris-propilot-x-miss-piggy-edition-de-34-mm-de-acero\/","url":"https:\/\/maisonroca.ad\/es\/tienda\/reloj-oris-propilot-x-miss-piggy-edition-de-34-mm-de-acero\/","name":"RELOJ ORIS PROPILOT X MISS PIGGY EDITION","isPartOf":{"@id":"https:\/\/maisonroca.ad\/es\/#website"},"primaryImageOfPage":{"@id":"https:\/\/maisonroca.ad\/es\/tienda\/reloj-oris-propilot-x-miss-piggy-edition-de-34-mm-de-acero\/#primaryimage"},"image":{"@id":"https:\/\/maisonroca.ad\/es\/tienda\/reloj-oris-propilot-x-miss-piggy-edition-de-34-mm-de-acero\/#primaryimage"},"thumbnailUrl":"https:\/\/maisonroca.ad\/wp-content\/uploads\/2025\/01\/Oris-Miss-Piggy-1.jpg","datePublished":"2025-01-20T14:23:09+00:00","dateModified":"2025-01-27T11:38:33+00:00","description":"Descubre el Reloj Oris ProPilot X Miss Piggy Edition: una edici\u00f3n limitada que combina dise\u00f1o innovador y un homenaje \u00fanico a la icona de los Muppets.","breadcrumb":{"@id":"https:\/\/maisonroca.ad\/es\/tienda\/reloj-oris-propilot-x-miss-piggy-edition-de-34-mm-de-acero\/#breadcrumb"},"inLanguage":"es","potentialAction":[{"@type":"ReadAction","target":["https:\/\/maisonroca.ad\/es\/tienda\/reloj-oris-propilot-x-miss-piggy-edition-de-34-mm-de-acero\/"]}]},{"@type":"ImageObject","inLanguage":"es","@id":"https:\/\/maisonroca.ad\/es\/tienda\/reloj-oris-propilot-x-miss-piggy-edition-de-34-mm-de-acero\/#primaryimage","url":"https:\/\/maisonroca.ad\/wp-content\/uploads\/2025\/01\/Oris-Miss-Piggy-1.jpg","contentUrl":"https:\/\/maisonroca.ad\/wp-content\/uploads\/2025\/01\/Oris-Miss-Piggy-1.jpg","width":1080,"height":1080,"caption":"maison-roca-andorra-oris-rellotges-propilot-x-miss-piggy-edicio-34-mm-automatic-acer-vermella-acer"},{"@type":"BreadcrumbList","@id":"https:\/\/maisonroca.ad\/es\/tienda\/reloj-oris-propilot-x-miss-piggy-edition-de-34-mm-de-acero\/#breadcrumb","itemListElement":[{"@type":"ListItem","position":1,"name":"Portada","item":"https:\/\/maisonroca.ad\/es\/"},{"@type":"ListItem","position":2,"name":"Botiga","item":"https:\/\/maisonroca.ad\/botiga\/"},{"@type":"ListItem","position":3,"name":"RELOJ ORIS PROPILOT X MISS PIGGY EDITION DE 34 MM DE ACERO"}]},{"@type":"WebSite","@id":"https:\/\/maisonroca.ad\/es\/#website","url":"https:\/\/maisonroca.ad\/es\/","name":"Maison Roca","description":"Bold Luxury Life - joieria d&#039;autor - Andorra","publisher":{"@id":"https:\/\/maisonroca.ad\/es\/#organization"},"potentialAction":[{"@type":"SearchAction","target":{"@type":"EntryPoint","urlTemplate":"https:\/\/maisonroca.ad\/es\/?s={search_term_string}"},"query-input":{"@type":"PropertyValueSpecification","valueRequired":true,"valueName":"search_term_string"}}],"inLanguage":"es"},{"@type":"Organization","@id":"https:\/\/maisonroca.ad\/es\/#organization","name":"Maison Roca","url":"https:\/\/maisonroca.ad\/es\/","logo":{"@type":"ImageObject","inLanguage":"es","@id":"https:\/\/maisonroca.ad\/es\/#\/schema\/logo\/image\/","url":"https:\/\/maisonroca.ad\/wp-content\/uploads\/2023\/10\/icono.png","contentUrl":"https:\/\/maisonroca.ad\/wp-content\/uploads\/2023\/10\/icono.png","width":512,"height":512,"caption":"Maison Roca"},"image":{"@id":"https:\/\/maisonroca.ad\/es\/#\/schema\/logo\/image\/"},"sameAs":["https:\/\/www.facebook.com\/maisonroca","https:\/\/www.instagram.com\/maisonroca\/"]}]},"product_price_amount":"2580.00","product_price_currency":"EUR","og_availability":"instock","product_availability":"instock","product_retailer_item_id":"01 531 7796 4158-07 8 17 05LC","product_condition":"new"},"_links":{"self":[{"href":"https:\/\/maisonroca.ad\/es\/wp-json\/wp\/v2\/product\/69441","targetHints":{"allow":["GET"]}}],"collection":[{"href":"https:\/\/maisonroca.ad\/es\/wp-json\/wp\/v2\/product"}],"about":[{"href":"https:\/\/maisonroca.ad\/es\/wp-json\/wp\/v2\/types\/product"}],"replies":[{"embeddable":true,"href":"https:\/\/maisonroca.ad\/es\/wp-json\/wp\/v2\/comments?post=69441"}],"version-history":[{"count":3,"href":"https:\/\/maisonroca.ad\/es\/wp-json\/wp\/v2\/product\/69441\/revisions"}],"predecessor-version":[{"id":69500,"href":"https:\/\/maisonroca.ad\/es\/wp-json\/wp\/v2\/product\/69441\/revisions\/69500"}],"wp:featuredmedia":[{"embeddable":true,"href":"https:\/\/maisonroca.ad\/es\/wp-json\/wp\/v2\/media\/69435"}],"wp:attachment":[{"href":"https:\/\/maisonroca.ad\/es\/wp-json\/wp\/v2\/media?parent=69441"}],"wp:term":[{"taxonomy":"product_brand","embeddable":true,"href":"https:\/\/maisonroca.ad\/es\/wp-json\/wp\/v2\/product_brand?post=69441"},{"taxonomy":"product_cat","embeddable":true,"href":"https:\/\/maisonroca.ad\/es\/wp-json\/wp\/v2\/product_cat?post=69441"},{"taxonomy":"product_tag","embeddable":true,"href":"https:\/\/maisonroca.ad\/es\/wp-json\/wp\/v2\/product_tag?post=69441"}],"curies":[{"name":"wp","href":"https:\/\/api.w.org\/{rel}","templated":true}]}}