{"id":69966,"date":"2025-02-05T10:39:12","date_gmt":"2025-02-05T09:39:12","guid":{"rendered":"https:\/\/maisonroca.ad\/?post_type=product&#038;p=69966"},"modified":"2025-09-08T17:02:33","modified_gmt":"2025-09-08T15:02:33","slug":"collar-dodo-corazon-oro-rosa-plata","status":"publish","type":"product","link":"https:\/\/maisonroca.ad\/es\/tienda\/collar-dodo-corazon-oro-rosa-plata\/","title":{"rendered":"COLLAR DoDo 40CM CORAZONES ORO ROSA Y PLATA"},"content":{"rendered":"<p>El collar DoDo de 40 cm con corazones de oro rosa y plata es una aut\u00e9ntica expresi\u00f3n de amor, incluyendo el amor propio.<\/p>\n<p>Orgulloso, valiente y lleno de iron\u00eda, el amor seg\u00fan DoDo se presenta sin restricciones ni l\u00edmites, libre para mostrarse en toda su unicidad. Desde colgantes hasta anillos y pendientes, descubre el mensaje de amor que mejor te representa.<\/p>\n<p>&nbsp;<\/p>\n<p>Detalles:<\/p>\n<ul>\n<li>Oro rosa 9k<\/li>\n<li>Plata 2,80 g<\/li>\n<\/ul>\n","protected":false},"excerpt":{"rendered":"<p>El collar DoDo de 40 cm con corazones de oro rosa y plata es una aut\u00e9ntica expresi\u00f3n de amor, incluyendo el amor propio.<\/p>\n","protected":false},"featured_media":69953,"comment_status":"open","ping_status":"closed","template":"","meta":{"_acf_changed":false,"_monsterinsights_skip_tracking":false,"_monsterinsights_sitenote_active":false,"_monsterinsights_sitenote_note":"","_monsterinsights_sitenote_category":0},"product_brand":[],"product_cat":[1242,1217],"product_tag":[1637,2166,1572,1649],"class_list":{"0":"post-69966","1":"product","2":"type-product","3":"status-publish","4":"has-post-thumbnail","6":"product_cat-dodo-es","7":"product_cat-joyas","8":"product_tag-collares","9":"product_tag-dodo-2","10":"product_tag-oro-rosa","11":"product_tag-plata","13":"first","14":"instock","15":"shipping-taxable","16":"purchasable","17":"product-type-simple"},"acf":[],"yoast_head":"<!-- This site is optimized with the Yoast SEO Premium plugin v26.8 (Yoast SEO v27.4) - https:\/\/yoast.com\/product\/yoast-seo-premium-wordpress\/ -->\n<title>Collar DoDo Coraz\u00f3n Oro Rosa y Plata \u2013Maison Roca<\/title>\n<meta name=\"description\" content=\"Descubre el collar DoDo de corazones en Maison Roca. Esta pieza tiene un toque rom\u00e1ntico y elegante en oro rosa y plata para resaltar tu personalidad.\" \/>\n<meta name=\"robots\" content=\"index, follow, max-snippet:-1, max-image-preview:large, max-video-preview:-1\" \/>\n<link rel=\"canonical\" href=\"https:\/\/maisonroca.ad\/es\/tienda\/collar-dodo-corazon-oro-rosa-plata\/\" \/>\n<meta property=\"og:locale\" content=\"es_ES\" \/>\n<meta property=\"og:type\" content=\"article\" \/>\n<meta property=\"og:title\" content=\"COLLAR DoDo 40CM CORAZONES ORO ROSA Y PLATA\" \/>\n<meta property=\"og:description\" content=\"Descubre el collar DoDo de corazones en Maison Roca. Esta pieza tiene un toque rom\u00e1ntico y elegante en oro rosa y plata para resaltar tu personalidad.\" \/>\n<meta property=\"og:url\" content=\"https:\/\/maisonroca.ad\/es\/tienda\/collar-dodo-corazon-oro-rosa-plata\/\" \/>\n<meta property=\"og:site_name\" content=\"Maison Roca\" \/>\n<meta property=\"article:publisher\" content=\"https:\/\/www.facebook.com\/maisonroca\" \/>\n<meta property=\"article:modified_time\" content=\"2025-09-08T15:02:33+00:00\" \/>\n<meta property=\"og:image\" content=\"https:\/\/maisonroca.ad\/wp-content\/uploads\/2025\/02\/dcc5000-heart-0009a.jpg\" \/>\n\t<meta property=\"og:image:width\" content=\"1080\" \/>\n\t<meta property=\"og:image:height\" content=\"1080\" \/>\n\t<meta property=\"og:image:type\" content=\"image\/jpeg\" \/>\n<meta name=\"twitter:card\" content=\"summary_large_image\" \/>\n<meta name=\"twitter:label1\" content=\"Precio\" \/>\n\t<meta name=\"twitter:data1\" content=\"441,00&nbsp;&euro;\" \/>\n\t<meta name=\"twitter:label2\" content=\"Disponibilidad\" \/>\n\t<meta name=\"twitter:data2\" content=\"Disponible\" \/>\n<script type=\"application\/ld+json\" class=\"yoast-schema-graph\">{\"@context\":\"https:\\\/\\\/schema.org\",\"@graph\":[{\"@type\":\"WebPage\",\"@id\":\"https:\\\/\\\/maisonroca.ad\\\/es\\\/tienda\\\/collar-dodo-corazon-oro-rosa-plata\\\/\",\"url\":\"https:\\\/\\\/maisonroca.ad\\\/es\\\/tienda\\\/collar-dodo-corazon-oro-rosa-plata\\\/\",\"name\":\"Collar DoDo Coraz\u00f3n Oro Rosa y Plata \u2013Maison Roca\",\"isPartOf\":{\"@id\":\"https:\\\/\\\/maisonroca.ad\\\/es\\\/#website\"},\"primaryImageOfPage\":{\"@id\":\"https:\\\/\\\/maisonroca.ad\\\/es\\\/tienda\\\/collar-dodo-corazon-oro-rosa-plata\\\/#primaryimage\"},\"image\":{\"@id\":\"https:\\\/\\\/maisonroca.ad\\\/es\\\/tienda\\\/collar-dodo-corazon-oro-rosa-plata\\\/#primaryimage\"},\"thumbnailUrl\":\"https:\\\/\\\/maisonroca.ad\\\/wp-content\\\/uploads\\\/2025\\\/02\\\/dcc5000-heart-0009a.jpg\",\"datePublished\":\"2025-02-05T09:39:12+00:00\",\"dateModified\":\"2025-09-08T15:02:33+00:00\",\"description\":\"Descubre el collar DoDo de corazones en Maison Roca. Esta pieza tiene un toque rom\u00e1ntico y elegante en oro rosa y plata para resaltar tu personalidad.\",\"breadcrumb\":{\"@id\":\"https:\\\/\\\/maisonroca.ad\\\/es\\\/tienda\\\/collar-dodo-corazon-oro-rosa-plata\\\/#breadcrumb\"},\"inLanguage\":\"es\",\"potentialAction\":[{\"@type\":\"ReadAction\",\"target\":[\"https:\\\/\\\/maisonroca.ad\\\/es\\\/tienda\\\/collar-dodo-corazon-oro-rosa-plata\\\/\"]}]},{\"@type\":\"ImageObject\",\"inLanguage\":\"es\",\"@id\":\"https:\\\/\\\/maisonroca.ad\\\/es\\\/tienda\\\/collar-dodo-corazon-oro-rosa-plata\\\/#primaryimage\",\"url\":\"https:\\\/\\\/maisonroca.ad\\\/wp-content\\\/uploads\\\/2025\\\/02\\\/dcc5000-heart-0009a.jpg\",\"contentUrl\":\"https:\\\/\\\/maisonroca.ad\\\/wp-content\\\/uploads\\\/2025\\\/02\\\/dcc5000-heart-0009a.jpg\",\"width\":1080,\"height\":1080,\"caption\":\"maison-roca-andorra-dodo-collar-40-cm-cors-or-rosa-argent\"},{\"@type\":\"BreadcrumbList\",\"@id\":\"https:\\\/\\\/maisonroca.ad\\\/es\\\/tienda\\\/collar-dodo-corazon-oro-rosa-plata\\\/#breadcrumb\",\"itemListElement\":[{\"@type\":\"ListItem\",\"position\":1,\"name\":\"Portada\",\"item\":\"https:\\\/\\\/maisonroca.ad\\\/es\\\/\"},{\"@type\":\"ListItem\",\"position\":2,\"name\":\"Botiga\",\"item\":\"https:\\\/\\\/maisonroca.ad\\\/botiga\\\/\"},{\"@type\":\"ListItem\",\"position\":3,\"name\":\"COLLAR DoDo 40CM CORAZONES ORO ROSA Y PLATA\"}]},{\"@type\":\"WebSite\",\"@id\":\"https:\\\/\\\/maisonroca.ad\\\/es\\\/#website\",\"url\":\"https:\\\/\\\/maisonroca.ad\\\/es\\\/\",\"name\":\"Maison Roca\",\"description\":\"Bold Luxury Life - joieria d&#039;autor - Andorra\",\"publisher\":{\"@id\":\"https:\\\/\\\/maisonroca.ad\\\/es\\\/#organization\"},\"potentialAction\":[{\"@type\":\"SearchAction\",\"target\":{\"@type\":\"EntryPoint\",\"urlTemplate\":\"https:\\\/\\\/maisonroca.ad\\\/es\\\/?s={search_term_string}\"},\"query-input\":{\"@type\":\"PropertyValueSpecification\",\"valueRequired\":true,\"valueName\":\"search_term_string\"}}],\"inLanguage\":\"es\"},{\"@type\":\"Organization\",\"@id\":\"https:\\\/\\\/maisonroca.ad\\\/es\\\/#organization\",\"name\":\"Maison Roca\",\"url\":\"https:\\\/\\\/maisonroca.ad\\\/es\\\/\",\"logo\":{\"@type\":\"ImageObject\",\"inLanguage\":\"es\",\"@id\":\"https:\\\/\\\/maisonroca.ad\\\/es\\\/#\\\/schema\\\/logo\\\/image\\\/\",\"url\":\"https:\\\/\\\/maisonroca.ad\\\/wp-content\\\/uploads\\\/2023\\\/10\\\/icono.png\",\"contentUrl\":\"https:\\\/\\\/maisonroca.ad\\\/wp-content\\\/uploads\\\/2023\\\/10\\\/icono.png\",\"width\":512,\"height\":512,\"caption\":\"Maison Roca\"},\"image\":{\"@id\":\"https:\\\/\\\/maisonroca.ad\\\/es\\\/#\\\/schema\\\/logo\\\/image\\\/\"},\"sameAs\":[\"https:\\\/\\\/www.facebook.com\\\/maisonroca\",\"https:\\\/\\\/www.instagram.com\\\/maisonroca\\\/\"]}]}<\/script>\n<meta property=\"product:price:amount\" content=\"441.00\" \/>\n<meta property=\"product:price:currency\" content=\"EUR\" \/>\n<meta property=\"og:availability\" content=\"instock\" \/>\n<meta property=\"product:availability\" content=\"instock\" \/>\n<meta property=\"product:retailer_item_id\" content=\"DCC5000-HEART-0009A\" \/>\n<meta property=\"product:condition\" content=\"new\" \/>\n<!-- \/ Yoast SEO Premium plugin. -->","yoast_head_json":{"title":"Collar DoDo Coraz\u00f3n Oro Rosa y Plata \u2013Maison Roca","description":"Descubre el collar DoDo de corazones en Maison Roca. Esta pieza tiene un toque rom\u00e1ntico y elegante en oro rosa y plata para resaltar tu personalidad.","robots":{"index":"index","follow":"follow","max-snippet":"max-snippet:-1","max-image-preview":"max-image-preview:large","max-video-preview":"max-video-preview:-1"},"canonical":"https:\/\/maisonroca.ad\/es\/tienda\/collar-dodo-corazon-oro-rosa-plata\/","og_locale":"es_ES","og_type":"article","og_title":"COLLAR DoDo 40CM CORAZONES ORO ROSA Y PLATA","og_description":"Descubre el collar DoDo de corazones en Maison Roca. Esta pieza tiene un toque rom\u00e1ntico y elegante en oro rosa y plata para resaltar tu personalidad.","og_url":"https:\/\/maisonroca.ad\/es\/tienda\/collar-dodo-corazon-oro-rosa-plata\/","og_site_name":"Maison Roca","article_publisher":"https:\/\/www.facebook.com\/maisonroca","article_modified_time":"2025-09-08T15:02:33+00:00","og_image":[{"width":1080,"height":1080,"url":"https:\/\/maisonroca.ad\/wp-content\/uploads\/2025\/02\/dcc5000-heart-0009a.jpg","type":"image\/jpeg"}],"twitter_card":"summary_large_image","twitter_misc":{"Precio":"441,00&nbsp;&euro;","Disponibilidad":"Disponible"},"schema":{"@context":"https:\/\/schema.org","@graph":[{"@type":"WebPage","@id":"https:\/\/maisonroca.ad\/es\/tienda\/collar-dodo-corazon-oro-rosa-plata\/","url":"https:\/\/maisonroca.ad\/es\/tienda\/collar-dodo-corazon-oro-rosa-plata\/","name":"Collar DoDo Coraz\u00f3n Oro Rosa y Plata \u2013Maison Roca","isPartOf":{"@id":"https:\/\/maisonroca.ad\/es\/#website"},"primaryImageOfPage":{"@id":"https:\/\/maisonroca.ad\/es\/tienda\/collar-dodo-corazon-oro-rosa-plata\/#primaryimage"},"image":{"@id":"https:\/\/maisonroca.ad\/es\/tienda\/collar-dodo-corazon-oro-rosa-plata\/#primaryimage"},"thumbnailUrl":"https:\/\/maisonroca.ad\/wp-content\/uploads\/2025\/02\/dcc5000-heart-0009a.jpg","datePublished":"2025-02-05T09:39:12+00:00","dateModified":"2025-09-08T15:02:33+00:00","description":"Descubre el collar DoDo de corazones en Maison Roca. Esta pieza tiene un toque rom\u00e1ntico y elegante en oro rosa y plata para resaltar tu personalidad.","breadcrumb":{"@id":"https:\/\/maisonroca.ad\/es\/tienda\/collar-dodo-corazon-oro-rosa-plata\/#breadcrumb"},"inLanguage":"es","potentialAction":[{"@type":"ReadAction","target":["https:\/\/maisonroca.ad\/es\/tienda\/collar-dodo-corazon-oro-rosa-plata\/"]}]},{"@type":"ImageObject","inLanguage":"es","@id":"https:\/\/maisonroca.ad\/es\/tienda\/collar-dodo-corazon-oro-rosa-plata\/#primaryimage","url":"https:\/\/maisonroca.ad\/wp-content\/uploads\/2025\/02\/dcc5000-heart-0009a.jpg","contentUrl":"https:\/\/maisonroca.ad\/wp-content\/uploads\/2025\/02\/dcc5000-heart-0009a.jpg","width":1080,"height":1080,"caption":"maison-roca-andorra-dodo-collar-40-cm-cors-or-rosa-argent"},{"@type":"BreadcrumbList","@id":"https:\/\/maisonroca.ad\/es\/tienda\/collar-dodo-corazon-oro-rosa-plata\/#breadcrumb","itemListElement":[{"@type":"ListItem","position":1,"name":"Portada","item":"https:\/\/maisonroca.ad\/es\/"},{"@type":"ListItem","position":2,"name":"Botiga","item":"https:\/\/maisonroca.ad\/botiga\/"},{"@type":"ListItem","position":3,"name":"COLLAR DoDo 40CM CORAZONES ORO ROSA Y PLATA"}]},{"@type":"WebSite","@id":"https:\/\/maisonroca.ad\/es\/#website","url":"https:\/\/maisonroca.ad\/es\/","name":"Maison Roca","description":"Bold Luxury Life - joieria d&#039;autor - Andorra","publisher":{"@id":"https:\/\/maisonroca.ad\/es\/#organization"},"potentialAction":[{"@type":"SearchAction","target":{"@type":"EntryPoint","urlTemplate":"https:\/\/maisonroca.ad\/es\/?s={search_term_string}"},"query-input":{"@type":"PropertyValueSpecification","valueRequired":true,"valueName":"search_term_string"}}],"inLanguage":"es"},{"@type":"Organization","@id":"https:\/\/maisonroca.ad\/es\/#organization","name":"Maison Roca","url":"https:\/\/maisonroca.ad\/es\/","logo":{"@type":"ImageObject","inLanguage":"es","@id":"https:\/\/maisonroca.ad\/es\/#\/schema\/logo\/image\/","url":"https:\/\/maisonroca.ad\/wp-content\/uploads\/2023\/10\/icono.png","contentUrl":"https:\/\/maisonroca.ad\/wp-content\/uploads\/2023\/10\/icono.png","width":512,"height":512,"caption":"Maison Roca"},"image":{"@id":"https:\/\/maisonroca.ad\/es\/#\/schema\/logo\/image\/"},"sameAs":["https:\/\/www.facebook.com\/maisonroca","https:\/\/www.instagram.com\/maisonroca\/"]}]},"product_price_amount":"441.00","product_price_currency":"EUR","og_availability":"instock","product_availability":"instock","product_retailer_item_id":"DCC5000-HEART-0009A","product_condition":"new"},"_links":{"self":[{"href":"https:\/\/maisonroca.ad\/es\/wp-json\/wp\/v2\/product\/69966","targetHints":{"allow":["GET"]}}],"collection":[{"href":"https:\/\/maisonroca.ad\/es\/wp-json\/wp\/v2\/product"}],"about":[{"href":"https:\/\/maisonroca.ad\/es\/wp-json\/wp\/v2\/types\/product"}],"replies":[{"embeddable":true,"href":"https:\/\/maisonroca.ad\/es\/wp-json\/wp\/v2\/comments?post=69966"}],"version-history":[{"count":1,"href":"https:\/\/maisonroca.ad\/es\/wp-json\/wp\/v2\/product\/69966\/revisions"}],"predecessor-version":[{"id":69967,"href":"https:\/\/maisonroca.ad\/es\/wp-json\/wp\/v2\/product\/69966\/revisions\/69967"}],"wp:featuredmedia":[{"embeddable":true,"href":"https:\/\/maisonroca.ad\/es\/wp-json\/wp\/v2\/media\/69953"}],"wp:attachment":[{"href":"https:\/\/maisonroca.ad\/es\/wp-json\/wp\/v2\/media?parent=69966"}],"wp:term":[{"taxonomy":"product_brand","embeddable":true,"href":"https:\/\/maisonroca.ad\/es\/wp-json\/wp\/v2\/product_brand?post=69966"},{"taxonomy":"product_cat","embeddable":true,"href":"https:\/\/maisonroca.ad\/es\/wp-json\/wp\/v2\/product_cat?post=69966"},{"taxonomy":"product_tag","embeddable":true,"href":"https:\/\/maisonroca.ad\/es\/wp-json\/wp\/v2\/product_tag?post=69966"}],"curies":[{"name":"wp","href":"https:\/\/api.w.org\/{rel}","templated":true}]}}