{"id":70214,"date":"2025-02-10T16:38:31","date_gmt":"2025-02-10T15:38:31","guid":{"rendered":"https:\/\/maisonroca.ad\/?post_type=product&#038;p=70214"},"modified":"2025-02-10T16:41:31","modified_gmt":"2025-02-10T15:41:31","slug":"reloj-garmin-fenix-8-solar-sapphire-de-47-mm-de-titanio-y-silicona","status":"publish","type":"product","link":"https:\/\/maisonroca.ad\/es\/tienda\/reloj-garmin-fenix-8-solar-sapphire-de-47-mm-de-titanio-y-silicona\/","title":{"rendered":"RELOJ GARMIN FENIX 8 SOLAR SAPPHIRE DE 47 MM DE TITANIO Y SILICONA"},"content":{"rendered":"<p>Reloj Garmin Fenix 8 Solar Sapphire de 47 mm de di\u00e1metro, con caja de titanio y correa de silicona. Es ideal para deportistas profesionales y aventureros que quieren superar sus l\u00edmites. Este smartwatch incluye GPS y funciones avanzadas de entrenamiento de fuerza, adem\u00e1s de resistencia al agua, un altavoz y un micr\u00f3fono integrados para funciones de voz, una linterna LED integrada y una autonom\u00eda de bater\u00eda de hasta 28 d\u00edas gracias al cristal de carga solar Power Sapphire.<\/p>\n<p>&nbsp;<\/p>\n<p>Detalles:<\/p>\n<ul>\n<li>Linterna LED brillante<\/li>\n<li>Hasta 22 d\u00edas de autonom\u00eda de la bater\u00eda<\/li>\n<li>M\u00e9tricas de entrenamiento avanzadas e informaci\u00f3n de recuperaci\u00f3n<\/li>\n<li>Tecnolog\u00eda SATIQ y GPS multibanda<\/li>\n<\/ul>\n","protected":false},"excerpt":{"rendered":"<p>Reloj Garmin Fenix 8 Solar Sapphire de 47 mm de di\u00e1metro, con caja de titanio y correa de silicona. Es ideal para deportistas profesionales y aventureros que quieren superar sus l\u00edmites.<\/p>\n","protected":false},"featured_media":70212,"comment_status":"open","ping_status":"closed","template":"","meta":{"_acf_changed":false,"_monsterinsights_skip_tracking":false,"_monsterinsights_sitenote_active":false,"_monsterinsights_sitenote_note":"","_monsterinsights_sitenote_category":0},"product_brand":[],"product_cat":[1226,1218],"product_tag":[2236,4070,2412,2243,1614],"class_list":{"0":"post-70214","1":"product","2":"type-product","3":"status-publish","4":"has-post-thumbnail","6":"product_cat-garmin-es","7":"product_cat-relojes","8":"product_tag-garmin-3","9":"product_tag-rellotge","10":"product_tag-silicona-2","11":"product_tag-solar-2","12":"product_tag-titanio","14":"first","15":"instock","16":"shipping-taxable","17":"purchasable","18":"product-type-simple"},"acf":[],"yoast_head":"<!-- This site is optimized with the Yoast SEO Premium plugin v26.8 (Yoast SEO v27.3) - https:\/\/yoast.com\/product\/yoast-seo-premium-wordpress\/ -->\n<title>RELOJ GARMIN FENIX 8 SOLAR SAPPHIRE DE 47 MM<\/title>\n<meta name=\"description\" content=\"Descubre el reloj Garmin Fenix 8 Solar, dise\u00f1ado para deportistas y aventureros. Con una caja de titanio y correa de silicona.\" \/>\n<meta name=\"robots\" content=\"index, follow, max-snippet:-1, max-image-preview:large, max-video-preview:-1\" \/>\n<link rel=\"canonical\" href=\"https:\/\/maisonroca.ad\/es\/tienda\/reloj-garmin-fenix-8-solar-sapphire-de-47-mm-de-titanio-y-silicona\/\" \/>\n<meta property=\"og:locale\" content=\"es_ES\" \/>\n<meta property=\"og:type\" content=\"article\" \/>\n<meta property=\"og:title\" content=\"RELOJ GARMIN FENIX 8 SOLAR SAPPHIRE DE 47 MM DE TITANIO Y SILICONA\" \/>\n<meta property=\"og:description\" content=\"Descubre el reloj Garmin Fenix 8 Solar, dise\u00f1ado para deportistas y aventureros. Con una caja de titanio y correa de silicona.\" \/>\n<meta property=\"og:url\" content=\"https:\/\/maisonroca.ad\/es\/tienda\/reloj-garmin-fenix-8-solar-sapphire-de-47-mm-de-titanio-y-silicona\/\" \/>\n<meta property=\"og:site_name\" content=\"Maison Roca\" \/>\n<meta property=\"article:publisher\" content=\"https:\/\/www.facebook.com\/maisonroca\" \/>\n<meta property=\"article:modified_time\" content=\"2025-02-10T15:41:31+00:00\" \/>\n<meta property=\"og:image\" content=\"https:\/\/maisonroca.ad\/wp-content\/uploads\/2025\/02\/010-02906-11.jpg\" \/>\n\t<meta property=\"og:image:width\" content=\"1080\" \/>\n\t<meta property=\"og:image:height\" content=\"1080\" \/>\n\t<meta property=\"og:image:type\" content=\"image\/jpeg\" \/>\n<meta name=\"twitter:card\" content=\"summary_large_image\" \/>\n<meta name=\"twitter:label1\" content=\"Precio\" \/>\n\t<meta name=\"twitter:data1\" content=\"935,00&nbsp;&euro;\" \/>\n\t<meta name=\"twitter:label2\" content=\"Disponibilidad\" \/>\n\t<meta name=\"twitter:data2\" content=\"Disponible\" \/>\n<script type=\"application\/ld+json\" class=\"yoast-schema-graph\">{\"@context\":\"https:\\\/\\\/schema.org\",\"@graph\":[{\"@type\":\"WebPage\",\"@id\":\"https:\\\/\\\/maisonroca.ad\\\/es\\\/tienda\\\/reloj-garmin-fenix-8-solar-sapphire-de-47-mm-de-titanio-y-silicona\\\/\",\"url\":\"https:\\\/\\\/maisonroca.ad\\\/es\\\/tienda\\\/reloj-garmin-fenix-8-solar-sapphire-de-47-mm-de-titanio-y-silicona\\\/\",\"name\":\"RELOJ GARMIN FENIX 8 SOLAR SAPPHIRE DE 47 MM\",\"isPartOf\":{\"@id\":\"https:\\\/\\\/maisonroca.ad\\\/es\\\/#website\"},\"primaryImageOfPage\":{\"@id\":\"https:\\\/\\\/maisonroca.ad\\\/es\\\/tienda\\\/reloj-garmin-fenix-8-solar-sapphire-de-47-mm-de-titanio-y-silicona\\\/#primaryimage\"},\"image\":{\"@id\":\"https:\\\/\\\/maisonroca.ad\\\/es\\\/tienda\\\/reloj-garmin-fenix-8-solar-sapphire-de-47-mm-de-titanio-y-silicona\\\/#primaryimage\"},\"thumbnailUrl\":\"https:\\\/\\\/maisonroca.ad\\\/wp-content\\\/uploads\\\/2025\\\/02\\\/010-02906-11.jpg\",\"datePublished\":\"2025-02-10T15:38:31+00:00\",\"dateModified\":\"2025-02-10T15:41:31+00:00\",\"description\":\"Descubre el reloj Garmin Fenix 8 Solar, dise\u00f1ado para deportistas y aventureros. Con una caja de titanio y correa de silicona.\",\"breadcrumb\":{\"@id\":\"https:\\\/\\\/maisonroca.ad\\\/es\\\/tienda\\\/reloj-garmin-fenix-8-solar-sapphire-de-47-mm-de-titanio-y-silicona\\\/#breadcrumb\"},\"inLanguage\":\"es\",\"potentialAction\":[{\"@type\":\"ReadAction\",\"target\":[\"https:\\\/\\\/maisonroca.ad\\\/es\\\/tienda\\\/reloj-garmin-fenix-8-solar-sapphire-de-47-mm-de-titanio-y-silicona\\\/\"]}]},{\"@type\":\"ImageObject\",\"inLanguage\":\"es\",\"@id\":\"https:\\\/\\\/maisonroca.ad\\\/es\\\/tienda\\\/reloj-garmin-fenix-8-solar-sapphire-de-47-mm-de-titanio-y-silicona\\\/#primaryimage\",\"url\":\"https:\\\/\\\/maisonroca.ad\\\/wp-content\\\/uploads\\\/2025\\\/02\\\/010-02906-11.jpg\",\"contentUrl\":\"https:\\\/\\\/maisonroca.ad\\\/wp-content\\\/uploads\\\/2025\\\/02\\\/010-02906-11.jpg\",\"width\":1080,\"height\":1080,\"caption\":\"maison-roca-andorra-garmin-rellotge-fenix-8-47-mm-solar-sapphire-titani-negra-silicona\"},{\"@type\":\"BreadcrumbList\",\"@id\":\"https:\\\/\\\/maisonroca.ad\\\/es\\\/tienda\\\/reloj-garmin-fenix-8-solar-sapphire-de-47-mm-de-titanio-y-silicona\\\/#breadcrumb\",\"itemListElement\":[{\"@type\":\"ListItem\",\"position\":1,\"name\":\"Portada\",\"item\":\"https:\\\/\\\/maisonroca.ad\\\/es\\\/\"},{\"@type\":\"ListItem\",\"position\":2,\"name\":\"Botiga\",\"item\":\"https:\\\/\\\/maisonroca.ad\\\/botiga\\\/\"},{\"@type\":\"ListItem\",\"position\":3,\"name\":\"RELOJ GARMIN FENIX 8 SOLAR SAPPHIRE DE 47 MM DE TITANIO Y SILICONA\"}]},{\"@type\":\"WebSite\",\"@id\":\"https:\\\/\\\/maisonroca.ad\\\/es\\\/#website\",\"url\":\"https:\\\/\\\/maisonroca.ad\\\/es\\\/\",\"name\":\"Maison Roca\",\"description\":\"Bold Luxury Life - joieria d&#039;autor - Andorra\",\"publisher\":{\"@id\":\"https:\\\/\\\/maisonroca.ad\\\/es\\\/#organization\"},\"potentialAction\":[{\"@type\":\"SearchAction\",\"target\":{\"@type\":\"EntryPoint\",\"urlTemplate\":\"https:\\\/\\\/maisonroca.ad\\\/es\\\/?s={search_term_string}\"},\"query-input\":{\"@type\":\"PropertyValueSpecification\",\"valueRequired\":true,\"valueName\":\"search_term_string\"}}],\"inLanguage\":\"es\"},{\"@type\":\"Organization\",\"@id\":\"https:\\\/\\\/maisonroca.ad\\\/es\\\/#organization\",\"name\":\"Maison Roca\",\"url\":\"https:\\\/\\\/maisonroca.ad\\\/es\\\/\",\"logo\":{\"@type\":\"ImageObject\",\"inLanguage\":\"es\",\"@id\":\"https:\\\/\\\/maisonroca.ad\\\/es\\\/#\\\/schema\\\/logo\\\/image\\\/\",\"url\":\"https:\\\/\\\/maisonroca.ad\\\/wp-content\\\/uploads\\\/2023\\\/10\\\/icono.png\",\"contentUrl\":\"https:\\\/\\\/maisonroca.ad\\\/wp-content\\\/uploads\\\/2023\\\/10\\\/icono.png\",\"width\":512,\"height\":512,\"caption\":\"Maison Roca\"},\"image\":{\"@id\":\"https:\\\/\\\/maisonroca.ad\\\/es\\\/#\\\/schema\\\/logo\\\/image\\\/\"},\"sameAs\":[\"https:\\\/\\\/www.facebook.com\\\/maisonroca\",\"https:\\\/\\\/www.instagram.com\\\/maisonroca\\\/\"]}]}<\/script>\n<meta property=\"product:price:amount\" content=\"935.00\" \/>\n<meta property=\"product:price:currency\" content=\"EUR\" \/>\n<meta property=\"og:availability\" content=\"instock\" \/>\n<meta property=\"product:availability\" content=\"instock\" \/>\n<meta property=\"product:retailer_item_id\" content=\"010-02906-11\" \/>\n<meta property=\"product:condition\" content=\"new\" \/>\n<!-- \/ Yoast SEO Premium plugin. -->","yoast_head_json":{"title":"RELOJ GARMIN FENIX 8 SOLAR SAPPHIRE DE 47 MM","description":"Descubre el reloj Garmin Fenix 8 Solar, dise\u00f1ado para deportistas y aventureros. Con una caja de titanio y correa de silicona.","robots":{"index":"index","follow":"follow","max-snippet":"max-snippet:-1","max-image-preview":"max-image-preview:large","max-video-preview":"max-video-preview:-1"},"canonical":"https:\/\/maisonroca.ad\/es\/tienda\/reloj-garmin-fenix-8-solar-sapphire-de-47-mm-de-titanio-y-silicona\/","og_locale":"es_ES","og_type":"article","og_title":"RELOJ GARMIN FENIX 8 SOLAR SAPPHIRE DE 47 MM DE TITANIO Y SILICONA","og_description":"Descubre el reloj Garmin Fenix 8 Solar, dise\u00f1ado para deportistas y aventureros. Con una caja de titanio y correa de silicona.","og_url":"https:\/\/maisonroca.ad\/es\/tienda\/reloj-garmin-fenix-8-solar-sapphire-de-47-mm-de-titanio-y-silicona\/","og_site_name":"Maison Roca","article_publisher":"https:\/\/www.facebook.com\/maisonroca","article_modified_time":"2025-02-10T15:41:31+00:00","og_image":[{"width":1080,"height":1080,"url":"https:\/\/maisonroca.ad\/wp-content\/uploads\/2025\/02\/010-02906-11.jpg","type":"image\/jpeg"}],"twitter_card":"summary_large_image","twitter_misc":{"Precio":"935,00&nbsp;&euro;","Disponibilidad":"Disponible"},"schema":{"@context":"https:\/\/schema.org","@graph":[{"@type":"WebPage","@id":"https:\/\/maisonroca.ad\/es\/tienda\/reloj-garmin-fenix-8-solar-sapphire-de-47-mm-de-titanio-y-silicona\/","url":"https:\/\/maisonroca.ad\/es\/tienda\/reloj-garmin-fenix-8-solar-sapphire-de-47-mm-de-titanio-y-silicona\/","name":"RELOJ GARMIN FENIX 8 SOLAR SAPPHIRE DE 47 MM","isPartOf":{"@id":"https:\/\/maisonroca.ad\/es\/#website"},"primaryImageOfPage":{"@id":"https:\/\/maisonroca.ad\/es\/tienda\/reloj-garmin-fenix-8-solar-sapphire-de-47-mm-de-titanio-y-silicona\/#primaryimage"},"image":{"@id":"https:\/\/maisonroca.ad\/es\/tienda\/reloj-garmin-fenix-8-solar-sapphire-de-47-mm-de-titanio-y-silicona\/#primaryimage"},"thumbnailUrl":"https:\/\/maisonroca.ad\/wp-content\/uploads\/2025\/02\/010-02906-11.jpg","datePublished":"2025-02-10T15:38:31+00:00","dateModified":"2025-02-10T15:41:31+00:00","description":"Descubre el reloj Garmin Fenix 8 Solar, dise\u00f1ado para deportistas y aventureros. Con una caja de titanio y correa de silicona.","breadcrumb":{"@id":"https:\/\/maisonroca.ad\/es\/tienda\/reloj-garmin-fenix-8-solar-sapphire-de-47-mm-de-titanio-y-silicona\/#breadcrumb"},"inLanguage":"es","potentialAction":[{"@type":"ReadAction","target":["https:\/\/maisonroca.ad\/es\/tienda\/reloj-garmin-fenix-8-solar-sapphire-de-47-mm-de-titanio-y-silicona\/"]}]},{"@type":"ImageObject","inLanguage":"es","@id":"https:\/\/maisonroca.ad\/es\/tienda\/reloj-garmin-fenix-8-solar-sapphire-de-47-mm-de-titanio-y-silicona\/#primaryimage","url":"https:\/\/maisonroca.ad\/wp-content\/uploads\/2025\/02\/010-02906-11.jpg","contentUrl":"https:\/\/maisonroca.ad\/wp-content\/uploads\/2025\/02\/010-02906-11.jpg","width":1080,"height":1080,"caption":"maison-roca-andorra-garmin-rellotge-fenix-8-47-mm-solar-sapphire-titani-negra-silicona"},{"@type":"BreadcrumbList","@id":"https:\/\/maisonroca.ad\/es\/tienda\/reloj-garmin-fenix-8-solar-sapphire-de-47-mm-de-titanio-y-silicona\/#breadcrumb","itemListElement":[{"@type":"ListItem","position":1,"name":"Portada","item":"https:\/\/maisonroca.ad\/es\/"},{"@type":"ListItem","position":2,"name":"Botiga","item":"https:\/\/maisonroca.ad\/botiga\/"},{"@type":"ListItem","position":3,"name":"RELOJ GARMIN FENIX 8 SOLAR SAPPHIRE DE 47 MM DE TITANIO Y SILICONA"}]},{"@type":"WebSite","@id":"https:\/\/maisonroca.ad\/es\/#website","url":"https:\/\/maisonroca.ad\/es\/","name":"Maison Roca","description":"Bold Luxury Life - joieria d&#039;autor - Andorra","publisher":{"@id":"https:\/\/maisonroca.ad\/es\/#organization"},"potentialAction":[{"@type":"SearchAction","target":{"@type":"EntryPoint","urlTemplate":"https:\/\/maisonroca.ad\/es\/?s={search_term_string}"},"query-input":{"@type":"PropertyValueSpecification","valueRequired":true,"valueName":"search_term_string"}}],"inLanguage":"es"},{"@type":"Organization","@id":"https:\/\/maisonroca.ad\/es\/#organization","name":"Maison Roca","url":"https:\/\/maisonroca.ad\/es\/","logo":{"@type":"ImageObject","inLanguage":"es","@id":"https:\/\/maisonroca.ad\/es\/#\/schema\/logo\/image\/","url":"https:\/\/maisonroca.ad\/wp-content\/uploads\/2023\/10\/icono.png","contentUrl":"https:\/\/maisonroca.ad\/wp-content\/uploads\/2023\/10\/icono.png","width":512,"height":512,"caption":"Maison Roca"},"image":{"@id":"https:\/\/maisonroca.ad\/es\/#\/schema\/logo\/image\/"},"sameAs":["https:\/\/www.facebook.com\/maisonroca","https:\/\/www.instagram.com\/maisonroca\/"]}]},"product_price_amount":"935.00","product_price_currency":"EUR","og_availability":"instock","product_availability":"instock","product_retailer_item_id":"010-02906-11","product_condition":"new"},"_links":{"self":[{"href":"https:\/\/maisonroca.ad\/es\/wp-json\/wp\/v2\/product\/70214","targetHints":{"allow":["GET"]}}],"collection":[{"href":"https:\/\/maisonroca.ad\/es\/wp-json\/wp\/v2\/product"}],"about":[{"href":"https:\/\/maisonroca.ad\/es\/wp-json\/wp\/v2\/types\/product"}],"replies":[{"embeddable":true,"href":"https:\/\/maisonroca.ad\/es\/wp-json\/wp\/v2\/comments?post=70214"}],"version-history":[{"count":1,"href":"https:\/\/maisonroca.ad\/es\/wp-json\/wp\/v2\/product\/70214\/revisions"}],"predecessor-version":[{"id":70215,"href":"https:\/\/maisonroca.ad\/es\/wp-json\/wp\/v2\/product\/70214\/revisions\/70215"}],"wp:featuredmedia":[{"embeddable":true,"href":"https:\/\/maisonroca.ad\/es\/wp-json\/wp\/v2\/media\/70212"}],"wp:attachment":[{"href":"https:\/\/maisonroca.ad\/es\/wp-json\/wp\/v2\/media?parent=70214"}],"wp:term":[{"taxonomy":"product_brand","embeddable":true,"href":"https:\/\/maisonroca.ad\/es\/wp-json\/wp\/v2\/product_brand?post=70214"},{"taxonomy":"product_cat","embeddable":true,"href":"https:\/\/maisonroca.ad\/es\/wp-json\/wp\/v2\/product_cat?post=70214"},{"taxonomy":"product_tag","embeddable":true,"href":"https:\/\/maisonroca.ad\/es\/wp-json\/wp\/v2\/product_tag?post=70214"}],"curies":[{"name":"wp","href":"https:\/\/api.w.org\/{rel}","templated":true}]}}