{"id":70289,"date":"2025-02-12T11:58:54","date_gmt":"2025-02-12T10:58:54","guid":{"rendered":"https:\/\/maisonroca.ad\/?post_type=product&#038;p=70289"},"modified":"2025-02-12T12:02:21","modified_gmt":"2025-02-12T11:02:21","slug":"reloj-garmin-marq-athlete-titanio-y-silicona","status":"publish","type":"product","link":"https:\/\/maisonroca.ad\/es\/tienda\/reloj-garmin-marq-athlete-titanio-y-silicona\/","title":{"rendered":"RELOJ GARMIN MARQ ATHLETE TITANIO Y SILICONA"},"content":{"rendered":"<p>Reloj Garmin Marq Athlete de titanio, esfera negra y correa de silicona. Este reloj, dise\u00f1ado para los competidores m\u00e1s exigentes, cuenta con una pantalla t\u00e1ctil AMOLED. La caja de 46 mm est\u00e1 hecha de titanio de grado 5 con un bisel DLC negro para un dise\u00f1o ultraduradero y centrado en el deporte.<\/p>\n<p>&nbsp;<\/p>\n<p>Detalles:<\/p>\n<ul>\n<li>Aplicaciones deportivas<\/li>\n<li>Mide m\u00e9tricas de carreras<\/li>\n<li>Tecnolog\u00eda PACEPRO, SATIQ<\/li>\n<li>Mapas topogr\u00e1ficos, de esqu\u00ed, golf<\/li>\n<\/ul>\n","protected":false},"excerpt":{"rendered":"<p>Reloj Garmin Marq Athlete de titanio, esfera negra y correa de silicona. Este reloj, dise\u00f1ado para los competidores m\u00e1s exigentes, cuenta con una pantalla t\u00e1ctil AMOLED.<\/p>\n","protected":false},"featured_media":70287,"comment_status":"open","ping_status":"closed","template":"","meta":{"_acf_changed":false,"_monsterinsights_skip_tracking":false,"_monsterinsights_sitenote_active":false,"_monsterinsights_sitenote_note":"","_monsterinsights_sitenote_category":0},"product_brand":[],"product_cat":[1226,1218],"product_tag":[2682,2236,2684,4070],"class_list":{"0":"post-70289","1":"product","2":"type-product","3":"status-publish","4":"has-post-thumbnail","6":"product_cat-garmin-es","7":"product_cat-relojes","8":"product_tag-amoled-es","9":"product_tag-garmin-3","10":"product_tag-gps-es","11":"product_tag-rellotge","13":"first","14":"instock","15":"shipping-taxable","16":"purchasable","17":"product-type-simple"},"acf":[],"yoast_head":"<!-- This site is optimized with the Yoast SEO Premium plugin v26.8 (Yoast SEO v27.3) - https:\/\/yoast.com\/product\/yoast-seo-premium-wordpress\/ -->\n<title>RELOJ GARMIN MARQ ATHLETE TITANIO Y SILICONA - Maison Roca<\/title>\n<meta name=\"description\" content=\"Descubre el reloj Garmin Marq Athlete, un dispositivo dise\u00f1ado para atletas de alto rendimiento con funciones avanzadas de seguimiento deportivo y GPS.\" \/>\n<meta name=\"robots\" content=\"index, follow, max-snippet:-1, max-image-preview:large, max-video-preview:-1\" \/>\n<link rel=\"canonical\" href=\"https:\/\/maisonroca.ad\/es\/tienda\/reloj-garmin-marq-athlete-titanio-y-silicona\/\" \/>\n<meta property=\"og:locale\" content=\"es_ES\" \/>\n<meta property=\"og:type\" content=\"article\" \/>\n<meta property=\"og:title\" content=\"RELOJ GARMIN MARQ ATHLETE TITANIO Y SILICONA\" \/>\n<meta property=\"og:description\" content=\"Descubre el reloj Garmin Marq Athlete, un dispositivo dise\u00f1ado para atletas de alto rendimiento con funciones avanzadas de seguimiento deportivo y GPS.\" \/>\n<meta property=\"og:url\" content=\"https:\/\/maisonroca.ad\/es\/tienda\/reloj-garmin-marq-athlete-titanio-y-silicona\/\" \/>\n<meta property=\"og:site_name\" content=\"Maison Roca\" \/>\n<meta property=\"article:publisher\" content=\"https:\/\/www.facebook.com\/maisonroca\" \/>\n<meta property=\"article:modified_time\" content=\"2025-02-12T11:02:21+00:00\" \/>\n<meta property=\"og:image\" content=\"https:\/\/maisonroca.ad\/wp-content\/uploads\/2025\/02\/6B0208-20.jpg\" \/>\n\t<meta property=\"og:image:width\" content=\"1080\" \/>\n\t<meta property=\"og:image:height\" content=\"1080\" \/>\n\t<meta property=\"og:image:type\" content=\"image\/jpeg\" \/>\n<meta name=\"twitter:card\" content=\"summary_large_image\" \/>\n<meta name=\"twitter:label1\" content=\"Precio\" \/>\n\t<meta name=\"twitter:data1\" content=\"1.658,00&nbsp;&euro;\" \/>\n\t<meta name=\"twitter:label2\" content=\"Disponibilidad\" \/>\n\t<meta name=\"twitter:data2\" content=\"Disponible\" \/>\n<script type=\"application\/ld+json\" class=\"yoast-schema-graph\">{\"@context\":\"https:\\\/\\\/schema.org\",\"@graph\":[{\"@type\":\"WebPage\",\"@id\":\"https:\\\/\\\/maisonroca.ad\\\/es\\\/tienda\\\/reloj-garmin-marq-athlete-titanio-y-silicona\\\/\",\"url\":\"https:\\\/\\\/maisonroca.ad\\\/es\\\/tienda\\\/reloj-garmin-marq-athlete-titanio-y-silicona\\\/\",\"name\":\"RELOJ GARMIN MARQ ATHLETE TITANIO Y SILICONA - Maison Roca\",\"isPartOf\":{\"@id\":\"https:\\\/\\\/maisonroca.ad\\\/es\\\/#website\"},\"primaryImageOfPage\":{\"@id\":\"https:\\\/\\\/maisonroca.ad\\\/es\\\/tienda\\\/reloj-garmin-marq-athlete-titanio-y-silicona\\\/#primaryimage\"},\"image\":{\"@id\":\"https:\\\/\\\/maisonroca.ad\\\/es\\\/tienda\\\/reloj-garmin-marq-athlete-titanio-y-silicona\\\/#primaryimage\"},\"thumbnailUrl\":\"https:\\\/\\\/maisonroca.ad\\\/wp-content\\\/uploads\\\/2025\\\/02\\\/6B0208-20.jpg\",\"datePublished\":\"2025-02-12T10:58:54+00:00\",\"dateModified\":\"2025-02-12T11:02:21+00:00\",\"description\":\"Descubre el reloj Garmin Marq Athlete, un dispositivo dise\u00f1ado para atletas de alto rendimiento con funciones avanzadas de seguimiento deportivo y GPS.\",\"breadcrumb\":{\"@id\":\"https:\\\/\\\/maisonroca.ad\\\/es\\\/tienda\\\/reloj-garmin-marq-athlete-titanio-y-silicona\\\/#breadcrumb\"},\"inLanguage\":\"es\",\"potentialAction\":[{\"@type\":\"ReadAction\",\"target\":[\"https:\\\/\\\/maisonroca.ad\\\/es\\\/tienda\\\/reloj-garmin-marq-athlete-titanio-y-silicona\\\/\"]}]},{\"@type\":\"ImageObject\",\"inLanguage\":\"es\",\"@id\":\"https:\\\/\\\/maisonroca.ad\\\/es\\\/tienda\\\/reloj-garmin-marq-athlete-titanio-y-silicona\\\/#primaryimage\",\"url\":\"https:\\\/\\\/maisonroca.ad\\\/wp-content\\\/uploads\\\/2025\\\/02\\\/6B0208-20.jpg\",\"contentUrl\":\"https:\\\/\\\/maisonroca.ad\\\/wp-content\\\/uploads\\\/2025\\\/02\\\/6B0208-20.jpg\",\"width\":1080,\"height\":1080,\"caption\":\"maison-roca-andorra-garmin-rellotge-marq-athlete-titani-negra-silicona\"},{\"@type\":\"BreadcrumbList\",\"@id\":\"https:\\\/\\\/maisonroca.ad\\\/es\\\/tienda\\\/reloj-garmin-marq-athlete-titanio-y-silicona\\\/#breadcrumb\",\"itemListElement\":[{\"@type\":\"ListItem\",\"position\":1,\"name\":\"Portada\",\"item\":\"https:\\\/\\\/maisonroca.ad\\\/es\\\/\"},{\"@type\":\"ListItem\",\"position\":2,\"name\":\"Botiga\",\"item\":\"https:\\\/\\\/maisonroca.ad\\\/botiga\\\/\"},{\"@type\":\"ListItem\",\"position\":3,\"name\":\"RELOJ GARMIN MARQ ATHLETE TITANIO Y SILICONA\"}]},{\"@type\":\"WebSite\",\"@id\":\"https:\\\/\\\/maisonroca.ad\\\/es\\\/#website\",\"url\":\"https:\\\/\\\/maisonroca.ad\\\/es\\\/\",\"name\":\"Maison Roca\",\"description\":\"Bold Luxury Life - joieria d&#039;autor - Andorra\",\"publisher\":{\"@id\":\"https:\\\/\\\/maisonroca.ad\\\/es\\\/#organization\"},\"potentialAction\":[{\"@type\":\"SearchAction\",\"target\":{\"@type\":\"EntryPoint\",\"urlTemplate\":\"https:\\\/\\\/maisonroca.ad\\\/es\\\/?s={search_term_string}\"},\"query-input\":{\"@type\":\"PropertyValueSpecification\",\"valueRequired\":true,\"valueName\":\"search_term_string\"}}],\"inLanguage\":\"es\"},{\"@type\":\"Organization\",\"@id\":\"https:\\\/\\\/maisonroca.ad\\\/es\\\/#organization\",\"name\":\"Maison Roca\",\"url\":\"https:\\\/\\\/maisonroca.ad\\\/es\\\/\",\"logo\":{\"@type\":\"ImageObject\",\"inLanguage\":\"es\",\"@id\":\"https:\\\/\\\/maisonroca.ad\\\/es\\\/#\\\/schema\\\/logo\\\/image\\\/\",\"url\":\"https:\\\/\\\/maisonroca.ad\\\/wp-content\\\/uploads\\\/2023\\\/10\\\/icono.png\",\"contentUrl\":\"https:\\\/\\\/maisonroca.ad\\\/wp-content\\\/uploads\\\/2023\\\/10\\\/icono.png\",\"width\":512,\"height\":512,\"caption\":\"Maison Roca\"},\"image\":{\"@id\":\"https:\\\/\\\/maisonroca.ad\\\/es\\\/#\\\/schema\\\/logo\\\/image\\\/\"},\"sameAs\":[\"https:\\\/\\\/www.facebook.com\\\/maisonroca\",\"https:\\\/\\\/www.instagram.com\\\/maisonroca\\\/\"]}]}<\/script>\n<meta property=\"product:price:amount\" content=\"1658.00\" \/>\n<meta property=\"product:price:currency\" content=\"EUR\" \/>\n<meta property=\"og:availability\" content=\"instock\" \/>\n<meta property=\"product:availability\" content=\"instock\" \/>\n<meta property=\"product:condition\" content=\"new\" \/>\n<!-- \/ Yoast SEO Premium plugin. -->","yoast_head_json":{"title":"RELOJ GARMIN MARQ ATHLETE TITANIO Y SILICONA - Maison Roca","description":"Descubre el reloj Garmin Marq Athlete, un dispositivo dise\u00f1ado para atletas de alto rendimiento con funciones avanzadas de seguimiento deportivo y GPS.","robots":{"index":"index","follow":"follow","max-snippet":"max-snippet:-1","max-image-preview":"max-image-preview:large","max-video-preview":"max-video-preview:-1"},"canonical":"https:\/\/maisonroca.ad\/es\/tienda\/reloj-garmin-marq-athlete-titanio-y-silicona\/","og_locale":"es_ES","og_type":"article","og_title":"RELOJ GARMIN MARQ ATHLETE TITANIO Y SILICONA","og_description":"Descubre el reloj Garmin Marq Athlete, un dispositivo dise\u00f1ado para atletas de alto rendimiento con funciones avanzadas de seguimiento deportivo y GPS.","og_url":"https:\/\/maisonroca.ad\/es\/tienda\/reloj-garmin-marq-athlete-titanio-y-silicona\/","og_site_name":"Maison Roca","article_publisher":"https:\/\/www.facebook.com\/maisonroca","article_modified_time":"2025-02-12T11:02:21+00:00","og_image":[{"width":1080,"height":1080,"url":"https:\/\/maisonroca.ad\/wp-content\/uploads\/2025\/02\/6B0208-20.jpg","type":"image\/jpeg"}],"twitter_card":"summary_large_image","twitter_misc":{"Precio":"1.658,00&nbsp;&euro;","Disponibilidad":"Disponible"},"schema":{"@context":"https:\/\/schema.org","@graph":[{"@type":"WebPage","@id":"https:\/\/maisonroca.ad\/es\/tienda\/reloj-garmin-marq-athlete-titanio-y-silicona\/","url":"https:\/\/maisonroca.ad\/es\/tienda\/reloj-garmin-marq-athlete-titanio-y-silicona\/","name":"RELOJ GARMIN MARQ ATHLETE TITANIO Y SILICONA - Maison Roca","isPartOf":{"@id":"https:\/\/maisonroca.ad\/es\/#website"},"primaryImageOfPage":{"@id":"https:\/\/maisonroca.ad\/es\/tienda\/reloj-garmin-marq-athlete-titanio-y-silicona\/#primaryimage"},"image":{"@id":"https:\/\/maisonroca.ad\/es\/tienda\/reloj-garmin-marq-athlete-titanio-y-silicona\/#primaryimage"},"thumbnailUrl":"https:\/\/maisonroca.ad\/wp-content\/uploads\/2025\/02\/6B0208-20.jpg","datePublished":"2025-02-12T10:58:54+00:00","dateModified":"2025-02-12T11:02:21+00:00","description":"Descubre el reloj Garmin Marq Athlete, un dispositivo dise\u00f1ado para atletas de alto rendimiento con funciones avanzadas de seguimiento deportivo y GPS.","breadcrumb":{"@id":"https:\/\/maisonroca.ad\/es\/tienda\/reloj-garmin-marq-athlete-titanio-y-silicona\/#breadcrumb"},"inLanguage":"es","potentialAction":[{"@type":"ReadAction","target":["https:\/\/maisonroca.ad\/es\/tienda\/reloj-garmin-marq-athlete-titanio-y-silicona\/"]}]},{"@type":"ImageObject","inLanguage":"es","@id":"https:\/\/maisonroca.ad\/es\/tienda\/reloj-garmin-marq-athlete-titanio-y-silicona\/#primaryimage","url":"https:\/\/maisonroca.ad\/wp-content\/uploads\/2025\/02\/6B0208-20.jpg","contentUrl":"https:\/\/maisonroca.ad\/wp-content\/uploads\/2025\/02\/6B0208-20.jpg","width":1080,"height":1080,"caption":"maison-roca-andorra-garmin-rellotge-marq-athlete-titani-negra-silicona"},{"@type":"BreadcrumbList","@id":"https:\/\/maisonroca.ad\/es\/tienda\/reloj-garmin-marq-athlete-titanio-y-silicona\/#breadcrumb","itemListElement":[{"@type":"ListItem","position":1,"name":"Portada","item":"https:\/\/maisonroca.ad\/es\/"},{"@type":"ListItem","position":2,"name":"Botiga","item":"https:\/\/maisonroca.ad\/botiga\/"},{"@type":"ListItem","position":3,"name":"RELOJ GARMIN MARQ ATHLETE TITANIO Y SILICONA"}]},{"@type":"WebSite","@id":"https:\/\/maisonroca.ad\/es\/#website","url":"https:\/\/maisonroca.ad\/es\/","name":"Maison Roca","description":"Bold Luxury Life - joieria d&#039;autor - Andorra","publisher":{"@id":"https:\/\/maisonroca.ad\/es\/#organization"},"potentialAction":[{"@type":"SearchAction","target":{"@type":"EntryPoint","urlTemplate":"https:\/\/maisonroca.ad\/es\/?s={search_term_string}"},"query-input":{"@type":"PropertyValueSpecification","valueRequired":true,"valueName":"search_term_string"}}],"inLanguage":"es"},{"@type":"Organization","@id":"https:\/\/maisonroca.ad\/es\/#organization","name":"Maison Roca","url":"https:\/\/maisonroca.ad\/es\/","logo":{"@type":"ImageObject","inLanguage":"es","@id":"https:\/\/maisonroca.ad\/es\/#\/schema\/logo\/image\/","url":"https:\/\/maisonroca.ad\/wp-content\/uploads\/2023\/10\/icono.png","contentUrl":"https:\/\/maisonroca.ad\/wp-content\/uploads\/2023\/10\/icono.png","width":512,"height":512,"caption":"Maison Roca"},"image":{"@id":"https:\/\/maisonroca.ad\/es\/#\/schema\/logo\/image\/"},"sameAs":["https:\/\/www.facebook.com\/maisonroca","https:\/\/www.instagram.com\/maisonroca\/"]}]},"product_price_amount":"1658.00","product_price_currency":"EUR","og_availability":"instock","product_availability":"instock","product_condition":"new"},"_links":{"self":[{"href":"https:\/\/maisonroca.ad\/es\/wp-json\/wp\/v2\/product\/70289","targetHints":{"allow":["GET"]}}],"collection":[{"href":"https:\/\/maisonroca.ad\/es\/wp-json\/wp\/v2\/product"}],"about":[{"href":"https:\/\/maisonroca.ad\/es\/wp-json\/wp\/v2\/types\/product"}],"replies":[{"embeddable":true,"href":"https:\/\/maisonroca.ad\/es\/wp-json\/wp\/v2\/comments?post=70289"}],"version-history":[{"count":1,"href":"https:\/\/maisonroca.ad\/es\/wp-json\/wp\/v2\/product\/70289\/revisions"}],"predecessor-version":[{"id":70290,"href":"https:\/\/maisonroca.ad\/es\/wp-json\/wp\/v2\/product\/70289\/revisions\/70290"}],"wp:featuredmedia":[{"embeddable":true,"href":"https:\/\/maisonroca.ad\/es\/wp-json\/wp\/v2\/media\/70287"}],"wp:attachment":[{"href":"https:\/\/maisonroca.ad\/es\/wp-json\/wp\/v2\/media?parent=70289"}],"wp:term":[{"taxonomy":"product_brand","embeddable":true,"href":"https:\/\/maisonroca.ad\/es\/wp-json\/wp\/v2\/product_brand?post=70289"},{"taxonomy":"product_cat","embeddable":true,"href":"https:\/\/maisonroca.ad\/es\/wp-json\/wp\/v2\/product_cat?post=70289"},{"taxonomy":"product_tag","embeddable":true,"href":"https:\/\/maisonroca.ad\/es\/wp-json\/wp\/v2\/product_tag?post=70289"}],"curies":[{"name":"wp","href":"https:\/\/api.w.org\/{rel}","templated":true}]}}