{"id":70327,"date":"2025-02-13T10:11:05","date_gmt":"2025-02-13T09:11:05","guid":{"rendered":"https:\/\/maisonroca.ad\/?post_type=product&#038;p=70327"},"modified":"2025-02-13T10:31:16","modified_gmt":"2025-02-13T09:31:16","slug":"collar-dinh-van-double-coeur-r9-cadena-de-oro-rosa","status":"publish","type":"product","link":"https:\/\/maisonroca.ad\/es\/tienda\/collar-dinh-van-double-coeur-r9-cadena-de-oro-rosa\/","title":{"rendered":"COLLAR DINH VAN DOUBLE COEUR R9 CADENA DE ORO ROSA"},"content":{"rendered":"<p data-start=\"18\" data-end=\"74\">Collar dinh van Doble Coeur R9 cadena de oro rosa.<\/p>\n<p data-start=\"76\" data-end=\"257\">Un collar elegante sobre una cadena dinh van, embellecido por dos corazones entrelazados, que fusiona la vanguardia del dise\u00f1o moderno con un s\u00edmbolo cl\u00e1sico y atemporal de uni\u00f3n.<\/p>\n<p data-start=\"259\" data-end=\"653\">Las creaciones de dinh van son aut\u00e9nticas obras de arte que requieren un cuidado especial para garantizar su durabilidad. Para conservarlas en perfectas condiciones y mantener su brillo y belleza originales, es esencial seguir algunas recomendaciones sencillas pero importantes. Cuidando tus joyas dinh van con las precauciones adecuadas, podr\u00e1s disfrutar de su elegancia durante muchos a\u00f1os.<\/p>\n<p data-start=\"259\" data-end=\"653\">\n<p>Detalles:<\/p>\n<ul>\n<li>Oro rosa 18k<\/li>\n<\/ul>\n<p data-start=\"259\" data-end=\"653\">\n","protected":false},"excerpt":{"rendered":"<p data-start=\"18\" data-end=\"74\">Collar dinh van Doble Coeur R9 cadena de oro rosa. Un collar elegante sobre una cadena dinh van, embellecido por dos corazones entrelazados, que fusiona la vanguardia del dise\u00f1o moderno con un s\u00edmbolo cl\u00e1sico y atemporal de uni\u00f3n.<\/p>\n","protected":false},"featured_media":70321,"comment_status":"open","ping_status":"closed","template":"","meta":{"_acf_changed":false,"_monsterinsights_skip_tracking":false,"_monsterinsights_sitenote_active":false,"_monsterinsights_sitenote_note":"","_monsterinsights_sitenote_category":0},"product_brand":[],"product_cat":[1224,1217],"product_tag":[1637,2392,1572],"class_list":{"0":"post-70327","1":"product","2":"type-product","3":"status-publish","4":"has-post-thumbnail","6":"product_cat-dinh-van-es","7":"product_cat-joyas","8":"product_tag-collares","9":"product_tag-dinh-van-3","10":"product_tag-oro-rosa","12":"first","13":"instock","14":"shipping-taxable","15":"purchasable","16":"product-type-simple"},"acf":[],"yoast_head":"<!-- This site is optimized with the Yoast SEO Premium plugin v26.8 (Yoast SEO v27.3) - https:\/\/yoast.com\/product\/yoast-seo-premium-wordpress\/ -->\n<title>COLLAR DINH VAN DOUBLE COEUR R9 DE ORO ROSA<\/title>\n<meta name=\"description\" content=\"Descubre el Collar dinh van Double C\u0153ur, una joya elegante y simb\u00f3lica que fusiona amor y sofisticaci\u00f3n con un dise\u00f1o atemporal.\" \/>\n<meta name=\"robots\" content=\"index, follow, max-snippet:-1, max-image-preview:large, max-video-preview:-1\" \/>\n<link rel=\"canonical\" href=\"https:\/\/maisonroca.ad\/es\/tienda\/collar-dinh-van-double-coeur-r9-cadena-de-oro-rosa\/\" \/>\n<meta property=\"og:locale\" content=\"es_ES\" \/>\n<meta property=\"og:type\" content=\"article\" \/>\n<meta property=\"og:title\" content=\"COLLAR DINH VAN DOUBLE COEUR R9 CADENA DE ORO ROSA\" \/>\n<meta property=\"og:description\" content=\"Descubre el Collar dinh van Double C\u0153ur, una joya elegante y simb\u00f3lica que fusiona amor y sofisticaci\u00f3n con un dise\u00f1o atemporal.\" \/>\n<meta property=\"og:url\" content=\"https:\/\/maisonroca.ad\/es\/tienda\/collar-dinh-van-double-coeur-r9-cadena-de-oro-rosa\/\" \/>\n<meta property=\"og:site_name\" content=\"Maison Roca\" \/>\n<meta property=\"article:publisher\" content=\"https:\/\/www.facebook.com\/maisonroca\" \/>\n<meta property=\"article:modified_time\" content=\"2025-02-13T09:31:16+00:00\" \/>\n<meta property=\"og:image\" content=\"https:\/\/maisonroca.ad\/wp-content\/uploads\/2025\/02\/645205.jpg\" \/>\n\t<meta property=\"og:image:width\" content=\"1080\" \/>\n\t<meta property=\"og:image:height\" content=\"1080\" \/>\n\t<meta property=\"og:image:type\" content=\"image\/jpeg\" \/>\n<meta name=\"twitter:card\" content=\"summary_large_image\" \/>\n<meta name=\"twitter:label1\" content=\"Precio\" \/>\n\t<meta name=\"twitter:data1\" content=\"1.385,00&nbsp;&euro;\" \/>\n\t<meta name=\"twitter:label2\" content=\"Disponibilidad\" \/>\n\t<meta name=\"twitter:data2\" content=\"Disponible\" \/>\n<script type=\"application\/ld+json\" class=\"yoast-schema-graph\">{\"@context\":\"https:\\\/\\\/schema.org\",\"@graph\":[{\"@type\":\"WebPage\",\"@id\":\"https:\\\/\\\/maisonroca.ad\\\/es\\\/tienda\\\/collar-dinh-van-double-coeur-r9-cadena-de-oro-rosa\\\/\",\"url\":\"https:\\\/\\\/maisonroca.ad\\\/es\\\/tienda\\\/collar-dinh-van-double-coeur-r9-cadena-de-oro-rosa\\\/\",\"name\":\"COLLAR DINH VAN DOUBLE COEUR R9 DE ORO ROSA\",\"isPartOf\":{\"@id\":\"https:\\\/\\\/maisonroca.ad\\\/es\\\/#website\"},\"primaryImageOfPage\":{\"@id\":\"https:\\\/\\\/maisonroca.ad\\\/es\\\/tienda\\\/collar-dinh-van-double-coeur-r9-cadena-de-oro-rosa\\\/#primaryimage\"},\"image\":{\"@id\":\"https:\\\/\\\/maisonroca.ad\\\/es\\\/tienda\\\/collar-dinh-van-double-coeur-r9-cadena-de-oro-rosa\\\/#primaryimage\"},\"thumbnailUrl\":\"https:\\\/\\\/maisonroca.ad\\\/wp-content\\\/uploads\\\/2025\\\/02\\\/645205.jpg\",\"datePublished\":\"2025-02-13T09:11:05+00:00\",\"dateModified\":\"2025-02-13T09:31:16+00:00\",\"description\":\"Descubre el Collar dinh van Double C\u0153ur, una joya elegante y simb\u00f3lica que fusiona amor y sofisticaci\u00f3n con un dise\u00f1o atemporal.\",\"breadcrumb\":{\"@id\":\"https:\\\/\\\/maisonroca.ad\\\/es\\\/tienda\\\/collar-dinh-van-double-coeur-r9-cadena-de-oro-rosa\\\/#breadcrumb\"},\"inLanguage\":\"es\",\"potentialAction\":[{\"@type\":\"ReadAction\",\"target\":[\"https:\\\/\\\/maisonroca.ad\\\/es\\\/tienda\\\/collar-dinh-van-double-coeur-r9-cadena-de-oro-rosa\\\/\"]}]},{\"@type\":\"ImageObject\",\"inLanguage\":\"es\",\"@id\":\"https:\\\/\\\/maisonroca.ad\\\/es\\\/tienda\\\/collar-dinh-van-double-coeur-r9-cadena-de-oro-rosa\\\/#primaryimage\",\"url\":\"https:\\\/\\\/maisonroca.ad\\\/wp-content\\\/uploads\\\/2025\\\/02\\\/645205.jpg\",\"contentUrl\":\"https:\\\/\\\/maisonroca.ad\\\/wp-content\\\/uploads\\\/2025\\\/02\\\/645205.jpg\",\"width\":1080,\"height\":1080,\"caption\":\"maison-roca-andorra-dinh van-collar-doble-cor-r9-cadena-or-rosa\"},{\"@type\":\"BreadcrumbList\",\"@id\":\"https:\\\/\\\/maisonroca.ad\\\/es\\\/tienda\\\/collar-dinh-van-double-coeur-r9-cadena-de-oro-rosa\\\/#breadcrumb\",\"itemListElement\":[{\"@type\":\"ListItem\",\"position\":1,\"name\":\"Portada\",\"item\":\"https:\\\/\\\/maisonroca.ad\\\/es\\\/\"},{\"@type\":\"ListItem\",\"position\":2,\"name\":\"Botiga\",\"item\":\"https:\\\/\\\/maisonroca.ad\\\/botiga\\\/\"},{\"@type\":\"ListItem\",\"position\":3,\"name\":\"COLLAR DINH VAN DOUBLE COEUR R9 CADENA DE ORO ROSA\"}]},{\"@type\":\"WebSite\",\"@id\":\"https:\\\/\\\/maisonroca.ad\\\/es\\\/#website\",\"url\":\"https:\\\/\\\/maisonroca.ad\\\/es\\\/\",\"name\":\"Maison Roca\",\"description\":\"Bold Luxury Life - joieria d&#039;autor - Andorra\",\"publisher\":{\"@id\":\"https:\\\/\\\/maisonroca.ad\\\/es\\\/#organization\"},\"potentialAction\":[{\"@type\":\"SearchAction\",\"target\":{\"@type\":\"EntryPoint\",\"urlTemplate\":\"https:\\\/\\\/maisonroca.ad\\\/es\\\/?s={search_term_string}\"},\"query-input\":{\"@type\":\"PropertyValueSpecification\",\"valueRequired\":true,\"valueName\":\"search_term_string\"}}],\"inLanguage\":\"es\"},{\"@type\":\"Organization\",\"@id\":\"https:\\\/\\\/maisonroca.ad\\\/es\\\/#organization\",\"name\":\"Maison Roca\",\"url\":\"https:\\\/\\\/maisonroca.ad\\\/es\\\/\",\"logo\":{\"@type\":\"ImageObject\",\"inLanguage\":\"es\",\"@id\":\"https:\\\/\\\/maisonroca.ad\\\/es\\\/#\\\/schema\\\/logo\\\/image\\\/\",\"url\":\"https:\\\/\\\/maisonroca.ad\\\/wp-content\\\/uploads\\\/2023\\\/10\\\/icono.png\",\"contentUrl\":\"https:\\\/\\\/maisonroca.ad\\\/wp-content\\\/uploads\\\/2023\\\/10\\\/icono.png\",\"width\":512,\"height\":512,\"caption\":\"Maison Roca\"},\"image\":{\"@id\":\"https:\\\/\\\/maisonroca.ad\\\/es\\\/#\\\/schema\\\/logo\\\/image\\\/\"},\"sameAs\":[\"https:\\\/\\\/www.facebook.com\\\/maisonroca\",\"https:\\\/\\\/www.instagram.com\\\/maisonroca\\\/\"]}]}<\/script>\n<meta property=\"product:price:amount\" content=\"1385.00\" \/>\n<meta property=\"product:price:currency\" content=\"EUR\" \/>\n<meta property=\"og:availability\" content=\"instock\" \/>\n<meta property=\"product:availability\" content=\"instock\" \/>\n<meta property=\"product:retailer_item_id\" content=\"645205\" \/>\n<meta property=\"product:condition\" content=\"new\" \/>\n<!-- \/ Yoast SEO Premium plugin. -->","yoast_head_json":{"title":"COLLAR DINH VAN DOUBLE COEUR R9 DE ORO ROSA","description":"Descubre el Collar dinh van Double C\u0153ur, una joya elegante y simb\u00f3lica que fusiona amor y sofisticaci\u00f3n con un dise\u00f1o atemporal.","robots":{"index":"index","follow":"follow","max-snippet":"max-snippet:-1","max-image-preview":"max-image-preview:large","max-video-preview":"max-video-preview:-1"},"canonical":"https:\/\/maisonroca.ad\/es\/tienda\/collar-dinh-van-double-coeur-r9-cadena-de-oro-rosa\/","og_locale":"es_ES","og_type":"article","og_title":"COLLAR DINH VAN DOUBLE COEUR R9 CADENA DE ORO ROSA","og_description":"Descubre el Collar dinh van Double C\u0153ur, una joya elegante y simb\u00f3lica que fusiona amor y sofisticaci\u00f3n con un dise\u00f1o atemporal.","og_url":"https:\/\/maisonroca.ad\/es\/tienda\/collar-dinh-van-double-coeur-r9-cadena-de-oro-rosa\/","og_site_name":"Maison Roca","article_publisher":"https:\/\/www.facebook.com\/maisonroca","article_modified_time":"2025-02-13T09:31:16+00:00","og_image":[{"width":1080,"height":1080,"url":"https:\/\/maisonroca.ad\/wp-content\/uploads\/2025\/02\/645205.jpg","type":"image\/jpeg"}],"twitter_card":"summary_large_image","twitter_misc":{"Precio":"1.385,00&nbsp;&euro;","Disponibilidad":"Disponible"},"schema":{"@context":"https:\/\/schema.org","@graph":[{"@type":"WebPage","@id":"https:\/\/maisonroca.ad\/es\/tienda\/collar-dinh-van-double-coeur-r9-cadena-de-oro-rosa\/","url":"https:\/\/maisonroca.ad\/es\/tienda\/collar-dinh-van-double-coeur-r9-cadena-de-oro-rosa\/","name":"COLLAR DINH VAN DOUBLE COEUR R9 DE ORO ROSA","isPartOf":{"@id":"https:\/\/maisonroca.ad\/es\/#website"},"primaryImageOfPage":{"@id":"https:\/\/maisonroca.ad\/es\/tienda\/collar-dinh-van-double-coeur-r9-cadena-de-oro-rosa\/#primaryimage"},"image":{"@id":"https:\/\/maisonroca.ad\/es\/tienda\/collar-dinh-van-double-coeur-r9-cadena-de-oro-rosa\/#primaryimage"},"thumbnailUrl":"https:\/\/maisonroca.ad\/wp-content\/uploads\/2025\/02\/645205.jpg","datePublished":"2025-02-13T09:11:05+00:00","dateModified":"2025-02-13T09:31:16+00:00","description":"Descubre el Collar dinh van Double C\u0153ur, una joya elegante y simb\u00f3lica que fusiona amor y sofisticaci\u00f3n con un dise\u00f1o atemporal.","breadcrumb":{"@id":"https:\/\/maisonroca.ad\/es\/tienda\/collar-dinh-van-double-coeur-r9-cadena-de-oro-rosa\/#breadcrumb"},"inLanguage":"es","potentialAction":[{"@type":"ReadAction","target":["https:\/\/maisonroca.ad\/es\/tienda\/collar-dinh-van-double-coeur-r9-cadena-de-oro-rosa\/"]}]},{"@type":"ImageObject","inLanguage":"es","@id":"https:\/\/maisonroca.ad\/es\/tienda\/collar-dinh-van-double-coeur-r9-cadena-de-oro-rosa\/#primaryimage","url":"https:\/\/maisonroca.ad\/wp-content\/uploads\/2025\/02\/645205.jpg","contentUrl":"https:\/\/maisonroca.ad\/wp-content\/uploads\/2025\/02\/645205.jpg","width":1080,"height":1080,"caption":"maison-roca-andorra-dinh van-collar-doble-cor-r9-cadena-or-rosa"},{"@type":"BreadcrumbList","@id":"https:\/\/maisonroca.ad\/es\/tienda\/collar-dinh-van-double-coeur-r9-cadena-de-oro-rosa\/#breadcrumb","itemListElement":[{"@type":"ListItem","position":1,"name":"Portada","item":"https:\/\/maisonroca.ad\/es\/"},{"@type":"ListItem","position":2,"name":"Botiga","item":"https:\/\/maisonroca.ad\/botiga\/"},{"@type":"ListItem","position":3,"name":"COLLAR DINH VAN DOUBLE COEUR R9 CADENA DE ORO ROSA"}]},{"@type":"WebSite","@id":"https:\/\/maisonroca.ad\/es\/#website","url":"https:\/\/maisonroca.ad\/es\/","name":"Maison Roca","description":"Bold Luxury Life - joieria d&#039;autor - Andorra","publisher":{"@id":"https:\/\/maisonroca.ad\/es\/#organization"},"potentialAction":[{"@type":"SearchAction","target":{"@type":"EntryPoint","urlTemplate":"https:\/\/maisonroca.ad\/es\/?s={search_term_string}"},"query-input":{"@type":"PropertyValueSpecification","valueRequired":true,"valueName":"search_term_string"}}],"inLanguage":"es"},{"@type":"Organization","@id":"https:\/\/maisonroca.ad\/es\/#organization","name":"Maison Roca","url":"https:\/\/maisonroca.ad\/es\/","logo":{"@type":"ImageObject","inLanguage":"es","@id":"https:\/\/maisonroca.ad\/es\/#\/schema\/logo\/image\/","url":"https:\/\/maisonroca.ad\/wp-content\/uploads\/2023\/10\/icono.png","contentUrl":"https:\/\/maisonroca.ad\/wp-content\/uploads\/2023\/10\/icono.png","width":512,"height":512,"caption":"Maison Roca"},"image":{"@id":"https:\/\/maisonroca.ad\/es\/#\/schema\/logo\/image\/"},"sameAs":["https:\/\/www.facebook.com\/maisonroca","https:\/\/www.instagram.com\/maisonroca\/"]}]},"product_price_amount":"1385.00","product_price_currency":"EUR","og_availability":"instock","product_availability":"instock","product_retailer_item_id":"645205","product_condition":"new"},"_links":{"self":[{"href":"https:\/\/maisonroca.ad\/es\/wp-json\/wp\/v2\/product\/70327","targetHints":{"allow":["GET"]}}],"collection":[{"href":"https:\/\/maisonroca.ad\/es\/wp-json\/wp\/v2\/product"}],"about":[{"href":"https:\/\/maisonroca.ad\/es\/wp-json\/wp\/v2\/types\/product"}],"replies":[{"embeddable":true,"href":"https:\/\/maisonroca.ad\/es\/wp-json\/wp\/v2\/comments?post=70327"}],"version-history":[{"count":1,"href":"https:\/\/maisonroca.ad\/es\/wp-json\/wp\/v2\/product\/70327\/revisions"}],"predecessor-version":[{"id":70328,"href":"https:\/\/maisonroca.ad\/es\/wp-json\/wp\/v2\/product\/70327\/revisions\/70328"}],"wp:featuredmedia":[{"embeddable":true,"href":"https:\/\/maisonroca.ad\/es\/wp-json\/wp\/v2\/media\/70321"}],"wp:attachment":[{"href":"https:\/\/maisonroca.ad\/es\/wp-json\/wp\/v2\/media?parent=70327"}],"wp:term":[{"taxonomy":"product_brand","embeddable":true,"href":"https:\/\/maisonroca.ad\/es\/wp-json\/wp\/v2\/product_brand?post=70327"},{"taxonomy":"product_cat","embeddable":true,"href":"https:\/\/maisonroca.ad\/es\/wp-json\/wp\/v2\/product_cat?post=70327"},{"taxonomy":"product_tag","embeddable":true,"href":"https:\/\/maisonroca.ad\/es\/wp-json\/wp\/v2\/product_tag?post=70327"}],"curies":[{"name":"wp","href":"https:\/\/api.w.org\/{rel}","templated":true}]}}