{"id":72285,"date":"2025-04-25T11:36:30","date_gmt":"2025-04-25T09:36:30","guid":{"rendered":"https:\/\/maisonroca.ad\/?post_type=product&#038;p=72285"},"modified":"2025-08-28T15:08:09","modified_gmt":"2025-08-28T13:08:09","slug":"reloj-chanel-j12-bleu-calibre-12-2-de-33-mm-con-indices-de-diamantes","status":"publish","type":"product","link":"https:\/\/maisonroca.ad\/es\/tienda\/reloj-chanel-j12-bleu-calibre-12-2-de-33-mm-con-indices-de-diamantes\/","title":{"rendered":"RELOJ CHANEL J12 BLEU CALIBRE 12.2 DE 33 MM CON \u00cdNDICES DE DIAMANTES"},"content":{"rendered":"<p>El CHANEL J12 Bleu Calibre 12.2 de 33 mm tiene la caja y el brazalete de cer\u00e1mica azul, con la esfera a juego e \u00edndices de diamantes.<\/p>\n<p>Es un reloj autom\u00e1tico con esp\u00edritu deportivo y una sofisticaci\u00f3n atemporal, que combina la elegancia ic\u00f3nica de CHANEL con la precisi\u00f3n del Calibre 12.2 de manufactura propia.<\/p>\n<p>Con una reserva de marcha de 50 horas, ofrece un rendimiento excelente en un formato compacto y refinado. Su esp\u00edritu deportivo se refuerza con una hermeticidad de hasta 200 metros, lo que lo convierte en el compa\u00f1ero ideal para cualquier aventura. Su cer\u00e1mica cuenta con un tratamiento especial que proporciona un tacto muy agradable y garantiza una gran durabilidad.<\/p>\n<p><em>*Edici\u00f3n Limitada<\/em><\/p>\n<p>&nbsp;<\/p>\n<p><strong>Detalles:<\/strong><\/p>\n<ul>\n<li>Caja de cer\u00e1mica azul mate de alta resistencia y acero PVD negro<\/li>\n<li>Brazalete de cer\u00e1mica azul mate de alta resistencia con cierre desplegable triple en acero<\/li>\n<li>Movimiento mec\u00e1nico autom\u00e1tico Calibre 12.2<\/li>\n<li>Di\u00e1metro de 33 mm<\/li>\n<li>Esfera lacada en azul mate con 12 \u00edndices de diamantes talla brillante (0,06 ct)<\/li>\n<li>Hermeticidad de 200 m<\/li>\n<li>Funciones: horas, minutos y segundos<\/li>\n<\/ul>\n","protected":false},"excerpt":{"rendered":"<p>El CHANEL J12 Bleu Calibre 12.2 de 33 mm tiene la caja y el brazalete de cer\u00e1mica azul, con la esfera a juego e \u00edndices de diamantes.<\/p>\n","protected":false},"featured_media":72274,"comment_status":"closed","ping_status":"closed","template":"","meta":{"_acf_changed":false,"_monsterinsights_skip_tracking":false,"_monsterinsights_sitenote_active":false,"_monsterinsights_sitenote_note":"","_monsterinsights_sitenote_category":0},"product_brand":[],"product_cat":[2614,1218],"product_tag":[2334,2221,1574,2160,2565,2637,1571,2643,2587],"class_list":{"0":"post-72285","1":"product","2":"type-product","3":"status-publish","4":"has-post-thumbnail","6":"product_cat-chanel-es","7":"product_cat-relojes","8":"product_tag-33-mm-2-3","9":"product_tag-automatic-2-2","10":"product_tag-azul","11":"product_tag-ceramica-2","12":"product_tag-chanel-es","13":"product_tag-de-100-a-300-metres-es","14":"product_tag-diamantes","15":"product_tag-dona-es","16":"product_tag-rellotges-es","18":"first","19":"instock","20":"shipping-taxable","21":"product-type-simple"},"acf":[],"yoast_head":"<!-- This site is optimized with the Yoast SEO Premium plugin v26.8 (Yoast SEO v27.4) - https:\/\/yoast.com\/product\/yoast-seo-premium-wordpress\/ -->\n<title>RELOJ CHANEL J12 BLEU DE 33 MM CON DIAMANTES<\/title>\n<meta name=\"description\" content=\"Descubre el reloj CHANEL J12 Bleu Calibre 12.2 de 33 mm, con cer\u00e1mica azul, \u00edndices de diamantes y movimiento autom\u00e1tico de manufactura.\" \/>\n<meta name=\"robots\" content=\"index, follow, max-snippet:-1, max-image-preview:large, max-video-preview:-1\" \/>\n<link rel=\"canonical\" href=\"https:\/\/maisonroca.ad\/es\/tienda\/reloj-chanel-j12-bleu-calibre-12-2-de-33-mm-con-indices-de-diamantes\/\" \/>\n<meta property=\"og:locale\" content=\"es_ES\" \/>\n<meta property=\"og:type\" content=\"article\" \/>\n<meta property=\"og:title\" content=\"RELOJ CHANEL J12 BLEU CALIBRE 12.2 DE 33 MM CON \u00cdNDICES DE DIAMANTES\" \/>\n<meta property=\"og:description\" content=\"Descubre el reloj CHANEL J12 Bleu Calibre 12.2 de 33 mm, con cer\u00e1mica azul, \u00edndices de diamantes y movimiento autom\u00e1tico de manufactura.\" \/>\n<meta property=\"og:url\" content=\"https:\/\/maisonroca.ad\/es\/tienda\/reloj-chanel-j12-bleu-calibre-12-2-de-33-mm-con-indices-de-diamantes\/\" \/>\n<meta property=\"og:site_name\" content=\"Maison Roca\" \/>\n<meta property=\"article:publisher\" content=\"https:\/\/www.facebook.com\/maisonroca\" \/>\n<meta property=\"article:modified_time\" content=\"2025-08-28T13:08:09+00:00\" \/>\n<meta property=\"og:image\" content=\"https:\/\/maisonroca.ad\/wp-content\/uploads\/2025\/04\/chanel-1.png\" \/>\n\t<meta property=\"og:image:width\" content=\"1080\" \/>\n\t<meta property=\"og:image:height\" content=\"1080\" \/>\n\t<meta property=\"og:image:type\" content=\"image\/png\" \/>\n<meta name=\"twitter:card\" content=\"summary_large_image\" \/>\n<meta name=\"twitter:label1\" content=\"Precio\" \/>\n\t<meta name=\"twitter:data1\" content=\"\" \/>\n\t<meta name=\"twitter:label2\" content=\"Disponibilidad\" \/>\n\t<meta name=\"twitter:data2\" content=\"Disponible\" \/>\n<script type=\"application\/ld+json\" class=\"yoast-schema-graph\">{\"@context\":\"https:\\\/\\\/schema.org\",\"@graph\":[{\"@type\":\"WebPage\",\"@id\":\"https:\\\/\\\/maisonroca.ad\\\/es\\\/tienda\\\/reloj-chanel-j12-bleu-calibre-12-2-de-33-mm-con-indices-de-diamantes\\\/\",\"url\":\"https:\\\/\\\/maisonroca.ad\\\/es\\\/tienda\\\/reloj-chanel-j12-bleu-calibre-12-2-de-33-mm-con-indices-de-diamantes\\\/\",\"name\":\"RELOJ CHANEL J12 BLEU DE 33 MM CON DIAMANTES\",\"isPartOf\":{\"@id\":\"https:\\\/\\\/maisonroca.ad\\\/es\\\/#website\"},\"primaryImageOfPage\":{\"@id\":\"https:\\\/\\\/maisonroca.ad\\\/es\\\/tienda\\\/reloj-chanel-j12-bleu-calibre-12-2-de-33-mm-con-indices-de-diamantes\\\/#primaryimage\"},\"image\":{\"@id\":\"https:\\\/\\\/maisonroca.ad\\\/es\\\/tienda\\\/reloj-chanel-j12-bleu-calibre-12-2-de-33-mm-con-indices-de-diamantes\\\/#primaryimage\"},\"thumbnailUrl\":\"https:\\\/\\\/maisonroca.ad\\\/wp-content\\\/uploads\\\/2025\\\/04\\\/chanel-1.png\",\"datePublished\":\"2025-04-25T09:36:30+00:00\",\"dateModified\":\"2025-08-28T13:08:09+00:00\",\"description\":\"Descubre el reloj CHANEL J12 Bleu Calibre 12.2 de 33 mm, con cer\u00e1mica azul, \u00edndices de diamantes y movimiento autom\u00e1tico de manufactura.\",\"breadcrumb\":{\"@id\":\"https:\\\/\\\/maisonroca.ad\\\/es\\\/tienda\\\/reloj-chanel-j12-bleu-calibre-12-2-de-33-mm-con-indices-de-diamantes\\\/#breadcrumb\"},\"inLanguage\":\"es\",\"potentialAction\":[{\"@type\":\"ReadAction\",\"target\":[\"https:\\\/\\\/maisonroca.ad\\\/es\\\/tienda\\\/reloj-chanel-j12-bleu-calibre-12-2-de-33-mm-con-indices-de-diamantes\\\/\"]}]},{\"@type\":\"ImageObject\",\"inLanguage\":\"es\",\"@id\":\"https:\\\/\\\/maisonroca.ad\\\/es\\\/tienda\\\/reloj-chanel-j12-bleu-calibre-12-2-de-33-mm-con-indices-de-diamantes\\\/#primaryimage\",\"url\":\"https:\\\/\\\/maisonroca.ad\\\/wp-content\\\/uploads\\\/2025\\\/04\\\/chanel-1.png\",\"contentUrl\":\"https:\\\/\\\/maisonroca.ad\\\/wp-content\\\/uploads\\\/2025\\\/04\\\/chanel-1.png\",\"width\":1080,\"height\":1080,\"caption\":\"Rellotge CHANEL J12 Bleu Calibre 12.2 de 33mm amb cer\u00e0mica blava i \u00edndex de diamants\"},{\"@type\":\"BreadcrumbList\",\"@id\":\"https:\\\/\\\/maisonroca.ad\\\/es\\\/tienda\\\/reloj-chanel-j12-bleu-calibre-12-2-de-33-mm-con-indices-de-diamantes\\\/#breadcrumb\",\"itemListElement\":[{\"@type\":\"ListItem\",\"position\":1,\"name\":\"Portada\",\"item\":\"https:\\\/\\\/maisonroca.ad\\\/es\\\/\"},{\"@type\":\"ListItem\",\"position\":2,\"name\":\"Botiga\",\"item\":\"https:\\\/\\\/maisonroca.ad\\\/botiga\\\/\"},{\"@type\":\"ListItem\",\"position\":3,\"name\":\"RELOJ CHANEL J12 BLEU CALIBRE 12.2 DE 33 MM CON \u00cdNDICES DE DIAMANTES\"}]},{\"@type\":\"WebSite\",\"@id\":\"https:\\\/\\\/maisonroca.ad\\\/es\\\/#website\",\"url\":\"https:\\\/\\\/maisonroca.ad\\\/es\\\/\",\"name\":\"Maison Roca\",\"description\":\"Bold Luxury Life - joieria d&#039;autor - Andorra\",\"publisher\":{\"@id\":\"https:\\\/\\\/maisonroca.ad\\\/es\\\/#organization\"},\"potentialAction\":[{\"@type\":\"SearchAction\",\"target\":{\"@type\":\"EntryPoint\",\"urlTemplate\":\"https:\\\/\\\/maisonroca.ad\\\/es\\\/?s={search_term_string}\"},\"query-input\":{\"@type\":\"PropertyValueSpecification\",\"valueRequired\":true,\"valueName\":\"search_term_string\"}}],\"inLanguage\":\"es\"},{\"@type\":\"Organization\",\"@id\":\"https:\\\/\\\/maisonroca.ad\\\/es\\\/#organization\",\"name\":\"Maison Roca\",\"url\":\"https:\\\/\\\/maisonroca.ad\\\/es\\\/\",\"logo\":{\"@type\":\"ImageObject\",\"inLanguage\":\"es\",\"@id\":\"https:\\\/\\\/maisonroca.ad\\\/es\\\/#\\\/schema\\\/logo\\\/image\\\/\",\"url\":\"https:\\\/\\\/maisonroca.ad\\\/wp-content\\\/uploads\\\/2023\\\/10\\\/icono.png\",\"contentUrl\":\"https:\\\/\\\/maisonroca.ad\\\/wp-content\\\/uploads\\\/2023\\\/10\\\/icono.png\",\"width\":512,\"height\":512,\"caption\":\"Maison Roca\"},\"image\":{\"@id\":\"https:\\\/\\\/maisonroca.ad\\\/es\\\/#\\\/schema\\\/logo\\\/image\\\/\"},\"sameAs\":[\"https:\\\/\\\/www.facebook.com\\\/maisonroca\",\"https:\\\/\\\/www.instagram.com\\\/maisonroca\\\/\"]}]}<\/script>\n<meta property=\"product:price:currency\" content=\"EUR\" \/>\n<meta property=\"og:availability\" content=\"instock\" \/>\n<meta property=\"product:availability\" content=\"instock\" \/>\n<meta property=\"product:retailer_item_id\" content=\"H9657\" \/>\n<meta property=\"product:condition\" content=\"new\" \/>\n<!-- \/ Yoast SEO Premium plugin. -->","yoast_head_json":{"title":"RELOJ CHANEL J12 BLEU DE 33 MM CON DIAMANTES","description":"Descubre el reloj CHANEL J12 Bleu Calibre 12.2 de 33 mm, con cer\u00e1mica azul, \u00edndices de diamantes y movimiento autom\u00e1tico de manufactura.","robots":{"index":"index","follow":"follow","max-snippet":"max-snippet:-1","max-image-preview":"max-image-preview:large","max-video-preview":"max-video-preview:-1"},"canonical":"https:\/\/maisonroca.ad\/es\/tienda\/reloj-chanel-j12-bleu-calibre-12-2-de-33-mm-con-indices-de-diamantes\/","og_locale":"es_ES","og_type":"article","og_title":"RELOJ CHANEL J12 BLEU CALIBRE 12.2 DE 33 MM CON \u00cdNDICES DE DIAMANTES","og_description":"Descubre el reloj CHANEL J12 Bleu Calibre 12.2 de 33 mm, con cer\u00e1mica azul, \u00edndices de diamantes y movimiento autom\u00e1tico de manufactura.","og_url":"https:\/\/maisonroca.ad\/es\/tienda\/reloj-chanel-j12-bleu-calibre-12-2-de-33-mm-con-indices-de-diamantes\/","og_site_name":"Maison Roca","article_publisher":"https:\/\/www.facebook.com\/maisonroca","article_modified_time":"2025-08-28T13:08:09+00:00","og_image":[{"width":1080,"height":1080,"url":"https:\/\/maisonroca.ad\/wp-content\/uploads\/2025\/04\/chanel-1.png","type":"image\/png"}],"twitter_card":"summary_large_image","twitter_misc":{"Precio":"","Disponibilidad":"Disponible"},"schema":{"@context":"https:\/\/schema.org","@graph":[{"@type":"WebPage","@id":"https:\/\/maisonroca.ad\/es\/tienda\/reloj-chanel-j12-bleu-calibre-12-2-de-33-mm-con-indices-de-diamantes\/","url":"https:\/\/maisonroca.ad\/es\/tienda\/reloj-chanel-j12-bleu-calibre-12-2-de-33-mm-con-indices-de-diamantes\/","name":"RELOJ CHANEL J12 BLEU DE 33 MM CON DIAMANTES","isPartOf":{"@id":"https:\/\/maisonroca.ad\/es\/#website"},"primaryImageOfPage":{"@id":"https:\/\/maisonroca.ad\/es\/tienda\/reloj-chanel-j12-bleu-calibre-12-2-de-33-mm-con-indices-de-diamantes\/#primaryimage"},"image":{"@id":"https:\/\/maisonroca.ad\/es\/tienda\/reloj-chanel-j12-bleu-calibre-12-2-de-33-mm-con-indices-de-diamantes\/#primaryimage"},"thumbnailUrl":"https:\/\/maisonroca.ad\/wp-content\/uploads\/2025\/04\/chanel-1.png","datePublished":"2025-04-25T09:36:30+00:00","dateModified":"2025-08-28T13:08:09+00:00","description":"Descubre el reloj CHANEL J12 Bleu Calibre 12.2 de 33 mm, con cer\u00e1mica azul, \u00edndices de diamantes y movimiento autom\u00e1tico de manufactura.","breadcrumb":{"@id":"https:\/\/maisonroca.ad\/es\/tienda\/reloj-chanel-j12-bleu-calibre-12-2-de-33-mm-con-indices-de-diamantes\/#breadcrumb"},"inLanguage":"es","potentialAction":[{"@type":"ReadAction","target":["https:\/\/maisonroca.ad\/es\/tienda\/reloj-chanel-j12-bleu-calibre-12-2-de-33-mm-con-indices-de-diamantes\/"]}]},{"@type":"ImageObject","inLanguage":"es","@id":"https:\/\/maisonroca.ad\/es\/tienda\/reloj-chanel-j12-bleu-calibre-12-2-de-33-mm-con-indices-de-diamantes\/#primaryimage","url":"https:\/\/maisonroca.ad\/wp-content\/uploads\/2025\/04\/chanel-1.png","contentUrl":"https:\/\/maisonroca.ad\/wp-content\/uploads\/2025\/04\/chanel-1.png","width":1080,"height":1080,"caption":"Rellotge CHANEL J12 Bleu Calibre 12.2 de 33mm amb cer\u00e0mica blava i \u00edndex de diamants"},{"@type":"BreadcrumbList","@id":"https:\/\/maisonroca.ad\/es\/tienda\/reloj-chanel-j12-bleu-calibre-12-2-de-33-mm-con-indices-de-diamantes\/#breadcrumb","itemListElement":[{"@type":"ListItem","position":1,"name":"Portada","item":"https:\/\/maisonroca.ad\/es\/"},{"@type":"ListItem","position":2,"name":"Botiga","item":"https:\/\/maisonroca.ad\/botiga\/"},{"@type":"ListItem","position":3,"name":"RELOJ CHANEL J12 BLEU CALIBRE 12.2 DE 33 MM CON \u00cdNDICES DE DIAMANTES"}]},{"@type":"WebSite","@id":"https:\/\/maisonroca.ad\/es\/#website","url":"https:\/\/maisonroca.ad\/es\/","name":"Maison Roca","description":"Bold Luxury Life - joieria d&#039;autor - Andorra","publisher":{"@id":"https:\/\/maisonroca.ad\/es\/#organization"},"potentialAction":[{"@type":"SearchAction","target":{"@type":"EntryPoint","urlTemplate":"https:\/\/maisonroca.ad\/es\/?s={search_term_string}"},"query-input":{"@type":"PropertyValueSpecification","valueRequired":true,"valueName":"search_term_string"}}],"inLanguage":"es"},{"@type":"Organization","@id":"https:\/\/maisonroca.ad\/es\/#organization","name":"Maison Roca","url":"https:\/\/maisonroca.ad\/es\/","logo":{"@type":"ImageObject","inLanguage":"es","@id":"https:\/\/maisonroca.ad\/es\/#\/schema\/logo\/image\/","url":"https:\/\/maisonroca.ad\/wp-content\/uploads\/2023\/10\/icono.png","contentUrl":"https:\/\/maisonroca.ad\/wp-content\/uploads\/2023\/10\/icono.png","width":512,"height":512,"caption":"Maison Roca"},"image":{"@id":"https:\/\/maisonroca.ad\/es\/#\/schema\/logo\/image\/"},"sameAs":["https:\/\/www.facebook.com\/maisonroca","https:\/\/www.instagram.com\/maisonroca\/"]}]},"product_price_currency":"EUR","og_availability":"instock","product_availability":"instock","product_retailer_item_id":"H9657","product_condition":"new"},"_links":{"self":[{"href":"https:\/\/maisonroca.ad\/es\/wp-json\/wp\/v2\/product\/72285","targetHints":{"allow":["GET"]}}],"collection":[{"href":"https:\/\/maisonroca.ad\/es\/wp-json\/wp\/v2\/product"}],"about":[{"href":"https:\/\/maisonroca.ad\/es\/wp-json\/wp\/v2\/types\/product"}],"replies":[{"embeddable":true,"href":"https:\/\/maisonroca.ad\/es\/wp-json\/wp\/v2\/comments?post=72285"}],"version-history":[{"count":1,"href":"https:\/\/maisonroca.ad\/es\/wp-json\/wp\/v2\/product\/72285\/revisions"}],"predecessor-version":[{"id":72286,"href":"https:\/\/maisonroca.ad\/es\/wp-json\/wp\/v2\/product\/72285\/revisions\/72286"}],"wp:featuredmedia":[{"embeddable":true,"href":"https:\/\/maisonroca.ad\/es\/wp-json\/wp\/v2\/media\/72274"}],"wp:attachment":[{"href":"https:\/\/maisonroca.ad\/es\/wp-json\/wp\/v2\/media?parent=72285"}],"wp:term":[{"taxonomy":"product_brand","embeddable":true,"href":"https:\/\/maisonroca.ad\/es\/wp-json\/wp\/v2\/product_brand?post=72285"},{"taxonomy":"product_cat","embeddable":true,"href":"https:\/\/maisonroca.ad\/es\/wp-json\/wp\/v2\/product_cat?post=72285"},{"taxonomy":"product_tag","embeddable":true,"href":"https:\/\/maisonroca.ad\/es\/wp-json\/wp\/v2\/product_tag?post=72285"}],"curies":[{"name":"wp","href":"https:\/\/api.w.org\/{rel}","templated":true}]}}