{"id":72894,"date":"2025-05-21T13:13:56","date_gmt":"2025-05-21T11:13:56","guid":{"rendered":"https:\/\/maisonroca.ad\/?post_type=product&#038;p=72894"},"modified":"2025-08-06T16:59:48","modified_gmt":"2025-08-06T14:59:48","slug":"anillo-oro-blanco-diamantes-topacio-3","status":"publish","type":"product","link":"https:\/\/maisonroca.ad\/es\/tienda\/anillo-oro-blanco-diamantes-topacio-3\/","title":{"rendered":"ANILLO MAISON ROCA EN ORO BLANCO, DIAMANTES NATURALES Y TOPACIO"},"content":{"rendered":"<h4 data-start=\"490\" data-end=\"510\"><strong data-start=\"494\" data-end=\"510\">Descripci\u00f3n:<\/strong><\/h4>\n<p data-start=\"567\" data-end=\"974\"><strong data-start=\"567\" data-end=\"615\">Anillo de oro blanco con diamantes y topacio<\/strong> de <strong data-start=\"619\" data-end=\"634\">Maison Roca<\/strong>, elaborado en <strong data-start=\"649\" data-end=\"678\">oro blanco de 18 quilates<\/strong> y decorado con <strong data-start=\"694\" data-end=\"720\">34 diamantes naturales<\/strong> (0,10 ct) que aportan una <strong data-start=\"747\" data-end=\"778\">brillantez sutil y refinada<\/strong>. En el centro, un <strong data-start=\"797\" data-end=\"819\">topacio de 1,17 ct<\/strong>, de <strong data-start=\"824\" data-end=\"843\">talla exquisita<\/strong>, a\u00f1ade una <strong data-start=\"855\" data-end=\"886\">nota de color y luminosidad<\/strong> que define esta pieza. Forma parte de nuestra colecci\u00f3n de <strong data-start=\"946\" data-end=\"973\">alta joyer\u00eda en Andorra<\/strong>.<\/p>\n<h4 data-start=\"976\" data-end=\"1142\"><strong data-start=\"976\" data-end=\"998\">Detalles t\u00e9cnicos:<\/strong><\/h4>\n<ul>\n<li data-start=\"976\" data-end=\"1142\"><strong data-start=\"1003\" data-end=\"1016\">Material:<\/strong> Oro blanco de 18k<\/li>\n<li data-start=\"976\" data-end=\"1142\"><strong data-start=\"1039\" data-end=\"1063\">Diamantes naturales:<\/strong> 34 unidades \u2013 0,10 ct totales \u2013 GHSI<\/li>\n<li data-start=\"976\" data-end=\"1142\"><strong data-start=\"1122\" data-end=\"1134\">Topacio:<\/strong> 1,17 ct<\/li>\n<\/ul>\n","protected":false},"excerpt":{"rendered":"<p>Anell d\u2019or blanc amb 34 diamants i topazi (1,17 ct). Joieria fina a Andorra. Una pe\u00e7a Maison Roca de car\u00e0cter brillant i sofisticaci\u00f3.<\/p>\n","protected":false},"featured_media":72656,"comment_status":"open","ping_status":"closed","template":"","meta":{"_acf_changed":false,"_monsterinsights_skip_tracking":false,"_monsterinsights_sitenote_active":false,"_monsterinsights_sitenote_note":"","_monsterinsights_sitenote_category":0},"product_brand":[],"product_cat":[1217,1243],"product_tag":[1637,1571,2654,2723,1570,1582],"class_list":{"0":"post-72894","1":"product","2":"type-product","3":"status-publish","4":"has-post-thumbnail","6":"product_cat-joyas","7":"product_cat-maison-roca-es","8":"product_tag-collares","9":"product_tag-diamantes","10":"product_tag-maison-roca-es","11":"product_tag-naturals-es","12":"product_tag-oro-blanco","13":"product_tag-topacios","15":"first","16":"instock","17":"shipping-taxable","18":"purchasable","19":"product-type-simple"},"acf":[],"yoast_head":"<!-- This site is optimized with the Yoast SEO Premium plugin v26.8 (Yoast SEO v27.4) - https:\/\/yoast.com\/product\/yoast-seo-premium-wordpress\/ -->\n<title>Anillo de oro blanco con diamantes y topacio \u2013 Maison Roca<\/title>\n<meta name=\"description\" content=\"Anillo de oro blanco con diamantes y topacio. Alta joyer\u00eda en Andorra. Topacio central de 1,17 ct y 34 diamantes. Luz, elegancia y car\u00e1cter.\" \/>\n<meta name=\"robots\" content=\"index, follow, max-snippet:-1, max-image-preview:large, max-video-preview:-1\" \/>\n<link rel=\"canonical\" href=\"https:\/\/maisonroca.ad\/es\/tienda\/anillo-oro-blanco-diamantes-topacio-3\/\" \/>\n<meta property=\"og:locale\" content=\"es_ES\" \/>\n<meta property=\"og:type\" content=\"article\" \/>\n<meta property=\"og:title\" content=\"ANILLO MAISON ROCA EN ORO BLANCO, DIAMANTES NATURALES Y TOPACIO\" \/>\n<meta property=\"og:description\" content=\"Anillo de oro blanco con diamantes y topacio. Alta joyer\u00eda en Andorra. Topacio central de 1,17 ct y 34 diamantes. Luz, elegancia y car\u00e1cter.\" \/>\n<meta property=\"og:url\" content=\"https:\/\/maisonroca.ad\/es\/tienda\/anillo-oro-blanco-diamantes-topacio-3\/\" \/>\n<meta property=\"og:site_name\" content=\"Maison Roca\" \/>\n<meta property=\"article:publisher\" content=\"https:\/\/www.facebook.com\/maisonroca\" \/>\n<meta property=\"article:modified_time\" content=\"2025-08-06T14:59:48+00:00\" \/>\n<meta property=\"og:image\" content=\"https:\/\/maisonroca.ad\/wp-content\/uploads\/2025\/05\/RG726FMNWA814.jpg\" \/>\n\t<meta property=\"og:image:width\" content=\"1080\" \/>\n\t<meta property=\"og:image:height\" content=\"1080\" \/>\n\t<meta property=\"og:image:type\" content=\"image\/jpeg\" \/>\n<meta name=\"twitter:card\" content=\"summary_large_image\" \/>\n<meta name=\"twitter:label1\" content=\"Precio\" \/>\n\t<meta name=\"twitter:data1\" content=\"1.215,00&nbsp;&euro;\" \/>\n\t<meta name=\"twitter:label2\" content=\"Disponibilidad\" \/>\n\t<meta name=\"twitter:data2\" content=\"Disponible\" \/>\n<script type=\"application\/ld+json\" class=\"yoast-schema-graph\">{\"@context\":\"https:\\\/\\\/schema.org\",\"@graph\":[{\"@type\":\"WebPage\",\"@id\":\"https:\\\/\\\/maisonroca.ad\\\/es\\\/tienda\\\/anillo-oro-blanco-diamantes-topacio-3\\\/\",\"url\":\"https:\\\/\\\/maisonroca.ad\\\/es\\\/tienda\\\/anillo-oro-blanco-diamantes-topacio-3\\\/\",\"name\":\"Anillo de oro blanco con diamantes y topacio \u2013 Maison Roca\",\"isPartOf\":{\"@id\":\"https:\\\/\\\/maisonroca.ad\\\/es\\\/#website\"},\"primaryImageOfPage\":{\"@id\":\"https:\\\/\\\/maisonroca.ad\\\/es\\\/tienda\\\/anillo-oro-blanco-diamantes-topacio-3\\\/#primaryimage\"},\"image\":{\"@id\":\"https:\\\/\\\/maisonroca.ad\\\/es\\\/tienda\\\/anillo-oro-blanco-diamantes-topacio-3\\\/#primaryimage\"},\"thumbnailUrl\":\"https:\\\/\\\/maisonroca.ad\\\/wp-content\\\/uploads\\\/2025\\\/05\\\/RG726FMNWA814.jpg\",\"datePublished\":\"2025-05-21T11:13:56+00:00\",\"dateModified\":\"2025-08-06T14:59:48+00:00\",\"description\":\"Anillo de oro blanco con diamantes y topacio. Alta joyer\u00eda en Andorra. Topacio central de 1,17 ct y 34 diamantes. Luz, elegancia y car\u00e1cter.\",\"breadcrumb\":{\"@id\":\"https:\\\/\\\/maisonroca.ad\\\/es\\\/tienda\\\/anillo-oro-blanco-diamantes-topacio-3\\\/#breadcrumb\"},\"inLanguage\":\"es\",\"potentialAction\":[{\"@type\":\"ReadAction\",\"target\":[\"https:\\\/\\\/maisonroca.ad\\\/es\\\/tienda\\\/anillo-oro-blanco-diamantes-topacio-3\\\/\"]}]},{\"@type\":\"ImageObject\",\"inLanguage\":\"es\",\"@id\":\"https:\\\/\\\/maisonroca.ad\\\/es\\\/tienda\\\/anillo-oro-blanco-diamantes-topacio-3\\\/#primaryimage\",\"url\":\"https:\\\/\\\/maisonroca.ad\\\/wp-content\\\/uploads\\\/2025\\\/05\\\/RG726FMNWA814.jpg\",\"contentUrl\":\"https:\\\/\\\/maisonroca.ad\\\/wp-content\\\/uploads\\\/2025\\\/05\\\/RG726FMNWA814.jpg\",\"width\":1080,\"height\":1080,\"caption\":\"Anell d\u2019or blanc amb diamants naturals i topazi de Maison Roca\"},{\"@type\":\"BreadcrumbList\",\"@id\":\"https:\\\/\\\/maisonroca.ad\\\/es\\\/tienda\\\/anillo-oro-blanco-diamantes-topacio-3\\\/#breadcrumb\",\"itemListElement\":[{\"@type\":\"ListItem\",\"position\":1,\"name\":\"Portada\",\"item\":\"https:\\\/\\\/maisonroca.ad\\\/es\\\/\"},{\"@type\":\"ListItem\",\"position\":2,\"name\":\"Botiga\",\"item\":\"https:\\\/\\\/maisonroca.ad\\\/botiga\\\/\"},{\"@type\":\"ListItem\",\"position\":3,\"name\":\"ANILLO MAISON ROCA EN ORO BLANCO, DIAMANTES NATURALES Y TOPACIO\"}]},{\"@type\":\"WebSite\",\"@id\":\"https:\\\/\\\/maisonroca.ad\\\/es\\\/#website\",\"url\":\"https:\\\/\\\/maisonroca.ad\\\/es\\\/\",\"name\":\"Maison Roca\",\"description\":\"Bold Luxury Life - joieria d&#039;autor - Andorra\",\"publisher\":{\"@id\":\"https:\\\/\\\/maisonroca.ad\\\/es\\\/#organization\"},\"potentialAction\":[{\"@type\":\"SearchAction\",\"target\":{\"@type\":\"EntryPoint\",\"urlTemplate\":\"https:\\\/\\\/maisonroca.ad\\\/es\\\/?s={search_term_string}\"},\"query-input\":{\"@type\":\"PropertyValueSpecification\",\"valueRequired\":true,\"valueName\":\"search_term_string\"}}],\"inLanguage\":\"es\"},{\"@type\":\"Organization\",\"@id\":\"https:\\\/\\\/maisonroca.ad\\\/es\\\/#organization\",\"name\":\"Maison Roca\",\"url\":\"https:\\\/\\\/maisonroca.ad\\\/es\\\/\",\"logo\":{\"@type\":\"ImageObject\",\"inLanguage\":\"es\",\"@id\":\"https:\\\/\\\/maisonroca.ad\\\/es\\\/#\\\/schema\\\/logo\\\/image\\\/\",\"url\":\"https:\\\/\\\/maisonroca.ad\\\/wp-content\\\/uploads\\\/2023\\\/10\\\/icono.png\",\"contentUrl\":\"https:\\\/\\\/maisonroca.ad\\\/wp-content\\\/uploads\\\/2023\\\/10\\\/icono.png\",\"width\":512,\"height\":512,\"caption\":\"Maison Roca\"},\"image\":{\"@id\":\"https:\\\/\\\/maisonroca.ad\\\/es\\\/#\\\/schema\\\/logo\\\/image\\\/\"},\"sameAs\":[\"https:\\\/\\\/www.facebook.com\\\/maisonroca\",\"https:\\\/\\\/www.instagram.com\\\/maisonroca\\\/\"]}]}<\/script>\n<meta property=\"product:price:amount\" content=\"1215.00\" \/>\n<meta property=\"product:price:currency\" content=\"EUR\" \/>\n<meta property=\"og:availability\" content=\"instock\" \/>\n<meta property=\"product:availability\" content=\"instock\" \/>\n<meta property=\"product:retailer_item_id\" content=\"RG726FMNWA814\" \/>\n<meta property=\"product:condition\" content=\"new\" \/>\n<!-- \/ Yoast SEO Premium plugin. -->","yoast_head_json":{"title":"Anillo de oro blanco con diamantes y topacio \u2013 Maison Roca","description":"Anillo de oro blanco con diamantes y topacio. Alta joyer\u00eda en Andorra. Topacio central de 1,17 ct y 34 diamantes. Luz, elegancia y car\u00e1cter.","robots":{"index":"index","follow":"follow","max-snippet":"max-snippet:-1","max-image-preview":"max-image-preview:large","max-video-preview":"max-video-preview:-1"},"canonical":"https:\/\/maisonroca.ad\/es\/tienda\/anillo-oro-blanco-diamantes-topacio-3\/","og_locale":"es_ES","og_type":"article","og_title":"ANILLO MAISON ROCA EN ORO BLANCO, DIAMANTES NATURALES Y TOPACIO","og_description":"Anillo de oro blanco con diamantes y topacio. Alta joyer\u00eda en Andorra. Topacio central de 1,17 ct y 34 diamantes. Luz, elegancia y car\u00e1cter.","og_url":"https:\/\/maisonroca.ad\/es\/tienda\/anillo-oro-blanco-diamantes-topacio-3\/","og_site_name":"Maison Roca","article_publisher":"https:\/\/www.facebook.com\/maisonroca","article_modified_time":"2025-08-06T14:59:48+00:00","og_image":[{"width":1080,"height":1080,"url":"https:\/\/maisonroca.ad\/wp-content\/uploads\/2025\/05\/RG726FMNWA814.jpg","type":"image\/jpeg"}],"twitter_card":"summary_large_image","twitter_misc":{"Precio":"1.215,00&nbsp;&euro;","Disponibilidad":"Disponible"},"schema":{"@context":"https:\/\/schema.org","@graph":[{"@type":"WebPage","@id":"https:\/\/maisonroca.ad\/es\/tienda\/anillo-oro-blanco-diamantes-topacio-3\/","url":"https:\/\/maisonroca.ad\/es\/tienda\/anillo-oro-blanco-diamantes-topacio-3\/","name":"Anillo de oro blanco con diamantes y topacio \u2013 Maison Roca","isPartOf":{"@id":"https:\/\/maisonroca.ad\/es\/#website"},"primaryImageOfPage":{"@id":"https:\/\/maisonroca.ad\/es\/tienda\/anillo-oro-blanco-diamantes-topacio-3\/#primaryimage"},"image":{"@id":"https:\/\/maisonroca.ad\/es\/tienda\/anillo-oro-blanco-diamantes-topacio-3\/#primaryimage"},"thumbnailUrl":"https:\/\/maisonroca.ad\/wp-content\/uploads\/2025\/05\/RG726FMNWA814.jpg","datePublished":"2025-05-21T11:13:56+00:00","dateModified":"2025-08-06T14:59:48+00:00","description":"Anillo de oro blanco con diamantes y topacio. Alta joyer\u00eda en Andorra. Topacio central de 1,17 ct y 34 diamantes. Luz, elegancia y car\u00e1cter.","breadcrumb":{"@id":"https:\/\/maisonroca.ad\/es\/tienda\/anillo-oro-blanco-diamantes-topacio-3\/#breadcrumb"},"inLanguage":"es","potentialAction":[{"@type":"ReadAction","target":["https:\/\/maisonroca.ad\/es\/tienda\/anillo-oro-blanco-diamantes-topacio-3\/"]}]},{"@type":"ImageObject","inLanguage":"es","@id":"https:\/\/maisonroca.ad\/es\/tienda\/anillo-oro-blanco-diamantes-topacio-3\/#primaryimage","url":"https:\/\/maisonroca.ad\/wp-content\/uploads\/2025\/05\/RG726FMNWA814.jpg","contentUrl":"https:\/\/maisonroca.ad\/wp-content\/uploads\/2025\/05\/RG726FMNWA814.jpg","width":1080,"height":1080,"caption":"Anell d\u2019or blanc amb diamants naturals i topazi de Maison Roca"},{"@type":"BreadcrumbList","@id":"https:\/\/maisonroca.ad\/es\/tienda\/anillo-oro-blanco-diamantes-topacio-3\/#breadcrumb","itemListElement":[{"@type":"ListItem","position":1,"name":"Portada","item":"https:\/\/maisonroca.ad\/es\/"},{"@type":"ListItem","position":2,"name":"Botiga","item":"https:\/\/maisonroca.ad\/botiga\/"},{"@type":"ListItem","position":3,"name":"ANILLO MAISON ROCA EN ORO BLANCO, DIAMANTES NATURALES Y TOPACIO"}]},{"@type":"WebSite","@id":"https:\/\/maisonroca.ad\/es\/#website","url":"https:\/\/maisonroca.ad\/es\/","name":"Maison Roca","description":"Bold Luxury Life - joieria d&#039;autor - Andorra","publisher":{"@id":"https:\/\/maisonroca.ad\/es\/#organization"},"potentialAction":[{"@type":"SearchAction","target":{"@type":"EntryPoint","urlTemplate":"https:\/\/maisonroca.ad\/es\/?s={search_term_string}"},"query-input":{"@type":"PropertyValueSpecification","valueRequired":true,"valueName":"search_term_string"}}],"inLanguage":"es"},{"@type":"Organization","@id":"https:\/\/maisonroca.ad\/es\/#organization","name":"Maison Roca","url":"https:\/\/maisonroca.ad\/es\/","logo":{"@type":"ImageObject","inLanguage":"es","@id":"https:\/\/maisonroca.ad\/es\/#\/schema\/logo\/image\/","url":"https:\/\/maisonroca.ad\/wp-content\/uploads\/2023\/10\/icono.png","contentUrl":"https:\/\/maisonroca.ad\/wp-content\/uploads\/2023\/10\/icono.png","width":512,"height":512,"caption":"Maison Roca"},"image":{"@id":"https:\/\/maisonroca.ad\/es\/#\/schema\/logo\/image\/"},"sameAs":["https:\/\/www.facebook.com\/maisonroca","https:\/\/www.instagram.com\/maisonroca\/"]}]},"product_price_amount":"1215.00","product_price_currency":"EUR","og_availability":"instock","product_availability":"instock","product_retailer_item_id":"RG726FMNWA814","product_condition":"new"},"_links":{"self":[{"href":"https:\/\/maisonroca.ad\/es\/wp-json\/wp\/v2\/product\/72894","targetHints":{"allow":["GET"]}}],"collection":[{"href":"https:\/\/maisonroca.ad\/es\/wp-json\/wp\/v2\/product"}],"about":[{"href":"https:\/\/maisonroca.ad\/es\/wp-json\/wp\/v2\/types\/product"}],"replies":[{"embeddable":true,"href":"https:\/\/maisonroca.ad\/es\/wp-json\/wp\/v2\/comments?post=72894"}],"version-history":[{"count":7,"href":"https:\/\/maisonroca.ad\/es\/wp-json\/wp\/v2\/product\/72894\/revisions"}],"predecessor-version":[{"id":77823,"href":"https:\/\/maisonroca.ad\/es\/wp-json\/wp\/v2\/product\/72894\/revisions\/77823"}],"wp:featuredmedia":[{"embeddable":true,"href":"https:\/\/maisonroca.ad\/es\/wp-json\/wp\/v2\/media\/72656"}],"wp:attachment":[{"href":"https:\/\/maisonroca.ad\/es\/wp-json\/wp\/v2\/media?parent=72894"}],"wp:term":[{"taxonomy":"product_brand","embeddable":true,"href":"https:\/\/maisonroca.ad\/es\/wp-json\/wp\/v2\/product_brand?post=72894"},{"taxonomy":"product_cat","embeddable":true,"href":"https:\/\/maisonroca.ad\/es\/wp-json\/wp\/v2\/product_cat?post=72894"},{"taxonomy":"product_tag","embeddable":true,"href":"https:\/\/maisonroca.ad\/es\/wp-json\/wp\/v2\/product_tag?post=72894"}],"curies":[{"name":"wp","href":"https:\/\/api.w.org\/{rel}","templated":true}]}}