{"id":72910,"date":"2025-05-21T13:14:32","date_gmt":"2025-05-21T11:14:32","guid":{"rendered":"https:\/\/maisonroca.ad\/?post_type=product&#038;p=72910"},"modified":"2025-08-13T11:51:31","modified_gmt":"2025-08-13T09:51:31","slug":"anillo-oro-blanco-diamantes-topacio-2","status":"publish","type":"product","link":"https:\/\/maisonroca.ad\/es\/tienda\/anillo-oro-blanco-diamantes-topacio-2\/","title":{"rendered":"ANILLO MAISON ROCA EN ORO BLANCO, DIAMANTES NATURALES Y TOPACIO"},"content":{"rendered":"<p dir=\"ltr\">El anillo Maison Roca de oro blanco con topacio en Andorra combina la pureza del oro blanco con la luminosidad de las piedras preciosas. Elaborado en oro blanco de 18 quilates, incorpora un topacio central con tonalidad vibrante y talla precisa, que aporta frescura y sofisticaci\u00f3n.<\/p>\n<p dir=\"ltr\">Est\u00e1 decorado con diamantes naturales que suman, aportando un brillo sutil y refinado que realza la gema central. Esta pieza forma parte de la colecci\u00f3n de joyer\u00eda de alta gama de Maison Roca, dise\u00f1ada para mujeres que buscan exclusividad y distinci\u00f3n.<\/p>\n<p><strong>Detalles<\/strong><\/p>\n<ul>\n<li>Material: Oro blanco de 18k<\/li>\n<li>Gema central: Topacio \u2013 0,48 ct<\/li>\n<li>24 diamants naturales\u2013 0,06 ct totales \u2013 color G\u2013H \u2013 pureza SI<\/li>\n<\/ul>\n","protected":false},"excerpt":{"rendered":"<p>Anillo Maison Roca de oro blanco con topacio en Andorra, con diamantes naturales y acabado refinado. Una joya de alta gama con color fresco y elegancia atemporal.<\/p>\n","protected":false},"featured_media":72652,"comment_status":"open","ping_status":"closed","template":"","meta":{"_acf_changed":false,"_monsterinsights_skip_tracking":false,"_monsterinsights_sitenote_active":false,"_monsterinsights_sitenote_note":"","_monsterinsights_sitenote_category":0},"product_brand":[],"product_cat":[1217,1243],"product_tag":[1569,1630,2654,1579],"class_list":{"0":"post-72910","1":"product","2":"type-product","3":"status-publish","4":"has-post-thumbnail","6":"product_cat-joyas","7":"product_cat-maison-roca-es","8":"product_tag-anillos","9":"product_tag-esmeralda","10":"product_tag-maison-roca-es","11":"product_tag-oro-amarillo","13":"first","14":"instock","15":"shipping-taxable","16":"purchasable","17":"product-type-simple"},"acf":[],"yoast_head":"<!-- This site is optimized with the Yoast SEO Premium plugin v26.8 (Yoast SEO v27.3) - https:\/\/yoast.com\/product\/yoast-seo-premium-wordpress\/ -->\n<title>Anillo de oro blanco con diamantes y topacio | Maison Roca<\/title>\n<meta name=\"description\" content=\"Anillo Maison Roca de oro blanco con topacio en Andorra, joyer\u00eda de alta gama con diamantes naturales y acabado refinado. Desc\u00fabrelo en Maison Roca.\" \/>\n<meta name=\"robots\" content=\"index, follow, max-snippet:-1, max-image-preview:large, max-video-preview:-1\" \/>\n<link rel=\"canonical\" href=\"https:\/\/maisonroca.ad\/es\/tienda\/anillo-oro-blanco-diamantes-topacio-2\/\" \/>\n<meta property=\"og:locale\" content=\"es_ES\" \/>\n<meta property=\"og:type\" content=\"article\" \/>\n<meta property=\"og:title\" content=\"ANILLO MAISON ROCA EN ORO BLANCO, DIAMANTES NATURALES Y TOPACIO\" \/>\n<meta property=\"og:description\" content=\"Anillo Maison Roca de oro blanco con topacio en Andorra, joyer\u00eda de alta gama con diamantes naturales y acabado refinado. Desc\u00fabrelo en Maison Roca.\" \/>\n<meta property=\"og:url\" content=\"https:\/\/maisonroca.ad\/es\/tienda\/anillo-oro-blanco-diamantes-topacio-2\/\" \/>\n<meta property=\"og:site_name\" content=\"Maison Roca\" \/>\n<meta property=\"article:publisher\" content=\"https:\/\/www.facebook.com\/maisonroca\" \/>\n<meta property=\"article:modified_time\" content=\"2025-08-13T09:51:31+00:00\" \/>\n<meta property=\"og:image\" content=\"https:\/\/maisonroca.ad\/wp-content\/uploads\/2025\/05\/RG695FMNWA814.jpg\" \/>\n\t<meta property=\"og:image:width\" content=\"1080\" \/>\n\t<meta property=\"og:image:height\" content=\"1080\" \/>\n\t<meta property=\"og:image:type\" content=\"image\/jpeg\" \/>\n<meta name=\"twitter:card\" content=\"summary_large_image\" \/>\n<meta name=\"twitter:label1\" content=\"Precio\" \/>\n\t<meta name=\"twitter:data1\" content=\"1.265,00&nbsp;&euro;\" \/>\n\t<meta name=\"twitter:label2\" content=\"Disponibilidad\" \/>\n\t<meta name=\"twitter:data2\" content=\"Disponible\" \/>\n<script type=\"application\/ld+json\" class=\"yoast-schema-graph\">{\"@context\":\"https:\\\/\\\/schema.org\",\"@graph\":[{\"@type\":\"WebPage\",\"@id\":\"https:\\\/\\\/maisonroca.ad\\\/es\\\/tienda\\\/anillo-oro-blanco-diamantes-topacio-2\\\/\",\"url\":\"https:\\\/\\\/maisonroca.ad\\\/es\\\/tienda\\\/anillo-oro-blanco-diamantes-topacio-2\\\/\",\"name\":\"Anillo de oro blanco con diamantes y topacio | Maison Roca\",\"isPartOf\":{\"@id\":\"https:\\\/\\\/maisonroca.ad\\\/es\\\/#website\"},\"primaryImageOfPage\":{\"@id\":\"https:\\\/\\\/maisonroca.ad\\\/es\\\/tienda\\\/anillo-oro-blanco-diamantes-topacio-2\\\/#primaryimage\"},\"image\":{\"@id\":\"https:\\\/\\\/maisonroca.ad\\\/es\\\/tienda\\\/anillo-oro-blanco-diamantes-topacio-2\\\/#primaryimage\"},\"thumbnailUrl\":\"https:\\\/\\\/maisonroca.ad\\\/wp-content\\\/uploads\\\/2025\\\/05\\\/RG695FMNWA814.jpg\",\"datePublished\":\"2025-05-21T11:14:32+00:00\",\"dateModified\":\"2025-08-13T09:51:31+00:00\",\"description\":\"Anillo Maison Roca de oro blanco con topacio en Andorra, joyer\u00eda de alta gama con diamantes naturales y acabado refinado. Desc\u00fabrelo en Maison Roca.\",\"breadcrumb\":{\"@id\":\"https:\\\/\\\/maisonroca.ad\\\/es\\\/tienda\\\/anillo-oro-blanco-diamantes-topacio-2\\\/#breadcrumb\"},\"inLanguage\":\"es\",\"potentialAction\":[{\"@type\":\"ReadAction\",\"target\":[\"https:\\\/\\\/maisonroca.ad\\\/es\\\/tienda\\\/anillo-oro-blanco-diamantes-topacio-2\\\/\"]}]},{\"@type\":\"ImageObject\",\"inLanguage\":\"es\",\"@id\":\"https:\\\/\\\/maisonroca.ad\\\/es\\\/tienda\\\/anillo-oro-blanco-diamantes-topacio-2\\\/#primaryimage\",\"url\":\"https:\\\/\\\/maisonroca.ad\\\/wp-content\\\/uploads\\\/2025\\\/05\\\/RG695FMNWA814.jpg\",\"contentUrl\":\"https:\\\/\\\/maisonroca.ad\\\/wp-content\\\/uploads\\\/2025\\\/05\\\/RG695FMNWA814.jpg\",\"width\":1080,\"height\":1080,\"caption\":\"Anell d\u2019or blanc amb diamants naturals i topazi de Maison Roca\"},{\"@type\":\"BreadcrumbList\",\"@id\":\"https:\\\/\\\/maisonroca.ad\\\/es\\\/tienda\\\/anillo-oro-blanco-diamantes-topacio-2\\\/#breadcrumb\",\"itemListElement\":[{\"@type\":\"ListItem\",\"position\":1,\"name\":\"Portada\",\"item\":\"https:\\\/\\\/maisonroca.ad\\\/es\\\/\"},{\"@type\":\"ListItem\",\"position\":2,\"name\":\"Botiga\",\"item\":\"https:\\\/\\\/maisonroca.ad\\\/botiga\\\/\"},{\"@type\":\"ListItem\",\"position\":3,\"name\":\"ANILLO MAISON ROCA EN ORO BLANCO, DIAMANTES NATURALES Y TOPACIO\"}]},{\"@type\":\"WebSite\",\"@id\":\"https:\\\/\\\/maisonroca.ad\\\/es\\\/#website\",\"url\":\"https:\\\/\\\/maisonroca.ad\\\/es\\\/\",\"name\":\"Maison Roca\",\"description\":\"Bold Luxury Life - joieria d&#039;autor - Andorra\",\"publisher\":{\"@id\":\"https:\\\/\\\/maisonroca.ad\\\/es\\\/#organization\"},\"potentialAction\":[{\"@type\":\"SearchAction\",\"target\":{\"@type\":\"EntryPoint\",\"urlTemplate\":\"https:\\\/\\\/maisonroca.ad\\\/es\\\/?s={search_term_string}\"},\"query-input\":{\"@type\":\"PropertyValueSpecification\",\"valueRequired\":true,\"valueName\":\"search_term_string\"}}],\"inLanguage\":\"es\"},{\"@type\":\"Organization\",\"@id\":\"https:\\\/\\\/maisonroca.ad\\\/es\\\/#organization\",\"name\":\"Maison Roca\",\"url\":\"https:\\\/\\\/maisonroca.ad\\\/es\\\/\",\"logo\":{\"@type\":\"ImageObject\",\"inLanguage\":\"es\",\"@id\":\"https:\\\/\\\/maisonroca.ad\\\/es\\\/#\\\/schema\\\/logo\\\/image\\\/\",\"url\":\"https:\\\/\\\/maisonroca.ad\\\/wp-content\\\/uploads\\\/2023\\\/10\\\/icono.png\",\"contentUrl\":\"https:\\\/\\\/maisonroca.ad\\\/wp-content\\\/uploads\\\/2023\\\/10\\\/icono.png\",\"width\":512,\"height\":512,\"caption\":\"Maison Roca\"},\"image\":{\"@id\":\"https:\\\/\\\/maisonroca.ad\\\/es\\\/#\\\/schema\\\/logo\\\/image\\\/\"},\"sameAs\":[\"https:\\\/\\\/www.facebook.com\\\/maisonroca\",\"https:\\\/\\\/www.instagram.com\\\/maisonroca\\\/\"]}]}<\/script>\n<meta property=\"product:price:amount\" content=\"1265.00\" \/>\n<meta property=\"product:price:currency\" content=\"EUR\" \/>\n<meta property=\"og:availability\" content=\"instock\" \/>\n<meta property=\"product:availability\" content=\"instock\" \/>\n<meta property=\"product:retailer_item_id\" content=\"RG695FMNWA814\" \/>\n<meta property=\"product:condition\" content=\"new\" \/>\n<!-- \/ Yoast SEO Premium plugin. -->","yoast_head_json":{"title":"Anillo de oro blanco con diamantes y topacio | Maison Roca","description":"Anillo Maison Roca de oro blanco con topacio en Andorra, joyer\u00eda de alta gama con diamantes naturales y acabado refinado. Desc\u00fabrelo en Maison Roca.","robots":{"index":"index","follow":"follow","max-snippet":"max-snippet:-1","max-image-preview":"max-image-preview:large","max-video-preview":"max-video-preview:-1"},"canonical":"https:\/\/maisonroca.ad\/es\/tienda\/anillo-oro-blanco-diamantes-topacio-2\/","og_locale":"es_ES","og_type":"article","og_title":"ANILLO MAISON ROCA EN ORO BLANCO, DIAMANTES NATURALES Y TOPACIO","og_description":"Anillo Maison Roca de oro blanco con topacio en Andorra, joyer\u00eda de alta gama con diamantes naturales y acabado refinado. Desc\u00fabrelo en Maison Roca.","og_url":"https:\/\/maisonroca.ad\/es\/tienda\/anillo-oro-blanco-diamantes-topacio-2\/","og_site_name":"Maison Roca","article_publisher":"https:\/\/www.facebook.com\/maisonroca","article_modified_time":"2025-08-13T09:51:31+00:00","og_image":[{"width":1080,"height":1080,"url":"https:\/\/maisonroca.ad\/wp-content\/uploads\/2025\/05\/RG695FMNWA814.jpg","type":"image\/jpeg"}],"twitter_card":"summary_large_image","twitter_misc":{"Precio":"1.265,00&nbsp;&euro;","Disponibilidad":"Disponible"},"schema":{"@context":"https:\/\/schema.org","@graph":[{"@type":"WebPage","@id":"https:\/\/maisonroca.ad\/es\/tienda\/anillo-oro-blanco-diamantes-topacio-2\/","url":"https:\/\/maisonroca.ad\/es\/tienda\/anillo-oro-blanco-diamantes-topacio-2\/","name":"Anillo de oro blanco con diamantes y topacio | Maison Roca","isPartOf":{"@id":"https:\/\/maisonroca.ad\/es\/#website"},"primaryImageOfPage":{"@id":"https:\/\/maisonroca.ad\/es\/tienda\/anillo-oro-blanco-diamantes-topacio-2\/#primaryimage"},"image":{"@id":"https:\/\/maisonroca.ad\/es\/tienda\/anillo-oro-blanco-diamantes-topacio-2\/#primaryimage"},"thumbnailUrl":"https:\/\/maisonroca.ad\/wp-content\/uploads\/2025\/05\/RG695FMNWA814.jpg","datePublished":"2025-05-21T11:14:32+00:00","dateModified":"2025-08-13T09:51:31+00:00","description":"Anillo Maison Roca de oro blanco con topacio en Andorra, joyer\u00eda de alta gama con diamantes naturales y acabado refinado. Desc\u00fabrelo en Maison Roca.","breadcrumb":{"@id":"https:\/\/maisonroca.ad\/es\/tienda\/anillo-oro-blanco-diamantes-topacio-2\/#breadcrumb"},"inLanguage":"es","potentialAction":[{"@type":"ReadAction","target":["https:\/\/maisonroca.ad\/es\/tienda\/anillo-oro-blanco-diamantes-topacio-2\/"]}]},{"@type":"ImageObject","inLanguage":"es","@id":"https:\/\/maisonroca.ad\/es\/tienda\/anillo-oro-blanco-diamantes-topacio-2\/#primaryimage","url":"https:\/\/maisonroca.ad\/wp-content\/uploads\/2025\/05\/RG695FMNWA814.jpg","contentUrl":"https:\/\/maisonroca.ad\/wp-content\/uploads\/2025\/05\/RG695FMNWA814.jpg","width":1080,"height":1080,"caption":"Anell d\u2019or blanc amb diamants naturals i topazi de Maison Roca"},{"@type":"BreadcrumbList","@id":"https:\/\/maisonroca.ad\/es\/tienda\/anillo-oro-blanco-diamantes-topacio-2\/#breadcrumb","itemListElement":[{"@type":"ListItem","position":1,"name":"Portada","item":"https:\/\/maisonroca.ad\/es\/"},{"@type":"ListItem","position":2,"name":"Botiga","item":"https:\/\/maisonroca.ad\/botiga\/"},{"@type":"ListItem","position":3,"name":"ANILLO MAISON ROCA EN ORO BLANCO, DIAMANTES NATURALES Y TOPACIO"}]},{"@type":"WebSite","@id":"https:\/\/maisonroca.ad\/es\/#website","url":"https:\/\/maisonroca.ad\/es\/","name":"Maison Roca","description":"Bold Luxury Life - joieria d&#039;autor - Andorra","publisher":{"@id":"https:\/\/maisonroca.ad\/es\/#organization"},"potentialAction":[{"@type":"SearchAction","target":{"@type":"EntryPoint","urlTemplate":"https:\/\/maisonroca.ad\/es\/?s={search_term_string}"},"query-input":{"@type":"PropertyValueSpecification","valueRequired":true,"valueName":"search_term_string"}}],"inLanguage":"es"},{"@type":"Organization","@id":"https:\/\/maisonroca.ad\/es\/#organization","name":"Maison Roca","url":"https:\/\/maisonroca.ad\/es\/","logo":{"@type":"ImageObject","inLanguage":"es","@id":"https:\/\/maisonroca.ad\/es\/#\/schema\/logo\/image\/","url":"https:\/\/maisonroca.ad\/wp-content\/uploads\/2023\/10\/icono.png","contentUrl":"https:\/\/maisonroca.ad\/wp-content\/uploads\/2023\/10\/icono.png","width":512,"height":512,"caption":"Maison Roca"},"image":{"@id":"https:\/\/maisonroca.ad\/es\/#\/schema\/logo\/image\/"},"sameAs":["https:\/\/www.facebook.com\/maisonroca","https:\/\/www.instagram.com\/maisonroca\/"]}]},"product_price_amount":"1265.00","product_price_currency":"EUR","og_availability":"instock","product_availability":"instock","product_retailer_item_id":"RG695FMNWA814","product_condition":"new"},"_links":{"self":[{"href":"https:\/\/maisonroca.ad\/es\/wp-json\/wp\/v2\/product\/72910","targetHints":{"allow":["GET"]}}],"collection":[{"href":"https:\/\/maisonroca.ad\/es\/wp-json\/wp\/v2\/product"}],"about":[{"href":"https:\/\/maisonroca.ad\/es\/wp-json\/wp\/v2\/types\/product"}],"replies":[{"embeddable":true,"href":"https:\/\/maisonroca.ad\/es\/wp-json\/wp\/v2\/comments?post=72910"}],"version-history":[{"count":6,"href":"https:\/\/maisonroca.ad\/es\/wp-json\/wp\/v2\/product\/72910\/revisions"}],"predecessor-version":[{"id":78027,"href":"https:\/\/maisonroca.ad\/es\/wp-json\/wp\/v2\/product\/72910\/revisions\/78027"}],"wp:featuredmedia":[{"embeddable":true,"href":"https:\/\/maisonroca.ad\/es\/wp-json\/wp\/v2\/media\/72652"}],"wp:attachment":[{"href":"https:\/\/maisonroca.ad\/es\/wp-json\/wp\/v2\/media?parent=72910"}],"wp:term":[{"taxonomy":"product_brand","embeddable":true,"href":"https:\/\/maisonroca.ad\/es\/wp-json\/wp\/v2\/product_brand?post=72910"},{"taxonomy":"product_cat","embeddable":true,"href":"https:\/\/maisonroca.ad\/es\/wp-json\/wp\/v2\/product_cat?post=72910"},{"taxonomy":"product_tag","embeddable":true,"href":"https:\/\/maisonroca.ad\/es\/wp-json\/wp\/v2\/product_tag?post=72910"}],"curies":[{"name":"wp","href":"https:\/\/api.w.org\/{rel}","templated":true}]}}