{"id":72926,"date":"2025-05-21T13:25:07","date_gmt":"2025-05-21T11:25:07","guid":{"rendered":"https:\/\/maisonroca.ad\/?post_type=product&#038;p=72926"},"modified":"2025-08-12T17:05:27","modified_gmt":"2025-08-12T15:05:27","slug":"anillo-oro-amarillo-diamantes-esmeralda-zambia","status":"publish","type":"product","link":"https:\/\/maisonroca.ad\/es\/tienda\/anillo-oro-amarillo-diamantes-esmeralda-zambia\/","title":{"rendered":"ANILLO MAISON ROCA EN ORO AMARILLO, DIAMANTES NATURALES Y ESMERALDA ZAMBIA"},"content":{"rendered":"<p data-start=\"1970\" data-end=\"2290\">El anillo Maison Roca de oro amarillo con esmeralda de Zambia en Andorra combina la calidez del oro amarillo con la fuerza y la intensidad del verde de su gema central. Elaborado en oro amarillo de 18 quilates, est\u00e1 realzado con diamantes naturales que aportan una luminosidad sutil y elegante.<\/p>\n<p data-start=\"2292\" data-end=\"2572\">En el centro, una esmeralda de Zambia, con un verde intenso y talla refinada, a\u00f1ade profundidad y car\u00e1cter a una pieza con personalidad propia. Forma parte de la colecci\u00f3n de joyer\u00eda de alta gama de Maison Roca, dise\u00f1ada para mujeres que valoran la excelencia y la exclusividad.<\/p>\n<p data-start=\"2574\" data-end=\"2734\"><strong data-start=\"2574\" data-end=\"2586\">Detalles<\/strong><\/p>\n<ul>\n<li data-start=\"2574\" data-end=\"2734\">\u00a0Material: Oro amarillo 18k<\/li>\n<li data-start=\"2574\" data-end=\"2734\">Gema central: Esmeralda de Zambia \u2013 1,65 ct<\/li>\n<li data-start=\"2574\" data-end=\"2734\">40 diamantes naturales \u2013 0,32 ct total \u2013 color G\u2013H \u2013 pureza SI<\/li>\n<\/ul>\n<p><b>PRECIO A CONSULTAR\u00a0<\/b><\/p>\n","protected":false},"excerpt":{"rendered":"<p><span style=\"font-weight: 400;\">Anillo Maison Roca de oro amarillo con esmeralda de Zambia en Andorra, con diamantes naturales y acabado refinado. Una joya de alta gama con elegancia y personalidad propia.<\/span><\/p>\n","protected":false},"featured_media":72680,"comment_status":"open","ping_status":"closed","template":"","meta":{"_acf_changed":false,"_monsterinsights_skip_tracking":false,"_monsterinsights_sitenote_active":false,"_monsterinsights_sitenote_note":"","_monsterinsights_sitenote_category":0},"product_brand":[],"product_cat":[1217,1243],"product_tag":[1569,1571,2654,2723,1570,1572],"class_list":{"0":"post-72926","1":"product","2":"type-product","3":"status-publish","4":"has-post-thumbnail","6":"product_cat-joyas","7":"product_cat-maison-roca-es","8":"product_tag-anillos","9":"product_tag-diamantes","10":"product_tag-maison-roca-es","11":"product_tag-naturals-es","12":"product_tag-oro-blanco","13":"product_tag-oro-rosa","15":"first","16":"instock","17":"shipping-taxable","18":"product-type-simple"},"acf":[],"yoast_head":"<!-- This site is optimized with the Yoast SEO Premium plugin v26.8 (Yoast SEO v27.3) - https:\/\/yoast.com\/product\/yoast-seo-premium-wordpress\/ -->\n<title>Anillo de oro amarillo con diamantes y esmeralda | Maison Roca<\/title>\n<meta name=\"description\" content=\"Anillo Maison Roca de oro amarillo con esmeralda de Zambia, joyer\u00eda de alta gama con diamantes naturales y acabado refinado. Desc\u00fabrelo en Maison Roca.\" \/>\n<meta name=\"robots\" content=\"index, follow, max-snippet:-1, max-image-preview:large, max-video-preview:-1\" \/>\n<link rel=\"canonical\" href=\"https:\/\/maisonroca.ad\/es\/tienda\/anillo-oro-amarillo-diamantes-esmeralda-zambia\/\" \/>\n<meta property=\"og:locale\" content=\"es_ES\" \/>\n<meta property=\"og:type\" content=\"article\" \/>\n<meta property=\"og:title\" content=\"ANILLO MAISON ROCA EN ORO AMARILLO, DIAMANTES NATURALES Y ESMERALDA ZAMBIA\" \/>\n<meta property=\"og:description\" content=\"Anillo Maison Roca de oro amarillo con esmeralda de Zambia, joyer\u00eda de alta gama con diamantes naturales y acabado refinado. Desc\u00fabrelo en Maison Roca.\" \/>\n<meta property=\"og:url\" content=\"https:\/\/maisonroca.ad\/es\/tienda\/anillo-oro-amarillo-diamantes-esmeralda-zambia\/\" \/>\n<meta property=\"og:site_name\" content=\"Maison Roca\" \/>\n<meta property=\"article:publisher\" content=\"https:\/\/www.facebook.com\/maisonroca\" \/>\n<meta property=\"article:modified_time\" content=\"2025-08-12T15:05:27+00:00\" \/>\n<meta property=\"og:image\" content=\"https:\/\/maisonroca.ad\/wp-content\/uploads\/2025\/05\/RH261FMGYNQ14.jpg\" \/>\n\t<meta property=\"og:image:width\" content=\"1080\" \/>\n\t<meta property=\"og:image:height\" content=\"1080\" \/>\n\t<meta property=\"og:image:type\" content=\"image\/jpeg\" \/>\n<meta name=\"twitter:card\" content=\"summary_large_image\" \/>\n<meta name=\"twitter:label1\" content=\"Precio\" \/>\n\t<meta name=\"twitter:data1\" content=\"\" \/>\n\t<meta name=\"twitter:label2\" content=\"Disponibilidad\" \/>\n\t<meta name=\"twitter:data2\" content=\"Disponible\" \/>\n<script type=\"application\/ld+json\" class=\"yoast-schema-graph\">{\"@context\":\"https:\\\/\\\/schema.org\",\"@graph\":[{\"@type\":\"WebPage\",\"@id\":\"https:\\\/\\\/maisonroca.ad\\\/es\\\/tienda\\\/anillo-oro-amarillo-diamantes-esmeralda-zambia\\\/\",\"url\":\"https:\\\/\\\/maisonroca.ad\\\/es\\\/tienda\\\/anillo-oro-amarillo-diamantes-esmeralda-zambia\\\/\",\"name\":\"Anillo de oro amarillo con diamantes y esmeralda | Maison Roca\",\"isPartOf\":{\"@id\":\"https:\\\/\\\/maisonroca.ad\\\/es\\\/#website\"},\"primaryImageOfPage\":{\"@id\":\"https:\\\/\\\/maisonroca.ad\\\/es\\\/tienda\\\/anillo-oro-amarillo-diamantes-esmeralda-zambia\\\/#primaryimage\"},\"image\":{\"@id\":\"https:\\\/\\\/maisonroca.ad\\\/es\\\/tienda\\\/anillo-oro-amarillo-diamantes-esmeralda-zambia\\\/#primaryimage\"},\"thumbnailUrl\":\"https:\\\/\\\/maisonroca.ad\\\/wp-content\\\/uploads\\\/2025\\\/05\\\/RH261FMGYNQ14.jpg\",\"datePublished\":\"2025-05-21T11:25:07+00:00\",\"dateModified\":\"2025-08-12T15:05:27+00:00\",\"description\":\"Anillo Maison Roca de oro amarillo con esmeralda de Zambia, joyer\u00eda de alta gama con diamantes naturales y acabado refinado. Desc\u00fabrelo en Maison Roca.\",\"breadcrumb\":{\"@id\":\"https:\\\/\\\/maisonroca.ad\\\/es\\\/tienda\\\/anillo-oro-amarillo-diamantes-esmeralda-zambia\\\/#breadcrumb\"},\"inLanguage\":\"es\",\"potentialAction\":[{\"@type\":\"ReadAction\",\"target\":[\"https:\\\/\\\/maisonroca.ad\\\/es\\\/tienda\\\/anillo-oro-amarillo-diamantes-esmeralda-zambia\\\/\"]}]},{\"@type\":\"ImageObject\",\"inLanguage\":\"es\",\"@id\":\"https:\\\/\\\/maisonroca.ad\\\/es\\\/tienda\\\/anillo-oro-amarillo-diamantes-esmeralda-zambia\\\/#primaryimage\",\"url\":\"https:\\\/\\\/maisonroca.ad\\\/wp-content\\\/uploads\\\/2025\\\/05\\\/RH261FMGYNQ14.jpg\",\"contentUrl\":\"https:\\\/\\\/maisonroca.ad\\\/wp-content\\\/uploads\\\/2025\\\/05\\\/RH261FMGYNQ14.jpg\",\"width\":1080,\"height\":1080,\"caption\":\"Anell d\u2019or groc amb diamants naturals i maragda de Z\u00e0mbia de Maison Roca\"},{\"@type\":\"BreadcrumbList\",\"@id\":\"https:\\\/\\\/maisonroca.ad\\\/es\\\/tienda\\\/anillo-oro-amarillo-diamantes-esmeralda-zambia\\\/#breadcrumb\",\"itemListElement\":[{\"@type\":\"ListItem\",\"position\":1,\"name\":\"Portada\",\"item\":\"https:\\\/\\\/maisonroca.ad\\\/es\\\/\"},{\"@type\":\"ListItem\",\"position\":2,\"name\":\"Botiga\",\"item\":\"https:\\\/\\\/maisonroca.ad\\\/botiga\\\/\"},{\"@type\":\"ListItem\",\"position\":3,\"name\":\"ANILLO MAISON ROCA EN ORO AMARILLO, DIAMANTES NATURALES Y ESMERALDA ZAMBIA\"}]},{\"@type\":\"WebSite\",\"@id\":\"https:\\\/\\\/maisonroca.ad\\\/es\\\/#website\",\"url\":\"https:\\\/\\\/maisonroca.ad\\\/es\\\/\",\"name\":\"Maison Roca\",\"description\":\"Bold Luxury Life - joieria d&#039;autor - Andorra\",\"publisher\":{\"@id\":\"https:\\\/\\\/maisonroca.ad\\\/es\\\/#organization\"},\"potentialAction\":[{\"@type\":\"SearchAction\",\"target\":{\"@type\":\"EntryPoint\",\"urlTemplate\":\"https:\\\/\\\/maisonroca.ad\\\/es\\\/?s={search_term_string}\"},\"query-input\":{\"@type\":\"PropertyValueSpecification\",\"valueRequired\":true,\"valueName\":\"search_term_string\"}}],\"inLanguage\":\"es\"},{\"@type\":\"Organization\",\"@id\":\"https:\\\/\\\/maisonroca.ad\\\/es\\\/#organization\",\"name\":\"Maison Roca\",\"url\":\"https:\\\/\\\/maisonroca.ad\\\/es\\\/\",\"logo\":{\"@type\":\"ImageObject\",\"inLanguage\":\"es\",\"@id\":\"https:\\\/\\\/maisonroca.ad\\\/es\\\/#\\\/schema\\\/logo\\\/image\\\/\",\"url\":\"https:\\\/\\\/maisonroca.ad\\\/wp-content\\\/uploads\\\/2023\\\/10\\\/icono.png\",\"contentUrl\":\"https:\\\/\\\/maisonroca.ad\\\/wp-content\\\/uploads\\\/2023\\\/10\\\/icono.png\",\"width\":512,\"height\":512,\"caption\":\"Maison Roca\"},\"image\":{\"@id\":\"https:\\\/\\\/maisonroca.ad\\\/es\\\/#\\\/schema\\\/logo\\\/image\\\/\"},\"sameAs\":[\"https:\\\/\\\/www.facebook.com\\\/maisonroca\",\"https:\\\/\\\/www.instagram.com\\\/maisonroca\\\/\"]}]}<\/script>\n<meta property=\"product:price:currency\" content=\"EUR\" \/>\n<meta property=\"og:availability\" content=\"instock\" \/>\n<meta property=\"product:availability\" content=\"instock\" \/>\n<meta property=\"product:retailer_item_id\" content=\"RH261FMGYNQ14\" \/>\n<meta property=\"product:condition\" content=\"new\" \/>\n<!-- \/ Yoast SEO Premium plugin. -->","yoast_head_json":{"title":"Anillo de oro amarillo con diamantes y esmeralda | Maison Roca","description":"Anillo Maison Roca de oro amarillo con esmeralda de Zambia, joyer\u00eda de alta gama con diamantes naturales y acabado refinado. Desc\u00fabrelo en Maison Roca.","robots":{"index":"index","follow":"follow","max-snippet":"max-snippet:-1","max-image-preview":"max-image-preview:large","max-video-preview":"max-video-preview:-1"},"canonical":"https:\/\/maisonroca.ad\/es\/tienda\/anillo-oro-amarillo-diamantes-esmeralda-zambia\/","og_locale":"es_ES","og_type":"article","og_title":"ANILLO MAISON ROCA EN ORO AMARILLO, DIAMANTES NATURALES Y ESMERALDA ZAMBIA","og_description":"Anillo Maison Roca de oro amarillo con esmeralda de Zambia, joyer\u00eda de alta gama con diamantes naturales y acabado refinado. Desc\u00fabrelo en Maison Roca.","og_url":"https:\/\/maisonroca.ad\/es\/tienda\/anillo-oro-amarillo-diamantes-esmeralda-zambia\/","og_site_name":"Maison Roca","article_publisher":"https:\/\/www.facebook.com\/maisonroca","article_modified_time":"2025-08-12T15:05:27+00:00","og_image":[{"width":1080,"height":1080,"url":"https:\/\/maisonroca.ad\/wp-content\/uploads\/2025\/05\/RH261FMGYNQ14.jpg","type":"image\/jpeg"}],"twitter_card":"summary_large_image","twitter_misc":{"Precio":"","Disponibilidad":"Disponible"},"schema":{"@context":"https:\/\/schema.org","@graph":[{"@type":"WebPage","@id":"https:\/\/maisonroca.ad\/es\/tienda\/anillo-oro-amarillo-diamantes-esmeralda-zambia\/","url":"https:\/\/maisonroca.ad\/es\/tienda\/anillo-oro-amarillo-diamantes-esmeralda-zambia\/","name":"Anillo de oro amarillo con diamantes y esmeralda | Maison Roca","isPartOf":{"@id":"https:\/\/maisonroca.ad\/es\/#website"},"primaryImageOfPage":{"@id":"https:\/\/maisonroca.ad\/es\/tienda\/anillo-oro-amarillo-diamantes-esmeralda-zambia\/#primaryimage"},"image":{"@id":"https:\/\/maisonroca.ad\/es\/tienda\/anillo-oro-amarillo-diamantes-esmeralda-zambia\/#primaryimage"},"thumbnailUrl":"https:\/\/maisonroca.ad\/wp-content\/uploads\/2025\/05\/RH261FMGYNQ14.jpg","datePublished":"2025-05-21T11:25:07+00:00","dateModified":"2025-08-12T15:05:27+00:00","description":"Anillo Maison Roca de oro amarillo con esmeralda de Zambia, joyer\u00eda de alta gama con diamantes naturales y acabado refinado. Desc\u00fabrelo en Maison Roca.","breadcrumb":{"@id":"https:\/\/maisonroca.ad\/es\/tienda\/anillo-oro-amarillo-diamantes-esmeralda-zambia\/#breadcrumb"},"inLanguage":"es","potentialAction":[{"@type":"ReadAction","target":["https:\/\/maisonroca.ad\/es\/tienda\/anillo-oro-amarillo-diamantes-esmeralda-zambia\/"]}]},{"@type":"ImageObject","inLanguage":"es","@id":"https:\/\/maisonroca.ad\/es\/tienda\/anillo-oro-amarillo-diamantes-esmeralda-zambia\/#primaryimage","url":"https:\/\/maisonroca.ad\/wp-content\/uploads\/2025\/05\/RH261FMGYNQ14.jpg","contentUrl":"https:\/\/maisonroca.ad\/wp-content\/uploads\/2025\/05\/RH261FMGYNQ14.jpg","width":1080,"height":1080,"caption":"Anell d\u2019or groc amb diamants naturals i maragda de Z\u00e0mbia de Maison Roca"},{"@type":"BreadcrumbList","@id":"https:\/\/maisonroca.ad\/es\/tienda\/anillo-oro-amarillo-diamantes-esmeralda-zambia\/#breadcrumb","itemListElement":[{"@type":"ListItem","position":1,"name":"Portada","item":"https:\/\/maisonroca.ad\/es\/"},{"@type":"ListItem","position":2,"name":"Botiga","item":"https:\/\/maisonroca.ad\/botiga\/"},{"@type":"ListItem","position":3,"name":"ANILLO MAISON ROCA EN ORO AMARILLO, DIAMANTES NATURALES Y ESMERALDA ZAMBIA"}]},{"@type":"WebSite","@id":"https:\/\/maisonroca.ad\/es\/#website","url":"https:\/\/maisonroca.ad\/es\/","name":"Maison Roca","description":"Bold Luxury Life - joieria d&#039;autor - Andorra","publisher":{"@id":"https:\/\/maisonroca.ad\/es\/#organization"},"potentialAction":[{"@type":"SearchAction","target":{"@type":"EntryPoint","urlTemplate":"https:\/\/maisonroca.ad\/es\/?s={search_term_string}"},"query-input":{"@type":"PropertyValueSpecification","valueRequired":true,"valueName":"search_term_string"}}],"inLanguage":"es"},{"@type":"Organization","@id":"https:\/\/maisonroca.ad\/es\/#organization","name":"Maison Roca","url":"https:\/\/maisonroca.ad\/es\/","logo":{"@type":"ImageObject","inLanguage":"es","@id":"https:\/\/maisonroca.ad\/es\/#\/schema\/logo\/image\/","url":"https:\/\/maisonroca.ad\/wp-content\/uploads\/2023\/10\/icono.png","contentUrl":"https:\/\/maisonroca.ad\/wp-content\/uploads\/2023\/10\/icono.png","width":512,"height":512,"caption":"Maison Roca"},"image":{"@id":"https:\/\/maisonroca.ad\/es\/#\/schema\/logo\/image\/"},"sameAs":["https:\/\/www.facebook.com\/maisonroca","https:\/\/www.instagram.com\/maisonroca\/"]}]},"product_price_currency":"EUR","og_availability":"instock","product_availability":"instock","product_retailer_item_id":"RH261FMGYNQ14","product_condition":"new"},"_links":{"self":[{"href":"https:\/\/maisonroca.ad\/es\/wp-json\/wp\/v2\/product\/72926","targetHints":{"allow":["GET"]}}],"collection":[{"href":"https:\/\/maisonroca.ad\/es\/wp-json\/wp\/v2\/product"}],"about":[{"href":"https:\/\/maisonroca.ad\/es\/wp-json\/wp\/v2\/types\/product"}],"replies":[{"embeddable":true,"href":"https:\/\/maisonroca.ad\/es\/wp-json\/wp\/v2\/comments?post=72926"}],"version-history":[{"count":8,"href":"https:\/\/maisonroca.ad\/es\/wp-json\/wp\/v2\/product\/72926\/revisions"}],"predecessor-version":[{"id":78001,"href":"https:\/\/maisonroca.ad\/es\/wp-json\/wp\/v2\/product\/72926\/revisions\/78001"}],"wp:featuredmedia":[{"embeddable":true,"href":"https:\/\/maisonroca.ad\/es\/wp-json\/wp\/v2\/media\/72680"}],"wp:attachment":[{"href":"https:\/\/maisonroca.ad\/es\/wp-json\/wp\/v2\/media?parent=72926"}],"wp:term":[{"taxonomy":"product_brand","embeddable":true,"href":"https:\/\/maisonroca.ad\/es\/wp-json\/wp\/v2\/product_brand?post=72926"},{"taxonomy":"product_cat","embeddable":true,"href":"https:\/\/maisonroca.ad\/es\/wp-json\/wp\/v2\/product_cat?post=72926"},{"taxonomy":"product_tag","embeddable":true,"href":"https:\/\/maisonroca.ad\/es\/wp-json\/wp\/v2\/product_tag?post=72926"}],"curies":[{"name":"wp","href":"https:\/\/api.w.org\/{rel}","templated":true}]}}