{"id":74765,"date":"2025-05-23T18:32:54","date_gmt":"2025-05-23T16:32:54","guid":{"rendered":"https:\/\/maisonroca.ad\/?post_type=product&#038;p=74765"},"modified":"2025-09-08T11:13:54","modified_gmt":"2025-09-08T09:13:54","slug":"pulsera-oro-amarillo-esmeraldas-naturales","status":"publish","type":"product","link":"https:\/\/maisonroca.ad\/es\/tienda\/pulsera-oro-amarillo-esmeraldas-naturales\/","title":{"rendered":"PULSERA DE ORO AMARILLO CON ESMERALDAS"},"content":{"rendered":"<p data-start=\"1871\" data-end=\"2175\">El brazalete Maison Roca de oro amarillo con esmeraldas en Andorra combina la calidez del oro amarillo con la intensidad vibrante de sus gemas. Elaborado en oro amarillo de 18 quilates, est\u00e1 engastado con esmeraldas naturales seleccionadas por su tono verde intenso y homog\u00e9neo.<\/p>\n<p data-start=\"2177\" data-end=\"2462\">La disposici\u00f3n meticulosa de las piedras y el trabajo con metal noble ofrecen un acabado refinado y luminoso, lleno de personalidad. Forma parte de una selecci\u00f3n exclusiva de joyer\u00eda de alta gama de Maison Roca, pensada para mujeres que buscan elegancia y car\u00e1cter en una sola pieza.<\/p>\n<p data-start=\"2464\" data-end=\"2571\"><strong data-start=\"2464\" data-end=\"2485\">Detalles<\/strong><\/p>\n<ul>\n<li data-start=\"2464\" data-end=\"2571\">\u00a0Material: Oro amarillo 18k<\/li>\n<li data-start=\"2464\" data-end=\"2571\">Esmeraldas naturales: 54 piedras \u2013 4,86 ct total<\/li>\n<\/ul>\n<p><strong>PRECIO A CONSULTAR<\/strong><\/p>\n","protected":false},"excerpt":{"rendered":"<p><span style=\"font-weight: 400;\">Pulsera Maison Roca de oro amarillo con esmeraldas en Andorra, pieza exclusiva con gemas naturales y acabado refinado. Joyer\u00eda de alta gama con personalidad y elegancia.<\/span><\/p>\n","protected":false},"featured_media":72783,"comment_status":"open","ping_status":"closed","template":"","meta":{"_acf_changed":false,"_monsterinsights_skip_tracking":false,"_monsterinsights_sitenote_active":false,"_monsterinsights_sitenote_note":"","_monsterinsights_sitenote_category":0},"product_brand":[],"product_cat":[1217,1243],"product_tag":[1630,2654,1579],"class_list":{"0":"post-74765","1":"product","2":"type-product","3":"status-publish","4":"has-post-thumbnail","6":"product_cat-joyas","7":"product_cat-maison-roca-es","8":"product_tag-esmeralda","9":"product_tag-maison-roca-es","10":"product_tag-oro-amarillo","12":"first","13":"instock","14":"shipping-taxable","15":"product-type-simple"},"acf":[],"yoast_head":"<!-- This site is optimized with the Yoast SEO Premium plugin v26.8 (Yoast SEO v27.3) - https:\/\/yoast.com\/product\/yoast-seo-premium-wordpress\/ -->\n<title>Pulsera de oro amarillo con esmeraldas naturales | Maison Roca<\/title>\n<meta name=\"description\" content=\"Pulsera Maison Roca de oro amarillo con esmeraldas en Andorra, joyer\u00eda de alta gama con acabado refinado y gemas naturales. Desc\u00fabrela en Maison Roca.\" \/>\n<meta name=\"robots\" content=\"index, follow, max-snippet:-1, max-image-preview:large, max-video-preview:-1\" \/>\n<link rel=\"canonical\" href=\"https:\/\/maisonroca.ad\/es\/tienda\/pulsera-oro-amarillo-esmeraldas-naturales\/\" \/>\n<meta property=\"og:locale\" content=\"es_ES\" \/>\n<meta property=\"og:type\" content=\"article\" \/>\n<meta property=\"og:title\" content=\"PULSERA DE ORO AMARILLO CON ESMERALDAS\" \/>\n<meta property=\"og:description\" content=\"Pulsera Maison Roca de oro amarillo con esmeraldas en Andorra, joyer\u00eda de alta gama con acabado refinado y gemas naturales. Desc\u00fabrela en Maison Roca.\" \/>\n<meta property=\"og:url\" content=\"https:\/\/maisonroca.ad\/es\/tienda\/pulsera-oro-amarillo-esmeraldas-naturales\/\" \/>\n<meta property=\"og:site_name\" content=\"Maison Roca\" \/>\n<meta property=\"article:publisher\" content=\"https:\/\/www.facebook.com\/maisonroca\" \/>\n<meta property=\"article:modified_time\" content=\"2025-09-08T09:13:54+00:00\" \/>\n<meta property=\"og:image\" content=\"https:\/\/maisonroca.ad\/wp-content\/uploads\/2025\/05\/B3984FMGYN17O.jpg\" \/>\n\t<meta property=\"og:image:width\" content=\"760\" \/>\n\t<meta property=\"og:image:height\" content=\"760\" \/>\n\t<meta property=\"og:image:type\" content=\"image\/jpeg\" \/>\n<meta name=\"twitter:card\" content=\"summary_large_image\" \/>\n<meta name=\"twitter:label1\" content=\"Precio\" \/>\n\t<meta name=\"twitter:data1\" content=\"\" \/>\n\t<meta name=\"twitter:label2\" content=\"Disponibilidad\" \/>\n\t<meta name=\"twitter:data2\" content=\"Disponible\" \/>\n<script type=\"application\/ld+json\" class=\"yoast-schema-graph\">{\"@context\":\"https:\\\/\\\/schema.org\",\"@graph\":[{\"@type\":\"WebPage\",\"@id\":\"https:\\\/\\\/maisonroca.ad\\\/es\\\/tienda\\\/pulsera-oro-amarillo-esmeraldas-naturales\\\/\",\"url\":\"https:\\\/\\\/maisonroca.ad\\\/es\\\/tienda\\\/pulsera-oro-amarillo-esmeraldas-naturales\\\/\",\"name\":\"Pulsera de oro amarillo con esmeraldas naturales | Maison Roca\",\"isPartOf\":{\"@id\":\"https:\\\/\\\/maisonroca.ad\\\/es\\\/#website\"},\"primaryImageOfPage\":{\"@id\":\"https:\\\/\\\/maisonroca.ad\\\/es\\\/tienda\\\/pulsera-oro-amarillo-esmeraldas-naturales\\\/#primaryimage\"},\"image\":{\"@id\":\"https:\\\/\\\/maisonroca.ad\\\/es\\\/tienda\\\/pulsera-oro-amarillo-esmeraldas-naturales\\\/#primaryimage\"},\"thumbnailUrl\":\"https:\\\/\\\/maisonroca.ad\\\/wp-content\\\/uploads\\\/2025\\\/05\\\/B3984FMGYN17O.jpg\",\"datePublished\":\"2025-05-23T16:32:54+00:00\",\"dateModified\":\"2025-09-08T09:13:54+00:00\",\"description\":\"Pulsera Maison Roca de oro amarillo con esmeraldas en Andorra, joyer\u00eda de alta gama con acabado refinado y gemas naturales. Desc\u00fabrela en Maison Roca.\",\"breadcrumb\":{\"@id\":\"https:\\\/\\\/maisonroca.ad\\\/es\\\/tienda\\\/pulsera-oro-amarillo-esmeraldas-naturales\\\/#breadcrumb\"},\"inLanguage\":\"es\",\"potentialAction\":[{\"@type\":\"ReadAction\",\"target\":[\"https:\\\/\\\/maisonroca.ad\\\/es\\\/tienda\\\/pulsera-oro-amarillo-esmeraldas-naturales\\\/\"]}]},{\"@type\":\"ImageObject\",\"inLanguage\":\"es\",\"@id\":\"https:\\\/\\\/maisonroca.ad\\\/es\\\/tienda\\\/pulsera-oro-amarillo-esmeraldas-naturales\\\/#primaryimage\",\"url\":\"https:\\\/\\\/maisonroca.ad\\\/wp-content\\\/uploads\\\/2025\\\/05\\\/B3984FMGYN17O.jpg\",\"contentUrl\":\"https:\\\/\\\/maisonroca.ad\\\/wp-content\\\/uploads\\\/2025\\\/05\\\/B3984FMGYN17O.jpg\",\"width\":760,\"height\":760,\"caption\":\"Bra\u00e7alet d\u2019or groc amb maragdes naturals de Maison Roca\"},{\"@type\":\"BreadcrumbList\",\"@id\":\"https:\\\/\\\/maisonroca.ad\\\/es\\\/tienda\\\/pulsera-oro-amarillo-esmeraldas-naturales\\\/#breadcrumb\",\"itemListElement\":[{\"@type\":\"ListItem\",\"position\":1,\"name\":\"Portada\",\"item\":\"https:\\\/\\\/maisonroca.ad\\\/es\\\/\"},{\"@type\":\"ListItem\",\"position\":2,\"name\":\"Botiga\",\"item\":\"https:\\\/\\\/maisonroca.ad\\\/botiga\\\/\"},{\"@type\":\"ListItem\",\"position\":3,\"name\":\"PULSERA DE ORO AMARILLO CON ESMERALDAS\"}]},{\"@type\":\"WebSite\",\"@id\":\"https:\\\/\\\/maisonroca.ad\\\/es\\\/#website\",\"url\":\"https:\\\/\\\/maisonroca.ad\\\/es\\\/\",\"name\":\"Maison Roca\",\"description\":\"Bold Luxury Life - joieria d&#039;autor - Andorra\",\"publisher\":{\"@id\":\"https:\\\/\\\/maisonroca.ad\\\/es\\\/#organization\"},\"potentialAction\":[{\"@type\":\"SearchAction\",\"target\":{\"@type\":\"EntryPoint\",\"urlTemplate\":\"https:\\\/\\\/maisonroca.ad\\\/es\\\/?s={search_term_string}\"},\"query-input\":{\"@type\":\"PropertyValueSpecification\",\"valueRequired\":true,\"valueName\":\"search_term_string\"}}],\"inLanguage\":\"es\"},{\"@type\":\"Organization\",\"@id\":\"https:\\\/\\\/maisonroca.ad\\\/es\\\/#organization\",\"name\":\"Maison Roca\",\"url\":\"https:\\\/\\\/maisonroca.ad\\\/es\\\/\",\"logo\":{\"@type\":\"ImageObject\",\"inLanguage\":\"es\",\"@id\":\"https:\\\/\\\/maisonroca.ad\\\/es\\\/#\\\/schema\\\/logo\\\/image\\\/\",\"url\":\"https:\\\/\\\/maisonroca.ad\\\/wp-content\\\/uploads\\\/2023\\\/10\\\/icono.png\",\"contentUrl\":\"https:\\\/\\\/maisonroca.ad\\\/wp-content\\\/uploads\\\/2023\\\/10\\\/icono.png\",\"width\":512,\"height\":512,\"caption\":\"Maison Roca\"},\"image\":{\"@id\":\"https:\\\/\\\/maisonroca.ad\\\/es\\\/#\\\/schema\\\/logo\\\/image\\\/\"},\"sameAs\":[\"https:\\\/\\\/www.facebook.com\\\/maisonroca\",\"https:\\\/\\\/www.instagram.com\\\/maisonroca\\\/\"]}]}<\/script>\n<meta property=\"product:price:currency\" content=\"EUR\" \/>\n<meta property=\"og:availability\" content=\"instock\" \/>\n<meta property=\"product:availability\" content=\"instock\" \/>\n<meta property=\"product:retailer_item_id\" content=\"B3984FMGYN170\" \/>\n<meta property=\"product:condition\" content=\"new\" \/>\n<!-- \/ Yoast SEO Premium plugin. -->","yoast_head_json":{"title":"Pulsera de oro amarillo con esmeraldas naturales | Maison Roca","description":"Pulsera Maison Roca de oro amarillo con esmeraldas en Andorra, joyer\u00eda de alta gama con acabado refinado y gemas naturales. Desc\u00fabrela en Maison Roca.","robots":{"index":"index","follow":"follow","max-snippet":"max-snippet:-1","max-image-preview":"max-image-preview:large","max-video-preview":"max-video-preview:-1"},"canonical":"https:\/\/maisonroca.ad\/es\/tienda\/pulsera-oro-amarillo-esmeraldas-naturales\/","og_locale":"es_ES","og_type":"article","og_title":"PULSERA DE ORO AMARILLO CON ESMERALDAS","og_description":"Pulsera Maison Roca de oro amarillo con esmeraldas en Andorra, joyer\u00eda de alta gama con acabado refinado y gemas naturales. Desc\u00fabrela en Maison Roca.","og_url":"https:\/\/maisonroca.ad\/es\/tienda\/pulsera-oro-amarillo-esmeraldas-naturales\/","og_site_name":"Maison Roca","article_publisher":"https:\/\/www.facebook.com\/maisonroca","article_modified_time":"2025-09-08T09:13:54+00:00","og_image":[{"width":760,"height":760,"url":"https:\/\/maisonroca.ad\/wp-content\/uploads\/2025\/05\/B3984FMGYN17O.jpg","type":"image\/jpeg"}],"twitter_card":"summary_large_image","twitter_misc":{"Precio":"","Disponibilidad":"Disponible"},"schema":{"@context":"https:\/\/schema.org","@graph":[{"@type":"WebPage","@id":"https:\/\/maisonroca.ad\/es\/tienda\/pulsera-oro-amarillo-esmeraldas-naturales\/","url":"https:\/\/maisonroca.ad\/es\/tienda\/pulsera-oro-amarillo-esmeraldas-naturales\/","name":"Pulsera de oro amarillo con esmeraldas naturales | Maison Roca","isPartOf":{"@id":"https:\/\/maisonroca.ad\/es\/#website"},"primaryImageOfPage":{"@id":"https:\/\/maisonroca.ad\/es\/tienda\/pulsera-oro-amarillo-esmeraldas-naturales\/#primaryimage"},"image":{"@id":"https:\/\/maisonroca.ad\/es\/tienda\/pulsera-oro-amarillo-esmeraldas-naturales\/#primaryimage"},"thumbnailUrl":"https:\/\/maisonroca.ad\/wp-content\/uploads\/2025\/05\/B3984FMGYN17O.jpg","datePublished":"2025-05-23T16:32:54+00:00","dateModified":"2025-09-08T09:13:54+00:00","description":"Pulsera Maison Roca de oro amarillo con esmeraldas en Andorra, joyer\u00eda de alta gama con acabado refinado y gemas naturales. Desc\u00fabrela en Maison Roca.","breadcrumb":{"@id":"https:\/\/maisonroca.ad\/es\/tienda\/pulsera-oro-amarillo-esmeraldas-naturales\/#breadcrumb"},"inLanguage":"es","potentialAction":[{"@type":"ReadAction","target":["https:\/\/maisonroca.ad\/es\/tienda\/pulsera-oro-amarillo-esmeraldas-naturales\/"]}]},{"@type":"ImageObject","inLanguage":"es","@id":"https:\/\/maisonroca.ad\/es\/tienda\/pulsera-oro-amarillo-esmeraldas-naturales\/#primaryimage","url":"https:\/\/maisonroca.ad\/wp-content\/uploads\/2025\/05\/B3984FMGYN17O.jpg","contentUrl":"https:\/\/maisonroca.ad\/wp-content\/uploads\/2025\/05\/B3984FMGYN17O.jpg","width":760,"height":760,"caption":"Bra\u00e7alet d\u2019or groc amb maragdes naturals de Maison Roca"},{"@type":"BreadcrumbList","@id":"https:\/\/maisonroca.ad\/es\/tienda\/pulsera-oro-amarillo-esmeraldas-naturales\/#breadcrumb","itemListElement":[{"@type":"ListItem","position":1,"name":"Portada","item":"https:\/\/maisonroca.ad\/es\/"},{"@type":"ListItem","position":2,"name":"Botiga","item":"https:\/\/maisonroca.ad\/botiga\/"},{"@type":"ListItem","position":3,"name":"PULSERA DE ORO AMARILLO CON ESMERALDAS"}]},{"@type":"WebSite","@id":"https:\/\/maisonroca.ad\/es\/#website","url":"https:\/\/maisonroca.ad\/es\/","name":"Maison Roca","description":"Bold Luxury Life - joieria d&#039;autor - Andorra","publisher":{"@id":"https:\/\/maisonroca.ad\/es\/#organization"},"potentialAction":[{"@type":"SearchAction","target":{"@type":"EntryPoint","urlTemplate":"https:\/\/maisonroca.ad\/es\/?s={search_term_string}"},"query-input":{"@type":"PropertyValueSpecification","valueRequired":true,"valueName":"search_term_string"}}],"inLanguage":"es"},{"@type":"Organization","@id":"https:\/\/maisonroca.ad\/es\/#organization","name":"Maison Roca","url":"https:\/\/maisonroca.ad\/es\/","logo":{"@type":"ImageObject","inLanguage":"es","@id":"https:\/\/maisonroca.ad\/es\/#\/schema\/logo\/image\/","url":"https:\/\/maisonroca.ad\/wp-content\/uploads\/2023\/10\/icono.png","contentUrl":"https:\/\/maisonroca.ad\/wp-content\/uploads\/2023\/10\/icono.png","width":512,"height":512,"caption":"Maison Roca"},"image":{"@id":"https:\/\/maisonroca.ad\/es\/#\/schema\/logo\/image\/"},"sameAs":["https:\/\/www.facebook.com\/maisonroca","https:\/\/www.instagram.com\/maisonroca\/"]}]},"product_price_currency":"EUR","og_availability":"instock","product_availability":"instock","product_retailer_item_id":"B3984FMGYN170","product_condition":"new"},"_links":{"self":[{"href":"https:\/\/maisonroca.ad\/es\/wp-json\/wp\/v2\/product\/74765","targetHints":{"allow":["GET"]}}],"collection":[{"href":"https:\/\/maisonroca.ad\/es\/wp-json\/wp\/v2\/product"}],"about":[{"href":"https:\/\/maisonroca.ad\/es\/wp-json\/wp\/v2\/types\/product"}],"replies":[{"embeddable":true,"href":"https:\/\/maisonroca.ad\/es\/wp-json\/wp\/v2\/comments?post=74765"}],"version-history":[{"count":9,"href":"https:\/\/maisonroca.ad\/es\/wp-json\/wp\/v2\/product\/74765\/revisions"}],"predecessor-version":[{"id":77994,"href":"https:\/\/maisonroca.ad\/es\/wp-json\/wp\/v2\/product\/74765\/revisions\/77994"}],"wp:featuredmedia":[{"embeddable":true,"href":"https:\/\/maisonroca.ad\/es\/wp-json\/wp\/v2\/media\/72783"}],"wp:attachment":[{"href":"https:\/\/maisonroca.ad\/es\/wp-json\/wp\/v2\/media?parent=74765"}],"wp:term":[{"taxonomy":"product_brand","embeddable":true,"href":"https:\/\/maisonroca.ad\/es\/wp-json\/wp\/v2\/product_brand?post=74765"},{"taxonomy":"product_cat","embeddable":true,"href":"https:\/\/maisonroca.ad\/es\/wp-json\/wp\/v2\/product_cat?post=74765"},{"taxonomy":"product_tag","embeddable":true,"href":"https:\/\/maisonroca.ad\/es\/wp-json\/wp\/v2\/product_tag?post=74765"}],"curies":[{"name":"wp","href":"https:\/\/api.w.org\/{rel}","templated":true}]}}