{"id":75440,"date":"2025-05-27T15:50:05","date_gmt":"2025-05-27T13:50:05","guid":{"rendered":"https:\/\/maisonroca.ad\/?post_type=product&#038;p=75440"},"modified":"2026-03-12T10:19:16","modified_gmt":"2026-03-12T09:19:16","slug":"rellotge-baume-mercier-riviera-automatic-40-mm-edicio-limitada-calendari-perpetu-acer","status":"publish","type":"product","link":"https:\/\/maisonroca.ad\/es\/tienda\/rellotge-baume-mercier-riviera-automatic-40-mm-edicio-limitada-calendari-perpetu-acer\/","title":{"rendered":"RELLOTGE BAUME &#038; MERCIER RIVIERA AUTOM\u00c0TIC 40 MM EDICI\u00d3 LIMITADA CALENDARI PERPETU ACER"},"content":{"rendered":"<p>El rellotge Baume &amp; Mercier Riviera 10786 amb Calendari Perpetu (limitat a 50 peces) combina precisi\u00f3 i eleg\u00e0ncia esportiva.<\/p>\n<p>Impulsat pel calibre Manufactura Baumatic, aquest model de 40 mm destaca per la seva caixa d&#8217;acer de l\u00ednies purament arquitect\u00f2niques i una esfera grisa amb acabat \u00absoleil\u00bb, complementada amb comptadors \u00absnailed\u00bb i una massa oscil\u00b7lant daurada. El seu bra\u00e7alet d&#8217;acer inoxidable de 3 files intercanviables, amb bisell decorat, afegeix sofisticaci\u00f3.<\/p>\n<p>Aquest rellotge ret homenatge al Riviera hist\u00f2ric de 1985 i mira al futur amb un disseny contemporani i refinat. Acull un moviment Manufactura Baumatic amb 120 hores de reserva de marxa, assegurant una precisi\u00f3 excepcional. El seu bisell dodecagonal i el vidre de safir anti reflectant reforcen la seva est\u00e8tica atemporal.<\/p>\n<p>Cada rellotge est\u00e0 gravat amb una numeraci\u00f3 \u00abLimited Edition\u00bb, reflectint la visi\u00f3 moderna i l&#8217;excel\u00b7l\u00e8ncia rellotgera de Baume &amp; Mercier. Un model que fusiona el passat, el present i el futur de l&#8217;alta rellotgeria en una pe\u00e7a exclusiva i elegant.<\/p>\n<p>Detalls:<\/p>\n<p>\u2022 Moviment autom\u00e0tic CAL.BM13-1975AC2<br \/>\n\u2022 Vidre de safir<br \/>\n\u2022 Hermeticitat: 50 metres<br \/>\n\u2022 Calendari Perpetu<br \/>\n\u2022 Subesfera de dia de la setmana<br \/>\n\u2022 Indicador del mes i trimestre, calendari, hores, minuts i segons i fase llunar<\/p>\n","protected":false},"excerpt":{"rendered":"<p>El rellotge Baume &amp; Mercier Riviera 10786 amb Calendari Perpetu (limitat a 50 peces) combina precisi\u00f3 i eleg\u00e0ncia esportiva.<\/p>\n<p>Impulsat pel calibre Manufactura Baumatic, aquest model de 40 mm destaca per la seva caixa d&#8217;acer de l\u00ednies purament arquitect\u00f2niques i una esfera grisa amb acabat \u00absoleil\u00bb, complementada amb comptadors \u00absnailed\u00bb i una massa oscil\u00b7lant daurada. El seu bra\u00e7alet d&#8217;acer inoxidable de 3 files intercanviables, amb bisell decorat, afegeix sofisticaci\u00f3.<\/p>\n<p>Aquest rellotge ret homenatge al Riviera hist\u00f2ric de 1985 i mira al futur amb un disseny contemporani i refinat. Acull un moviment Manufactura Baumatic amb 120 hores de reserva de marxa, assegurant una precisi\u00f3 excepcional. El seu bisell dodecagonal i el vidre de safir anti reflectant reforcen la seva est\u00e8tica atemporal.<\/p>\n<p>Cada rellotge est\u00e0 gravat amb una numeraci\u00f3 \u00abLimited Edition\u00bb, reflectint la visi\u00f3 moderna i l&#8217;excel\u00b7l\u00e8ncia rellotgera de Baume &amp; Mercier. Un model que fusiona el passat, el present i el futur de l&#8217;alta rellotgeria en una pe\u00e7a exclusiva i elegant.<\/p>\n","protected":false},"featured_media":74697,"comment_status":"closed","ping_status":"closed","template":"","meta":{"_acf_changed":false,"_monsterinsights_skip_tracking":false,"_monsterinsights_sitenote_active":false,"_monsterinsights_sitenote_note":"","_monsterinsights_sitenote_category":0},"product_brand":[],"product_cat":[3011],"product_tag":[2140,1595,2901,2221,2129,2885,2903,2924,4070,2530],"class_list":{"0":"post-75440","1":"product","2":"type-product","3":"status-publish","4":"has-post-thumbnail","6":"product_cat-sense-categoria-es","7":"product_tag-40-mm-2","8":"product_tag-acero","9":"product_tag-antracita-es","10":"product_tag-automatic-2-2","11":"product_tag-baume-mercier-2","12":"product_tag-esportiu-es","13":"product_tag-gran-complicacio-es","14":"product_tag-menys-de-100-metres-es","15":"product_tag-rellotge","16":"product_tag-senor","18":"first","19":"instock","20":"shipping-taxable","21":"product-type-simple"},"acf":[],"yoast_head":"<!-- This site is optimized with the Yoast SEO Premium plugin v26.8 (Yoast SEO v27.4) - https:\/\/yoast.com\/product\/yoast-seo-premium-wordpress\/ -->\n<title>RELLOTGE BAUME &amp; MERCIER RIVIERA AUTOM\u00c0TIC 40 MM EDICI\u00d3 LIMITADA CALENDARI PERPETU ACER - Maison Roca<\/title>\n<meta name=\"robots\" content=\"index, follow, max-snippet:-1, max-image-preview:large, max-video-preview:-1\" \/>\n<link rel=\"canonical\" href=\"https:\/\/maisonroca.ad\/es\/tienda\/rellotge-baume-mercier-riviera-automatic-40-mm-edicio-limitada-calendari-perpetu-acer\/\" \/>\n<meta property=\"og:locale\" content=\"es_ES\" \/>\n<meta property=\"og:type\" content=\"article\" \/>\n<meta property=\"og:title\" content=\"RELLOTGE BAUME &amp; MERCIER RIVIERA AUTOM\u00c0TIC 40 MM EDICI\u00d3 LIMITADA CALENDARI PERPETU ACER\" \/>\n<meta property=\"og:description\" content=\"El rellotge Baume &amp; Mercier Riviera 10786 amb Calendari Perpetu (limitat a 50 peces) combina precisi\u00f3 i eleg\u00e0ncia esportiva.  Impulsat pel calibre Manufactura Baumatic, aquest model de 40 mm destaca per la seva caixa d&#039;acer de l\u00ednies purament arquitect\u00f2niques i una esfera grisa amb acabat &quot;soleil&quot;, complementada amb comptadors &quot;snailed&quot; i una massa oscil\u00b7lant daurada. El seu bra\u00e7alet d&#039;acer inoxidable de 3 files intercanviables, amb bisell decorat, afegeix sofisticaci\u00f3.  Aquest rellotge ret homenatge al Riviera hist\u00f2ric de 1985 i mira al futur amb un disseny contemporani i refinat. Acull un moviment Manufactura Baumatic amb 120 hores de reserva de marxa, assegurant una precisi\u00f3 excepcional. El seu bisell dodecagonal i el vidre de safir anti reflectant reforcen la seva est\u00e8tica atemporal.  Cada rellotge est\u00e0 gravat amb una numeraci\u00f3 &quot;Limited Edition&quot;, reflectint la visi\u00f3 moderna i l&#039;excel\u00b7l\u00e8ncia rellotgera de Baume &amp; Mercier. Un model que fusiona el passat, el present i el futur de l&#039;alta rellotgeria en una pe\u00e7a exclusiva i elegant.\" \/>\n<meta property=\"og:url\" content=\"https:\/\/maisonroca.ad\/es\/tienda\/rellotge-baume-mercier-riviera-automatic-40-mm-edicio-limitada-calendari-perpetu-acer\/\" \/>\n<meta property=\"og:site_name\" content=\"Maison Roca\" \/>\n<meta property=\"article:publisher\" content=\"https:\/\/www.facebook.com\/maisonroca\" \/>\n<meta property=\"article:modified_time\" content=\"2026-03-12T09:19:16+00:00\" \/>\n<meta property=\"og:image\" content=\"https:\/\/maisonroca.ad\/wp-content\/uploads\/2025\/05\/m0a10786.jpg\" \/>\n\t<meta property=\"og:image:width\" content=\"1080\" \/>\n\t<meta property=\"og:image:height\" content=\"1080\" \/>\n\t<meta property=\"og:image:type\" content=\"image\/jpeg\" \/>\n<meta name=\"twitter:card\" content=\"summary_large_image\" \/>\n<meta name=\"twitter:label1\" content=\"Precio\" \/>\n\t<meta name=\"twitter:data1\" content=\"\" \/>\n\t<meta name=\"twitter:label2\" content=\"Disponibilidad\" \/>\n\t<meta name=\"twitter:data2\" content=\"Disponible\" \/>\n<script type=\"application\/ld+json\" class=\"yoast-schema-graph\">{\"@context\":\"https:\\\/\\\/schema.org\",\"@graph\":[{\"@type\":\"WebPage\",\"@id\":\"https:\\\/\\\/maisonroca.ad\\\/es\\\/tienda\\\/rellotge-baume-mercier-riviera-automatic-40-mm-edicio-limitada-calendari-perpetu-acer\\\/\",\"url\":\"https:\\\/\\\/maisonroca.ad\\\/es\\\/tienda\\\/rellotge-baume-mercier-riviera-automatic-40-mm-edicio-limitada-calendari-perpetu-acer\\\/\",\"name\":\"RELLOTGE BAUME & MERCIER RIVIERA AUTOM\u00c0TIC 40 MM EDICI\u00d3 LIMITADA CALENDARI PERPETU ACER - Maison Roca\",\"isPartOf\":{\"@id\":\"https:\\\/\\\/maisonroca.ad\\\/es\\\/#website\"},\"primaryImageOfPage\":{\"@id\":\"https:\\\/\\\/maisonroca.ad\\\/es\\\/tienda\\\/rellotge-baume-mercier-riviera-automatic-40-mm-edicio-limitada-calendari-perpetu-acer\\\/#primaryimage\"},\"image\":{\"@id\":\"https:\\\/\\\/maisonroca.ad\\\/es\\\/tienda\\\/rellotge-baume-mercier-riviera-automatic-40-mm-edicio-limitada-calendari-perpetu-acer\\\/#primaryimage\"},\"thumbnailUrl\":\"https:\\\/\\\/maisonroca.ad\\\/wp-content\\\/uploads\\\/2025\\\/05\\\/m0a10786.jpg\",\"datePublished\":\"2025-05-27T13:50:05+00:00\",\"dateModified\":\"2026-03-12T09:19:16+00:00\",\"breadcrumb\":{\"@id\":\"https:\\\/\\\/maisonroca.ad\\\/es\\\/tienda\\\/rellotge-baume-mercier-riviera-automatic-40-mm-edicio-limitada-calendari-perpetu-acer\\\/#breadcrumb\"},\"inLanguage\":\"es\",\"potentialAction\":[{\"@type\":\"ReadAction\",\"target\":[\"https:\\\/\\\/maisonroca.ad\\\/es\\\/tienda\\\/rellotge-baume-mercier-riviera-automatic-40-mm-edicio-limitada-calendari-perpetu-acer\\\/\"]}]},{\"@type\":\"ImageObject\",\"inLanguage\":\"es\",\"@id\":\"https:\\\/\\\/maisonroca.ad\\\/es\\\/tienda\\\/rellotge-baume-mercier-riviera-automatic-40-mm-edicio-limitada-calendari-perpetu-acer\\\/#primaryimage\",\"url\":\"https:\\\/\\\/maisonroca.ad\\\/wp-content\\\/uploads\\\/2025\\\/05\\\/m0a10786.jpg\",\"contentUrl\":\"https:\\\/\\\/maisonroca.ad\\\/wp-content\\\/uploads\\\/2025\\\/05\\\/m0a10786.jpg\",\"width\":1080,\"height\":1080},{\"@type\":\"BreadcrumbList\",\"@id\":\"https:\\\/\\\/maisonroca.ad\\\/es\\\/tienda\\\/rellotge-baume-mercier-riviera-automatic-40-mm-edicio-limitada-calendari-perpetu-acer\\\/#breadcrumb\",\"itemListElement\":[{\"@type\":\"ListItem\",\"position\":1,\"name\":\"Portada\",\"item\":\"https:\\\/\\\/maisonroca.ad\\\/es\\\/\"},{\"@type\":\"ListItem\",\"position\":2,\"name\":\"Botiga\",\"item\":\"https:\\\/\\\/maisonroca.ad\\\/botiga\\\/\"},{\"@type\":\"ListItem\",\"position\":3,\"name\":\"RELLOTGE BAUME &#038; MERCIER RIVIERA AUTOM\u00c0TIC 40 MM EDICI\u00d3 LIMITADA CALENDARI PERPETU ACER\"}]},{\"@type\":\"WebSite\",\"@id\":\"https:\\\/\\\/maisonroca.ad\\\/es\\\/#website\",\"url\":\"https:\\\/\\\/maisonroca.ad\\\/es\\\/\",\"name\":\"Maison Roca\",\"description\":\"Bold Luxury Life - joieria d&#039;autor - Andorra\",\"publisher\":{\"@id\":\"https:\\\/\\\/maisonroca.ad\\\/es\\\/#organization\"},\"potentialAction\":[{\"@type\":\"SearchAction\",\"target\":{\"@type\":\"EntryPoint\",\"urlTemplate\":\"https:\\\/\\\/maisonroca.ad\\\/es\\\/?s={search_term_string}\"},\"query-input\":{\"@type\":\"PropertyValueSpecification\",\"valueRequired\":true,\"valueName\":\"search_term_string\"}}],\"inLanguage\":\"es\"},{\"@type\":\"Organization\",\"@id\":\"https:\\\/\\\/maisonroca.ad\\\/es\\\/#organization\",\"name\":\"Maison Roca\",\"url\":\"https:\\\/\\\/maisonroca.ad\\\/es\\\/\",\"logo\":{\"@type\":\"ImageObject\",\"inLanguage\":\"es\",\"@id\":\"https:\\\/\\\/maisonroca.ad\\\/es\\\/#\\\/schema\\\/logo\\\/image\\\/\",\"url\":\"https:\\\/\\\/maisonroca.ad\\\/wp-content\\\/uploads\\\/2023\\\/10\\\/icono.png\",\"contentUrl\":\"https:\\\/\\\/maisonroca.ad\\\/wp-content\\\/uploads\\\/2023\\\/10\\\/icono.png\",\"width\":512,\"height\":512,\"caption\":\"Maison Roca\"},\"image\":{\"@id\":\"https:\\\/\\\/maisonroca.ad\\\/es\\\/#\\\/schema\\\/logo\\\/image\\\/\"},\"sameAs\":[\"https:\\\/\\\/www.facebook.com\\\/maisonroca\",\"https:\\\/\\\/www.instagram.com\\\/maisonroca\\\/\"]}]}<\/script>\n<meta property=\"product:price:currency\" content=\"EUR\" \/>\n<meta property=\"og:availability\" content=\"instock\" \/>\n<meta property=\"product:availability\" content=\"instock\" \/>\n<meta property=\"product:retailer_item_id\" content=\"M0A10786\" \/>\n<meta property=\"product:condition\" content=\"new\" \/>\n<!-- \/ Yoast SEO Premium plugin. -->","yoast_head_json":{"title":"RELLOTGE BAUME & MERCIER RIVIERA AUTOM\u00c0TIC 40 MM EDICI\u00d3 LIMITADA CALENDARI PERPETU ACER - Maison Roca","robots":{"index":"index","follow":"follow","max-snippet":"max-snippet:-1","max-image-preview":"max-image-preview:large","max-video-preview":"max-video-preview:-1"},"canonical":"https:\/\/maisonroca.ad\/es\/tienda\/rellotge-baume-mercier-riviera-automatic-40-mm-edicio-limitada-calendari-perpetu-acer\/","og_locale":"es_ES","og_type":"article","og_title":"RELLOTGE BAUME & MERCIER RIVIERA AUTOM\u00c0TIC 40 MM EDICI\u00d3 LIMITADA CALENDARI PERPETU ACER","og_description":"El rellotge Baume &amp; Mercier Riviera 10786 amb Calendari Perpetu (limitat a 50 peces) combina precisi\u00f3 i eleg\u00e0ncia esportiva.  Impulsat pel calibre Manufactura Baumatic, aquest model de 40 mm destaca per la seva caixa d'acer de l\u00ednies purament arquitect\u00f2niques i una esfera grisa amb acabat \"soleil\", complementada amb comptadors \"snailed\" i una massa oscil\u00b7lant daurada. El seu bra\u00e7alet d'acer inoxidable de 3 files intercanviables, amb bisell decorat, afegeix sofisticaci\u00f3.  Aquest rellotge ret homenatge al Riviera hist\u00f2ric de 1985 i mira al futur amb un disseny contemporani i refinat. Acull un moviment Manufactura Baumatic amb 120 hores de reserva de marxa, assegurant una precisi\u00f3 excepcional. El seu bisell dodecagonal i el vidre de safir anti reflectant reforcen la seva est\u00e8tica atemporal.  Cada rellotge est\u00e0 gravat amb una numeraci\u00f3 \"Limited Edition\", reflectint la visi\u00f3 moderna i l'excel\u00b7l\u00e8ncia rellotgera de Baume &amp; Mercier. Un model que fusiona el passat, el present i el futur de l'alta rellotgeria en una pe\u00e7a exclusiva i elegant.","og_url":"https:\/\/maisonroca.ad\/es\/tienda\/rellotge-baume-mercier-riviera-automatic-40-mm-edicio-limitada-calendari-perpetu-acer\/","og_site_name":"Maison Roca","article_publisher":"https:\/\/www.facebook.com\/maisonroca","article_modified_time":"2026-03-12T09:19:16+00:00","og_image":[{"width":1080,"height":1080,"url":"https:\/\/maisonroca.ad\/wp-content\/uploads\/2025\/05\/m0a10786.jpg","type":"image\/jpeg"}],"twitter_card":"summary_large_image","twitter_misc":{"Precio":"","Disponibilidad":"Disponible"},"schema":{"@context":"https:\/\/schema.org","@graph":[{"@type":"WebPage","@id":"https:\/\/maisonroca.ad\/es\/tienda\/rellotge-baume-mercier-riviera-automatic-40-mm-edicio-limitada-calendari-perpetu-acer\/","url":"https:\/\/maisonroca.ad\/es\/tienda\/rellotge-baume-mercier-riviera-automatic-40-mm-edicio-limitada-calendari-perpetu-acer\/","name":"RELLOTGE BAUME & MERCIER RIVIERA AUTOM\u00c0TIC 40 MM EDICI\u00d3 LIMITADA CALENDARI PERPETU ACER - Maison Roca","isPartOf":{"@id":"https:\/\/maisonroca.ad\/es\/#website"},"primaryImageOfPage":{"@id":"https:\/\/maisonroca.ad\/es\/tienda\/rellotge-baume-mercier-riviera-automatic-40-mm-edicio-limitada-calendari-perpetu-acer\/#primaryimage"},"image":{"@id":"https:\/\/maisonroca.ad\/es\/tienda\/rellotge-baume-mercier-riviera-automatic-40-mm-edicio-limitada-calendari-perpetu-acer\/#primaryimage"},"thumbnailUrl":"https:\/\/maisonroca.ad\/wp-content\/uploads\/2025\/05\/m0a10786.jpg","datePublished":"2025-05-27T13:50:05+00:00","dateModified":"2026-03-12T09:19:16+00:00","breadcrumb":{"@id":"https:\/\/maisonroca.ad\/es\/tienda\/rellotge-baume-mercier-riviera-automatic-40-mm-edicio-limitada-calendari-perpetu-acer\/#breadcrumb"},"inLanguage":"es","potentialAction":[{"@type":"ReadAction","target":["https:\/\/maisonroca.ad\/es\/tienda\/rellotge-baume-mercier-riviera-automatic-40-mm-edicio-limitada-calendari-perpetu-acer\/"]}]},{"@type":"ImageObject","inLanguage":"es","@id":"https:\/\/maisonroca.ad\/es\/tienda\/rellotge-baume-mercier-riviera-automatic-40-mm-edicio-limitada-calendari-perpetu-acer\/#primaryimage","url":"https:\/\/maisonroca.ad\/wp-content\/uploads\/2025\/05\/m0a10786.jpg","contentUrl":"https:\/\/maisonroca.ad\/wp-content\/uploads\/2025\/05\/m0a10786.jpg","width":1080,"height":1080},{"@type":"BreadcrumbList","@id":"https:\/\/maisonroca.ad\/es\/tienda\/rellotge-baume-mercier-riviera-automatic-40-mm-edicio-limitada-calendari-perpetu-acer\/#breadcrumb","itemListElement":[{"@type":"ListItem","position":1,"name":"Portada","item":"https:\/\/maisonroca.ad\/es\/"},{"@type":"ListItem","position":2,"name":"Botiga","item":"https:\/\/maisonroca.ad\/botiga\/"},{"@type":"ListItem","position":3,"name":"RELLOTGE BAUME &#038; MERCIER RIVIERA AUTOM\u00c0TIC 40 MM EDICI\u00d3 LIMITADA CALENDARI PERPETU ACER"}]},{"@type":"WebSite","@id":"https:\/\/maisonroca.ad\/es\/#website","url":"https:\/\/maisonroca.ad\/es\/","name":"Maison Roca","description":"Bold Luxury Life - joieria d&#039;autor - Andorra","publisher":{"@id":"https:\/\/maisonroca.ad\/es\/#organization"},"potentialAction":[{"@type":"SearchAction","target":{"@type":"EntryPoint","urlTemplate":"https:\/\/maisonroca.ad\/es\/?s={search_term_string}"},"query-input":{"@type":"PropertyValueSpecification","valueRequired":true,"valueName":"search_term_string"}}],"inLanguage":"es"},{"@type":"Organization","@id":"https:\/\/maisonroca.ad\/es\/#organization","name":"Maison Roca","url":"https:\/\/maisonroca.ad\/es\/","logo":{"@type":"ImageObject","inLanguage":"es","@id":"https:\/\/maisonroca.ad\/es\/#\/schema\/logo\/image\/","url":"https:\/\/maisonroca.ad\/wp-content\/uploads\/2023\/10\/icono.png","contentUrl":"https:\/\/maisonroca.ad\/wp-content\/uploads\/2023\/10\/icono.png","width":512,"height":512,"caption":"Maison Roca"},"image":{"@id":"https:\/\/maisonroca.ad\/es\/#\/schema\/logo\/image\/"},"sameAs":["https:\/\/www.facebook.com\/maisonroca","https:\/\/www.instagram.com\/maisonroca\/"]}]},"product_price_currency":"EUR","og_availability":"instock","product_availability":"instock","product_retailer_item_id":"M0A10786","product_condition":"new"},"_links":{"self":[{"href":"https:\/\/maisonroca.ad\/es\/wp-json\/wp\/v2\/product\/75440","targetHints":{"allow":["GET"]}}],"collection":[{"href":"https:\/\/maisonroca.ad\/es\/wp-json\/wp\/v2\/product"}],"about":[{"href":"https:\/\/maisonroca.ad\/es\/wp-json\/wp\/v2\/types\/product"}],"replies":[{"embeddable":true,"href":"https:\/\/maisonroca.ad\/es\/wp-json\/wp\/v2\/comments?post=75440"}],"version-history":[{"count":3,"href":"https:\/\/maisonroca.ad\/es\/wp-json\/wp\/v2\/product\/75440\/revisions"}],"predecessor-version":[{"id":75972,"href":"https:\/\/maisonroca.ad\/es\/wp-json\/wp\/v2\/product\/75440\/revisions\/75972"}],"wp:featuredmedia":[{"embeddable":true,"href":"https:\/\/maisonroca.ad\/es\/wp-json\/wp\/v2\/media\/74697"}],"wp:attachment":[{"href":"https:\/\/maisonroca.ad\/es\/wp-json\/wp\/v2\/media?parent=75440"}],"wp:term":[{"taxonomy":"product_brand","embeddable":true,"href":"https:\/\/maisonroca.ad\/es\/wp-json\/wp\/v2\/product_brand?post=75440"},{"taxonomy":"product_cat","embeddable":true,"href":"https:\/\/maisonroca.ad\/es\/wp-json\/wp\/v2\/product_cat?post=75440"},{"taxonomy":"product_tag","embeddable":true,"href":"https:\/\/maisonroca.ad\/es\/wp-json\/wp\/v2\/product_tag?post=75440"}],"curies":[{"name":"wp","href":"https:\/\/api.w.org\/{rel}","templated":true}]}}