{"id":75441,"date":"2025-05-27T16:09:32","date_gmt":"2025-05-27T14:09:32","guid":{"rendered":"https:\/\/maisonroca.ad\/?post_type=product&#038;p=75441"},"modified":"2025-08-19T17:14:51","modified_gmt":"2025-08-19T15:14:51","slug":"rellotge-baume-mercier-riviera-de-42-mm-dacer-3","status":"publish","type":"product","link":"https:\/\/maisonroca.ad\/es\/tienda\/rellotge-baume-mercier-riviera-de-42-mm-dacer-3\/","title":{"rendered":"RELOJ BAUME &#038; MERCIER RIVIERA DE 42 MM DE ACERO"},"content":{"rendered":"<p>El Baume &amp; Mercier Riviera destaca por su dise\u00f1o bicolor, atrevido y equilibrado. Su esfera<br \/>\nblanca con decoraci\u00f3n ondulada se enmarca con un realce negro que refuerza el contraste. Los n\u00fameros romanos, \u00edndices y agujas facetadas est\u00e1n rodiados y recubiertos de Super-LumiNova blanca, lo que garantiza una excelente legibilidad.<br \/>\nEl segundero negro incorpora el ic\u00f3nico contrapeso en forma de letra Phi, s\u00edmbolo de la firma. En su interior, alberga un movimiento autom\u00e1tico con una reserva de marcha de 38 horas y una hermeticidad de 10 ATM. El brazalete de acero inoxidable es intercambiable y cuenta con un sistema de cambio r\u00e1pido sin necesidad de herramientas, lo que aporta versatilidad y comodidad.<\/p>\n<p>Detalles:<\/p>\n<p>\u2022 Movimiento autom\u00e1tico<br \/>\n\u2022 Cristal de zafiro<br \/>\n\u2022 Estanqueidad: 100 metros<br \/>\n\u2022 Funciones de horas, minutos y segundos<br \/>\n\u2022 Ventana de fecha a las 3 h<br \/>\n\u2022 Segundero central<\/p>\n","protected":false},"excerpt":{"rendered":"<p>El Baume &amp; Mercier Riviera destaca por su dise\u00f1o bicolor, atrevido y equilibrado. Su esfera<br \/>\nblanca con decoraci\u00f3n ondulada se enmarca con un realce negro que refuerza el contraste. Los n\u00fameros romanos, \u00edndices y agujas facetadas est\u00e1n rodiados y recubiertos de Super-LumiNova blanca, lo que garantiza una excelente legibilidad.<br \/>\nEl segundero negro incorpora el ic\u00f3nico contrapeso en forma de letra Phi, s\u00edmbolo de la firma. En su interior, alberga un movimiento autom\u00e1tico con una reserva de marcha de 38 horas y una hermeticidad de 10 ATM. El brazalete de acero inoxidable es intercambiable y cuenta con un sistema de cambio r\u00e1pido sin necesidad de herramientas, lo que aporta versatilidad y comodidad.<\/p>\n","protected":false},"featured_media":75212,"comment_status":"closed","ping_status":"closed","template":"","meta":{"_acf_changed":false,"_monsterinsights_skip_tracking":false,"_monsterinsights_sitenote_active":false,"_monsterinsights_sitenote_note":"","_monsterinsights_sitenote_category":0},"product_brand":[],"product_cat":[1221,1218],"product_tag":[2329,1595,2221,2129,2637,2885,2530],"class_list":{"0":"post-75441","1":"product","2":"type-product","3":"status-publish","4":"has-post-thumbnail","6":"product_cat-baume-mercier-es","7":"product_cat-relojes","8":"product_tag-42-mm-2-2","9":"product_tag-acero","10":"product_tag-automatic-2-2","11":"product_tag-baume-mercier-2","12":"product_tag-de-100-a-300-metres-es","13":"product_tag-esportiu-es","14":"product_tag-senor","16":"first","17":"instock","18":"shipping-taxable","19":"purchasable","20":"product-type-simple"},"acf":[],"yoast_head":"<!-- This site is optimized with the Yoast SEO Premium plugin v26.8 (Yoast SEO v27.3) - https:\/\/yoast.com\/product\/yoast-seo-premium-wordpress\/ -->\n<title>RELOJ BAUME &amp; MERCIER RIVIERA DE 42 MM DE ACERO - Maison Roca<\/title>\n<meta name=\"description\" content=\"Baume &amp; Mercier Riviera en Andorra. Dise\u00f1o bicolor, esfera blanca con realce negro y brazalete de acero. Desc\u00fabrelo en Maison Roca.\" \/>\n<meta name=\"robots\" content=\"index, follow, max-snippet:-1, max-image-preview:large, max-video-preview:-1\" \/>\n<link rel=\"canonical\" href=\"https:\/\/maisonroca.ad\/es\/tienda\/rellotge-baume-mercier-riviera-de-42-mm-dacer-3\/\" \/>\n<meta property=\"og:locale\" content=\"es_ES\" \/>\n<meta property=\"og:type\" content=\"article\" \/>\n<meta property=\"og:title\" content=\"RELOJ BAUME &amp; MERCIER RIVIERA DE 42 MM DE ACERO\" \/>\n<meta property=\"og:description\" content=\"Baume &amp; Mercier Riviera en Andorra. Dise\u00f1o bicolor, esfera blanca con realce negro y brazalete de acero. Desc\u00fabrelo en Maison Roca.\" \/>\n<meta property=\"og:url\" content=\"https:\/\/maisonroca.ad\/es\/tienda\/rellotge-baume-mercier-riviera-de-42-mm-dacer-3\/\" \/>\n<meta property=\"og:site_name\" content=\"Maison Roca\" \/>\n<meta property=\"article:publisher\" content=\"https:\/\/www.facebook.com\/maisonroca\" \/>\n<meta property=\"article:modified_time\" content=\"2025-08-19T15:14:51+00:00\" \/>\n<meta property=\"og:image\" content=\"https:\/\/maisonroca.ad\/wp-content\/uploads\/2025\/05\/m0a10829.jpg\" \/>\n\t<meta property=\"og:image:width\" content=\"1080\" \/>\n\t<meta property=\"og:image:height\" content=\"1080\" \/>\n\t<meta property=\"og:image:type\" content=\"image\/jpeg\" \/>\n<meta name=\"twitter:card\" content=\"summary_large_image\" \/>\n<meta name=\"twitter:label1\" content=\"Precio\" \/>\n\t<meta name=\"twitter:data1\" content=\"2.690,00&nbsp;&euro;\" \/>\n\t<meta name=\"twitter:label2\" content=\"Disponibilidad\" \/>\n\t<meta name=\"twitter:data2\" content=\"Disponible\" \/>\n<script type=\"application\/ld+json\" class=\"yoast-schema-graph\">{\"@context\":\"https:\\\/\\\/schema.org\",\"@graph\":[{\"@type\":\"WebPage\",\"@id\":\"https:\\\/\\\/maisonroca.ad\\\/es\\\/tienda\\\/rellotge-baume-mercier-riviera-de-42-mm-dacer-3\\\/\",\"url\":\"https:\\\/\\\/maisonroca.ad\\\/es\\\/tienda\\\/rellotge-baume-mercier-riviera-de-42-mm-dacer-3\\\/\",\"name\":\"RELOJ BAUME & MERCIER RIVIERA DE 42 MM DE ACERO - Maison Roca\",\"isPartOf\":{\"@id\":\"https:\\\/\\\/maisonroca.ad\\\/es\\\/#website\"},\"primaryImageOfPage\":{\"@id\":\"https:\\\/\\\/maisonroca.ad\\\/es\\\/tienda\\\/rellotge-baume-mercier-riviera-de-42-mm-dacer-3\\\/#primaryimage\"},\"image\":{\"@id\":\"https:\\\/\\\/maisonroca.ad\\\/es\\\/tienda\\\/rellotge-baume-mercier-riviera-de-42-mm-dacer-3\\\/#primaryimage\"},\"thumbnailUrl\":\"https:\\\/\\\/maisonroca.ad\\\/wp-content\\\/uploads\\\/2025\\\/05\\\/m0a10829.jpg\",\"datePublished\":\"2025-05-27T14:09:32+00:00\",\"dateModified\":\"2025-08-19T15:14:51+00:00\",\"description\":\"Baume & Mercier Riviera en Andorra. Dise\u00f1o bicolor, esfera blanca con realce negro y brazalete de acero. Desc\u00fabrelo en Maison Roca.\",\"breadcrumb\":{\"@id\":\"https:\\\/\\\/maisonroca.ad\\\/es\\\/tienda\\\/rellotge-baume-mercier-riviera-de-42-mm-dacer-3\\\/#breadcrumb\"},\"inLanguage\":\"es\",\"potentialAction\":[{\"@type\":\"ReadAction\",\"target\":[\"https:\\\/\\\/maisonroca.ad\\\/es\\\/tienda\\\/rellotge-baume-mercier-riviera-de-42-mm-dacer-3\\\/\"]}]},{\"@type\":\"ImageObject\",\"inLanguage\":\"es\",\"@id\":\"https:\\\/\\\/maisonroca.ad\\\/es\\\/tienda\\\/rellotge-baume-mercier-riviera-de-42-mm-dacer-3\\\/#primaryimage\",\"url\":\"https:\\\/\\\/maisonroca.ad\\\/wp-content\\\/uploads\\\/2025\\\/05\\\/m0a10829.jpg\",\"contentUrl\":\"https:\\\/\\\/maisonroca.ad\\\/wp-content\\\/uploads\\\/2025\\\/05\\\/m0a10829.jpg\",\"width\":1080,\"height\":1080},{\"@type\":\"BreadcrumbList\",\"@id\":\"https:\\\/\\\/maisonroca.ad\\\/es\\\/tienda\\\/rellotge-baume-mercier-riviera-de-42-mm-dacer-3\\\/#breadcrumb\",\"itemListElement\":[{\"@type\":\"ListItem\",\"position\":1,\"name\":\"Portada\",\"item\":\"https:\\\/\\\/maisonroca.ad\\\/es\\\/\"},{\"@type\":\"ListItem\",\"position\":2,\"name\":\"Botiga\",\"item\":\"https:\\\/\\\/maisonroca.ad\\\/botiga\\\/\"},{\"@type\":\"ListItem\",\"position\":3,\"name\":\"RELOJ BAUME &#038; MERCIER RIVIERA DE 42 MM DE ACERO\"}]},{\"@type\":\"WebSite\",\"@id\":\"https:\\\/\\\/maisonroca.ad\\\/es\\\/#website\",\"url\":\"https:\\\/\\\/maisonroca.ad\\\/es\\\/\",\"name\":\"Maison Roca\",\"description\":\"Bold Luxury Life - joieria d&#039;autor - Andorra\",\"publisher\":{\"@id\":\"https:\\\/\\\/maisonroca.ad\\\/es\\\/#organization\"},\"potentialAction\":[{\"@type\":\"SearchAction\",\"target\":{\"@type\":\"EntryPoint\",\"urlTemplate\":\"https:\\\/\\\/maisonroca.ad\\\/es\\\/?s={search_term_string}\"},\"query-input\":{\"@type\":\"PropertyValueSpecification\",\"valueRequired\":true,\"valueName\":\"search_term_string\"}}],\"inLanguage\":\"es\"},{\"@type\":\"Organization\",\"@id\":\"https:\\\/\\\/maisonroca.ad\\\/es\\\/#organization\",\"name\":\"Maison Roca\",\"url\":\"https:\\\/\\\/maisonroca.ad\\\/es\\\/\",\"logo\":{\"@type\":\"ImageObject\",\"inLanguage\":\"es\",\"@id\":\"https:\\\/\\\/maisonroca.ad\\\/es\\\/#\\\/schema\\\/logo\\\/image\\\/\",\"url\":\"https:\\\/\\\/maisonroca.ad\\\/wp-content\\\/uploads\\\/2023\\\/10\\\/icono.png\",\"contentUrl\":\"https:\\\/\\\/maisonroca.ad\\\/wp-content\\\/uploads\\\/2023\\\/10\\\/icono.png\",\"width\":512,\"height\":512,\"caption\":\"Maison Roca\"},\"image\":{\"@id\":\"https:\\\/\\\/maisonroca.ad\\\/es\\\/#\\\/schema\\\/logo\\\/image\\\/\"},\"sameAs\":[\"https:\\\/\\\/www.facebook.com\\\/maisonroca\",\"https:\\\/\\\/www.instagram.com\\\/maisonroca\\\/\"]}]}<\/script>\n<meta property=\"product:price:amount\" content=\"2690.00\" \/>\n<meta property=\"product:price:currency\" content=\"EUR\" \/>\n<meta property=\"og:availability\" content=\"instock\" \/>\n<meta property=\"product:availability\" content=\"instock\" \/>\n<meta property=\"product:retailer_item_id\" content=\"M0A10829\" \/>\n<meta property=\"product:condition\" content=\"new\" \/>\n<!-- \/ Yoast SEO Premium plugin. -->","yoast_head_json":{"title":"RELOJ BAUME & MERCIER RIVIERA DE 42 MM DE ACERO - Maison Roca","description":"Baume & Mercier Riviera en Andorra. Dise\u00f1o bicolor, esfera blanca con realce negro y brazalete de acero. Desc\u00fabrelo en Maison Roca.","robots":{"index":"index","follow":"follow","max-snippet":"max-snippet:-1","max-image-preview":"max-image-preview:large","max-video-preview":"max-video-preview:-1"},"canonical":"https:\/\/maisonroca.ad\/es\/tienda\/rellotge-baume-mercier-riviera-de-42-mm-dacer-3\/","og_locale":"es_ES","og_type":"article","og_title":"RELOJ BAUME & MERCIER RIVIERA DE 42 MM DE ACERO","og_description":"Baume & Mercier Riviera en Andorra. Dise\u00f1o bicolor, esfera blanca con realce negro y brazalete de acero. Desc\u00fabrelo en Maison Roca.","og_url":"https:\/\/maisonroca.ad\/es\/tienda\/rellotge-baume-mercier-riviera-de-42-mm-dacer-3\/","og_site_name":"Maison Roca","article_publisher":"https:\/\/www.facebook.com\/maisonroca","article_modified_time":"2025-08-19T15:14:51+00:00","og_image":[{"width":1080,"height":1080,"url":"https:\/\/maisonroca.ad\/wp-content\/uploads\/2025\/05\/m0a10829.jpg","type":"image\/jpeg"}],"twitter_card":"summary_large_image","twitter_misc":{"Precio":"2.690,00&nbsp;&euro;","Disponibilidad":"Disponible"},"schema":{"@context":"https:\/\/schema.org","@graph":[{"@type":"WebPage","@id":"https:\/\/maisonroca.ad\/es\/tienda\/rellotge-baume-mercier-riviera-de-42-mm-dacer-3\/","url":"https:\/\/maisonroca.ad\/es\/tienda\/rellotge-baume-mercier-riviera-de-42-mm-dacer-3\/","name":"RELOJ BAUME & MERCIER RIVIERA DE 42 MM DE ACERO - Maison Roca","isPartOf":{"@id":"https:\/\/maisonroca.ad\/es\/#website"},"primaryImageOfPage":{"@id":"https:\/\/maisonroca.ad\/es\/tienda\/rellotge-baume-mercier-riviera-de-42-mm-dacer-3\/#primaryimage"},"image":{"@id":"https:\/\/maisonroca.ad\/es\/tienda\/rellotge-baume-mercier-riviera-de-42-mm-dacer-3\/#primaryimage"},"thumbnailUrl":"https:\/\/maisonroca.ad\/wp-content\/uploads\/2025\/05\/m0a10829.jpg","datePublished":"2025-05-27T14:09:32+00:00","dateModified":"2025-08-19T15:14:51+00:00","description":"Baume & Mercier Riviera en Andorra. Dise\u00f1o bicolor, esfera blanca con realce negro y brazalete de acero. Desc\u00fabrelo en Maison Roca.","breadcrumb":{"@id":"https:\/\/maisonroca.ad\/es\/tienda\/rellotge-baume-mercier-riviera-de-42-mm-dacer-3\/#breadcrumb"},"inLanguage":"es","potentialAction":[{"@type":"ReadAction","target":["https:\/\/maisonroca.ad\/es\/tienda\/rellotge-baume-mercier-riviera-de-42-mm-dacer-3\/"]}]},{"@type":"ImageObject","inLanguage":"es","@id":"https:\/\/maisonroca.ad\/es\/tienda\/rellotge-baume-mercier-riviera-de-42-mm-dacer-3\/#primaryimage","url":"https:\/\/maisonroca.ad\/wp-content\/uploads\/2025\/05\/m0a10829.jpg","contentUrl":"https:\/\/maisonroca.ad\/wp-content\/uploads\/2025\/05\/m0a10829.jpg","width":1080,"height":1080},{"@type":"BreadcrumbList","@id":"https:\/\/maisonroca.ad\/es\/tienda\/rellotge-baume-mercier-riviera-de-42-mm-dacer-3\/#breadcrumb","itemListElement":[{"@type":"ListItem","position":1,"name":"Portada","item":"https:\/\/maisonroca.ad\/es\/"},{"@type":"ListItem","position":2,"name":"Botiga","item":"https:\/\/maisonroca.ad\/botiga\/"},{"@type":"ListItem","position":3,"name":"RELOJ BAUME &#038; MERCIER RIVIERA DE 42 MM DE ACERO"}]},{"@type":"WebSite","@id":"https:\/\/maisonroca.ad\/es\/#website","url":"https:\/\/maisonroca.ad\/es\/","name":"Maison Roca","description":"Bold Luxury Life - joieria d&#039;autor - Andorra","publisher":{"@id":"https:\/\/maisonroca.ad\/es\/#organization"},"potentialAction":[{"@type":"SearchAction","target":{"@type":"EntryPoint","urlTemplate":"https:\/\/maisonroca.ad\/es\/?s={search_term_string}"},"query-input":{"@type":"PropertyValueSpecification","valueRequired":true,"valueName":"search_term_string"}}],"inLanguage":"es"},{"@type":"Organization","@id":"https:\/\/maisonroca.ad\/es\/#organization","name":"Maison Roca","url":"https:\/\/maisonroca.ad\/es\/","logo":{"@type":"ImageObject","inLanguage":"es","@id":"https:\/\/maisonroca.ad\/es\/#\/schema\/logo\/image\/","url":"https:\/\/maisonroca.ad\/wp-content\/uploads\/2023\/10\/icono.png","contentUrl":"https:\/\/maisonroca.ad\/wp-content\/uploads\/2023\/10\/icono.png","width":512,"height":512,"caption":"Maison Roca"},"image":{"@id":"https:\/\/maisonroca.ad\/es\/#\/schema\/logo\/image\/"},"sameAs":["https:\/\/www.facebook.com\/maisonroca","https:\/\/www.instagram.com\/maisonroca\/"]}]},"product_price_amount":"2690.00","product_price_currency":"EUR","og_availability":"instock","product_availability":"instock","product_retailer_item_id":"M0A10829","product_condition":"new"},"_links":{"self":[{"href":"https:\/\/maisonroca.ad\/es\/wp-json\/wp\/v2\/product\/75441","targetHints":{"allow":["GET"]}}],"collection":[{"href":"https:\/\/maisonroca.ad\/es\/wp-json\/wp\/v2\/product"}],"about":[{"href":"https:\/\/maisonroca.ad\/es\/wp-json\/wp\/v2\/types\/product"}],"replies":[{"embeddable":true,"href":"https:\/\/maisonroca.ad\/es\/wp-json\/wp\/v2\/comments?post=75441"}],"version-history":[{"count":5,"href":"https:\/\/maisonroca.ad\/es\/wp-json\/wp\/v2\/product\/75441\/revisions"}],"predecessor-version":[{"id":78422,"href":"https:\/\/maisonroca.ad\/es\/wp-json\/wp\/v2\/product\/75441\/revisions\/78422"}],"wp:featuredmedia":[{"embeddable":true,"href":"https:\/\/maisonroca.ad\/es\/wp-json\/wp\/v2\/media\/75212"}],"wp:attachment":[{"href":"https:\/\/maisonroca.ad\/es\/wp-json\/wp\/v2\/media?parent=75441"}],"wp:term":[{"taxonomy":"product_brand","embeddable":true,"href":"https:\/\/maisonroca.ad\/es\/wp-json\/wp\/v2\/product_brand?post=75441"},{"taxonomy":"product_cat","embeddable":true,"href":"https:\/\/maisonroca.ad\/es\/wp-json\/wp\/v2\/product_cat?post=75441"},{"taxonomy":"product_tag","embeddable":true,"href":"https:\/\/maisonroca.ad\/es\/wp-json\/wp\/v2\/product_tag?post=75441"}],"curies":[{"name":"wp","href":"https:\/\/api.w.org\/{rel}","templated":true}]}}