{"id":75442,"date":"2025-05-27T16:09:40","date_gmt":"2025-05-27T14:09:40","guid":{"rendered":"https:\/\/maisonroca.ad\/?post_type=product&#038;p=75442"},"modified":"2025-08-19T16:43:24","modified_gmt":"2025-08-19T14:43:24","slug":"rellotge-baume-mercier-riviera-chronograf-de-41-mm-dacer","status":"publish","type":"product","link":"https:\/\/maisonroca.ad\/es\/tienda\/rellotge-baume-mercier-riviera-chronograf-de-41-mm-dacer\/","title":{"rendered":"RELOJ BAUME &#038; MERCIER RIVIERA CRONOGRAFO DE 41 MM DE ACERO"},"content":{"rendered":"<p>El Baume &amp; Mercier Riviera Chronograph 10827 cautiva con su elegante est\u00e9tica panda,<br \/>\nun homenaje moderno al dise\u00f1o de los a\u00f1os 50. Su esfera blanca con motivo ondulado y contadores negros crea un contraste armonioso, realzado por agujas e \u00edndices rodiados con Super-LumiNova.<\/p>\n<p>Equipado con el fiable calibre autom\u00e1tico Valjoux 7753, ofrece una reserva de marcha de 48 horas y estanqueidad hasta 10 ATM. Su brazalete de acero intercambiable con cierre mariposa refuerza su car\u00e1cter deportivo y vers\u00e1til.<\/p>\n<p>Detalles:<\/p>\n<p>\u2022 Movimiento autom\u00e1tico<br \/>\n\u2022 Cristal de zafiro<br \/>\n\u2022 Estanqueidad: 100 metros<br \/>\n\u2022 Cron\u00f3grafo<br \/>\n\u2022 Ventana de calendario, horas y minutos<br \/>\n\u2022 Subesfera de segundos, contador de minutos y horas<\/p>\n","protected":false},"excerpt":{"rendered":"<p>El Baume &amp; Mercier Riviera Chronograph 10827 cautiva con su elegante est\u00e9tica panda, un homenaje moderno al dise\u00f1o de los a\u00f1os 50. Su esfera blanca con motivo ondulado y contadores negros crea un contraste armonioso, realzado por agujas e \u00edndices rodiados con Super-LumiNova. Equipado con el fiable calibre autom\u00e1tico Valjoux 7753, ofrece una reserva de [&hellip;]<\/p>\n","protected":false},"featured_media":74705,"comment_status":"closed","ping_status":"closed","template":"","meta":{"_acf_changed":false,"_monsterinsights_skip_tracking":false,"_monsterinsights_sitenote_active":false,"_monsterinsights_sitenote_note":"","_monsterinsights_sitenote_category":0},"product_brand":[],"product_cat":[1221,1218],"product_tag":[2357,1595,2221,2129,2883,2637,2885,2530],"class_list":{"0":"post-75442","1":"product","2":"type-product","3":"status-publish","4":"has-post-thumbnail","6":"product_cat-baume-mercier-es","7":"product_cat-relojes","8":"product_tag-41-mm-3","9":"product_tag-acero","10":"product_tag-automatic-2-2","11":"product_tag-baume-mercier-2","12":"product_tag-cronograf-es","13":"product_tag-de-100-a-300-metres-es","14":"product_tag-esportiu-es","15":"product_tag-senor","17":"first","18":"instock","19":"shipping-taxable","20":"purchasable","21":"product-type-simple"},"acf":[],"yoast_head":"<!-- This site is optimized with the Yoast SEO Premium plugin v26.8 (Yoast SEO v27.3) - https:\/\/yoast.com\/product\/yoast-seo-premium-wordpress\/ -->\n<title>Riviera Chronograph 10827<\/title>\n<meta name=\"description\" content=\"Baume &amp; Mercier Riviera Chronograph 10827 en Andorra. Est\u00e9tica panda, calibre Valjoux y brazalete de acero. Desc\u00fabrelo en Maison Roca.\" \/>\n<meta name=\"robots\" content=\"index, follow, max-snippet:-1, max-image-preview:large, max-video-preview:-1\" \/>\n<link rel=\"canonical\" href=\"https:\/\/maisonroca.ad\/es\/tienda\/rellotge-baume-mercier-riviera-chronograf-de-41-mm-dacer\/\" \/>\n<meta property=\"og:locale\" content=\"es_ES\" \/>\n<meta property=\"og:type\" content=\"article\" \/>\n<meta property=\"og:title\" content=\"RELOJ BAUME &amp; MERCIER RIVIERA CRONOGRAFO DE 41 MM DE ACERO\" \/>\n<meta property=\"og:description\" content=\"Baume &amp; Mercier Riviera Chronograph 10827 en Andorra. Est\u00e9tica panda, calibre Valjoux y brazalete de acero. Desc\u00fabrelo en Maison Roca.\" \/>\n<meta property=\"og:url\" content=\"https:\/\/maisonroca.ad\/es\/tienda\/rellotge-baume-mercier-riviera-chronograf-de-41-mm-dacer\/\" \/>\n<meta property=\"og:site_name\" content=\"Maison Roca\" \/>\n<meta property=\"article:publisher\" content=\"https:\/\/www.facebook.com\/maisonroca\" \/>\n<meta property=\"article:modified_time\" content=\"2025-08-19T14:43:24+00:00\" \/>\n<meta property=\"og:image\" content=\"https:\/\/maisonroca.ad\/wp-content\/uploads\/2025\/05\/m0a10827.jpg\" \/>\n\t<meta property=\"og:image:width\" content=\"1080\" \/>\n\t<meta property=\"og:image:height\" content=\"1080\" \/>\n\t<meta property=\"og:image:type\" content=\"image\/jpeg\" \/>\n<meta name=\"twitter:card\" content=\"summary_large_image\" \/>\n<meta name=\"twitter:label1\" content=\"Precio\" \/>\n\t<meta name=\"twitter:data1\" content=\"3.780,00&nbsp;&euro;\" \/>\n\t<meta name=\"twitter:label2\" content=\"Disponibilidad\" \/>\n\t<meta name=\"twitter:data2\" content=\"Disponible\" \/>\n<script type=\"application\/ld+json\" class=\"yoast-schema-graph\">{\"@context\":\"https:\\\/\\\/schema.org\",\"@graph\":[{\"@type\":\"WebPage\",\"@id\":\"https:\\\/\\\/maisonroca.ad\\\/es\\\/tienda\\\/rellotge-baume-mercier-riviera-chronograf-de-41-mm-dacer\\\/\",\"url\":\"https:\\\/\\\/maisonroca.ad\\\/es\\\/tienda\\\/rellotge-baume-mercier-riviera-chronograf-de-41-mm-dacer\\\/\",\"name\":\"Riviera Chronograph 10827\",\"isPartOf\":{\"@id\":\"https:\\\/\\\/maisonroca.ad\\\/es\\\/#website\"},\"primaryImageOfPage\":{\"@id\":\"https:\\\/\\\/maisonroca.ad\\\/es\\\/tienda\\\/rellotge-baume-mercier-riviera-chronograf-de-41-mm-dacer\\\/#primaryimage\"},\"image\":{\"@id\":\"https:\\\/\\\/maisonroca.ad\\\/es\\\/tienda\\\/rellotge-baume-mercier-riviera-chronograf-de-41-mm-dacer\\\/#primaryimage\"},\"thumbnailUrl\":\"https:\\\/\\\/maisonroca.ad\\\/wp-content\\\/uploads\\\/2025\\\/05\\\/m0a10827.jpg\",\"datePublished\":\"2025-05-27T14:09:40+00:00\",\"dateModified\":\"2025-08-19T14:43:24+00:00\",\"description\":\"Baume & Mercier Riviera Chronograph 10827 en Andorra. Est\u00e9tica panda, calibre Valjoux y brazalete de acero. Desc\u00fabrelo en Maison Roca.\",\"breadcrumb\":{\"@id\":\"https:\\\/\\\/maisonroca.ad\\\/es\\\/tienda\\\/rellotge-baume-mercier-riviera-chronograf-de-41-mm-dacer\\\/#breadcrumb\"},\"inLanguage\":\"es\",\"potentialAction\":[{\"@type\":\"ReadAction\",\"target\":[\"https:\\\/\\\/maisonroca.ad\\\/es\\\/tienda\\\/rellotge-baume-mercier-riviera-chronograf-de-41-mm-dacer\\\/\"]}]},{\"@type\":\"ImageObject\",\"inLanguage\":\"es\",\"@id\":\"https:\\\/\\\/maisonroca.ad\\\/es\\\/tienda\\\/rellotge-baume-mercier-riviera-chronograf-de-41-mm-dacer\\\/#primaryimage\",\"url\":\"https:\\\/\\\/maisonroca.ad\\\/wp-content\\\/uploads\\\/2025\\\/05\\\/m0a10827.jpg\",\"contentUrl\":\"https:\\\/\\\/maisonroca.ad\\\/wp-content\\\/uploads\\\/2025\\\/05\\\/m0a10827.jpg\",\"width\":1080,\"height\":1080},{\"@type\":\"BreadcrumbList\",\"@id\":\"https:\\\/\\\/maisonroca.ad\\\/es\\\/tienda\\\/rellotge-baume-mercier-riviera-chronograf-de-41-mm-dacer\\\/#breadcrumb\",\"itemListElement\":[{\"@type\":\"ListItem\",\"position\":1,\"name\":\"Portada\",\"item\":\"https:\\\/\\\/maisonroca.ad\\\/es\\\/\"},{\"@type\":\"ListItem\",\"position\":2,\"name\":\"Botiga\",\"item\":\"https:\\\/\\\/maisonroca.ad\\\/botiga\\\/\"},{\"@type\":\"ListItem\",\"position\":3,\"name\":\"RELOJ BAUME &#038; MERCIER RIVIERA CRONOGRAFO DE 41 MM DE ACERO\"}]},{\"@type\":\"WebSite\",\"@id\":\"https:\\\/\\\/maisonroca.ad\\\/es\\\/#website\",\"url\":\"https:\\\/\\\/maisonroca.ad\\\/es\\\/\",\"name\":\"Maison Roca\",\"description\":\"Bold Luxury Life - joieria d&#039;autor - Andorra\",\"publisher\":{\"@id\":\"https:\\\/\\\/maisonroca.ad\\\/es\\\/#organization\"},\"potentialAction\":[{\"@type\":\"SearchAction\",\"target\":{\"@type\":\"EntryPoint\",\"urlTemplate\":\"https:\\\/\\\/maisonroca.ad\\\/es\\\/?s={search_term_string}\"},\"query-input\":{\"@type\":\"PropertyValueSpecification\",\"valueRequired\":true,\"valueName\":\"search_term_string\"}}],\"inLanguage\":\"es\"},{\"@type\":\"Organization\",\"@id\":\"https:\\\/\\\/maisonroca.ad\\\/es\\\/#organization\",\"name\":\"Maison Roca\",\"url\":\"https:\\\/\\\/maisonroca.ad\\\/es\\\/\",\"logo\":{\"@type\":\"ImageObject\",\"inLanguage\":\"es\",\"@id\":\"https:\\\/\\\/maisonroca.ad\\\/es\\\/#\\\/schema\\\/logo\\\/image\\\/\",\"url\":\"https:\\\/\\\/maisonroca.ad\\\/wp-content\\\/uploads\\\/2023\\\/10\\\/icono.png\",\"contentUrl\":\"https:\\\/\\\/maisonroca.ad\\\/wp-content\\\/uploads\\\/2023\\\/10\\\/icono.png\",\"width\":512,\"height\":512,\"caption\":\"Maison Roca\"},\"image\":{\"@id\":\"https:\\\/\\\/maisonroca.ad\\\/es\\\/#\\\/schema\\\/logo\\\/image\\\/\"},\"sameAs\":[\"https:\\\/\\\/www.facebook.com\\\/maisonroca\",\"https:\\\/\\\/www.instagram.com\\\/maisonroca\\\/\"]}]}<\/script>\n<meta property=\"product:price:amount\" content=\"3780.00\" \/>\n<meta property=\"product:price:currency\" content=\"EUR\" \/>\n<meta property=\"og:availability\" content=\"instock\" \/>\n<meta property=\"product:availability\" content=\"instock\" \/>\n<meta property=\"product:retailer_item_id\" content=\"M0A10827\" \/>\n<meta property=\"product:condition\" content=\"new\" \/>\n<!-- \/ Yoast SEO Premium plugin. -->","yoast_head_json":{"title":"Riviera Chronograph 10827","description":"Baume & Mercier Riviera Chronograph 10827 en Andorra. Est\u00e9tica panda, calibre Valjoux y brazalete de acero. Desc\u00fabrelo en Maison Roca.","robots":{"index":"index","follow":"follow","max-snippet":"max-snippet:-1","max-image-preview":"max-image-preview:large","max-video-preview":"max-video-preview:-1"},"canonical":"https:\/\/maisonroca.ad\/es\/tienda\/rellotge-baume-mercier-riviera-chronograf-de-41-mm-dacer\/","og_locale":"es_ES","og_type":"article","og_title":"RELOJ BAUME & MERCIER RIVIERA CRONOGRAFO DE 41 MM DE ACERO","og_description":"Baume & Mercier Riviera Chronograph 10827 en Andorra. Est\u00e9tica panda, calibre Valjoux y brazalete de acero. Desc\u00fabrelo en Maison Roca.","og_url":"https:\/\/maisonroca.ad\/es\/tienda\/rellotge-baume-mercier-riviera-chronograf-de-41-mm-dacer\/","og_site_name":"Maison Roca","article_publisher":"https:\/\/www.facebook.com\/maisonroca","article_modified_time":"2025-08-19T14:43:24+00:00","og_image":[{"width":1080,"height":1080,"url":"https:\/\/maisonroca.ad\/wp-content\/uploads\/2025\/05\/m0a10827.jpg","type":"image\/jpeg"}],"twitter_card":"summary_large_image","twitter_misc":{"Precio":"3.780,00&nbsp;&euro;","Disponibilidad":"Disponible"},"schema":{"@context":"https:\/\/schema.org","@graph":[{"@type":"WebPage","@id":"https:\/\/maisonroca.ad\/es\/tienda\/rellotge-baume-mercier-riviera-chronograf-de-41-mm-dacer\/","url":"https:\/\/maisonroca.ad\/es\/tienda\/rellotge-baume-mercier-riviera-chronograf-de-41-mm-dacer\/","name":"Riviera Chronograph 10827","isPartOf":{"@id":"https:\/\/maisonroca.ad\/es\/#website"},"primaryImageOfPage":{"@id":"https:\/\/maisonroca.ad\/es\/tienda\/rellotge-baume-mercier-riviera-chronograf-de-41-mm-dacer\/#primaryimage"},"image":{"@id":"https:\/\/maisonroca.ad\/es\/tienda\/rellotge-baume-mercier-riviera-chronograf-de-41-mm-dacer\/#primaryimage"},"thumbnailUrl":"https:\/\/maisonroca.ad\/wp-content\/uploads\/2025\/05\/m0a10827.jpg","datePublished":"2025-05-27T14:09:40+00:00","dateModified":"2025-08-19T14:43:24+00:00","description":"Baume & Mercier Riviera Chronograph 10827 en Andorra. Est\u00e9tica panda, calibre Valjoux y brazalete de acero. Desc\u00fabrelo en Maison Roca.","breadcrumb":{"@id":"https:\/\/maisonroca.ad\/es\/tienda\/rellotge-baume-mercier-riviera-chronograf-de-41-mm-dacer\/#breadcrumb"},"inLanguage":"es","potentialAction":[{"@type":"ReadAction","target":["https:\/\/maisonroca.ad\/es\/tienda\/rellotge-baume-mercier-riviera-chronograf-de-41-mm-dacer\/"]}]},{"@type":"ImageObject","inLanguage":"es","@id":"https:\/\/maisonroca.ad\/es\/tienda\/rellotge-baume-mercier-riviera-chronograf-de-41-mm-dacer\/#primaryimage","url":"https:\/\/maisonroca.ad\/wp-content\/uploads\/2025\/05\/m0a10827.jpg","contentUrl":"https:\/\/maisonroca.ad\/wp-content\/uploads\/2025\/05\/m0a10827.jpg","width":1080,"height":1080},{"@type":"BreadcrumbList","@id":"https:\/\/maisonroca.ad\/es\/tienda\/rellotge-baume-mercier-riviera-chronograf-de-41-mm-dacer\/#breadcrumb","itemListElement":[{"@type":"ListItem","position":1,"name":"Portada","item":"https:\/\/maisonroca.ad\/es\/"},{"@type":"ListItem","position":2,"name":"Botiga","item":"https:\/\/maisonroca.ad\/botiga\/"},{"@type":"ListItem","position":3,"name":"RELOJ BAUME &#038; MERCIER RIVIERA CRONOGRAFO DE 41 MM DE ACERO"}]},{"@type":"WebSite","@id":"https:\/\/maisonroca.ad\/es\/#website","url":"https:\/\/maisonroca.ad\/es\/","name":"Maison Roca","description":"Bold Luxury Life - joieria d&#039;autor - Andorra","publisher":{"@id":"https:\/\/maisonroca.ad\/es\/#organization"},"potentialAction":[{"@type":"SearchAction","target":{"@type":"EntryPoint","urlTemplate":"https:\/\/maisonroca.ad\/es\/?s={search_term_string}"},"query-input":{"@type":"PropertyValueSpecification","valueRequired":true,"valueName":"search_term_string"}}],"inLanguage":"es"},{"@type":"Organization","@id":"https:\/\/maisonroca.ad\/es\/#organization","name":"Maison Roca","url":"https:\/\/maisonroca.ad\/es\/","logo":{"@type":"ImageObject","inLanguage":"es","@id":"https:\/\/maisonroca.ad\/es\/#\/schema\/logo\/image\/","url":"https:\/\/maisonroca.ad\/wp-content\/uploads\/2023\/10\/icono.png","contentUrl":"https:\/\/maisonroca.ad\/wp-content\/uploads\/2023\/10\/icono.png","width":512,"height":512,"caption":"Maison Roca"},"image":{"@id":"https:\/\/maisonroca.ad\/es\/#\/schema\/logo\/image\/"},"sameAs":["https:\/\/www.facebook.com\/maisonroca","https:\/\/www.instagram.com\/maisonroca\/"]}]},"product_price_amount":"3780.00","product_price_currency":"EUR","og_availability":"instock","product_availability":"instock","product_retailer_item_id":"M0A10827","product_condition":"new"},"_links":{"self":[{"href":"https:\/\/maisonroca.ad\/es\/wp-json\/wp\/v2\/product\/75442","targetHints":{"allow":["GET"]}}],"collection":[{"href":"https:\/\/maisonroca.ad\/es\/wp-json\/wp\/v2\/product"}],"about":[{"href":"https:\/\/maisonroca.ad\/es\/wp-json\/wp\/v2\/types\/product"}],"replies":[{"embeddable":true,"href":"https:\/\/maisonroca.ad\/es\/wp-json\/wp\/v2\/comments?post=75442"}],"version-history":[{"count":6,"href":"https:\/\/maisonroca.ad\/es\/wp-json\/wp\/v2\/product\/75442\/revisions"}],"predecessor-version":[{"id":78417,"href":"https:\/\/maisonroca.ad\/es\/wp-json\/wp\/v2\/product\/75442\/revisions\/78417"}],"wp:featuredmedia":[{"embeddable":true,"href":"https:\/\/maisonroca.ad\/es\/wp-json\/wp\/v2\/media\/74705"}],"wp:attachment":[{"href":"https:\/\/maisonroca.ad\/es\/wp-json\/wp\/v2\/media?parent=75442"}],"wp:term":[{"taxonomy":"product_brand","embeddable":true,"href":"https:\/\/maisonroca.ad\/es\/wp-json\/wp\/v2\/product_brand?post=75442"},{"taxonomy":"product_cat","embeddable":true,"href":"https:\/\/maisonroca.ad\/es\/wp-json\/wp\/v2\/product_cat?post=75442"},{"taxonomy":"product_tag","embeddable":true,"href":"https:\/\/maisonroca.ad\/es\/wp-json\/wp\/v2\/product_tag?post=75442"}],"curies":[{"name":"wp","href":"https:\/\/api.w.org\/{rel}","templated":true}]}}