{"id":75585,"date":"2025-05-21T23:08:56","date_gmt":"2025-05-21T21:08:56","guid":{"rendered":"https:\/\/maisonroca.ad\/?post_type=product&#038;p=75585"},"modified":"2026-02-13T10:53:53","modified_gmt":"2026-02-13T09:53:53","slug":"colgante-mikado-flamenco-tamara-comolli-7","status":"publish","type":"product","link":"https:\/\/maisonroca.ad\/es\/tienda\/colgante-mikado-flamenco-tamara-comolli-7\/","title":{"rendered":"COLGANTE MIKADO FLAMENCO &#8211; TAMARA COMOLLI"},"content":{"rendered":"<p data-start=\"0\" data-end=\"73\">Colgante Tamara Comolli Mikado Flamenco de oro amarillo y topacio swiss.<\/p>\n<p data-start=\"75\" data-end=\"467\" data-is-last-node=\"\" data-is-only-node=\"\">El colgante MIKADO Flamenco, todo un cl\u00e1sico de la colecci\u00f3n, luce un brillante topacio en su emblem\u00e1tica forma c\u00f3nica. Esta pieza peque\u00f1a, engastada en oro de 18 quilates, est\u00e1 disponible en una gran variedad de combinaciones de piedras preciosas, ideales para coleccionar. Puedes llevarla con una de nuestras cadenas de alta calidad o con un cord\u00f3n de cuero para un estilo m\u00e1s personal.<\/p>\n<p>Detalles:<\/p>\n<p>\u2022 Oro amarillo 18k<br \/>\n\u2022 Topacio swiss 4,00ct<\/p>\n<p>&nbsp;<\/p>\n","protected":false},"excerpt":{"rendered":"<p>Penjoll Tamara Comolli Mikado Flamenco d&#8217;or groc i topazi swiss.<\/p>\n<p>El penjoll MIKADO Flamenco, tot un cl\u00e0ssic de la col\u00b7lecci\u00f3, llueix un brillant topazi en la seva emblem\u00e0tica forma c\u00f2nica. Aquesta pe\u00e7a petita, engastada en or de 18 quirats, est\u00e0 disponible en una gran varietat de combinacions de pedres precioses, ideals per col\u00b7leccionar. Pots portar-la amb una de les nostres cadenes de gran qualitat o amb un cord\u00f3 de cuir per un estil m\u00e9s personal.<\/p>\n","protected":false},"featured_media":81859,"comment_status":"closed","ping_status":"closed","template":"","meta":{"_acf_changed":false,"_monsterinsights_skip_tracking":false,"_monsterinsights_sitenote_active":false,"_monsterinsights_sitenote_note":"","_monsterinsights_sitenote_category":0},"product_brand":[],"product_cat":[1217,3447],"product_tag":[1589,1579,2803,2781,1628],"class_list":{"0":"post-75585","1":"product","2":"type-product","3":"status-publish","4":"has-post-thumbnail","6":"product_cat-joyas","7":"product_cat-tamara-comolli-es","8":"product_tag-colgantes","9":"product_tag-oro-amarillo","10":"product_tag-swiss-es","11":"product_tag-tamara-comolli-es","12":"product_tag-topacio","14":"first","15":"instock","16":"shipping-taxable","17":"purchasable","18":"product-type-simple"},"acf":[],"yoast_head":"<!-- This site is optimized with the Yoast SEO Premium plugin v26.8 (Yoast SEO v27.3) - https:\/\/yoast.com\/product\/yoast-seo-premium-wordpress\/ -->\n<title>COLGANTE MIKADO FLAMENCO - TAMARA COMOLLI - Maison Roca<\/title>\n<meta name=\"robots\" content=\"index, follow, max-snippet:-1, max-image-preview:large, max-video-preview:-1\" \/>\n<link rel=\"canonical\" href=\"https:\/\/maisonroca.ad\/es\/tienda\/colgante-mikado-flamenco-tamara-comolli-7\/\" \/>\n<meta property=\"og:locale\" content=\"es_ES\" \/>\n<meta property=\"og:type\" content=\"article\" \/>\n<meta property=\"og:title\" content=\"COLGANTE MIKADO FLAMENCO - TAMARA COMOLLI\" \/>\n<meta property=\"og:description\" content=\"Penjoll Tamara Comolli Mikado Flamenco d&#039;or groc i topazi swiss.  El penjoll MIKADO Flamenco, tot un cl\u00e0ssic de la col\u00b7lecci\u00f3, llueix un brillant topazi en la seva emblem\u00e0tica forma c\u00f2nica. Aquesta pe\u00e7a petita, engastada en or de 18 quirats, est\u00e0 disponible en una gran varietat de combinacions de pedres precioses, ideals per col\u00b7leccionar. Pots portar-la amb una de les nostres cadenes de gran qualitat o amb un cord\u00f3 de cuir per un estil m\u00e9s personal.\" \/>\n<meta property=\"og:url\" content=\"https:\/\/maisonroca.ad\/es\/tienda\/colgante-mikado-flamenco-tamara-comolli-7\/\" \/>\n<meta property=\"og:site_name\" content=\"Maison Roca\" \/>\n<meta property=\"article:publisher\" content=\"https:\/\/www.facebook.com\/maisonroca\" \/>\n<meta property=\"article:modified_time\" content=\"2026-02-13T09:53:53+00:00\" \/>\n<meta property=\"og:image\" content=\"https:\/\/maisonroca.ad\/wp-content\/uploads\/2025\/05\/p-mfl-tosw-yg-1.jpg\" \/>\n\t<meta property=\"og:image:width\" content=\"1080\" \/>\n\t<meta property=\"og:image:height\" content=\"1080\" \/>\n\t<meta property=\"og:image:type\" content=\"image\/jpeg\" \/>\n<meta name=\"twitter:card\" content=\"summary_large_image\" \/>\n<meta name=\"twitter:label1\" content=\"Precio\" \/>\n\t<meta name=\"twitter:data1\" content=\"1.215,00&nbsp;&euro;\" \/>\n\t<meta name=\"twitter:label2\" content=\"Disponibilidad\" \/>\n\t<meta name=\"twitter:data2\" content=\"Disponible\" \/>\n<script type=\"application\/ld+json\" class=\"yoast-schema-graph\">{\"@context\":\"https:\\\/\\\/schema.org\",\"@graph\":[{\"@type\":\"WebPage\",\"@id\":\"https:\\\/\\\/maisonroca.ad\\\/es\\\/tienda\\\/colgante-mikado-flamenco-tamara-comolli-7\\\/\",\"url\":\"https:\\\/\\\/maisonroca.ad\\\/es\\\/tienda\\\/colgante-mikado-flamenco-tamara-comolli-7\\\/\",\"name\":\"COLGANTE MIKADO FLAMENCO - TAMARA COMOLLI - Maison Roca\",\"isPartOf\":{\"@id\":\"https:\\\/\\\/maisonroca.ad\\\/es\\\/#website\"},\"primaryImageOfPage\":{\"@id\":\"https:\\\/\\\/maisonroca.ad\\\/es\\\/tienda\\\/colgante-mikado-flamenco-tamara-comolli-7\\\/#primaryimage\"},\"image\":{\"@id\":\"https:\\\/\\\/maisonroca.ad\\\/es\\\/tienda\\\/colgante-mikado-flamenco-tamara-comolli-7\\\/#primaryimage\"},\"thumbnailUrl\":\"https:\\\/\\\/maisonroca.ad\\\/wp-content\\\/uploads\\\/2025\\\/05\\\/p-mfl-tosw-yg-1.jpg\",\"datePublished\":\"2025-05-21T21:08:56+00:00\",\"dateModified\":\"2026-02-13T09:53:53+00:00\",\"breadcrumb\":{\"@id\":\"https:\\\/\\\/maisonroca.ad\\\/es\\\/tienda\\\/colgante-mikado-flamenco-tamara-comolli-7\\\/#breadcrumb\"},\"inLanguage\":\"es\",\"potentialAction\":[{\"@type\":\"ReadAction\",\"target\":[\"https:\\\/\\\/maisonroca.ad\\\/es\\\/tienda\\\/colgante-mikado-flamenco-tamara-comolli-7\\\/\"]}]},{\"@type\":\"ImageObject\",\"inLanguage\":\"es\",\"@id\":\"https:\\\/\\\/maisonroca.ad\\\/es\\\/tienda\\\/colgante-mikado-flamenco-tamara-comolli-7\\\/#primaryimage\",\"url\":\"https:\\\/\\\/maisonroca.ad\\\/wp-content\\\/uploads\\\/2025\\\/05\\\/p-mfl-tosw-yg-1.jpg\",\"contentUrl\":\"https:\\\/\\\/maisonroca.ad\\\/wp-content\\\/uploads\\\/2025\\\/05\\\/p-mfl-tosw-yg-1.jpg\",\"width\":1080,\"height\":1080},{\"@type\":\"BreadcrumbList\",\"@id\":\"https:\\\/\\\/maisonroca.ad\\\/es\\\/tienda\\\/colgante-mikado-flamenco-tamara-comolli-7\\\/#breadcrumb\",\"itemListElement\":[{\"@type\":\"ListItem\",\"position\":1,\"name\":\"Portada\",\"item\":\"https:\\\/\\\/maisonroca.ad\\\/es\\\/\"},{\"@type\":\"ListItem\",\"position\":2,\"name\":\"Botiga\",\"item\":\"https:\\\/\\\/maisonroca.ad\\\/botiga\\\/\"},{\"@type\":\"ListItem\",\"position\":3,\"name\":\"COLGANTE MIKADO FLAMENCO &#8211; TAMARA COMOLLI\"}]},{\"@type\":\"WebSite\",\"@id\":\"https:\\\/\\\/maisonroca.ad\\\/es\\\/#website\",\"url\":\"https:\\\/\\\/maisonroca.ad\\\/es\\\/\",\"name\":\"Maison Roca\",\"description\":\"Bold Luxury Life - joieria d&#039;autor - Andorra\",\"publisher\":{\"@id\":\"https:\\\/\\\/maisonroca.ad\\\/es\\\/#organization\"},\"potentialAction\":[{\"@type\":\"SearchAction\",\"target\":{\"@type\":\"EntryPoint\",\"urlTemplate\":\"https:\\\/\\\/maisonroca.ad\\\/es\\\/?s={search_term_string}\"},\"query-input\":{\"@type\":\"PropertyValueSpecification\",\"valueRequired\":true,\"valueName\":\"search_term_string\"}}],\"inLanguage\":\"es\"},{\"@type\":\"Organization\",\"@id\":\"https:\\\/\\\/maisonroca.ad\\\/es\\\/#organization\",\"name\":\"Maison Roca\",\"url\":\"https:\\\/\\\/maisonroca.ad\\\/es\\\/\",\"logo\":{\"@type\":\"ImageObject\",\"inLanguage\":\"es\",\"@id\":\"https:\\\/\\\/maisonroca.ad\\\/es\\\/#\\\/schema\\\/logo\\\/image\\\/\",\"url\":\"https:\\\/\\\/maisonroca.ad\\\/wp-content\\\/uploads\\\/2023\\\/10\\\/icono.png\",\"contentUrl\":\"https:\\\/\\\/maisonroca.ad\\\/wp-content\\\/uploads\\\/2023\\\/10\\\/icono.png\",\"width\":512,\"height\":512,\"caption\":\"Maison Roca\"},\"image\":{\"@id\":\"https:\\\/\\\/maisonroca.ad\\\/es\\\/#\\\/schema\\\/logo\\\/image\\\/\"},\"sameAs\":[\"https:\\\/\\\/www.facebook.com\\\/maisonroca\",\"https:\\\/\\\/www.instagram.com\\\/maisonroca\\\/\"]}]}<\/script>\n<meta property=\"product:price:amount\" content=\"1215.00\" \/>\n<meta property=\"product:price:currency\" content=\"EUR\" \/>\n<meta property=\"og:availability\" content=\"instock\" \/>\n<meta property=\"product:availability\" content=\"instock\" \/>\n<meta property=\"product:retailer_item_id\" content=\"P-MFL-TOSW-YG\" \/>\n<meta property=\"product:condition\" content=\"new\" \/>\n<!-- \/ Yoast SEO Premium plugin. -->","yoast_head_json":{"title":"COLGANTE MIKADO FLAMENCO - TAMARA COMOLLI - Maison Roca","robots":{"index":"index","follow":"follow","max-snippet":"max-snippet:-1","max-image-preview":"max-image-preview:large","max-video-preview":"max-video-preview:-1"},"canonical":"https:\/\/maisonroca.ad\/es\/tienda\/colgante-mikado-flamenco-tamara-comolli-7\/","og_locale":"es_ES","og_type":"article","og_title":"COLGANTE MIKADO FLAMENCO - TAMARA COMOLLI","og_description":"Penjoll Tamara Comolli Mikado Flamenco d'or groc i topazi swiss.  El penjoll MIKADO Flamenco, tot un cl\u00e0ssic de la col\u00b7lecci\u00f3, llueix un brillant topazi en la seva emblem\u00e0tica forma c\u00f2nica. Aquesta pe\u00e7a petita, engastada en or de 18 quirats, est\u00e0 disponible en una gran varietat de combinacions de pedres precioses, ideals per col\u00b7leccionar. Pots portar-la amb una de les nostres cadenes de gran qualitat o amb un cord\u00f3 de cuir per un estil m\u00e9s personal.","og_url":"https:\/\/maisonroca.ad\/es\/tienda\/colgante-mikado-flamenco-tamara-comolli-7\/","og_site_name":"Maison Roca","article_publisher":"https:\/\/www.facebook.com\/maisonroca","article_modified_time":"2026-02-13T09:53:53+00:00","og_image":[{"width":1080,"height":1080,"url":"https:\/\/maisonroca.ad\/wp-content\/uploads\/2025\/05\/p-mfl-tosw-yg-1.jpg","type":"image\/jpeg"}],"twitter_card":"summary_large_image","twitter_misc":{"Precio":"1.215,00&nbsp;&euro;","Disponibilidad":"Disponible"},"schema":{"@context":"https:\/\/schema.org","@graph":[{"@type":"WebPage","@id":"https:\/\/maisonroca.ad\/es\/tienda\/colgante-mikado-flamenco-tamara-comolli-7\/","url":"https:\/\/maisonroca.ad\/es\/tienda\/colgante-mikado-flamenco-tamara-comolli-7\/","name":"COLGANTE MIKADO FLAMENCO - TAMARA COMOLLI - Maison Roca","isPartOf":{"@id":"https:\/\/maisonroca.ad\/es\/#website"},"primaryImageOfPage":{"@id":"https:\/\/maisonroca.ad\/es\/tienda\/colgante-mikado-flamenco-tamara-comolli-7\/#primaryimage"},"image":{"@id":"https:\/\/maisonroca.ad\/es\/tienda\/colgante-mikado-flamenco-tamara-comolli-7\/#primaryimage"},"thumbnailUrl":"https:\/\/maisonroca.ad\/wp-content\/uploads\/2025\/05\/p-mfl-tosw-yg-1.jpg","datePublished":"2025-05-21T21:08:56+00:00","dateModified":"2026-02-13T09:53:53+00:00","breadcrumb":{"@id":"https:\/\/maisonroca.ad\/es\/tienda\/colgante-mikado-flamenco-tamara-comolli-7\/#breadcrumb"},"inLanguage":"es","potentialAction":[{"@type":"ReadAction","target":["https:\/\/maisonroca.ad\/es\/tienda\/colgante-mikado-flamenco-tamara-comolli-7\/"]}]},{"@type":"ImageObject","inLanguage":"es","@id":"https:\/\/maisonroca.ad\/es\/tienda\/colgante-mikado-flamenco-tamara-comolli-7\/#primaryimage","url":"https:\/\/maisonroca.ad\/wp-content\/uploads\/2025\/05\/p-mfl-tosw-yg-1.jpg","contentUrl":"https:\/\/maisonroca.ad\/wp-content\/uploads\/2025\/05\/p-mfl-tosw-yg-1.jpg","width":1080,"height":1080},{"@type":"BreadcrumbList","@id":"https:\/\/maisonroca.ad\/es\/tienda\/colgante-mikado-flamenco-tamara-comolli-7\/#breadcrumb","itemListElement":[{"@type":"ListItem","position":1,"name":"Portada","item":"https:\/\/maisonroca.ad\/es\/"},{"@type":"ListItem","position":2,"name":"Botiga","item":"https:\/\/maisonroca.ad\/botiga\/"},{"@type":"ListItem","position":3,"name":"COLGANTE MIKADO FLAMENCO &#8211; TAMARA COMOLLI"}]},{"@type":"WebSite","@id":"https:\/\/maisonroca.ad\/es\/#website","url":"https:\/\/maisonroca.ad\/es\/","name":"Maison Roca","description":"Bold Luxury Life - joieria d&#039;autor - Andorra","publisher":{"@id":"https:\/\/maisonroca.ad\/es\/#organization"},"potentialAction":[{"@type":"SearchAction","target":{"@type":"EntryPoint","urlTemplate":"https:\/\/maisonroca.ad\/es\/?s={search_term_string}"},"query-input":{"@type":"PropertyValueSpecification","valueRequired":true,"valueName":"search_term_string"}}],"inLanguage":"es"},{"@type":"Organization","@id":"https:\/\/maisonroca.ad\/es\/#organization","name":"Maison Roca","url":"https:\/\/maisonroca.ad\/es\/","logo":{"@type":"ImageObject","inLanguage":"es","@id":"https:\/\/maisonroca.ad\/es\/#\/schema\/logo\/image\/","url":"https:\/\/maisonroca.ad\/wp-content\/uploads\/2023\/10\/icono.png","contentUrl":"https:\/\/maisonroca.ad\/wp-content\/uploads\/2023\/10\/icono.png","width":512,"height":512,"caption":"Maison Roca"},"image":{"@id":"https:\/\/maisonroca.ad\/es\/#\/schema\/logo\/image\/"},"sameAs":["https:\/\/www.facebook.com\/maisonroca","https:\/\/www.instagram.com\/maisonroca\/"]}]},"product_price_amount":"1215.00","product_price_currency":"EUR","og_availability":"instock","product_availability":"instock","product_retailer_item_id":"P-MFL-TOSW-YG","product_condition":"new"},"_links":{"self":[{"href":"https:\/\/maisonroca.ad\/es\/wp-json\/wp\/v2\/product\/75585","targetHints":{"allow":["GET"]}}],"collection":[{"href":"https:\/\/maisonroca.ad\/es\/wp-json\/wp\/v2\/product"}],"about":[{"href":"https:\/\/maisonroca.ad\/es\/wp-json\/wp\/v2\/types\/product"}],"replies":[{"embeddable":true,"href":"https:\/\/maisonroca.ad\/es\/wp-json\/wp\/v2\/comments?post=75585"}],"version-history":[{"count":7,"href":"https:\/\/maisonroca.ad\/es\/wp-json\/wp\/v2\/product\/75585\/revisions"}],"predecessor-version":[{"id":83924,"href":"https:\/\/maisonroca.ad\/es\/wp-json\/wp\/v2\/product\/75585\/revisions\/83924"}],"wp:featuredmedia":[{"embeddable":true,"href":"https:\/\/maisonroca.ad\/es\/wp-json\/wp\/v2\/media\/81859"}],"wp:attachment":[{"href":"https:\/\/maisonroca.ad\/es\/wp-json\/wp\/v2\/media?parent=75585"}],"wp:term":[{"taxonomy":"product_brand","embeddable":true,"href":"https:\/\/maisonroca.ad\/es\/wp-json\/wp\/v2\/product_brand?post=75585"},{"taxonomy":"product_cat","embeddable":true,"href":"https:\/\/maisonroca.ad\/es\/wp-json\/wp\/v2\/product_cat?post=75585"},{"taxonomy":"product_tag","embeddable":true,"href":"https:\/\/maisonroca.ad\/es\/wp-json\/wp\/v2\/product_tag?post=75585"}],"curies":[{"name":"wp","href":"https:\/\/api.w.org\/{rel}","templated":true}]}}