{"id":75701,"date":"2025-08-13T17:04:21","date_gmt":"2025-08-13T15:04:21","guid":{"rendered":"https:\/\/maisonroca.ad\/?post_type=product&#038;p=75701"},"modified":"2026-01-27T09:57:36","modified_gmt":"2026-01-27T08:57:36","slug":"brazalete-mikado-charm-candy-tamara-comolli","status":"publish","type":"product","link":"https:\/\/maisonroca.ad\/es\/tienda\/brazalete-mikado-charm-candy-tamara-comolli\/","title":{"rendered":"BRAZALETE MIKADO CHARM CANDY &#8211; TAMARA COMOLLI"},"content":{"rendered":"<p>El brazalete MIKADO de la colecci\u00f3n \u201cCandy\u201d destaca por su juego de colores intensos y su energ\u00eda positiva. Hecha a mano con atenci\u00f3n al detalle, combina elegancia con un aire desenfadado. Su dise\u00f1o c\u00f3modo la convierte en una joya ideal para llevar a diario.<\/p>\n<p>Detalls:<\/p>\n<p>\u2022 Oro rosa 18k<br \/>\n\u2022 Turmalinas verdes i rosas 2,00 ct<br \/>\n\u2022 Granate mandarina 1,50 ct<br \/>\n\u2022 Amatista 0,80 ct<br \/>\n\u2022 Topacio swiss 1,20 ct<br \/>\n\u2022 Citrino 0,90 ct<\/p>\n","protected":false},"excerpt":{"rendered":"<p>Bra\u00e7alet Tamara Comolli Mikado Charm Candy d&#8217;or rosa, turmalines, grenat, amatista, topazi i citrini.<\/p>\n<p>El bra\u00e7alet MIKADO de la col\u00b7lecci\u00f3 \u201cCandy\u201d \u00e9s una explosi\u00f3 de color gr\u00e0cies a les pedres precioses en tons vius. Fet a m\u00e0 amb molta cura, \u00e9s una pe\u00e7a alegre i vers\u00e0til que s\u2019adapta c\u00f2modament a qualsevol canell \u2014 perfecte per convertir-se en un dels teus imprescindibles.<\/p>\n","protected":false},"featured_media":73096,"comment_status":"closed","ping_status":"closed","template":"","meta":{"_acf_changed":false,"_monsterinsights_skip_tracking":false,"_monsterinsights_sitenote_active":false,"_monsterinsights_sitenote_note":"","_monsterinsights_sitenote_category":0},"product_brand":[],"product_cat":[1217,3447],"product_tag":[2289,1680,1632,1572,1635,2781,1628,2401],"class_list":{"0":"post-75701","1":"product","2":"type-product","3":"status-publish","4":"has-post-thumbnail","6":"product_cat-joyas","7":"product_cat-tamara-comolli-es","8":"product_tag-amatista-2","9":"product_tag-citrino","10":"product_tag-granate","11":"product_tag-oro-rosa","12":"product_tag-pulseras","13":"product_tag-tamara-comolli-es","14":"product_tag-topacio","15":"product_tag-turmalina-2","17":"first","18":"instock","19":"shipping-taxable","20":"purchasable","21":"product-type-simple"},"acf":[],"yoast_head":"<!-- This site is optimized with the Yoast SEO Premium plugin v26.8 (Yoast SEO v27.4) - https:\/\/yoast.com\/product\/yoast-seo-premium-wordpress\/ -->\n<title>BRAZALETE MIKADO CHARM CANDY - TAMARA COMOLLI - Maison Roca<\/title>\n<meta name=\"robots\" content=\"index, follow, max-snippet:-1, max-image-preview:large, max-video-preview:-1\" \/>\n<link rel=\"canonical\" href=\"https:\/\/maisonroca.ad\/es\/tienda\/brazalete-mikado-charm-candy-tamara-comolli\/\" \/>\n<meta property=\"og:locale\" content=\"es_ES\" \/>\n<meta property=\"og:type\" content=\"article\" \/>\n<meta property=\"og:title\" content=\"BRAZALETE MIKADO CHARM CANDY - TAMARA COMOLLI\" \/>\n<meta property=\"og:description\" content=\"Bra\u00e7alet Tamara Comolli Mikado Charm Candy d&#039;or rosa, turmalines, grenat, amatista, topazi i citrini.  El bra\u00e7alet MIKADO de la col\u00b7lecci\u00f3 \u201cCandy\u201d \u00e9s una explosi\u00f3 de color gr\u00e0cies a les pedres precioses en tons vius. Fet a m\u00e0 amb molta cura, \u00e9s una pe\u00e7a alegre i vers\u00e0til que s\u2019adapta c\u00f2modament a qualsevol canell \u2014 perfecte per convertir-se en un dels teus imprescindibles.\" \/>\n<meta property=\"og:url\" content=\"https:\/\/maisonroca.ad\/es\/tienda\/brazalete-mikado-charm-candy-tamara-comolli\/\" \/>\n<meta property=\"og:site_name\" content=\"Maison Roca\" \/>\n<meta property=\"article:publisher\" content=\"https:\/\/www.facebook.com\/maisonroca\" \/>\n<meta property=\"article:modified_time\" content=\"2026-01-27T08:57:36+00:00\" \/>\n<meta property=\"og:image\" content=\"https:\/\/maisonroca.ad\/wp-content\/uploads\/2025\/05\/b-mc-ch-can-rg.jpg\" \/>\n\t<meta property=\"og:image:width\" content=\"1080\" \/>\n\t<meta property=\"og:image:height\" content=\"1080\" \/>\n\t<meta property=\"og:image:type\" content=\"image\/jpeg\" \/>\n<meta name=\"twitter:card\" content=\"summary_large_image\" \/>\n<meta name=\"twitter:label1\" content=\"Precio\" \/>\n\t<meta name=\"twitter:data1\" content=\"6.210,00&nbsp;&euro;\" \/>\n\t<meta name=\"twitter:label2\" content=\"Disponibilidad\" \/>\n\t<meta name=\"twitter:data2\" content=\"Disponible\" \/>\n<script type=\"application\/ld+json\" class=\"yoast-schema-graph\">{\"@context\":\"https:\\\/\\\/schema.org\",\"@graph\":[{\"@type\":\"WebPage\",\"@id\":\"https:\\\/\\\/maisonroca.ad\\\/es\\\/tienda\\\/brazalete-mikado-charm-candy-tamara-comolli\\\/\",\"url\":\"https:\\\/\\\/maisonroca.ad\\\/es\\\/tienda\\\/brazalete-mikado-charm-candy-tamara-comolli\\\/\",\"name\":\"BRAZALETE MIKADO CHARM CANDY - TAMARA COMOLLI - Maison Roca\",\"isPartOf\":{\"@id\":\"https:\\\/\\\/maisonroca.ad\\\/es\\\/#website\"},\"primaryImageOfPage\":{\"@id\":\"https:\\\/\\\/maisonroca.ad\\\/es\\\/tienda\\\/brazalete-mikado-charm-candy-tamara-comolli\\\/#primaryimage\"},\"image\":{\"@id\":\"https:\\\/\\\/maisonroca.ad\\\/es\\\/tienda\\\/brazalete-mikado-charm-candy-tamara-comolli\\\/#primaryimage\"},\"thumbnailUrl\":\"https:\\\/\\\/maisonroca.ad\\\/wp-content\\\/uploads\\\/2025\\\/05\\\/b-mc-ch-can-rg.jpg\",\"datePublished\":\"2025-08-13T15:04:21+00:00\",\"dateModified\":\"2026-01-27T08:57:36+00:00\",\"breadcrumb\":{\"@id\":\"https:\\\/\\\/maisonroca.ad\\\/es\\\/tienda\\\/brazalete-mikado-charm-candy-tamara-comolli\\\/#breadcrumb\"},\"inLanguage\":\"es\",\"potentialAction\":[{\"@type\":\"ReadAction\",\"target\":[\"https:\\\/\\\/maisonroca.ad\\\/es\\\/tienda\\\/brazalete-mikado-charm-candy-tamara-comolli\\\/\"]}]},{\"@type\":\"ImageObject\",\"inLanguage\":\"es\",\"@id\":\"https:\\\/\\\/maisonroca.ad\\\/es\\\/tienda\\\/brazalete-mikado-charm-candy-tamara-comolli\\\/#primaryimage\",\"url\":\"https:\\\/\\\/maisonroca.ad\\\/wp-content\\\/uploads\\\/2025\\\/05\\\/b-mc-ch-can-rg.jpg\",\"contentUrl\":\"https:\\\/\\\/maisonroca.ad\\\/wp-content\\\/uploads\\\/2025\\\/05\\\/b-mc-ch-can-rg.jpg\",\"width\":1080,\"height\":1080},{\"@type\":\"BreadcrumbList\",\"@id\":\"https:\\\/\\\/maisonroca.ad\\\/es\\\/tienda\\\/brazalete-mikado-charm-candy-tamara-comolli\\\/#breadcrumb\",\"itemListElement\":[{\"@type\":\"ListItem\",\"position\":1,\"name\":\"Portada\",\"item\":\"https:\\\/\\\/maisonroca.ad\\\/es\\\/\"},{\"@type\":\"ListItem\",\"position\":2,\"name\":\"Botiga\",\"item\":\"https:\\\/\\\/maisonroca.ad\\\/botiga\\\/\"},{\"@type\":\"ListItem\",\"position\":3,\"name\":\"BRAZALETE MIKADO CHARM CANDY &#8211; TAMARA COMOLLI\"}]},{\"@type\":\"WebSite\",\"@id\":\"https:\\\/\\\/maisonroca.ad\\\/es\\\/#website\",\"url\":\"https:\\\/\\\/maisonroca.ad\\\/es\\\/\",\"name\":\"Maison Roca\",\"description\":\"Bold Luxury Life - joieria d&#039;autor - Andorra\",\"publisher\":{\"@id\":\"https:\\\/\\\/maisonroca.ad\\\/es\\\/#organization\"},\"potentialAction\":[{\"@type\":\"SearchAction\",\"target\":{\"@type\":\"EntryPoint\",\"urlTemplate\":\"https:\\\/\\\/maisonroca.ad\\\/es\\\/?s={search_term_string}\"},\"query-input\":{\"@type\":\"PropertyValueSpecification\",\"valueRequired\":true,\"valueName\":\"search_term_string\"}}],\"inLanguage\":\"es\"},{\"@type\":\"Organization\",\"@id\":\"https:\\\/\\\/maisonroca.ad\\\/es\\\/#organization\",\"name\":\"Maison Roca\",\"url\":\"https:\\\/\\\/maisonroca.ad\\\/es\\\/\",\"logo\":{\"@type\":\"ImageObject\",\"inLanguage\":\"es\",\"@id\":\"https:\\\/\\\/maisonroca.ad\\\/es\\\/#\\\/schema\\\/logo\\\/image\\\/\",\"url\":\"https:\\\/\\\/maisonroca.ad\\\/wp-content\\\/uploads\\\/2023\\\/10\\\/icono.png\",\"contentUrl\":\"https:\\\/\\\/maisonroca.ad\\\/wp-content\\\/uploads\\\/2023\\\/10\\\/icono.png\",\"width\":512,\"height\":512,\"caption\":\"Maison Roca\"},\"image\":{\"@id\":\"https:\\\/\\\/maisonroca.ad\\\/es\\\/#\\\/schema\\\/logo\\\/image\\\/\"},\"sameAs\":[\"https:\\\/\\\/www.facebook.com\\\/maisonroca\",\"https:\\\/\\\/www.instagram.com\\\/maisonroca\\\/\"]}]}<\/script>\n<meta property=\"product:price:amount\" content=\"6210.00\" \/>\n<meta property=\"product:price:currency\" content=\"EUR\" \/>\n<meta property=\"og:availability\" content=\"instock\" \/>\n<meta property=\"product:availability\" content=\"instock\" \/>\n<meta property=\"product:retailer_item_id\" content=\"B-MC-CH-CAN-RG\" \/>\n<meta property=\"product:condition\" content=\"new\" \/>\n<!-- \/ Yoast SEO Premium plugin. -->","yoast_head_json":{"title":"BRAZALETE MIKADO CHARM CANDY - TAMARA COMOLLI - Maison Roca","robots":{"index":"index","follow":"follow","max-snippet":"max-snippet:-1","max-image-preview":"max-image-preview:large","max-video-preview":"max-video-preview:-1"},"canonical":"https:\/\/maisonroca.ad\/es\/tienda\/brazalete-mikado-charm-candy-tamara-comolli\/","og_locale":"es_ES","og_type":"article","og_title":"BRAZALETE MIKADO CHARM CANDY - TAMARA COMOLLI","og_description":"Bra\u00e7alet Tamara Comolli Mikado Charm Candy d'or rosa, turmalines, grenat, amatista, topazi i citrini.  El bra\u00e7alet MIKADO de la col\u00b7lecci\u00f3 \u201cCandy\u201d \u00e9s una explosi\u00f3 de color gr\u00e0cies a les pedres precioses en tons vius. Fet a m\u00e0 amb molta cura, \u00e9s una pe\u00e7a alegre i vers\u00e0til que s\u2019adapta c\u00f2modament a qualsevol canell \u2014 perfecte per convertir-se en un dels teus imprescindibles.","og_url":"https:\/\/maisonroca.ad\/es\/tienda\/brazalete-mikado-charm-candy-tamara-comolli\/","og_site_name":"Maison Roca","article_publisher":"https:\/\/www.facebook.com\/maisonroca","article_modified_time":"2026-01-27T08:57:36+00:00","og_image":[{"width":1080,"height":1080,"url":"https:\/\/maisonroca.ad\/wp-content\/uploads\/2025\/05\/b-mc-ch-can-rg.jpg","type":"image\/jpeg"}],"twitter_card":"summary_large_image","twitter_misc":{"Precio":"6.210,00&nbsp;&euro;","Disponibilidad":"Disponible"},"schema":{"@context":"https:\/\/schema.org","@graph":[{"@type":"WebPage","@id":"https:\/\/maisonroca.ad\/es\/tienda\/brazalete-mikado-charm-candy-tamara-comolli\/","url":"https:\/\/maisonroca.ad\/es\/tienda\/brazalete-mikado-charm-candy-tamara-comolli\/","name":"BRAZALETE MIKADO CHARM CANDY - TAMARA COMOLLI - Maison Roca","isPartOf":{"@id":"https:\/\/maisonroca.ad\/es\/#website"},"primaryImageOfPage":{"@id":"https:\/\/maisonroca.ad\/es\/tienda\/brazalete-mikado-charm-candy-tamara-comolli\/#primaryimage"},"image":{"@id":"https:\/\/maisonroca.ad\/es\/tienda\/brazalete-mikado-charm-candy-tamara-comolli\/#primaryimage"},"thumbnailUrl":"https:\/\/maisonroca.ad\/wp-content\/uploads\/2025\/05\/b-mc-ch-can-rg.jpg","datePublished":"2025-08-13T15:04:21+00:00","dateModified":"2026-01-27T08:57:36+00:00","breadcrumb":{"@id":"https:\/\/maisonroca.ad\/es\/tienda\/brazalete-mikado-charm-candy-tamara-comolli\/#breadcrumb"},"inLanguage":"es","potentialAction":[{"@type":"ReadAction","target":["https:\/\/maisonroca.ad\/es\/tienda\/brazalete-mikado-charm-candy-tamara-comolli\/"]}]},{"@type":"ImageObject","inLanguage":"es","@id":"https:\/\/maisonroca.ad\/es\/tienda\/brazalete-mikado-charm-candy-tamara-comolli\/#primaryimage","url":"https:\/\/maisonroca.ad\/wp-content\/uploads\/2025\/05\/b-mc-ch-can-rg.jpg","contentUrl":"https:\/\/maisonroca.ad\/wp-content\/uploads\/2025\/05\/b-mc-ch-can-rg.jpg","width":1080,"height":1080},{"@type":"BreadcrumbList","@id":"https:\/\/maisonroca.ad\/es\/tienda\/brazalete-mikado-charm-candy-tamara-comolli\/#breadcrumb","itemListElement":[{"@type":"ListItem","position":1,"name":"Portada","item":"https:\/\/maisonroca.ad\/es\/"},{"@type":"ListItem","position":2,"name":"Botiga","item":"https:\/\/maisonroca.ad\/botiga\/"},{"@type":"ListItem","position":3,"name":"BRAZALETE MIKADO CHARM CANDY &#8211; TAMARA COMOLLI"}]},{"@type":"WebSite","@id":"https:\/\/maisonroca.ad\/es\/#website","url":"https:\/\/maisonroca.ad\/es\/","name":"Maison Roca","description":"Bold Luxury Life - joieria d&#039;autor - Andorra","publisher":{"@id":"https:\/\/maisonroca.ad\/es\/#organization"},"potentialAction":[{"@type":"SearchAction","target":{"@type":"EntryPoint","urlTemplate":"https:\/\/maisonroca.ad\/es\/?s={search_term_string}"},"query-input":{"@type":"PropertyValueSpecification","valueRequired":true,"valueName":"search_term_string"}}],"inLanguage":"es"},{"@type":"Organization","@id":"https:\/\/maisonroca.ad\/es\/#organization","name":"Maison Roca","url":"https:\/\/maisonroca.ad\/es\/","logo":{"@type":"ImageObject","inLanguage":"es","@id":"https:\/\/maisonroca.ad\/es\/#\/schema\/logo\/image\/","url":"https:\/\/maisonroca.ad\/wp-content\/uploads\/2023\/10\/icono.png","contentUrl":"https:\/\/maisonroca.ad\/wp-content\/uploads\/2023\/10\/icono.png","width":512,"height":512,"caption":"Maison Roca"},"image":{"@id":"https:\/\/maisonroca.ad\/es\/#\/schema\/logo\/image\/"},"sameAs":["https:\/\/www.facebook.com\/maisonroca","https:\/\/www.instagram.com\/maisonroca\/"]}]},"product_price_amount":"6210.00","product_price_currency":"EUR","og_availability":"instock","product_availability":"instock","product_retailer_item_id":"B-MC-CH-CAN-RG","product_condition":"new"},"_links":{"self":[{"href":"https:\/\/maisonroca.ad\/es\/wp-json\/wp\/v2\/product\/75701","targetHints":{"allow":["GET"]}}],"collection":[{"href":"https:\/\/maisonroca.ad\/es\/wp-json\/wp\/v2\/product"}],"about":[{"href":"https:\/\/maisonroca.ad\/es\/wp-json\/wp\/v2\/types\/product"}],"replies":[{"embeddable":true,"href":"https:\/\/maisonroca.ad\/es\/wp-json\/wp\/v2\/comments?post=75701"}],"version-history":[{"count":8,"href":"https:\/\/maisonroca.ad\/es\/wp-json\/wp\/v2\/product\/75701\/revisions"}],"predecessor-version":[{"id":83227,"href":"https:\/\/maisonroca.ad\/es\/wp-json\/wp\/v2\/product\/75701\/revisions\/83227"}],"wp:featuredmedia":[{"embeddable":true,"href":"https:\/\/maisonroca.ad\/es\/wp-json\/wp\/v2\/media\/73096"}],"wp:attachment":[{"href":"https:\/\/maisonroca.ad\/es\/wp-json\/wp\/v2\/media?parent=75701"}],"wp:term":[{"taxonomy":"product_brand","embeddable":true,"href":"https:\/\/maisonroca.ad\/es\/wp-json\/wp\/v2\/product_brand?post=75701"},{"taxonomy":"product_cat","embeddable":true,"href":"https:\/\/maisonroca.ad\/es\/wp-json\/wp\/v2\/product_cat?post=75701"},{"taxonomy":"product_tag","embeddable":true,"href":"https:\/\/maisonroca.ad\/es\/wp-json\/wp\/v2\/product_tag?post=75701"}],"curies":[{"name":"wp","href":"https:\/\/api.w.org\/{rel}","templated":true}]}}