{"id":75717,"date":"2025-08-13T17:04:17","date_gmt":"2025-08-13T15:04:17","guid":{"rendered":"https:\/\/maisonroca.ad\/?post_type=product&#038;p=75717"},"modified":"2026-01-27T10:16:24","modified_gmt":"2026-01-27T09:16:24","slug":"tamara-comolli-signature-criollas-pendientes","status":"publish","type":"product","link":"https:\/\/maisonroca.ad\/es\/tienda\/tamara-comolli-signature-criollas-pendientes\/","title":{"rendered":"PENDIENTES SIGNATURE CRIOLLAS TAMARA COMOLLI"},"content":{"rendered":"<p>Pendientes Tamara Comolli Signature criollas en oro blanco y diamantes.<\/p>\n<p>Con un dise\u00f1o elegante y un toque contempor\u00e1neo, estos aros con forma de gota y giro sutil est\u00e1n inspirados en la pasi\u00f3n de TAMARA COMOLLI por el mar. Sus l\u00edneas suaves evocan el movimiento del agua, mientras que el pav\u00e9 de diamantes, tanto en el interior como en el exterior, crea un brillo constante. Una propuesta fresca y sofisticada, pensada para las nuevas generaciones de amantes de la joyer\u00eda.<\/p>\n<p>Detalles:<\/p>\n<p>\u2022 Oro blanco 18k<br \/>\n\u2022 Pav\u00e9e diamantes 0,40 ct gsi<\/p>\n","protected":false},"excerpt":{"rendered":"<p>Arracades Tamara Comolli Signature Hoop Twisted d&#8217;or blanc i diamant.<\/p>\n<p>Amb un disseny elegant i un toc contemporani, aquests arracades de c\u00e8rcol amb forma de gota i gir subtil s\u2019inspiren en la passi\u00f3 de TAMARA COMOLLI pel mar. Les seves l\u00ednies suaus evoquen el moviment de l\u2019aigua, mentre que el detall del pav\u00e9 de diamants, tant a l\u2019interior com a l\u2019exterior, crea un efecte de brillantor constant. S\u00f3n una proposta fresca i sofisticada, pensada per a les noves generacions amants de la joieria.<\/p>\n","protected":false},"featured_media":73136,"comment_status":"closed","ping_status":"closed","template":"","meta":{"_acf_changed":false,"_monsterinsights_skip_tracking":false,"_monsterinsights_sitenote_active":false,"_monsterinsights_sitenote_note":"","_monsterinsights_sitenote_category":0},"product_brand":[],"product_cat":[1217,3447],"product_tag":[3326,1571,1570,2781],"class_list":{"0":"post-75717","1":"product","2":"type-product","3":"status-publish","4":"has-post-thumbnail","6":"product_cat-joyas","7":"product_cat-tamara-comolli-es","8":"product_tag-arracades-es","9":"product_tag-diamantes","10":"product_tag-oro-blanco","11":"product_tag-tamara-comolli-es","13":"first","14":"instock","15":"shipping-taxable","16":"purchasable","17":"product-type-simple"},"acf":[],"yoast_head":"<!-- This site is optimized with the Yoast SEO Premium plugin v26.8 (Yoast SEO v27.4) - https:\/\/yoast.com\/product\/yoast-seo-premium-wordpress\/ -->\n<title>PENDIENTES SIGNATURE CRIOLLAS TAMARA COMOLLI - Maison Roca<\/title>\n<meta name=\"robots\" content=\"index, follow, max-snippet:-1, max-image-preview:large, max-video-preview:-1\" \/>\n<link rel=\"canonical\" href=\"https:\/\/maisonroca.ad\/es\/tienda\/tamara-comolli-signature-criollas-pendientes\/\" \/>\n<meta property=\"og:locale\" content=\"es_ES\" \/>\n<meta property=\"og:type\" content=\"article\" \/>\n<meta property=\"og:title\" content=\"PENDIENTES SIGNATURE CRIOLLAS TAMARA COMOLLI\" \/>\n<meta property=\"og:description\" content=\"Arracades Tamara Comolli Signature Hoop Twisted d&#039;or blanc i diamant.  Amb un disseny elegant i un toc contemporani, aquests arracades de c\u00e8rcol amb forma de gota i gir subtil s\u2019inspiren en la passi\u00f3 de TAMARA COMOLLI pel mar. Les seves l\u00ednies suaus evoquen el moviment de l\u2019aigua, mentre que el detall del pav\u00e9 de diamants, tant a l\u2019interior com a l\u2019exterior, crea un efecte de brillantor constant. S\u00f3n una proposta fresca i sofisticada, pensada per a les noves generacions amants de la joieria.\" \/>\n<meta property=\"og:url\" content=\"https:\/\/maisonroca.ad\/es\/tienda\/tamara-comolli-signature-criollas-pendientes\/\" \/>\n<meta property=\"og:site_name\" content=\"Maison Roca\" \/>\n<meta property=\"article:publisher\" content=\"https:\/\/www.facebook.com\/maisonroca\" \/>\n<meta property=\"article:modified_time\" content=\"2026-01-27T09:16:24+00:00\" \/>\n<meta property=\"og:image\" content=\"https:\/\/maisonroca.ad\/wp-content\/uploads\/2025\/05\/e-sig-ho-tdr-p-wg.jpg\" \/>\n\t<meta property=\"og:image:width\" content=\"1080\" \/>\n\t<meta property=\"og:image:height\" content=\"1080\" \/>\n\t<meta property=\"og:image:type\" content=\"image\/jpeg\" \/>\n<meta name=\"twitter:card\" content=\"summary_large_image\" \/>\n<meta name=\"twitter:label1\" content=\"Precio\" \/>\n\t<meta name=\"twitter:data1\" content=\"5.310,00&nbsp;&euro;\" \/>\n\t<meta name=\"twitter:label2\" content=\"Disponibilidad\" \/>\n\t<meta name=\"twitter:data2\" content=\"Disponible\" \/>\n<script type=\"application\/ld+json\" class=\"yoast-schema-graph\">{\"@context\":\"https:\\\/\\\/schema.org\",\"@graph\":[{\"@type\":\"WebPage\",\"@id\":\"https:\\\/\\\/maisonroca.ad\\\/es\\\/tienda\\\/tamara-comolli-signature-criollas-pendientes\\\/\",\"url\":\"https:\\\/\\\/maisonroca.ad\\\/es\\\/tienda\\\/tamara-comolli-signature-criollas-pendientes\\\/\",\"name\":\"PENDIENTES SIGNATURE CRIOLLAS TAMARA COMOLLI - Maison Roca\",\"isPartOf\":{\"@id\":\"https:\\\/\\\/maisonroca.ad\\\/es\\\/#website\"},\"primaryImageOfPage\":{\"@id\":\"https:\\\/\\\/maisonroca.ad\\\/es\\\/tienda\\\/tamara-comolli-signature-criollas-pendientes\\\/#primaryimage\"},\"image\":{\"@id\":\"https:\\\/\\\/maisonroca.ad\\\/es\\\/tienda\\\/tamara-comolli-signature-criollas-pendientes\\\/#primaryimage\"},\"thumbnailUrl\":\"https:\\\/\\\/maisonroca.ad\\\/wp-content\\\/uploads\\\/2025\\\/05\\\/e-sig-ho-tdr-p-wg.jpg\",\"datePublished\":\"2025-08-13T15:04:17+00:00\",\"dateModified\":\"2026-01-27T09:16:24+00:00\",\"breadcrumb\":{\"@id\":\"https:\\\/\\\/maisonroca.ad\\\/es\\\/tienda\\\/tamara-comolli-signature-criollas-pendientes\\\/#breadcrumb\"},\"inLanguage\":\"es\",\"potentialAction\":[{\"@type\":\"ReadAction\",\"target\":[\"https:\\\/\\\/maisonroca.ad\\\/es\\\/tienda\\\/tamara-comolli-signature-criollas-pendientes\\\/\"]}]},{\"@type\":\"ImageObject\",\"inLanguage\":\"es\",\"@id\":\"https:\\\/\\\/maisonroca.ad\\\/es\\\/tienda\\\/tamara-comolli-signature-criollas-pendientes\\\/#primaryimage\",\"url\":\"https:\\\/\\\/maisonroca.ad\\\/wp-content\\\/uploads\\\/2025\\\/05\\\/e-sig-ho-tdr-p-wg.jpg\",\"contentUrl\":\"https:\\\/\\\/maisonroca.ad\\\/wp-content\\\/uploads\\\/2025\\\/05\\\/e-sig-ho-tdr-p-wg.jpg\",\"width\":1080,\"height\":1080},{\"@type\":\"BreadcrumbList\",\"@id\":\"https:\\\/\\\/maisonroca.ad\\\/es\\\/tienda\\\/tamara-comolli-signature-criollas-pendientes\\\/#breadcrumb\",\"itemListElement\":[{\"@type\":\"ListItem\",\"position\":1,\"name\":\"Portada\",\"item\":\"https:\\\/\\\/maisonroca.ad\\\/es\\\/\"},{\"@type\":\"ListItem\",\"position\":2,\"name\":\"Botiga\",\"item\":\"https:\\\/\\\/maisonroca.ad\\\/botiga\\\/\"},{\"@type\":\"ListItem\",\"position\":3,\"name\":\"PENDIENTES SIGNATURE CRIOLLAS TAMARA COMOLLI\"}]},{\"@type\":\"WebSite\",\"@id\":\"https:\\\/\\\/maisonroca.ad\\\/es\\\/#website\",\"url\":\"https:\\\/\\\/maisonroca.ad\\\/es\\\/\",\"name\":\"Maison Roca\",\"description\":\"Bold Luxury Life - joieria d&#039;autor - Andorra\",\"publisher\":{\"@id\":\"https:\\\/\\\/maisonroca.ad\\\/es\\\/#organization\"},\"potentialAction\":[{\"@type\":\"SearchAction\",\"target\":{\"@type\":\"EntryPoint\",\"urlTemplate\":\"https:\\\/\\\/maisonroca.ad\\\/es\\\/?s={search_term_string}\"},\"query-input\":{\"@type\":\"PropertyValueSpecification\",\"valueRequired\":true,\"valueName\":\"search_term_string\"}}],\"inLanguage\":\"es\"},{\"@type\":\"Organization\",\"@id\":\"https:\\\/\\\/maisonroca.ad\\\/es\\\/#organization\",\"name\":\"Maison Roca\",\"url\":\"https:\\\/\\\/maisonroca.ad\\\/es\\\/\",\"logo\":{\"@type\":\"ImageObject\",\"inLanguage\":\"es\",\"@id\":\"https:\\\/\\\/maisonroca.ad\\\/es\\\/#\\\/schema\\\/logo\\\/image\\\/\",\"url\":\"https:\\\/\\\/maisonroca.ad\\\/wp-content\\\/uploads\\\/2023\\\/10\\\/icono.png\",\"contentUrl\":\"https:\\\/\\\/maisonroca.ad\\\/wp-content\\\/uploads\\\/2023\\\/10\\\/icono.png\",\"width\":512,\"height\":512,\"caption\":\"Maison Roca\"},\"image\":{\"@id\":\"https:\\\/\\\/maisonroca.ad\\\/es\\\/#\\\/schema\\\/logo\\\/image\\\/\"},\"sameAs\":[\"https:\\\/\\\/www.facebook.com\\\/maisonroca\",\"https:\\\/\\\/www.instagram.com\\\/maisonroca\\\/\"]}]}<\/script>\n<meta property=\"product:price:amount\" content=\"5310.00\" \/>\n<meta property=\"product:price:currency\" content=\"EUR\" \/>\n<meta property=\"og:availability\" content=\"instock\" \/>\n<meta property=\"product:availability\" content=\"instock\" \/>\n<meta property=\"product:retailer_item_id\" content=\"E-SIG-HO-TDR-P-WG\" \/>\n<meta property=\"product:condition\" content=\"new\" \/>\n<!-- \/ Yoast SEO Premium plugin. -->","yoast_head_json":{"title":"PENDIENTES SIGNATURE CRIOLLAS TAMARA COMOLLI - Maison Roca","robots":{"index":"index","follow":"follow","max-snippet":"max-snippet:-1","max-image-preview":"max-image-preview:large","max-video-preview":"max-video-preview:-1"},"canonical":"https:\/\/maisonroca.ad\/es\/tienda\/tamara-comolli-signature-criollas-pendientes\/","og_locale":"es_ES","og_type":"article","og_title":"PENDIENTES SIGNATURE CRIOLLAS TAMARA COMOLLI","og_description":"Arracades Tamara Comolli Signature Hoop Twisted d'or blanc i diamant.  Amb un disseny elegant i un toc contemporani, aquests arracades de c\u00e8rcol amb forma de gota i gir subtil s\u2019inspiren en la passi\u00f3 de TAMARA COMOLLI pel mar. Les seves l\u00ednies suaus evoquen el moviment de l\u2019aigua, mentre que el detall del pav\u00e9 de diamants, tant a l\u2019interior com a l\u2019exterior, crea un efecte de brillantor constant. S\u00f3n una proposta fresca i sofisticada, pensada per a les noves generacions amants de la joieria.","og_url":"https:\/\/maisonroca.ad\/es\/tienda\/tamara-comolli-signature-criollas-pendientes\/","og_site_name":"Maison Roca","article_publisher":"https:\/\/www.facebook.com\/maisonroca","article_modified_time":"2026-01-27T09:16:24+00:00","og_image":[{"width":1080,"height":1080,"url":"https:\/\/maisonroca.ad\/wp-content\/uploads\/2025\/05\/e-sig-ho-tdr-p-wg.jpg","type":"image\/jpeg"}],"twitter_card":"summary_large_image","twitter_misc":{"Precio":"5.310,00&nbsp;&euro;","Disponibilidad":"Disponible"},"schema":{"@context":"https:\/\/schema.org","@graph":[{"@type":"WebPage","@id":"https:\/\/maisonroca.ad\/es\/tienda\/tamara-comolli-signature-criollas-pendientes\/","url":"https:\/\/maisonroca.ad\/es\/tienda\/tamara-comolli-signature-criollas-pendientes\/","name":"PENDIENTES SIGNATURE CRIOLLAS TAMARA COMOLLI - Maison Roca","isPartOf":{"@id":"https:\/\/maisonroca.ad\/es\/#website"},"primaryImageOfPage":{"@id":"https:\/\/maisonroca.ad\/es\/tienda\/tamara-comolli-signature-criollas-pendientes\/#primaryimage"},"image":{"@id":"https:\/\/maisonroca.ad\/es\/tienda\/tamara-comolli-signature-criollas-pendientes\/#primaryimage"},"thumbnailUrl":"https:\/\/maisonroca.ad\/wp-content\/uploads\/2025\/05\/e-sig-ho-tdr-p-wg.jpg","datePublished":"2025-08-13T15:04:17+00:00","dateModified":"2026-01-27T09:16:24+00:00","breadcrumb":{"@id":"https:\/\/maisonroca.ad\/es\/tienda\/tamara-comolli-signature-criollas-pendientes\/#breadcrumb"},"inLanguage":"es","potentialAction":[{"@type":"ReadAction","target":["https:\/\/maisonroca.ad\/es\/tienda\/tamara-comolli-signature-criollas-pendientes\/"]}]},{"@type":"ImageObject","inLanguage":"es","@id":"https:\/\/maisonroca.ad\/es\/tienda\/tamara-comolli-signature-criollas-pendientes\/#primaryimage","url":"https:\/\/maisonroca.ad\/wp-content\/uploads\/2025\/05\/e-sig-ho-tdr-p-wg.jpg","contentUrl":"https:\/\/maisonroca.ad\/wp-content\/uploads\/2025\/05\/e-sig-ho-tdr-p-wg.jpg","width":1080,"height":1080},{"@type":"BreadcrumbList","@id":"https:\/\/maisonroca.ad\/es\/tienda\/tamara-comolli-signature-criollas-pendientes\/#breadcrumb","itemListElement":[{"@type":"ListItem","position":1,"name":"Portada","item":"https:\/\/maisonroca.ad\/es\/"},{"@type":"ListItem","position":2,"name":"Botiga","item":"https:\/\/maisonroca.ad\/botiga\/"},{"@type":"ListItem","position":3,"name":"PENDIENTES SIGNATURE CRIOLLAS TAMARA COMOLLI"}]},{"@type":"WebSite","@id":"https:\/\/maisonroca.ad\/es\/#website","url":"https:\/\/maisonroca.ad\/es\/","name":"Maison Roca","description":"Bold Luxury Life - joieria d&#039;autor - Andorra","publisher":{"@id":"https:\/\/maisonroca.ad\/es\/#organization"},"potentialAction":[{"@type":"SearchAction","target":{"@type":"EntryPoint","urlTemplate":"https:\/\/maisonroca.ad\/es\/?s={search_term_string}"},"query-input":{"@type":"PropertyValueSpecification","valueRequired":true,"valueName":"search_term_string"}}],"inLanguage":"es"},{"@type":"Organization","@id":"https:\/\/maisonroca.ad\/es\/#organization","name":"Maison Roca","url":"https:\/\/maisonroca.ad\/es\/","logo":{"@type":"ImageObject","inLanguage":"es","@id":"https:\/\/maisonroca.ad\/es\/#\/schema\/logo\/image\/","url":"https:\/\/maisonroca.ad\/wp-content\/uploads\/2023\/10\/icono.png","contentUrl":"https:\/\/maisonroca.ad\/wp-content\/uploads\/2023\/10\/icono.png","width":512,"height":512,"caption":"Maison Roca"},"image":{"@id":"https:\/\/maisonroca.ad\/es\/#\/schema\/logo\/image\/"},"sameAs":["https:\/\/www.facebook.com\/maisonroca","https:\/\/www.instagram.com\/maisonroca\/"]}]},"product_price_amount":"5310.00","product_price_currency":"EUR","og_availability":"instock","product_availability":"instock","product_retailer_item_id":"E-SIG-HO-TDR-P-WG","product_condition":"new"},"_links":{"self":[{"href":"https:\/\/maisonroca.ad\/es\/wp-json\/wp\/v2\/product\/75717","targetHints":{"allow":["GET"]}}],"collection":[{"href":"https:\/\/maisonroca.ad\/es\/wp-json\/wp\/v2\/product"}],"about":[{"href":"https:\/\/maisonroca.ad\/es\/wp-json\/wp\/v2\/types\/product"}],"replies":[{"embeddable":true,"href":"https:\/\/maisonroca.ad\/es\/wp-json\/wp\/v2\/comments?post=75717"}],"version-history":[{"count":9,"href":"https:\/\/maisonroca.ad\/es\/wp-json\/wp\/v2\/product\/75717\/revisions"}],"predecessor-version":[{"id":83248,"href":"https:\/\/maisonroca.ad\/es\/wp-json\/wp\/v2\/product\/75717\/revisions\/83248"}],"wp:featuredmedia":[{"embeddable":true,"href":"https:\/\/maisonroca.ad\/es\/wp-json\/wp\/v2\/media\/73136"}],"wp:attachment":[{"href":"https:\/\/maisonroca.ad\/es\/wp-json\/wp\/v2\/media?parent=75717"}],"wp:term":[{"taxonomy":"product_brand","embeddable":true,"href":"https:\/\/maisonroca.ad\/es\/wp-json\/wp\/v2\/product_brand?post=75717"},{"taxonomy":"product_cat","embeddable":true,"href":"https:\/\/maisonroca.ad\/es\/wp-json\/wp\/v2\/product_cat?post=75717"},{"taxonomy":"product_tag","embeddable":true,"href":"https:\/\/maisonroca.ad\/es\/wp-json\/wp\/v2\/product_tag?post=75717"}],"curies":[{"name":"wp","href":"https:\/\/api.w.org\/{rel}","templated":true}]}}