{"id":76548,"date":"2025-06-26T10:38:03","date_gmt":"2025-06-26T08:38:03","guid":{"rendered":"https:\/\/maisonroca.ad\/?post_type=product&#038;p=76548"},"modified":"2025-10-07T12:36:47","modified_gmt":"2025-10-07T10:36:47","slug":"cataleg-oficial-breitling","status":"publish","type":"product","link":"https:\/\/maisonroca.ad\/es\/tienda\/cataleg-oficial-breitling\/","title":{"rendered":"Cat\u00e0leg oficial Breitling"},"content":{"rendered":"\t\t<div data-elementor-type=\"product-post\" data-elementor-id=\"76548\" class=\"elementor elementor-76548\" data-elementor-post-type=\"product\">\n\t\t\t\t<div class=\"elementor-element elementor-element-7e95be04 e-flex e-con-boxed e-con e-parent\" data-id=\"7e95be04\" data-element_type=\"container\">\n\t\t\t\t\t<div class=\"e-con-inner\">\n\t\t\t\t<div class=\"elementor-element elementor-element-55eacc55 elementor-widget elementor-widget-text-editor\" data-id=\"55eacc55\" data-element_type=\"widget\" data-widget_type=\"text-editor.default\">\n\t\t\t\t<div class=\"elementor-widget-container\">\n\t\t\t\t\t\t\t\t\tDescobreix els \u00faltims models Breitling disponibles a Maison Roca, a trav\u00e9s del cat\u00e0leg interactiu connectat directament amb Breitling.\n\nExplora la col\u00b7lecci\u00f3 completa de rellotges Breitling mitjan\u00e7ant el nostre cat\u00e0leg digital oficial de la marca. Un espai exclusiu per descobrir les novetats i les icones de sempre, amb la garantia d&#8217;autenticitat i servei de Maison Roca.\n\nPer a m\u00e9s informaci\u00f3 o per reservar, contacta amb nosaltres o visita&#8217;ns a la boutique Av. Meritxell, 50 &#8211; Andorra la Vella.\n\n&nbsp;\t\t\t\t\t\t\t\t<\/div>\n\t\t\t\t<\/div>\n\t\t\t\t\t<\/div>\n\t\t\t\t<\/div>\n\t\t<div class=\"elementor-element elementor-element-569104a e-flex e-con-boxed e-con e-parent\" data-id=\"569104a\" data-element_type=\"container\">\n\t\t\t\t\t<div class=\"e-con-inner\">\n\t\t\t\t<div class=\"elementor-element elementor-element-2e89432 elementor-align-center elementor-widget elementor-widget-button\" data-id=\"2e89432\" data-element_type=\"widget\" data-widget_type=\"button.default\">\n\t\t\t\t<div class=\"elementor-widget-container\">\n\t\t\t\t\t\t\t\t\t<div class=\"elementor-button-wrapper\">\n\t\t\t\t\t<a class=\"elementor-button elementor-button-link elementor-size-sm\" href=\"https:\/\/maisonroca.ad\/rellotgeria\/breitling\/\">\n\t\t\t\t\t\t<span class=\"elementor-button-content-wrapper\">\n\t\t\t\t\t\t\t\t\t<span class=\"elementor-button-text\">Descobreix la col\u00b7lecci\u00f3<\/span>\n\t\t\t\t\t<\/span>\n\t\t\t\t\t<\/a>\n\t\t\t\t<\/div>\n\t\t\t\t\t\t\t\t<\/div>\n\t\t\t\t<\/div>\n\t\t\t\t\t<\/div>\n\t\t\t\t<\/div>\n\t\t\t\t<\/div>\n\t\t","protected":false},"excerpt":{"rendered":"<p>Descobreix els \u00faltims models Breitling disponibles a Maison Roca, a trav\u00e9s del cat\u00e0leg interactiu connectat directament amb Breitling. Explora la col\u00b7lecci\u00f3 completa de rellotges Breitling mitjan\u00e7ant el nostre cat\u00e0leg digital oficial de la marca. Un espai exclusiu per descobrir les novetats i les icones de sempre, amb la garantia d&#8217;autenticitat i servei de Maison Roca. [&hellip;]<\/p>\n","protected":false},"featured_media":80084,"comment_status":"closed","ping_status":"closed","template":"","meta":{"_acf_changed":false,"_monsterinsights_skip_tracking":false,"_monsterinsights_sitenote_active":false,"_monsterinsights_sitenote_note":"","_monsterinsights_sitenote_category":0},"product_brand":[],"product_cat":[3150,1164],"product_tag":[],"class_list":{"0":"post-76548","1":"product","2":"type-product","3":"status-publish","4":"has-post-thumbnail","6":"product_cat-breitling","7":"product_cat-rellotges","9":"first","10":"instock","11":"shipping-taxable","12":"product-type-simple"},"acf":[],"yoast_head":"<!-- This site is optimized with the Yoast SEO Premium plugin v26.8 (Yoast SEO v27.4) - https:\/\/yoast.com\/product\/yoast-seo-premium-wordpress\/ -->\n<title>Cat\u00e0leg oficial de Breitling a Maison Roca \u2013 Amb els \u00faltims models - Maison Roca<\/title>\n<meta name=\"description\" content=\"Explora el cat\u00e0leg oficial de Breitling a Maison Roca. Descobreix els models m\u00e9s recents i les peces ic\u00f2niques amb el servei oficial i exclusiu d\u2019Andorra.\" \/>\n<meta name=\"robots\" content=\"index, follow, max-snippet:-1, max-image-preview:large, max-video-preview:-1\" \/>\n<link rel=\"canonical\" href=\"https:\/\/maisonroca.ad\/es\/tienda\/cataleg-oficial-breitling\/\" \/>\n<meta property=\"og:locale\" content=\"es_ES\" \/>\n<meta property=\"og:type\" content=\"article\" \/>\n<meta property=\"og:title\" content=\"Cat\u00e0leg oficial Breitling\" \/>\n<meta property=\"og:description\" content=\"Explora el cat\u00e0leg oficial de Breitling a Maison Roca. Descobreix els models m\u00e9s recents i les peces ic\u00f2niques amb el servei oficial i exclusiu d\u2019Andorra.\" \/>\n<meta property=\"og:url\" content=\"https:\/\/maisonroca.ad\/es\/tienda\/cataleg-oficial-breitling\/\" \/>\n<meta property=\"og:site_name\" content=\"Maison Roca\" \/>\n<meta property=\"article:publisher\" content=\"https:\/\/www.facebook.com\/maisonroca\" \/>\n<meta property=\"article:modified_time\" content=\"2025-10-07T10:36:47+00:00\" \/>\n<meta property=\"og:image\" content=\"https:\/\/maisonroca.ad\/wp-content\/uploads\/2025\/10\/BR-Lady-Premier-32-.webp\" \/>\n\t<meta property=\"og:image:width\" content=\"1200\" \/>\n\t<meta property=\"og:image:height\" content=\"799\" \/>\n\t<meta property=\"og:image:type\" content=\"image\/webp\" \/>\n<meta name=\"twitter:card\" content=\"summary_large_image\" \/>\n<meta name=\"twitter:label1\" content=\"Precio\" \/>\n\t<meta name=\"twitter:data1\" content=\"\" \/>\n\t<meta name=\"twitter:label2\" content=\"Disponibilidad\" \/>\n\t<meta name=\"twitter:data2\" content=\"Disponible\" \/>\n<script type=\"application\/ld+json\" class=\"yoast-schema-graph\">{\"@context\":\"https:\\\/\\\/schema.org\",\"@graph\":[{\"@type\":\"WebPage\",\"@id\":\"https:\\\/\\\/maisonroca.ad\\\/es\\\/tienda\\\/cataleg-oficial-breitling\\\/\",\"url\":\"https:\\\/\\\/maisonroca.ad\\\/es\\\/tienda\\\/cataleg-oficial-breitling\\\/\",\"name\":\"Cat\u00e0leg oficial de Breitling a Maison Roca \u2013 Amb els \u00faltims models - Maison Roca\",\"isPartOf\":{\"@id\":\"https:\\\/\\\/maisonroca.ad\\\/es\\\/#website\"},\"primaryImageOfPage\":{\"@id\":\"https:\\\/\\\/maisonroca.ad\\\/es\\\/tienda\\\/cataleg-oficial-breitling\\\/#primaryimage\"},\"image\":{\"@id\":\"https:\\\/\\\/maisonroca.ad\\\/es\\\/tienda\\\/cataleg-oficial-breitling\\\/#primaryimage\"},\"thumbnailUrl\":\"https:\\\/\\\/maisonroca.ad\\\/wp-content\\\/uploads\\\/2025\\\/10\\\/BR-Lady-Premier-32-.webp\",\"datePublished\":\"2025-06-26T08:38:03+00:00\",\"dateModified\":\"2025-10-07T10:36:47+00:00\",\"description\":\"Explora el cat\u00e0leg oficial de Breitling a Maison Roca. Descobreix els models m\u00e9s recents i les peces ic\u00f2niques amb el servei oficial i exclusiu d\u2019Andorra.\",\"breadcrumb\":{\"@id\":\"https:\\\/\\\/maisonroca.ad\\\/es\\\/tienda\\\/cataleg-oficial-breitling\\\/#breadcrumb\"},\"inLanguage\":\"es\",\"potentialAction\":[{\"@type\":\"ReadAction\",\"target\":[\"https:\\\/\\\/maisonroca.ad\\\/es\\\/tienda\\\/cataleg-oficial-breitling\\\/\"]}]},{\"@type\":\"ImageObject\",\"inLanguage\":\"es\",\"@id\":\"https:\\\/\\\/maisonroca.ad\\\/es\\\/tienda\\\/cataleg-oficial-breitling\\\/#primaryimage\",\"url\":\"https:\\\/\\\/maisonroca.ad\\\/wp-content\\\/uploads\\\/2025\\\/10\\\/BR-Lady-Premier-32-.webp\",\"contentUrl\":\"https:\\\/\\\/maisonroca.ad\\\/wp-content\\\/uploads\\\/2025\\\/10\\\/BR-Lady-Premier-32-.webp\",\"width\":1200,\"height\":799},{\"@type\":\"BreadcrumbList\",\"@id\":\"https:\\\/\\\/maisonroca.ad\\\/es\\\/tienda\\\/cataleg-oficial-breitling\\\/#breadcrumb\",\"itemListElement\":[{\"@type\":\"ListItem\",\"position\":1,\"name\":\"Portada\",\"item\":\"https:\\\/\\\/maisonroca.ad\\\/es\\\/\"},{\"@type\":\"ListItem\",\"position\":2,\"name\":\"Botiga\",\"item\":\"https:\\\/\\\/maisonroca.ad\\\/botiga\\\/\"},{\"@type\":\"ListItem\",\"position\":3,\"name\":\"Cat\u00e0leg oficial Breitling\"}]},{\"@type\":\"WebSite\",\"@id\":\"https:\\\/\\\/maisonroca.ad\\\/es\\\/#website\",\"url\":\"https:\\\/\\\/maisonroca.ad\\\/es\\\/\",\"name\":\"Maison Roca\",\"description\":\"Bold Luxury Life - joieria d&#039;autor - Andorra\",\"publisher\":{\"@id\":\"https:\\\/\\\/maisonroca.ad\\\/es\\\/#organization\"},\"potentialAction\":[{\"@type\":\"SearchAction\",\"target\":{\"@type\":\"EntryPoint\",\"urlTemplate\":\"https:\\\/\\\/maisonroca.ad\\\/es\\\/?s={search_term_string}\"},\"query-input\":{\"@type\":\"PropertyValueSpecification\",\"valueRequired\":true,\"valueName\":\"search_term_string\"}}],\"inLanguage\":\"es\"},{\"@type\":\"Organization\",\"@id\":\"https:\\\/\\\/maisonroca.ad\\\/es\\\/#organization\",\"name\":\"Maison Roca\",\"url\":\"https:\\\/\\\/maisonroca.ad\\\/es\\\/\",\"logo\":{\"@type\":\"ImageObject\",\"inLanguage\":\"es\",\"@id\":\"https:\\\/\\\/maisonroca.ad\\\/es\\\/#\\\/schema\\\/logo\\\/image\\\/\",\"url\":\"https:\\\/\\\/maisonroca.ad\\\/wp-content\\\/uploads\\\/2023\\\/10\\\/icono.png\",\"contentUrl\":\"https:\\\/\\\/maisonroca.ad\\\/wp-content\\\/uploads\\\/2023\\\/10\\\/icono.png\",\"width\":512,\"height\":512,\"caption\":\"Maison Roca\"},\"image\":{\"@id\":\"https:\\\/\\\/maisonroca.ad\\\/es\\\/#\\\/schema\\\/logo\\\/image\\\/\"},\"sameAs\":[\"https:\\\/\\\/www.facebook.com\\\/maisonroca\",\"https:\\\/\\\/www.instagram.com\\\/maisonroca\\\/\"]}]}<\/script>\n<meta property=\"product:price:currency\" content=\"EUR\" \/>\n<meta property=\"og:availability\" content=\"instock\" \/>\n<meta property=\"product:availability\" content=\"instock\" \/>\n<meta property=\"product:condition\" content=\"new\" \/>\n<!-- \/ Yoast SEO Premium plugin. -->","yoast_head_json":{"title":"Cat\u00e0leg oficial de Breitling a Maison Roca \u2013 Amb els \u00faltims models - Maison Roca","description":"Explora el cat\u00e0leg oficial de Breitling a Maison Roca. Descobreix els models m\u00e9s recents i les peces ic\u00f2niques amb el servei oficial i exclusiu d\u2019Andorra.","robots":{"index":"index","follow":"follow","max-snippet":"max-snippet:-1","max-image-preview":"max-image-preview:large","max-video-preview":"max-video-preview:-1"},"canonical":"https:\/\/maisonroca.ad\/es\/tienda\/cataleg-oficial-breitling\/","og_locale":"es_ES","og_type":"article","og_title":"Cat\u00e0leg oficial Breitling","og_description":"Explora el cat\u00e0leg oficial de Breitling a Maison Roca. Descobreix els models m\u00e9s recents i les peces ic\u00f2niques amb el servei oficial i exclusiu d\u2019Andorra.","og_url":"https:\/\/maisonroca.ad\/es\/tienda\/cataleg-oficial-breitling\/","og_site_name":"Maison Roca","article_publisher":"https:\/\/www.facebook.com\/maisonroca","article_modified_time":"2025-10-07T10:36:47+00:00","og_image":[{"width":1200,"height":799,"url":"https:\/\/maisonroca.ad\/wp-content\/uploads\/2025\/10\/BR-Lady-Premier-32-.webp","type":"image\/webp"}],"twitter_card":"summary_large_image","twitter_misc":{"Precio":"","Disponibilidad":"Disponible"},"schema":{"@context":"https:\/\/schema.org","@graph":[{"@type":"WebPage","@id":"https:\/\/maisonroca.ad\/es\/tienda\/cataleg-oficial-breitling\/","url":"https:\/\/maisonroca.ad\/es\/tienda\/cataleg-oficial-breitling\/","name":"Cat\u00e0leg oficial de Breitling a Maison Roca \u2013 Amb els \u00faltims models - Maison Roca","isPartOf":{"@id":"https:\/\/maisonroca.ad\/es\/#website"},"primaryImageOfPage":{"@id":"https:\/\/maisonroca.ad\/es\/tienda\/cataleg-oficial-breitling\/#primaryimage"},"image":{"@id":"https:\/\/maisonroca.ad\/es\/tienda\/cataleg-oficial-breitling\/#primaryimage"},"thumbnailUrl":"https:\/\/maisonroca.ad\/wp-content\/uploads\/2025\/10\/BR-Lady-Premier-32-.webp","datePublished":"2025-06-26T08:38:03+00:00","dateModified":"2025-10-07T10:36:47+00:00","description":"Explora el cat\u00e0leg oficial de Breitling a Maison Roca. Descobreix els models m\u00e9s recents i les peces ic\u00f2niques amb el servei oficial i exclusiu d\u2019Andorra.","breadcrumb":{"@id":"https:\/\/maisonroca.ad\/es\/tienda\/cataleg-oficial-breitling\/#breadcrumb"},"inLanguage":"es","potentialAction":[{"@type":"ReadAction","target":["https:\/\/maisonroca.ad\/es\/tienda\/cataleg-oficial-breitling\/"]}]},{"@type":"ImageObject","inLanguage":"es","@id":"https:\/\/maisonroca.ad\/es\/tienda\/cataleg-oficial-breitling\/#primaryimage","url":"https:\/\/maisonroca.ad\/wp-content\/uploads\/2025\/10\/BR-Lady-Premier-32-.webp","contentUrl":"https:\/\/maisonroca.ad\/wp-content\/uploads\/2025\/10\/BR-Lady-Premier-32-.webp","width":1200,"height":799},{"@type":"BreadcrumbList","@id":"https:\/\/maisonroca.ad\/es\/tienda\/cataleg-oficial-breitling\/#breadcrumb","itemListElement":[{"@type":"ListItem","position":1,"name":"Portada","item":"https:\/\/maisonroca.ad\/es\/"},{"@type":"ListItem","position":2,"name":"Botiga","item":"https:\/\/maisonroca.ad\/botiga\/"},{"@type":"ListItem","position":3,"name":"Cat\u00e0leg oficial Breitling"}]},{"@type":"WebSite","@id":"https:\/\/maisonroca.ad\/es\/#website","url":"https:\/\/maisonroca.ad\/es\/","name":"Maison Roca","description":"Bold Luxury Life - joieria d&#039;autor - Andorra","publisher":{"@id":"https:\/\/maisonroca.ad\/es\/#organization"},"potentialAction":[{"@type":"SearchAction","target":{"@type":"EntryPoint","urlTemplate":"https:\/\/maisonroca.ad\/es\/?s={search_term_string}"},"query-input":{"@type":"PropertyValueSpecification","valueRequired":true,"valueName":"search_term_string"}}],"inLanguage":"es"},{"@type":"Organization","@id":"https:\/\/maisonroca.ad\/es\/#organization","name":"Maison Roca","url":"https:\/\/maisonroca.ad\/es\/","logo":{"@type":"ImageObject","inLanguage":"es","@id":"https:\/\/maisonroca.ad\/es\/#\/schema\/logo\/image\/","url":"https:\/\/maisonroca.ad\/wp-content\/uploads\/2023\/10\/icono.png","contentUrl":"https:\/\/maisonroca.ad\/wp-content\/uploads\/2023\/10\/icono.png","width":512,"height":512,"caption":"Maison Roca"},"image":{"@id":"https:\/\/maisonroca.ad\/es\/#\/schema\/logo\/image\/"},"sameAs":["https:\/\/www.facebook.com\/maisonroca","https:\/\/www.instagram.com\/maisonroca\/"]}]},"product_price_currency":"EUR","og_availability":"instock","product_availability":"instock","product_condition":"new"},"_links":{"self":[{"href":"https:\/\/maisonroca.ad\/es\/wp-json\/wp\/v2\/product\/76548","targetHints":{"allow":["GET"]}}],"collection":[{"href":"https:\/\/maisonroca.ad\/es\/wp-json\/wp\/v2\/product"}],"about":[{"href":"https:\/\/maisonroca.ad\/es\/wp-json\/wp\/v2\/types\/product"}],"replies":[{"embeddable":true,"href":"https:\/\/maisonroca.ad\/es\/wp-json\/wp\/v2\/comments?post=76548"}],"version-history":[{"count":5,"href":"https:\/\/maisonroca.ad\/es\/wp-json\/wp\/v2\/product\/76548\/revisions"}],"predecessor-version":[{"id":76556,"href":"https:\/\/maisonroca.ad\/es\/wp-json\/wp\/v2\/product\/76548\/revisions\/76556"}],"wp:featuredmedia":[{"embeddable":true,"href":"https:\/\/maisonroca.ad\/es\/wp-json\/wp\/v2\/media\/80084"}],"wp:attachment":[{"href":"https:\/\/maisonroca.ad\/es\/wp-json\/wp\/v2\/media?parent=76548"}],"wp:term":[{"taxonomy":"product_brand","embeddable":true,"href":"https:\/\/maisonroca.ad\/es\/wp-json\/wp\/v2\/product_brand?post=76548"},{"taxonomy":"product_cat","embeddable":true,"href":"https:\/\/maisonroca.ad\/es\/wp-json\/wp\/v2\/product_cat?post=76548"},{"taxonomy":"product_tag","embeddable":true,"href":"https:\/\/maisonroca.ad\/es\/wp-json\/wp\/v2\/product_tag?post=76548"}],"curies":[{"name":"wp","href":"https:\/\/api.w.org\/{rel}","templated":true}]}}