{"id":77218,"date":"2025-07-31T09:13:46","date_gmt":"2025-07-31T07:13:46","guid":{"rendered":"https:\/\/maisonroca.ad\/?post_type=product&#038;p=77218"},"modified":"2025-08-27T08:52:27","modified_gmt":"2025-08-27T06:52:27","slug":"anillo-messika-move-noa-cisele-oro-amarillo-diamantes","status":"publish","type":"product","link":"https:\/\/maisonroca.ad\/es\/tienda\/anillo-messika-move-noa-cisele-oro-amarillo-diamantes\/","title":{"rendered":"ANILLO MESSIKA MOVE NOA CISEL\u00c9 DE ORO AMARILLO Y DIAMANTES"},"content":{"rendered":"<p>Anillo Messika Move Noa Cisel\u00e9 de oro amarillo y diamantes.<\/p>\n<p>Resplandeciente y sensual, el anillo Move Noa en oro amarillo cincelado y diamantes envuelve el dedo con una luz excepcional. La armon\u00eda entre el oro amarillo y el movimiento de los diamantes crea un contraste sofisticado.<\/p>\n<p>El trabajo artesanal aporta una textura \u00fanica, inspirada en la Alta Costura, con un efecto de terciopelo de seda que refleja la luz hasta el infinito.<\/p>\n<p>Cons\u00faltanos la disponibilidad tambi\u00e9n en oro rosa y oro blanco.<\/p>\n<p>Detalles:<\/p>\n<p>\u2022 Oro amarillo 18k<br \/>\n\u2022 4 diamantes 0,108 CT gvs1<\/p>\n","protected":false},"excerpt":{"rendered":"<p>Anillo Messika Move Noa Cisel\u00e9 en oro amarillo con diamantes, elegante y moderno, con un movimiento sutil que refleja la luz.<\/p>\n","protected":false},"featured_media":77330,"comment_status":"closed","ping_status":"closed","template":"","meta":{"_acf_changed":false,"_monsterinsights_skip_tracking":false,"_monsterinsights_sitenote_active":false,"_monsterinsights_sitenote_note":"","_monsterinsights_sitenote_category":0},"product_brand":[],"product_cat":[1217,1231],"product_tag":[1569,1571,2320,1579],"class_list":{"0":"post-77218","1":"product","2":"type-product","3":"status-publish","4":"has-post-thumbnail","6":"product_cat-joyas","7":"product_cat-messika-es","8":"product_tag-anillos","9":"product_tag-diamantes","10":"product_tag-messika-2-2","11":"product_tag-oro-amarillo","13":"first","14":"instock","15":"shipping-taxable","16":"purchasable","17":"product-type-simple"},"acf":[],"yoast_head":"<!-- This site is optimized with the Yoast SEO Premium plugin v26.8 (Yoast SEO v27.3) - https:\/\/yoast.com\/product\/yoast-seo-premium-wordpress\/ -->\n<title>Anillo Messika Move Noa Cisel\u00e9 de oro amarillo con diamantes | Maison Roca<\/title>\n<meta name=\"description\" content=\"Anillo Messika Move Noa Cisel\u00e9 de oro amarillo con diamantes, elegante y sensual, con un movimiento que captura la luz. Desc\u00fabrelo en Maison Roca\" \/>\n<meta name=\"robots\" content=\"index, follow, max-snippet:-1, max-image-preview:large, max-video-preview:-1\" \/>\n<link rel=\"canonical\" href=\"https:\/\/maisonroca.ad\/es\/tienda\/anillo-messika-move-noa-cisele-oro-amarillo-diamantes\/\" \/>\n<meta property=\"og:locale\" content=\"es_ES\" \/>\n<meta property=\"og:type\" content=\"article\" \/>\n<meta property=\"og:title\" content=\"ANILLO MESSIKA MOVE NOA CISEL\u00c9 DE ORO AMARILLO Y DIAMANTES\" \/>\n<meta property=\"og:description\" content=\"Anillo Messika Move Noa Cisel\u00e9 de oro amarillo con diamantes, elegante y sensual, con un movimiento que captura la luz. Desc\u00fabrelo en Maison Roca\" \/>\n<meta property=\"og:url\" content=\"https:\/\/maisonroca.ad\/es\/tienda\/anillo-messika-move-noa-cisele-oro-amarillo-diamantes\/\" \/>\n<meta property=\"og:site_name\" content=\"Maison Roca\" \/>\n<meta property=\"article:publisher\" content=\"https:\/\/www.facebook.com\/maisonroca\" \/>\n<meta property=\"article:modified_time\" content=\"2025-08-27T06:52:27+00:00\" \/>\n<meta property=\"og:image\" content=\"https:\/\/maisonroca.ad\/wp-content\/uploads\/2025\/07\/14482.jpg\" \/>\n\t<meta property=\"og:image:width\" content=\"1080\" \/>\n\t<meta property=\"og:image:height\" content=\"1080\" \/>\n\t<meta property=\"og:image:type\" content=\"image\/jpeg\" \/>\n<meta name=\"twitter:card\" content=\"summary_large_image\" \/>\n<meta name=\"twitter:label1\" content=\"Precio\" \/>\n\t<meta name=\"twitter:data1\" content=\"2.678,00&nbsp;&euro;\" \/>\n\t<meta name=\"twitter:label2\" content=\"Disponibilidad\" \/>\n\t<meta name=\"twitter:data2\" content=\"Disponible\" \/>\n<script type=\"application\/ld+json\" class=\"yoast-schema-graph\">{\"@context\":\"https:\\\/\\\/schema.org\",\"@graph\":[{\"@type\":\"WebPage\",\"@id\":\"https:\\\/\\\/maisonroca.ad\\\/es\\\/tienda\\\/anillo-messika-move-noa-cisele-oro-amarillo-diamantes\\\/\",\"url\":\"https:\\\/\\\/maisonroca.ad\\\/es\\\/tienda\\\/anillo-messika-move-noa-cisele-oro-amarillo-diamantes\\\/\",\"name\":\"Anillo Messika Move Noa Cisel\u00e9 de oro amarillo con diamantes | Maison Roca\",\"isPartOf\":{\"@id\":\"https:\\\/\\\/maisonroca.ad\\\/es\\\/#website\"},\"primaryImageOfPage\":{\"@id\":\"https:\\\/\\\/maisonroca.ad\\\/es\\\/tienda\\\/anillo-messika-move-noa-cisele-oro-amarillo-diamantes\\\/#primaryimage\"},\"image\":{\"@id\":\"https:\\\/\\\/maisonroca.ad\\\/es\\\/tienda\\\/anillo-messika-move-noa-cisele-oro-amarillo-diamantes\\\/#primaryimage\"},\"thumbnailUrl\":\"https:\\\/\\\/maisonroca.ad\\\/wp-content\\\/uploads\\\/2025\\\/07\\\/14482.jpg\",\"datePublished\":\"2025-07-31T07:13:46+00:00\",\"dateModified\":\"2025-08-27T06:52:27+00:00\",\"description\":\"Anillo Messika Move Noa Cisel\u00e9 de oro amarillo con diamantes, elegante y sensual, con un movimiento que captura la luz. Desc\u00fabrelo en Maison Roca\",\"breadcrumb\":{\"@id\":\"https:\\\/\\\/maisonroca.ad\\\/es\\\/tienda\\\/anillo-messika-move-noa-cisele-oro-amarillo-diamantes\\\/#breadcrumb\"},\"inLanguage\":\"es\",\"potentialAction\":[{\"@type\":\"ReadAction\",\"target\":[\"https:\\\/\\\/maisonroca.ad\\\/es\\\/tienda\\\/anillo-messika-move-noa-cisele-oro-amarillo-diamantes\\\/\"]}]},{\"@type\":\"ImageObject\",\"inLanguage\":\"es\",\"@id\":\"https:\\\/\\\/maisonroca.ad\\\/es\\\/tienda\\\/anillo-messika-move-noa-cisele-oro-amarillo-diamantes\\\/#primaryimage\",\"url\":\"https:\\\/\\\/maisonroca.ad\\\/wp-content\\\/uploads\\\/2025\\\/07\\\/14482.jpg\",\"contentUrl\":\"https:\\\/\\\/maisonroca.ad\\\/wp-content\\\/uploads\\\/2025\\\/07\\\/14482.jpg\",\"width\":1080,\"height\":1080,\"caption\":\"maison-roca-andorra-messika-anell-move-noa-cisele-or-groc-diamants\"},{\"@type\":\"BreadcrumbList\",\"@id\":\"https:\\\/\\\/maisonroca.ad\\\/es\\\/tienda\\\/anillo-messika-move-noa-cisele-oro-amarillo-diamantes\\\/#breadcrumb\",\"itemListElement\":[{\"@type\":\"ListItem\",\"position\":1,\"name\":\"Portada\",\"item\":\"https:\\\/\\\/maisonroca.ad\\\/es\\\/\"},{\"@type\":\"ListItem\",\"position\":2,\"name\":\"Botiga\",\"item\":\"https:\\\/\\\/maisonroca.ad\\\/botiga\\\/\"},{\"@type\":\"ListItem\",\"position\":3,\"name\":\"ANILLO MESSIKA MOVE NOA CISEL\u00c9 DE ORO AMARILLO Y DIAMANTES\"}]},{\"@type\":\"WebSite\",\"@id\":\"https:\\\/\\\/maisonroca.ad\\\/es\\\/#website\",\"url\":\"https:\\\/\\\/maisonroca.ad\\\/es\\\/\",\"name\":\"Maison Roca\",\"description\":\"Bold Luxury Life - joieria d&#039;autor - Andorra\",\"publisher\":{\"@id\":\"https:\\\/\\\/maisonroca.ad\\\/es\\\/#organization\"},\"potentialAction\":[{\"@type\":\"SearchAction\",\"target\":{\"@type\":\"EntryPoint\",\"urlTemplate\":\"https:\\\/\\\/maisonroca.ad\\\/es\\\/?s={search_term_string}\"},\"query-input\":{\"@type\":\"PropertyValueSpecification\",\"valueRequired\":true,\"valueName\":\"search_term_string\"}}],\"inLanguage\":\"es\"},{\"@type\":\"Organization\",\"@id\":\"https:\\\/\\\/maisonroca.ad\\\/es\\\/#organization\",\"name\":\"Maison Roca\",\"url\":\"https:\\\/\\\/maisonroca.ad\\\/es\\\/\",\"logo\":{\"@type\":\"ImageObject\",\"inLanguage\":\"es\",\"@id\":\"https:\\\/\\\/maisonroca.ad\\\/es\\\/#\\\/schema\\\/logo\\\/image\\\/\",\"url\":\"https:\\\/\\\/maisonroca.ad\\\/wp-content\\\/uploads\\\/2023\\\/10\\\/icono.png\",\"contentUrl\":\"https:\\\/\\\/maisonroca.ad\\\/wp-content\\\/uploads\\\/2023\\\/10\\\/icono.png\",\"width\":512,\"height\":512,\"caption\":\"Maison Roca\"},\"image\":{\"@id\":\"https:\\\/\\\/maisonroca.ad\\\/es\\\/#\\\/schema\\\/logo\\\/image\\\/\"},\"sameAs\":[\"https:\\\/\\\/www.facebook.com\\\/maisonroca\",\"https:\\\/\\\/www.instagram.com\\\/maisonroca\\\/\"]}]}<\/script>\n<meta property=\"product:price:amount\" content=\"2678.00\" \/>\n<meta property=\"product:price:currency\" content=\"EUR\" \/>\n<meta property=\"og:availability\" content=\"instock\" \/>\n<meta property=\"product:availability\" content=\"instock\" \/>\n<meta property=\"product:retailer_item_id\" content=\"14482-YG\" \/>\n<meta property=\"product:condition\" content=\"new\" \/>\n<!-- \/ Yoast SEO Premium plugin. -->","yoast_head_json":{"title":"Anillo Messika Move Noa Cisel\u00e9 de oro amarillo con diamantes | Maison Roca","description":"Anillo Messika Move Noa Cisel\u00e9 de oro amarillo con diamantes, elegante y sensual, con un movimiento que captura la luz. Desc\u00fabrelo en Maison Roca","robots":{"index":"index","follow":"follow","max-snippet":"max-snippet:-1","max-image-preview":"max-image-preview:large","max-video-preview":"max-video-preview:-1"},"canonical":"https:\/\/maisonroca.ad\/es\/tienda\/anillo-messika-move-noa-cisele-oro-amarillo-diamantes\/","og_locale":"es_ES","og_type":"article","og_title":"ANILLO MESSIKA MOVE NOA CISEL\u00c9 DE ORO AMARILLO Y DIAMANTES","og_description":"Anillo Messika Move Noa Cisel\u00e9 de oro amarillo con diamantes, elegante y sensual, con un movimiento que captura la luz. Desc\u00fabrelo en Maison Roca","og_url":"https:\/\/maisonroca.ad\/es\/tienda\/anillo-messika-move-noa-cisele-oro-amarillo-diamantes\/","og_site_name":"Maison Roca","article_publisher":"https:\/\/www.facebook.com\/maisonroca","article_modified_time":"2025-08-27T06:52:27+00:00","og_image":[{"width":1080,"height":1080,"url":"https:\/\/maisonroca.ad\/wp-content\/uploads\/2025\/07\/14482.jpg","type":"image\/jpeg"}],"twitter_card":"summary_large_image","twitter_misc":{"Precio":"2.678,00&nbsp;&euro;","Disponibilidad":"Disponible"},"schema":{"@context":"https:\/\/schema.org","@graph":[{"@type":"WebPage","@id":"https:\/\/maisonroca.ad\/es\/tienda\/anillo-messika-move-noa-cisele-oro-amarillo-diamantes\/","url":"https:\/\/maisonroca.ad\/es\/tienda\/anillo-messika-move-noa-cisele-oro-amarillo-diamantes\/","name":"Anillo Messika Move Noa Cisel\u00e9 de oro amarillo con diamantes | Maison Roca","isPartOf":{"@id":"https:\/\/maisonroca.ad\/es\/#website"},"primaryImageOfPage":{"@id":"https:\/\/maisonroca.ad\/es\/tienda\/anillo-messika-move-noa-cisele-oro-amarillo-diamantes\/#primaryimage"},"image":{"@id":"https:\/\/maisonroca.ad\/es\/tienda\/anillo-messika-move-noa-cisele-oro-amarillo-diamantes\/#primaryimage"},"thumbnailUrl":"https:\/\/maisonroca.ad\/wp-content\/uploads\/2025\/07\/14482.jpg","datePublished":"2025-07-31T07:13:46+00:00","dateModified":"2025-08-27T06:52:27+00:00","description":"Anillo Messika Move Noa Cisel\u00e9 de oro amarillo con diamantes, elegante y sensual, con un movimiento que captura la luz. Desc\u00fabrelo en Maison Roca","breadcrumb":{"@id":"https:\/\/maisonroca.ad\/es\/tienda\/anillo-messika-move-noa-cisele-oro-amarillo-diamantes\/#breadcrumb"},"inLanguage":"es","potentialAction":[{"@type":"ReadAction","target":["https:\/\/maisonroca.ad\/es\/tienda\/anillo-messika-move-noa-cisele-oro-amarillo-diamantes\/"]}]},{"@type":"ImageObject","inLanguage":"es","@id":"https:\/\/maisonroca.ad\/es\/tienda\/anillo-messika-move-noa-cisele-oro-amarillo-diamantes\/#primaryimage","url":"https:\/\/maisonroca.ad\/wp-content\/uploads\/2025\/07\/14482.jpg","contentUrl":"https:\/\/maisonroca.ad\/wp-content\/uploads\/2025\/07\/14482.jpg","width":1080,"height":1080,"caption":"maison-roca-andorra-messika-anell-move-noa-cisele-or-groc-diamants"},{"@type":"BreadcrumbList","@id":"https:\/\/maisonroca.ad\/es\/tienda\/anillo-messika-move-noa-cisele-oro-amarillo-diamantes\/#breadcrumb","itemListElement":[{"@type":"ListItem","position":1,"name":"Portada","item":"https:\/\/maisonroca.ad\/es\/"},{"@type":"ListItem","position":2,"name":"Botiga","item":"https:\/\/maisonroca.ad\/botiga\/"},{"@type":"ListItem","position":3,"name":"ANILLO MESSIKA MOVE NOA CISEL\u00c9 DE ORO AMARILLO Y DIAMANTES"}]},{"@type":"WebSite","@id":"https:\/\/maisonroca.ad\/es\/#website","url":"https:\/\/maisonroca.ad\/es\/","name":"Maison Roca","description":"Bold Luxury Life - joieria d&#039;autor - Andorra","publisher":{"@id":"https:\/\/maisonroca.ad\/es\/#organization"},"potentialAction":[{"@type":"SearchAction","target":{"@type":"EntryPoint","urlTemplate":"https:\/\/maisonroca.ad\/es\/?s={search_term_string}"},"query-input":{"@type":"PropertyValueSpecification","valueRequired":true,"valueName":"search_term_string"}}],"inLanguage":"es"},{"@type":"Organization","@id":"https:\/\/maisonroca.ad\/es\/#organization","name":"Maison Roca","url":"https:\/\/maisonroca.ad\/es\/","logo":{"@type":"ImageObject","inLanguage":"es","@id":"https:\/\/maisonroca.ad\/es\/#\/schema\/logo\/image\/","url":"https:\/\/maisonroca.ad\/wp-content\/uploads\/2023\/10\/icono.png","contentUrl":"https:\/\/maisonroca.ad\/wp-content\/uploads\/2023\/10\/icono.png","width":512,"height":512,"caption":"Maison Roca"},"image":{"@id":"https:\/\/maisonroca.ad\/es\/#\/schema\/logo\/image\/"},"sameAs":["https:\/\/www.facebook.com\/maisonroca","https:\/\/www.instagram.com\/maisonroca\/"]}]},"product_price_amount":"2678.00","product_price_currency":"EUR","og_availability":"instock","product_availability":"instock","product_retailer_item_id":"14482-YG","product_condition":"new"},"_links":{"self":[{"href":"https:\/\/maisonroca.ad\/es\/wp-json\/wp\/v2\/product\/77218","targetHints":{"allow":["GET"]}}],"collection":[{"href":"https:\/\/maisonroca.ad\/es\/wp-json\/wp\/v2\/product"}],"about":[{"href":"https:\/\/maisonroca.ad\/es\/wp-json\/wp\/v2\/types\/product"}],"replies":[{"embeddable":true,"href":"https:\/\/maisonroca.ad\/es\/wp-json\/wp\/v2\/comments?post=77218"}],"version-history":[{"count":3,"href":"https:\/\/maisonroca.ad\/es\/wp-json\/wp\/v2\/product\/77218\/revisions"}],"predecessor-version":[{"id":78448,"href":"https:\/\/maisonroca.ad\/es\/wp-json\/wp\/v2\/product\/77218\/revisions\/78448"}],"wp:featuredmedia":[{"embeddable":true,"href":"https:\/\/maisonroca.ad\/es\/wp-json\/wp\/v2\/media\/77330"}],"wp:attachment":[{"href":"https:\/\/maisonroca.ad\/es\/wp-json\/wp\/v2\/media?parent=77218"}],"wp:term":[{"taxonomy":"product_brand","embeddable":true,"href":"https:\/\/maisonroca.ad\/es\/wp-json\/wp\/v2\/product_brand?post=77218"},{"taxonomy":"product_cat","embeddable":true,"href":"https:\/\/maisonroca.ad\/es\/wp-json\/wp\/v2\/product_cat?post=77218"},{"taxonomy":"product_tag","embeddable":true,"href":"https:\/\/maisonroca.ad\/es\/wp-json\/wp\/v2\/product_tag?post=77218"}],"curies":[{"name":"wp","href":"https:\/\/api.w.org\/{rel}","templated":true}]}}