{"id":77516,"date":"2025-08-05T11:59:28","date_gmt":"2025-08-05T09:59:28","guid":{"rendered":"https:\/\/maisonroca.ad\/?post_type=product&#038;p=77516"},"modified":"2025-12-11T10:11:28","modified_gmt":"2025-12-11T09:11:28","slug":"brazalete-pomellato-nudo-mini-oro-rosa-blanco-cuarzo-diamantes","status":"publish","type":"product","link":"https:\/\/maisonroca.ad\/es\/tienda\/brazalete-pomellato-nudo-mini-oro-rosa-blanco-cuarzo-diamantes\/","title":{"rendered":"BRAZALETE POMELLATO NUDO MINI DE OR ROSA Y BLANCO, CUARZO MILKY Y DIAMANTES"},"content":{"rendered":"<p>Brazalete Pomellato Nudo Mini de oro rosa y blanco, cuarzo milky y diamantes.<\/p>\n<p>El brazalete Nudo Mini de Pomellato combina el cuarzo lechoso con el oro rosa y detalles de diamantes para crear una pieza refinada y vers\u00e1til. Con una estructura flexible y un dise\u00f1o delicado, ofrece un equilibrio perfecto entre sofisticaci\u00f3n y comodidad, ideal tanto para lucir solo como combinado con otras joyas.<\/p>\n<p>Detalles:<\/p>\n<p>\u2022 Oro rosa i blanco 18k<br \/>\n\u2022 Diamantes 0,0192 ct<br \/>\n\u2022 Cuarzo milky 5,80 ct<\/p>\n","protected":false},"excerpt":{"rendered":"<p>Brazalete Pomellato Nudo Mini en oro rosa y blanco con cuarzo lechoso y diamantes, una pieza elegante y vers\u00e1til disponible en Maison Roca, perfecta para llevar sola o combinada con otras joyas.<\/p>\n","protected":false},"featured_media":77508,"comment_status":"closed","ping_status":"closed","template":"","meta":{"_acf_changed":false,"_monsterinsights_skip_tracking":false,"_monsterinsights_sitenote_active":false,"_monsterinsights_sitenote_note":"","_monsterinsights_sitenote_category":0},"product_brand":[],"product_cat":[1217,1236],"product_tag":[1592,1571,1570,1572,2335,1635],"class_list":{"0":"post-77516","1":"product","2":"type-product","3":"status-publish","4":"has-post-thumbnail","6":"product_cat-joyas","7":"product_cat-pomellato-es","8":"product_tag-cuarzo","9":"product_tag-diamantes","10":"product_tag-oro-blanco","11":"product_tag-oro-rosa","12":"product_tag-pomellato-3-2","13":"product_tag-pulseras","15":"first","16":"instock","17":"shipping-taxable","18":"purchasable","19":"product-type-simple"},"acf":[],"yoast_head":"<!-- This site is optimized with the Yoast SEO Premium plugin v26.8 (Yoast SEO v27.4) - https:\/\/yoast.com\/product\/yoast-seo-premium-wordpress\/ -->\n<title>Brazalete Pomellato Nudo Mini de oro rosa y blanco con cuarzo y diamantes | Maison Roca<\/title>\n<meta name=\"description\" content=\"Descubre el brazalete Pomellato Nudo Mini de oro rosa y blanco con cuarzo y diamantes. Elegancia atemporal y refinada en Maison Roca.\" \/>\n<meta name=\"robots\" content=\"index, follow, max-snippet:-1, max-image-preview:large, max-video-preview:-1\" \/>\n<link rel=\"canonical\" href=\"https:\/\/maisonroca.ad\/es\/tienda\/brazalete-pomellato-nudo-mini-oro-rosa-blanco-cuarzo-diamantes\/\" \/>\n<meta property=\"og:locale\" content=\"es_ES\" \/>\n<meta property=\"og:type\" content=\"article\" \/>\n<meta property=\"og:title\" content=\"BRAZALETE POMELLATO NUDO MINI DE OR ROSA Y BLANCO, CUARZO MILKY Y DIAMANTES\" \/>\n<meta property=\"og:description\" content=\"Descubre el brazalete Pomellato Nudo Mini de oro rosa y blanco con cuarzo y diamantes. Elegancia atemporal y refinada en Maison Roca.\" \/>\n<meta property=\"og:url\" content=\"https:\/\/maisonroca.ad\/es\/tienda\/brazalete-pomellato-nudo-mini-oro-rosa-blanco-cuarzo-diamantes\/\" \/>\n<meta property=\"og:site_name\" content=\"Maison Roca\" \/>\n<meta property=\"article:publisher\" content=\"https:\/\/www.facebook.com\/maisonroca\" \/>\n<meta property=\"article:modified_time\" content=\"2025-12-11T09:11:28+00:00\" \/>\n<meta property=\"og:image\" content=\"https:\/\/maisonroca.ad\/wp-content\/uploads\/2025\/08\/PBC5020O6WHRDBQLT-1.jpg\" \/>\n\t<meta property=\"og:image:width\" content=\"1080\" \/>\n\t<meta property=\"og:image:height\" content=\"1080\" \/>\n\t<meta property=\"og:image:type\" content=\"image\/jpeg\" \/>\n<meta name=\"twitter:card\" content=\"summary_large_image\" \/>\n<meta name=\"twitter:label1\" content=\"Precio\" \/>\n\t<meta name=\"twitter:data1\" content=\"5.040,00&nbsp;&euro;\" \/>\n\t<meta name=\"twitter:label2\" content=\"Disponibilidad\" \/>\n\t<meta name=\"twitter:data2\" content=\"Disponible\" \/>\n<script type=\"application\/ld+json\" class=\"yoast-schema-graph\">{\"@context\":\"https:\\\/\\\/schema.org\",\"@graph\":[{\"@type\":\"WebPage\",\"@id\":\"https:\\\/\\\/maisonroca.ad\\\/es\\\/tienda\\\/brazalete-pomellato-nudo-mini-oro-rosa-blanco-cuarzo-diamantes\\\/\",\"url\":\"https:\\\/\\\/maisonroca.ad\\\/es\\\/tienda\\\/brazalete-pomellato-nudo-mini-oro-rosa-blanco-cuarzo-diamantes\\\/\",\"name\":\"Brazalete Pomellato Nudo Mini de oro rosa y blanco con cuarzo y diamantes | Maison Roca\",\"isPartOf\":{\"@id\":\"https:\\\/\\\/maisonroca.ad\\\/es\\\/#website\"},\"primaryImageOfPage\":{\"@id\":\"https:\\\/\\\/maisonroca.ad\\\/es\\\/tienda\\\/brazalete-pomellato-nudo-mini-oro-rosa-blanco-cuarzo-diamantes\\\/#primaryimage\"},\"image\":{\"@id\":\"https:\\\/\\\/maisonroca.ad\\\/es\\\/tienda\\\/brazalete-pomellato-nudo-mini-oro-rosa-blanco-cuarzo-diamantes\\\/#primaryimage\"},\"thumbnailUrl\":\"https:\\\/\\\/maisonroca.ad\\\/wp-content\\\/uploads\\\/2025\\\/08\\\/PBC5020O6WHRDBQLT-1.jpg\",\"datePublished\":\"2025-08-05T09:59:28+00:00\",\"dateModified\":\"2025-12-11T09:11:28+00:00\",\"description\":\"Descubre el brazalete Pomellato Nudo Mini de oro rosa y blanco con cuarzo y diamantes. Elegancia atemporal y refinada en Maison Roca.\",\"breadcrumb\":{\"@id\":\"https:\\\/\\\/maisonroca.ad\\\/es\\\/tienda\\\/brazalete-pomellato-nudo-mini-oro-rosa-blanco-cuarzo-diamantes\\\/#breadcrumb\"},\"inLanguage\":\"es\",\"potentialAction\":[{\"@type\":\"ReadAction\",\"target\":[\"https:\\\/\\\/maisonroca.ad\\\/es\\\/tienda\\\/brazalete-pomellato-nudo-mini-oro-rosa-blanco-cuarzo-diamantes\\\/\"]}]},{\"@type\":\"ImageObject\",\"inLanguage\":\"es\",\"@id\":\"https:\\\/\\\/maisonroca.ad\\\/es\\\/tienda\\\/brazalete-pomellato-nudo-mini-oro-rosa-blanco-cuarzo-diamantes\\\/#primaryimage\",\"url\":\"https:\\\/\\\/maisonroca.ad\\\/wp-content\\\/uploads\\\/2025\\\/08\\\/PBC5020O6WHRDBQLT-1.jpg\",\"contentUrl\":\"https:\\\/\\\/maisonroca.ad\\\/wp-content\\\/uploads\\\/2025\\\/08\\\/PBC5020O6WHRDBQLT-1.jpg\",\"width\":1080,\"height\":1080,\"caption\":\"maison-roca-andorra-pomellato-bra\u00e7alet-nudo-mini-or-rosa-or-blanc-quars-milk-diamants\"},{\"@type\":\"BreadcrumbList\",\"@id\":\"https:\\\/\\\/maisonroca.ad\\\/es\\\/tienda\\\/brazalete-pomellato-nudo-mini-oro-rosa-blanco-cuarzo-diamantes\\\/#breadcrumb\",\"itemListElement\":[{\"@type\":\"ListItem\",\"position\":1,\"name\":\"Portada\",\"item\":\"https:\\\/\\\/maisonroca.ad\\\/es\\\/\"},{\"@type\":\"ListItem\",\"position\":2,\"name\":\"Botiga\",\"item\":\"https:\\\/\\\/maisonroca.ad\\\/botiga\\\/\"},{\"@type\":\"ListItem\",\"position\":3,\"name\":\"BRAZALETE POMELLATO NUDO MINI DE OR ROSA Y BLANCO, CUARZO MILKY Y DIAMANTES\"}]},{\"@type\":\"WebSite\",\"@id\":\"https:\\\/\\\/maisonroca.ad\\\/es\\\/#website\",\"url\":\"https:\\\/\\\/maisonroca.ad\\\/es\\\/\",\"name\":\"Maison Roca\",\"description\":\"Bold Luxury Life - joieria d&#039;autor - Andorra\",\"publisher\":{\"@id\":\"https:\\\/\\\/maisonroca.ad\\\/es\\\/#organization\"},\"potentialAction\":[{\"@type\":\"SearchAction\",\"target\":{\"@type\":\"EntryPoint\",\"urlTemplate\":\"https:\\\/\\\/maisonroca.ad\\\/es\\\/?s={search_term_string}\"},\"query-input\":{\"@type\":\"PropertyValueSpecification\",\"valueRequired\":true,\"valueName\":\"search_term_string\"}}],\"inLanguage\":\"es\"},{\"@type\":\"Organization\",\"@id\":\"https:\\\/\\\/maisonroca.ad\\\/es\\\/#organization\",\"name\":\"Maison Roca\",\"url\":\"https:\\\/\\\/maisonroca.ad\\\/es\\\/\",\"logo\":{\"@type\":\"ImageObject\",\"inLanguage\":\"es\",\"@id\":\"https:\\\/\\\/maisonroca.ad\\\/es\\\/#\\\/schema\\\/logo\\\/image\\\/\",\"url\":\"https:\\\/\\\/maisonroca.ad\\\/wp-content\\\/uploads\\\/2023\\\/10\\\/icono.png\",\"contentUrl\":\"https:\\\/\\\/maisonroca.ad\\\/wp-content\\\/uploads\\\/2023\\\/10\\\/icono.png\",\"width\":512,\"height\":512,\"caption\":\"Maison Roca\"},\"image\":{\"@id\":\"https:\\\/\\\/maisonroca.ad\\\/es\\\/#\\\/schema\\\/logo\\\/image\\\/\"},\"sameAs\":[\"https:\\\/\\\/www.facebook.com\\\/maisonroca\",\"https:\\\/\\\/www.instagram.com\\\/maisonroca\\\/\"]}]}<\/script>\n<meta property=\"product:price:amount\" content=\"5040.00\" \/>\n<meta property=\"product:price:currency\" content=\"EUR\" \/>\n<meta property=\"og:availability\" content=\"instock\" \/>\n<meta property=\"product:availability\" content=\"instock\" \/>\n<meta property=\"product:retailer_item_id\" content=\"PBC5020O6WHRDBQLT\" \/>\n<meta property=\"product:condition\" content=\"new\" \/>\n<!-- \/ Yoast SEO Premium plugin. -->","yoast_head_json":{"title":"Brazalete Pomellato Nudo Mini de oro rosa y blanco con cuarzo y diamantes | Maison Roca","description":"Descubre el brazalete Pomellato Nudo Mini de oro rosa y blanco con cuarzo y diamantes. Elegancia atemporal y refinada en Maison Roca.","robots":{"index":"index","follow":"follow","max-snippet":"max-snippet:-1","max-image-preview":"max-image-preview:large","max-video-preview":"max-video-preview:-1"},"canonical":"https:\/\/maisonroca.ad\/es\/tienda\/brazalete-pomellato-nudo-mini-oro-rosa-blanco-cuarzo-diamantes\/","og_locale":"es_ES","og_type":"article","og_title":"BRAZALETE POMELLATO NUDO MINI DE OR ROSA Y BLANCO, CUARZO MILKY Y DIAMANTES","og_description":"Descubre el brazalete Pomellato Nudo Mini de oro rosa y blanco con cuarzo y diamantes. Elegancia atemporal y refinada en Maison Roca.","og_url":"https:\/\/maisonroca.ad\/es\/tienda\/brazalete-pomellato-nudo-mini-oro-rosa-blanco-cuarzo-diamantes\/","og_site_name":"Maison Roca","article_publisher":"https:\/\/www.facebook.com\/maisonroca","article_modified_time":"2025-12-11T09:11:28+00:00","og_image":[{"width":1080,"height":1080,"url":"https:\/\/maisonroca.ad\/wp-content\/uploads\/2025\/08\/PBC5020O6WHRDBQLT-1.jpg","type":"image\/jpeg"}],"twitter_card":"summary_large_image","twitter_misc":{"Precio":"5.040,00&nbsp;&euro;","Disponibilidad":"Disponible"},"schema":{"@context":"https:\/\/schema.org","@graph":[{"@type":"WebPage","@id":"https:\/\/maisonroca.ad\/es\/tienda\/brazalete-pomellato-nudo-mini-oro-rosa-blanco-cuarzo-diamantes\/","url":"https:\/\/maisonroca.ad\/es\/tienda\/brazalete-pomellato-nudo-mini-oro-rosa-blanco-cuarzo-diamantes\/","name":"Brazalete Pomellato Nudo Mini de oro rosa y blanco con cuarzo y diamantes | Maison Roca","isPartOf":{"@id":"https:\/\/maisonroca.ad\/es\/#website"},"primaryImageOfPage":{"@id":"https:\/\/maisonroca.ad\/es\/tienda\/brazalete-pomellato-nudo-mini-oro-rosa-blanco-cuarzo-diamantes\/#primaryimage"},"image":{"@id":"https:\/\/maisonroca.ad\/es\/tienda\/brazalete-pomellato-nudo-mini-oro-rosa-blanco-cuarzo-diamantes\/#primaryimage"},"thumbnailUrl":"https:\/\/maisonroca.ad\/wp-content\/uploads\/2025\/08\/PBC5020O6WHRDBQLT-1.jpg","datePublished":"2025-08-05T09:59:28+00:00","dateModified":"2025-12-11T09:11:28+00:00","description":"Descubre el brazalete Pomellato Nudo Mini de oro rosa y blanco con cuarzo y diamantes. Elegancia atemporal y refinada en Maison Roca.","breadcrumb":{"@id":"https:\/\/maisonroca.ad\/es\/tienda\/brazalete-pomellato-nudo-mini-oro-rosa-blanco-cuarzo-diamantes\/#breadcrumb"},"inLanguage":"es","potentialAction":[{"@type":"ReadAction","target":["https:\/\/maisonroca.ad\/es\/tienda\/brazalete-pomellato-nudo-mini-oro-rosa-blanco-cuarzo-diamantes\/"]}]},{"@type":"ImageObject","inLanguage":"es","@id":"https:\/\/maisonroca.ad\/es\/tienda\/brazalete-pomellato-nudo-mini-oro-rosa-blanco-cuarzo-diamantes\/#primaryimage","url":"https:\/\/maisonroca.ad\/wp-content\/uploads\/2025\/08\/PBC5020O6WHRDBQLT-1.jpg","contentUrl":"https:\/\/maisonroca.ad\/wp-content\/uploads\/2025\/08\/PBC5020O6WHRDBQLT-1.jpg","width":1080,"height":1080,"caption":"maison-roca-andorra-pomellato-bra\u00e7alet-nudo-mini-or-rosa-or-blanc-quars-milk-diamants"},{"@type":"BreadcrumbList","@id":"https:\/\/maisonroca.ad\/es\/tienda\/brazalete-pomellato-nudo-mini-oro-rosa-blanco-cuarzo-diamantes\/#breadcrumb","itemListElement":[{"@type":"ListItem","position":1,"name":"Portada","item":"https:\/\/maisonroca.ad\/es\/"},{"@type":"ListItem","position":2,"name":"Botiga","item":"https:\/\/maisonroca.ad\/botiga\/"},{"@type":"ListItem","position":3,"name":"BRAZALETE POMELLATO NUDO MINI DE OR ROSA Y BLANCO, CUARZO MILKY Y DIAMANTES"}]},{"@type":"WebSite","@id":"https:\/\/maisonroca.ad\/es\/#website","url":"https:\/\/maisonroca.ad\/es\/","name":"Maison Roca","description":"Bold Luxury Life - joieria d&#039;autor - Andorra","publisher":{"@id":"https:\/\/maisonroca.ad\/es\/#organization"},"potentialAction":[{"@type":"SearchAction","target":{"@type":"EntryPoint","urlTemplate":"https:\/\/maisonroca.ad\/es\/?s={search_term_string}"},"query-input":{"@type":"PropertyValueSpecification","valueRequired":true,"valueName":"search_term_string"}}],"inLanguage":"es"},{"@type":"Organization","@id":"https:\/\/maisonroca.ad\/es\/#organization","name":"Maison Roca","url":"https:\/\/maisonroca.ad\/es\/","logo":{"@type":"ImageObject","inLanguage":"es","@id":"https:\/\/maisonroca.ad\/es\/#\/schema\/logo\/image\/","url":"https:\/\/maisonroca.ad\/wp-content\/uploads\/2023\/10\/icono.png","contentUrl":"https:\/\/maisonroca.ad\/wp-content\/uploads\/2023\/10\/icono.png","width":512,"height":512,"caption":"Maison Roca"},"image":{"@id":"https:\/\/maisonroca.ad\/es\/#\/schema\/logo\/image\/"},"sameAs":["https:\/\/www.facebook.com\/maisonroca","https:\/\/www.instagram.com\/maisonroca\/"]}]},"product_price_amount":"5040.00","product_price_currency":"EUR","og_availability":"instock","product_availability":"instock","product_retailer_item_id":"PBC5020O6WHRDBQLT","product_condition":"new"},"_links":{"self":[{"href":"https:\/\/maisonroca.ad\/es\/wp-json\/wp\/v2\/product\/77516","targetHints":{"allow":["GET"]}}],"collection":[{"href":"https:\/\/maisonroca.ad\/es\/wp-json\/wp\/v2\/product"}],"about":[{"href":"https:\/\/maisonroca.ad\/es\/wp-json\/wp\/v2\/types\/product"}],"replies":[{"embeddable":true,"href":"https:\/\/maisonroca.ad\/es\/wp-json\/wp\/v2\/comments?post=77516"}],"version-history":[{"count":6,"href":"https:\/\/maisonroca.ad\/es\/wp-json\/wp\/v2\/product\/77516\/revisions"}],"predecessor-version":[{"id":79307,"href":"https:\/\/maisonroca.ad\/es\/wp-json\/wp\/v2\/product\/77516\/revisions\/79307"}],"wp:featuredmedia":[{"embeddable":true,"href":"https:\/\/maisonroca.ad\/es\/wp-json\/wp\/v2\/media\/77508"}],"wp:attachment":[{"href":"https:\/\/maisonroca.ad\/es\/wp-json\/wp\/v2\/media?parent=77516"}],"wp:term":[{"taxonomy":"product_brand","embeddable":true,"href":"https:\/\/maisonroca.ad\/es\/wp-json\/wp\/v2\/product_brand?post=77516"},{"taxonomy":"product_cat","embeddable":true,"href":"https:\/\/maisonroca.ad\/es\/wp-json\/wp\/v2\/product_cat?post=77516"},{"taxonomy":"product_tag","embeddable":true,"href":"https:\/\/maisonroca.ad\/es\/wp-json\/wp\/v2\/product_tag?post=77516"}],"curies":[{"name":"wp","href":"https:\/\/api.w.org\/{rel}","templated":true}]}}