{"id":77878,"date":"2025-08-07T17:36:15","date_gmt":"2025-08-07T15:36:15","guid":{"rendered":"https:\/\/maisonroca.ad\/?post_type=product&#038;p=77878"},"modified":"2026-02-24T12:13:09","modified_gmt":"2026-02-24T11:13:09","slug":"anillo-fred-pretty-woman-en-oro-rosa-diamantes-y-nacar","status":"publish","type":"product","link":"https:\/\/maisonroca.ad\/es\/tienda\/anillo-fred-pretty-woman-en-oro-rosa-diamantes-y-nacar\/","title":{"rendered":"Anillo FRED Pretty Woman de oro rosa, diamantes y n\u00e1car"},"content":{"rendered":"<p>Anillo Fred Pretty Woman Hypnotique reversible de oro rosa, diamantes y n\u00e1car.<\/p>\n<p>Pretty Woman Hypnotique reinterpreta el s\u00edmbolo del coraz\u00f3n con un dise\u00f1o giratorio en n\u00e1car, oro y diamantes. Gracias a su mecanismo de 360\u00b0, ofrece dos caras en una sola joya, adapt\u00e1ndose a cada ocasi\u00f3n y expresando todas las facetas del amor.<\/p>\n<p>Detalles:<\/p>\n<p>\u2022 Oro rosa 18k<br \/>\n\u2022 Diamantes<br \/>\n\u2022 N\u00e1car<\/p>\n","protected":false},"excerpt":{"rendered":"<p data-start=\"390\" data-end=\"524\">El ic\u00f3nico anillo FRED Pretty Woman Hypnotique reversible en oro rosa con diamantes y n\u00e1car, un s\u00edmbolo de elegancia y versatilidad.<\/p>\n<p data-start=\"528\" data-end=\"564\">\n","protected":false},"featured_media":77873,"comment_status":"closed","ping_status":"closed","template":"","meta":{"_acf_changed":false,"_monsterinsights_skip_tracking":false,"_monsterinsights_sitenote_active":false,"_monsterinsights_sitenote_note":"","_monsterinsights_sitenote_category":0},"product_brand":[],"product_cat":[1225,1217],"product_tag":[1569,1571,2361,2475,1572],"class_list":{"0":"post-77878","1":"product","2":"type-product","3":"status-publish","4":"has-post-thumbnail","6":"product_cat-fred-es","7":"product_cat-joyas","8":"product_tag-anillos","9":"product_tag-diamantes","10":"product_tag-fred-3-2","11":"product_tag-nacre-2-2","12":"product_tag-oro-rosa","14":"first","15":"instock","16":"shipping-taxable","17":"purchasable","18":"product-type-simple"},"acf":[],"yoast_head":"<!-- This site is optimized with the Yoast SEO Premium plugin v26.8 (Yoast SEO v27.4) - https:\/\/yoast.com\/product\/yoast-seo-premium-wordpress\/ -->\n<title>Anillo FRED Pretty Woman en oro rosa, diamantes y n\u00e1car | Maison Roca<\/title>\n<meta name=\"description\" content=\"Anillo FRED Pretty Woman de oro rosa con diamantes y n\u00e1car, dise\u00f1o giratorio que ofrece dos caras en una joya \u00fanica.\" \/>\n<meta name=\"robots\" content=\"index, follow, max-snippet:-1, max-image-preview:large, max-video-preview:-1\" \/>\n<link rel=\"canonical\" href=\"https:\/\/maisonroca.ad\/es\/tienda\/anillo-fred-pretty-woman-en-oro-rosa-diamantes-y-nacar\/\" \/>\n<meta property=\"og:locale\" content=\"es_ES\" \/>\n<meta property=\"og:type\" content=\"article\" \/>\n<meta property=\"og:title\" content=\"Anillo FRED Pretty Woman de oro rosa, diamantes y n\u00e1car\" \/>\n<meta property=\"og:description\" content=\"Anillo FRED Pretty Woman de oro rosa con diamantes y n\u00e1car, dise\u00f1o giratorio que ofrece dos caras en una joya \u00fanica.\" \/>\n<meta property=\"og:url\" content=\"https:\/\/maisonroca.ad\/es\/tienda\/anillo-fred-pretty-woman-en-oro-rosa-diamantes-y-nacar\/\" \/>\n<meta property=\"og:site_name\" content=\"Maison Roca\" \/>\n<meta property=\"article:publisher\" content=\"https:\/\/www.facebook.com\/maisonroca\" \/>\n<meta property=\"article:modified_time\" content=\"2026-02-24T11:13:09+00:00\" \/>\n<meta property=\"og:image\" content=\"https:\/\/maisonroca.ad\/wp-content\/uploads\/2025\/08\/4B1037-2.jpg\" \/>\n\t<meta property=\"og:image:width\" content=\"1080\" \/>\n\t<meta property=\"og:image:height\" content=\"1080\" \/>\n\t<meta property=\"og:image:type\" content=\"image\/jpeg\" \/>\n<meta name=\"twitter:card\" content=\"summary_large_image\" \/>\n<meta name=\"twitter:label1\" content=\"Precio\" \/>\n\t<meta name=\"twitter:data1\" content=\"4.412,00&nbsp;&euro;\" \/>\n\t<meta name=\"twitter:label2\" content=\"Disponibilidad\" \/>\n\t<meta name=\"twitter:data2\" content=\"Disponible\" \/>\n<script type=\"application\/ld+json\" class=\"yoast-schema-graph\">{\"@context\":\"https:\\\/\\\/schema.org\",\"@graph\":[{\"@type\":\"WebPage\",\"@id\":\"https:\\\/\\\/maisonroca.ad\\\/es\\\/tienda\\\/anillo-fred-pretty-woman-en-oro-rosa-diamantes-y-nacar\\\/\",\"url\":\"https:\\\/\\\/maisonroca.ad\\\/es\\\/tienda\\\/anillo-fred-pretty-woman-en-oro-rosa-diamantes-y-nacar\\\/\",\"name\":\"Anillo FRED Pretty Woman en oro rosa, diamantes y n\u00e1car | Maison Roca\",\"isPartOf\":{\"@id\":\"https:\\\/\\\/maisonroca.ad\\\/es\\\/#website\"},\"primaryImageOfPage\":{\"@id\":\"https:\\\/\\\/maisonroca.ad\\\/es\\\/tienda\\\/anillo-fred-pretty-woman-en-oro-rosa-diamantes-y-nacar\\\/#primaryimage\"},\"image\":{\"@id\":\"https:\\\/\\\/maisonroca.ad\\\/es\\\/tienda\\\/anillo-fred-pretty-woman-en-oro-rosa-diamantes-y-nacar\\\/#primaryimage\"},\"thumbnailUrl\":\"https:\\\/\\\/maisonroca.ad\\\/wp-content\\\/uploads\\\/2025\\\/08\\\/4B1037-2.jpg\",\"datePublished\":\"2025-08-07T15:36:15+00:00\",\"dateModified\":\"2026-02-24T11:13:09+00:00\",\"description\":\"Anillo FRED Pretty Woman de oro rosa con diamantes y n\u00e1car, dise\u00f1o giratorio que ofrece dos caras en una joya \u00fanica.\",\"breadcrumb\":{\"@id\":\"https:\\\/\\\/maisonroca.ad\\\/es\\\/tienda\\\/anillo-fred-pretty-woman-en-oro-rosa-diamantes-y-nacar\\\/#breadcrumb\"},\"inLanguage\":\"es\",\"potentialAction\":[{\"@type\":\"ReadAction\",\"target\":[\"https:\\\/\\\/maisonroca.ad\\\/es\\\/tienda\\\/anillo-fred-pretty-woman-en-oro-rosa-diamantes-y-nacar\\\/\"]}]},{\"@type\":\"ImageObject\",\"inLanguage\":\"es\",\"@id\":\"https:\\\/\\\/maisonroca.ad\\\/es\\\/tienda\\\/anillo-fred-pretty-woman-en-oro-rosa-diamantes-y-nacar\\\/#primaryimage\",\"url\":\"https:\\\/\\\/maisonroca.ad\\\/wp-content\\\/uploads\\\/2025\\\/08\\\/4B1037-2.jpg\",\"contentUrl\":\"https:\\\/\\\/maisonroca.ad\\\/wp-content\\\/uploads\\\/2025\\\/08\\\/4B1037-2.jpg\",\"width\":1080,\"height\":1080,\"caption\":\"maison-roca-andorra-fred-anell-pretty-woman-hypnotic-reversible-or-rosa-diamants-nacre\"},{\"@type\":\"BreadcrumbList\",\"@id\":\"https:\\\/\\\/maisonroca.ad\\\/es\\\/tienda\\\/anillo-fred-pretty-woman-en-oro-rosa-diamantes-y-nacar\\\/#breadcrumb\",\"itemListElement\":[{\"@type\":\"ListItem\",\"position\":1,\"name\":\"Portada\",\"item\":\"https:\\\/\\\/maisonroca.ad\\\/es\\\/\"},{\"@type\":\"ListItem\",\"position\":2,\"name\":\"Botiga\",\"item\":\"https:\\\/\\\/maisonroca.ad\\\/botiga\\\/\"},{\"@type\":\"ListItem\",\"position\":3,\"name\":\"Anillo FRED Pretty Woman de oro rosa, diamantes y n\u00e1car\"}]},{\"@type\":\"WebSite\",\"@id\":\"https:\\\/\\\/maisonroca.ad\\\/es\\\/#website\",\"url\":\"https:\\\/\\\/maisonroca.ad\\\/es\\\/\",\"name\":\"Maison Roca\",\"description\":\"Bold Luxury Life - joieria d&#039;autor - Andorra\",\"publisher\":{\"@id\":\"https:\\\/\\\/maisonroca.ad\\\/es\\\/#organization\"},\"potentialAction\":[{\"@type\":\"SearchAction\",\"target\":{\"@type\":\"EntryPoint\",\"urlTemplate\":\"https:\\\/\\\/maisonroca.ad\\\/es\\\/?s={search_term_string}\"},\"query-input\":{\"@type\":\"PropertyValueSpecification\",\"valueRequired\":true,\"valueName\":\"search_term_string\"}}],\"inLanguage\":\"es\"},{\"@type\":\"Organization\",\"@id\":\"https:\\\/\\\/maisonroca.ad\\\/es\\\/#organization\",\"name\":\"Maison Roca\",\"url\":\"https:\\\/\\\/maisonroca.ad\\\/es\\\/\",\"logo\":{\"@type\":\"ImageObject\",\"inLanguage\":\"es\",\"@id\":\"https:\\\/\\\/maisonroca.ad\\\/es\\\/#\\\/schema\\\/logo\\\/image\\\/\",\"url\":\"https:\\\/\\\/maisonroca.ad\\\/wp-content\\\/uploads\\\/2023\\\/10\\\/icono.png\",\"contentUrl\":\"https:\\\/\\\/maisonroca.ad\\\/wp-content\\\/uploads\\\/2023\\\/10\\\/icono.png\",\"width\":512,\"height\":512,\"caption\":\"Maison Roca\"},\"image\":{\"@id\":\"https:\\\/\\\/maisonroca.ad\\\/es\\\/#\\\/schema\\\/logo\\\/image\\\/\"},\"sameAs\":[\"https:\\\/\\\/www.facebook.com\\\/maisonroca\",\"https:\\\/\\\/www.instagram.com\\\/maisonroca\\\/\"]}]}<\/script>\n<meta property=\"product:price:amount\" content=\"4412.00\" \/>\n<meta property=\"product:price:currency\" content=\"EUR\" \/>\n<meta property=\"og:availability\" content=\"instock\" \/>\n<meta property=\"product:availability\" content=\"instock\" \/>\n<meta property=\"product:retailer_item_id\" content=\"4B1037\" \/>\n<meta property=\"product:condition\" content=\"new\" \/>\n<!-- \/ Yoast SEO Premium plugin. -->","yoast_head_json":{"title":"Anillo FRED Pretty Woman en oro rosa, diamantes y n\u00e1car | Maison Roca","description":"Anillo FRED Pretty Woman de oro rosa con diamantes y n\u00e1car, dise\u00f1o giratorio que ofrece dos caras en una joya \u00fanica.","robots":{"index":"index","follow":"follow","max-snippet":"max-snippet:-1","max-image-preview":"max-image-preview:large","max-video-preview":"max-video-preview:-1"},"canonical":"https:\/\/maisonroca.ad\/es\/tienda\/anillo-fred-pretty-woman-en-oro-rosa-diamantes-y-nacar\/","og_locale":"es_ES","og_type":"article","og_title":"Anillo FRED Pretty Woman de oro rosa, diamantes y n\u00e1car","og_description":"Anillo FRED Pretty Woman de oro rosa con diamantes y n\u00e1car, dise\u00f1o giratorio que ofrece dos caras en una joya \u00fanica.","og_url":"https:\/\/maisonroca.ad\/es\/tienda\/anillo-fred-pretty-woman-en-oro-rosa-diamantes-y-nacar\/","og_site_name":"Maison Roca","article_publisher":"https:\/\/www.facebook.com\/maisonroca","article_modified_time":"2026-02-24T11:13:09+00:00","og_image":[{"width":1080,"height":1080,"url":"https:\/\/maisonroca.ad\/wp-content\/uploads\/2025\/08\/4B1037-2.jpg","type":"image\/jpeg"}],"twitter_card":"summary_large_image","twitter_misc":{"Precio":"4.412,00&nbsp;&euro;","Disponibilidad":"Disponible"},"schema":{"@context":"https:\/\/schema.org","@graph":[{"@type":"WebPage","@id":"https:\/\/maisonroca.ad\/es\/tienda\/anillo-fred-pretty-woman-en-oro-rosa-diamantes-y-nacar\/","url":"https:\/\/maisonroca.ad\/es\/tienda\/anillo-fred-pretty-woman-en-oro-rosa-diamantes-y-nacar\/","name":"Anillo FRED Pretty Woman en oro rosa, diamantes y n\u00e1car | Maison Roca","isPartOf":{"@id":"https:\/\/maisonroca.ad\/es\/#website"},"primaryImageOfPage":{"@id":"https:\/\/maisonroca.ad\/es\/tienda\/anillo-fred-pretty-woman-en-oro-rosa-diamantes-y-nacar\/#primaryimage"},"image":{"@id":"https:\/\/maisonroca.ad\/es\/tienda\/anillo-fred-pretty-woman-en-oro-rosa-diamantes-y-nacar\/#primaryimage"},"thumbnailUrl":"https:\/\/maisonroca.ad\/wp-content\/uploads\/2025\/08\/4B1037-2.jpg","datePublished":"2025-08-07T15:36:15+00:00","dateModified":"2026-02-24T11:13:09+00:00","description":"Anillo FRED Pretty Woman de oro rosa con diamantes y n\u00e1car, dise\u00f1o giratorio que ofrece dos caras en una joya \u00fanica.","breadcrumb":{"@id":"https:\/\/maisonroca.ad\/es\/tienda\/anillo-fred-pretty-woman-en-oro-rosa-diamantes-y-nacar\/#breadcrumb"},"inLanguage":"es","potentialAction":[{"@type":"ReadAction","target":["https:\/\/maisonroca.ad\/es\/tienda\/anillo-fred-pretty-woman-en-oro-rosa-diamantes-y-nacar\/"]}]},{"@type":"ImageObject","inLanguage":"es","@id":"https:\/\/maisonroca.ad\/es\/tienda\/anillo-fred-pretty-woman-en-oro-rosa-diamantes-y-nacar\/#primaryimage","url":"https:\/\/maisonroca.ad\/wp-content\/uploads\/2025\/08\/4B1037-2.jpg","contentUrl":"https:\/\/maisonroca.ad\/wp-content\/uploads\/2025\/08\/4B1037-2.jpg","width":1080,"height":1080,"caption":"maison-roca-andorra-fred-anell-pretty-woman-hypnotic-reversible-or-rosa-diamants-nacre"},{"@type":"BreadcrumbList","@id":"https:\/\/maisonroca.ad\/es\/tienda\/anillo-fred-pretty-woman-en-oro-rosa-diamantes-y-nacar\/#breadcrumb","itemListElement":[{"@type":"ListItem","position":1,"name":"Portada","item":"https:\/\/maisonroca.ad\/es\/"},{"@type":"ListItem","position":2,"name":"Botiga","item":"https:\/\/maisonroca.ad\/botiga\/"},{"@type":"ListItem","position":3,"name":"Anillo FRED Pretty Woman de oro rosa, diamantes y n\u00e1car"}]},{"@type":"WebSite","@id":"https:\/\/maisonroca.ad\/es\/#website","url":"https:\/\/maisonroca.ad\/es\/","name":"Maison Roca","description":"Bold Luxury Life - joieria d&#039;autor - Andorra","publisher":{"@id":"https:\/\/maisonroca.ad\/es\/#organization"},"potentialAction":[{"@type":"SearchAction","target":{"@type":"EntryPoint","urlTemplate":"https:\/\/maisonroca.ad\/es\/?s={search_term_string}"},"query-input":{"@type":"PropertyValueSpecification","valueRequired":true,"valueName":"search_term_string"}}],"inLanguage":"es"},{"@type":"Organization","@id":"https:\/\/maisonroca.ad\/es\/#organization","name":"Maison Roca","url":"https:\/\/maisonroca.ad\/es\/","logo":{"@type":"ImageObject","inLanguage":"es","@id":"https:\/\/maisonroca.ad\/es\/#\/schema\/logo\/image\/","url":"https:\/\/maisonroca.ad\/wp-content\/uploads\/2023\/10\/icono.png","contentUrl":"https:\/\/maisonroca.ad\/wp-content\/uploads\/2023\/10\/icono.png","width":512,"height":512,"caption":"Maison Roca"},"image":{"@id":"https:\/\/maisonroca.ad\/es\/#\/schema\/logo\/image\/"},"sameAs":["https:\/\/www.facebook.com\/maisonroca","https:\/\/www.instagram.com\/maisonroca\/"]}]},"product_price_amount":"4412.00","product_price_currency":"EUR","og_availability":"instock","product_availability":"instock","product_retailer_item_id":"4B1037","product_condition":"new"},"_links":{"self":[{"href":"https:\/\/maisonroca.ad\/es\/wp-json\/wp\/v2\/product\/77878","targetHints":{"allow":["GET"]}}],"collection":[{"href":"https:\/\/maisonroca.ad\/es\/wp-json\/wp\/v2\/product"}],"about":[{"href":"https:\/\/maisonroca.ad\/es\/wp-json\/wp\/v2\/types\/product"}],"replies":[{"embeddable":true,"href":"https:\/\/maisonroca.ad\/es\/wp-json\/wp\/v2\/comments?post=77878"}],"version-history":[{"count":8,"href":"https:\/\/maisonroca.ad\/es\/wp-json\/wp\/v2\/product\/77878\/revisions"}],"predecessor-version":[{"id":84303,"href":"https:\/\/maisonroca.ad\/es\/wp-json\/wp\/v2\/product\/77878\/revisions\/84303"}],"wp:featuredmedia":[{"embeddable":true,"href":"https:\/\/maisonroca.ad\/es\/wp-json\/wp\/v2\/media\/77873"}],"wp:attachment":[{"href":"https:\/\/maisonroca.ad\/es\/wp-json\/wp\/v2\/media?parent=77878"}],"wp:term":[{"taxonomy":"product_brand","embeddable":true,"href":"https:\/\/maisonroca.ad\/es\/wp-json\/wp\/v2\/product_brand?post=77878"},{"taxonomy":"product_cat","embeddable":true,"href":"https:\/\/maisonroca.ad\/es\/wp-json\/wp\/v2\/product_cat?post=77878"},{"taxonomy":"product_tag","embeddable":true,"href":"https:\/\/maisonroca.ad\/es\/wp-json\/wp\/v2\/product_tag?post=77878"}],"curies":[{"name":"wp","href":"https:\/\/api.w.org\/{rel}","templated":true}]}}