{"id":79390,"date":"2025-09-09T11:00:37","date_gmt":"2025-09-09T09:00:37","guid":{"rendered":"https:\/\/maisonroca.ad\/?post_type=product&#038;p=79390"},"modified":"2025-09-09T12:01:10","modified_gmt":"2025-09-09T10:01:10","slug":"colgante-corazon-xl-dodo-plata-oro-rosa-cordon","status":"publish","type":"product","link":"https:\/\/maisonroca.ad\/es\/tienda\/colgante-corazon-xl-dodo-plata-oro-rosa-cordon\/","title":{"rendered":"COLGANTE DoDo CORAZ\u00d3N XL EN PLATA Y ORO ROSA CON CORD\u00d3N DE SEDA"},"content":{"rendered":"<p>DoDo recupera la esencia original con los nuevos charms XL. El esp\u00edritu aut\u00e9ntico de los a\u00f1os 90 renace con c\u00f3digos est\u00e9ticos renovados. Los tres \u00edconos de la marca \u2014Estrella, Coraz\u00f3n y Luna\u2014 se reinventan con vol\u00famenes audaces, pensados para lucirse con el nuevo cord\u00f3n de seda gris oscuro y el cierre \u201cmano de mono\u201d.<\/p>\n<p>Detalles:<\/p>\n<p>\u2022 Plata 6,40 G<br \/>\n\u2022 Oro rosa 9k<\/p>\n","protected":false},"excerpt":{"rendered":"<p>Colgante DoDo Coraz\u00f3n XL en plata y oro rosa con cord\u00f3n de seda. Charm elegante y vers\u00e1til, perfecto para llevar solo, combinar con otros charms o regalar.<\/p>\n","protected":false},"featured_media":79384,"comment_status":"closed","ping_status":"closed","template":"","meta":{"_acf_changed":false,"_monsterinsights_skip_tracking":false,"_monsterinsights_sitenote_active":false,"_monsterinsights_sitenote_note":"","_monsterinsights_sitenote_category":0},"product_brand":[],"product_cat":[1242,1217],"product_tag":[1648,2166,1572],"class_list":{"0":"post-79390","1":"product","2":"type-product","3":"status-publish","4":"has-post-thumbnail","6":"product_cat-dodo-es","7":"product_cat-joyas","8":"product_tag-dinho-van","9":"product_tag-dodo-2","10":"product_tag-oro-rosa","12":"first","13":"instock","14":"shipping-taxable","15":"purchasable","16":"product-type-simple"},"acf":[],"yoast_head":"<!-- This site is optimized with the Yoast SEO Premium plugin v26.8 (Yoast SEO v27.4) - https:\/\/yoast.com\/product\/yoast-seo-premium-wordpress\/ -->\n<title>Colgante DoDo Coraz\u00f3n XL en plata y oro rosa con cord\u00f3n | MR<\/title>\n<meta name=\"description\" content=\"Colgante DoDo Coraz\u00f3n XL en plata y oro rosa con cord\u00f3n de seda. Elegante y vers\u00e1til, perfecto solo, para combinar o regalar. Disponible en Maison Roca.\" \/>\n<meta name=\"robots\" content=\"index, follow, max-snippet:-1, max-image-preview:large, max-video-preview:-1\" \/>\n<link rel=\"canonical\" href=\"https:\/\/maisonroca.ad\/es\/tienda\/colgante-corazon-xl-dodo-plata-oro-rosa-cordon\/\" \/>\n<meta property=\"og:locale\" content=\"es_ES\" \/>\n<meta property=\"og:type\" content=\"article\" \/>\n<meta property=\"og:title\" content=\"COLGANTE DoDo CORAZ\u00d3N XL EN PLATA Y ORO ROSA CON CORD\u00d3N DE SEDA\" \/>\n<meta property=\"og:description\" content=\"Colgante DoDo Coraz\u00f3n XL en plata y oro rosa con cord\u00f3n de seda. Elegante y vers\u00e1til, perfecto solo, para combinar o regalar. Disponible en Maison Roca.\" \/>\n<meta property=\"og:url\" content=\"https:\/\/maisonroca.ad\/es\/tienda\/colgante-corazon-xl-dodo-plata-oro-rosa-cordon\/\" \/>\n<meta property=\"og:site_name\" content=\"Maison Roca\" \/>\n<meta property=\"article:publisher\" content=\"https:\/\/www.facebook.com\/maisonroca\" \/>\n<meta property=\"article:modified_time\" content=\"2025-09-09T10:01:10+00:00\" \/>\n<meta property=\"og:image\" content=\"https:\/\/maisonroca.ad\/wp-content\/uploads\/2025\/09\/DMC5024-CUORL-0009A-2.jpg\" \/>\n\t<meta property=\"og:image:width\" content=\"1080\" \/>\n\t<meta property=\"og:image:height\" content=\"1080\" \/>\n\t<meta property=\"og:image:type\" content=\"image\/jpeg\" \/>\n<meta name=\"twitter:card\" content=\"summary_large_image\" \/>\n<meta name=\"twitter:label1\" content=\"Precio\" \/>\n\t<meta name=\"twitter:data1\" content=\"414,00&nbsp;&euro;\" \/>\n\t<meta name=\"twitter:label2\" content=\"Disponibilidad\" \/>\n\t<meta name=\"twitter:data2\" content=\"Disponible\" \/>\n<script type=\"application\/ld+json\" class=\"yoast-schema-graph\">{\"@context\":\"https:\\\/\\\/schema.org\",\"@graph\":[{\"@type\":\"WebPage\",\"@id\":\"https:\\\/\\\/maisonroca.ad\\\/es\\\/tienda\\\/colgante-corazon-xl-dodo-plata-oro-rosa-cordon\\\/\",\"url\":\"https:\\\/\\\/maisonroca.ad\\\/es\\\/tienda\\\/colgante-corazon-xl-dodo-plata-oro-rosa-cordon\\\/\",\"name\":\"Colgante DoDo Coraz\u00f3n XL en plata y oro rosa con cord\u00f3n | MR\",\"isPartOf\":{\"@id\":\"https:\\\/\\\/maisonroca.ad\\\/es\\\/#website\"},\"primaryImageOfPage\":{\"@id\":\"https:\\\/\\\/maisonroca.ad\\\/es\\\/tienda\\\/colgante-corazon-xl-dodo-plata-oro-rosa-cordon\\\/#primaryimage\"},\"image\":{\"@id\":\"https:\\\/\\\/maisonroca.ad\\\/es\\\/tienda\\\/colgante-corazon-xl-dodo-plata-oro-rosa-cordon\\\/#primaryimage\"},\"thumbnailUrl\":\"https:\\\/\\\/maisonroca.ad\\\/wp-content\\\/uploads\\\/2025\\\/09\\\/DMC5024-CUORL-0009A-2.jpg\",\"datePublished\":\"2025-09-09T09:00:37+00:00\",\"dateModified\":\"2025-09-09T10:01:10+00:00\",\"description\":\"Colgante DoDo Coraz\u00f3n XL en plata y oro rosa con cord\u00f3n de seda. Elegante y vers\u00e1til, perfecto solo, para combinar o regalar. Disponible en Maison Roca.\",\"breadcrumb\":{\"@id\":\"https:\\\/\\\/maisonroca.ad\\\/es\\\/tienda\\\/colgante-corazon-xl-dodo-plata-oro-rosa-cordon\\\/#breadcrumb\"},\"inLanguage\":\"es\",\"potentialAction\":[{\"@type\":\"ReadAction\",\"target\":[\"https:\\\/\\\/maisonroca.ad\\\/es\\\/tienda\\\/colgante-corazon-xl-dodo-plata-oro-rosa-cordon\\\/\"]}]},{\"@type\":\"ImageObject\",\"inLanguage\":\"es\",\"@id\":\"https:\\\/\\\/maisonroca.ad\\\/es\\\/tienda\\\/colgante-corazon-xl-dodo-plata-oro-rosa-cordon\\\/#primaryimage\",\"url\":\"https:\\\/\\\/maisonroca.ad\\\/wp-content\\\/uploads\\\/2025\\\/09\\\/DMC5024-CUORL-0009A-2.jpg\",\"contentUrl\":\"https:\\\/\\\/maisonroca.ad\\\/wp-content\\\/uploads\\\/2025\\\/09\\\/DMC5024-CUORL-0009A-2.jpg\",\"width\":1080,\"height\":1080,\"caption\":\"Ajuda triant la frase clau perfecta(S'obre en una nova pestanya del navegador) Penjoll DoDo Cor XL d\u2019argent i or rosa amb cord\u00f3 de seda\"},{\"@type\":\"BreadcrumbList\",\"@id\":\"https:\\\/\\\/maisonroca.ad\\\/es\\\/tienda\\\/colgante-corazon-xl-dodo-plata-oro-rosa-cordon\\\/#breadcrumb\",\"itemListElement\":[{\"@type\":\"ListItem\",\"position\":1,\"name\":\"Portada\",\"item\":\"https:\\\/\\\/maisonroca.ad\\\/es\\\/\"},{\"@type\":\"ListItem\",\"position\":2,\"name\":\"Botiga\",\"item\":\"https:\\\/\\\/maisonroca.ad\\\/botiga\\\/\"},{\"@type\":\"ListItem\",\"position\":3,\"name\":\"COLGANTE DoDo CORAZ\u00d3N XL EN PLATA Y ORO ROSA CON CORD\u00d3N DE SEDA\"}]},{\"@type\":\"WebSite\",\"@id\":\"https:\\\/\\\/maisonroca.ad\\\/es\\\/#website\",\"url\":\"https:\\\/\\\/maisonroca.ad\\\/es\\\/\",\"name\":\"Maison Roca\",\"description\":\"Bold Luxury Life - joieria d&#039;autor - Andorra\",\"publisher\":{\"@id\":\"https:\\\/\\\/maisonroca.ad\\\/es\\\/#organization\"},\"potentialAction\":[{\"@type\":\"SearchAction\",\"target\":{\"@type\":\"EntryPoint\",\"urlTemplate\":\"https:\\\/\\\/maisonroca.ad\\\/es\\\/?s={search_term_string}\"},\"query-input\":{\"@type\":\"PropertyValueSpecification\",\"valueRequired\":true,\"valueName\":\"search_term_string\"}}],\"inLanguage\":\"es\"},{\"@type\":\"Organization\",\"@id\":\"https:\\\/\\\/maisonroca.ad\\\/es\\\/#organization\",\"name\":\"Maison Roca\",\"url\":\"https:\\\/\\\/maisonroca.ad\\\/es\\\/\",\"logo\":{\"@type\":\"ImageObject\",\"inLanguage\":\"es\",\"@id\":\"https:\\\/\\\/maisonroca.ad\\\/es\\\/#\\\/schema\\\/logo\\\/image\\\/\",\"url\":\"https:\\\/\\\/maisonroca.ad\\\/wp-content\\\/uploads\\\/2023\\\/10\\\/icono.png\",\"contentUrl\":\"https:\\\/\\\/maisonroca.ad\\\/wp-content\\\/uploads\\\/2023\\\/10\\\/icono.png\",\"width\":512,\"height\":512,\"caption\":\"Maison Roca\"},\"image\":{\"@id\":\"https:\\\/\\\/maisonroca.ad\\\/es\\\/#\\\/schema\\\/logo\\\/image\\\/\"},\"sameAs\":[\"https:\\\/\\\/www.facebook.com\\\/maisonroca\",\"https:\\\/\\\/www.instagram.com\\\/maisonroca\\\/\"]}]}<\/script>\n<meta property=\"product:price:amount\" content=\"414.00\" \/>\n<meta property=\"product:price:currency\" content=\"EUR\" \/>\n<meta property=\"og:availability\" content=\"instock\" \/>\n<meta property=\"product:availability\" content=\"instock\" \/>\n<meta property=\"product:retailer_item_id\" content=\"DMC5024-CUORL-0009A\" \/>\n<meta property=\"product:condition\" content=\"new\" \/>\n<!-- \/ Yoast SEO Premium plugin. -->","yoast_head_json":{"title":"Colgante DoDo Coraz\u00f3n XL en plata y oro rosa con cord\u00f3n | MR","description":"Colgante DoDo Coraz\u00f3n XL en plata y oro rosa con cord\u00f3n de seda. Elegante y vers\u00e1til, perfecto solo, para combinar o regalar. Disponible en Maison Roca.","robots":{"index":"index","follow":"follow","max-snippet":"max-snippet:-1","max-image-preview":"max-image-preview:large","max-video-preview":"max-video-preview:-1"},"canonical":"https:\/\/maisonroca.ad\/es\/tienda\/colgante-corazon-xl-dodo-plata-oro-rosa-cordon\/","og_locale":"es_ES","og_type":"article","og_title":"COLGANTE DoDo CORAZ\u00d3N XL EN PLATA Y ORO ROSA CON CORD\u00d3N DE SEDA","og_description":"Colgante DoDo Coraz\u00f3n XL en plata y oro rosa con cord\u00f3n de seda. Elegante y vers\u00e1til, perfecto solo, para combinar o regalar. Disponible en Maison Roca.","og_url":"https:\/\/maisonroca.ad\/es\/tienda\/colgante-corazon-xl-dodo-plata-oro-rosa-cordon\/","og_site_name":"Maison Roca","article_publisher":"https:\/\/www.facebook.com\/maisonroca","article_modified_time":"2025-09-09T10:01:10+00:00","og_image":[{"width":1080,"height":1080,"url":"https:\/\/maisonroca.ad\/wp-content\/uploads\/2025\/09\/DMC5024-CUORL-0009A-2.jpg","type":"image\/jpeg"}],"twitter_card":"summary_large_image","twitter_misc":{"Precio":"414,00&nbsp;&euro;","Disponibilidad":"Disponible"},"schema":{"@context":"https:\/\/schema.org","@graph":[{"@type":"WebPage","@id":"https:\/\/maisonroca.ad\/es\/tienda\/colgante-corazon-xl-dodo-plata-oro-rosa-cordon\/","url":"https:\/\/maisonroca.ad\/es\/tienda\/colgante-corazon-xl-dodo-plata-oro-rosa-cordon\/","name":"Colgante DoDo Coraz\u00f3n XL en plata y oro rosa con cord\u00f3n | MR","isPartOf":{"@id":"https:\/\/maisonroca.ad\/es\/#website"},"primaryImageOfPage":{"@id":"https:\/\/maisonroca.ad\/es\/tienda\/colgante-corazon-xl-dodo-plata-oro-rosa-cordon\/#primaryimage"},"image":{"@id":"https:\/\/maisonroca.ad\/es\/tienda\/colgante-corazon-xl-dodo-plata-oro-rosa-cordon\/#primaryimage"},"thumbnailUrl":"https:\/\/maisonroca.ad\/wp-content\/uploads\/2025\/09\/DMC5024-CUORL-0009A-2.jpg","datePublished":"2025-09-09T09:00:37+00:00","dateModified":"2025-09-09T10:01:10+00:00","description":"Colgante DoDo Coraz\u00f3n XL en plata y oro rosa con cord\u00f3n de seda. Elegante y vers\u00e1til, perfecto solo, para combinar o regalar. Disponible en Maison Roca.","breadcrumb":{"@id":"https:\/\/maisonroca.ad\/es\/tienda\/colgante-corazon-xl-dodo-plata-oro-rosa-cordon\/#breadcrumb"},"inLanguage":"es","potentialAction":[{"@type":"ReadAction","target":["https:\/\/maisonroca.ad\/es\/tienda\/colgante-corazon-xl-dodo-plata-oro-rosa-cordon\/"]}]},{"@type":"ImageObject","inLanguage":"es","@id":"https:\/\/maisonroca.ad\/es\/tienda\/colgante-corazon-xl-dodo-plata-oro-rosa-cordon\/#primaryimage","url":"https:\/\/maisonroca.ad\/wp-content\/uploads\/2025\/09\/DMC5024-CUORL-0009A-2.jpg","contentUrl":"https:\/\/maisonroca.ad\/wp-content\/uploads\/2025\/09\/DMC5024-CUORL-0009A-2.jpg","width":1080,"height":1080,"caption":"Ajuda triant la frase clau perfecta(S'obre en una nova pestanya del navegador) Penjoll DoDo Cor XL d\u2019argent i or rosa amb cord\u00f3 de seda"},{"@type":"BreadcrumbList","@id":"https:\/\/maisonroca.ad\/es\/tienda\/colgante-corazon-xl-dodo-plata-oro-rosa-cordon\/#breadcrumb","itemListElement":[{"@type":"ListItem","position":1,"name":"Portada","item":"https:\/\/maisonroca.ad\/es\/"},{"@type":"ListItem","position":2,"name":"Botiga","item":"https:\/\/maisonroca.ad\/botiga\/"},{"@type":"ListItem","position":3,"name":"COLGANTE DoDo CORAZ\u00d3N XL EN PLATA Y ORO ROSA CON CORD\u00d3N DE SEDA"}]},{"@type":"WebSite","@id":"https:\/\/maisonroca.ad\/es\/#website","url":"https:\/\/maisonroca.ad\/es\/","name":"Maison Roca","description":"Bold Luxury Life - joieria d&#039;autor - Andorra","publisher":{"@id":"https:\/\/maisonroca.ad\/es\/#organization"},"potentialAction":[{"@type":"SearchAction","target":{"@type":"EntryPoint","urlTemplate":"https:\/\/maisonroca.ad\/es\/?s={search_term_string}"},"query-input":{"@type":"PropertyValueSpecification","valueRequired":true,"valueName":"search_term_string"}}],"inLanguage":"es"},{"@type":"Organization","@id":"https:\/\/maisonroca.ad\/es\/#organization","name":"Maison Roca","url":"https:\/\/maisonroca.ad\/es\/","logo":{"@type":"ImageObject","inLanguage":"es","@id":"https:\/\/maisonroca.ad\/es\/#\/schema\/logo\/image\/","url":"https:\/\/maisonroca.ad\/wp-content\/uploads\/2023\/10\/icono.png","contentUrl":"https:\/\/maisonroca.ad\/wp-content\/uploads\/2023\/10\/icono.png","width":512,"height":512,"caption":"Maison Roca"},"image":{"@id":"https:\/\/maisonroca.ad\/es\/#\/schema\/logo\/image\/"},"sameAs":["https:\/\/www.facebook.com\/maisonroca","https:\/\/www.instagram.com\/maisonroca\/"]}]},"product_price_amount":"414.00","product_price_currency":"EUR","og_availability":"instock","product_availability":"instock","product_retailer_item_id":"DMC5024-CUORL-0009A","product_condition":"new"},"_links":{"self":[{"href":"https:\/\/maisonroca.ad\/es\/wp-json\/wp\/v2\/product\/79390","targetHints":{"allow":["GET"]}}],"collection":[{"href":"https:\/\/maisonroca.ad\/es\/wp-json\/wp\/v2\/product"}],"about":[{"href":"https:\/\/maisonroca.ad\/es\/wp-json\/wp\/v2\/types\/product"}],"replies":[{"embeddable":true,"href":"https:\/\/maisonroca.ad\/es\/wp-json\/wp\/v2\/comments?post=79390"}],"version-history":[{"count":2,"href":"https:\/\/maisonroca.ad\/es\/wp-json\/wp\/v2\/product\/79390\/revisions"}],"predecessor-version":[{"id":79398,"href":"https:\/\/maisonroca.ad\/es\/wp-json\/wp\/v2\/product\/79390\/revisions\/79398"}],"wp:featuredmedia":[{"embeddable":true,"href":"https:\/\/maisonroca.ad\/es\/wp-json\/wp\/v2\/media\/79384"}],"wp:attachment":[{"href":"https:\/\/maisonroca.ad\/es\/wp-json\/wp\/v2\/media?parent=79390"}],"wp:term":[{"taxonomy":"product_brand","embeddable":true,"href":"https:\/\/maisonroca.ad\/es\/wp-json\/wp\/v2\/product_brand?post=79390"},{"taxonomy":"product_cat","embeddable":true,"href":"https:\/\/maisonroca.ad\/es\/wp-json\/wp\/v2\/product_cat?post=79390"},{"taxonomy":"product_tag","embeddable":true,"href":"https:\/\/maisonroca.ad\/es\/wp-json\/wp\/v2\/product_tag?post=79390"}],"curies":[{"name":"wp","href":"https:\/\/api.w.org\/{rel}","templated":true}]}}