{"id":79819,"date":"2025-09-18T12:57:59","date_gmt":"2025-09-18T10:57:59","guid":{"rendered":"https:\/\/maisonroca.ad\/?post_type=product&#038;p=79819"},"modified":"2026-02-23T09:00:07","modified_gmt":"2026-02-23T08:00:07","slug":"reloj-bell-ross-br01-skull-bronze-46mm","status":"publish","type":"product","link":"https:\/\/maisonroca.ad\/es\/tienda\/reloj-bell-ross-br01-skull-bronze-46mm\/","title":{"rendered":"RELOJ BELL &#038; ROSS BR01 SKULL BRONZE DE 46 MM"},"content":{"rendered":"<p class=\"x_MsoNormal\"><span lang=\"CA\" data-olk-copy-source=\"MessageBody\">Reloj Bell &amp; Ross BR 01 Skull Bronze (CuSn8), una pieza provocadora que rinde homenaje a los valientes paracaidistas de la Segunda Guerra Mundial. Con una caja de bronce (CuSn8) de 46 mm envejecida de forma natural, cada reloj se vuelve \u00fanico con el paso del tiempo, aportando car\u00e1cter y una personalidad singular a quien lo lleva.<\/span><\/p>\n<p class=\"x_MsoNormal\"><span lang=\"CA\">Su inconfundible esfera en forma de calavera, s\u00edmbolo de coraje y rebeld\u00eda, est\u00e1 enmarcada por una estructura \u201ctonfa\u201d con tornillos visibles, que evoca el dise\u00f1o de los paneles de instrumentos de aviaci\u00f3n. Los detalles en relieve, las agujas en forma de espada y la calavera recubierta de Super-LumiNova refuerzan su est\u00e9tica impactante y garantizan una \u00f3ptima legibilidad incluso en la oscuridad.<\/span><\/p>\n<p class=\"x_MsoNormal\"><span lang=\"CA\">Impulsado por un movimiento mec\u00e1nico autom\u00e1tico BR-CAL.302, el BR 01 Skull Bronze (CuSn8) combina artesan\u00eda, innovaci\u00f3n y esp\u00edritu combativo. La correa de cuero marr\u00f3n refuerza su estilo vintage y aventurero.<\/span><\/p>\n<p class=\"x_MsoNormal\"><span lang=\"CA\">Un reloj para quienes se atreven a destacar y asumen su singularidad con orgullo.<\/span><\/p>\n<p class=\"x_MsoNormal\"><span lang=\"CA\">\u00a0<\/span><\/p>\n<p class=\"x_MsoNormal\"><span lang=\"CA\">Detalles:<\/span><\/p>\n<p class=\"x_MsoNormal\"><span lang=\"CA\">\u2022 Caja de bronce (CuSn8)<\/span><\/p>\n<p class=\"x_MsoNormal\"><span lang=\"CA\">\u2022 Correa de cuero<\/span><\/p>\n<p class=\"x_MsoNormal\"><span lang=\"CA\">\u2022 Movimiento mec\u00e1nico autom\u00e1tico BR-CAL.302<\/span><\/p>\n<p class=\"x_MsoNormal\"><span lang=\"CA\">\u2022 Di\u00e1metro: 46 mm<\/span><\/p>\n<p class=\"x_MsoNormal\"><span lang=\"CA\">\u2022 Esfera negra con motivo de calavera<\/span><\/p>\n<p class=\"x_MsoNormal\"><span lang=\"CA\">\u2022 Cristal de zafiro<\/span><\/p>\n<p class=\"x_MsoNormal\"><span lang=\"CA\">\u2022 Hermeticidad: 100 m<\/span><\/p>\n<p class=\"x_MsoNormal\"><span lang=\"CA\">\u2022 Funciones: horas y minutos<\/span><\/p>\n","protected":false},"excerpt":{"rendered":"<p>El Bell &amp; Ross BR01 Skull Bronze de 46 mm es un reloj ic\u00f3nico de lujo con caja de bronce y dise\u00f1o atrevido en forma de calavera. Una pieza \u00fanica para coleccionistas, disponible en Maison Roca.<\/p>\n","protected":false},"featured_media":79817,"comment_status":"closed","ping_status":"closed","template":"","meta":{"_acf_changed":false,"_monsterinsights_skip_tracking":false,"_monsterinsights_sitenote_active":false,"_monsterinsights_sitenote_note":"","_monsterinsights_sitenote_category":0},"product_brand":[],"product_cat":[1222,1218],"product_tag":[2277,2882,2221,2353,2162,2637,2188,2925,4070,2530],"class_list":{"0":"post-79819","1":"product","2":"type-product","3":"status-publish","4":"has-post-thumbnail","6":"product_cat-bell-ross-es","7":"product_cat-relojes","8":"product_tag-46-mm-2-2","9":"product_tag-altres-es","10":"product_tag-automatic-2-2","11":"product_tag-bell-ross-2","12":"product_tag-classic-2","13":"product_tag-de-100-a-300-metres-es","14":"product_tag-negra-2","15":"product_tag-pell-es","16":"product_tag-rellotge","17":"product_tag-senor","19":"first","20":"instock","21":"shipping-taxable","22":"purchasable","23":"product-type-simple"},"acf":[],"yoast_head":"<!-- This site is optimized with the Yoast SEO Premium plugin v26.8 (Yoast SEO v27.4) - https:\/\/yoast.com\/product\/yoast-seo-premium-wordpress\/ -->\n<title>Reloj Bell &amp; Ross BR01 Skull Bronze 46mm | Maison Roca<\/title>\n<meta name=\"description\" content=\"Descubre el reloj Bell &amp; Ross BR01 Skull Bronze de 46 mm. Una pieza \u00fanica y exclusiva con dise\u00f1o ic\u00f3nico, disponible en Maison Roca.\" \/>\n<meta name=\"robots\" content=\"index, follow, max-snippet:-1, max-image-preview:large, max-video-preview:-1\" \/>\n<link rel=\"canonical\" href=\"https:\/\/maisonroca.ad\/es\/tienda\/reloj-bell-ross-br01-skull-bronze-46mm\/\" \/>\n<meta property=\"og:locale\" content=\"es_ES\" \/>\n<meta property=\"og:type\" content=\"article\" \/>\n<meta property=\"og:title\" content=\"RELOJ BELL &amp; ROSS BR01 SKULL BRONZE DE 46 MM\" \/>\n<meta property=\"og:description\" content=\"Descubre el reloj Bell &amp; Ross BR01 Skull Bronze de 46 mm. Una pieza \u00fanica y exclusiva con dise\u00f1o ic\u00f3nico, disponible en Maison Roca.\" \/>\n<meta property=\"og:url\" content=\"https:\/\/maisonroca.ad\/es\/tienda\/reloj-bell-ross-br01-skull-bronze-46mm\/\" \/>\n<meta property=\"og:site_name\" content=\"Maison Roca\" \/>\n<meta property=\"article:publisher\" content=\"https:\/\/www.facebook.com\/maisonroca\" \/>\n<meta property=\"article:modified_time\" content=\"2026-02-23T08:00:07+00:00\" \/>\n<meta property=\"og:image\" content=\"https:\/\/maisonroca.ad\/wp-content\/uploads\/2025\/09\/BR0192-SKULL-BR.jpg\" \/>\n\t<meta property=\"og:image:width\" content=\"1080\" \/>\n\t<meta property=\"og:image:height\" content=\"1080\" \/>\n\t<meta property=\"og:image:type\" content=\"image\/jpeg\" \/>\n<meta name=\"twitter:card\" content=\"summary_large_image\" \/>\n<meta name=\"twitter:label1\" content=\"Precio\" \/>\n\t<meta name=\"twitter:data1\" content=\"5.100,00&nbsp;&euro;\" \/>\n\t<meta name=\"twitter:label2\" content=\"Disponibilidad\" \/>\n\t<meta name=\"twitter:data2\" content=\"Disponible\" \/>\n<script type=\"application\/ld+json\" class=\"yoast-schema-graph\">{\"@context\":\"https:\\\/\\\/schema.org\",\"@graph\":[{\"@type\":\"WebPage\",\"@id\":\"https:\\\/\\\/maisonroca.ad\\\/es\\\/tienda\\\/reloj-bell-ross-br01-skull-bronze-46mm\\\/\",\"url\":\"https:\\\/\\\/maisonroca.ad\\\/es\\\/tienda\\\/reloj-bell-ross-br01-skull-bronze-46mm\\\/\",\"name\":\"Reloj Bell & Ross BR01 Skull Bronze 46mm | Maison Roca\",\"isPartOf\":{\"@id\":\"https:\\\/\\\/maisonroca.ad\\\/es\\\/#website\"},\"primaryImageOfPage\":{\"@id\":\"https:\\\/\\\/maisonroca.ad\\\/es\\\/tienda\\\/reloj-bell-ross-br01-skull-bronze-46mm\\\/#primaryimage\"},\"image\":{\"@id\":\"https:\\\/\\\/maisonroca.ad\\\/es\\\/tienda\\\/reloj-bell-ross-br01-skull-bronze-46mm\\\/#primaryimage\"},\"thumbnailUrl\":\"https:\\\/\\\/maisonroca.ad\\\/wp-content\\\/uploads\\\/2025\\\/09\\\/BR0192-SKULL-BR.jpg\",\"datePublished\":\"2025-09-18T10:57:59+00:00\",\"dateModified\":\"2026-02-23T08:00:07+00:00\",\"description\":\"Descubre el reloj Bell & Ross BR01 Skull Bronze de 46 mm. Una pieza \u00fanica y exclusiva con dise\u00f1o ic\u00f3nico, disponible en Maison Roca.\",\"breadcrumb\":{\"@id\":\"https:\\\/\\\/maisonroca.ad\\\/es\\\/tienda\\\/reloj-bell-ross-br01-skull-bronze-46mm\\\/#breadcrumb\"},\"inLanguage\":\"es\",\"potentialAction\":[{\"@type\":\"ReadAction\",\"target\":[\"https:\\\/\\\/maisonroca.ad\\\/es\\\/tienda\\\/reloj-bell-ross-br01-skull-bronze-46mm\\\/\"]}]},{\"@type\":\"ImageObject\",\"inLanguage\":\"es\",\"@id\":\"https:\\\/\\\/maisonroca.ad\\\/es\\\/tienda\\\/reloj-bell-ross-br01-skull-bronze-46mm\\\/#primaryimage\",\"url\":\"https:\\\/\\\/maisonroca.ad\\\/wp-content\\\/uploads\\\/2025\\\/09\\\/BR0192-SKULL-BR.jpg\",\"contentUrl\":\"https:\\\/\\\/maisonroca.ad\\\/wp-content\\\/uploads\\\/2025\\\/09\\\/BR0192-SKULL-BR.jpg\",\"width\":1080,\"height\":1080,\"caption\":\"maison-roca-andorra-bell-i-ross-rellotge-br01-92-skull-cuir\"},{\"@type\":\"BreadcrumbList\",\"@id\":\"https:\\\/\\\/maisonroca.ad\\\/es\\\/tienda\\\/reloj-bell-ross-br01-skull-bronze-46mm\\\/#breadcrumb\",\"itemListElement\":[{\"@type\":\"ListItem\",\"position\":1,\"name\":\"Portada\",\"item\":\"https:\\\/\\\/maisonroca.ad\\\/es\\\/\"},{\"@type\":\"ListItem\",\"position\":2,\"name\":\"Botiga\",\"item\":\"https:\\\/\\\/maisonroca.ad\\\/botiga\\\/\"},{\"@type\":\"ListItem\",\"position\":3,\"name\":\"RELOJ BELL &#038; ROSS BR01 SKULL BRONZE DE 46 MM\"}]},{\"@type\":\"WebSite\",\"@id\":\"https:\\\/\\\/maisonroca.ad\\\/es\\\/#website\",\"url\":\"https:\\\/\\\/maisonroca.ad\\\/es\\\/\",\"name\":\"Maison Roca\",\"description\":\"Bold Luxury Life - joieria d&#039;autor - Andorra\",\"publisher\":{\"@id\":\"https:\\\/\\\/maisonroca.ad\\\/es\\\/#organization\"},\"potentialAction\":[{\"@type\":\"SearchAction\",\"target\":{\"@type\":\"EntryPoint\",\"urlTemplate\":\"https:\\\/\\\/maisonroca.ad\\\/es\\\/?s={search_term_string}\"},\"query-input\":{\"@type\":\"PropertyValueSpecification\",\"valueRequired\":true,\"valueName\":\"search_term_string\"}}],\"inLanguage\":\"es\"},{\"@type\":\"Organization\",\"@id\":\"https:\\\/\\\/maisonroca.ad\\\/es\\\/#organization\",\"name\":\"Maison Roca\",\"url\":\"https:\\\/\\\/maisonroca.ad\\\/es\\\/\",\"logo\":{\"@type\":\"ImageObject\",\"inLanguage\":\"es\",\"@id\":\"https:\\\/\\\/maisonroca.ad\\\/es\\\/#\\\/schema\\\/logo\\\/image\\\/\",\"url\":\"https:\\\/\\\/maisonroca.ad\\\/wp-content\\\/uploads\\\/2023\\\/10\\\/icono.png\",\"contentUrl\":\"https:\\\/\\\/maisonroca.ad\\\/wp-content\\\/uploads\\\/2023\\\/10\\\/icono.png\",\"width\":512,\"height\":512,\"caption\":\"Maison Roca\"},\"image\":{\"@id\":\"https:\\\/\\\/maisonroca.ad\\\/es\\\/#\\\/schema\\\/logo\\\/image\\\/\"},\"sameAs\":[\"https:\\\/\\\/www.facebook.com\\\/maisonroca\",\"https:\\\/\\\/www.instagram.com\\\/maisonroca\\\/\"]}]}<\/script>\n<meta property=\"product:price:amount\" content=\"5100.00\" \/>\n<meta property=\"product:price:currency\" content=\"EUR\" \/>\n<meta property=\"og:availability\" content=\"instock\" \/>\n<meta property=\"product:availability\" content=\"instock\" \/>\n<meta property=\"product:retailer_item_id\" content=\"BR0192-SKULL-BR\" \/>\n<meta property=\"product:condition\" content=\"new\" \/>\n<!-- \/ Yoast SEO Premium plugin. -->","yoast_head_json":{"title":"Reloj Bell & Ross BR01 Skull Bronze 46mm | Maison Roca","description":"Descubre el reloj Bell & Ross BR01 Skull Bronze de 46 mm. Una pieza \u00fanica y exclusiva con dise\u00f1o ic\u00f3nico, disponible en Maison Roca.","robots":{"index":"index","follow":"follow","max-snippet":"max-snippet:-1","max-image-preview":"max-image-preview:large","max-video-preview":"max-video-preview:-1"},"canonical":"https:\/\/maisonroca.ad\/es\/tienda\/reloj-bell-ross-br01-skull-bronze-46mm\/","og_locale":"es_ES","og_type":"article","og_title":"RELOJ BELL & ROSS BR01 SKULL BRONZE DE 46 MM","og_description":"Descubre el reloj Bell & Ross BR01 Skull Bronze de 46 mm. Una pieza \u00fanica y exclusiva con dise\u00f1o ic\u00f3nico, disponible en Maison Roca.","og_url":"https:\/\/maisonroca.ad\/es\/tienda\/reloj-bell-ross-br01-skull-bronze-46mm\/","og_site_name":"Maison Roca","article_publisher":"https:\/\/www.facebook.com\/maisonroca","article_modified_time":"2026-02-23T08:00:07+00:00","og_image":[{"width":1080,"height":1080,"url":"https:\/\/maisonroca.ad\/wp-content\/uploads\/2025\/09\/BR0192-SKULL-BR.jpg","type":"image\/jpeg"}],"twitter_card":"summary_large_image","twitter_misc":{"Precio":"5.100,00&nbsp;&euro;","Disponibilidad":"Disponible"},"schema":{"@context":"https:\/\/schema.org","@graph":[{"@type":"WebPage","@id":"https:\/\/maisonroca.ad\/es\/tienda\/reloj-bell-ross-br01-skull-bronze-46mm\/","url":"https:\/\/maisonroca.ad\/es\/tienda\/reloj-bell-ross-br01-skull-bronze-46mm\/","name":"Reloj Bell & Ross BR01 Skull Bronze 46mm | Maison Roca","isPartOf":{"@id":"https:\/\/maisonroca.ad\/es\/#website"},"primaryImageOfPage":{"@id":"https:\/\/maisonroca.ad\/es\/tienda\/reloj-bell-ross-br01-skull-bronze-46mm\/#primaryimage"},"image":{"@id":"https:\/\/maisonroca.ad\/es\/tienda\/reloj-bell-ross-br01-skull-bronze-46mm\/#primaryimage"},"thumbnailUrl":"https:\/\/maisonroca.ad\/wp-content\/uploads\/2025\/09\/BR0192-SKULL-BR.jpg","datePublished":"2025-09-18T10:57:59+00:00","dateModified":"2026-02-23T08:00:07+00:00","description":"Descubre el reloj Bell & Ross BR01 Skull Bronze de 46 mm. Una pieza \u00fanica y exclusiva con dise\u00f1o ic\u00f3nico, disponible en Maison Roca.","breadcrumb":{"@id":"https:\/\/maisonroca.ad\/es\/tienda\/reloj-bell-ross-br01-skull-bronze-46mm\/#breadcrumb"},"inLanguage":"es","potentialAction":[{"@type":"ReadAction","target":["https:\/\/maisonroca.ad\/es\/tienda\/reloj-bell-ross-br01-skull-bronze-46mm\/"]}]},{"@type":"ImageObject","inLanguage":"es","@id":"https:\/\/maisonroca.ad\/es\/tienda\/reloj-bell-ross-br01-skull-bronze-46mm\/#primaryimage","url":"https:\/\/maisonroca.ad\/wp-content\/uploads\/2025\/09\/BR0192-SKULL-BR.jpg","contentUrl":"https:\/\/maisonroca.ad\/wp-content\/uploads\/2025\/09\/BR0192-SKULL-BR.jpg","width":1080,"height":1080,"caption":"maison-roca-andorra-bell-i-ross-rellotge-br01-92-skull-cuir"},{"@type":"BreadcrumbList","@id":"https:\/\/maisonroca.ad\/es\/tienda\/reloj-bell-ross-br01-skull-bronze-46mm\/#breadcrumb","itemListElement":[{"@type":"ListItem","position":1,"name":"Portada","item":"https:\/\/maisonroca.ad\/es\/"},{"@type":"ListItem","position":2,"name":"Botiga","item":"https:\/\/maisonroca.ad\/botiga\/"},{"@type":"ListItem","position":3,"name":"RELOJ BELL &#038; ROSS BR01 SKULL BRONZE DE 46 MM"}]},{"@type":"WebSite","@id":"https:\/\/maisonroca.ad\/es\/#website","url":"https:\/\/maisonroca.ad\/es\/","name":"Maison Roca","description":"Bold Luxury Life - joieria d&#039;autor - Andorra","publisher":{"@id":"https:\/\/maisonroca.ad\/es\/#organization"},"potentialAction":[{"@type":"SearchAction","target":{"@type":"EntryPoint","urlTemplate":"https:\/\/maisonroca.ad\/es\/?s={search_term_string}"},"query-input":{"@type":"PropertyValueSpecification","valueRequired":true,"valueName":"search_term_string"}}],"inLanguage":"es"},{"@type":"Organization","@id":"https:\/\/maisonroca.ad\/es\/#organization","name":"Maison Roca","url":"https:\/\/maisonroca.ad\/es\/","logo":{"@type":"ImageObject","inLanguage":"es","@id":"https:\/\/maisonroca.ad\/es\/#\/schema\/logo\/image\/","url":"https:\/\/maisonroca.ad\/wp-content\/uploads\/2023\/10\/icono.png","contentUrl":"https:\/\/maisonroca.ad\/wp-content\/uploads\/2023\/10\/icono.png","width":512,"height":512,"caption":"Maison Roca"},"image":{"@id":"https:\/\/maisonroca.ad\/es\/#\/schema\/logo\/image\/"},"sameAs":["https:\/\/www.facebook.com\/maisonroca","https:\/\/www.instagram.com\/maisonroca\/"]}]},"product_price_amount":"5100.00","product_price_currency":"EUR","og_availability":"instock","product_availability":"instock","product_retailer_item_id":"BR0192-SKULL-BR","product_condition":"new"},"_links":{"self":[{"href":"https:\/\/maisonroca.ad\/es\/wp-json\/wp\/v2\/product\/79819","targetHints":{"allow":["GET"]}}],"collection":[{"href":"https:\/\/maisonroca.ad\/es\/wp-json\/wp\/v2\/product"}],"about":[{"href":"https:\/\/maisonroca.ad\/es\/wp-json\/wp\/v2\/types\/product"}],"replies":[{"embeddable":true,"href":"https:\/\/maisonroca.ad\/es\/wp-json\/wp\/v2\/comments?post=79819"}],"version-history":[{"count":2,"href":"https:\/\/maisonroca.ad\/es\/wp-json\/wp\/v2\/product\/79819\/revisions"}],"predecessor-version":[{"id":84218,"href":"https:\/\/maisonroca.ad\/es\/wp-json\/wp\/v2\/product\/79819\/revisions\/84218"}],"wp:featuredmedia":[{"embeddable":true,"href":"https:\/\/maisonroca.ad\/es\/wp-json\/wp\/v2\/media\/79817"}],"wp:attachment":[{"href":"https:\/\/maisonroca.ad\/es\/wp-json\/wp\/v2\/media?parent=79819"}],"wp:term":[{"taxonomy":"product_brand","embeddable":true,"href":"https:\/\/maisonroca.ad\/es\/wp-json\/wp\/v2\/product_brand?post=79819"},{"taxonomy":"product_cat","embeddable":true,"href":"https:\/\/maisonroca.ad\/es\/wp-json\/wp\/v2\/product_cat?post=79819"},{"taxonomy":"product_tag","embeddable":true,"href":"https:\/\/maisonroca.ad\/es\/wp-json\/wp\/v2\/product_tag?post=79819"}],"curies":[{"name":"wp","href":"https:\/\/api.w.org\/{rel}","templated":true}]}}