{"id":79950,"date":"2025-09-25T11:37:30","date_gmt":"2025-09-25T09:37:30","guid":{"rendered":"https:\/\/maisonroca.ad\/?post_type=product&#038;p=79950"},"modified":"2025-10-22T12:31:22","modified_gmt":"2025-10-22T10:31:22","slug":"br01-laughing-skull-full-diamond-46mm-maison-roca","status":"publish","type":"product","link":"https:\/\/maisonroca.ad\/es\/tienda\/br01-laughing-skull-full-diamond-46mm-maison-roca\/","title":{"rendered":"RELOJ BELL &#038; ROSS BR01 LAUGHING SKULL FULL DIAMOND DE 45 MM EDICI\u00d3N LIMITADA DE ACERO Y COCO"},"content":{"rendered":"<p>El reloj Bell &amp; Ross BR 01 Laughing Skull Full Diamond es una pieza excepcional que combina alta joyer\u00eda e ingenier\u00eda relojera en un dise\u00f1o radical y provocador. Su ic\u00f3nica caja cuadrada de 46 mm completamente engastada con diamantes, aportando un brillo cautivador y una personalidad fuerte.<br \/>\nLa esfera negra alberga una calavera tridimensional, s\u00edmbolo de coraje y rebeld\u00eda, que cobra vida al dar cuerda al movimiento mec\u00e1nico manual BR-CAL.206, la mand\u00edbula se abre en un gesto teatral, dando nombre al modelo. Este sorprendente mecanismo, junto al engaste de diamantes, convierte este reloj en una aut\u00e9ntica obra de arte funcional.<br \/>\nLas agujas esqueletizadas en forma de espada se integran perfectamente en el conjunto, garantizando una excelente legibilidad. El cristal de zafiro y la correa de piel marr\u00f3n aportan resistencia, comodidad y un contraste elegante.<br \/>\nUna creaci\u00f3n pensada para coleccionistas atrevidos y apasionados por la alta relojer\u00eda que buscan destacar con autenticidad y sofisticaci\u00f3n.<\/p>\n<p>Detalles:<\/p>\n<p>\u2022 Caja de acero de 46 mm con pav\u00e9e de diamantes<br \/>\n\u2022 Esfera negra con calavera 3D<br \/>\n\u2022 Movimiento mec\u00e1nico manual BR-CAL.206<br \/>\n\u2022 Cristal de zafiro<br \/>\n\u2022 Funciones: horas y minutos<br \/>\n\u2022 Hermeticidad: 100 m<br \/>\n\u2022 Correa de piel marr\u00f3n<\/p>\n","protected":false},"excerpt":{"rendered":"<p>Bell &amp; Ross BR01 Laughing Skull Full Diamond 46 mm, un reloj exclusivo engastado con diamantes que combina dise\u00f1o vanguardista y edici\u00f3n limitada. Disponible en Maison Roca.<\/p>\n","protected":false},"featured_media":79947,"comment_status":"closed","ping_status":"closed","template":"","meta":{"_acf_changed":false,"_monsterinsights_skip_tracking":false,"_monsterinsights_sitenote_active":false,"_monsterinsights_sitenote_note":"","_monsterinsights_sitenote_category":0},"product_brand":[],"product_cat":[1222,1218],"product_tag":[2277,1595,2882,2353,2637,1674,2925,4070,2530],"class_list":{"0":"post-79950","1":"product","2":"type-product","3":"status-publish","4":"has-post-thumbnail","6":"product_cat-bell-ross-es","7":"product_cat-relojes","8":"product_tag-46-mm-2-2","9":"product_tag-acero","10":"product_tag-altres-es","11":"product_tag-bell-ross-2","12":"product_tag-de-100-a-300-metres-es","13":"product_tag-marron","14":"product_tag-pell-es","15":"product_tag-rellotge","16":"product_tag-senor","18":"first","19":"instock","20":"shipping-taxable","21":"product-type-simple"},"acf":[],"yoast_head":"<!-- This site is optimized with the Yoast SEO Premium plugin v26.8 (Yoast SEO v27.4) - https:\/\/yoast.com\/product\/yoast-seo-premium-wordpress\/ -->\n<title>Reloj Bell &amp; Ross BR01 Laughing Skull Full Diamond 46 mm | Maison Roca<\/title>\n<meta name=\"description\" content=\"Descubre el Bell &amp; Ross BR01 Laughing Skull Full Diamond 46 mm, un reloj exclusivo engastado con diamantes. Edici\u00f3n limitada disponible en Maison Roca.\" \/>\n<meta name=\"robots\" content=\"index, follow, max-snippet:-1, max-image-preview:large, max-video-preview:-1\" \/>\n<link rel=\"canonical\" href=\"https:\/\/maisonroca.ad\/es\/tienda\/br01-laughing-skull-full-diamond-46mm-maison-roca\/\" \/>\n<meta property=\"og:locale\" content=\"es_ES\" \/>\n<meta property=\"og:type\" content=\"article\" \/>\n<meta property=\"og:title\" content=\"RELOJ BELL &amp; ROSS BR01 LAUGHING SKULL FULL DIAMOND DE 45 MM EDICI\u00d3N LIMITADA DE ACERO Y COCO\" \/>\n<meta property=\"og:description\" content=\"Descubre el Bell &amp; Ross BR01 Laughing Skull Full Diamond 46 mm, un reloj exclusivo engastado con diamantes. Edici\u00f3n limitada disponible en Maison Roca.\" \/>\n<meta property=\"og:url\" content=\"https:\/\/maisonroca.ad\/es\/tienda\/br01-laughing-skull-full-diamond-46mm-maison-roca\/\" \/>\n<meta property=\"og:site_name\" content=\"Maison Roca\" \/>\n<meta property=\"article:publisher\" content=\"https:\/\/www.facebook.com\/maisonroca\" \/>\n<meta property=\"article:modified_time\" content=\"2025-10-22T10:31:22+00:00\" \/>\n<meta property=\"og:image\" content=\"https:\/\/maisonroca.ad\/wp-content\/uploads\/2025\/09\/BR01-SKULL-SK-FLD.jpg\" \/>\n\t<meta property=\"og:image:width\" content=\"1080\" \/>\n\t<meta property=\"og:image:height\" content=\"1080\" \/>\n\t<meta property=\"og:image:type\" content=\"image\/jpeg\" \/>\n<meta name=\"twitter:card\" content=\"summary_large_image\" \/>\n<meta name=\"twitter:label1\" content=\"Precio\" \/>\n\t<meta name=\"twitter:data1\" content=\"\" \/>\n\t<meta name=\"twitter:label2\" content=\"Disponibilidad\" \/>\n\t<meta name=\"twitter:data2\" content=\"Disponible\" \/>\n<script type=\"application\/ld+json\" class=\"yoast-schema-graph\">{\"@context\":\"https:\\\/\\\/schema.org\",\"@graph\":[{\"@type\":\"WebPage\",\"@id\":\"https:\\\/\\\/maisonroca.ad\\\/es\\\/tienda\\\/br01-laughing-skull-full-diamond-46mm-maison-roca\\\/\",\"url\":\"https:\\\/\\\/maisonroca.ad\\\/es\\\/tienda\\\/br01-laughing-skull-full-diamond-46mm-maison-roca\\\/\",\"name\":\"Reloj Bell & Ross BR01 Laughing Skull Full Diamond 46 mm | Maison Roca\",\"isPartOf\":{\"@id\":\"https:\\\/\\\/maisonroca.ad\\\/es\\\/#website\"},\"primaryImageOfPage\":{\"@id\":\"https:\\\/\\\/maisonroca.ad\\\/es\\\/tienda\\\/br01-laughing-skull-full-diamond-46mm-maison-roca\\\/#primaryimage\"},\"image\":{\"@id\":\"https:\\\/\\\/maisonroca.ad\\\/es\\\/tienda\\\/br01-laughing-skull-full-diamond-46mm-maison-roca\\\/#primaryimage\"},\"thumbnailUrl\":\"https:\\\/\\\/maisonroca.ad\\\/wp-content\\\/uploads\\\/2025\\\/09\\\/BR01-SKULL-SK-FLD.jpg\",\"datePublished\":\"2025-09-25T09:37:30+00:00\",\"dateModified\":\"2025-10-22T10:31:22+00:00\",\"description\":\"Descubre el Bell & Ross BR01 Laughing Skull Full Diamond 46 mm, un reloj exclusivo engastado con diamantes. Edici\u00f3n limitada disponible en Maison Roca.\",\"breadcrumb\":{\"@id\":\"https:\\\/\\\/maisonroca.ad\\\/es\\\/tienda\\\/br01-laughing-skull-full-diamond-46mm-maison-roca\\\/#breadcrumb\"},\"inLanguage\":\"es\",\"potentialAction\":[{\"@type\":\"ReadAction\",\"target\":[\"https:\\\/\\\/maisonroca.ad\\\/es\\\/tienda\\\/br01-laughing-skull-full-diamond-46mm-maison-roca\\\/\"]}]},{\"@type\":\"ImageObject\",\"inLanguage\":\"es\",\"@id\":\"https:\\\/\\\/maisonroca.ad\\\/es\\\/tienda\\\/br01-laughing-skull-full-diamond-46mm-maison-roca\\\/#primaryimage\",\"url\":\"https:\\\/\\\/maisonroca.ad\\\/wp-content\\\/uploads\\\/2025\\\/09\\\/BR01-SKULL-SK-FLD.jpg\",\"contentUrl\":\"https:\\\/\\\/maisonroca.ad\\\/wp-content\\\/uploads\\\/2025\\\/09\\\/BR01-SKULL-SK-FLD.jpg\",\"width\":1080,\"height\":1080,\"caption\":\"Rellotge Bell & Ross BR01 Laughing Skull Full Diamond 46 mm\"},{\"@type\":\"BreadcrumbList\",\"@id\":\"https:\\\/\\\/maisonroca.ad\\\/es\\\/tienda\\\/br01-laughing-skull-full-diamond-46mm-maison-roca\\\/#breadcrumb\",\"itemListElement\":[{\"@type\":\"ListItem\",\"position\":1,\"name\":\"Portada\",\"item\":\"https:\\\/\\\/maisonroca.ad\\\/es\\\/\"},{\"@type\":\"ListItem\",\"position\":2,\"name\":\"Botiga\",\"item\":\"https:\\\/\\\/maisonroca.ad\\\/botiga\\\/\"},{\"@type\":\"ListItem\",\"position\":3,\"name\":\"RELOJ BELL &#038; ROSS BR01 LAUGHING SKULL FULL DIAMOND DE 45 MM EDICI\u00d3N LIMITADA DE ACERO Y COCO\"}]},{\"@type\":\"WebSite\",\"@id\":\"https:\\\/\\\/maisonroca.ad\\\/es\\\/#website\",\"url\":\"https:\\\/\\\/maisonroca.ad\\\/es\\\/\",\"name\":\"Maison Roca\",\"description\":\"Bold Luxury Life - joieria d&#039;autor - Andorra\",\"publisher\":{\"@id\":\"https:\\\/\\\/maisonroca.ad\\\/es\\\/#organization\"},\"potentialAction\":[{\"@type\":\"SearchAction\",\"target\":{\"@type\":\"EntryPoint\",\"urlTemplate\":\"https:\\\/\\\/maisonroca.ad\\\/es\\\/?s={search_term_string}\"},\"query-input\":{\"@type\":\"PropertyValueSpecification\",\"valueRequired\":true,\"valueName\":\"search_term_string\"}}],\"inLanguage\":\"es\"},{\"@type\":\"Organization\",\"@id\":\"https:\\\/\\\/maisonroca.ad\\\/es\\\/#organization\",\"name\":\"Maison Roca\",\"url\":\"https:\\\/\\\/maisonroca.ad\\\/es\\\/\",\"logo\":{\"@type\":\"ImageObject\",\"inLanguage\":\"es\",\"@id\":\"https:\\\/\\\/maisonroca.ad\\\/es\\\/#\\\/schema\\\/logo\\\/image\\\/\",\"url\":\"https:\\\/\\\/maisonroca.ad\\\/wp-content\\\/uploads\\\/2023\\\/10\\\/icono.png\",\"contentUrl\":\"https:\\\/\\\/maisonroca.ad\\\/wp-content\\\/uploads\\\/2023\\\/10\\\/icono.png\",\"width\":512,\"height\":512,\"caption\":\"Maison Roca\"},\"image\":{\"@id\":\"https:\\\/\\\/maisonroca.ad\\\/es\\\/#\\\/schema\\\/logo\\\/image\\\/\"},\"sameAs\":[\"https:\\\/\\\/www.facebook.com\\\/maisonroca\",\"https:\\\/\\\/www.instagram.com\\\/maisonroca\\\/\"]}]}<\/script>\n<meta property=\"product:price:currency\" content=\"EUR\" \/>\n<meta property=\"og:availability\" content=\"instock\" \/>\n<meta property=\"product:availability\" content=\"instock\" \/>\n<meta property=\"product:retailer_item_id\" content=\"BR01-SKULL-SK-FLD\" \/>\n<meta property=\"product:condition\" content=\"new\" \/>\n<!-- \/ Yoast SEO Premium plugin. -->","yoast_head_json":{"title":"Reloj Bell & Ross BR01 Laughing Skull Full Diamond 46 mm | Maison Roca","description":"Descubre el Bell & Ross BR01 Laughing Skull Full Diamond 46 mm, un reloj exclusivo engastado con diamantes. Edici\u00f3n limitada disponible en Maison Roca.","robots":{"index":"index","follow":"follow","max-snippet":"max-snippet:-1","max-image-preview":"max-image-preview:large","max-video-preview":"max-video-preview:-1"},"canonical":"https:\/\/maisonroca.ad\/es\/tienda\/br01-laughing-skull-full-diamond-46mm-maison-roca\/","og_locale":"es_ES","og_type":"article","og_title":"RELOJ BELL & ROSS BR01 LAUGHING SKULL FULL DIAMOND DE 45 MM EDICI\u00d3N LIMITADA DE ACERO Y COCO","og_description":"Descubre el Bell & Ross BR01 Laughing Skull Full Diamond 46 mm, un reloj exclusivo engastado con diamantes. Edici\u00f3n limitada disponible en Maison Roca.","og_url":"https:\/\/maisonroca.ad\/es\/tienda\/br01-laughing-skull-full-diamond-46mm-maison-roca\/","og_site_name":"Maison Roca","article_publisher":"https:\/\/www.facebook.com\/maisonroca","article_modified_time":"2025-10-22T10:31:22+00:00","og_image":[{"width":1080,"height":1080,"url":"https:\/\/maisonroca.ad\/wp-content\/uploads\/2025\/09\/BR01-SKULL-SK-FLD.jpg","type":"image\/jpeg"}],"twitter_card":"summary_large_image","twitter_misc":{"Precio":"","Disponibilidad":"Disponible"},"schema":{"@context":"https:\/\/schema.org","@graph":[{"@type":"WebPage","@id":"https:\/\/maisonroca.ad\/es\/tienda\/br01-laughing-skull-full-diamond-46mm-maison-roca\/","url":"https:\/\/maisonroca.ad\/es\/tienda\/br01-laughing-skull-full-diamond-46mm-maison-roca\/","name":"Reloj Bell & Ross BR01 Laughing Skull Full Diamond 46 mm | Maison Roca","isPartOf":{"@id":"https:\/\/maisonroca.ad\/es\/#website"},"primaryImageOfPage":{"@id":"https:\/\/maisonroca.ad\/es\/tienda\/br01-laughing-skull-full-diamond-46mm-maison-roca\/#primaryimage"},"image":{"@id":"https:\/\/maisonroca.ad\/es\/tienda\/br01-laughing-skull-full-diamond-46mm-maison-roca\/#primaryimage"},"thumbnailUrl":"https:\/\/maisonroca.ad\/wp-content\/uploads\/2025\/09\/BR01-SKULL-SK-FLD.jpg","datePublished":"2025-09-25T09:37:30+00:00","dateModified":"2025-10-22T10:31:22+00:00","description":"Descubre el Bell & Ross BR01 Laughing Skull Full Diamond 46 mm, un reloj exclusivo engastado con diamantes. Edici\u00f3n limitada disponible en Maison Roca.","breadcrumb":{"@id":"https:\/\/maisonroca.ad\/es\/tienda\/br01-laughing-skull-full-diamond-46mm-maison-roca\/#breadcrumb"},"inLanguage":"es","potentialAction":[{"@type":"ReadAction","target":["https:\/\/maisonroca.ad\/es\/tienda\/br01-laughing-skull-full-diamond-46mm-maison-roca\/"]}]},{"@type":"ImageObject","inLanguage":"es","@id":"https:\/\/maisonroca.ad\/es\/tienda\/br01-laughing-skull-full-diamond-46mm-maison-roca\/#primaryimage","url":"https:\/\/maisonroca.ad\/wp-content\/uploads\/2025\/09\/BR01-SKULL-SK-FLD.jpg","contentUrl":"https:\/\/maisonroca.ad\/wp-content\/uploads\/2025\/09\/BR01-SKULL-SK-FLD.jpg","width":1080,"height":1080,"caption":"Rellotge Bell & Ross BR01 Laughing Skull Full Diamond 46 mm"},{"@type":"BreadcrumbList","@id":"https:\/\/maisonroca.ad\/es\/tienda\/br01-laughing-skull-full-diamond-46mm-maison-roca\/#breadcrumb","itemListElement":[{"@type":"ListItem","position":1,"name":"Portada","item":"https:\/\/maisonroca.ad\/es\/"},{"@type":"ListItem","position":2,"name":"Botiga","item":"https:\/\/maisonroca.ad\/botiga\/"},{"@type":"ListItem","position":3,"name":"RELOJ BELL &#038; ROSS BR01 LAUGHING SKULL FULL DIAMOND DE 45 MM EDICI\u00d3N LIMITADA DE ACERO Y COCO"}]},{"@type":"WebSite","@id":"https:\/\/maisonroca.ad\/es\/#website","url":"https:\/\/maisonroca.ad\/es\/","name":"Maison Roca","description":"Bold Luxury Life - joieria d&#039;autor - Andorra","publisher":{"@id":"https:\/\/maisonroca.ad\/es\/#organization"},"potentialAction":[{"@type":"SearchAction","target":{"@type":"EntryPoint","urlTemplate":"https:\/\/maisonroca.ad\/es\/?s={search_term_string}"},"query-input":{"@type":"PropertyValueSpecification","valueRequired":true,"valueName":"search_term_string"}}],"inLanguage":"es"},{"@type":"Organization","@id":"https:\/\/maisonroca.ad\/es\/#organization","name":"Maison Roca","url":"https:\/\/maisonroca.ad\/es\/","logo":{"@type":"ImageObject","inLanguage":"es","@id":"https:\/\/maisonroca.ad\/es\/#\/schema\/logo\/image\/","url":"https:\/\/maisonroca.ad\/wp-content\/uploads\/2023\/10\/icono.png","contentUrl":"https:\/\/maisonroca.ad\/wp-content\/uploads\/2023\/10\/icono.png","width":512,"height":512,"caption":"Maison Roca"},"image":{"@id":"https:\/\/maisonroca.ad\/es\/#\/schema\/logo\/image\/"},"sameAs":["https:\/\/www.facebook.com\/maisonroca","https:\/\/www.instagram.com\/maisonroca\/"]}]},"product_price_currency":"EUR","og_availability":"instock","product_availability":"instock","product_retailer_item_id":"BR01-SKULL-SK-FLD","product_condition":"new"},"_links":{"self":[{"href":"https:\/\/maisonroca.ad\/es\/wp-json\/wp\/v2\/product\/79950","targetHints":{"allow":["GET"]}}],"collection":[{"href":"https:\/\/maisonroca.ad\/es\/wp-json\/wp\/v2\/product"}],"about":[{"href":"https:\/\/maisonroca.ad\/es\/wp-json\/wp\/v2\/types\/product"}],"replies":[{"embeddable":true,"href":"https:\/\/maisonroca.ad\/es\/wp-json\/wp\/v2\/comments?post=79950"}],"version-history":[{"count":1,"href":"https:\/\/maisonroca.ad\/es\/wp-json\/wp\/v2\/product\/79950\/revisions"}],"predecessor-version":[{"id":79951,"href":"https:\/\/maisonroca.ad\/es\/wp-json\/wp\/v2\/product\/79950\/revisions\/79951"}],"wp:featuredmedia":[{"embeddable":true,"href":"https:\/\/maisonroca.ad\/es\/wp-json\/wp\/v2\/media\/79947"}],"wp:attachment":[{"href":"https:\/\/maisonroca.ad\/es\/wp-json\/wp\/v2\/media?parent=79950"}],"wp:term":[{"taxonomy":"product_brand","embeddable":true,"href":"https:\/\/maisonroca.ad\/es\/wp-json\/wp\/v2\/product_brand?post=79950"},{"taxonomy":"product_cat","embeddable":true,"href":"https:\/\/maisonroca.ad\/es\/wp-json\/wp\/v2\/product_cat?post=79950"},{"taxonomy":"product_tag","embeddable":true,"href":"https:\/\/maisonroca.ad\/es\/wp-json\/wp\/v2\/product_tag?post=79950"}],"curies":[{"name":"wp","href":"https:\/\/api.w.org\/{rel}","templated":true}]}}