{"id":80702,"date":"2025-11-05T17:05:21","date_gmt":"2025-11-05T16:05:21","guid":{"rendered":"https:\/\/maisonroca.ad\/?post_type=product&#038;p=80702"},"modified":"2025-11-05T17:11:03","modified_gmt":"2025-11-05T16:11:03","slug":"bell-ross-br-05-chrono-edicion-limitada","status":"publish","type":"product","link":"https:\/\/maisonroca.ad\/es\/tienda\/bell-ross-br-05-chrono-edicion-limitada\/","title":{"rendered":"RELOJ BELL &#038; ROSS BR05 CHRONO DE 42 MM EDICI\u00d3N LIMITADA DE ACERO Y ORO"},"content":{"rendered":"<p>Reloj Bell &amp; Ross BR 05 Chrono Edici\u00f3n Limitada de 42 mm, con una refinada caja de acero y oro rosa pulido-satinado y brazalete integrado de acero y oro rosa, ofrece una visi\u00f3n exclusiva y sofisticada del cron\u00f3grafo urbano.<br \/>\nLa esfera presenta un acabado exclusivo inspirado en el universo automovil\u00edstico, con detalles de color que aportan profundidad y reflejos cambiantes seg\u00fan la luz. Los dos contadores del cron\u00f3grafo aseguran una lectura clara y precisa de las funciones, mientras que las agujas e \u00edndices recubiertos de Super LumiNova garantizan una excelente visibilidad en cualquier condici\u00f3n de luz. El cristal de zafiro con tratamiento antirreflectante protege la esfera manteniendo la m\u00e1xima claridad.<\/p>\n<p>Este modelo, de producci\u00f3n limitada, incorpora el movimiento autom\u00e1tico BR-CAL.301, que impulsa las funciones de horas, minutos, peque\u00f1o segundero, fecha y cron\u00f3grafo con precisi\u00f3n y fiabilidad. Con una hermeticidad de 100 metros, el BR 05 Chrono Edici\u00f3n Limitada combina t\u00e9cnica, exclusividad y dise\u00f1o contempor\u00e1neo.<\/p>\n<p>Detalles:<\/p>\n<p>\u2022 Caja de acero y oro rosa de 18 k pulido-satinado de 42 mm<br \/>\n\u2022 Esfera exclusiva de edici\u00f3n limitada<br \/>\n\u2022 Contadores de cron\u00f3grafo<br \/>\n\u2022 \u00cdndices y agujas con Super LumiNova<br \/>\n\u2022 Cristal de zafiro con tratamiento antirreflectante<br \/>\n\u2022 Movimiento autom\u00e1tico BR-CAL.301<br \/>\n\u2022 Funciones: horas, minutos, peque\u00f1o segundero, fecha y cron\u00f3grafo<br \/>\n\u2022 Brazalete de acero y oro rosa pulido-satinado<br \/>\n\u2022 Hermeticidad: 100 m<\/p>\n","protected":false},"excerpt":{"rendered":"<p data-start=\"677\" data-end=\"1048\">El Bell &amp; Ross BR 05 Chrono Edici\u00f3n Limitada combina acero y oro rosa en una caja de 42 mm con brazalete integrado. Su esfera, inspirada en el universo automovil\u00edstico, alberga el movimiento autom\u00e1tico BR-CAL.301 que impulsa horas, minutos, segundos, fecha y cron\u00f3grafo con precisi\u00f3n. Estanco hasta 100 m, fusiona t\u00e9cnica, exclusividad y un estilo urbano contempor\u00e1neo.<\/p>\n","protected":false},"featured_media":80695,"comment_status":"closed","ping_status":"closed","template":"","meta":{"_acf_changed":false,"_monsterinsights_skip_tracking":false,"_monsterinsights_sitenote_active":false,"_monsterinsights_sitenote_note":"","_monsterinsights_sitenote_category":0},"product_brand":[],"product_cat":[1222,1218],"product_tag":[2329,1595,2221,2353,2883,2637,2885,1572,4070,2530],"class_list":{"0":"post-80702","1":"product","2":"type-product","3":"status-publish","4":"has-post-thumbnail","6":"product_cat-bell-ross-es","7":"product_cat-relojes","8":"product_tag-42-mm-2-2","9":"product_tag-acero","10":"product_tag-automatic-2-2","11":"product_tag-bell-ross-2","12":"product_tag-cronograf-es","13":"product_tag-de-100-a-300-metres-es","14":"product_tag-esportiu-es","15":"product_tag-oro-rosa","16":"product_tag-rellotge","17":"product_tag-senor","19":"first","20":"instock","21":"shipping-taxable","22":"product-type-simple"},"acf":[],"yoast_head":"<!-- This site is optimized with the Yoast SEO Premium plugin v26.8 (Yoast SEO v27.4) - https:\/\/yoast.com\/product\/yoast-seo-premium-wordpress\/ -->\n<title>Bell &amp; Ross BR 05 Chrono Edici\u00f3n Limitada | Maison Roca<\/title>\n<meta name=\"description\" content=\"Reloj Bell &amp; Ross BR 05 Chrono Edici\u00f3n Limitada con caja de acero y oro rosa. Lujo, precisi\u00f3n y dise\u00f1o exclusivo en Maison Roca Andorra.\" \/>\n<meta name=\"robots\" content=\"index, follow, max-snippet:-1, max-image-preview:large, max-video-preview:-1\" \/>\n<link rel=\"canonical\" href=\"https:\/\/maisonroca.ad\/es\/tienda\/bell-ross-br-05-chrono-edicion-limitada\/\" \/>\n<meta property=\"og:locale\" content=\"es_ES\" \/>\n<meta property=\"og:type\" content=\"article\" \/>\n<meta property=\"og:title\" content=\"RELOJ BELL &amp; ROSS BR05 CHRONO DE 42 MM EDICI\u00d3N LIMITADA DE ACERO Y ORO\" \/>\n<meta property=\"og:description\" content=\"Reloj Bell &amp; Ross BR 05 Chrono Edici\u00f3n Limitada con caja de acero y oro rosa. Lujo, precisi\u00f3n y dise\u00f1o exclusivo en Maison Roca Andorra.\" \/>\n<meta property=\"og:url\" content=\"https:\/\/maisonroca.ad\/es\/tienda\/bell-ross-br-05-chrono-edicion-limitada\/\" \/>\n<meta property=\"og:site_name\" content=\"Maison Roca\" \/>\n<meta property=\"article:publisher\" content=\"https:\/\/www.facebook.com\/maisonroca\" \/>\n<meta property=\"article:modified_time\" content=\"2025-11-05T16:11:03+00:00\" \/>\n<meta property=\"og:image\" content=\"https:\/\/maisonroca.ad\/wp-content\/uploads\/2025\/11\/BR05C-LDA-SSG.jpg\" \/>\n\t<meta property=\"og:image:width\" content=\"1080\" \/>\n\t<meta property=\"og:image:height\" content=\"1080\" \/>\n\t<meta property=\"og:image:type\" content=\"image\/jpeg\" \/>\n<meta name=\"twitter:card\" content=\"summary_large_image\" \/>\n<meta name=\"twitter:label1\" content=\"Precio\" \/>\n\t<meta name=\"twitter:data1\" content=\"\" \/>\n\t<meta name=\"twitter:label2\" content=\"Disponibilidad\" \/>\n\t<meta name=\"twitter:data2\" content=\"Disponible\" \/>\n<script type=\"application\/ld+json\" class=\"yoast-schema-graph\">{\"@context\":\"https:\\\/\\\/schema.org\",\"@graph\":[{\"@type\":\"WebPage\",\"@id\":\"https:\\\/\\\/maisonroca.ad\\\/es\\\/tienda\\\/bell-ross-br-05-chrono-edicion-limitada\\\/\",\"url\":\"https:\\\/\\\/maisonroca.ad\\\/es\\\/tienda\\\/bell-ross-br-05-chrono-edicion-limitada\\\/\",\"name\":\"Bell & Ross BR 05 Chrono Edici\u00f3n Limitada | Maison Roca\",\"isPartOf\":{\"@id\":\"https:\\\/\\\/maisonroca.ad\\\/es\\\/#website\"},\"primaryImageOfPage\":{\"@id\":\"https:\\\/\\\/maisonroca.ad\\\/es\\\/tienda\\\/bell-ross-br-05-chrono-edicion-limitada\\\/#primaryimage\"},\"image\":{\"@id\":\"https:\\\/\\\/maisonroca.ad\\\/es\\\/tienda\\\/bell-ross-br-05-chrono-edicion-limitada\\\/#primaryimage\"},\"thumbnailUrl\":\"https:\\\/\\\/maisonroca.ad\\\/wp-content\\\/uploads\\\/2025\\\/11\\\/BR05C-LDA-SSG.jpg\",\"datePublished\":\"2025-11-05T16:05:21+00:00\",\"dateModified\":\"2025-11-05T16:11:03+00:00\",\"description\":\"Reloj Bell & Ross BR 05 Chrono Edici\u00f3n Limitada con caja de acero y oro rosa. Lujo, precisi\u00f3n y dise\u00f1o exclusivo en Maison Roca Andorra.\",\"breadcrumb\":{\"@id\":\"https:\\\/\\\/maisonroca.ad\\\/es\\\/tienda\\\/bell-ross-br-05-chrono-edicion-limitada\\\/#breadcrumb\"},\"inLanguage\":\"es\",\"potentialAction\":[{\"@type\":\"ReadAction\",\"target\":[\"https:\\\/\\\/maisonroca.ad\\\/es\\\/tienda\\\/bell-ross-br-05-chrono-edicion-limitada\\\/\"]}]},{\"@type\":\"ImageObject\",\"inLanguage\":\"es\",\"@id\":\"https:\\\/\\\/maisonroca.ad\\\/es\\\/tienda\\\/bell-ross-br-05-chrono-edicion-limitada\\\/#primaryimage\",\"url\":\"https:\\\/\\\/maisonroca.ad\\\/wp-content\\\/uploads\\\/2025\\\/11\\\/BR05C-LDA-SSG.jpg\",\"contentUrl\":\"https:\\\/\\\/maisonroca.ad\\\/wp-content\\\/uploads\\\/2025\\\/11\\\/BR05C-LDA-SSG.jpg\",\"width\":1080,\"height\":1080,\"caption\":\"maison-roca-andorra-bell-i-ross-rellotge-br05-chronograph-edition-limited-acer-or\"},{\"@type\":\"BreadcrumbList\",\"@id\":\"https:\\\/\\\/maisonroca.ad\\\/es\\\/tienda\\\/bell-ross-br-05-chrono-edicion-limitada\\\/#breadcrumb\",\"itemListElement\":[{\"@type\":\"ListItem\",\"position\":1,\"name\":\"Portada\",\"item\":\"https:\\\/\\\/maisonroca.ad\\\/es\\\/\"},{\"@type\":\"ListItem\",\"position\":2,\"name\":\"Botiga\",\"item\":\"https:\\\/\\\/maisonroca.ad\\\/botiga\\\/\"},{\"@type\":\"ListItem\",\"position\":3,\"name\":\"RELOJ BELL &#038; ROSS BR05 CHRONO DE 42 MM EDICI\u00d3N LIMITADA DE ACERO Y ORO\"}]},{\"@type\":\"WebSite\",\"@id\":\"https:\\\/\\\/maisonroca.ad\\\/es\\\/#website\",\"url\":\"https:\\\/\\\/maisonroca.ad\\\/es\\\/\",\"name\":\"Maison Roca\",\"description\":\"Bold Luxury Life - joieria d&#039;autor - Andorra\",\"publisher\":{\"@id\":\"https:\\\/\\\/maisonroca.ad\\\/es\\\/#organization\"},\"potentialAction\":[{\"@type\":\"SearchAction\",\"target\":{\"@type\":\"EntryPoint\",\"urlTemplate\":\"https:\\\/\\\/maisonroca.ad\\\/es\\\/?s={search_term_string}\"},\"query-input\":{\"@type\":\"PropertyValueSpecification\",\"valueRequired\":true,\"valueName\":\"search_term_string\"}}],\"inLanguage\":\"es\"},{\"@type\":\"Organization\",\"@id\":\"https:\\\/\\\/maisonroca.ad\\\/es\\\/#organization\",\"name\":\"Maison Roca\",\"url\":\"https:\\\/\\\/maisonroca.ad\\\/es\\\/\",\"logo\":{\"@type\":\"ImageObject\",\"inLanguage\":\"es\",\"@id\":\"https:\\\/\\\/maisonroca.ad\\\/es\\\/#\\\/schema\\\/logo\\\/image\\\/\",\"url\":\"https:\\\/\\\/maisonroca.ad\\\/wp-content\\\/uploads\\\/2023\\\/10\\\/icono.png\",\"contentUrl\":\"https:\\\/\\\/maisonroca.ad\\\/wp-content\\\/uploads\\\/2023\\\/10\\\/icono.png\",\"width\":512,\"height\":512,\"caption\":\"Maison Roca\"},\"image\":{\"@id\":\"https:\\\/\\\/maisonroca.ad\\\/es\\\/#\\\/schema\\\/logo\\\/image\\\/\"},\"sameAs\":[\"https:\\\/\\\/www.facebook.com\\\/maisonroca\",\"https:\\\/\\\/www.instagram.com\\\/maisonroca\\\/\"]}]}<\/script>\n<meta property=\"product:price:currency\" content=\"EUR\" \/>\n<meta property=\"og:availability\" content=\"instock\" \/>\n<meta property=\"product:availability\" content=\"instock\" \/>\n<meta property=\"product:retailer_item_id\" content=\"BR05C-LDA\/SSG\" \/>\n<meta property=\"product:condition\" content=\"new\" \/>\n<!-- \/ Yoast SEO Premium plugin. -->","yoast_head_json":{"title":"Bell & Ross BR 05 Chrono Edici\u00f3n Limitada | Maison Roca","description":"Reloj Bell & Ross BR 05 Chrono Edici\u00f3n Limitada con caja de acero y oro rosa. Lujo, precisi\u00f3n y dise\u00f1o exclusivo en Maison Roca Andorra.","robots":{"index":"index","follow":"follow","max-snippet":"max-snippet:-1","max-image-preview":"max-image-preview:large","max-video-preview":"max-video-preview:-1"},"canonical":"https:\/\/maisonroca.ad\/es\/tienda\/bell-ross-br-05-chrono-edicion-limitada\/","og_locale":"es_ES","og_type":"article","og_title":"RELOJ BELL & ROSS BR05 CHRONO DE 42 MM EDICI\u00d3N LIMITADA DE ACERO Y ORO","og_description":"Reloj Bell & Ross BR 05 Chrono Edici\u00f3n Limitada con caja de acero y oro rosa. Lujo, precisi\u00f3n y dise\u00f1o exclusivo en Maison Roca Andorra.","og_url":"https:\/\/maisonroca.ad\/es\/tienda\/bell-ross-br-05-chrono-edicion-limitada\/","og_site_name":"Maison Roca","article_publisher":"https:\/\/www.facebook.com\/maisonroca","article_modified_time":"2025-11-05T16:11:03+00:00","og_image":[{"width":1080,"height":1080,"url":"https:\/\/maisonroca.ad\/wp-content\/uploads\/2025\/11\/BR05C-LDA-SSG.jpg","type":"image\/jpeg"}],"twitter_card":"summary_large_image","twitter_misc":{"Precio":"","Disponibilidad":"Disponible"},"schema":{"@context":"https:\/\/schema.org","@graph":[{"@type":"WebPage","@id":"https:\/\/maisonroca.ad\/es\/tienda\/bell-ross-br-05-chrono-edicion-limitada\/","url":"https:\/\/maisonroca.ad\/es\/tienda\/bell-ross-br-05-chrono-edicion-limitada\/","name":"Bell & Ross BR 05 Chrono Edici\u00f3n Limitada | Maison Roca","isPartOf":{"@id":"https:\/\/maisonroca.ad\/es\/#website"},"primaryImageOfPage":{"@id":"https:\/\/maisonroca.ad\/es\/tienda\/bell-ross-br-05-chrono-edicion-limitada\/#primaryimage"},"image":{"@id":"https:\/\/maisonroca.ad\/es\/tienda\/bell-ross-br-05-chrono-edicion-limitada\/#primaryimage"},"thumbnailUrl":"https:\/\/maisonroca.ad\/wp-content\/uploads\/2025\/11\/BR05C-LDA-SSG.jpg","datePublished":"2025-11-05T16:05:21+00:00","dateModified":"2025-11-05T16:11:03+00:00","description":"Reloj Bell & Ross BR 05 Chrono Edici\u00f3n Limitada con caja de acero y oro rosa. Lujo, precisi\u00f3n y dise\u00f1o exclusivo en Maison Roca Andorra.","breadcrumb":{"@id":"https:\/\/maisonroca.ad\/es\/tienda\/bell-ross-br-05-chrono-edicion-limitada\/#breadcrumb"},"inLanguage":"es","potentialAction":[{"@type":"ReadAction","target":["https:\/\/maisonroca.ad\/es\/tienda\/bell-ross-br-05-chrono-edicion-limitada\/"]}]},{"@type":"ImageObject","inLanguage":"es","@id":"https:\/\/maisonroca.ad\/es\/tienda\/bell-ross-br-05-chrono-edicion-limitada\/#primaryimage","url":"https:\/\/maisonroca.ad\/wp-content\/uploads\/2025\/11\/BR05C-LDA-SSG.jpg","contentUrl":"https:\/\/maisonroca.ad\/wp-content\/uploads\/2025\/11\/BR05C-LDA-SSG.jpg","width":1080,"height":1080,"caption":"maison-roca-andorra-bell-i-ross-rellotge-br05-chronograph-edition-limited-acer-or"},{"@type":"BreadcrumbList","@id":"https:\/\/maisonroca.ad\/es\/tienda\/bell-ross-br-05-chrono-edicion-limitada\/#breadcrumb","itemListElement":[{"@type":"ListItem","position":1,"name":"Portada","item":"https:\/\/maisonroca.ad\/es\/"},{"@type":"ListItem","position":2,"name":"Botiga","item":"https:\/\/maisonroca.ad\/botiga\/"},{"@type":"ListItem","position":3,"name":"RELOJ BELL &#038; ROSS BR05 CHRONO DE 42 MM EDICI\u00d3N LIMITADA DE ACERO Y ORO"}]},{"@type":"WebSite","@id":"https:\/\/maisonroca.ad\/es\/#website","url":"https:\/\/maisonroca.ad\/es\/","name":"Maison Roca","description":"Bold Luxury Life - joieria d&#039;autor - Andorra","publisher":{"@id":"https:\/\/maisonroca.ad\/es\/#organization"},"potentialAction":[{"@type":"SearchAction","target":{"@type":"EntryPoint","urlTemplate":"https:\/\/maisonroca.ad\/es\/?s={search_term_string}"},"query-input":{"@type":"PropertyValueSpecification","valueRequired":true,"valueName":"search_term_string"}}],"inLanguage":"es"},{"@type":"Organization","@id":"https:\/\/maisonroca.ad\/es\/#organization","name":"Maison Roca","url":"https:\/\/maisonroca.ad\/es\/","logo":{"@type":"ImageObject","inLanguage":"es","@id":"https:\/\/maisonroca.ad\/es\/#\/schema\/logo\/image\/","url":"https:\/\/maisonroca.ad\/wp-content\/uploads\/2023\/10\/icono.png","contentUrl":"https:\/\/maisonroca.ad\/wp-content\/uploads\/2023\/10\/icono.png","width":512,"height":512,"caption":"Maison Roca"},"image":{"@id":"https:\/\/maisonroca.ad\/es\/#\/schema\/logo\/image\/"},"sameAs":["https:\/\/www.facebook.com\/maisonroca","https:\/\/www.instagram.com\/maisonroca\/"]}]},"product_price_currency":"EUR","og_availability":"instock","product_availability":"instock","product_retailer_item_id":"BR05C-LDA\/SSG","product_condition":"new"},"_links":{"self":[{"href":"https:\/\/maisonroca.ad\/es\/wp-json\/wp\/v2\/product\/80702","targetHints":{"allow":["GET"]}}],"collection":[{"href":"https:\/\/maisonroca.ad\/es\/wp-json\/wp\/v2\/product"}],"about":[{"href":"https:\/\/maisonroca.ad\/es\/wp-json\/wp\/v2\/types\/product"}],"replies":[{"embeddable":true,"href":"https:\/\/maisonroca.ad\/es\/wp-json\/wp\/v2\/comments?post=80702"}],"version-history":[{"count":1,"href":"https:\/\/maisonroca.ad\/es\/wp-json\/wp\/v2\/product\/80702\/revisions"}],"predecessor-version":[{"id":80703,"href":"https:\/\/maisonroca.ad\/es\/wp-json\/wp\/v2\/product\/80702\/revisions\/80703"}],"wp:featuredmedia":[{"embeddable":true,"href":"https:\/\/maisonroca.ad\/es\/wp-json\/wp\/v2\/media\/80695"}],"wp:attachment":[{"href":"https:\/\/maisonroca.ad\/es\/wp-json\/wp\/v2\/media?parent=80702"}],"wp:term":[{"taxonomy":"product_brand","embeddable":true,"href":"https:\/\/maisonroca.ad\/es\/wp-json\/wp\/v2\/product_brand?post=80702"},{"taxonomy":"product_cat","embeddable":true,"href":"https:\/\/maisonroca.ad\/es\/wp-json\/wp\/v2\/product_cat?post=80702"},{"taxonomy":"product_tag","embeddable":true,"href":"https:\/\/maisonroca.ad\/es\/wp-json\/wp\/v2\/product_tag?post=80702"}],"curies":[{"name":"wp","href":"https:\/\/api.w.org\/{rel}","templated":true}]}}