{"id":80714,"date":"2025-11-05T17:37:12","date_gmt":"2025-11-05T16:37:12","guid":{"rendered":"https:\/\/maisonroca.ad\/?post_type=product&#038;p=80714"},"modified":"2025-11-05T17:42:51","modified_gmt":"2025-11-05T16:42:51","slug":"bell-ross-br-v1-92-bellytanker","status":"publish","type":"product","link":"https:\/\/maisonroca.ad\/es\/tienda\/bell-ross-br-v1-92-bellytanker\/","title":{"rendered":"RELOJ BELL &#038; ROSS BRV192 BELLYTANKER DE 38,5 MM DE ACERO Y CUERO"},"content":{"rendered":"<p>Reloj Bell &amp; Ross BR V1-92 Bellytanker, con caja de acero pulido-satinado de 38,5 mm y correa de piel marr\u00f3n, combina inspiraci\u00f3n automovil\u00edstica cl\u00e1sica y dise\u00f1o contempor\u00e1neo en un formato compacto y elegante. Inspirado en los veh\u00edculos de velocidad bellytanker de los a\u00f1os 50, refleja el esp\u00edritu de la aventura y la competici\u00f3n.<br \/>\nLa esfera color champ\u00e1n con acabado met\u00e1lico aporta profundidad y brillo, mientras que los \u00edndices aplicados y las agujas recubiertas de Super LumiNova garantizan una excelente legibilidad en cualquier situaci\u00f3n. El cristal de zafiro ultrabomb\u00e9 con tratamiento antirreflectante asegura m\u00e1xima claridad y protecci\u00f3n de la esfera.<br \/>\nEste modelo monta el movimiento autom\u00e1tico suizo BR-CAL.302, que impulsa con precisi\u00f3n las funciones de horas, minutos, segundos y fecha. Con una hermeticidad de 100 metros, el BR V1-92 Bellytanker es la combinaci\u00f3n perfecta de sofisticaci\u00f3n, rendimiento y estilo vintage deportivo.<\/p>\n<p>Detalles:<\/p>\n<p>\u2022 Caja de acero pulido-satinado de 38,5 mm<br \/>\n\u2022 Esfera champ\u00e1n met\u00e1lica<br \/>\n\u2022 \u00cdndices y agujas con Super LumiNova<br \/>\n\u2022 Cristal de zafiro ultrabomb\u00e9 antirreflectante<br \/>\n\u2022 Movimiento autom\u00e1tico BR-CAL.302<br \/>\n\u2022 Funciones: horas, minutos, segundos y fecha<br \/>\n\u2022 Correa de piel marr\u00f3n<br \/>\n\u2022 Hermeticidad: 100 m<\/p>\n","protected":false},"excerpt":{"rendered":"<p>El Bell &amp; Ross BR V1-92 Bellytanker combina una caja de acero pulido-satinado de 38,5 mm con una correa de piel marr\u00f3n y una esfera color champ\u00e1n de acabado met\u00e1lico. Equipado con el movimiento autom\u00e1tico suizo BR-CAL.302 y una hermeticidad de 100 m, une sofisticaci\u00f3n, rendimiento y un inconfundible estilo vintage inspirado en los veh\u00edculos de competici\u00f3n de los a\u00f1os 50.<\/p>\n","protected":false},"featured_media":80712,"comment_status":"closed","ping_status":"closed","template":"","meta":{"_acf_changed":false,"_monsterinsights_skip_tracking":false,"_monsterinsights_sitenote_active":false,"_monsterinsights_sitenote_note":"","_monsterinsights_sitenote_category":0},"product_brand":[],"product_cat":[1222,1218],"product_tag":[1595,2882,2221,2353,2162,2637,2925,4070,2530],"class_list":{"0":"post-80714","1":"product","2":"type-product","3":"status-publish","4":"has-post-thumbnail","6":"product_cat-bell-ross-es","7":"product_cat-relojes","8":"product_tag-acero","9":"product_tag-altres-es","10":"product_tag-automatic-2-2","11":"product_tag-bell-ross-2","12":"product_tag-classic-2","13":"product_tag-de-100-a-300-metres-es","14":"product_tag-pell-es","15":"product_tag-rellotge","16":"product_tag-senor","18":"first","19":"instock","20":"shipping-taxable","21":"purchasable","22":"product-type-simple"},"acf":[],"yoast_head":"<!-- This site is optimized with the Yoast SEO Premium plugin v26.8 (Yoast SEO v27.4) - https:\/\/yoast.com\/product\/yoast-seo-premium-wordpress\/ -->\n<title>Bell &amp; Ross BR V1-92 Bellytanker | Maison Roca<\/title>\n<meta name=\"description\" content=\"Reloj Bell &amp; Ross BR V1-92 Bellytanker de acero con correa de piel marr\u00f3n. Inspiraci\u00f3n vintage y precisi\u00f3n suiza en Maison Roca Andorra.\" \/>\n<meta name=\"robots\" content=\"index, follow, max-snippet:-1, max-image-preview:large, max-video-preview:-1\" \/>\n<link rel=\"canonical\" href=\"https:\/\/maisonroca.ad\/es\/tienda\/bell-ross-br-v1-92-bellytanker\/\" \/>\n<meta property=\"og:locale\" content=\"es_ES\" \/>\n<meta property=\"og:type\" content=\"article\" \/>\n<meta property=\"og:title\" content=\"RELOJ BELL &amp; ROSS BRV192 BELLYTANKER DE 38,5 MM DE ACERO Y CUERO\" \/>\n<meta property=\"og:description\" content=\"Reloj Bell &amp; Ross BR V1-92 Bellytanker de acero con correa de piel marr\u00f3n. Inspiraci\u00f3n vintage y precisi\u00f3n suiza en Maison Roca Andorra.\" \/>\n<meta property=\"og:url\" content=\"https:\/\/maisonroca.ad\/es\/tienda\/bell-ross-br-v1-92-bellytanker\/\" \/>\n<meta property=\"og:site_name\" content=\"Maison Roca\" \/>\n<meta property=\"article:publisher\" content=\"https:\/\/www.facebook.com\/maisonroca\" \/>\n<meta property=\"article:modified_time\" content=\"2025-11-05T16:42:51+00:00\" \/>\n<meta property=\"og:image\" content=\"https:\/\/maisonroca.ad\/wp-content\/uploads\/2025\/11\/BRV192-BT-ST-SCA.jpg\" \/>\n\t<meta property=\"og:image:width\" content=\"1080\" \/>\n\t<meta property=\"og:image:height\" content=\"1080\" \/>\n\t<meta property=\"og:image:type\" content=\"image\/jpeg\" \/>\n<meta name=\"twitter:card\" content=\"summary_large_image\" \/>\n<meta name=\"twitter:label1\" content=\"Precio\" \/>\n\t<meta name=\"twitter:data1\" content=\"1.955,00&nbsp;&euro;\" \/>\n\t<meta name=\"twitter:label2\" content=\"Disponibilidad\" \/>\n\t<meta name=\"twitter:data2\" content=\"Disponible\" \/>\n<script type=\"application\/ld+json\" class=\"yoast-schema-graph\">{\"@context\":\"https:\\\/\\\/schema.org\",\"@graph\":[{\"@type\":\"WebPage\",\"@id\":\"https:\\\/\\\/maisonroca.ad\\\/es\\\/tienda\\\/bell-ross-br-v1-92-bellytanker\\\/\",\"url\":\"https:\\\/\\\/maisonroca.ad\\\/es\\\/tienda\\\/bell-ross-br-v1-92-bellytanker\\\/\",\"name\":\"Bell & Ross BR V1-92 Bellytanker | Maison Roca\",\"isPartOf\":{\"@id\":\"https:\\\/\\\/maisonroca.ad\\\/es\\\/#website\"},\"primaryImageOfPage\":{\"@id\":\"https:\\\/\\\/maisonroca.ad\\\/es\\\/tienda\\\/bell-ross-br-v1-92-bellytanker\\\/#primaryimage\"},\"image\":{\"@id\":\"https:\\\/\\\/maisonroca.ad\\\/es\\\/tienda\\\/bell-ross-br-v1-92-bellytanker\\\/#primaryimage\"},\"thumbnailUrl\":\"https:\\\/\\\/maisonroca.ad\\\/wp-content\\\/uploads\\\/2025\\\/11\\\/BRV192-BT-ST-SCA.jpg\",\"datePublished\":\"2025-11-05T16:37:12+00:00\",\"dateModified\":\"2025-11-05T16:42:51+00:00\",\"description\":\"Reloj Bell & Ross BR V1-92 Bellytanker de acero con correa de piel marr\u00f3n. Inspiraci\u00f3n vintage y precisi\u00f3n suiza en Maison Roca Andorra.\",\"breadcrumb\":{\"@id\":\"https:\\\/\\\/maisonroca.ad\\\/es\\\/tienda\\\/bell-ross-br-v1-92-bellytanker\\\/#breadcrumb\"},\"inLanguage\":\"es\",\"potentialAction\":[{\"@type\":\"ReadAction\",\"target\":[\"https:\\\/\\\/maisonroca.ad\\\/es\\\/tienda\\\/bell-ross-br-v1-92-bellytanker\\\/\"]}]},{\"@type\":\"ImageObject\",\"inLanguage\":\"es\",\"@id\":\"https:\\\/\\\/maisonroca.ad\\\/es\\\/tienda\\\/bell-ross-br-v1-92-bellytanker\\\/#primaryimage\",\"url\":\"https:\\\/\\\/maisonroca.ad\\\/wp-content\\\/uploads\\\/2025\\\/11\\\/BRV192-BT-ST-SCA.jpg\",\"contentUrl\":\"https:\\\/\\\/maisonroca.ad\\\/wp-content\\\/uploads\\\/2025\\\/11\\\/BRV192-BT-ST-SCA.jpg\",\"width\":1080,\"height\":1080,\"caption\":\"maison-roca-andorra-bell-i-ross-rellotge-brv192-bellytanker-acer-cuir\"},{\"@type\":\"BreadcrumbList\",\"@id\":\"https:\\\/\\\/maisonroca.ad\\\/es\\\/tienda\\\/bell-ross-br-v1-92-bellytanker\\\/#breadcrumb\",\"itemListElement\":[{\"@type\":\"ListItem\",\"position\":1,\"name\":\"Portada\",\"item\":\"https:\\\/\\\/maisonroca.ad\\\/es\\\/\"},{\"@type\":\"ListItem\",\"position\":2,\"name\":\"Botiga\",\"item\":\"https:\\\/\\\/maisonroca.ad\\\/botiga\\\/\"},{\"@type\":\"ListItem\",\"position\":3,\"name\":\"RELOJ BELL &#038; ROSS BRV192 BELLYTANKER DE 38,5 MM DE ACERO Y CUERO\"}]},{\"@type\":\"WebSite\",\"@id\":\"https:\\\/\\\/maisonroca.ad\\\/es\\\/#website\",\"url\":\"https:\\\/\\\/maisonroca.ad\\\/es\\\/\",\"name\":\"Maison Roca\",\"description\":\"Bold Luxury Life - joieria d&#039;autor - Andorra\",\"publisher\":{\"@id\":\"https:\\\/\\\/maisonroca.ad\\\/es\\\/#organization\"},\"potentialAction\":[{\"@type\":\"SearchAction\",\"target\":{\"@type\":\"EntryPoint\",\"urlTemplate\":\"https:\\\/\\\/maisonroca.ad\\\/es\\\/?s={search_term_string}\"},\"query-input\":{\"@type\":\"PropertyValueSpecification\",\"valueRequired\":true,\"valueName\":\"search_term_string\"}}],\"inLanguage\":\"es\"},{\"@type\":\"Organization\",\"@id\":\"https:\\\/\\\/maisonroca.ad\\\/es\\\/#organization\",\"name\":\"Maison Roca\",\"url\":\"https:\\\/\\\/maisonroca.ad\\\/es\\\/\",\"logo\":{\"@type\":\"ImageObject\",\"inLanguage\":\"es\",\"@id\":\"https:\\\/\\\/maisonroca.ad\\\/es\\\/#\\\/schema\\\/logo\\\/image\\\/\",\"url\":\"https:\\\/\\\/maisonroca.ad\\\/wp-content\\\/uploads\\\/2023\\\/10\\\/icono.png\",\"contentUrl\":\"https:\\\/\\\/maisonroca.ad\\\/wp-content\\\/uploads\\\/2023\\\/10\\\/icono.png\",\"width\":512,\"height\":512,\"caption\":\"Maison Roca\"},\"image\":{\"@id\":\"https:\\\/\\\/maisonroca.ad\\\/es\\\/#\\\/schema\\\/logo\\\/image\\\/\"},\"sameAs\":[\"https:\\\/\\\/www.facebook.com\\\/maisonroca\",\"https:\\\/\\\/www.instagram.com\\\/maisonroca\\\/\"]}]}<\/script>\n<meta property=\"product:price:amount\" content=\"1955.00\" \/>\n<meta property=\"product:price:currency\" content=\"EUR\" \/>\n<meta property=\"og:availability\" content=\"instock\" \/>\n<meta property=\"product:availability\" content=\"instock\" \/>\n<meta property=\"product:retailer_item_id\" content=\"BRV192-BT-ST\/SCA\" \/>\n<meta property=\"product:condition\" content=\"new\" \/>\n<!-- \/ Yoast SEO Premium plugin. -->","yoast_head_json":{"title":"Bell & Ross BR V1-92 Bellytanker | Maison Roca","description":"Reloj Bell & Ross BR V1-92 Bellytanker de acero con correa de piel marr\u00f3n. Inspiraci\u00f3n vintage y precisi\u00f3n suiza en Maison Roca Andorra.","robots":{"index":"index","follow":"follow","max-snippet":"max-snippet:-1","max-image-preview":"max-image-preview:large","max-video-preview":"max-video-preview:-1"},"canonical":"https:\/\/maisonroca.ad\/es\/tienda\/bell-ross-br-v1-92-bellytanker\/","og_locale":"es_ES","og_type":"article","og_title":"RELOJ BELL & ROSS BRV192 BELLYTANKER DE 38,5 MM DE ACERO Y CUERO","og_description":"Reloj Bell & Ross BR V1-92 Bellytanker de acero con correa de piel marr\u00f3n. Inspiraci\u00f3n vintage y precisi\u00f3n suiza en Maison Roca Andorra.","og_url":"https:\/\/maisonroca.ad\/es\/tienda\/bell-ross-br-v1-92-bellytanker\/","og_site_name":"Maison Roca","article_publisher":"https:\/\/www.facebook.com\/maisonroca","article_modified_time":"2025-11-05T16:42:51+00:00","og_image":[{"width":1080,"height":1080,"url":"https:\/\/maisonroca.ad\/wp-content\/uploads\/2025\/11\/BRV192-BT-ST-SCA.jpg","type":"image\/jpeg"}],"twitter_card":"summary_large_image","twitter_misc":{"Precio":"1.955,00&nbsp;&euro;","Disponibilidad":"Disponible"},"schema":{"@context":"https:\/\/schema.org","@graph":[{"@type":"WebPage","@id":"https:\/\/maisonroca.ad\/es\/tienda\/bell-ross-br-v1-92-bellytanker\/","url":"https:\/\/maisonroca.ad\/es\/tienda\/bell-ross-br-v1-92-bellytanker\/","name":"Bell & Ross BR V1-92 Bellytanker | Maison Roca","isPartOf":{"@id":"https:\/\/maisonroca.ad\/es\/#website"},"primaryImageOfPage":{"@id":"https:\/\/maisonroca.ad\/es\/tienda\/bell-ross-br-v1-92-bellytanker\/#primaryimage"},"image":{"@id":"https:\/\/maisonroca.ad\/es\/tienda\/bell-ross-br-v1-92-bellytanker\/#primaryimage"},"thumbnailUrl":"https:\/\/maisonroca.ad\/wp-content\/uploads\/2025\/11\/BRV192-BT-ST-SCA.jpg","datePublished":"2025-11-05T16:37:12+00:00","dateModified":"2025-11-05T16:42:51+00:00","description":"Reloj Bell & Ross BR V1-92 Bellytanker de acero con correa de piel marr\u00f3n. Inspiraci\u00f3n vintage y precisi\u00f3n suiza en Maison Roca Andorra.","breadcrumb":{"@id":"https:\/\/maisonroca.ad\/es\/tienda\/bell-ross-br-v1-92-bellytanker\/#breadcrumb"},"inLanguage":"es","potentialAction":[{"@type":"ReadAction","target":["https:\/\/maisonroca.ad\/es\/tienda\/bell-ross-br-v1-92-bellytanker\/"]}]},{"@type":"ImageObject","inLanguage":"es","@id":"https:\/\/maisonroca.ad\/es\/tienda\/bell-ross-br-v1-92-bellytanker\/#primaryimage","url":"https:\/\/maisonroca.ad\/wp-content\/uploads\/2025\/11\/BRV192-BT-ST-SCA.jpg","contentUrl":"https:\/\/maisonroca.ad\/wp-content\/uploads\/2025\/11\/BRV192-BT-ST-SCA.jpg","width":1080,"height":1080,"caption":"maison-roca-andorra-bell-i-ross-rellotge-brv192-bellytanker-acer-cuir"},{"@type":"BreadcrumbList","@id":"https:\/\/maisonroca.ad\/es\/tienda\/bell-ross-br-v1-92-bellytanker\/#breadcrumb","itemListElement":[{"@type":"ListItem","position":1,"name":"Portada","item":"https:\/\/maisonroca.ad\/es\/"},{"@type":"ListItem","position":2,"name":"Botiga","item":"https:\/\/maisonroca.ad\/botiga\/"},{"@type":"ListItem","position":3,"name":"RELOJ BELL &#038; ROSS BRV192 BELLYTANKER DE 38,5 MM DE ACERO Y CUERO"}]},{"@type":"WebSite","@id":"https:\/\/maisonroca.ad\/es\/#website","url":"https:\/\/maisonroca.ad\/es\/","name":"Maison Roca","description":"Bold Luxury Life - joieria d&#039;autor - Andorra","publisher":{"@id":"https:\/\/maisonroca.ad\/es\/#organization"},"potentialAction":[{"@type":"SearchAction","target":{"@type":"EntryPoint","urlTemplate":"https:\/\/maisonroca.ad\/es\/?s={search_term_string}"},"query-input":{"@type":"PropertyValueSpecification","valueRequired":true,"valueName":"search_term_string"}}],"inLanguage":"es"},{"@type":"Organization","@id":"https:\/\/maisonroca.ad\/es\/#organization","name":"Maison Roca","url":"https:\/\/maisonroca.ad\/es\/","logo":{"@type":"ImageObject","inLanguage":"es","@id":"https:\/\/maisonroca.ad\/es\/#\/schema\/logo\/image\/","url":"https:\/\/maisonroca.ad\/wp-content\/uploads\/2023\/10\/icono.png","contentUrl":"https:\/\/maisonroca.ad\/wp-content\/uploads\/2023\/10\/icono.png","width":512,"height":512,"caption":"Maison Roca"},"image":{"@id":"https:\/\/maisonroca.ad\/es\/#\/schema\/logo\/image\/"},"sameAs":["https:\/\/www.facebook.com\/maisonroca","https:\/\/www.instagram.com\/maisonroca\/"]}]},"product_price_amount":"1955.00","product_price_currency":"EUR","og_availability":"instock","product_availability":"instock","product_retailer_item_id":"BRV192-BT-ST\/SCA","product_condition":"new"},"_links":{"self":[{"href":"https:\/\/maisonroca.ad\/es\/wp-json\/wp\/v2\/product\/80714","targetHints":{"allow":["GET"]}}],"collection":[{"href":"https:\/\/maisonroca.ad\/es\/wp-json\/wp\/v2\/product"}],"about":[{"href":"https:\/\/maisonroca.ad\/es\/wp-json\/wp\/v2\/types\/product"}],"replies":[{"embeddable":true,"href":"https:\/\/maisonroca.ad\/es\/wp-json\/wp\/v2\/comments?post=80714"}],"version-history":[{"count":1,"href":"https:\/\/maisonroca.ad\/es\/wp-json\/wp\/v2\/product\/80714\/revisions"}],"predecessor-version":[{"id":80715,"href":"https:\/\/maisonroca.ad\/es\/wp-json\/wp\/v2\/product\/80714\/revisions\/80715"}],"wp:featuredmedia":[{"embeddable":true,"href":"https:\/\/maisonroca.ad\/es\/wp-json\/wp\/v2\/media\/80712"}],"wp:attachment":[{"href":"https:\/\/maisonroca.ad\/es\/wp-json\/wp\/v2\/media?parent=80714"}],"wp:term":[{"taxonomy":"product_brand","embeddable":true,"href":"https:\/\/maisonroca.ad\/es\/wp-json\/wp\/v2\/product_brand?post=80714"},{"taxonomy":"product_cat","embeddable":true,"href":"https:\/\/maisonroca.ad\/es\/wp-json\/wp\/v2\/product_cat?post=80714"},{"taxonomy":"product_tag","embeddable":true,"href":"https:\/\/maisonroca.ad\/es\/wp-json\/wp\/v2\/product_tag?post=80714"}],"curies":[{"name":"wp","href":"https:\/\/api.w.org\/{rel}","templated":true}]}}