{"id":80891,"date":"2025-11-17T11:05:53","date_gmt":"2025-11-17T10:05:53","guid":{"rendered":"https:\/\/maisonroca.ad\/?post_type=product&#038;p=80891"},"modified":"2025-11-17T11:11:45","modified_gmt":"2025-11-17T10:11:45","slug":"brazalete-dinh-van-le-pave-pm-oro-amarillo","status":"publish","type":"product","link":"https:\/\/maisonroca.ad\/es\/tienda\/brazalete-dinh-van-le-pave-pm-oro-amarillo\/","title":{"rendered":"BRAZALETE DINH VAN LE PAV\u00c9 PM CON CADENA DE ORO AMARILLO"},"content":{"rendered":"<p>Brazalete dinh van Le Pav\u00e9 PM con cadena de oro amarillo.<\/p>\n<p>Brazalete Le Pav\u00e9 en oro amarillo de 18 quilates, una joya discreta pero llena de simbolismo. Inspirado en un s\u00edmbolo hist\u00f3rico del Mayo del 68, Jean Dinh Van lo reinterpreta en clave arquitect\u00f3nica y lo convierte en un manifiesto de la joyer\u00eda libre. Su cadena Maillon, distintiva de la Maison, combina l\u00edneas puras y discontinuas que crean un equilibrio sutil entre fuerza y delicadeza.<\/p>\n<p>Detalles:<\/p>\n<p>\u2022 Oro amarillo 18k<br \/>\n\u2022 Longitud: 17 cm<\/p>\n","protected":false},"excerpt":{"rendered":"<p>El brazalete dinh van Le Pav\u00e9 PM en oro amarillo de 18 quilates destaca por su dise\u00f1o minimalista y cargado de simbolismo. Su ic\u00f3nica cadena Maillon aporta equilibrio entre fuerza y delicadeza, convirti\u00e9ndolo en una joya atemporal disponible en Maison Roca.<\/p>\n","protected":false},"featured_media":80885,"comment_status":"closed","ping_status":"closed","template":"","meta":{"_acf_changed":false,"_monsterinsights_skip_tracking":false,"_monsterinsights_sitenote_active":false,"_monsterinsights_sitenote_note":"","_monsterinsights_sitenote_category":0},"product_brand":[],"product_cat":[1224,1217],"product_tag":[2392,1579,1635],"class_list":{"0":"post-80891","1":"product","2":"type-product","3":"status-publish","4":"has-post-thumbnail","6":"product_cat-dinh-van-es","7":"product_cat-joyas","8":"product_tag-dinh-van-3","9":"product_tag-oro-amarillo","10":"product_tag-pulseras","12":"first","13":"instock","14":"shipping-taxable","15":"purchasable","16":"product-type-simple"},"acf":[],"yoast_head":"<!-- This site is optimized with the Yoast SEO Premium plugin v26.8 (Yoast SEO v27.3) - https:\/\/yoast.com\/product\/yoast-seo-premium-wordpress\/ -->\n<title>Brazalete dinh van Le Pav\u00e9 PM oro amarillo | Maison Roca<\/title>\n<meta name=\"description\" content=\"Brazalete dinh van Le Pav\u00e9 PM en oro amarillo de 18 kt. Dise\u00f1o minimalista e ic\u00f3nico disponible en Maison Roca. Elegancia atemporal.\" \/>\n<meta name=\"robots\" content=\"index, follow, max-snippet:-1, max-image-preview:large, max-video-preview:-1\" \/>\n<link rel=\"canonical\" href=\"https:\/\/maisonroca.ad\/es\/tienda\/brazalete-dinh-van-le-pave-pm-oro-amarillo\/\" \/>\n<meta property=\"og:locale\" content=\"es_ES\" \/>\n<meta property=\"og:type\" content=\"article\" \/>\n<meta property=\"og:title\" content=\"BRAZALETE DINH VAN LE PAV\u00c9 PM CON CADENA DE ORO AMARILLO\" \/>\n<meta property=\"og:description\" content=\"Brazalete dinh van Le Pav\u00e9 PM en oro amarillo de 18 kt. Dise\u00f1o minimalista e ic\u00f3nico disponible en Maison Roca. Elegancia atemporal.\" \/>\n<meta property=\"og:url\" content=\"https:\/\/maisonroca.ad\/es\/tienda\/brazalete-dinh-van-le-pave-pm-oro-amarillo\/\" \/>\n<meta property=\"og:site_name\" content=\"Maison Roca\" \/>\n<meta property=\"article:publisher\" content=\"https:\/\/www.facebook.com\/maisonroca\" \/>\n<meta property=\"article:modified_time\" content=\"2025-11-17T10:11:45+00:00\" \/>\n<meta property=\"og:image\" content=\"https:\/\/maisonroca.ad\/wp-content\/uploads\/2025\/11\/368301.jpg\" \/>\n\t<meta property=\"og:image:width\" content=\"1080\" \/>\n\t<meta property=\"og:image:height\" content=\"1080\" \/>\n\t<meta property=\"og:image:type\" content=\"image\/jpeg\" \/>\n<meta name=\"twitter:card\" content=\"summary_large_image\" \/>\n<meta name=\"twitter:label1\" content=\"Precio\" \/>\n\t<meta name=\"twitter:data1\" content=\"1.393,00&nbsp;&euro;\" \/>\n\t<meta name=\"twitter:label2\" content=\"Disponibilidad\" \/>\n\t<meta name=\"twitter:data2\" content=\"Disponible\" \/>\n<script type=\"application\/ld+json\" class=\"yoast-schema-graph\">{\"@context\":\"https:\\\/\\\/schema.org\",\"@graph\":[{\"@type\":\"WebPage\",\"@id\":\"https:\\\/\\\/maisonroca.ad\\\/es\\\/tienda\\\/brazalete-dinh-van-le-pave-pm-oro-amarillo\\\/\",\"url\":\"https:\\\/\\\/maisonroca.ad\\\/es\\\/tienda\\\/brazalete-dinh-van-le-pave-pm-oro-amarillo\\\/\",\"name\":\"Brazalete dinh van Le Pav\u00e9 PM oro amarillo | Maison Roca\",\"isPartOf\":{\"@id\":\"https:\\\/\\\/maisonroca.ad\\\/es\\\/#website\"},\"primaryImageOfPage\":{\"@id\":\"https:\\\/\\\/maisonroca.ad\\\/es\\\/tienda\\\/brazalete-dinh-van-le-pave-pm-oro-amarillo\\\/#primaryimage\"},\"image\":{\"@id\":\"https:\\\/\\\/maisonroca.ad\\\/es\\\/tienda\\\/brazalete-dinh-van-le-pave-pm-oro-amarillo\\\/#primaryimage\"},\"thumbnailUrl\":\"https:\\\/\\\/maisonroca.ad\\\/wp-content\\\/uploads\\\/2025\\\/11\\\/368301.jpg\",\"datePublished\":\"2025-11-17T10:05:53+00:00\",\"dateModified\":\"2025-11-17T10:11:45+00:00\",\"description\":\"Brazalete dinh van Le Pav\u00e9 PM en oro amarillo de 18 kt. Dise\u00f1o minimalista e ic\u00f3nico disponible en Maison Roca. Elegancia atemporal.\",\"breadcrumb\":{\"@id\":\"https:\\\/\\\/maisonroca.ad\\\/es\\\/tienda\\\/brazalete-dinh-van-le-pave-pm-oro-amarillo\\\/#breadcrumb\"},\"inLanguage\":\"es\",\"potentialAction\":[{\"@type\":\"ReadAction\",\"target\":[\"https:\\\/\\\/maisonroca.ad\\\/es\\\/tienda\\\/brazalete-dinh-van-le-pave-pm-oro-amarillo\\\/\"]}]},{\"@type\":\"ImageObject\",\"inLanguage\":\"es\",\"@id\":\"https:\\\/\\\/maisonroca.ad\\\/es\\\/tienda\\\/brazalete-dinh-van-le-pave-pm-oro-amarillo\\\/#primaryimage\",\"url\":\"https:\\\/\\\/maisonroca.ad\\\/wp-content\\\/uploads\\\/2025\\\/11\\\/368301.jpg\",\"contentUrl\":\"https:\\\/\\\/maisonroca.ad\\\/wp-content\\\/uploads\\\/2025\\\/11\\\/368301.jpg\",\"width\":1080,\"height\":1080,\"caption\":\"maison-roca-andorra-dinh-van-bra\u00e7alet-amb-cadena-le-pave-pm-or-groc\"},{\"@type\":\"BreadcrumbList\",\"@id\":\"https:\\\/\\\/maisonroca.ad\\\/es\\\/tienda\\\/brazalete-dinh-van-le-pave-pm-oro-amarillo\\\/#breadcrumb\",\"itemListElement\":[{\"@type\":\"ListItem\",\"position\":1,\"name\":\"Portada\",\"item\":\"https:\\\/\\\/maisonroca.ad\\\/es\\\/\"},{\"@type\":\"ListItem\",\"position\":2,\"name\":\"Botiga\",\"item\":\"https:\\\/\\\/maisonroca.ad\\\/botiga\\\/\"},{\"@type\":\"ListItem\",\"position\":3,\"name\":\"BRAZALETE DINH VAN LE PAV\u00c9 PM CON CADENA DE ORO AMARILLO\"}]},{\"@type\":\"WebSite\",\"@id\":\"https:\\\/\\\/maisonroca.ad\\\/es\\\/#website\",\"url\":\"https:\\\/\\\/maisonroca.ad\\\/es\\\/\",\"name\":\"Maison Roca\",\"description\":\"Bold Luxury Life - joieria d&#039;autor - Andorra\",\"publisher\":{\"@id\":\"https:\\\/\\\/maisonroca.ad\\\/es\\\/#organization\"},\"potentialAction\":[{\"@type\":\"SearchAction\",\"target\":{\"@type\":\"EntryPoint\",\"urlTemplate\":\"https:\\\/\\\/maisonroca.ad\\\/es\\\/?s={search_term_string}\"},\"query-input\":{\"@type\":\"PropertyValueSpecification\",\"valueRequired\":true,\"valueName\":\"search_term_string\"}}],\"inLanguage\":\"es\"},{\"@type\":\"Organization\",\"@id\":\"https:\\\/\\\/maisonroca.ad\\\/es\\\/#organization\",\"name\":\"Maison Roca\",\"url\":\"https:\\\/\\\/maisonroca.ad\\\/es\\\/\",\"logo\":{\"@type\":\"ImageObject\",\"inLanguage\":\"es\",\"@id\":\"https:\\\/\\\/maisonroca.ad\\\/es\\\/#\\\/schema\\\/logo\\\/image\\\/\",\"url\":\"https:\\\/\\\/maisonroca.ad\\\/wp-content\\\/uploads\\\/2023\\\/10\\\/icono.png\",\"contentUrl\":\"https:\\\/\\\/maisonroca.ad\\\/wp-content\\\/uploads\\\/2023\\\/10\\\/icono.png\",\"width\":512,\"height\":512,\"caption\":\"Maison Roca\"},\"image\":{\"@id\":\"https:\\\/\\\/maisonroca.ad\\\/es\\\/#\\\/schema\\\/logo\\\/image\\\/\"},\"sameAs\":[\"https:\\\/\\\/www.facebook.com\\\/maisonroca\",\"https:\\\/\\\/www.instagram.com\\\/maisonroca\\\/\"]}]}<\/script>\n<meta property=\"product:price:amount\" content=\"1393.00\" \/>\n<meta property=\"product:price:currency\" content=\"EUR\" \/>\n<meta property=\"og:availability\" content=\"instock\" \/>\n<meta property=\"product:availability\" content=\"instock\" \/>\n<meta property=\"product:retailer_item_id\" content=\"368301\" \/>\n<meta property=\"product:condition\" content=\"new\" \/>\n<!-- \/ Yoast SEO Premium plugin. -->","yoast_head_json":{"title":"Brazalete dinh van Le Pav\u00e9 PM oro amarillo | Maison Roca","description":"Brazalete dinh van Le Pav\u00e9 PM en oro amarillo de 18 kt. Dise\u00f1o minimalista e ic\u00f3nico disponible en Maison Roca. Elegancia atemporal.","robots":{"index":"index","follow":"follow","max-snippet":"max-snippet:-1","max-image-preview":"max-image-preview:large","max-video-preview":"max-video-preview:-1"},"canonical":"https:\/\/maisonroca.ad\/es\/tienda\/brazalete-dinh-van-le-pave-pm-oro-amarillo\/","og_locale":"es_ES","og_type":"article","og_title":"BRAZALETE DINH VAN LE PAV\u00c9 PM CON CADENA DE ORO AMARILLO","og_description":"Brazalete dinh van Le Pav\u00e9 PM en oro amarillo de 18 kt. Dise\u00f1o minimalista e ic\u00f3nico disponible en Maison Roca. Elegancia atemporal.","og_url":"https:\/\/maisonroca.ad\/es\/tienda\/brazalete-dinh-van-le-pave-pm-oro-amarillo\/","og_site_name":"Maison Roca","article_publisher":"https:\/\/www.facebook.com\/maisonroca","article_modified_time":"2025-11-17T10:11:45+00:00","og_image":[{"width":1080,"height":1080,"url":"https:\/\/maisonroca.ad\/wp-content\/uploads\/2025\/11\/368301.jpg","type":"image\/jpeg"}],"twitter_card":"summary_large_image","twitter_misc":{"Precio":"1.393,00&nbsp;&euro;","Disponibilidad":"Disponible"},"schema":{"@context":"https:\/\/schema.org","@graph":[{"@type":"WebPage","@id":"https:\/\/maisonroca.ad\/es\/tienda\/brazalete-dinh-van-le-pave-pm-oro-amarillo\/","url":"https:\/\/maisonroca.ad\/es\/tienda\/brazalete-dinh-van-le-pave-pm-oro-amarillo\/","name":"Brazalete dinh van Le Pav\u00e9 PM oro amarillo | Maison Roca","isPartOf":{"@id":"https:\/\/maisonroca.ad\/es\/#website"},"primaryImageOfPage":{"@id":"https:\/\/maisonroca.ad\/es\/tienda\/brazalete-dinh-van-le-pave-pm-oro-amarillo\/#primaryimage"},"image":{"@id":"https:\/\/maisonroca.ad\/es\/tienda\/brazalete-dinh-van-le-pave-pm-oro-amarillo\/#primaryimage"},"thumbnailUrl":"https:\/\/maisonroca.ad\/wp-content\/uploads\/2025\/11\/368301.jpg","datePublished":"2025-11-17T10:05:53+00:00","dateModified":"2025-11-17T10:11:45+00:00","description":"Brazalete dinh van Le Pav\u00e9 PM en oro amarillo de 18 kt. Dise\u00f1o minimalista e ic\u00f3nico disponible en Maison Roca. Elegancia atemporal.","breadcrumb":{"@id":"https:\/\/maisonroca.ad\/es\/tienda\/brazalete-dinh-van-le-pave-pm-oro-amarillo\/#breadcrumb"},"inLanguage":"es","potentialAction":[{"@type":"ReadAction","target":["https:\/\/maisonroca.ad\/es\/tienda\/brazalete-dinh-van-le-pave-pm-oro-amarillo\/"]}]},{"@type":"ImageObject","inLanguage":"es","@id":"https:\/\/maisonroca.ad\/es\/tienda\/brazalete-dinh-van-le-pave-pm-oro-amarillo\/#primaryimage","url":"https:\/\/maisonroca.ad\/wp-content\/uploads\/2025\/11\/368301.jpg","contentUrl":"https:\/\/maisonroca.ad\/wp-content\/uploads\/2025\/11\/368301.jpg","width":1080,"height":1080,"caption":"maison-roca-andorra-dinh-van-bra\u00e7alet-amb-cadena-le-pave-pm-or-groc"},{"@type":"BreadcrumbList","@id":"https:\/\/maisonroca.ad\/es\/tienda\/brazalete-dinh-van-le-pave-pm-oro-amarillo\/#breadcrumb","itemListElement":[{"@type":"ListItem","position":1,"name":"Portada","item":"https:\/\/maisonroca.ad\/es\/"},{"@type":"ListItem","position":2,"name":"Botiga","item":"https:\/\/maisonroca.ad\/botiga\/"},{"@type":"ListItem","position":3,"name":"BRAZALETE DINH VAN LE PAV\u00c9 PM CON CADENA DE ORO AMARILLO"}]},{"@type":"WebSite","@id":"https:\/\/maisonroca.ad\/es\/#website","url":"https:\/\/maisonroca.ad\/es\/","name":"Maison Roca","description":"Bold Luxury Life - joieria d&#039;autor - Andorra","publisher":{"@id":"https:\/\/maisonroca.ad\/es\/#organization"},"potentialAction":[{"@type":"SearchAction","target":{"@type":"EntryPoint","urlTemplate":"https:\/\/maisonroca.ad\/es\/?s={search_term_string}"},"query-input":{"@type":"PropertyValueSpecification","valueRequired":true,"valueName":"search_term_string"}}],"inLanguage":"es"},{"@type":"Organization","@id":"https:\/\/maisonroca.ad\/es\/#organization","name":"Maison Roca","url":"https:\/\/maisonroca.ad\/es\/","logo":{"@type":"ImageObject","inLanguage":"es","@id":"https:\/\/maisonroca.ad\/es\/#\/schema\/logo\/image\/","url":"https:\/\/maisonroca.ad\/wp-content\/uploads\/2023\/10\/icono.png","contentUrl":"https:\/\/maisonroca.ad\/wp-content\/uploads\/2023\/10\/icono.png","width":512,"height":512,"caption":"Maison Roca"},"image":{"@id":"https:\/\/maisonroca.ad\/es\/#\/schema\/logo\/image\/"},"sameAs":["https:\/\/www.facebook.com\/maisonroca","https:\/\/www.instagram.com\/maisonroca\/"]}]},"product_price_amount":"1393.00","product_price_currency":"EUR","og_availability":"instock","product_availability":"instock","product_retailer_item_id":"368301","product_condition":"new"},"_links":{"self":[{"href":"https:\/\/maisonroca.ad\/es\/wp-json\/wp\/v2\/product\/80891","targetHints":{"allow":["GET"]}}],"collection":[{"href":"https:\/\/maisonroca.ad\/es\/wp-json\/wp\/v2\/product"}],"about":[{"href":"https:\/\/maisonroca.ad\/es\/wp-json\/wp\/v2\/types\/product"}],"replies":[{"embeddable":true,"href":"https:\/\/maisonroca.ad\/es\/wp-json\/wp\/v2\/comments?post=80891"}],"version-history":[{"count":1,"href":"https:\/\/maisonroca.ad\/es\/wp-json\/wp\/v2\/product\/80891\/revisions"}],"predecessor-version":[{"id":80892,"href":"https:\/\/maisonroca.ad\/es\/wp-json\/wp\/v2\/product\/80891\/revisions\/80892"}],"wp:featuredmedia":[{"embeddable":true,"href":"https:\/\/maisonroca.ad\/es\/wp-json\/wp\/v2\/media\/80885"}],"wp:attachment":[{"href":"https:\/\/maisonroca.ad\/es\/wp-json\/wp\/v2\/media?parent=80891"}],"wp:term":[{"taxonomy":"product_brand","embeddable":true,"href":"https:\/\/maisonroca.ad\/es\/wp-json\/wp\/v2\/product_brand?post=80891"},{"taxonomy":"product_cat","embeddable":true,"href":"https:\/\/maisonroca.ad\/es\/wp-json\/wp\/v2\/product_cat?post=80891"},{"taxonomy":"product_tag","embeddable":true,"href":"https:\/\/maisonroca.ad\/es\/wp-json\/wp\/v2\/product_tag?post=80891"}],"curies":[{"name":"wp","href":"https:\/\/api.w.org\/{rel}","templated":true}]}}