{"id":81104,"date":"2025-11-25T11:20:20","date_gmt":"2025-11-25T10:20:20","guid":{"rendered":"https:\/\/maisonroca.ad\/?post_type=product&#038;p=81104"},"modified":"2025-11-25T11:24:54","modified_gmt":"2025-11-25T10:24:54","slug":"cadena-maillon-oro-amarillo-18-quilates","status":"publish","type":"product","link":"https:\/\/maisonroca.ad\/es\/tienda\/cadena-maillon-oro-amarillo-18-quilates\/","title":{"rendered":"CADENA DINH VAN MENOTTES S DE ORO AMARILLO"},"content":{"rendered":"<p>Cadena Maillon en oro amarillo de 18 quilates, inspirada en los eslabones de la plaza de la \u00d3pera de Par\u00eds. Su dise\u00f1o cuadrado y vanguardista de 1968 se combina a la perfecci\u00f3n con el anillo Le Pav\u00e9 para crear un collar \u00fanico que celebra 60 a\u00f1os de libertad<\/p>\n<p>Detalles:<\/p>\n<p>\u2022 Oro amarillo 18k<br \/>\n\u2022 Longitud: 80 cm<\/p>\n","protected":false},"excerpt":{"rendered":"<p>En Maison Roca, encuentra la cadena Maillon de oro amarillo 18 kt, con un dise\u00f1o geom\u00e9trico inspirado en los escalones de la plaza de la \u00d3pera de Par\u00eds. Perfecta para combinar con el anillo Le Pav\u00e9 y crear un collar distintivo y atemporal.<\/p>\n","protected":false},"featured_media":81102,"comment_status":"closed","ping_status":"closed","template":"","meta":{"_acf_changed":false,"_monsterinsights_skip_tracking":false,"_monsterinsights_sitenote_active":false,"_monsterinsights_sitenote_note":"","_monsterinsights_sitenote_category":0},"product_brand":[],"product_cat":[1224,1217],"product_tag":[1637,2392,1579],"class_list":{"0":"post-81104","1":"product","2":"type-product","3":"status-publish","4":"has-post-thumbnail","6":"product_cat-dinh-van-es","7":"product_cat-joyas","8":"product_tag-collares","9":"product_tag-dinh-van-3","10":"product_tag-oro-amarillo","12":"first","13":"instock","14":"shipping-taxable","15":"purchasable","16":"product-type-simple"},"acf":[],"yoast_head":"<!-- This site is optimized with the Yoast SEO Premium plugin v26.8 (Yoast SEO v27.4) - https:\/\/yoast.com\/product\/yoast-seo-premium-wordpress\/ -->\n<title>Cadena dinh van Maillon Oro Amarillo 18 kt | Maison Roca<\/title>\n<meta name=\"description\" content=\"En Maison Roca descubre la cadena Maillon de oro amarillo 18 kt, un dise\u00f1o ic\u00f3nico inspirado en la \u00d3pera de Par\u00eds. Elegancia con historia.\" \/>\n<meta name=\"robots\" content=\"index, follow, max-snippet:-1, max-image-preview:large, max-video-preview:-1\" \/>\n<link rel=\"canonical\" href=\"https:\/\/maisonroca.ad\/es\/tienda\/cadena-maillon-oro-amarillo-18-quilates\/\" \/>\n<meta property=\"og:locale\" content=\"es_ES\" \/>\n<meta property=\"og:type\" content=\"article\" \/>\n<meta property=\"og:title\" content=\"CADENA DINH VAN MENOTTES S DE ORO AMARILLO\" \/>\n<meta property=\"og:description\" content=\"En Maison Roca descubre la cadena Maillon de oro amarillo 18 kt, un dise\u00f1o ic\u00f3nico inspirado en la \u00d3pera de Par\u00eds. Elegancia con historia.\" \/>\n<meta property=\"og:url\" content=\"https:\/\/maisonroca.ad\/es\/tienda\/cadena-maillon-oro-amarillo-18-quilates\/\" \/>\n<meta property=\"og:site_name\" content=\"Maison Roca\" \/>\n<meta property=\"article:publisher\" content=\"https:\/\/www.facebook.com\/maisonroca\" \/>\n<meta property=\"article:modified_time\" content=\"2025-11-25T10:24:54+00:00\" \/>\n<meta property=\"og:image\" content=\"https:\/\/maisonroca.ad\/wp-content\/uploads\/2025\/11\/602301-2.jpg\" \/>\n\t<meta property=\"og:image:width\" content=\"1080\" \/>\n\t<meta property=\"og:image:height\" content=\"1080\" \/>\n\t<meta property=\"og:image:type\" content=\"image\/jpeg\" \/>\n<meta name=\"twitter:card\" content=\"summary_large_image\" \/>\n<meta name=\"twitter:label1\" content=\"Precio\" \/>\n\t<meta name=\"twitter:data1\" content=\"2.526,00&nbsp;&euro;\" \/>\n\t<meta name=\"twitter:label2\" content=\"Disponibilidad\" \/>\n\t<meta name=\"twitter:data2\" content=\"Disponible\" \/>\n<script type=\"application\/ld+json\" class=\"yoast-schema-graph\">{\"@context\":\"https:\\\/\\\/schema.org\",\"@graph\":[{\"@type\":\"WebPage\",\"@id\":\"https:\\\/\\\/maisonroca.ad\\\/es\\\/tienda\\\/cadena-maillon-oro-amarillo-18-quilates\\\/\",\"url\":\"https:\\\/\\\/maisonroca.ad\\\/es\\\/tienda\\\/cadena-maillon-oro-amarillo-18-quilates\\\/\",\"name\":\"Cadena dinh van Maillon Oro Amarillo 18 kt | Maison Roca\",\"isPartOf\":{\"@id\":\"https:\\\/\\\/maisonroca.ad\\\/es\\\/#website\"},\"primaryImageOfPage\":{\"@id\":\"https:\\\/\\\/maisonroca.ad\\\/es\\\/tienda\\\/cadena-maillon-oro-amarillo-18-quilates\\\/#primaryimage\"},\"image\":{\"@id\":\"https:\\\/\\\/maisonroca.ad\\\/es\\\/tienda\\\/cadena-maillon-oro-amarillo-18-quilates\\\/#primaryimage\"},\"thumbnailUrl\":\"https:\\\/\\\/maisonroca.ad\\\/wp-content\\\/uploads\\\/2025\\\/11\\\/602301-2.jpg\",\"datePublished\":\"2025-11-25T10:20:20+00:00\",\"dateModified\":\"2025-11-25T10:24:54+00:00\",\"description\":\"En Maison Roca descubre la cadena Maillon de oro amarillo 18 kt, un dise\u00f1o ic\u00f3nico inspirado en la \u00d3pera de Par\u00eds. Elegancia con historia.\",\"breadcrumb\":{\"@id\":\"https:\\\/\\\/maisonroca.ad\\\/es\\\/tienda\\\/cadena-maillon-oro-amarillo-18-quilates\\\/#breadcrumb\"},\"inLanguage\":\"es\",\"potentialAction\":[{\"@type\":\"ReadAction\",\"target\":[\"https:\\\/\\\/maisonroca.ad\\\/es\\\/tienda\\\/cadena-maillon-oro-amarillo-18-quilates\\\/\"]}]},{\"@type\":\"ImageObject\",\"inLanguage\":\"es\",\"@id\":\"https:\\\/\\\/maisonroca.ad\\\/es\\\/tienda\\\/cadena-maillon-oro-amarillo-18-quilates\\\/#primaryimage\",\"url\":\"https:\\\/\\\/maisonroca.ad\\\/wp-content\\\/uploads\\\/2025\\\/11\\\/602301-2.jpg\",\"contentUrl\":\"https:\\\/\\\/maisonroca.ad\\\/wp-content\\\/uploads\\\/2025\\\/11\\\/602301-2.jpg\",\"width\":1080,\"height\":1080,\"caption\":\"maison-roca-andorra-dinh van-collar dinh-van-maillon-or groc\"},{\"@type\":\"BreadcrumbList\",\"@id\":\"https:\\\/\\\/maisonroca.ad\\\/es\\\/tienda\\\/cadena-maillon-oro-amarillo-18-quilates\\\/#breadcrumb\",\"itemListElement\":[{\"@type\":\"ListItem\",\"position\":1,\"name\":\"Portada\",\"item\":\"https:\\\/\\\/maisonroca.ad\\\/es\\\/\"},{\"@type\":\"ListItem\",\"position\":2,\"name\":\"Botiga\",\"item\":\"https:\\\/\\\/maisonroca.ad\\\/botiga\\\/\"},{\"@type\":\"ListItem\",\"position\":3,\"name\":\"CADENA DINH VAN MENOTTES S DE ORO AMARILLO\"}]},{\"@type\":\"WebSite\",\"@id\":\"https:\\\/\\\/maisonroca.ad\\\/es\\\/#website\",\"url\":\"https:\\\/\\\/maisonroca.ad\\\/es\\\/\",\"name\":\"Maison Roca\",\"description\":\"Bold Luxury Life - joieria d&#039;autor - Andorra\",\"publisher\":{\"@id\":\"https:\\\/\\\/maisonroca.ad\\\/es\\\/#organization\"},\"potentialAction\":[{\"@type\":\"SearchAction\",\"target\":{\"@type\":\"EntryPoint\",\"urlTemplate\":\"https:\\\/\\\/maisonroca.ad\\\/es\\\/?s={search_term_string}\"},\"query-input\":{\"@type\":\"PropertyValueSpecification\",\"valueRequired\":true,\"valueName\":\"search_term_string\"}}],\"inLanguage\":\"es\"},{\"@type\":\"Organization\",\"@id\":\"https:\\\/\\\/maisonroca.ad\\\/es\\\/#organization\",\"name\":\"Maison Roca\",\"url\":\"https:\\\/\\\/maisonroca.ad\\\/es\\\/\",\"logo\":{\"@type\":\"ImageObject\",\"inLanguage\":\"es\",\"@id\":\"https:\\\/\\\/maisonroca.ad\\\/es\\\/#\\\/schema\\\/logo\\\/image\\\/\",\"url\":\"https:\\\/\\\/maisonroca.ad\\\/wp-content\\\/uploads\\\/2023\\\/10\\\/icono.png\",\"contentUrl\":\"https:\\\/\\\/maisonroca.ad\\\/wp-content\\\/uploads\\\/2023\\\/10\\\/icono.png\",\"width\":512,\"height\":512,\"caption\":\"Maison Roca\"},\"image\":{\"@id\":\"https:\\\/\\\/maisonroca.ad\\\/es\\\/#\\\/schema\\\/logo\\\/image\\\/\"},\"sameAs\":[\"https:\\\/\\\/www.facebook.com\\\/maisonroca\",\"https:\\\/\\\/www.instagram.com\\\/maisonroca\\\/\"]}]}<\/script>\n<meta property=\"product:price:amount\" content=\"2526.00\" \/>\n<meta property=\"product:price:currency\" content=\"EUR\" \/>\n<meta property=\"og:availability\" content=\"instock\" \/>\n<meta property=\"product:availability\" content=\"instock\" \/>\n<meta property=\"product:retailer_item_id\" content=\"602301\" \/>\n<meta property=\"product:condition\" content=\"new\" \/>\n<!-- \/ Yoast SEO Premium plugin. -->","yoast_head_json":{"title":"Cadena dinh van Maillon Oro Amarillo 18 kt | Maison Roca","description":"En Maison Roca descubre la cadena Maillon de oro amarillo 18 kt, un dise\u00f1o ic\u00f3nico inspirado en la \u00d3pera de Par\u00eds. Elegancia con historia.","robots":{"index":"index","follow":"follow","max-snippet":"max-snippet:-1","max-image-preview":"max-image-preview:large","max-video-preview":"max-video-preview:-1"},"canonical":"https:\/\/maisonroca.ad\/es\/tienda\/cadena-maillon-oro-amarillo-18-quilates\/","og_locale":"es_ES","og_type":"article","og_title":"CADENA DINH VAN MENOTTES S DE ORO AMARILLO","og_description":"En Maison Roca descubre la cadena Maillon de oro amarillo 18 kt, un dise\u00f1o ic\u00f3nico inspirado en la \u00d3pera de Par\u00eds. Elegancia con historia.","og_url":"https:\/\/maisonroca.ad\/es\/tienda\/cadena-maillon-oro-amarillo-18-quilates\/","og_site_name":"Maison Roca","article_publisher":"https:\/\/www.facebook.com\/maisonroca","article_modified_time":"2025-11-25T10:24:54+00:00","og_image":[{"width":1080,"height":1080,"url":"https:\/\/maisonroca.ad\/wp-content\/uploads\/2025\/11\/602301-2.jpg","type":"image\/jpeg"}],"twitter_card":"summary_large_image","twitter_misc":{"Precio":"2.526,00&nbsp;&euro;","Disponibilidad":"Disponible"},"schema":{"@context":"https:\/\/schema.org","@graph":[{"@type":"WebPage","@id":"https:\/\/maisonroca.ad\/es\/tienda\/cadena-maillon-oro-amarillo-18-quilates\/","url":"https:\/\/maisonroca.ad\/es\/tienda\/cadena-maillon-oro-amarillo-18-quilates\/","name":"Cadena dinh van Maillon Oro Amarillo 18 kt | Maison Roca","isPartOf":{"@id":"https:\/\/maisonroca.ad\/es\/#website"},"primaryImageOfPage":{"@id":"https:\/\/maisonroca.ad\/es\/tienda\/cadena-maillon-oro-amarillo-18-quilates\/#primaryimage"},"image":{"@id":"https:\/\/maisonroca.ad\/es\/tienda\/cadena-maillon-oro-amarillo-18-quilates\/#primaryimage"},"thumbnailUrl":"https:\/\/maisonroca.ad\/wp-content\/uploads\/2025\/11\/602301-2.jpg","datePublished":"2025-11-25T10:20:20+00:00","dateModified":"2025-11-25T10:24:54+00:00","description":"En Maison Roca descubre la cadena Maillon de oro amarillo 18 kt, un dise\u00f1o ic\u00f3nico inspirado en la \u00d3pera de Par\u00eds. Elegancia con historia.","breadcrumb":{"@id":"https:\/\/maisonroca.ad\/es\/tienda\/cadena-maillon-oro-amarillo-18-quilates\/#breadcrumb"},"inLanguage":"es","potentialAction":[{"@type":"ReadAction","target":["https:\/\/maisonroca.ad\/es\/tienda\/cadena-maillon-oro-amarillo-18-quilates\/"]}]},{"@type":"ImageObject","inLanguage":"es","@id":"https:\/\/maisonroca.ad\/es\/tienda\/cadena-maillon-oro-amarillo-18-quilates\/#primaryimage","url":"https:\/\/maisonroca.ad\/wp-content\/uploads\/2025\/11\/602301-2.jpg","contentUrl":"https:\/\/maisonroca.ad\/wp-content\/uploads\/2025\/11\/602301-2.jpg","width":1080,"height":1080,"caption":"maison-roca-andorra-dinh van-collar dinh-van-maillon-or groc"},{"@type":"BreadcrumbList","@id":"https:\/\/maisonroca.ad\/es\/tienda\/cadena-maillon-oro-amarillo-18-quilates\/#breadcrumb","itemListElement":[{"@type":"ListItem","position":1,"name":"Portada","item":"https:\/\/maisonroca.ad\/es\/"},{"@type":"ListItem","position":2,"name":"Botiga","item":"https:\/\/maisonroca.ad\/botiga\/"},{"@type":"ListItem","position":3,"name":"CADENA DINH VAN MENOTTES S DE ORO AMARILLO"}]},{"@type":"WebSite","@id":"https:\/\/maisonroca.ad\/es\/#website","url":"https:\/\/maisonroca.ad\/es\/","name":"Maison Roca","description":"Bold Luxury Life - joieria d&#039;autor - Andorra","publisher":{"@id":"https:\/\/maisonroca.ad\/es\/#organization"},"potentialAction":[{"@type":"SearchAction","target":{"@type":"EntryPoint","urlTemplate":"https:\/\/maisonroca.ad\/es\/?s={search_term_string}"},"query-input":{"@type":"PropertyValueSpecification","valueRequired":true,"valueName":"search_term_string"}}],"inLanguage":"es"},{"@type":"Organization","@id":"https:\/\/maisonroca.ad\/es\/#organization","name":"Maison Roca","url":"https:\/\/maisonroca.ad\/es\/","logo":{"@type":"ImageObject","inLanguage":"es","@id":"https:\/\/maisonroca.ad\/es\/#\/schema\/logo\/image\/","url":"https:\/\/maisonroca.ad\/wp-content\/uploads\/2023\/10\/icono.png","contentUrl":"https:\/\/maisonroca.ad\/wp-content\/uploads\/2023\/10\/icono.png","width":512,"height":512,"caption":"Maison Roca"},"image":{"@id":"https:\/\/maisonroca.ad\/es\/#\/schema\/logo\/image\/"},"sameAs":["https:\/\/www.facebook.com\/maisonroca","https:\/\/www.instagram.com\/maisonroca\/"]}]},"product_price_amount":"2526.00","product_price_currency":"EUR","og_availability":"instock","product_availability":"instock","product_retailer_item_id":"602301","product_condition":"new"},"_links":{"self":[{"href":"https:\/\/maisonroca.ad\/es\/wp-json\/wp\/v2\/product\/81104","targetHints":{"allow":["GET"]}}],"collection":[{"href":"https:\/\/maisonroca.ad\/es\/wp-json\/wp\/v2\/product"}],"about":[{"href":"https:\/\/maisonroca.ad\/es\/wp-json\/wp\/v2\/types\/product"}],"replies":[{"embeddable":true,"href":"https:\/\/maisonroca.ad\/es\/wp-json\/wp\/v2\/comments?post=81104"}],"version-history":[{"count":1,"href":"https:\/\/maisonroca.ad\/es\/wp-json\/wp\/v2\/product\/81104\/revisions"}],"predecessor-version":[{"id":81105,"href":"https:\/\/maisonroca.ad\/es\/wp-json\/wp\/v2\/product\/81104\/revisions\/81105"}],"wp:featuredmedia":[{"embeddable":true,"href":"https:\/\/maisonroca.ad\/es\/wp-json\/wp\/v2\/media\/81102"}],"wp:attachment":[{"href":"https:\/\/maisonroca.ad\/es\/wp-json\/wp\/v2\/media?parent=81104"}],"wp:term":[{"taxonomy":"product_brand","embeddable":true,"href":"https:\/\/maisonroca.ad\/es\/wp-json\/wp\/v2\/product_brand?post=81104"},{"taxonomy":"product_cat","embeddable":true,"href":"https:\/\/maisonroca.ad\/es\/wp-json\/wp\/v2\/product_cat?post=81104"},{"taxonomy":"product_tag","embeddable":true,"href":"https:\/\/maisonroca.ad\/es\/wp-json\/wp\/v2\/product_tag?post=81104"}],"curies":[{"name":"wp","href":"https:\/\/api.w.org\/{rel}","templated":true}]}}