{"id":81170,"date":"2025-11-25T15:54:10","date_gmt":"2025-11-25T14:54:10","guid":{"rendered":"https:\/\/maisonroca.ad\/?post_type=product&#038;p=81170"},"modified":"2025-11-25T15:57:41","modified_gmt":"2025-11-25T14:57:41","slug":"brazalete-dinh-van-menottes-gm-platino-cadena","status":"publish","type":"product","link":"https:\/\/maisonroca.ad\/es\/tienda\/brazalete-dinh-van-menottes-gm-platino-cadena\/","title":{"rendered":"BRAZALETE DINH VAN MENOTTES GM DE PLATINO CON CADENA"},"content":{"rendered":"<p>S\u00edmbolo de libertad desde 1976, las esposas de la colecci\u00f3n Menottes no atan, sino que afirman. Este brazalete con la cadena Maillon en platino Menottes adquiere una densidad \u00fanica. Su rigor formal destaca un v\u00ednculo firme, directo y asumido, ofreciendo una manera audaz de llevar este motivo ic\u00f3nico.<\/p>\n<p>Detalles:<\/p>\n<p>\u2022 Platino<br \/>\n\u2022 Longitud 19 cm<\/p>\n","protected":false},"excerpt":{"rendered":"<p>Brazalete Dinh van Menottes GM en platino con cadena Maillon. Densidad \u00fanica y dise\u00f1o formal que simboliza un v\u00ednculo firme, directo y asumido. Exclusivo en Maison Roca.<\/p>\n","protected":false},"featured_media":81164,"comment_status":"closed","ping_status":"closed","template":"","meta":{"_acf_changed":false,"_monsterinsights_skip_tracking":false,"_monsterinsights_sitenote_active":false,"_monsterinsights_sitenote_note":"","_monsterinsights_sitenote_category":0},"product_brand":[],"product_cat":[1224,1217],"product_tag":[2392,1642,1635],"class_list":{"0":"post-81170","1":"product","2":"type-product","3":"status-publish","4":"has-post-thumbnail","6":"product_cat-dinh-van-es","7":"product_cat-joyas","8":"product_tag-dinh-van-3","9":"product_tag-platino","10":"product_tag-pulseras","12":"first","13":"instock","14":"shipping-taxable","15":"purchasable","16":"product-type-simple"},"acf":[],"yoast_head":"<!-- This site is optimized with the Yoast SEO Premium plugin v26.8 (Yoast SEO v27.4) - https:\/\/yoast.com\/product\/yoast-seo-premium-wordpress\/ -->\n<title>Brazalete Dinh van Menottes GM en platino \u2013 Maison Roca<\/title>\n<meta name=\"description\" content=\"Brazalete Dinh van Menottes GM en platino con cadena Maillon, s\u00edmbolo de libertad y estilo atrevido. Elegancia y exclusividad en Maison Roca.\" \/>\n<meta name=\"robots\" content=\"index, follow, max-snippet:-1, max-image-preview:large, max-video-preview:-1\" \/>\n<link rel=\"canonical\" href=\"https:\/\/maisonroca.ad\/es\/tienda\/brazalete-dinh-van-menottes-gm-platino-cadena\/\" \/>\n<meta property=\"og:locale\" content=\"es_ES\" \/>\n<meta property=\"og:type\" content=\"article\" \/>\n<meta property=\"og:title\" content=\"BRAZALETE DINH VAN MENOTTES GM DE PLATINO CON CADENA\" \/>\n<meta property=\"og:description\" content=\"Brazalete Dinh van Menottes GM en platino con cadena Maillon, s\u00edmbolo de libertad y estilo atrevido. Elegancia y exclusividad en Maison Roca.\" \/>\n<meta property=\"og:url\" content=\"https:\/\/maisonroca.ad\/es\/tienda\/brazalete-dinh-van-menottes-gm-platino-cadena\/\" \/>\n<meta property=\"og:site_name\" content=\"Maison Roca\" \/>\n<meta property=\"article:publisher\" content=\"https:\/\/www.facebook.com\/maisonroca\" \/>\n<meta property=\"article:modified_time\" content=\"2025-11-25T14:57:41+00:00\" \/>\n<meta property=\"og:image\" content=\"https:\/\/maisonroca.ad\/wp-content\/uploads\/2025\/11\/365509.jpg\" \/>\n\t<meta property=\"og:image:width\" content=\"1080\" \/>\n\t<meta property=\"og:image:height\" content=\"1080\" \/>\n\t<meta property=\"og:image:type\" content=\"image\/jpeg\" \/>\n<meta name=\"twitter:card\" content=\"summary_large_image\" \/>\n<meta name=\"twitter:label1\" content=\"Precio\" \/>\n\t<meta name=\"twitter:data1\" content=\"5.661,00&nbsp;&euro;\" \/>\n\t<meta name=\"twitter:label2\" content=\"Disponibilidad\" \/>\n\t<meta name=\"twitter:data2\" content=\"Disponible\" \/>\n<script type=\"application\/ld+json\" class=\"yoast-schema-graph\">{\"@context\":\"https:\\\/\\\/schema.org\",\"@graph\":[{\"@type\":\"WebPage\",\"@id\":\"https:\\\/\\\/maisonroca.ad\\\/es\\\/tienda\\\/brazalete-dinh-van-menottes-gm-platino-cadena\\\/\",\"url\":\"https:\\\/\\\/maisonroca.ad\\\/es\\\/tienda\\\/brazalete-dinh-van-menottes-gm-platino-cadena\\\/\",\"name\":\"Brazalete Dinh van Menottes GM en platino \u2013 Maison Roca\",\"isPartOf\":{\"@id\":\"https:\\\/\\\/maisonroca.ad\\\/es\\\/#website\"},\"primaryImageOfPage\":{\"@id\":\"https:\\\/\\\/maisonroca.ad\\\/es\\\/tienda\\\/brazalete-dinh-van-menottes-gm-platino-cadena\\\/#primaryimage\"},\"image\":{\"@id\":\"https:\\\/\\\/maisonroca.ad\\\/es\\\/tienda\\\/brazalete-dinh-van-menottes-gm-platino-cadena\\\/#primaryimage\"},\"thumbnailUrl\":\"https:\\\/\\\/maisonroca.ad\\\/wp-content\\\/uploads\\\/2025\\\/11\\\/365509.jpg\",\"datePublished\":\"2025-11-25T14:54:10+00:00\",\"dateModified\":\"2025-11-25T14:57:41+00:00\",\"description\":\"Brazalete Dinh van Menottes GM en platino con cadena Maillon, s\u00edmbolo de libertad y estilo atrevido. Elegancia y exclusividad en Maison Roca.\",\"breadcrumb\":{\"@id\":\"https:\\\/\\\/maisonroca.ad\\\/es\\\/tienda\\\/brazalete-dinh-van-menottes-gm-platino-cadena\\\/#breadcrumb\"},\"inLanguage\":\"es\",\"potentialAction\":[{\"@type\":\"ReadAction\",\"target\":[\"https:\\\/\\\/maisonroca.ad\\\/es\\\/tienda\\\/brazalete-dinh-van-menottes-gm-platino-cadena\\\/\"]}]},{\"@type\":\"ImageObject\",\"inLanguage\":\"es\",\"@id\":\"https:\\\/\\\/maisonroca.ad\\\/es\\\/tienda\\\/brazalete-dinh-van-menottes-gm-platino-cadena\\\/#primaryimage\",\"url\":\"https:\\\/\\\/maisonroca.ad\\\/wp-content\\\/uploads\\\/2025\\\/11\\\/365509.jpg\",\"contentUrl\":\"https:\\\/\\\/maisonroca.ad\\\/wp-content\\\/uploads\\\/2025\\\/11\\\/365509.jpg\",\"width\":1080,\"height\":1080,\"caption\":\"maison-roca-andorra-dinh van-bra\u00e7alet-amb-cadena-menottes-gm-plat\u00ed\"},{\"@type\":\"BreadcrumbList\",\"@id\":\"https:\\\/\\\/maisonroca.ad\\\/es\\\/tienda\\\/brazalete-dinh-van-menottes-gm-platino-cadena\\\/#breadcrumb\",\"itemListElement\":[{\"@type\":\"ListItem\",\"position\":1,\"name\":\"Portada\",\"item\":\"https:\\\/\\\/maisonroca.ad\\\/es\\\/\"},{\"@type\":\"ListItem\",\"position\":2,\"name\":\"Botiga\",\"item\":\"https:\\\/\\\/maisonroca.ad\\\/botiga\\\/\"},{\"@type\":\"ListItem\",\"position\":3,\"name\":\"BRAZALETE DINH VAN MENOTTES GM DE PLATINO CON CADENA\"}]},{\"@type\":\"WebSite\",\"@id\":\"https:\\\/\\\/maisonroca.ad\\\/es\\\/#website\",\"url\":\"https:\\\/\\\/maisonroca.ad\\\/es\\\/\",\"name\":\"Maison Roca\",\"description\":\"Bold Luxury Life - joieria d&#039;autor - Andorra\",\"publisher\":{\"@id\":\"https:\\\/\\\/maisonroca.ad\\\/es\\\/#organization\"},\"potentialAction\":[{\"@type\":\"SearchAction\",\"target\":{\"@type\":\"EntryPoint\",\"urlTemplate\":\"https:\\\/\\\/maisonroca.ad\\\/es\\\/?s={search_term_string}\"},\"query-input\":{\"@type\":\"PropertyValueSpecification\",\"valueRequired\":true,\"valueName\":\"search_term_string\"}}],\"inLanguage\":\"es\"},{\"@type\":\"Organization\",\"@id\":\"https:\\\/\\\/maisonroca.ad\\\/es\\\/#organization\",\"name\":\"Maison Roca\",\"url\":\"https:\\\/\\\/maisonroca.ad\\\/es\\\/\",\"logo\":{\"@type\":\"ImageObject\",\"inLanguage\":\"es\",\"@id\":\"https:\\\/\\\/maisonroca.ad\\\/es\\\/#\\\/schema\\\/logo\\\/image\\\/\",\"url\":\"https:\\\/\\\/maisonroca.ad\\\/wp-content\\\/uploads\\\/2023\\\/10\\\/icono.png\",\"contentUrl\":\"https:\\\/\\\/maisonroca.ad\\\/wp-content\\\/uploads\\\/2023\\\/10\\\/icono.png\",\"width\":512,\"height\":512,\"caption\":\"Maison Roca\"},\"image\":{\"@id\":\"https:\\\/\\\/maisonroca.ad\\\/es\\\/#\\\/schema\\\/logo\\\/image\\\/\"},\"sameAs\":[\"https:\\\/\\\/www.facebook.com\\\/maisonroca\",\"https:\\\/\\\/www.instagram.com\\\/maisonroca\\\/\"]}]}<\/script>\n<meta property=\"product:price:amount\" content=\"5661.00\" \/>\n<meta property=\"product:price:currency\" content=\"EUR\" \/>\n<meta property=\"og:availability\" content=\"instock\" \/>\n<meta property=\"product:availability\" content=\"instock\" \/>\n<meta property=\"product:retailer_item_id\" content=\"365509\" \/>\n<meta property=\"product:condition\" content=\"new\" \/>\n<!-- \/ Yoast SEO Premium plugin. -->","yoast_head_json":{"title":"Brazalete Dinh van Menottes GM en platino \u2013 Maison Roca","description":"Brazalete Dinh van Menottes GM en platino con cadena Maillon, s\u00edmbolo de libertad y estilo atrevido. Elegancia y exclusividad en Maison Roca.","robots":{"index":"index","follow":"follow","max-snippet":"max-snippet:-1","max-image-preview":"max-image-preview:large","max-video-preview":"max-video-preview:-1"},"canonical":"https:\/\/maisonroca.ad\/es\/tienda\/brazalete-dinh-van-menottes-gm-platino-cadena\/","og_locale":"es_ES","og_type":"article","og_title":"BRAZALETE DINH VAN MENOTTES GM DE PLATINO CON CADENA","og_description":"Brazalete Dinh van Menottes GM en platino con cadena Maillon, s\u00edmbolo de libertad y estilo atrevido. Elegancia y exclusividad en Maison Roca.","og_url":"https:\/\/maisonroca.ad\/es\/tienda\/brazalete-dinh-van-menottes-gm-platino-cadena\/","og_site_name":"Maison Roca","article_publisher":"https:\/\/www.facebook.com\/maisonroca","article_modified_time":"2025-11-25T14:57:41+00:00","og_image":[{"width":1080,"height":1080,"url":"https:\/\/maisonroca.ad\/wp-content\/uploads\/2025\/11\/365509.jpg","type":"image\/jpeg"}],"twitter_card":"summary_large_image","twitter_misc":{"Precio":"5.661,00&nbsp;&euro;","Disponibilidad":"Disponible"},"schema":{"@context":"https:\/\/schema.org","@graph":[{"@type":"WebPage","@id":"https:\/\/maisonroca.ad\/es\/tienda\/brazalete-dinh-van-menottes-gm-platino-cadena\/","url":"https:\/\/maisonroca.ad\/es\/tienda\/brazalete-dinh-van-menottes-gm-platino-cadena\/","name":"Brazalete Dinh van Menottes GM en platino \u2013 Maison Roca","isPartOf":{"@id":"https:\/\/maisonroca.ad\/es\/#website"},"primaryImageOfPage":{"@id":"https:\/\/maisonroca.ad\/es\/tienda\/brazalete-dinh-van-menottes-gm-platino-cadena\/#primaryimage"},"image":{"@id":"https:\/\/maisonroca.ad\/es\/tienda\/brazalete-dinh-van-menottes-gm-platino-cadena\/#primaryimage"},"thumbnailUrl":"https:\/\/maisonroca.ad\/wp-content\/uploads\/2025\/11\/365509.jpg","datePublished":"2025-11-25T14:54:10+00:00","dateModified":"2025-11-25T14:57:41+00:00","description":"Brazalete Dinh van Menottes GM en platino con cadena Maillon, s\u00edmbolo de libertad y estilo atrevido. Elegancia y exclusividad en Maison Roca.","breadcrumb":{"@id":"https:\/\/maisonroca.ad\/es\/tienda\/brazalete-dinh-van-menottes-gm-platino-cadena\/#breadcrumb"},"inLanguage":"es","potentialAction":[{"@type":"ReadAction","target":["https:\/\/maisonroca.ad\/es\/tienda\/brazalete-dinh-van-menottes-gm-platino-cadena\/"]}]},{"@type":"ImageObject","inLanguage":"es","@id":"https:\/\/maisonroca.ad\/es\/tienda\/brazalete-dinh-van-menottes-gm-platino-cadena\/#primaryimage","url":"https:\/\/maisonroca.ad\/wp-content\/uploads\/2025\/11\/365509.jpg","contentUrl":"https:\/\/maisonroca.ad\/wp-content\/uploads\/2025\/11\/365509.jpg","width":1080,"height":1080,"caption":"maison-roca-andorra-dinh van-bra\u00e7alet-amb-cadena-menottes-gm-plat\u00ed"},{"@type":"BreadcrumbList","@id":"https:\/\/maisonroca.ad\/es\/tienda\/brazalete-dinh-van-menottes-gm-platino-cadena\/#breadcrumb","itemListElement":[{"@type":"ListItem","position":1,"name":"Portada","item":"https:\/\/maisonroca.ad\/es\/"},{"@type":"ListItem","position":2,"name":"Botiga","item":"https:\/\/maisonroca.ad\/botiga\/"},{"@type":"ListItem","position":3,"name":"BRAZALETE DINH VAN MENOTTES GM DE PLATINO CON CADENA"}]},{"@type":"WebSite","@id":"https:\/\/maisonroca.ad\/es\/#website","url":"https:\/\/maisonroca.ad\/es\/","name":"Maison Roca","description":"Bold Luxury Life - joieria d&#039;autor - Andorra","publisher":{"@id":"https:\/\/maisonroca.ad\/es\/#organization"},"potentialAction":[{"@type":"SearchAction","target":{"@type":"EntryPoint","urlTemplate":"https:\/\/maisonroca.ad\/es\/?s={search_term_string}"},"query-input":{"@type":"PropertyValueSpecification","valueRequired":true,"valueName":"search_term_string"}}],"inLanguage":"es"},{"@type":"Organization","@id":"https:\/\/maisonroca.ad\/es\/#organization","name":"Maison Roca","url":"https:\/\/maisonroca.ad\/es\/","logo":{"@type":"ImageObject","inLanguage":"es","@id":"https:\/\/maisonroca.ad\/es\/#\/schema\/logo\/image\/","url":"https:\/\/maisonroca.ad\/wp-content\/uploads\/2023\/10\/icono.png","contentUrl":"https:\/\/maisonroca.ad\/wp-content\/uploads\/2023\/10\/icono.png","width":512,"height":512,"caption":"Maison Roca"},"image":{"@id":"https:\/\/maisonroca.ad\/es\/#\/schema\/logo\/image\/"},"sameAs":["https:\/\/www.facebook.com\/maisonroca","https:\/\/www.instagram.com\/maisonroca\/"]}]},"product_price_amount":"5661.00","product_price_currency":"EUR","og_availability":"instock","product_availability":"instock","product_retailer_item_id":"365509","product_condition":"new"},"_links":{"self":[{"href":"https:\/\/maisonroca.ad\/es\/wp-json\/wp\/v2\/product\/81170","targetHints":{"allow":["GET"]}}],"collection":[{"href":"https:\/\/maisonroca.ad\/es\/wp-json\/wp\/v2\/product"}],"about":[{"href":"https:\/\/maisonroca.ad\/es\/wp-json\/wp\/v2\/types\/product"}],"replies":[{"embeddable":true,"href":"https:\/\/maisonroca.ad\/es\/wp-json\/wp\/v2\/comments?post=81170"}],"version-history":[{"count":1,"href":"https:\/\/maisonroca.ad\/es\/wp-json\/wp\/v2\/product\/81170\/revisions"}],"predecessor-version":[{"id":81171,"href":"https:\/\/maisonroca.ad\/es\/wp-json\/wp\/v2\/product\/81170\/revisions\/81171"}],"wp:featuredmedia":[{"embeddable":true,"href":"https:\/\/maisonroca.ad\/es\/wp-json\/wp\/v2\/media\/81164"}],"wp:attachment":[{"href":"https:\/\/maisonroca.ad\/es\/wp-json\/wp\/v2\/media?parent=81170"}],"wp:term":[{"taxonomy":"product_brand","embeddable":true,"href":"https:\/\/maisonroca.ad\/es\/wp-json\/wp\/v2\/product_brand?post=81170"},{"taxonomy":"product_cat","embeddable":true,"href":"https:\/\/maisonroca.ad\/es\/wp-json\/wp\/v2\/product_cat?post=81170"},{"taxonomy":"product_tag","embeddable":true,"href":"https:\/\/maisonroca.ad\/es\/wp-json\/wp\/v2\/product_tag?post=81170"}],"curies":[{"name":"wp","href":"https:\/\/api.w.org\/{rel}","templated":true}]}}