{"id":81376,"date":"2025-12-10T17:07:52","date_gmt":"2025-12-10T16:07:52","guid":{"rendered":"https:\/\/maisonroca.ad\/?post_type=product&#038;p=81376"},"modified":"2025-12-10T17:28:36","modified_gmt":"2025-12-10T16:28:36","slug":"anillo-chance-infinie-mediano-oro-blanco-diamantes-maison-roca","status":"publish","type":"product","link":"https:\/\/maisonroca.ad\/es\/tienda\/anillo-chance-infinie-mediano-oro-blanco-diamantes-maison-roca\/","title":{"rendered":"ANILLO CHANCE INFINIE MM DE ORO BLANCO, PAV\u00c9E DE DIAMANTES Y DIAMANTE CENTRAL"},"content":{"rendered":"<p>Descubre la elegancia del anillo Chance Infinie MM, totalmente engastado con diamantes blancos y con diamante central en talla pera. Una pieza exclusiva de alta joyer\u00eda, perfecta para regalos especiales o para complementar tu estilo con sofisticaci\u00f3n.<\/p>\n<p>Detalles :<\/p>\n<p>\u2022 Oro blanco 18k<br \/>\n\u2022 Pav\u00e9e de diamantes GVS<br \/>\n\u2022 Diamante central talla pera GVS<\/p>\n","protected":false},"excerpt":{"rendered":"<p>El anillo Chance Infinie MM destaca por su silueta sinuosa y su pav\u00e9e de diamantes blancos que culmina en un diamante central en talla pera. Una joya dise\u00f1ada para aportar luz, sofisticaci\u00f3n y un simbolismo de infinito atemporal a cualquier ocasi\u00f3n.<\/p>\n","protected":false},"featured_media":81370,"comment_status":"closed","ping_status":"closed","template":"","meta":{"_acf_changed":false,"_monsterinsights_skip_tracking":false,"_monsterinsights_sitenote_active":false,"_monsterinsights_sitenote_note":"","_monsterinsights_sitenote_category":0},"product_brand":[],"product_cat":[1225,1217],"product_tag":[1569,1571,2361,1570],"class_list":{"0":"post-81376","1":"product","2":"type-product","3":"status-publish","4":"has-post-thumbnail","6":"product_cat-fred-es","7":"product_cat-joyas","8":"product_tag-anillos","9":"product_tag-diamantes","10":"product_tag-fred-3-2","11":"product_tag-oro-blanco","13":"first","14":"instock","15":"shipping-taxable","16":"purchasable","17":"product-type-simple"},"acf":[],"yoast_head":"<!-- This site is optimized with the Yoast SEO Premium plugin v26.8 (Yoast SEO v27.4) - https:\/\/yoast.com\/product\/yoast-seo-premium-wordpress\/ -->\n<title>Anillo Chance Infinie MM oro blanco y diamantes | Maison Roca<\/title>\n<meta name=\"description\" content=\"Anillo Chance Infinie mediano en oro blanco, con pav\u00e9e de diamantes y diamante central en talla pera. Elegancia exclusiva en Maison Roca.\" \/>\n<meta name=\"robots\" content=\"index, follow, max-snippet:-1, max-image-preview:large, max-video-preview:-1\" \/>\n<link rel=\"canonical\" href=\"https:\/\/maisonroca.ad\/es\/tienda\/anillo-chance-infinie-mediano-oro-blanco-diamantes-maison-roca\/\" \/>\n<meta property=\"og:locale\" content=\"es_ES\" \/>\n<meta property=\"og:type\" content=\"article\" \/>\n<meta property=\"og:title\" content=\"ANILLO CHANCE INFINIE MM DE ORO BLANCO, PAV\u00c9E DE DIAMANTES Y DIAMANTE CENTRAL\" \/>\n<meta property=\"og:description\" content=\"Anillo Chance Infinie mediano en oro blanco, con pav\u00e9e de diamantes y diamante central en talla pera. Elegancia exclusiva en Maison Roca.\" \/>\n<meta property=\"og:url\" content=\"https:\/\/maisonroca.ad\/es\/tienda\/anillo-chance-infinie-mediano-oro-blanco-diamantes-maison-roca\/\" \/>\n<meta property=\"og:site_name\" content=\"Maison Roca\" \/>\n<meta property=\"article:publisher\" content=\"https:\/\/www.facebook.com\/maisonroca\" \/>\n<meta property=\"article:modified_time\" content=\"2025-12-10T16:28:36+00:00\" \/>\n<meta property=\"og:image\" content=\"https:\/\/maisonroca.ad\/wp-content\/uploads\/2025\/12\/4B2008.jpg\" \/>\n\t<meta property=\"og:image:width\" content=\"1080\" \/>\n\t<meta property=\"og:image:height\" content=\"1080\" \/>\n\t<meta property=\"og:image:type\" content=\"image\/jpeg\" \/>\n<meta name=\"twitter:card\" content=\"summary_large_image\" \/>\n<meta name=\"twitter:label1\" content=\"Precio\" \/>\n\t<meta name=\"twitter:data1\" content=\"9.775,00&nbsp;&euro;\" \/>\n\t<meta name=\"twitter:label2\" content=\"Disponibilidad\" \/>\n\t<meta name=\"twitter:data2\" content=\"Disponible\" \/>\n<script type=\"application\/ld+json\" class=\"yoast-schema-graph\">{\"@context\":\"https:\\\/\\\/schema.org\",\"@graph\":[{\"@type\":\"WebPage\",\"@id\":\"https:\\\/\\\/maisonroca.ad\\\/es\\\/tienda\\\/anillo-chance-infinie-mediano-oro-blanco-diamantes-maison-roca\\\/\",\"url\":\"https:\\\/\\\/maisonroca.ad\\\/es\\\/tienda\\\/anillo-chance-infinie-mediano-oro-blanco-diamantes-maison-roca\\\/\",\"name\":\"Anillo Chance Infinie MM oro blanco y diamantes | Maison Roca\",\"isPartOf\":{\"@id\":\"https:\\\/\\\/maisonroca.ad\\\/es\\\/#website\"},\"primaryImageOfPage\":{\"@id\":\"https:\\\/\\\/maisonroca.ad\\\/es\\\/tienda\\\/anillo-chance-infinie-mediano-oro-blanco-diamantes-maison-roca\\\/#primaryimage\"},\"image\":{\"@id\":\"https:\\\/\\\/maisonroca.ad\\\/es\\\/tienda\\\/anillo-chance-infinie-mediano-oro-blanco-diamantes-maison-roca\\\/#primaryimage\"},\"thumbnailUrl\":\"https:\\\/\\\/maisonroca.ad\\\/wp-content\\\/uploads\\\/2025\\\/12\\\/4B2008.jpg\",\"datePublished\":\"2025-12-10T16:07:52+00:00\",\"dateModified\":\"2025-12-10T16:28:36+00:00\",\"description\":\"Anillo Chance Infinie mediano en oro blanco, con pav\u00e9e de diamantes y diamante central en talla pera. Elegancia exclusiva en Maison Roca.\",\"breadcrumb\":{\"@id\":\"https:\\\/\\\/maisonroca.ad\\\/es\\\/tienda\\\/anillo-chance-infinie-mediano-oro-blanco-diamantes-maison-roca\\\/#breadcrumb\"},\"inLanguage\":\"es\",\"potentialAction\":[{\"@type\":\"ReadAction\",\"target\":[\"https:\\\/\\\/maisonroca.ad\\\/es\\\/tienda\\\/anillo-chance-infinie-mediano-oro-blanco-diamantes-maison-roca\\\/\"]}]},{\"@type\":\"ImageObject\",\"inLanguage\":\"es\",\"@id\":\"https:\\\/\\\/maisonroca.ad\\\/es\\\/tienda\\\/anillo-chance-infinie-mediano-oro-blanco-diamantes-maison-roca\\\/#primaryimage\",\"url\":\"https:\\\/\\\/maisonroca.ad\\\/wp-content\\\/uploads\\\/2025\\\/12\\\/4B2008.jpg\",\"contentUrl\":\"https:\\\/\\\/maisonroca.ad\\\/wp-content\\\/uploads\\\/2025\\\/12\\\/4B2008.jpg\",\"width\":1080,\"height\":1080,\"caption\":\"maison-roca-andorra-fred-anell-chance-infinie-mm-or-blanc-diamants\"},{\"@type\":\"BreadcrumbList\",\"@id\":\"https:\\\/\\\/maisonroca.ad\\\/es\\\/tienda\\\/anillo-chance-infinie-mediano-oro-blanco-diamantes-maison-roca\\\/#breadcrumb\",\"itemListElement\":[{\"@type\":\"ListItem\",\"position\":1,\"name\":\"Portada\",\"item\":\"https:\\\/\\\/maisonroca.ad\\\/es\\\/\"},{\"@type\":\"ListItem\",\"position\":2,\"name\":\"Botiga\",\"item\":\"https:\\\/\\\/maisonroca.ad\\\/botiga\\\/\"},{\"@type\":\"ListItem\",\"position\":3,\"name\":\"ANILLO CHANCE INFINIE MM DE ORO BLANCO, PAV\u00c9E DE DIAMANTES Y DIAMANTE CENTRAL\"}]},{\"@type\":\"WebSite\",\"@id\":\"https:\\\/\\\/maisonroca.ad\\\/es\\\/#website\",\"url\":\"https:\\\/\\\/maisonroca.ad\\\/es\\\/\",\"name\":\"Maison Roca\",\"description\":\"Bold Luxury Life - joieria d&#039;autor - Andorra\",\"publisher\":{\"@id\":\"https:\\\/\\\/maisonroca.ad\\\/es\\\/#organization\"},\"potentialAction\":[{\"@type\":\"SearchAction\",\"target\":{\"@type\":\"EntryPoint\",\"urlTemplate\":\"https:\\\/\\\/maisonroca.ad\\\/es\\\/?s={search_term_string}\"},\"query-input\":{\"@type\":\"PropertyValueSpecification\",\"valueRequired\":true,\"valueName\":\"search_term_string\"}}],\"inLanguage\":\"es\"},{\"@type\":\"Organization\",\"@id\":\"https:\\\/\\\/maisonroca.ad\\\/es\\\/#organization\",\"name\":\"Maison Roca\",\"url\":\"https:\\\/\\\/maisonroca.ad\\\/es\\\/\",\"logo\":{\"@type\":\"ImageObject\",\"inLanguage\":\"es\",\"@id\":\"https:\\\/\\\/maisonroca.ad\\\/es\\\/#\\\/schema\\\/logo\\\/image\\\/\",\"url\":\"https:\\\/\\\/maisonroca.ad\\\/wp-content\\\/uploads\\\/2023\\\/10\\\/icono.png\",\"contentUrl\":\"https:\\\/\\\/maisonroca.ad\\\/wp-content\\\/uploads\\\/2023\\\/10\\\/icono.png\",\"width\":512,\"height\":512,\"caption\":\"Maison Roca\"},\"image\":{\"@id\":\"https:\\\/\\\/maisonroca.ad\\\/es\\\/#\\\/schema\\\/logo\\\/image\\\/\"},\"sameAs\":[\"https:\\\/\\\/www.facebook.com\\\/maisonroca\",\"https:\\\/\\\/www.instagram.com\\\/maisonroca\\\/\"]}]}<\/script>\n<meta property=\"product:price:amount\" content=\"9775.00\" \/>\n<meta property=\"product:price:currency\" content=\"EUR\" \/>\n<meta property=\"og:availability\" content=\"instock\" \/>\n<meta property=\"product:availability\" content=\"instock\" \/>\n<meta property=\"product:retailer_item_id\" content=\"4B2008\" \/>\n<meta property=\"product:condition\" content=\"new\" \/>\n<!-- \/ Yoast SEO Premium plugin. -->","yoast_head_json":{"title":"Anillo Chance Infinie MM oro blanco y diamantes | Maison Roca","description":"Anillo Chance Infinie mediano en oro blanco, con pav\u00e9e de diamantes y diamante central en talla pera. Elegancia exclusiva en Maison Roca.","robots":{"index":"index","follow":"follow","max-snippet":"max-snippet:-1","max-image-preview":"max-image-preview:large","max-video-preview":"max-video-preview:-1"},"canonical":"https:\/\/maisonroca.ad\/es\/tienda\/anillo-chance-infinie-mediano-oro-blanco-diamantes-maison-roca\/","og_locale":"es_ES","og_type":"article","og_title":"ANILLO CHANCE INFINIE MM DE ORO BLANCO, PAV\u00c9E DE DIAMANTES Y DIAMANTE CENTRAL","og_description":"Anillo Chance Infinie mediano en oro blanco, con pav\u00e9e de diamantes y diamante central en talla pera. Elegancia exclusiva en Maison Roca.","og_url":"https:\/\/maisonroca.ad\/es\/tienda\/anillo-chance-infinie-mediano-oro-blanco-diamantes-maison-roca\/","og_site_name":"Maison Roca","article_publisher":"https:\/\/www.facebook.com\/maisonroca","article_modified_time":"2025-12-10T16:28:36+00:00","og_image":[{"width":1080,"height":1080,"url":"https:\/\/maisonroca.ad\/wp-content\/uploads\/2025\/12\/4B2008.jpg","type":"image\/jpeg"}],"twitter_card":"summary_large_image","twitter_misc":{"Precio":"9.775,00&nbsp;&euro;","Disponibilidad":"Disponible"},"schema":{"@context":"https:\/\/schema.org","@graph":[{"@type":"WebPage","@id":"https:\/\/maisonroca.ad\/es\/tienda\/anillo-chance-infinie-mediano-oro-blanco-diamantes-maison-roca\/","url":"https:\/\/maisonroca.ad\/es\/tienda\/anillo-chance-infinie-mediano-oro-blanco-diamantes-maison-roca\/","name":"Anillo Chance Infinie MM oro blanco y diamantes | Maison Roca","isPartOf":{"@id":"https:\/\/maisonroca.ad\/es\/#website"},"primaryImageOfPage":{"@id":"https:\/\/maisonroca.ad\/es\/tienda\/anillo-chance-infinie-mediano-oro-blanco-diamantes-maison-roca\/#primaryimage"},"image":{"@id":"https:\/\/maisonroca.ad\/es\/tienda\/anillo-chance-infinie-mediano-oro-blanco-diamantes-maison-roca\/#primaryimage"},"thumbnailUrl":"https:\/\/maisonroca.ad\/wp-content\/uploads\/2025\/12\/4B2008.jpg","datePublished":"2025-12-10T16:07:52+00:00","dateModified":"2025-12-10T16:28:36+00:00","description":"Anillo Chance Infinie mediano en oro blanco, con pav\u00e9e de diamantes y diamante central en talla pera. Elegancia exclusiva en Maison Roca.","breadcrumb":{"@id":"https:\/\/maisonroca.ad\/es\/tienda\/anillo-chance-infinie-mediano-oro-blanco-diamantes-maison-roca\/#breadcrumb"},"inLanguage":"es","potentialAction":[{"@type":"ReadAction","target":["https:\/\/maisonroca.ad\/es\/tienda\/anillo-chance-infinie-mediano-oro-blanco-diamantes-maison-roca\/"]}]},{"@type":"ImageObject","inLanguage":"es","@id":"https:\/\/maisonroca.ad\/es\/tienda\/anillo-chance-infinie-mediano-oro-blanco-diamantes-maison-roca\/#primaryimage","url":"https:\/\/maisonroca.ad\/wp-content\/uploads\/2025\/12\/4B2008.jpg","contentUrl":"https:\/\/maisonroca.ad\/wp-content\/uploads\/2025\/12\/4B2008.jpg","width":1080,"height":1080,"caption":"maison-roca-andorra-fred-anell-chance-infinie-mm-or-blanc-diamants"},{"@type":"BreadcrumbList","@id":"https:\/\/maisonroca.ad\/es\/tienda\/anillo-chance-infinie-mediano-oro-blanco-diamantes-maison-roca\/#breadcrumb","itemListElement":[{"@type":"ListItem","position":1,"name":"Portada","item":"https:\/\/maisonroca.ad\/es\/"},{"@type":"ListItem","position":2,"name":"Botiga","item":"https:\/\/maisonroca.ad\/botiga\/"},{"@type":"ListItem","position":3,"name":"ANILLO CHANCE INFINIE MM DE ORO BLANCO, PAV\u00c9E DE DIAMANTES Y DIAMANTE CENTRAL"}]},{"@type":"WebSite","@id":"https:\/\/maisonroca.ad\/es\/#website","url":"https:\/\/maisonroca.ad\/es\/","name":"Maison Roca","description":"Bold Luxury Life - joieria d&#039;autor - Andorra","publisher":{"@id":"https:\/\/maisonroca.ad\/es\/#organization"},"potentialAction":[{"@type":"SearchAction","target":{"@type":"EntryPoint","urlTemplate":"https:\/\/maisonroca.ad\/es\/?s={search_term_string}"},"query-input":{"@type":"PropertyValueSpecification","valueRequired":true,"valueName":"search_term_string"}}],"inLanguage":"es"},{"@type":"Organization","@id":"https:\/\/maisonroca.ad\/es\/#organization","name":"Maison Roca","url":"https:\/\/maisonroca.ad\/es\/","logo":{"@type":"ImageObject","inLanguage":"es","@id":"https:\/\/maisonroca.ad\/es\/#\/schema\/logo\/image\/","url":"https:\/\/maisonroca.ad\/wp-content\/uploads\/2023\/10\/icono.png","contentUrl":"https:\/\/maisonroca.ad\/wp-content\/uploads\/2023\/10\/icono.png","width":512,"height":512,"caption":"Maison Roca"},"image":{"@id":"https:\/\/maisonroca.ad\/es\/#\/schema\/logo\/image\/"},"sameAs":["https:\/\/www.facebook.com\/maisonroca","https:\/\/www.instagram.com\/maisonroca\/"]}]},"product_price_amount":"9775.00","product_price_currency":"EUR","og_availability":"instock","product_availability":"instock","product_retailer_item_id":"4B2008","product_condition":"new"},"_links":{"self":[{"href":"https:\/\/maisonroca.ad\/es\/wp-json\/wp\/v2\/product\/81376","targetHints":{"allow":["GET"]}}],"collection":[{"href":"https:\/\/maisonroca.ad\/es\/wp-json\/wp\/v2\/product"}],"about":[{"href":"https:\/\/maisonroca.ad\/es\/wp-json\/wp\/v2\/types\/product"}],"replies":[{"embeddable":true,"href":"https:\/\/maisonroca.ad\/es\/wp-json\/wp\/v2\/comments?post=81376"}],"version-history":[{"count":1,"href":"https:\/\/maisonroca.ad\/es\/wp-json\/wp\/v2\/product\/81376\/revisions"}],"predecessor-version":[{"id":81377,"href":"https:\/\/maisonroca.ad\/es\/wp-json\/wp\/v2\/product\/81376\/revisions\/81377"}],"wp:featuredmedia":[{"embeddable":true,"href":"https:\/\/maisonroca.ad\/es\/wp-json\/wp\/v2\/media\/81370"}],"wp:attachment":[{"href":"https:\/\/maisonroca.ad\/es\/wp-json\/wp\/v2\/media?parent=81376"}],"wp:term":[{"taxonomy":"product_brand","embeddable":true,"href":"https:\/\/maisonroca.ad\/es\/wp-json\/wp\/v2\/product_brand?post=81376"},{"taxonomy":"product_cat","embeddable":true,"href":"https:\/\/maisonroca.ad\/es\/wp-json\/wp\/v2\/product_cat?post=81376"},{"taxonomy":"product_tag","embeddable":true,"href":"https:\/\/maisonroca.ad\/es\/wp-json\/wp\/v2\/product_tag?post=81376"}],"curies":[{"name":"wp","href":"https:\/\/api.w.org\/{rel}","templated":true}]}}