{"id":82353,"date":"2026-01-07T09:03:41","date_gmt":"2026-01-07T08:03:41","guid":{"rendered":"https:\/\/maisonroca.ad\/?post_type=product&#038;p=82353"},"modified":"2026-01-07T09:11:04","modified_gmt":"2026-01-07T08:11:04","slug":"pendientes-pomellato-iconica-oro-rosa-diamantes","status":"publish","type":"product","link":"https:\/\/maisonroca.ad\/es\/tienda\/pendientes-pomellato-iconica-oro-rosa-diamantes\/","title":{"rendered":"PENDIENTES POMELLATO ICONICA DE ORO ROSA Y DIAMANTES"},"content":{"rendered":"<p>Pendientes Pomellato Iconica de oro rosa y diamantes.<\/p>\n<p>Descubre los pendientes Iconica de Pomellato en oro rosa, con un \u00fanico eslab\u00f3n con diamantes en pav\u00e9e irregular. Una reinterpretaci\u00f3n moderna de los cl\u00e1sicos eslabones de cadena, perfecta para la elegancia diaria y para celebrar la fuerza y feminidad con estilo.<\/p>\n<p>Detalles:<\/p>\n<p>\u2022 Oro rosa 18k<br \/>\n\u2022 Diamantes 0,5622 CT<\/p>\n","protected":false},"excerpt":{"rendered":"<p>Pendientes Pomellato Iconica elaborados en oro rosa y diamantes, con un dise\u00f1o contempor\u00e1neo y volumen escult\u00f3rico que refleja la esencia ic\u00f3nica de la marca. Una joya sofisticada y vers\u00e1til para el d\u00eda a d\u00eda.<\/p>\n","protected":false},"featured_media":82347,"comment_status":"closed","ping_status":"closed","template":"","meta":{"_acf_changed":false,"_monsterinsights_skip_tracking":false,"_monsterinsights_sitenote_active":false,"_monsterinsights_sitenote_note":"","_monsterinsights_sitenote_category":0},"product_brand":[],"product_cat":[1217,1236],"product_tag":[3326,1571,1572,2335],"class_list":{"0":"post-82353","1":"product","2":"type-product","3":"status-publish","4":"has-post-thumbnail","6":"product_cat-joyas","7":"product_cat-pomellato-es","8":"product_tag-arracades-es","9":"product_tag-diamantes","10":"product_tag-oro-rosa","11":"product_tag-pomellato-3-2","13":"first","14":"instock","15":"shipping-taxable","16":"purchasable","17":"product-type-simple"},"acf":[],"yoast_head":"<!-- This site is optimized with the Yoast SEO Premium plugin v26.8 (Yoast SEO v27.4) - https:\/\/yoast.com\/product\/yoast-seo-premium-wordpress\/ -->\n<title>Pendientes Pomellato Iconica oro rosa y diamantes | Maison Roca<\/title>\n<meta name=\"description\" content=\"Descubre en Maison Roca Andorra los pendientes Pomellato Iconica de oro rosa con diamantes, con un dise\u00f1o contempor\u00e1neo y elegancia italiana.\" \/>\n<meta name=\"robots\" content=\"index, follow, max-snippet:-1, max-image-preview:large, max-video-preview:-1\" \/>\n<link rel=\"canonical\" href=\"https:\/\/maisonroca.ad\/es\/tienda\/pendientes-pomellato-iconica-oro-rosa-diamantes\/\" \/>\n<meta property=\"og:locale\" content=\"es_ES\" \/>\n<meta property=\"og:type\" content=\"article\" \/>\n<meta property=\"og:title\" content=\"PENDIENTES POMELLATO ICONICA DE ORO ROSA Y DIAMANTES\" \/>\n<meta property=\"og:description\" content=\"Descubre en Maison Roca Andorra los pendientes Pomellato Iconica de oro rosa con diamantes, con un dise\u00f1o contempor\u00e1neo y elegancia italiana.\" \/>\n<meta property=\"og:url\" content=\"https:\/\/maisonroca.ad\/es\/tienda\/pendientes-pomellato-iconica-oro-rosa-diamantes\/\" \/>\n<meta property=\"og:site_name\" content=\"Maison Roca\" \/>\n<meta property=\"article:publisher\" content=\"https:\/\/www.facebook.com\/maisonroca\" \/>\n<meta property=\"article:modified_time\" content=\"2026-01-07T08:11:04+00:00\" \/>\n<meta property=\"og:image\" content=\"https:\/\/maisonroca.ad\/wp-content\/uploads\/2026\/01\/POC5060O7WHRDB000-2-2.jpg\" \/>\n\t<meta property=\"og:image:width\" content=\"1080\" \/>\n\t<meta property=\"og:image:height\" content=\"1080\" \/>\n\t<meta property=\"og:image:type\" content=\"image\/jpeg\" \/>\n<meta name=\"twitter:card\" content=\"summary_large_image\" \/>\n<meta name=\"twitter:label1\" content=\"Precio\" \/>\n\t<meta name=\"twitter:data1\" content=\"8.820,00&nbsp;&euro;\" \/>\n\t<meta name=\"twitter:label2\" content=\"Disponibilidad\" \/>\n\t<meta name=\"twitter:data2\" content=\"Disponible\" \/>\n<script type=\"application\/ld+json\" class=\"yoast-schema-graph\">{\"@context\":\"https:\\\/\\\/schema.org\",\"@graph\":[{\"@type\":\"WebPage\",\"@id\":\"https:\\\/\\\/maisonroca.ad\\\/es\\\/tienda\\\/pendientes-pomellato-iconica-oro-rosa-diamantes\\\/\",\"url\":\"https:\\\/\\\/maisonroca.ad\\\/es\\\/tienda\\\/pendientes-pomellato-iconica-oro-rosa-diamantes\\\/\",\"name\":\"Pendientes Pomellato Iconica oro rosa y diamantes | Maison Roca\",\"isPartOf\":{\"@id\":\"https:\\\/\\\/maisonroca.ad\\\/es\\\/#website\"},\"primaryImageOfPage\":{\"@id\":\"https:\\\/\\\/maisonroca.ad\\\/es\\\/tienda\\\/pendientes-pomellato-iconica-oro-rosa-diamantes\\\/#primaryimage\"},\"image\":{\"@id\":\"https:\\\/\\\/maisonroca.ad\\\/es\\\/tienda\\\/pendientes-pomellato-iconica-oro-rosa-diamantes\\\/#primaryimage\"},\"thumbnailUrl\":\"https:\\\/\\\/maisonroca.ad\\\/wp-content\\\/uploads\\\/2026\\\/01\\\/POC5060O7WHRDB000-2-2.jpg\",\"datePublished\":\"2026-01-07T08:03:41+00:00\",\"dateModified\":\"2026-01-07T08:11:04+00:00\",\"description\":\"Descubre en Maison Roca Andorra los pendientes Pomellato Iconica de oro rosa con diamantes, con un dise\u00f1o contempor\u00e1neo y elegancia italiana.\",\"breadcrumb\":{\"@id\":\"https:\\\/\\\/maisonroca.ad\\\/es\\\/tienda\\\/pendientes-pomellato-iconica-oro-rosa-diamantes\\\/#breadcrumb\"},\"inLanguage\":\"es\",\"potentialAction\":[{\"@type\":\"ReadAction\",\"target\":[\"https:\\\/\\\/maisonroca.ad\\\/es\\\/tienda\\\/pendientes-pomellato-iconica-oro-rosa-diamantes\\\/\"]}]},{\"@type\":\"ImageObject\",\"inLanguage\":\"es\",\"@id\":\"https:\\\/\\\/maisonroca.ad\\\/es\\\/tienda\\\/pendientes-pomellato-iconica-oro-rosa-diamantes\\\/#primaryimage\",\"url\":\"https:\\\/\\\/maisonroca.ad\\\/wp-content\\\/uploads\\\/2026\\\/01\\\/POC5060O7WHRDB000-2-2.jpg\",\"contentUrl\":\"https:\\\/\\\/maisonroca.ad\\\/wp-content\\\/uploads\\\/2026\\\/01\\\/POC5060O7WHRDB000-2-2.jpg\",\"width\":1080,\"height\":1080,\"caption\":\"maison-roca-andorra-pomellato-arracades-conica-or-rosa-diamants\"},{\"@type\":\"BreadcrumbList\",\"@id\":\"https:\\\/\\\/maisonroca.ad\\\/es\\\/tienda\\\/pendientes-pomellato-iconica-oro-rosa-diamantes\\\/#breadcrumb\",\"itemListElement\":[{\"@type\":\"ListItem\",\"position\":1,\"name\":\"Portada\",\"item\":\"https:\\\/\\\/maisonroca.ad\\\/es\\\/\"},{\"@type\":\"ListItem\",\"position\":2,\"name\":\"Botiga\",\"item\":\"https:\\\/\\\/maisonroca.ad\\\/botiga\\\/\"},{\"@type\":\"ListItem\",\"position\":3,\"name\":\"PENDIENTES POMELLATO ICONICA DE ORO ROSA Y DIAMANTES\"}]},{\"@type\":\"WebSite\",\"@id\":\"https:\\\/\\\/maisonroca.ad\\\/es\\\/#website\",\"url\":\"https:\\\/\\\/maisonroca.ad\\\/es\\\/\",\"name\":\"Maison Roca\",\"description\":\"Bold Luxury Life - joieria d&#039;autor - Andorra\",\"publisher\":{\"@id\":\"https:\\\/\\\/maisonroca.ad\\\/es\\\/#organization\"},\"potentialAction\":[{\"@type\":\"SearchAction\",\"target\":{\"@type\":\"EntryPoint\",\"urlTemplate\":\"https:\\\/\\\/maisonroca.ad\\\/es\\\/?s={search_term_string}\"},\"query-input\":{\"@type\":\"PropertyValueSpecification\",\"valueRequired\":true,\"valueName\":\"search_term_string\"}}],\"inLanguage\":\"es\"},{\"@type\":\"Organization\",\"@id\":\"https:\\\/\\\/maisonroca.ad\\\/es\\\/#organization\",\"name\":\"Maison Roca\",\"url\":\"https:\\\/\\\/maisonroca.ad\\\/es\\\/\",\"logo\":{\"@type\":\"ImageObject\",\"inLanguage\":\"es\",\"@id\":\"https:\\\/\\\/maisonroca.ad\\\/es\\\/#\\\/schema\\\/logo\\\/image\\\/\",\"url\":\"https:\\\/\\\/maisonroca.ad\\\/wp-content\\\/uploads\\\/2023\\\/10\\\/icono.png\",\"contentUrl\":\"https:\\\/\\\/maisonroca.ad\\\/wp-content\\\/uploads\\\/2023\\\/10\\\/icono.png\",\"width\":512,\"height\":512,\"caption\":\"Maison Roca\"},\"image\":{\"@id\":\"https:\\\/\\\/maisonroca.ad\\\/es\\\/#\\\/schema\\\/logo\\\/image\\\/\"},\"sameAs\":[\"https:\\\/\\\/www.facebook.com\\\/maisonroca\",\"https:\\\/\\\/www.instagram.com\\\/maisonroca\\\/\"]}]}<\/script>\n<meta property=\"product:price:amount\" content=\"8820.00\" \/>\n<meta property=\"product:price:currency\" content=\"EUR\" \/>\n<meta property=\"og:availability\" content=\"instock\" \/>\n<meta property=\"product:availability\" content=\"instock\" \/>\n<meta property=\"product:retailer_item_id\" content=\"POC5060O7WHRDB000\" \/>\n<meta property=\"product:condition\" content=\"new\" \/>\n<!-- \/ Yoast SEO Premium plugin. -->","yoast_head_json":{"title":"Pendientes Pomellato Iconica oro rosa y diamantes | Maison Roca","description":"Descubre en Maison Roca Andorra los pendientes Pomellato Iconica de oro rosa con diamantes, con un dise\u00f1o contempor\u00e1neo y elegancia italiana.","robots":{"index":"index","follow":"follow","max-snippet":"max-snippet:-1","max-image-preview":"max-image-preview:large","max-video-preview":"max-video-preview:-1"},"canonical":"https:\/\/maisonroca.ad\/es\/tienda\/pendientes-pomellato-iconica-oro-rosa-diamantes\/","og_locale":"es_ES","og_type":"article","og_title":"PENDIENTES POMELLATO ICONICA DE ORO ROSA Y DIAMANTES","og_description":"Descubre en Maison Roca Andorra los pendientes Pomellato Iconica de oro rosa con diamantes, con un dise\u00f1o contempor\u00e1neo y elegancia italiana.","og_url":"https:\/\/maisonroca.ad\/es\/tienda\/pendientes-pomellato-iconica-oro-rosa-diamantes\/","og_site_name":"Maison Roca","article_publisher":"https:\/\/www.facebook.com\/maisonroca","article_modified_time":"2026-01-07T08:11:04+00:00","og_image":[{"width":1080,"height":1080,"url":"https:\/\/maisonroca.ad\/wp-content\/uploads\/2026\/01\/POC5060O7WHRDB000-2-2.jpg","type":"image\/jpeg"}],"twitter_card":"summary_large_image","twitter_misc":{"Precio":"8.820,00&nbsp;&euro;","Disponibilidad":"Disponible"},"schema":{"@context":"https:\/\/schema.org","@graph":[{"@type":"WebPage","@id":"https:\/\/maisonroca.ad\/es\/tienda\/pendientes-pomellato-iconica-oro-rosa-diamantes\/","url":"https:\/\/maisonroca.ad\/es\/tienda\/pendientes-pomellato-iconica-oro-rosa-diamantes\/","name":"Pendientes Pomellato Iconica oro rosa y diamantes | Maison Roca","isPartOf":{"@id":"https:\/\/maisonroca.ad\/es\/#website"},"primaryImageOfPage":{"@id":"https:\/\/maisonroca.ad\/es\/tienda\/pendientes-pomellato-iconica-oro-rosa-diamantes\/#primaryimage"},"image":{"@id":"https:\/\/maisonroca.ad\/es\/tienda\/pendientes-pomellato-iconica-oro-rosa-diamantes\/#primaryimage"},"thumbnailUrl":"https:\/\/maisonroca.ad\/wp-content\/uploads\/2026\/01\/POC5060O7WHRDB000-2-2.jpg","datePublished":"2026-01-07T08:03:41+00:00","dateModified":"2026-01-07T08:11:04+00:00","description":"Descubre en Maison Roca Andorra los pendientes Pomellato Iconica de oro rosa con diamantes, con un dise\u00f1o contempor\u00e1neo y elegancia italiana.","breadcrumb":{"@id":"https:\/\/maisonroca.ad\/es\/tienda\/pendientes-pomellato-iconica-oro-rosa-diamantes\/#breadcrumb"},"inLanguage":"es","potentialAction":[{"@type":"ReadAction","target":["https:\/\/maisonroca.ad\/es\/tienda\/pendientes-pomellato-iconica-oro-rosa-diamantes\/"]}]},{"@type":"ImageObject","inLanguage":"es","@id":"https:\/\/maisonroca.ad\/es\/tienda\/pendientes-pomellato-iconica-oro-rosa-diamantes\/#primaryimage","url":"https:\/\/maisonroca.ad\/wp-content\/uploads\/2026\/01\/POC5060O7WHRDB000-2-2.jpg","contentUrl":"https:\/\/maisonroca.ad\/wp-content\/uploads\/2026\/01\/POC5060O7WHRDB000-2-2.jpg","width":1080,"height":1080,"caption":"maison-roca-andorra-pomellato-arracades-conica-or-rosa-diamants"},{"@type":"BreadcrumbList","@id":"https:\/\/maisonroca.ad\/es\/tienda\/pendientes-pomellato-iconica-oro-rosa-diamantes\/#breadcrumb","itemListElement":[{"@type":"ListItem","position":1,"name":"Portada","item":"https:\/\/maisonroca.ad\/es\/"},{"@type":"ListItem","position":2,"name":"Botiga","item":"https:\/\/maisonroca.ad\/botiga\/"},{"@type":"ListItem","position":3,"name":"PENDIENTES POMELLATO ICONICA DE ORO ROSA Y DIAMANTES"}]},{"@type":"WebSite","@id":"https:\/\/maisonroca.ad\/es\/#website","url":"https:\/\/maisonroca.ad\/es\/","name":"Maison Roca","description":"Bold Luxury Life - joieria d&#039;autor - Andorra","publisher":{"@id":"https:\/\/maisonroca.ad\/es\/#organization"},"potentialAction":[{"@type":"SearchAction","target":{"@type":"EntryPoint","urlTemplate":"https:\/\/maisonroca.ad\/es\/?s={search_term_string}"},"query-input":{"@type":"PropertyValueSpecification","valueRequired":true,"valueName":"search_term_string"}}],"inLanguage":"es"},{"@type":"Organization","@id":"https:\/\/maisonroca.ad\/es\/#organization","name":"Maison Roca","url":"https:\/\/maisonroca.ad\/es\/","logo":{"@type":"ImageObject","inLanguage":"es","@id":"https:\/\/maisonroca.ad\/es\/#\/schema\/logo\/image\/","url":"https:\/\/maisonroca.ad\/wp-content\/uploads\/2023\/10\/icono.png","contentUrl":"https:\/\/maisonroca.ad\/wp-content\/uploads\/2023\/10\/icono.png","width":512,"height":512,"caption":"Maison Roca"},"image":{"@id":"https:\/\/maisonroca.ad\/es\/#\/schema\/logo\/image\/"},"sameAs":["https:\/\/www.facebook.com\/maisonroca","https:\/\/www.instagram.com\/maisonroca\/"]}]},"product_price_amount":"8820.00","product_price_currency":"EUR","og_availability":"instock","product_availability":"instock","product_retailer_item_id":"POC5060O7WHRDB000","product_condition":"new"},"_links":{"self":[{"href":"https:\/\/maisonroca.ad\/es\/wp-json\/wp\/v2\/product\/82353","targetHints":{"allow":["GET"]}}],"collection":[{"href":"https:\/\/maisonroca.ad\/es\/wp-json\/wp\/v2\/product"}],"about":[{"href":"https:\/\/maisonroca.ad\/es\/wp-json\/wp\/v2\/types\/product"}],"replies":[{"embeddable":true,"href":"https:\/\/maisonroca.ad\/es\/wp-json\/wp\/v2\/comments?post=82353"}],"version-history":[{"count":1,"href":"https:\/\/maisonroca.ad\/es\/wp-json\/wp\/v2\/product\/82353\/revisions"}],"predecessor-version":[{"id":82354,"href":"https:\/\/maisonroca.ad\/es\/wp-json\/wp\/v2\/product\/82353\/revisions\/82354"}],"wp:featuredmedia":[{"embeddable":true,"href":"https:\/\/maisonroca.ad\/es\/wp-json\/wp\/v2\/media\/82347"}],"wp:attachment":[{"href":"https:\/\/maisonroca.ad\/es\/wp-json\/wp\/v2\/media?parent=82353"}],"wp:term":[{"taxonomy":"product_brand","embeddable":true,"href":"https:\/\/maisonroca.ad\/es\/wp-json\/wp\/v2\/product_brand?post=82353"},{"taxonomy":"product_cat","embeddable":true,"href":"https:\/\/maisonroca.ad\/es\/wp-json\/wp\/v2\/product_cat?post=82353"},{"taxonomy":"product_tag","embeddable":true,"href":"https:\/\/maisonroca.ad\/es\/wp-json\/wp\/v2\/product_tag?post=82353"}],"curies":[{"name":"wp","href":"https:\/\/api.w.org\/{rel}","templated":true}]}}