{"id":82474,"date":"2026-01-12T12:03:00","date_gmt":"2026-01-12T11:03:00","guid":{"rendered":"https:\/\/maisonroca.ad\/?post_type=product&#038;p=82474"},"modified":"2026-01-12T12:14:48","modified_gmt":"2026-01-12T11:14:48","slug":"colgante-fiery-messika-oro-blanco-diamantes","status":"publish","type":"product","link":"https:\/\/maisonroca.ad\/es\/tienda\/colgante-fiery-messika-oro-blanco-diamantes\/","title":{"rendered":"COLLAR MESSIKA FIERY 0,10 CT DE ORO BLANCO Y 27 DIAMANTES"},"content":{"rendered":"<p>Collar Messika Fiery 0,10 ct de oro blanco y 27 diamantes.<\/p>\n<p>Fiery, la nueva colecci\u00f3n de Val\u00e9rie Messika, transmite toda la pasi\u00f3n de la fundadora. Una joyer\u00eda audaz que simboliza la confianza en uno mismo, con una combinaci\u00f3n polifac\u00e9tica de formas y estilos, sublimada por un delicado halo de diamantes y una piedra central de 0,10 ct.<\/p>\n<p>Detalles:<\/p>\n<p>\u2022 Oro blanco 18k<br \/>\n\u2022 27 Diamantes 0,143 ct gvs1<br \/>\n\u2022 Diamante 0,10 ct fvs<\/p>\n","protected":false},"excerpt":{"rendered":"<p>Colgante de la colecci\u00f3n Fiery Messika, disponible en <strong data-start=\"334\" data-end=\"349\">Maison Roca<\/strong>. Una joya audaz que combina formas y estilos polifac\u00e9ticos, sublimada por un delicado halo de diamantes y un diamante central de 0,10 ct. Perfecto para destacar confianza y personalidad.<\/p>\n","protected":false},"featured_media":82468,"comment_status":"closed","ping_status":"closed","template":"","meta":{"_acf_changed":false,"_monsterinsights_skip_tracking":false,"_monsterinsights_sitenote_active":false,"_monsterinsights_sitenote_note":"","_monsterinsights_sitenote_category":0},"product_brand":[],"product_cat":[1217,1231,3011],"product_tag":[1637,1571,2320,1570],"class_list":{"0":"post-82474","1":"product","2":"type-product","3":"status-publish","4":"has-post-thumbnail","6":"product_cat-joyas","7":"product_cat-messika-es","8":"product_cat-sense-categoria-es","9":"product_tag-collares","10":"product_tag-diamantes","11":"product_tag-messika-2-2","12":"product_tag-oro-blanco","14":"first","15":"instock","16":"shipping-taxable","17":"purchasable","18":"product-type-simple"},"acf":[],"yoast_head":"<!-- This site is optimized with the Yoast SEO Premium plugin v26.8 (Yoast SEO v27.4) - https:\/\/yoast.com\/product\/yoast-seo-premium-wordpress\/ -->\n<title>Colgante Fiery Messika oro blanco y diamantes | Maison Roca<\/title>\n<meta name=\"description\" content=\"Colgante Fiery Messika con diamante central de 0,10 ct y delicado pav\u00e9e de diamantes, disponible en Maison Roca. Una joya audaz con estilo y elegancia.\" \/>\n<meta name=\"robots\" content=\"index, follow, max-snippet:-1, max-image-preview:large, max-video-preview:-1\" \/>\n<link rel=\"canonical\" href=\"https:\/\/maisonroca.ad\/es\/tienda\/colgante-fiery-messika-oro-blanco-diamantes\/\" \/>\n<meta property=\"og:locale\" content=\"es_ES\" \/>\n<meta property=\"og:type\" content=\"article\" \/>\n<meta property=\"og:title\" content=\"COLLAR MESSIKA FIERY 0,10 CT DE ORO BLANCO Y 27 DIAMANTES\" \/>\n<meta property=\"og:description\" content=\"Colgante Fiery Messika con diamante central de 0,10 ct y delicado pav\u00e9e de diamantes, disponible en Maison Roca. Una joya audaz con estilo y elegancia.\" \/>\n<meta property=\"og:url\" content=\"https:\/\/maisonroca.ad\/es\/tienda\/colgante-fiery-messika-oro-blanco-diamantes\/\" \/>\n<meta property=\"og:site_name\" content=\"Maison Roca\" \/>\n<meta property=\"article:publisher\" content=\"https:\/\/www.facebook.com\/maisonroca\" \/>\n<meta property=\"article:modified_time\" content=\"2026-01-12T11:14:48+00:00\" \/>\n<meta property=\"og:image\" content=\"https:\/\/maisonroca.ad\/wp-content\/uploads\/2026\/01\/12611-WG.jpg\" \/>\n\t<meta property=\"og:image:width\" content=\"1080\" \/>\n\t<meta property=\"og:image:height\" content=\"1080\" \/>\n\t<meta property=\"og:image:type\" content=\"image\/jpeg\" \/>\n<meta name=\"twitter:card\" content=\"summary_large_image\" \/>\n<meta name=\"twitter:label1\" content=\"Precio\" \/>\n\t<meta name=\"twitter:data1\" content=\"2.338,00&nbsp;&euro;\" \/>\n\t<meta name=\"twitter:label2\" content=\"Disponibilidad\" \/>\n\t<meta name=\"twitter:data2\" content=\"Disponible\" \/>\n<script type=\"application\/ld+json\" class=\"yoast-schema-graph\">{\"@context\":\"https:\\\/\\\/schema.org\",\"@graph\":[{\"@type\":\"WebPage\",\"@id\":\"https:\\\/\\\/maisonroca.ad\\\/es\\\/tienda\\\/colgante-fiery-messika-oro-blanco-diamantes\\\/\",\"url\":\"https:\\\/\\\/maisonroca.ad\\\/es\\\/tienda\\\/colgante-fiery-messika-oro-blanco-diamantes\\\/\",\"name\":\"Colgante Fiery Messika oro blanco y diamantes | Maison Roca\",\"isPartOf\":{\"@id\":\"https:\\\/\\\/maisonroca.ad\\\/es\\\/#website\"},\"primaryImageOfPage\":{\"@id\":\"https:\\\/\\\/maisonroca.ad\\\/es\\\/tienda\\\/colgante-fiery-messika-oro-blanco-diamantes\\\/#primaryimage\"},\"image\":{\"@id\":\"https:\\\/\\\/maisonroca.ad\\\/es\\\/tienda\\\/colgante-fiery-messika-oro-blanco-diamantes\\\/#primaryimage\"},\"thumbnailUrl\":\"https:\\\/\\\/maisonroca.ad\\\/wp-content\\\/uploads\\\/2026\\\/01\\\/12611-WG.jpg\",\"datePublished\":\"2026-01-12T11:03:00+00:00\",\"dateModified\":\"2026-01-12T11:14:48+00:00\",\"description\":\"Colgante Fiery Messika con diamante central de 0,10 ct y delicado pav\u00e9e de diamantes, disponible en Maison Roca. Una joya audaz con estilo y elegancia.\",\"breadcrumb\":{\"@id\":\"https:\\\/\\\/maisonroca.ad\\\/es\\\/tienda\\\/colgante-fiery-messika-oro-blanco-diamantes\\\/#breadcrumb\"},\"inLanguage\":\"es\",\"potentialAction\":[{\"@type\":\"ReadAction\",\"target\":[\"https:\\\/\\\/maisonroca.ad\\\/es\\\/tienda\\\/colgante-fiery-messika-oro-blanco-diamantes\\\/\"]}]},{\"@type\":\"ImageObject\",\"inLanguage\":\"es\",\"@id\":\"https:\\\/\\\/maisonroca.ad\\\/es\\\/tienda\\\/colgante-fiery-messika-oro-blanco-diamantes\\\/#primaryimage\",\"url\":\"https:\\\/\\\/maisonroca.ad\\\/wp-content\\\/uploads\\\/2026\\\/01\\\/12611-WG.jpg\",\"contentUrl\":\"https:\\\/\\\/maisonroca.ad\\\/wp-content\\\/uploads\\\/2026\\\/01\\\/12611-WG.jpg\",\"width\":1080,\"height\":1080,\"caption\":\"maison-roca-andorra-messika-collar-fiery-0,10-ct-or-blanc-diamants\"},{\"@type\":\"BreadcrumbList\",\"@id\":\"https:\\\/\\\/maisonroca.ad\\\/es\\\/tienda\\\/colgante-fiery-messika-oro-blanco-diamantes\\\/#breadcrumb\",\"itemListElement\":[{\"@type\":\"ListItem\",\"position\":1,\"name\":\"Portada\",\"item\":\"https:\\\/\\\/maisonroca.ad\\\/es\\\/\"},{\"@type\":\"ListItem\",\"position\":2,\"name\":\"Botiga\",\"item\":\"https:\\\/\\\/maisonroca.ad\\\/botiga\\\/\"},{\"@type\":\"ListItem\",\"position\":3,\"name\":\"COLLAR MESSIKA FIERY 0,10 CT DE ORO BLANCO Y 27 DIAMANTES\"}]},{\"@type\":\"WebSite\",\"@id\":\"https:\\\/\\\/maisonroca.ad\\\/es\\\/#website\",\"url\":\"https:\\\/\\\/maisonroca.ad\\\/es\\\/\",\"name\":\"Maison Roca\",\"description\":\"Bold Luxury Life - joieria d&#039;autor - Andorra\",\"publisher\":{\"@id\":\"https:\\\/\\\/maisonroca.ad\\\/es\\\/#organization\"},\"potentialAction\":[{\"@type\":\"SearchAction\",\"target\":{\"@type\":\"EntryPoint\",\"urlTemplate\":\"https:\\\/\\\/maisonroca.ad\\\/es\\\/?s={search_term_string}\"},\"query-input\":{\"@type\":\"PropertyValueSpecification\",\"valueRequired\":true,\"valueName\":\"search_term_string\"}}],\"inLanguage\":\"es\"},{\"@type\":\"Organization\",\"@id\":\"https:\\\/\\\/maisonroca.ad\\\/es\\\/#organization\",\"name\":\"Maison Roca\",\"url\":\"https:\\\/\\\/maisonroca.ad\\\/es\\\/\",\"logo\":{\"@type\":\"ImageObject\",\"inLanguage\":\"es\",\"@id\":\"https:\\\/\\\/maisonroca.ad\\\/es\\\/#\\\/schema\\\/logo\\\/image\\\/\",\"url\":\"https:\\\/\\\/maisonroca.ad\\\/wp-content\\\/uploads\\\/2023\\\/10\\\/icono.png\",\"contentUrl\":\"https:\\\/\\\/maisonroca.ad\\\/wp-content\\\/uploads\\\/2023\\\/10\\\/icono.png\",\"width\":512,\"height\":512,\"caption\":\"Maison Roca\"},\"image\":{\"@id\":\"https:\\\/\\\/maisonroca.ad\\\/es\\\/#\\\/schema\\\/logo\\\/image\\\/\"},\"sameAs\":[\"https:\\\/\\\/www.facebook.com\\\/maisonroca\",\"https:\\\/\\\/www.instagram.com\\\/maisonroca\\\/\"]}]}<\/script>\n<meta property=\"product:price:amount\" content=\"2338.00\" \/>\n<meta property=\"product:price:currency\" content=\"EUR\" \/>\n<meta property=\"og:availability\" content=\"instock\" \/>\n<meta property=\"product:availability\" content=\"instock\" \/>\n<meta property=\"product:retailer_item_id\" content=\"12611-WG\" \/>\n<meta property=\"product:condition\" content=\"new\" \/>\n<!-- \/ Yoast SEO Premium plugin. -->","yoast_head_json":{"title":"Colgante Fiery Messika oro blanco y diamantes | Maison Roca","description":"Colgante Fiery Messika con diamante central de 0,10 ct y delicado pav\u00e9e de diamantes, disponible en Maison Roca. Una joya audaz con estilo y elegancia.","robots":{"index":"index","follow":"follow","max-snippet":"max-snippet:-1","max-image-preview":"max-image-preview:large","max-video-preview":"max-video-preview:-1"},"canonical":"https:\/\/maisonroca.ad\/es\/tienda\/colgante-fiery-messika-oro-blanco-diamantes\/","og_locale":"es_ES","og_type":"article","og_title":"COLLAR MESSIKA FIERY 0,10 CT DE ORO BLANCO Y 27 DIAMANTES","og_description":"Colgante Fiery Messika con diamante central de 0,10 ct y delicado pav\u00e9e de diamantes, disponible en Maison Roca. Una joya audaz con estilo y elegancia.","og_url":"https:\/\/maisonroca.ad\/es\/tienda\/colgante-fiery-messika-oro-blanco-diamantes\/","og_site_name":"Maison Roca","article_publisher":"https:\/\/www.facebook.com\/maisonroca","article_modified_time":"2026-01-12T11:14:48+00:00","og_image":[{"width":1080,"height":1080,"url":"https:\/\/maisonroca.ad\/wp-content\/uploads\/2026\/01\/12611-WG.jpg","type":"image\/jpeg"}],"twitter_card":"summary_large_image","twitter_misc":{"Precio":"2.338,00&nbsp;&euro;","Disponibilidad":"Disponible"},"schema":{"@context":"https:\/\/schema.org","@graph":[{"@type":"WebPage","@id":"https:\/\/maisonroca.ad\/es\/tienda\/colgante-fiery-messika-oro-blanco-diamantes\/","url":"https:\/\/maisonroca.ad\/es\/tienda\/colgante-fiery-messika-oro-blanco-diamantes\/","name":"Colgante Fiery Messika oro blanco y diamantes | Maison Roca","isPartOf":{"@id":"https:\/\/maisonroca.ad\/es\/#website"},"primaryImageOfPage":{"@id":"https:\/\/maisonroca.ad\/es\/tienda\/colgante-fiery-messika-oro-blanco-diamantes\/#primaryimage"},"image":{"@id":"https:\/\/maisonroca.ad\/es\/tienda\/colgante-fiery-messika-oro-blanco-diamantes\/#primaryimage"},"thumbnailUrl":"https:\/\/maisonroca.ad\/wp-content\/uploads\/2026\/01\/12611-WG.jpg","datePublished":"2026-01-12T11:03:00+00:00","dateModified":"2026-01-12T11:14:48+00:00","description":"Colgante Fiery Messika con diamante central de 0,10 ct y delicado pav\u00e9e de diamantes, disponible en Maison Roca. Una joya audaz con estilo y elegancia.","breadcrumb":{"@id":"https:\/\/maisonroca.ad\/es\/tienda\/colgante-fiery-messika-oro-blanco-diamantes\/#breadcrumb"},"inLanguage":"es","potentialAction":[{"@type":"ReadAction","target":["https:\/\/maisonroca.ad\/es\/tienda\/colgante-fiery-messika-oro-blanco-diamantes\/"]}]},{"@type":"ImageObject","inLanguage":"es","@id":"https:\/\/maisonroca.ad\/es\/tienda\/colgante-fiery-messika-oro-blanco-diamantes\/#primaryimage","url":"https:\/\/maisonroca.ad\/wp-content\/uploads\/2026\/01\/12611-WG.jpg","contentUrl":"https:\/\/maisonroca.ad\/wp-content\/uploads\/2026\/01\/12611-WG.jpg","width":1080,"height":1080,"caption":"maison-roca-andorra-messika-collar-fiery-0,10-ct-or-blanc-diamants"},{"@type":"BreadcrumbList","@id":"https:\/\/maisonroca.ad\/es\/tienda\/colgante-fiery-messika-oro-blanco-diamantes\/#breadcrumb","itemListElement":[{"@type":"ListItem","position":1,"name":"Portada","item":"https:\/\/maisonroca.ad\/es\/"},{"@type":"ListItem","position":2,"name":"Botiga","item":"https:\/\/maisonroca.ad\/botiga\/"},{"@type":"ListItem","position":3,"name":"COLLAR MESSIKA FIERY 0,10 CT DE ORO BLANCO Y 27 DIAMANTES"}]},{"@type":"WebSite","@id":"https:\/\/maisonroca.ad\/es\/#website","url":"https:\/\/maisonroca.ad\/es\/","name":"Maison Roca","description":"Bold Luxury Life - joieria d&#039;autor - Andorra","publisher":{"@id":"https:\/\/maisonroca.ad\/es\/#organization"},"potentialAction":[{"@type":"SearchAction","target":{"@type":"EntryPoint","urlTemplate":"https:\/\/maisonroca.ad\/es\/?s={search_term_string}"},"query-input":{"@type":"PropertyValueSpecification","valueRequired":true,"valueName":"search_term_string"}}],"inLanguage":"es"},{"@type":"Organization","@id":"https:\/\/maisonroca.ad\/es\/#organization","name":"Maison Roca","url":"https:\/\/maisonroca.ad\/es\/","logo":{"@type":"ImageObject","inLanguage":"es","@id":"https:\/\/maisonroca.ad\/es\/#\/schema\/logo\/image\/","url":"https:\/\/maisonroca.ad\/wp-content\/uploads\/2023\/10\/icono.png","contentUrl":"https:\/\/maisonroca.ad\/wp-content\/uploads\/2023\/10\/icono.png","width":512,"height":512,"caption":"Maison Roca"},"image":{"@id":"https:\/\/maisonroca.ad\/es\/#\/schema\/logo\/image\/"},"sameAs":["https:\/\/www.facebook.com\/maisonroca","https:\/\/www.instagram.com\/maisonroca\/"]}]},"product_price_amount":"2338.00","product_price_currency":"EUR","og_availability":"instock","product_availability":"instock","product_retailer_item_id":"12611-WG","product_condition":"new"},"_links":{"self":[{"href":"https:\/\/maisonroca.ad\/es\/wp-json\/wp\/v2\/product\/82474","targetHints":{"allow":["GET"]}}],"collection":[{"href":"https:\/\/maisonroca.ad\/es\/wp-json\/wp\/v2\/product"}],"about":[{"href":"https:\/\/maisonroca.ad\/es\/wp-json\/wp\/v2\/types\/product"}],"replies":[{"embeddable":true,"href":"https:\/\/maisonroca.ad\/es\/wp-json\/wp\/v2\/comments?post=82474"}],"version-history":[{"count":1,"href":"https:\/\/maisonroca.ad\/es\/wp-json\/wp\/v2\/product\/82474\/revisions"}],"predecessor-version":[{"id":82475,"href":"https:\/\/maisonroca.ad\/es\/wp-json\/wp\/v2\/product\/82474\/revisions\/82475"}],"wp:featuredmedia":[{"embeddable":true,"href":"https:\/\/maisonroca.ad\/es\/wp-json\/wp\/v2\/media\/82468"}],"wp:attachment":[{"href":"https:\/\/maisonroca.ad\/es\/wp-json\/wp\/v2\/media?parent=82474"}],"wp:term":[{"taxonomy":"product_brand","embeddable":true,"href":"https:\/\/maisonroca.ad\/es\/wp-json\/wp\/v2\/product_brand?post=82474"},{"taxonomy":"product_cat","embeddable":true,"href":"https:\/\/maisonroca.ad\/es\/wp-json\/wp\/v2\/product_cat?post=82474"},{"taxonomy":"product_tag","embeddable":true,"href":"https:\/\/maisonroca.ad\/es\/wp-json\/wp\/v2\/product_tag?post=82474"}],"curies":[{"name":"wp","href":"https:\/\/api.w.org\/{rel}","templated":true}]}}