{"id":82491,"date":"2026-01-12T12:51:05","date_gmt":"2026-01-12T11:51:05","guid":{"rendered":"https:\/\/maisonroca.ad\/?post_type=product&#038;p=82491"},"modified":"2026-02-24T16:33:03","modified_gmt":"2026-02-24T15:33:03","slug":"pendientes-fred-chance-infinie-modelo-mediano-oro-blanco-diamantes","status":"publish","type":"product","link":"https:\/\/maisonroca.ad\/es\/tienda\/pendientes-fred-chance-infinie-modelo-mediano-oro-blanco-diamantes\/","title":{"rendered":"Pendientes FRED Chance Infinie modelo mediano de oro blanco y diamantes"},"content":{"rendered":"<p>Pendientes FRED Chance Infinie modelo mediano de oro blanco, pav\u00e9 de diamantes y diamante central talla pera.<\/p>\n<p>Los pendientes FRED Chance Infinie modelo mediano\u00a0en oro blanco son una pieza de joyer\u00eda excepcional, pav\u00e9 de diamantes blancos con una piedra central que aporta un toque de luz refinado. Dise\u00f1ados para ofrecer versatilidad, se pueden llevar de manera vertical o en un lateral del l\u00f3bulo, adapt\u00e1ndose a su estilo y a cualquier ocasi\u00f3n<\/p>\n<p>Detalles :<\/p>\n<p>\u2022 Oro blanco 18k<br \/>\n\u2022 Pav\u00e9 de diamantes GVS<br \/>\n\u2022 Diamante central talla pera GVS<\/p>\n","protected":false},"excerpt":{"rendered":"<p>Pendientes FRED Chance Infinie modelo mediano\u00a0en oro blanco, pav\u00e9 de diamantes blancos con una piedra central que aporta un toque de luz refinado. Vers\u00e1tiles, se pueden llevar verticalmente o a un lado del l\u00f3bulo, adapt\u00e1ndose a cualquier estilo y ocasi\u00f3n. Disponibles en <strong data-start=\"536\" data-end=\"551\">Maison Roca<\/strong>.<\/p>\n","protected":false},"featured_media":82500,"comment_status":"closed","ping_status":"closed","template":"","meta":{"_acf_changed":false,"_monsterinsights_skip_tracking":false,"_monsterinsights_sitenote_active":false,"_monsterinsights_sitenote_note":"","_monsterinsights_sitenote_category":0},"product_brand":[],"product_cat":[1225,1217],"product_tag":[3326,1571,2361,1570],"class_list":{"0":"post-82491","1":"product","2":"type-product","3":"status-publish","4":"has-post-thumbnail","6":"product_cat-fred-es","7":"product_cat-joyas","8":"product_tag-arracades-es","9":"product_tag-diamantes","10":"product_tag-fred-3-2","11":"product_tag-oro-blanco","13":"first","14":"instock","15":"shipping-taxable","16":"product-type-simple"},"acf":[],"yoast_head":"<!-- This site is optimized with the Yoast SEO Premium plugin v26.8 (Yoast SEO v27.3) - https:\/\/yoast.com\/product\/yoast-seo-premium-wordpress\/ -->\n<title>Pendientes FRED Chance Infinie | Oro blanco y diamantes | Maison Roca<\/title>\n<meta name=\"description\" content=\"Pendientes FRED Chance Infinie en oro blanco con diamantes y piedra central, vers\u00e1tiles y elegantes, disponibles en Maison Roca.\" \/>\n<meta name=\"robots\" content=\"index, follow, max-snippet:-1, max-image-preview:large, max-video-preview:-1\" \/>\n<link rel=\"canonical\" href=\"https:\/\/maisonroca.ad\/es\/tienda\/pendientes-fred-chance-infinie-modelo-mediano-oro-blanco-diamantes\/\" \/>\n<meta property=\"og:locale\" content=\"es_ES\" \/>\n<meta property=\"og:type\" content=\"article\" \/>\n<meta property=\"og:title\" content=\"Pendientes FRED Chance Infinie modelo mediano de oro blanco y diamantes\" \/>\n<meta property=\"og:description\" content=\"Pendientes FRED Chance Infinie en oro blanco con diamantes y piedra central, vers\u00e1tiles y elegantes, disponibles en Maison Roca.\" \/>\n<meta property=\"og:url\" content=\"https:\/\/maisonroca.ad\/es\/tienda\/pendientes-fred-chance-infinie-modelo-mediano-oro-blanco-diamantes\/\" \/>\n<meta property=\"og:site_name\" content=\"Maison Roca\" \/>\n<meta property=\"article:publisher\" content=\"https:\/\/www.facebook.com\/maisonroca\" \/>\n<meta property=\"article:modified_time\" content=\"2026-02-24T15:33:03+00:00\" \/>\n<meta property=\"og:image\" content=\"https:\/\/maisonroca.ad\/wp-content\/uploads\/2026\/01\/8B2002-1.jpg\" \/>\n\t<meta property=\"og:image:width\" content=\"1080\" \/>\n\t<meta property=\"og:image:height\" content=\"1080\" \/>\n\t<meta property=\"og:image:type\" content=\"image\/jpeg\" \/>\n<meta name=\"twitter:card\" content=\"summary_large_image\" \/>\n<meta name=\"twitter:label1\" content=\"Precio\" \/>\n\t<meta name=\"twitter:data1\" content=\"\" \/>\n\t<meta name=\"twitter:label2\" content=\"Disponibilidad\" \/>\n\t<meta name=\"twitter:data2\" content=\"Disponible\" \/>\n<script type=\"application\/ld+json\" class=\"yoast-schema-graph\">{\"@context\":\"https:\\\/\\\/schema.org\",\"@graph\":[{\"@type\":\"WebPage\",\"@id\":\"https:\\\/\\\/maisonroca.ad\\\/es\\\/tienda\\\/pendientes-fred-chance-infinie-modelo-mediano-oro-blanco-diamantes\\\/\",\"url\":\"https:\\\/\\\/maisonroca.ad\\\/es\\\/tienda\\\/pendientes-fred-chance-infinie-modelo-mediano-oro-blanco-diamantes\\\/\",\"name\":\"Pendientes FRED Chance Infinie | Oro blanco y diamantes | Maison Roca\",\"isPartOf\":{\"@id\":\"https:\\\/\\\/maisonroca.ad\\\/es\\\/#website\"},\"primaryImageOfPage\":{\"@id\":\"https:\\\/\\\/maisonroca.ad\\\/es\\\/tienda\\\/pendientes-fred-chance-infinie-modelo-mediano-oro-blanco-diamantes\\\/#primaryimage\"},\"image\":{\"@id\":\"https:\\\/\\\/maisonroca.ad\\\/es\\\/tienda\\\/pendientes-fred-chance-infinie-modelo-mediano-oro-blanco-diamantes\\\/#primaryimage\"},\"thumbnailUrl\":\"https:\\\/\\\/maisonroca.ad\\\/wp-content\\\/uploads\\\/2026\\\/01\\\/8B2002-1.jpg\",\"datePublished\":\"2026-01-12T11:51:05+00:00\",\"dateModified\":\"2026-02-24T15:33:03+00:00\",\"description\":\"Pendientes FRED Chance Infinie en oro blanco con diamantes y piedra central, vers\u00e1tiles y elegantes, disponibles en Maison Roca.\",\"breadcrumb\":{\"@id\":\"https:\\\/\\\/maisonroca.ad\\\/es\\\/tienda\\\/pendientes-fred-chance-infinie-modelo-mediano-oro-blanco-diamantes\\\/#breadcrumb\"},\"inLanguage\":\"es\",\"potentialAction\":[{\"@type\":\"ReadAction\",\"target\":[\"https:\\\/\\\/maisonroca.ad\\\/es\\\/tienda\\\/pendientes-fred-chance-infinie-modelo-mediano-oro-blanco-diamantes\\\/\"]}]},{\"@type\":\"ImageObject\",\"inLanguage\":\"es\",\"@id\":\"https:\\\/\\\/maisonroca.ad\\\/es\\\/tienda\\\/pendientes-fred-chance-infinie-modelo-mediano-oro-blanco-diamantes\\\/#primaryimage\",\"url\":\"https:\\\/\\\/maisonroca.ad\\\/wp-content\\\/uploads\\\/2026\\\/01\\\/8B2002-1.jpg\",\"contentUrl\":\"https:\\\/\\\/maisonroca.ad\\\/wp-content\\\/uploads\\\/2026\\\/01\\\/8B2002-1.jpg\",\"width\":1080,\"height\":1080,\"caption\":\"maison-roca-andorra-fred-arracades-chance-infinie-mm-or-blanc-diamants\"},{\"@type\":\"BreadcrumbList\",\"@id\":\"https:\\\/\\\/maisonroca.ad\\\/es\\\/tienda\\\/pendientes-fred-chance-infinie-modelo-mediano-oro-blanco-diamantes\\\/#breadcrumb\",\"itemListElement\":[{\"@type\":\"ListItem\",\"position\":1,\"name\":\"Portada\",\"item\":\"https:\\\/\\\/maisonroca.ad\\\/es\\\/\"},{\"@type\":\"ListItem\",\"position\":2,\"name\":\"Botiga\",\"item\":\"https:\\\/\\\/maisonroca.ad\\\/botiga\\\/\"},{\"@type\":\"ListItem\",\"position\":3,\"name\":\"Pendientes FRED Chance Infinie modelo mediano de oro blanco y diamantes\"}]},{\"@type\":\"WebSite\",\"@id\":\"https:\\\/\\\/maisonroca.ad\\\/es\\\/#website\",\"url\":\"https:\\\/\\\/maisonroca.ad\\\/es\\\/\",\"name\":\"Maison Roca\",\"description\":\"Bold Luxury Life - joieria d&#039;autor - Andorra\",\"publisher\":{\"@id\":\"https:\\\/\\\/maisonroca.ad\\\/es\\\/#organization\"},\"potentialAction\":[{\"@type\":\"SearchAction\",\"target\":{\"@type\":\"EntryPoint\",\"urlTemplate\":\"https:\\\/\\\/maisonroca.ad\\\/es\\\/?s={search_term_string}\"},\"query-input\":{\"@type\":\"PropertyValueSpecification\",\"valueRequired\":true,\"valueName\":\"search_term_string\"}}],\"inLanguage\":\"es\"},{\"@type\":\"Organization\",\"@id\":\"https:\\\/\\\/maisonroca.ad\\\/es\\\/#organization\",\"name\":\"Maison Roca\",\"url\":\"https:\\\/\\\/maisonroca.ad\\\/es\\\/\",\"logo\":{\"@type\":\"ImageObject\",\"inLanguage\":\"es\",\"@id\":\"https:\\\/\\\/maisonroca.ad\\\/es\\\/#\\\/schema\\\/logo\\\/image\\\/\",\"url\":\"https:\\\/\\\/maisonroca.ad\\\/wp-content\\\/uploads\\\/2023\\\/10\\\/icono.png\",\"contentUrl\":\"https:\\\/\\\/maisonroca.ad\\\/wp-content\\\/uploads\\\/2023\\\/10\\\/icono.png\",\"width\":512,\"height\":512,\"caption\":\"Maison Roca\"},\"image\":{\"@id\":\"https:\\\/\\\/maisonroca.ad\\\/es\\\/#\\\/schema\\\/logo\\\/image\\\/\"},\"sameAs\":[\"https:\\\/\\\/www.facebook.com\\\/maisonroca\",\"https:\\\/\\\/www.instagram.com\\\/maisonroca\\\/\"]}]}<\/script>\n<meta property=\"product:price:currency\" content=\"EUR\" \/>\n<meta property=\"og:availability\" content=\"instock\" \/>\n<meta property=\"product:availability\" content=\"instock\" \/>\n<meta property=\"product:retailer_item_id\" content=\"8B2002\" \/>\n<meta property=\"product:condition\" content=\"new\" \/>\n<!-- \/ Yoast SEO Premium plugin. -->","yoast_head_json":{"title":"Pendientes FRED Chance Infinie | Oro blanco y diamantes | Maison Roca","description":"Pendientes FRED Chance Infinie en oro blanco con diamantes y piedra central, vers\u00e1tiles y elegantes, disponibles en Maison Roca.","robots":{"index":"index","follow":"follow","max-snippet":"max-snippet:-1","max-image-preview":"max-image-preview:large","max-video-preview":"max-video-preview:-1"},"canonical":"https:\/\/maisonroca.ad\/es\/tienda\/pendientes-fred-chance-infinie-modelo-mediano-oro-blanco-diamantes\/","og_locale":"es_ES","og_type":"article","og_title":"Pendientes FRED Chance Infinie modelo mediano de oro blanco y diamantes","og_description":"Pendientes FRED Chance Infinie en oro blanco con diamantes y piedra central, vers\u00e1tiles y elegantes, disponibles en Maison Roca.","og_url":"https:\/\/maisonroca.ad\/es\/tienda\/pendientes-fred-chance-infinie-modelo-mediano-oro-blanco-diamantes\/","og_site_name":"Maison Roca","article_publisher":"https:\/\/www.facebook.com\/maisonroca","article_modified_time":"2026-02-24T15:33:03+00:00","og_image":[{"width":1080,"height":1080,"url":"https:\/\/maisonroca.ad\/wp-content\/uploads\/2026\/01\/8B2002-1.jpg","type":"image\/jpeg"}],"twitter_card":"summary_large_image","twitter_misc":{"Precio":"","Disponibilidad":"Disponible"},"schema":{"@context":"https:\/\/schema.org","@graph":[{"@type":"WebPage","@id":"https:\/\/maisonroca.ad\/es\/tienda\/pendientes-fred-chance-infinie-modelo-mediano-oro-blanco-diamantes\/","url":"https:\/\/maisonroca.ad\/es\/tienda\/pendientes-fred-chance-infinie-modelo-mediano-oro-blanco-diamantes\/","name":"Pendientes FRED Chance Infinie | Oro blanco y diamantes | Maison Roca","isPartOf":{"@id":"https:\/\/maisonroca.ad\/es\/#website"},"primaryImageOfPage":{"@id":"https:\/\/maisonroca.ad\/es\/tienda\/pendientes-fred-chance-infinie-modelo-mediano-oro-blanco-diamantes\/#primaryimage"},"image":{"@id":"https:\/\/maisonroca.ad\/es\/tienda\/pendientes-fred-chance-infinie-modelo-mediano-oro-blanco-diamantes\/#primaryimage"},"thumbnailUrl":"https:\/\/maisonroca.ad\/wp-content\/uploads\/2026\/01\/8B2002-1.jpg","datePublished":"2026-01-12T11:51:05+00:00","dateModified":"2026-02-24T15:33:03+00:00","description":"Pendientes FRED Chance Infinie en oro blanco con diamantes y piedra central, vers\u00e1tiles y elegantes, disponibles en Maison Roca.","breadcrumb":{"@id":"https:\/\/maisonroca.ad\/es\/tienda\/pendientes-fred-chance-infinie-modelo-mediano-oro-blanco-diamantes\/#breadcrumb"},"inLanguage":"es","potentialAction":[{"@type":"ReadAction","target":["https:\/\/maisonroca.ad\/es\/tienda\/pendientes-fred-chance-infinie-modelo-mediano-oro-blanco-diamantes\/"]}]},{"@type":"ImageObject","inLanguage":"es","@id":"https:\/\/maisonroca.ad\/es\/tienda\/pendientes-fred-chance-infinie-modelo-mediano-oro-blanco-diamantes\/#primaryimage","url":"https:\/\/maisonroca.ad\/wp-content\/uploads\/2026\/01\/8B2002-1.jpg","contentUrl":"https:\/\/maisonroca.ad\/wp-content\/uploads\/2026\/01\/8B2002-1.jpg","width":1080,"height":1080,"caption":"maison-roca-andorra-fred-arracades-chance-infinie-mm-or-blanc-diamants"},{"@type":"BreadcrumbList","@id":"https:\/\/maisonroca.ad\/es\/tienda\/pendientes-fred-chance-infinie-modelo-mediano-oro-blanco-diamantes\/#breadcrumb","itemListElement":[{"@type":"ListItem","position":1,"name":"Portada","item":"https:\/\/maisonroca.ad\/es\/"},{"@type":"ListItem","position":2,"name":"Botiga","item":"https:\/\/maisonroca.ad\/botiga\/"},{"@type":"ListItem","position":3,"name":"Pendientes FRED Chance Infinie modelo mediano de oro blanco y diamantes"}]},{"@type":"WebSite","@id":"https:\/\/maisonroca.ad\/es\/#website","url":"https:\/\/maisonroca.ad\/es\/","name":"Maison Roca","description":"Bold Luxury Life - joieria d&#039;autor - Andorra","publisher":{"@id":"https:\/\/maisonroca.ad\/es\/#organization"},"potentialAction":[{"@type":"SearchAction","target":{"@type":"EntryPoint","urlTemplate":"https:\/\/maisonroca.ad\/es\/?s={search_term_string}"},"query-input":{"@type":"PropertyValueSpecification","valueRequired":true,"valueName":"search_term_string"}}],"inLanguage":"es"},{"@type":"Organization","@id":"https:\/\/maisonroca.ad\/es\/#organization","name":"Maison Roca","url":"https:\/\/maisonroca.ad\/es\/","logo":{"@type":"ImageObject","inLanguage":"es","@id":"https:\/\/maisonroca.ad\/es\/#\/schema\/logo\/image\/","url":"https:\/\/maisonroca.ad\/wp-content\/uploads\/2023\/10\/icono.png","contentUrl":"https:\/\/maisonroca.ad\/wp-content\/uploads\/2023\/10\/icono.png","width":512,"height":512,"caption":"Maison Roca"},"image":{"@id":"https:\/\/maisonroca.ad\/es\/#\/schema\/logo\/image\/"},"sameAs":["https:\/\/www.facebook.com\/maisonroca","https:\/\/www.instagram.com\/maisonroca\/"]}]},"product_price_currency":"EUR","og_availability":"instock","product_availability":"instock","product_retailer_item_id":"8B2002","product_condition":"new"},"_links":{"self":[{"href":"https:\/\/maisonroca.ad\/es\/wp-json\/wp\/v2\/product\/82491","targetHints":{"allow":["GET"]}}],"collection":[{"href":"https:\/\/maisonroca.ad\/es\/wp-json\/wp\/v2\/product"}],"about":[{"href":"https:\/\/maisonroca.ad\/es\/wp-json\/wp\/v2\/types\/product"}],"replies":[{"embeddable":true,"href":"https:\/\/maisonroca.ad\/es\/wp-json\/wp\/v2\/comments?post=82491"}],"version-history":[{"count":9,"href":"https:\/\/maisonroca.ad\/es\/wp-json\/wp\/v2\/product\/82491\/revisions"}],"predecessor-version":[{"id":84335,"href":"https:\/\/maisonroca.ad\/es\/wp-json\/wp\/v2\/product\/82491\/revisions\/84335"}],"wp:featuredmedia":[{"embeddable":true,"href":"https:\/\/maisonroca.ad\/es\/wp-json\/wp\/v2\/media\/82500"}],"wp:attachment":[{"href":"https:\/\/maisonroca.ad\/es\/wp-json\/wp\/v2\/media?parent=82491"}],"wp:term":[{"taxonomy":"product_brand","embeddable":true,"href":"https:\/\/maisonroca.ad\/es\/wp-json\/wp\/v2\/product_brand?post=82491"},{"taxonomy":"product_cat","embeddable":true,"href":"https:\/\/maisonroca.ad\/es\/wp-json\/wp\/v2\/product_cat?post=82491"},{"taxonomy":"product_tag","embeddable":true,"href":"https:\/\/maisonroca.ad\/es\/wp-json\/wp\/v2\/product_tag?post=82491"}],"curies":[{"name":"wp","href":"https:\/\/api.w.org\/{rel}","templated":true}]}}