{"id":82513,"date":"2026-01-13T09:26:34","date_gmt":"2026-01-13T08:26:34","guid":{"rendered":"https:\/\/maisonroca.ad\/?post_type=product&#038;p=82513"},"modified":"2026-01-13T09:36:46","modified_gmt":"2026-01-13T08:36:46","slug":"pendientes-pomellato-nudo-mini-oro-rosa-topacio-london-blue","status":"publish","type":"product","link":"https:\/\/maisonroca.ad\/es\/tienda\/pendientes-pomellato-nudo-mini-oro-rosa-topacio-london-blue\/","title":{"rendered":"PENDIENTES NUDO MINI DE ORO ROSA Y TOPACIO LONDON BLUE"},"content":{"rendered":"<p>Pendientes Nudo Mini de oro rosa y topacio London Blue.<\/p>\n<p>Nudo es el emblema de Pomellato, con un dise\u00f1o ic\u00f3nico que libera las piedras preciosas de los engastes tradicionales para potenciar su brillo natural. La colecci\u00f3n Nudo Mini ofrece una interpretaci\u00f3n m\u00e1s \u00edntima y refinada del modelo original, perfecta para el d\u00eda a d\u00eda. Los pendientes Nudo Mini destacan el misterioso encanto del topacio London blue, con piedras talla \u201cclessidra\u201d que reflejan la excelencia de Pomellato.<\/p>\n<p>Detalles:<\/p>\n<p>\u2022 Oro rosa 18k<br \/>\n\u2022 2 Topacios London Blue<\/p>\n","protected":false},"excerpt":{"rendered":"<p>Los pendientes Pomellato Nudo Mini en oro rosa destacan por la profundidad y elegancia del topacio London blue, tallado en forma \u00abclessidra\u00bb. Una versi\u00f3n m\u00e1s delicada del ic\u00f3nico dise\u00f1o Nudo, ideal para aportar sofisticaci\u00f3n y color al d\u00eda a d\u00eda.<\/p>\n","protected":false},"featured_media":82505,"comment_status":"closed","ping_status":"closed","template":"","meta":{"_acf_changed":false,"_monsterinsights_skip_tracking":false,"_monsterinsights_sitenote_active":false,"_monsterinsights_sitenote_note":"","_monsterinsights_sitenote_category":0},"product_brand":[],"product_cat":[1217,1236],"product_tag":[3326,1570,1572,2335],"class_list":{"0":"post-82513","1":"product","2":"type-product","3":"status-publish","4":"has-post-thumbnail","6":"product_cat-joyas","7":"product_cat-pomellato-es","8":"product_tag-arracades-es","9":"product_tag-oro-blanco","10":"product_tag-oro-rosa","11":"product_tag-pomellato-3-2","13":"first","14":"instock","15":"shipping-taxable","16":"purchasable","17":"product-type-simple"},"acf":[],"yoast_head":"<!-- This site is optimized with the Yoast SEO Premium plugin v26.8 (Yoast SEO v27.4) - https:\/\/yoast.com\/product\/yoast-seo-premium-wordpress\/ -->\n<title>Pendientes Pomellato Nudo Mini oro rosa topacio London blue | Maison Roca<\/title>\n<meta name=\"description\" content=\"Pendientes Pomellato Nudo Mini en oro rosa con topacio London blue. Un dise\u00f1o ic\u00f3nico y sofisticado que realza la luz y el color de la gema.\" \/>\n<meta name=\"robots\" content=\"index, follow, max-snippet:-1, max-image-preview:large, max-video-preview:-1\" \/>\n<link rel=\"canonical\" href=\"https:\/\/maisonroca.ad\/es\/tienda\/pendientes-pomellato-nudo-mini-oro-rosa-topacio-london-blue\/\" \/>\n<meta property=\"og:locale\" content=\"es_ES\" \/>\n<meta property=\"og:type\" content=\"article\" \/>\n<meta property=\"og:title\" content=\"PENDIENTES NUDO MINI DE ORO ROSA Y TOPACIO LONDON BLUE\" \/>\n<meta property=\"og:description\" content=\"Pendientes Pomellato Nudo Mini en oro rosa con topacio London blue. Un dise\u00f1o ic\u00f3nico y sofisticado que realza la luz y el color de la gema.\" \/>\n<meta property=\"og:url\" content=\"https:\/\/maisonroca.ad\/es\/tienda\/pendientes-pomellato-nudo-mini-oro-rosa-topacio-london-blue\/\" \/>\n<meta property=\"og:site_name\" content=\"Maison Roca\" \/>\n<meta property=\"article:publisher\" content=\"https:\/\/www.facebook.com\/maisonroca\" \/>\n<meta property=\"article:modified_time\" content=\"2026-01-13T08:36:46+00:00\" \/>\n<meta property=\"og:image\" content=\"https:\/\/maisonroca.ad\/wp-content\/uploads\/2026\/01\/POC5020-O7000-000TL.jpg\" \/>\n\t<meta property=\"og:image:width\" content=\"1080\" \/>\n\t<meta property=\"og:image:height\" content=\"1080\" \/>\n\t<meta property=\"og:image:type\" content=\"image\/jpeg\" \/>\n<meta name=\"twitter:card\" content=\"summary_large_image\" \/>\n<meta name=\"twitter:label1\" content=\"Precio\" \/>\n\t<meta name=\"twitter:data1\" content=\"3.690,00&nbsp;&euro;\" \/>\n\t<meta name=\"twitter:label2\" content=\"Disponibilidad\" \/>\n\t<meta name=\"twitter:data2\" content=\"Disponible\" \/>\n<script type=\"application\/ld+json\" class=\"yoast-schema-graph\">{\"@context\":\"https:\\\/\\\/schema.org\",\"@graph\":[{\"@type\":\"WebPage\",\"@id\":\"https:\\\/\\\/maisonroca.ad\\\/es\\\/tienda\\\/pendientes-pomellato-nudo-mini-oro-rosa-topacio-london-blue\\\/\",\"url\":\"https:\\\/\\\/maisonroca.ad\\\/es\\\/tienda\\\/pendientes-pomellato-nudo-mini-oro-rosa-topacio-london-blue\\\/\",\"name\":\"Pendientes Pomellato Nudo Mini oro rosa topacio London blue | Maison Roca\",\"isPartOf\":{\"@id\":\"https:\\\/\\\/maisonroca.ad\\\/es\\\/#website\"},\"primaryImageOfPage\":{\"@id\":\"https:\\\/\\\/maisonroca.ad\\\/es\\\/tienda\\\/pendientes-pomellato-nudo-mini-oro-rosa-topacio-london-blue\\\/#primaryimage\"},\"image\":{\"@id\":\"https:\\\/\\\/maisonroca.ad\\\/es\\\/tienda\\\/pendientes-pomellato-nudo-mini-oro-rosa-topacio-london-blue\\\/#primaryimage\"},\"thumbnailUrl\":\"https:\\\/\\\/maisonroca.ad\\\/wp-content\\\/uploads\\\/2026\\\/01\\\/POC5020-O7000-000TL.jpg\",\"datePublished\":\"2026-01-13T08:26:34+00:00\",\"dateModified\":\"2026-01-13T08:36:46+00:00\",\"description\":\"Pendientes Pomellato Nudo Mini en oro rosa con topacio London blue. Un dise\u00f1o ic\u00f3nico y sofisticado que realza la luz y el color de la gema.\",\"breadcrumb\":{\"@id\":\"https:\\\/\\\/maisonroca.ad\\\/es\\\/tienda\\\/pendientes-pomellato-nudo-mini-oro-rosa-topacio-london-blue\\\/#breadcrumb\"},\"inLanguage\":\"es\",\"potentialAction\":[{\"@type\":\"ReadAction\",\"target\":[\"https:\\\/\\\/maisonroca.ad\\\/es\\\/tienda\\\/pendientes-pomellato-nudo-mini-oro-rosa-topacio-london-blue\\\/\"]}]},{\"@type\":\"ImageObject\",\"inLanguage\":\"es\",\"@id\":\"https:\\\/\\\/maisonroca.ad\\\/es\\\/tienda\\\/pendientes-pomellato-nudo-mini-oro-rosa-topacio-london-blue\\\/#primaryimage\",\"url\":\"https:\\\/\\\/maisonroca.ad\\\/wp-content\\\/uploads\\\/2026\\\/01\\\/POC5020-O7000-000TL.jpg\",\"contentUrl\":\"https:\\\/\\\/maisonroca.ad\\\/wp-content\\\/uploads\\\/2026\\\/01\\\/POC5020-O7000-000TL.jpg\",\"width\":1080,\"height\":1080,\"caption\":\"maison-roca-andorra-pomellato-arracades-nudo-mini-or-rosa-topazis-blue-london\"},{\"@type\":\"BreadcrumbList\",\"@id\":\"https:\\\/\\\/maisonroca.ad\\\/es\\\/tienda\\\/pendientes-pomellato-nudo-mini-oro-rosa-topacio-london-blue\\\/#breadcrumb\",\"itemListElement\":[{\"@type\":\"ListItem\",\"position\":1,\"name\":\"Portada\",\"item\":\"https:\\\/\\\/maisonroca.ad\\\/es\\\/\"},{\"@type\":\"ListItem\",\"position\":2,\"name\":\"Botiga\",\"item\":\"https:\\\/\\\/maisonroca.ad\\\/botiga\\\/\"},{\"@type\":\"ListItem\",\"position\":3,\"name\":\"PENDIENTES NUDO MINI DE ORO ROSA Y TOPACIO LONDON BLUE\"}]},{\"@type\":\"WebSite\",\"@id\":\"https:\\\/\\\/maisonroca.ad\\\/es\\\/#website\",\"url\":\"https:\\\/\\\/maisonroca.ad\\\/es\\\/\",\"name\":\"Maison Roca\",\"description\":\"Bold Luxury Life - joieria d&#039;autor - Andorra\",\"publisher\":{\"@id\":\"https:\\\/\\\/maisonroca.ad\\\/es\\\/#organization\"},\"potentialAction\":[{\"@type\":\"SearchAction\",\"target\":{\"@type\":\"EntryPoint\",\"urlTemplate\":\"https:\\\/\\\/maisonroca.ad\\\/es\\\/?s={search_term_string}\"},\"query-input\":{\"@type\":\"PropertyValueSpecification\",\"valueRequired\":true,\"valueName\":\"search_term_string\"}}],\"inLanguage\":\"es\"},{\"@type\":\"Organization\",\"@id\":\"https:\\\/\\\/maisonroca.ad\\\/es\\\/#organization\",\"name\":\"Maison Roca\",\"url\":\"https:\\\/\\\/maisonroca.ad\\\/es\\\/\",\"logo\":{\"@type\":\"ImageObject\",\"inLanguage\":\"es\",\"@id\":\"https:\\\/\\\/maisonroca.ad\\\/es\\\/#\\\/schema\\\/logo\\\/image\\\/\",\"url\":\"https:\\\/\\\/maisonroca.ad\\\/wp-content\\\/uploads\\\/2023\\\/10\\\/icono.png\",\"contentUrl\":\"https:\\\/\\\/maisonroca.ad\\\/wp-content\\\/uploads\\\/2023\\\/10\\\/icono.png\",\"width\":512,\"height\":512,\"caption\":\"Maison Roca\"},\"image\":{\"@id\":\"https:\\\/\\\/maisonroca.ad\\\/es\\\/#\\\/schema\\\/logo\\\/image\\\/\"},\"sameAs\":[\"https:\\\/\\\/www.facebook.com\\\/maisonroca\",\"https:\\\/\\\/www.instagram.com\\\/maisonroca\\\/\"]}]}<\/script>\n<meta property=\"product:price:amount\" content=\"3690.00\" \/>\n<meta property=\"product:price:currency\" content=\"EUR\" \/>\n<meta property=\"og:availability\" content=\"instock\" \/>\n<meta property=\"product:availability\" content=\"instock\" \/>\n<meta property=\"product:retailer_item_id\" content=\"POC5020 O7000 000TL\" \/>\n<meta property=\"product:condition\" content=\"new\" \/>\n<!-- \/ Yoast SEO Premium plugin. -->","yoast_head_json":{"title":"Pendientes Pomellato Nudo Mini oro rosa topacio London blue | Maison Roca","description":"Pendientes Pomellato Nudo Mini en oro rosa con topacio London blue. Un dise\u00f1o ic\u00f3nico y sofisticado que realza la luz y el color de la gema.","robots":{"index":"index","follow":"follow","max-snippet":"max-snippet:-1","max-image-preview":"max-image-preview:large","max-video-preview":"max-video-preview:-1"},"canonical":"https:\/\/maisonroca.ad\/es\/tienda\/pendientes-pomellato-nudo-mini-oro-rosa-topacio-london-blue\/","og_locale":"es_ES","og_type":"article","og_title":"PENDIENTES NUDO MINI DE ORO ROSA Y TOPACIO LONDON BLUE","og_description":"Pendientes Pomellato Nudo Mini en oro rosa con topacio London blue. Un dise\u00f1o ic\u00f3nico y sofisticado que realza la luz y el color de la gema.","og_url":"https:\/\/maisonroca.ad\/es\/tienda\/pendientes-pomellato-nudo-mini-oro-rosa-topacio-london-blue\/","og_site_name":"Maison Roca","article_publisher":"https:\/\/www.facebook.com\/maisonroca","article_modified_time":"2026-01-13T08:36:46+00:00","og_image":[{"width":1080,"height":1080,"url":"https:\/\/maisonroca.ad\/wp-content\/uploads\/2026\/01\/POC5020-O7000-000TL.jpg","type":"image\/jpeg"}],"twitter_card":"summary_large_image","twitter_misc":{"Precio":"3.690,00&nbsp;&euro;","Disponibilidad":"Disponible"},"schema":{"@context":"https:\/\/schema.org","@graph":[{"@type":"WebPage","@id":"https:\/\/maisonroca.ad\/es\/tienda\/pendientes-pomellato-nudo-mini-oro-rosa-topacio-london-blue\/","url":"https:\/\/maisonroca.ad\/es\/tienda\/pendientes-pomellato-nudo-mini-oro-rosa-topacio-london-blue\/","name":"Pendientes Pomellato Nudo Mini oro rosa topacio London blue | Maison Roca","isPartOf":{"@id":"https:\/\/maisonroca.ad\/es\/#website"},"primaryImageOfPage":{"@id":"https:\/\/maisonroca.ad\/es\/tienda\/pendientes-pomellato-nudo-mini-oro-rosa-topacio-london-blue\/#primaryimage"},"image":{"@id":"https:\/\/maisonroca.ad\/es\/tienda\/pendientes-pomellato-nudo-mini-oro-rosa-topacio-london-blue\/#primaryimage"},"thumbnailUrl":"https:\/\/maisonroca.ad\/wp-content\/uploads\/2026\/01\/POC5020-O7000-000TL.jpg","datePublished":"2026-01-13T08:26:34+00:00","dateModified":"2026-01-13T08:36:46+00:00","description":"Pendientes Pomellato Nudo Mini en oro rosa con topacio London blue. Un dise\u00f1o ic\u00f3nico y sofisticado que realza la luz y el color de la gema.","breadcrumb":{"@id":"https:\/\/maisonroca.ad\/es\/tienda\/pendientes-pomellato-nudo-mini-oro-rosa-topacio-london-blue\/#breadcrumb"},"inLanguage":"es","potentialAction":[{"@type":"ReadAction","target":["https:\/\/maisonroca.ad\/es\/tienda\/pendientes-pomellato-nudo-mini-oro-rosa-topacio-london-blue\/"]}]},{"@type":"ImageObject","inLanguage":"es","@id":"https:\/\/maisonroca.ad\/es\/tienda\/pendientes-pomellato-nudo-mini-oro-rosa-topacio-london-blue\/#primaryimage","url":"https:\/\/maisonroca.ad\/wp-content\/uploads\/2026\/01\/POC5020-O7000-000TL.jpg","contentUrl":"https:\/\/maisonroca.ad\/wp-content\/uploads\/2026\/01\/POC5020-O7000-000TL.jpg","width":1080,"height":1080,"caption":"maison-roca-andorra-pomellato-arracades-nudo-mini-or-rosa-topazis-blue-london"},{"@type":"BreadcrumbList","@id":"https:\/\/maisonroca.ad\/es\/tienda\/pendientes-pomellato-nudo-mini-oro-rosa-topacio-london-blue\/#breadcrumb","itemListElement":[{"@type":"ListItem","position":1,"name":"Portada","item":"https:\/\/maisonroca.ad\/es\/"},{"@type":"ListItem","position":2,"name":"Botiga","item":"https:\/\/maisonroca.ad\/botiga\/"},{"@type":"ListItem","position":3,"name":"PENDIENTES NUDO MINI DE ORO ROSA Y TOPACIO LONDON BLUE"}]},{"@type":"WebSite","@id":"https:\/\/maisonroca.ad\/es\/#website","url":"https:\/\/maisonroca.ad\/es\/","name":"Maison Roca","description":"Bold Luxury Life - joieria d&#039;autor - Andorra","publisher":{"@id":"https:\/\/maisonroca.ad\/es\/#organization"},"potentialAction":[{"@type":"SearchAction","target":{"@type":"EntryPoint","urlTemplate":"https:\/\/maisonroca.ad\/es\/?s={search_term_string}"},"query-input":{"@type":"PropertyValueSpecification","valueRequired":true,"valueName":"search_term_string"}}],"inLanguage":"es"},{"@type":"Organization","@id":"https:\/\/maisonroca.ad\/es\/#organization","name":"Maison Roca","url":"https:\/\/maisonroca.ad\/es\/","logo":{"@type":"ImageObject","inLanguage":"es","@id":"https:\/\/maisonroca.ad\/es\/#\/schema\/logo\/image\/","url":"https:\/\/maisonroca.ad\/wp-content\/uploads\/2023\/10\/icono.png","contentUrl":"https:\/\/maisonroca.ad\/wp-content\/uploads\/2023\/10\/icono.png","width":512,"height":512,"caption":"Maison Roca"},"image":{"@id":"https:\/\/maisonroca.ad\/es\/#\/schema\/logo\/image\/"},"sameAs":["https:\/\/www.facebook.com\/maisonroca","https:\/\/www.instagram.com\/maisonroca\/"]}]},"product_price_amount":"3690.00","product_price_currency":"EUR","og_availability":"instock","product_availability":"instock","product_retailer_item_id":"POC5020 O7000 000TL","product_condition":"new"},"_links":{"self":[{"href":"https:\/\/maisonroca.ad\/es\/wp-json\/wp\/v2\/product\/82513","targetHints":{"allow":["GET"]}}],"collection":[{"href":"https:\/\/maisonroca.ad\/es\/wp-json\/wp\/v2\/product"}],"about":[{"href":"https:\/\/maisonroca.ad\/es\/wp-json\/wp\/v2\/types\/product"}],"replies":[{"embeddable":true,"href":"https:\/\/maisonroca.ad\/es\/wp-json\/wp\/v2\/comments?post=82513"}],"version-history":[{"count":2,"href":"https:\/\/maisonroca.ad\/es\/wp-json\/wp\/v2\/product\/82513\/revisions"}],"predecessor-version":[{"id":82516,"href":"https:\/\/maisonroca.ad\/es\/wp-json\/wp\/v2\/product\/82513\/revisions\/82516"}],"wp:featuredmedia":[{"embeddable":true,"href":"https:\/\/maisonroca.ad\/es\/wp-json\/wp\/v2\/media\/82505"}],"wp:attachment":[{"href":"https:\/\/maisonroca.ad\/es\/wp-json\/wp\/v2\/media?parent=82513"}],"wp:term":[{"taxonomy":"product_brand","embeddable":true,"href":"https:\/\/maisonroca.ad\/es\/wp-json\/wp\/v2\/product_brand?post=82513"},{"taxonomy":"product_cat","embeddable":true,"href":"https:\/\/maisonroca.ad\/es\/wp-json\/wp\/v2\/product_cat?post=82513"},{"taxonomy":"product_tag","embeddable":true,"href":"https:\/\/maisonroca.ad\/es\/wp-json\/wp\/v2\/product_tag?post=82513"}],"curies":[{"name":"wp","href":"https:\/\/api.w.org\/{rel}","templated":true}]}}