{"id":10310,"date":"2024-07-02T18:59:53","date_gmt":"2024-07-02T16:59:53","guid":{"rendered":"https:\/\/maisonroca.ad\/avertissement-juridique\/"},"modified":"2025-02-07T15:23:59","modified_gmt":"2025-02-07T14:23:59","slug":"avertissement-juridique","status":"publish","type":"page","link":"https:\/\/maisonroca.ad\/fr\/avertissement-juridique\/","title":{"rendered":"Avertissement juridique"},"content":{"rendered":"<h1>Avertissement juridique<\/h1>\n<h3>Protection des donn\u00e9es personnelles<\/h3>\n<p>Aucune donn\u00e9e personnelle n&rsquo;est collect\u00e9e sur ce site sans le consentement du client. Les donn\u00e9es personnelles fournies par le client ne sont ni transf\u00e9r\u00e9es ni vendues \u00e0 des tiers. Les donn\u00e9es demand\u00e9es sont strictement n\u00e9cessaires et indispensables pour pouvoir apporter une r\u00e9ponse ou un service au client.<\/p>\n<h3>Droits de l&rsquo;utilisateur<\/h3>\n<p>Les donn\u00e9es personnelles collect\u00e9es sur ce site seront trait\u00e9es uniquement et exclusivement dans le but d\u00e9crit dans la Protection des donn\u00e9es personnelles et ne seront utilis\u00e9es \u00e0 aucune autre fin. A tout moment, les utilisateurs peuvent exercer leurs droits d&rsquo;acc\u00e8s, d&rsquo;opposition, de rectification et de suppression de leurs donn\u00e9es personnelles. Ces droits peuvent \u00eatre exerc\u00e9s par l&rsquo;utilisateur aupr\u00e8s du responsable du traitement des donn\u00e9es, au moyen d&rsquo;une demande par lettre ou par courrier \u00e9lectronique \u00e0 l&rsquo;adresse enregistr\u00e9e de la soci\u00e9t\u00e9 :<\/p>\n<p><strong>GRG<\/strong><br \/> <strong>C\/ Fiter i Rossell, 15<\/strong><br \/> AD500 Andorre-la-Vieille \u00b7 Andorre<br \/>T\u00e9l. +(376) 806 464<\/p>\n<p>Courriel : dpd@grg-grup.com<\/p>\n<p>Le groupe GRG se r\u00e9serve le droit de modifier \u00e0 tout moment les donn\u00e9es de la page web en les mettant \u00e0 jour. Le groupe GRG ne peut \u00eatre tenu responsable de tout dommage, direct ou indirect, r\u00e9sultant du contenu des informations pr\u00e9sentes sur le site. L&rsquo;utilisateur s&rsquo;engage \u00e0 ne pas utiliser d&rsquo;informations sur cette page Web qui pourraient entra\u00eener une responsabilit\u00e9 civile ou p\u00e9nale, et s&rsquo;engage \u00e9galement \u00e0 ne pas diffuser d&rsquo;informations ill\u00e9gales, contraires \u00e0 l&rsquo;ordre public ou diffamatoires \u00e0 travers la page Web.<\/p>\n<h3>Loi applicable et juridiction<\/h3>\n<p>Les Conditions G\u00e9n\u00e9rales seront r\u00e9gies par la l\u00e9gislation andorrane.<br \/>Les utilisateurs de ce site Web se soumettent \u00e0 la juridiction andorrane, renon\u00e7ant express\u00e9ment \u00e0 toute autre juridiction qui, conform\u00e9ment \u00e0 la loi, pourrait leur \u00eatre applicable.<\/p>\n<p>L&rsquo;utilisateur s&rsquo;engage \u00e0 faire un usage correct du Portail et de son contenu conform\u00e9ment \u00e0 la Loi et au pr\u00e9sent Avis L\u00e9gal. L&rsquo;utilisateur sera responsable envers le groupe GRG de tout dommage et perte qui pourrait r\u00e9sulter du manquement \u00e0 cette obligation.<\/p>\n<p>Il est express\u00e9ment interdit d&rsquo;utiliser le Portail \u00e0 des fins pr\u00e9judiciables aux biens ou aux int\u00e9r\u00eats du groupe GRG ou qui, de toute autre mani\u00e8re, surchargent, endommagent ou d\u00e9sactivent les r\u00e9seaux, serveurs et autres \u00e9quipements ou produits informatiques et applications informatiques du groupe GRG.<\/p>\n<p>A titre d&rsquo;exemple et nullement limitatif, l&rsquo;utilisateur, conform\u00e9ment \u00e0 la l\u00e9gislation en vigueur, doit s&rsquo;abstenir de reproduire, copier, distribuer, mettre \u00e0 disposition, communiquer publiquement, transformer ou modifier les contenus sauf dans les cas autoris\u00e9s par la loi ou express\u00e9ment consentis. par le groupe GRG.<\/p>\n<p>Tous les contenus t\u00e9l\u00e9chargeables sur le Portail du groupe GRG sont destin\u00e9s \u00e0 un usage personnel et ne peuvent \u00eatre utilis\u00e9s \u00e0 d&rsquo;autres fins, quelles qu&rsquo;elles soient, ni c\u00e9d\u00e9s \u00e0 des tiers.<\/p>\n<p>Courriel : dpd@grg-grup.com<\/p>\n<h3>Prix et Conditions<\/h3>\n<p><strong>Prix \u00c9tablis:<\/strong> Les prix des produits annonc\u00e9s sur le site web ne seront pas consid\u00e9r\u00e9s comme d\u00e9finitifs tant que la transaction n&rsquo;aura pas \u00e9t\u00e9 compl\u00e9t\u00e9e au point de vente correspondant. Les prix affich\u00e9s sur le site web sont informatifs et peuvent varier selon les conditions du march\u00e9 \u00e0 chaque point de vente.<\/p>\n<p><strong>Modifications des Prix:<\/strong> Les prix des produits peuvent \u00eatre modifi\u00e9s en raison de d\u00e9cisions du fabricant, de fluctuations dans la valeur des composants ou d&rsquo;autres facteurs \u00e9conomiques. Ces changements peuvent survenir sans pr\u00e9avis. Par cons\u00e9quent, le prix final au point de vente pourrait varier par rapport \u00e0 celui affich\u00e9 sur le site web.<\/p>\n<p><strong>Erreurs de Prix:<\/strong> L&rsquo;entreprise n&rsquo;assume aucune responsabilit\u00e9 pour les prix qui sont clairement le r\u00e9sultat d&rsquo;une erreur typographique ou de calcul. Si un prix appara\u00eet substantiellement inf\u00e9rieur \u00e0 ce qu&rsquo;il devrait \u00eatre, nous nous r\u00e9servons le droit de corriger l&rsquo;erreur dans les informations de prix.<\/p>\n<p><strong>Informations sur les Offres Sp\u00e9ciales:<\/strong> Les offres sp\u00e9ciales et les r\u00e9ductions indiqu\u00e9es peuvent \u00eatre soumises \u00e0 des conditions ou des termes sp\u00e9cifiques et sont donn\u00e9es \u00e0 titre indicatif. Ces offres sont valables jusqu&rsquo;\u00e0 \u00e9puisement des stocks et peuvent varier en fonction de la disponibilit\u00e9 du produit et des conditions dans chaque point de vente. L&rsquo;entreprise se r\u00e9serve le droit de modifier ou d&rsquo;annuler ces offres \u00e0 tout moment et sans pr\u00e9avis.<\/p>\n<p><strong>Taxes et Frais Additionnels:<\/strong> Tous les prix affich\u00e9s sur le site web incluent les taxes applicables, sauf indication contraire. omme nous n&rsquo;offrons pas de services de livraison, tout autre frais additionnel li\u00e9 au produit devra \u00eatre confirm\u00e9 directement au point de vente correspondant et peut varier selon les conditions sp\u00e9cifiques du magasin.<\/p>\n<p><strong>Disponibilit\u00e9 des stocks: <\/strong> Les informations sur la disponibilit\u00e9 des stocks sur le site web sont donn\u00e9es \u00e0 titre indicatif et peuvent ne pas refl\u00e9ter la disponibilit\u00e9 en temps r\u00e9el dans chaque point de vente. Il est recommand\u00e9 de confirmer la disponibilit\u00e9 du produit directement en magasin ou via le moyen de communication appropri\u00e9 avant de vous d\u00e9placer ou d&rsquo;effectuer un achat.<\/p>\n<h3>Politique de retours et d&rsquo;\u00e9changes<br \/>\n<\/h3>\n<p>Dans nos boutiques, nous nous effor\u00e7ons d&rsquo;offrir \u00e0 nos clients des produits de la plus haute qualit\u00e9 et un service excellent. Afin de garantir une exp\u00e9rience d&rsquo;achat satisfaisante, nous avons \u00e9tabli la politique de retours et d&rsquo;\u00e9changes suivante:<\/p>\n<p><strong>1. Retours et remboursements<\/strong><\/p>\n<p>Nous ne proc\u00e9dons \u00e0 aucun remboursement dans aucun cas.<\/p>\n<p><strong style=\"text-align: var(--text-align); background-color: var( --e-global-color-e9977c6 ); color: var( --e-global-color-text ); font-family: var( --e-global-typography-text-font-family ), Sans-serif; font-size: var( --e-global-typography-text-font-size );\">2. \u00c9changes de produits<\/strong><\/p>\n<p>Si un produit a \u00e9t\u00e9 achet\u00e9 en tant que cadeau et que le destinataire souhaite le retourner, nous offrons la possibilit\u00e9 de l\u2019\u00e9changer contre un autre produit de notre boutique.<\/p>\n<p>&#8211; Si le nouveau produit choisi a un prix sup\u00e9rieur, le client devra payer la diff\u00e9rence correspondante<\/p>\n<p>&#8211; Si le nouveau produit choisi a un prix inf\u00e9rieur, un bon d&rsquo;achat sera g\u00e9n\u00e9r\u00e9 pour la diff\u00e9rence, qui pourra \u00eatre utilis\u00e9 pour de futurs achats.<\/p>\n<p><strong style=\"text-align: var(--text-align); background-color: var( --e-global-color-e9977c6 ); color: var( --e-global-color-text ); font-family: var( --e-global-typography-text-font-family ), Sans-serif; font-size: var( --e-global-typography-text-font-size );\">3. Conditions pour les \u00e9changes<\/strong>\u00a0<\/p>\n<p>Afin de proc\u00e9der \u00e0 un \u00e9change, le produit doit respecter les conditions suivantes :<\/p>\n<p>&#8211; \u00catre en parfait \u00e9tat, sans signes d&rsquo;utilisation, dommages ou d\u00e9fauts.<\/p>\n<p>&#8211; Conserver l&#8217;emballage d&rsquo;origine, les \u00e9tiquettes et toute autre documentation incluse au moment de l&rsquo;achat.<\/p>\n<p>-Pr\u00e9senter le ticket ou le re\u00e7u d&rsquo;achat comme preuve d&rsquo;acquisition.<\/p>\n<p>Les \u00e9changes doivent \u00eatre demand\u00e9s dans un d\u00e9lai maximum de 15 jours calendaires \u00e0 partir de la date d&rsquo;achat.<\/p>\n<p><strong>4. Produits exclus des \u00e9changes<\/strong><\/p>\n<p>Les \u00e9changes ne seront pas accept\u00e9s pour les produits suivants :<\/p>\n<p>&#8211; Articles personnalis\u00e9s ou faits sur mesure.<\/p>\n<p>&#8211; Autres produits sp\u00e9cifi\u00e9s comme \u00ab\u00a0non retournables\u00a0\u00bb au moment de l&rsquo;achat.<\/p>\n<p><strong>5. Bon d&rsquo;achat<\/strong><\/p>\n<p>Le bon d&rsquo;achat \u00e9mis \u00e0 la suite d&rsquo;un \u00e9change est valable pendant 6 mois \u00e0 compter de la date d&rsquo;\u00e9mission.<br \/>Ce bon est uniquement valable dans nos boutiques et ne peut en aucun cas \u00eatre \u00e9chang\u00e9 contre de l&rsquo;argent.<\/p>\n<p>6. Autres consid\u00e9rations<\/p>\n<p>Nous nous r\u00e9servons le droit de refuser toute demande d&rsquo;\u00e9change si les conditions mentionn\u00e9es ci-dessus ne sont pas respect\u00e9es.<\/p>\n<p>Cette politique peut \u00eatre modifi\u00e9e sans pr\u00e9avis. Toute modification sera publi\u00e9e sur notre site web et s&rsquo;appliquera aux achats futurs.<\/p>\n<p>\u00a0<\/p>\n<p>Pour toute question ou clarification, notre \u00e9quipe se fera un plaisir de vous aider. Vous pouvez nous contacter via notre formulaire en ligne ou en visitant l&rsquo;une de nos boutiques.\u00a0<\/p>\n<p>&#8212;<\/p>\n<p>Merci de votre confiance!<\/p>\n<p>\u00a0<\/p>\n","protected":false},"excerpt":{"rendered":"<p>Avertissement juridique Protection des donn\u00e9es personnelles Aucune donn\u00e9e personnelle n&rsquo;est collect\u00e9e sur ce site sans le consentement du client. Les donn\u00e9es personnelles fournies par le client ne sont ni transf\u00e9r\u00e9es ni vendues \u00e0 des tiers. Les donn\u00e9es demand\u00e9es sont strictement n\u00e9cessaires et indispensables pour pouvoir apporter une r\u00e9ponse ou un service au client. Droits de [&hellip;]<\/p>\n","protected":false},"author":4,"featured_media":0,"parent":0,"menu_order":0,"comment_status":"closed","ping_status":"closed","template":"","meta":{"_acf_changed":false,"_monsterinsights_skip_tracking":false,"_monsterinsights_sitenote_active":false,"_monsterinsights_sitenote_note":"","_monsterinsights_sitenote_category":0,"footnotes":""},"class_list":["post-10310","page","type-page","status-publish","hentry"],"acf":[],"yoast_head":"<!-- This site is optimized with the Yoast SEO Premium plugin v26.8 (Yoast SEO v27.4) - https:\/\/yoast.com\/product\/yoast-seo-premium-wordpress\/ -->\n<title>Avertissement juridique - Maison Roca<\/title>\n<meta name=\"robots\" content=\"index, follow, max-snippet:-1, max-image-preview:large, max-video-preview:-1\" \/>\n<link rel=\"canonical\" href=\"https:\/\/maisonroca.ad\/fr\/avertissement-juridique\/\" \/>\n<meta property=\"og:locale\" content=\"fr_FR\" \/>\n<meta property=\"og:type\" content=\"article\" \/>\n<meta property=\"og:title\" content=\"Avertissement juridique\" \/>\n<meta property=\"og:description\" content=\"Avertissement juridique Protection des donn\u00e9es personnelles Aucune donn\u00e9e personnelle n&rsquo;est collect\u00e9e sur ce site sans le consentement du client. Les donn\u00e9es personnelles fournies par le client ne sont ni transf\u00e9r\u00e9es ni vendues \u00e0 des tiers. Les donn\u00e9es demand\u00e9es sont strictement n\u00e9cessaires et indispensables pour pouvoir apporter une r\u00e9ponse ou un service au client. Droits de [&hellip;]\" \/>\n<meta property=\"og:url\" content=\"https:\/\/maisonroca.ad\/fr\/avertissement-juridique\/\" \/>\n<meta property=\"og:site_name\" content=\"Maison Roca\" \/>\n<meta property=\"article:publisher\" content=\"https:\/\/www.facebook.com\/maisonroca\" \/>\n<meta property=\"article:modified_time\" content=\"2025-02-07T14:23:59+00:00\" \/>\n<meta name=\"twitter:card\" content=\"summary_large_image\" \/>\n<meta name=\"twitter:label1\" content=\"Dur\u00e9e de lecture estim\u00e9e\" \/>\n\t<meta name=\"twitter:data1\" content=\"6 minutes\" \/>\n<script type=\"application\/ld+json\" class=\"yoast-schema-graph\">{\"@context\":\"https:\\\/\\\/schema.org\",\"@graph\":[{\"@type\":\"WebPage\",\"@id\":\"https:\\\/\\\/maisonroca.ad\\\/fr\\\/avertissement-juridique\\\/\",\"url\":\"https:\\\/\\\/maisonroca.ad\\\/fr\\\/avertissement-juridique\\\/\",\"name\":\"Avertissement juridique - Maison Roca\",\"isPartOf\":{\"@id\":\"https:\\\/\\\/maisonroca.ad\\\/fr\\\/#website\"},\"datePublished\":\"2024-07-02T16:59:53+00:00\",\"dateModified\":\"2025-02-07T14:23:59+00:00\",\"breadcrumb\":{\"@id\":\"https:\\\/\\\/maisonroca.ad\\\/fr\\\/avertissement-juridique\\\/#breadcrumb\"},\"inLanguage\":\"fr-FR\",\"potentialAction\":[{\"@type\":\"ReadAction\",\"target\":[\"https:\\\/\\\/maisonroca.ad\\\/fr\\\/avertissement-juridique\\\/\"]}]},{\"@type\":\"BreadcrumbList\",\"@id\":\"https:\\\/\\\/maisonroca.ad\\\/fr\\\/avertissement-juridique\\\/#breadcrumb\",\"itemListElement\":[{\"@type\":\"ListItem\",\"position\":1,\"name\":\"Portada\",\"item\":\"https:\\\/\\\/maisonroca.ad\\\/fr\\\/\"},{\"@type\":\"ListItem\",\"position\":2,\"name\":\"Avertissement juridique\"}]},{\"@type\":\"WebSite\",\"@id\":\"https:\\\/\\\/maisonroca.ad\\\/fr\\\/#website\",\"url\":\"https:\\\/\\\/maisonroca.ad\\\/fr\\\/\",\"name\":\"Maison Roca\",\"description\":\"Bold Luxury Life - joieria d&#039;autor - Andorra\",\"publisher\":{\"@id\":\"https:\\\/\\\/maisonroca.ad\\\/fr\\\/#organization\"},\"potentialAction\":[{\"@type\":\"SearchAction\",\"target\":{\"@type\":\"EntryPoint\",\"urlTemplate\":\"https:\\\/\\\/maisonroca.ad\\\/fr\\\/?s={search_term_string}\"},\"query-input\":{\"@type\":\"PropertyValueSpecification\",\"valueRequired\":true,\"valueName\":\"search_term_string\"}}],\"inLanguage\":\"fr-FR\"},{\"@type\":\"Organization\",\"@id\":\"https:\\\/\\\/maisonroca.ad\\\/fr\\\/#organization\",\"name\":\"Maison Roca\",\"url\":\"https:\\\/\\\/maisonroca.ad\\\/fr\\\/\",\"logo\":{\"@type\":\"ImageObject\",\"inLanguage\":\"fr-FR\",\"@id\":\"https:\\\/\\\/maisonroca.ad\\\/fr\\\/#\\\/schema\\\/logo\\\/image\\\/\",\"url\":\"https:\\\/\\\/maisonroca.ad\\\/wp-content\\\/uploads\\\/2023\\\/10\\\/icono.png\",\"contentUrl\":\"https:\\\/\\\/maisonroca.ad\\\/wp-content\\\/uploads\\\/2023\\\/10\\\/icono.png\",\"width\":512,\"height\":512,\"caption\":\"Maison Roca\"},\"image\":{\"@id\":\"https:\\\/\\\/maisonroca.ad\\\/fr\\\/#\\\/schema\\\/logo\\\/image\\\/\"},\"sameAs\":[\"https:\\\/\\\/www.facebook.com\\\/maisonroca\",\"https:\\\/\\\/www.instagram.com\\\/maisonroca\\\/\"]}]}<\/script>\n<!-- \/ Yoast SEO Premium plugin. -->","yoast_head_json":{"title":"Avertissement juridique - Maison Roca","robots":{"index":"index","follow":"follow","max-snippet":"max-snippet:-1","max-image-preview":"max-image-preview:large","max-video-preview":"max-video-preview:-1"},"canonical":"https:\/\/maisonroca.ad\/fr\/avertissement-juridique\/","og_locale":"fr_FR","og_type":"article","og_title":"Avertissement juridique","og_description":"Avertissement juridique Protection des donn\u00e9es personnelles Aucune donn\u00e9e personnelle n&rsquo;est collect\u00e9e sur ce site sans le consentement du client. Les donn\u00e9es personnelles fournies par le client ne sont ni transf\u00e9r\u00e9es ni vendues \u00e0 des tiers. Les donn\u00e9es demand\u00e9es sont strictement n\u00e9cessaires et indispensables pour pouvoir apporter une r\u00e9ponse ou un service au client. Droits de [&hellip;]","og_url":"https:\/\/maisonroca.ad\/fr\/avertissement-juridique\/","og_site_name":"Maison Roca","article_publisher":"https:\/\/www.facebook.com\/maisonroca","article_modified_time":"2025-02-07T14:23:59+00:00","twitter_card":"summary_large_image","twitter_misc":{"Dur\u00e9e de lecture estim\u00e9e":"6 minutes"},"schema":{"@context":"https:\/\/schema.org","@graph":[{"@type":"WebPage","@id":"https:\/\/maisonroca.ad\/fr\/avertissement-juridique\/","url":"https:\/\/maisonroca.ad\/fr\/avertissement-juridique\/","name":"Avertissement juridique - Maison Roca","isPartOf":{"@id":"https:\/\/maisonroca.ad\/fr\/#website"},"datePublished":"2024-07-02T16:59:53+00:00","dateModified":"2025-02-07T14:23:59+00:00","breadcrumb":{"@id":"https:\/\/maisonroca.ad\/fr\/avertissement-juridique\/#breadcrumb"},"inLanguage":"fr-FR","potentialAction":[{"@type":"ReadAction","target":["https:\/\/maisonroca.ad\/fr\/avertissement-juridique\/"]}]},{"@type":"BreadcrumbList","@id":"https:\/\/maisonroca.ad\/fr\/avertissement-juridique\/#breadcrumb","itemListElement":[{"@type":"ListItem","position":1,"name":"Portada","item":"https:\/\/maisonroca.ad\/fr\/"},{"@type":"ListItem","position":2,"name":"Avertissement juridique"}]},{"@type":"WebSite","@id":"https:\/\/maisonroca.ad\/fr\/#website","url":"https:\/\/maisonroca.ad\/fr\/","name":"Maison Roca","description":"Bold Luxury Life - joieria d&#039;autor - Andorra","publisher":{"@id":"https:\/\/maisonroca.ad\/fr\/#organization"},"potentialAction":[{"@type":"SearchAction","target":{"@type":"EntryPoint","urlTemplate":"https:\/\/maisonroca.ad\/fr\/?s={search_term_string}"},"query-input":{"@type":"PropertyValueSpecification","valueRequired":true,"valueName":"search_term_string"}}],"inLanguage":"fr-FR"},{"@type":"Organization","@id":"https:\/\/maisonroca.ad\/fr\/#organization","name":"Maison Roca","url":"https:\/\/maisonroca.ad\/fr\/","logo":{"@type":"ImageObject","inLanguage":"fr-FR","@id":"https:\/\/maisonroca.ad\/fr\/#\/schema\/logo\/image\/","url":"https:\/\/maisonroca.ad\/wp-content\/uploads\/2023\/10\/icono.png","contentUrl":"https:\/\/maisonroca.ad\/wp-content\/uploads\/2023\/10\/icono.png","width":512,"height":512,"caption":"Maison Roca"},"image":{"@id":"https:\/\/maisonroca.ad\/fr\/#\/schema\/logo\/image\/"},"sameAs":["https:\/\/www.facebook.com\/maisonroca","https:\/\/www.instagram.com\/maisonroca\/"]}]}},"_links":{"self":[{"href":"https:\/\/maisonroca.ad\/fr\/wp-json\/wp\/v2\/pages\/10310","targetHints":{"allow":["GET"]}}],"collection":[{"href":"https:\/\/maisonroca.ad\/fr\/wp-json\/wp\/v2\/pages"}],"about":[{"href":"https:\/\/maisonroca.ad\/fr\/wp-json\/wp\/v2\/types\/page"}],"author":[{"embeddable":true,"href":"https:\/\/maisonroca.ad\/fr\/wp-json\/wp\/v2\/users\/4"}],"replies":[{"embeddable":true,"href":"https:\/\/maisonroca.ad\/fr\/wp-json\/wp\/v2\/comments?post=10310"}],"version-history":[{"count":3,"href":"https:\/\/maisonroca.ad\/fr\/wp-json\/wp\/v2\/pages\/10310\/revisions"}],"predecessor-version":[{"id":70145,"href":"https:\/\/maisonroca.ad\/fr\/wp-json\/wp\/v2\/pages\/10310\/revisions\/70145"}],"wp:attachment":[{"href":"https:\/\/maisonroca.ad\/fr\/wp-json\/wp\/v2\/media?parent=10310"}],"curies":[{"name":"wp","href":"https:\/\/api.w.org\/{rel}","templated":true}]}}